{"id":69,"date":"2020-11-30T12:54:37","date_gmt":"2020-11-30T09:54:37","guid":{"rendered":"https:\/\/www.myvize.com.tr\/letonya\/?page_id=69"},"modified":"2022-04-21T13:07:19","modified_gmt":"2022-04-21T10:07:19","slug":"konsolosluklar","status":"publish","type":"page","link":"https:\/\/www.myvize.com.tr\/letonya\/konsolosluklar\/","title":{"rendered":"KONSOLOSLUKLAR"},"content":{"rendered":"<p><span style=\"font-family: Roboto;\"><\/span><\/p>\r\n<h2><span style=\"font-family: Roboto; font-size: 27px;\"><strong>Letonya<\/strong> <strong>Konsoloslu\u011fu<\/strong><\/span><\/h2>\r\n<p><span style=\"font-family: Roboto; font-size: 14px;\">\r\n\r\n<\/span><\/p>\r\n<p><span style=\"font-family: Roboto; font-size: 14px;\">\u00a0Yabanc\u0131 \u00fclkelerde a\u00e7\u0131lan ve kendi \u00e7\u0131karlar\u0131n\u0131 g\u00f6zetip vatanda\u015flar\u0131na haklar\u0131n\u0131 sa\u011flamak ile g\u00f6revli olan kuruma konsolosluk denir. Buradaki g\u00f6revleri yerine getiren ki\u015filer de konsolos olarak adland\u0131r\u0131l\u0131r. Diplomatik yetkileri bulunmayan konsolosluklar, ba\u015fka bir \u00fclkenin toprak s\u0131n\u0131rlar\u0131 i\u00e7inde g\u00fcvence alt\u0131na al\u0131narak belli ayr\u0131cal\u0131k ve dokunulmazl\u0131k hakk\u0131na sahip olurlar.<\/span><\/p>\r\n<p><span style=\"font-family: Roboto; font-size: 14px;\">\r\n\r\n<\/span><\/p>\r\n<h2><span style=\"font-family: Roboto; font-size: 27px;\">\u00a0<strong>Letonya<\/strong> <strong>Konsoloslu\u011fu&#8217;nun<\/strong> <strong>G\u00f6revleri<\/strong><\/span><\/h2>\r\n<p><span style=\"font-family: Roboto; font-size: 14px;\">\r\n\r\n<\/span><\/p>\r\n<p><span style=\"font-family: Roboto; font-size: 14px;\">\u00a0Letonya Cumhuriyeti, Schengen \u00fclkeleri aras\u0131nda yer alan bir devlettir. Bu nedenle Letonya&#8217;ya seyahat etmeyi planlayan vatanda\u015flar\u0131n Schengen vizesine sahip olmalar\u0131 gerekmektedir. Vize ba\u015fvurular\u0131 i\u00e7in<strong> Letonya Fahri Konsoloslu\u011fu<\/strong> ya da Letonya Ankara B\u00fcy\u00fckel\u00e7ili\u011fi&#8217;ne m\u00fcracaat edilmektedir. B\u00fcy\u00fckel\u00e7ilik taraf\u0131ndan g\u00f6revlendirilen turizm\/seyahat acenteleri ile vize dan\u0131\u015fma merkezlerine de ba\u015fvuru yap\u0131labilmektedir. Hususi, hizmet ve diplomatik pasaport sahibi olan vatanda\u015flar 90 g\u00fcnden az s\u00fcreli seyahatlerinde vize i\u015flemlerinden muaf tutulmaktad\u0131r. Umuma mahsus pasaport (bordo) sahipleri ise vize almak durumundad\u0131rlar. Vize ba\u015fvurular\u0131n\u0131 de\u011ferlendirmeye alan ve karara ba\u011flayan yetki ise Letonya Ankara B\u00fcy\u00fckel\u00e7ili\u011fi&#8217;ne aittir.<\/span><\/p>\r\n<p><span style=\"font-family: Roboto; font-size: 14px;\">\r\n\r\n<\/span><\/p>\r\n<p><span style=\"font-family: Roboto; font-size: 14px;\">\u00a0T\u00fcm <span style=\"color: #2acec2;\"><strong><a style=\"color: #2acec2;\" href=\"https:\/\/www.myvize.com.tr\/letonya\/vize-islemleri\/\" target=\"_blank\" rel=\"noopener\">vize i\u015flemleri<\/a><\/strong><\/span>, evlilik belgesi, do\u011fum belgesi ve \u00f6l\u00fcm belgesi \u00e7\u0131kar\u0131lmas\u0131, noterlik i\u015flemler, pasaport i\u015flemleri, ikamet ve \u00e7al\u0131\u015fma izinleri, e\u011fitim, sgk, askerlik ile ilgili i\u015flemler Letonya Konsoloslu\u011fu&#8217;nun g\u00f6revleri aras\u0131nda bulunmaktad\u0131r. \u00dclkeler aras\u0131nda kar\u015f\u0131l\u0131kl\u0131 menfaatlerin korunup geli\u015ftirilmesi de Letonya B\u00fcy\u00fckel\u00e7ili\u011fi&#8217;nin hizmetleri aras\u0131ndad\u0131r.<\/span><\/p>\r\n<p><span style=\"font-family: Roboto; font-size: 14px;\">\r\n\r\n<\/span><\/p>\r\n<h2><span style=\"font-family: Roboto; font-size: 27px;\">\u00a0<strong>Letonya<\/strong> <strong>Konsoloslu\u011fu<\/strong> <strong>Hizmet<\/strong> <strong>B\u00f6lgeleri<\/strong><\/span><\/h2>\r\n<p><span style=\"font-family: Roboto; font-size: 14px;\">\r\n\r\n<\/span><\/p>\r\n<p><span style=\"font-family: Roboto; font-size: 14px;\">\u00a0Letonya Cumhuriyeti&#8217;nin <strong><a href=\"https:\/\/www.myvize.com.tr\/letonya\/subelerimiz\/istanbul\/\" target=\"_blank\" rel=\"noopener\"><span style=\"color: #2acec2;\">\u0130stanbul<\/span><\/a><\/strong> ve Antalya b\u00f6lgelerinde Fahri Konsolosluklar\u0131 mevcuttur. Bu \u015fehirler ve \u00e7evresinde ikamet eden vatanda\u015flar, konsolosluk i\u015flemleri i\u00e7in bu kurumlara ba\u015fvurabilirler.<\/span><\/p>\r\n<h2><span style=\"font-family: Roboto; font-size: 27px;\"><strong>\u00a0Letonya Konsoloslu\u011fu T\u00fcrkiye<\/strong><\/span><\/h2>\r\n<p><span style=\"font-family: Roboto; font-size: 14px;\">Letonya ile ili\u015fkilerimiz, iki \u00fclkenin siyasi \u00e7er\u00e7evesinde seyrini s\u00fcrd\u00fcrmektedir.<\/span><br \/><span style=\"font-family: Roboto; font-size: 14px;\">Letonya\u2019yla kar\u015f\u0131l\u0131kl\u0131 yerle\u015fik diplomatik temsilciliklerimiz mevcut de\u011fildir. T\u00fcrkiye&#8217;de birden fazla konsoloslu\u011fu ve binlerce vatanda\u015f\u0131 bulunmaktad\u0131r.<\/span><br \/><span style=\"font-family: Roboto; font-size: 14px;\">\u00dclkemiz ile Letonya aras\u0131nda siyasi temastan daha ziyade \u00e7ok tarafl\u0131 toplant\u0131 marj\u0131nda ger\u00e7ekle\u015fmektedir.<\/span><br \/><span style=\"font-family: Roboto; font-size: 14px;\">Letonya ile ekonomik ve ticari ili\u015fkilerimiz, do\u011frudan ula\u015f\u0131m imk\u00e2n\u0131 bulunmas\u0131, k\u00fc\u00e7\u00fck bir pazar olmas\u0131 gibi sebeplerle s\u0131n\u0131rl\u0131 d\u00fczeydedir.<\/span><br \/><span style=\"font-family: Roboto; font-size: 14px;\">Letonya\u2019da y\u00fczlerce T\u00fcrk vatanda\u015f\u0131 ya\u015famaktad\u0131r.<\/span><br \/><span style=\"font-family: Roboto; font-size: 14px;\">Letonya\u2019n\u0131n <a href=\"https:\/\/www.myvize.com.tr\/letonya\/subelerimiz\/ankara\/\" target=\"_blank\" rel=\"noopener\"><span style=\"color: #2acec2;\"><strong>Ankara<\/strong><\/span><\/a>, \u0130stanbul, \u0130zmir gibi \u015fehirlerde Fahri konsolosluklar ve ba\u015fkonsolosluklar bulunmaktad\u0131r. Letonya&#8217;n\u0131n belli b\u00f6lgesinde ise \u00fclkemizin Fahri Ba\u015fkonsoloslu\u011fu bulunmaktad\u0131r.<\/span><br \/><span style=\"font-family: Roboto; font-size: 14px;\">Letonya Cumhuriyet Devleti\u2019ne seyahat etmek isteyen ki\u015filer Umuma mahsus bordo pasaport sahibi T\u00fcrkiye Cumhuriyeti vatanda\u015f\u0131, pasaportunda ge\u00e7erli <strong>Schengen vizesi<\/strong> bulunmad\u0131\u011f\u0131 durumda bu \u00fclkeye giri\u015f yap\u0131labilmesi i\u00e7in <strong>vize ba\u015fvurusu<\/strong> yapmak zorundad\u0131rlar. Letonya Schengen B\u00f6lgesi \u00fcye \u00fclkeler aras\u0131nda yer ald\u0131\u011f\u0131 bu \u00fclkeye seyahat etme isteyen Umuma mahsus bordo pasaport sahibi T\u00fcrkiye Cumhuriyet vatanda\u015f\u0131 Letonya&#8217;ya yapaca\u011f\u0131 en fazla 3 ayl\u0131k yani k\u0131sa s\u00fcreli seyahat i\u00e7in <strong>Schengen vizesi<\/strong> ba\u015fvurusu yapmal\u0131d\u0131r. Gerekli i\u015flemleri ve evraklar\u0131 en yak\u0131n konsolosluktan \u00f6\u011frenebilirsiniz.<\/span><\/p>\r\n<p><span style=\"font-family: Roboto;\"><\/span><\/p>","protected":false},"excerpt":{"rendered":"<p>Letonya Konsoloslu\u011fu \u00a0Yabanc\u0131 \u00fclkelerde a\u00e7\u0131lan ve kendi \u00e7\u0131karlar\u0131n\u0131 g\u00f6zetip vatanda\u015flar\u0131na haklar\u0131n\u0131 sa\u011flamak ile g\u00f6revli olan kuruma konsolosluk denir. Buradaki g\u00f6revleri yerine getiren ki\u015filer de konsolos olarak adland\u0131r\u0131l\u0131r. Diplomatik yetkileri bulunmayan konsolosluklar, ba\u015fka bir \u00fclkenin toprak s\u0131n\u0131rlar\u0131 i\u00e7inde g\u00fcvence alt\u0131na al\u0131narak belli ayr\u0131cal\u0131k ve dokunulmazl\u0131k hakk\u0131na sahip olurlar. \u00a0Letonya Konsoloslu\u011fu&#8217;nun G\u00f6revleri \u00a0Letonya Cumhuriyeti, Schengen \u00fclkeleri aras\u0131nda<\/p>\n","protected":false},"author":1,"featured_media":0,"parent":0,"menu_order":0,"comment_status":"closed","ping_status":"closed","template":"","meta":{"footnotes":""},"class_list":["post-69","page","type-page","status-publish","hentry"],"yoast_head":"<!-- This site is optimized with the Yoast SEO plugin v24.0 - https:\/\/yoast.com\/wordpress\/plugins\/seo\/ -->\n<title>Letonya Konsolosluk \u0130leti\u015fim Bilgileri - MyVize<\/title>\n<meta name=\"description\" content=\"Letonya Konsolosluk \u0130\u015flemleri Nas\u0131l Yap\u0131l\u0131r? Letonya Konsolosluk \u0130leti\u015fim Bilgileri Neler? Bilgi \u0130\u00e7in Hemen Aray\u0131n: 0850 346 84 93\" \/>\n<meta name=\"robots\" content=\"index, follow, max-snippet:-1, max-image-preview:large, max-video-preview:-1\" \/>\n<link rel=\"canonical\" href=\"https:\/\/www.myvize.com.tr\/letonya\/konsolosluklar\/\" \/>\n<meta property=\"og:locale\" content=\"tr_TR\" \/>\n<meta property=\"og:type\" content=\"article\" \/>\n<meta property=\"og:title\" content=\"Letonya Konsolosluk \u0130leti\u015fim Bilgileri - MyVize\" \/>\n<meta property=\"og:description\" content=\"Letonya Konsolosluk \u0130\u015flemleri Nas\u0131l Yap\u0131l\u0131r? Letonya Konsolosluk \u0130leti\u015fim Bilgileri Neler? Bilgi \u0130\u00e7in Hemen Aray\u0131n: 0850 346 84 93\" \/>\n<meta property=\"og:url\" content=\"https:\/\/www.myvize.com.tr\/letonya\/konsolosluklar\/\" \/>\n<meta property=\"og:site_name\" content=\"Letonya Vizesi\" \/>\n<meta property=\"article:modified_time\" content=\"2022-04-21T10:07:19+00:00\" \/>\n<meta name=\"twitter:card\" content=\"summary_large_image\" \/>\n<meta name=\"twitter:label1\" content=\"Tahmini okuma s\u00fcresi\" \/>\n\t<meta name=\"twitter:data1\" content=\"2 dakika\" \/>\n<script type=\"application\/ld+json\" class=\"yoast-schema-graph\">{\"@context\":\"https:\/\/schema.org\",\"@graph\":[{\"@type\":\"WebPage\",\"@id\":\"https:\/\/www.myvize.com.tr\/letonya\/konsolosluklar\/\",\"url\":\"https:\/\/www.myvize.com.tr\/letonya\/konsolosluklar\/\",\"name\":\"Letonya Konsolosluk \u0130leti\u015fim Bilgileri - MyVize\",\"isPartOf\":{\"@id\":\"https:\/\/www.myvize.com.tr\/letonya\/#website\"},\"datePublished\":\"2020-11-30T09:54:37+00:00\",\"dateModified\":\"2022-04-21T10:07:19+00:00\",\"description\":\"Letonya Konsolosluk \u0130\u015flemleri Nas\u0131l Yap\u0131l\u0131r? Letonya Konsolosluk \u0130leti\u015fim Bilgileri Neler? Bilgi \u0130\u00e7in Hemen Aray\u0131n: 0850 346 84 93\",\"breadcrumb\":{\"@id\":\"https:\/\/www.myvize.com.tr\/letonya\/konsolosluklar\/#breadcrumb\"},\"inLanguage\":\"tr\",\"potentialAction\":[{\"@type\":\"ReadAction\",\"target\":[\"https:\/\/www.myvize.com.tr\/letonya\/konsolosluklar\/\"]}]},{\"@type\":\"BreadcrumbList\",\"@id\":\"https:\/\/www.myvize.com.tr\/letonya\/konsolosluklar\/#breadcrumb\",\"itemListElement\":[{\"@type\":\"ListItem\",\"position\":1,\"name\":\"Anasayfa\",\"item\":\"https:\/\/www.myvize.com.tr\/letonya\/\"},{\"@type\":\"ListItem\",\"position\":2,\"name\":\"KONSOLOSLUKLAR\"}]},{\"@type\":\"WebSite\",\"@id\":\"https:\/\/www.myvize.com.tr\/letonya\/#website\",\"url\":\"https:\/\/www.myvize.com.tr\/letonya\/\",\"name\":\"Letonya Vizesi\",\"description\":\"\",\"potentialAction\":[{\"@type\":\"SearchAction\",\"target\":{\"@type\":\"EntryPoint\",\"urlTemplate\":\"https:\/\/www.myvize.com.tr\/letonya\/?s={search_term_string}\"},\"query-input\":{\"@type\":\"PropertyValueSpecification\",\"valueRequired\":true,\"valueName\":\"search_term_string\"}}],\"inLanguage\":\"tr\"}]}<\/script>\n<!-- \/ Yoast SEO plugin. -->","yoast_head_json":{"title":"Letonya Konsolosluk \u0130leti\u015fim Bilgileri - MyVize","description":"Letonya Konsolosluk \u0130\u015flemleri Nas\u0131l Yap\u0131l\u0131r? Letonya Konsolosluk \u0130leti\u015fim Bilgileri Neler? Bilgi \u0130\u00e7in Hemen Aray\u0131n: 0850 346 84 93","robots":{"index":"index","follow":"follow","max-snippet":"max-snippet:-1","max-image-preview":"max-image-preview:large","max-video-preview":"max-video-preview:-1"},"canonical":"https:\/\/www.myvize.com.tr\/letonya\/konsolosluklar\/","og_locale":"tr_TR","og_type":"article","og_title":"Letonya Konsolosluk \u0130leti\u015fim Bilgileri - MyVize","og_description":"Letonya Konsolosluk \u0130\u015flemleri Nas\u0131l Yap\u0131l\u0131r? Letonya Konsolosluk \u0130leti\u015fim Bilgileri Neler? Bilgi \u0130\u00e7in Hemen Aray\u0131n: 0850 346 84 93","og_url":"https:\/\/www.myvize.com.tr\/letonya\/konsolosluklar\/","og_site_name":"Letonya Vizesi","article_modified_time":"2022-04-21T10:07:19+00:00","twitter_card":"summary_large_image","twitter_misc":{"Tahmini okuma s\u00fcresi":"2 dakika"},"schema":{"@context":"https:\/\/schema.org","@graph":[{"@type":"WebPage","@id":"https:\/\/www.myvize.com.tr\/letonya\/konsolosluklar\/","url":"https:\/\/www.myvize.com.tr\/letonya\/konsolosluklar\/","name":"Letonya Konsolosluk \u0130leti\u015fim Bilgileri - MyVize","isPartOf":{"@id":"https:\/\/www.myvize.com.tr\/letonya\/#website"},"datePublished":"2020-11-30T09:54:37+00:00","dateModified":"2022-04-21T10:07:19+00:00","description":"Letonya Konsolosluk \u0130\u015flemleri Nas\u0131l Yap\u0131l\u0131r? Letonya Konsolosluk \u0130leti\u015fim Bilgileri Neler? Bilgi \u0130\u00e7in Hemen Aray\u0131n: 0850 346 84 93","breadcrumb":{"@id":"https:\/\/www.myvize.com.tr\/letonya\/konsolosluklar\/#breadcrumb"},"inLanguage":"tr","potentialAction":[{"@type":"ReadAction","target":["https:\/\/www.myvize.com.tr\/letonya\/konsolosluklar\/"]}]},{"@type":"BreadcrumbList","@id":"https:\/\/www.myvize.com.tr\/letonya\/konsolosluklar\/#breadcrumb","itemListElement":[{"@type":"ListItem","position":1,"name":"Anasayfa","item":"https:\/\/www.myvize.com.tr\/letonya\/"},{"@type":"ListItem","position":2,"name":"KONSOLOSLUKLAR"}]},{"@type":"WebSite","@id":"https:\/\/www.myvize.com.tr\/letonya\/#website","url":"https:\/\/www.myvize.com.tr\/letonya\/","name":"Letonya Vizesi","description":"","potentialAction":[{"@type":"SearchAction","target":{"@type":"EntryPoint","urlTemplate":"https:\/\/www.myvize.com.tr\/letonya\/?s={search_term_string}"},"query-input":{"@type":"PropertyValueSpecification","valueRequired":true,"valueName":"search_term_string"}}],"inLanguage":"tr"}]}},"_links":{"self":[{"href":"https:\/\/www.myvize.com.tr\/letonya\/wp-json\/wp\/v2\/pages\/69","targetHints":{"allow":["GET"]}}],"collection":[{"href":"https:\/\/www.myvize.com.tr\/letonya\/wp-json\/wp\/v2\/pages"}],"about":[{"href":"https:\/\/www.myvize.com.tr\/letonya\/wp-json\/wp\/v2\/types\/page"}],"author":[{"embeddable":true,"href":"https:\/\/www.myvize.com.tr\/letonya\/wp-json\/wp\/v2\/users\/1"}],"replies":[{"embeddable":true,"href":"https:\/\/www.myvize.com.tr\/letonya\/wp-json\/wp\/v2\/comments?post=69"}],"version-history":[{"count":5,"href":"https:\/\/www.myvize.com.tr\/letonya\/wp-json\/wp\/v2\/pages\/69\/revisions"}],"predecessor-version":[{"id":775,"href":"https:\/\/www.myvize.com.tr\/letonya\/wp-json\/wp\/v2\/pages\/69\/revisions\/775"}],"wp:attachment":[{"href":"https:\/\/www.myvize.com.tr\/letonya\/wp-json\/wp\/v2\/media?parent=69"}],"curies":[{"name":"wp","href":"https:\/\/api.w.org\/{rel}","templated":true}]}}