{"id":74,"date":"2020-11-30T13:02:26","date_gmt":"2020-11-30T10:02:26","guid":{"rendered":"https:\/\/www.myvize.com.tr\/letonya\/?page_id=74"},"modified":"2022-09-05T13:04:41","modified_gmt":"2022-09-05T10:04:41","slug":"antalya-konsoloslugu","status":"publish","type":"page","link":"https:\/\/www.myvize.com.tr\/letonya\/konsolosluklar\/antalya-konsoloslugu\/","title":{"rendered":"Letonya Antalya Konsoloslu\u011fu"},"content":{"rendered":"<h2><span style=\"font-family: Roboto; font-size: 27px;\"><strong>Letonya Antalya Konsoloslu\u011fu Hakk\u0131nda<\/strong><\/span><\/h2>\n<p><span style=\"font-family: Roboto; font-size: 14px;\">Tam te\u015fekk\u00fcll\u00fc Konsoloslu\u011fun a\u00e7\u0131lmad\u0131\u011f\u0131 b\u00f6lgelerde ki\u015filere hizmet verebilme i\u00e7in, B\u00fcy\u00fckel\u00e7ilik teklifi ve taraf \u00fclkeler h\u00fck\u00fbmeti yetkililerin onay\u0131 ile k\u00fc\u00e7\u00fck konsolosluklar ihdas edilebilmektedir. Bu nedenle kurulan <strong>Letonya Antalya Konsoloslu\u011fu<\/strong>, Antalya ve \u00e7evre illerde ikamet eden Letonya ve T\u00fcrk vatanda\u015f\u0131na,<span style=\"color: #2acec2;\"><strong><a style=\"color: #2acec2;\" href=\"https:\/\/www.myvize.com.tr\/letonya\/konsolosluklar\/ankara-buyukelciligi\/\" target=\"_blank\" rel=\"noopener\"> Letonya Ankara B\u00fcy\u00fckel\u00e7ili\u011fi<\/a><\/strong><\/span> taraf\u0131ndan kendisine verilmi\u015f yetki \u00e7er\u00e7evesinde konsolosluk hizmetini vermektedir.<\/span><br \/>\n<span style=\"font-family: Roboto; font-size: 14px;\">Letonya Antalya \u0130stanbul Fahri Konsoloslu\u011fu diplomat yetkilere sahip olmamas\u0131na ra\u011fmen Letonya ticaret ve i\u015f amac\u0131yla seyahat ger\u00e7ekle\u015ftirecek ki\u015filere, <span style=\"color: #2acec2;\"><strong><a style=\"color: #2acec2;\" href=\"https:\/\/www.myvize.com.tr\/letonya\/vize-islemleri\/letonya-vizesi\/\" target=\"_blank\" rel=\"noopener\">Letonya vizesi <\/a><\/strong><\/span>i\u015flemi prosed\u00fcrleri hakk\u0131nda destek vermektedir.<\/span><br \/>\n<span style=\"font-family: Roboto; font-size: 14px;\">Antalya ve \u00e7evresinde ya\u015fayan T\u00fcrkiye Cumhuriyet vatanda\u015flar\u0131, konsolosluk i\u015flemlerini Letonya Antalya Konsoloslu\u011fu\u2019nda yapabilir.<\/span><br \/>\n<span style=\"font-family: Roboto; font-size: 14px;\">Letonya vatanda\u015f\u0131n\u0131n yeni kimlik \u00e7\u0131karmak, pasaport yenilemek, evlilik, \u00f6l\u00fcm ve do\u011fum sonras\u0131nda yap\u0131lmas\u0131 gereken resm\u00ee i\u015flemlerde yard\u0131mc\u0131 olmaktad\u0131r. <strong>Antalya Letonya Konsoloslu\u011fu<\/strong> T\u00fcrkiye ve Letonya aras\u0131nda turizm, ticari ve yat\u0131r\u0131m alan\u0131nda yeni i\u015f birlikleri kurulmas\u0131na y\u00f6nelik \u00e7al\u0131\u015fma yapmaktad\u0131r.<\/span><br \/>\n<span style=\"font-family: Roboto; font-size: 14px;\"><strong>Letonya Antalya Fahri Konsoloslu\u011fu<\/strong>, T\u00fcrkiye\u2019de ikamet eden veya belli ama\u00e7 \u00e7er\u00e7evesinde \u00fclkemizde ya\u015fayan Letonya vatanda\u015flar\u0131 i\u00e7in Antalya Konsolosluk hizmetleri sunuyor. Letonya Antalya konsoloslu\u011funda Letonya devletiyle ilgili i\u015flemler yap\u0131lmaktad\u0131r.<\/span><\/p>\n","protected":false},"excerpt":{"rendered":"<p>Letonya Antalya Konsoloslu\u011fu Hakk\u0131nda Tam te\u015fekk\u00fcll\u00fc Konsoloslu\u011fun a\u00e7\u0131lmad\u0131\u011f\u0131 b\u00f6lgelerde ki\u015filere hizmet verebilme i\u00e7in, B\u00fcy\u00fckel\u00e7ilik teklifi ve taraf \u00fclkeler h\u00fck\u00fbmeti yetkililerin onay\u0131 ile k\u00fc\u00e7\u00fck konsolosluklar ihdas edilebilmektedir. Bu nedenle kurulan Letonya Antalya Konsoloslu\u011fu, Antalya ve \u00e7evre illerde ikamet eden Letonya ve T\u00fcrk vatanda\u015f\u0131na, Letonya Ankara B\u00fcy\u00fckel\u00e7ili\u011fi taraf\u0131ndan kendisine verilmi\u015f yetki \u00e7er\u00e7evesinde konsolosluk hizmetini vermektedir. Letonya Antalya<\/p>\n","protected":false},"author":1,"featured_media":0,"parent":69,"menu_order":0,"comment_status":"open","ping_status":"closed","template":"","meta":{"footnotes":""},"class_list":["post-74","page","type-page","status-publish","hentry"],"yoast_head":"<!-- This site is optimized with the Yoast SEO plugin v24.0 - https:\/\/yoast.com\/wordpress\/plugins\/seo\/ -->\n<title>Letonya Antalya Konsoloslu\u011fu - MyVize Vize Ba\u015fvuru Merkezi<\/title>\n<meta name=\"description\" content=\"Letonya Antalya Konsoloslu\u011fu \u0130leti\u015fim Bilgileri Telefon Numaras\u0131 Mail Adresi Bilgileri \u0130\u00e7erir. Letonya Vize Dan\u0131\u015fman\u0131 \u0130\u00e7in Hemen Aray\u0131n.\" \/>\n<meta name=\"robots\" content=\"index, follow, max-snippet:-1, max-image-preview:large, max-video-preview:-1\" \/>\n<link rel=\"canonical\" href=\"https:\/\/www.myvize.com.tr\/letonya\/konsolosluklar\/antalya-konsoloslugu\/\" \/>\n<meta property=\"og:locale\" content=\"tr_TR\" \/>\n<meta property=\"og:type\" content=\"article\" \/>\n<meta property=\"og:title\" content=\"Letonya Antalya Konsoloslu\u011fu - MyVize Vize Ba\u015fvuru Merkezi\" \/>\n<meta property=\"og:description\" content=\"Letonya Antalya Konsoloslu\u011fu \u0130leti\u015fim Bilgileri Telefon Numaras\u0131 Mail Adresi Bilgileri \u0130\u00e7erir. Letonya Vize Dan\u0131\u015fman\u0131 \u0130\u00e7in Hemen Aray\u0131n.\" \/>\n<meta property=\"og:url\" content=\"https:\/\/www.myvize.com.tr\/letonya\/konsolosluklar\/antalya-konsoloslugu\/\" \/>\n<meta property=\"og:site_name\" content=\"Letonya Vizesi\" \/>\n<meta property=\"article:modified_time\" content=\"2022-09-05T10:04:41+00:00\" \/>\n<meta name=\"twitter:card\" content=\"summary_large_image\" \/>\n<meta name=\"twitter:label1\" content=\"Tahmini okuma s\u00fcresi\" \/>\n\t<meta name=\"twitter:data1\" content=\"1 dakika\" \/>\n<script type=\"application\/ld+json\" class=\"yoast-schema-graph\">{\"@context\":\"https:\/\/schema.org\",\"@graph\":[{\"@type\":\"WebPage\",\"@id\":\"https:\/\/www.myvize.com.tr\/letonya\/konsolosluklar\/antalya-konsoloslugu\/\",\"url\":\"https:\/\/www.myvize.com.tr\/letonya\/konsolosluklar\/antalya-konsoloslugu\/\",\"name\":\"Letonya Antalya Konsoloslu\u011fu - MyVize Vize Ba\u015fvuru Merkezi\",\"isPartOf\":{\"@id\":\"https:\/\/www.myvize.com.tr\/letonya\/#website\"},\"datePublished\":\"2020-11-30T10:02:26+00:00\",\"dateModified\":\"2022-09-05T10:04:41+00:00\",\"description\":\"Letonya Antalya Konsoloslu\u011fu \u0130leti\u015fim Bilgileri Telefon Numaras\u0131 Mail Adresi Bilgileri \u0130\u00e7erir. Letonya Vize Dan\u0131\u015fman\u0131 \u0130\u00e7in Hemen Aray\u0131n.\",\"breadcrumb\":{\"@id\":\"https:\/\/www.myvize.com.tr\/letonya\/konsolosluklar\/antalya-konsoloslugu\/#breadcrumb\"},\"inLanguage\":\"tr\",\"potentialAction\":[{\"@type\":\"ReadAction\",\"target\":[\"https:\/\/www.myvize.com.tr\/letonya\/konsolosluklar\/antalya-konsoloslugu\/\"]}]},{\"@type\":\"BreadcrumbList\",\"@id\":\"https:\/\/www.myvize.com.tr\/letonya\/konsolosluklar\/antalya-konsoloslugu\/#breadcrumb\",\"itemListElement\":[{\"@type\":\"ListItem\",\"position\":1,\"name\":\"Anasayfa\",\"item\":\"https:\/\/www.myvize.com.tr\/letonya\/\"},{\"@type\":\"ListItem\",\"position\":2,\"name\":\"KONSOLOSLUKLAR\",\"item\":\"https:\/\/www.myvize.com.tr\/letonya\/konsolosluklar\/\"},{\"@type\":\"ListItem\",\"position\":3,\"name\":\"Letonya Antalya Konsoloslu\u011fu\"}]},{\"@type\":\"WebSite\",\"@id\":\"https:\/\/www.myvize.com.tr\/letonya\/#website\",\"url\":\"https:\/\/www.myvize.com.tr\/letonya\/\",\"name\":\"Letonya Vizesi\",\"description\":\"\",\"potentialAction\":[{\"@type\":\"SearchAction\",\"target\":{\"@type\":\"EntryPoint\",\"urlTemplate\":\"https:\/\/www.myvize.com.tr\/letonya\/?s={search_term_string}\"},\"query-input\":{\"@type\":\"PropertyValueSpecification\",\"valueRequired\":true,\"valueName\":\"search_term_string\"}}],\"inLanguage\":\"tr\"}]}<\/script>\n<!-- \/ Yoast SEO plugin. -->","yoast_head_json":{"title":"Letonya Antalya Konsoloslu\u011fu - MyVize Vize Ba\u015fvuru Merkezi","description":"Letonya Antalya Konsoloslu\u011fu \u0130leti\u015fim Bilgileri Telefon Numaras\u0131 Mail Adresi Bilgileri \u0130\u00e7erir. Letonya Vize Dan\u0131\u015fman\u0131 \u0130\u00e7in Hemen Aray\u0131n.","robots":{"index":"index","follow":"follow","max-snippet":"max-snippet:-1","max-image-preview":"max-image-preview:large","max-video-preview":"max-video-preview:-1"},"canonical":"https:\/\/www.myvize.com.tr\/letonya\/konsolosluklar\/antalya-konsoloslugu\/","og_locale":"tr_TR","og_type":"article","og_title":"Letonya Antalya Konsoloslu\u011fu - MyVize Vize Ba\u015fvuru Merkezi","og_description":"Letonya Antalya Konsoloslu\u011fu \u0130leti\u015fim Bilgileri Telefon Numaras\u0131 Mail Adresi Bilgileri \u0130\u00e7erir. Letonya Vize Dan\u0131\u015fman\u0131 \u0130\u00e7in Hemen Aray\u0131n.","og_url":"https:\/\/www.myvize.com.tr\/letonya\/konsolosluklar\/antalya-konsoloslugu\/","og_site_name":"Letonya Vizesi","article_modified_time":"2022-09-05T10:04:41+00:00","twitter_card":"summary_large_image","twitter_misc":{"Tahmini okuma s\u00fcresi":"1 dakika"},"schema":{"@context":"https:\/\/schema.org","@graph":[{"@type":"WebPage","@id":"https:\/\/www.myvize.com.tr\/letonya\/konsolosluklar\/antalya-konsoloslugu\/","url":"https:\/\/www.myvize.com.tr\/letonya\/konsolosluklar\/antalya-konsoloslugu\/","name":"Letonya Antalya Konsoloslu\u011fu - MyVize Vize Ba\u015fvuru Merkezi","isPartOf":{"@id":"https:\/\/www.myvize.com.tr\/letonya\/#website"},"datePublished":"2020-11-30T10:02:26+00:00","dateModified":"2022-09-05T10:04:41+00:00","description":"Letonya Antalya Konsoloslu\u011fu \u0130leti\u015fim Bilgileri Telefon Numaras\u0131 Mail Adresi Bilgileri \u0130\u00e7erir. Letonya Vize Dan\u0131\u015fman\u0131 \u0130\u00e7in Hemen Aray\u0131n.","breadcrumb":{"@id":"https:\/\/www.myvize.com.tr\/letonya\/konsolosluklar\/antalya-konsoloslugu\/#breadcrumb"},"inLanguage":"tr","potentialAction":[{"@type":"ReadAction","target":["https:\/\/www.myvize.com.tr\/letonya\/konsolosluklar\/antalya-konsoloslugu\/"]}]},{"@type":"BreadcrumbList","@id":"https:\/\/www.myvize.com.tr\/letonya\/konsolosluklar\/antalya-konsoloslugu\/#breadcrumb","itemListElement":[{"@type":"ListItem","position":1,"name":"Anasayfa","item":"https:\/\/www.myvize.com.tr\/letonya\/"},{"@type":"ListItem","position":2,"name":"KONSOLOSLUKLAR","item":"https:\/\/www.myvize.com.tr\/letonya\/konsolosluklar\/"},{"@type":"ListItem","position":3,"name":"Letonya Antalya Konsoloslu\u011fu"}]},{"@type":"WebSite","@id":"https:\/\/www.myvize.com.tr\/letonya\/#website","url":"https:\/\/www.myvize.com.tr\/letonya\/","name":"Letonya Vizesi","description":"","potentialAction":[{"@type":"SearchAction","target":{"@type":"EntryPoint","urlTemplate":"https:\/\/www.myvize.com.tr\/letonya\/?s={search_term_string}"},"query-input":{"@type":"PropertyValueSpecification","valueRequired":true,"valueName":"search_term_string"}}],"inLanguage":"tr"}]}},"_links":{"self":[{"href":"https:\/\/www.myvize.com.tr\/letonya\/wp-json\/wp\/v2\/pages\/74","targetHints":{"allow":["GET"]}}],"collection":[{"href":"https:\/\/www.myvize.com.tr\/letonya\/wp-json\/wp\/v2\/pages"}],"about":[{"href":"https:\/\/www.myvize.com.tr\/letonya\/wp-json\/wp\/v2\/types\/page"}],"author":[{"embeddable":true,"href":"https:\/\/www.myvize.com.tr\/letonya\/wp-json\/wp\/v2\/users\/1"}],"replies":[{"embeddable":true,"href":"https:\/\/www.myvize.com.tr\/letonya\/wp-json\/wp\/v2\/comments?post=74"}],"version-history":[{"count":5,"href":"https:\/\/www.myvize.com.tr\/letonya\/wp-json\/wp\/v2\/pages\/74\/revisions"}],"predecessor-version":[{"id":831,"href":"https:\/\/www.myvize.com.tr\/letonya\/wp-json\/wp\/v2\/pages\/74\/revisions\/831"}],"up":[{"embeddable":true,"href":"https:\/\/www.myvize.com.tr\/letonya\/wp-json\/wp\/v2\/pages\/69"}],"wp:attachment":[{"href":"https:\/\/www.myvize.com.tr\/letonya\/wp-json\/wp\/v2\/media?parent=74"}],"curies":[{"name":"wp","href":"https:\/\/api.w.org\/{rel}","templated":true}]}}