{"id":78,"date":"2020-11-30T13:03:47","date_gmt":"2020-11-30T10:03:47","guid":{"rendered":"https:\/\/www.myvize.com.tr\/letonya\/?page_id=78"},"modified":"2022-08-02T13:23:26","modified_gmt":"2022-08-02T10:23:26","slug":"izmir-baskonsoloslugu","status":"publish","type":"page","link":"https:\/\/www.myvize.com.tr\/letonya\/konsolosluklar\/izmir-baskonsoloslugu\/","title":{"rendered":"Letonya \u0130zmir Ba\u015fkonsoloslu\u011fu"},"content":{"rendered":"<p><span style=\"font-family: Roboto;\"><\/span><\/p>\r\n<p><span style=\"font-family: Roboto; font-size: 14px;\">Bu makale de sizlere <strong>Letonya \u0130zmir Fahri Konsoloslu\u011fu<\/strong> ile ilgili; g\u00f6rev b\u00f6lgesi ve \u00e7al\u0131\u015fma saatleri hakk\u0131nda bilgi verece\u011fiz. Ayn\u0131 zamanda konsoloslu\u011fun ne demek oldu\u011fu ve<span style=\"color: #2acec2;\"><strong><a style=\"color: #2acec2;\" href=\"https:\/\/www.myvize.com.tr\/letonya\/vize-islemleri\/letonya-vizesi\/\" target=\"_blank\" rel=\"noopener\"> Letonya vizesi<\/a><\/strong><\/span> t\u00fcrleri hakk\u0131nda da bilgi verece\u011fiz.<\/span><\/p>\r\n<p><span style=\"font-family: Roboto; font-size: 14px;\">\r\n\r\n<\/span><\/p>\r\n<h2><strong><span style=\"font-family: Roboto; font-size: 27px;\">Letonya \u0130zmir Konsolosluk<\/span><\/strong><\/h2>\r\n<p><span style=\"font-family: Roboto; font-size: 14px;\">Konsolosluklar el\u00e7ili\u011fe ba\u011fl\u0131 bulunan ve temsil ettikleri \u00fclke vatanda\u015flar\u0131n\u0131n ihtiya\u00e7lar\u0131na cevap vermek i\u00e7in olu\u015fturulmu\u015f ba\u015fkonsolosluklara g\u00f6re daha k\u00fc\u00e7\u00fck birimlerdir. T\u00fcrkiye\u2019den Letonya\u2019ya ger\u00e7ekle\u015ftirilecek k\u0131sa s\u00fcreli seyahatler i\u00e7in seyahatin i\u00e7eri\u011fine ba\u011fl\u0131 olarak;<\/span><\/p>\r\n<p><span style=\"font-family: Roboto; font-size: 14px;\">\r\n\r\n<\/span><\/p>\r\n<p><span style=\"color: #2acec2;\"><strong><a style=\"color: #2acec2;\" href=\"https:\/\/www.myvize.com.tr\/letonya\/vize-islemleri\/letonya-ticari-vize\/\" target=\"_blank\" rel=\"noopener\"><span style=\"font-family: Roboto; font-size: 14px;\">Letonya Ticari Vize<\/span><\/a><\/strong><\/span><br \/><span style=\"font-family: Roboto; font-size: 14px;\">Letonya Turistik Vize<\/span><br \/><span style=\"font-family: Roboto; font-size: 14px;\">Letonya Aile veya Arkada\u015f Ziyareti Vizesi<\/span><br \/><span style=\"font-family: Roboto; font-size: 14px;\">Letonya K\u00fclt\u00fcrel, Sportif Faaliyet ve Konferans Vizesi<\/span><br \/><span style=\"font-family: Roboto; font-size: 14px;\">Letonya vatanda\u015f\u0131 e\u015fleri i\u00e7in Aile ve Arkada\u015f Ziyareti Vizesi<\/span><\/p>\r\n<p><span style=\"font-family: Roboto; font-size: 14px;\">\r\n\r\n<\/span><\/p>\r\n<p><span style=\"font-family: Roboto; font-size: 14px;\">Bu se\u00e7eneklerdeki vize ba\u015fvurular\u0131 i\u00e7in farkl\u0131 ba\u015fvuru kurallar\u0131 uygulan\u0131yor.<\/span><\/p>\r\n<p><span style=\"font-family: Roboto; font-size: 14px;\">\r\n\r\n<\/span><\/p>\r\n<h2><span style=\"font-family: Roboto; font-size: 27px;\"><strong>Letonya \u0130zmir Ba\u015fkonsoloslu\u011fu \u0130le \u0130lgili<\/strong><\/span><\/h2>\r\n<p><span style=\"font-family: Roboto; font-size: 14px;\">Letonya&#8217;n\u0131n T\u00fcrkiye d\u0131\u015f temsilcisi olarak g\u00f6revini y\u00fcr\u00fcten Letonya \u0130zmir Ba\u015fkonsoloslu\u011fu, Letonya H\u00fck\u00fbmeti \u0130zmir\u2019de en \u00fcst d\u00fczey temsil eden resm\u00ee kurumdur. Letonya \u0130zmir Ba\u015fkonsoloslu\u011funun, devleti temsil etmesi yan\u0131nda T\u00fcrkiye\u2019de ya\u015fayan vatanda\u015f\u0131n hakk\u0131n\u0131 koruyup g\u00f6zetmek do\u011frultusunda g\u00f6revini s\u00fcrd\u00fcrmektedir. Letonya \u0130zmir Ba\u015fkonsoloslu\u011funun, T\u00fcrkiye Cumhuriyeti d\u0131\u015f\u0131ndaki d\u0131\u015f temsilcili\u011fi resmi temsilcilik g\u00f6revini y\u00fcr\u00fctmektedir. <span style=\"color: #2acec2;\"><strong><a style=\"color: #2acec2;\" href=\"https:\/\/www.myvize.com.tr\/letonya\/subelerimiz\/izmir\/\" target=\"_blank\" rel=\"noopener\">\u0130zmir <\/a><\/strong><\/span>ve \u00e7evresinde ya\u015fayan T\u00fcrkiye Cumhuriyeti vatanda\u015f\u0131, konsolosluk i\u015flemini Letonya \u0130zmir Ba\u015fkonsoloslu\u011fu\u2019nda yapabilir.<\/span><br \/><span style=\"font-family: Roboto; font-size: 14px;\"><strong>Letonya \u0130zmir Ba\u015fkonsoloslu\u011fu<\/strong> Letonya ve T\u00fcrkiye&#8217;nin resm\u00ee tatillerinde hizmet vermemektedir. Tatil g\u00fcn\u00fcnde al\u0131nan randevu ge\u00e7ersiz olup, i\u015fleminizi ger\u00e7ekle\u015ftiremezsiniz. Di\u011fer hafta i\u00e7i g\u00fcnlerde randevu alarak vize i\u015flemlerinizi ger\u00e7ekle\u015ftirebilirsiniz.<\/span><br \/><span style=\"font-family: Roboto; font-size: 14px;\"><strong>Letonya \u0130zmir Ba\u015fkonsoloslu\u011fu<\/strong> g\u00f6rev alan\u0131na giren b\u00f6lgede Letonya vatanda\u015f\u0131n\u0131n do\u011fum i\u015flemi, \u00f6l\u00fcm i\u015flemleri, evlilik i\u015flemi, bo\u015fanma i\u015flemleri, kimlik i\u015flemi, ehliyet i\u015flemleri, pasaport i\u015flemi, noterlik i\u015flemleri gibi konsolosluk hizmetleri vermektedir. Ayr\u0131ca Letonya vatanda\u015f\u0131n\u0131n vergi i\u015flemi ile ilgilenmektedir. <strong>Letonya \u0130zmir Ba\u015fkonsoloslu\u011fu<\/strong>, Letonya vatanda\u015f\u0131na e\u011fitim, sa\u011fl\u0131k, hukuk deste\u011fi de sa\u011flanmaktad\u0131r.<\/span><\/p>\r\n<h2><span style=\"font-family: Roboto; font-size: 27px;\"><b>\u0130zmir Ba\u015fkonsoloslu\u011fu<\/b><\/span><\/h2>\r\n<p><span style=\"font-family: Roboto; font-size: 14px;\">Letonya ve T\u00fcrkiye aras\u0131ndaki vatanda\u015fl\u0131k d\u00fczeyinde gerekli olan baz\u0131 i\u015flemler fahri konsolosluklar taraf\u0131ndan y\u00fcr\u00fct\u00fclebilmektedir. Bu ba\u011flamda hizmet veren konsolosluklardan olan\u00a0<strong>\u0130zmir Ba\u015fkonsoloslu\u011fu<\/strong>\u00a0\u00a0\u0130zmir Fahri Konsoloslu\u011fu olarak faaliyet g\u00f6stermektedir.<\/span><\/p>\r\n<p><span style=\"font-family: Roboto; font-size: 14px;\"><strong>\u0130zmir Letonya Fahri Konsoloslu\u011fu<\/strong> hafta i\u00e7i her g\u00fcn olmak \u00fczere 09.00 ile 17.00 saatleri aras\u0131nda hizmet vermektedir. Her iki \u00fclkenin de resmi ve dini bayramlar\u0131nda ve tatillerinde ise fahri konsolosluk hizmet vermemektedir.<\/span><\/p>\r\n<p><span style=\"font-family: Roboto; font-size: 14px;\">\u00a0\u0130zmir ve \u00e7evre illerde ikamet eden T\u00fcrkiye Cumhuriyeti vatanda\u015flar\u0131, gerekli duyduklar\u0131 konsolosluk i\u015f ve i\u015flemlerini Letonya \u0130zmir Fahri Konsoloslu\u011fu\u2019na ba\u015fvurarak ger\u00e7ekle\u015ftirebilirler. <strong>\u0130zmir Fahri Konsoloslu\u011fu<\/strong> ve di\u011fer <strong>Letonya Fahri Konsolosluklar\u0131<\/strong> faaliyet alanlar\u0131na ve bulunduklar\u0131 b\u00f6lgeye yak\u0131n b\u00f6lgelerde ikamet eden vatanda\u015flar\u0131n Letonya i\u00e7in vize ve konsolosluk i\u015flemleri hakk\u0131nda yetkilidir. Bu nedenle \u0130zmir\u00a0ve \u00e7evre illerde ikamet eden ki\u015filer vize ba\u015fvuru i\u015flemleri ile konsolosluk prosed\u00fcrleri i\u00e7in <strong>Letonya \u0130zmir\u00a0Fahri Konsoloslu\u011fu<\/strong> ile ileti\u015fime ge\u00e7erek gerekli ba\u015fvurular\u0131 yapabilirler.<\/span><\/p>\r\n<p><span style=\"font-family: Roboto; font-size: 14px;\">Letonya \u0130zmir\u00a0Fahri Konsoloslu\u011fu\u2019nda Letonya vizesi i\u00e7in ba\u015fvuru i\u015flemleri ve noterlik i\u015flemleri, evlilik veya do\u011fum belgesi, vefat belgesi \u00e7\u0131kar\u0131lmas\u0131 ve onaylanmas\u0131 gibi konsolosluk i\u015flemleri yap\u0131labilmektedir.<\/span><\/p>\r\n<p><span style=\"font-family: Roboto; font-size: 14px;\"><strong>Adres:<\/strong>\u00a0Gaziosmanpa\u015fa Bulvar\u0131, Hilton Center, Kat: 7, No: 1, Nasco Group Alsancak \/ \u0130ZM\u0130R<\/span><\/p>\r\n<h2><strong><span style=\"font-family: Roboto; font-size: 27px;\">Letonya \u0130zmir Ba\u015fkonsolosu Kimdir?<\/span><\/strong><\/h2>\r\n<p><span style=\"font-family: Roboto; font-size: 14px;\">Letonya \u0130zmir Ba\u015fkonsoloslu\u011fu, el\u00e7iliklere ba\u011fl\u0131 olan ve bulundu\u011fu \u00fclkenin insanlar\u0131n\u0131n ihtiya\u00e7lar\u0131n\u0131 kar\u015f\u0131lad\u0131\u011f\u0131 konsolosluklara g\u00f6re daha k\u00fc\u00e7\u00fck \u00e7apl\u0131 konsolosluktur. Genelde \u015fehir ad\u0131n\u0131 da i\u00e7inde bulunduran konsolosluklar \u00fclke konsoloslu\u011fu gibi de\u011fil de b\u00f6lgesinde bulunan vatanda\u015flar\u0131n Letonya veya hangi temsilci \u00fclkeyse o \u00fclkenin vize i\u015flemleri hakk\u0131nda \u00e7al\u0131\u015fma y\u00fcr\u00fct\u00fcyor. \u0130zmir ba\u015fkonsoloslu\u011fu \u0130zmir, Manisa ve Ayd\u0131n illerini kaps\u0131yor.\u00a0<strong>Letonya \u0130zmir Ba\u015fkonsolosu kimdir?\u00a0<\/strong>Letonya \u0130zmir ba\u015fkonsolosu Olgu Hikmet Korkmaz Beydir. \u0130zmir konsoloslu\u011fu Manisa, Ayd\u0131n ve bir\u00e7ok \u00e7evre ilinin de diplomatik konsolosluk i\u015flerini de y\u00fcr\u00fctmektedir. \u0130zmir ba\u015fkonsoloslu\u011funda yap\u0131lan diplomatik i\u015flerden olan vize i\u015flemleri \u015funlard\u0131r:<\/span><\/p>\r\n<ul>\r\n<li><span style=\"font-family: Roboto; font-size: 14px;\">Letonya ticari vizesi<\/span><\/li>\r\n<li><span style=\"font-family: Roboto; font-size: 14px;\">Letonya turistik vize<\/span><\/li>\r\n<li><span style=\"font-family: Roboto; font-size: 14px;\">Letonya aile veya arkada\u015f ziyareti vizesi<\/span><\/li>\r\n<li><span style=\"font-family: Roboto; font-size: 14px;\">Letonya sportif, sosyal faaliyet ve konferans vizesi<\/span><\/li>\r\n<li><span style=\"font-family: Roboto; font-size: 14px;\">Letonya vatanda\u015f\u0131 e\u015fleri i\u00e7in aile ve arkada\u015f ziyareti vizesi<\/span><\/li>\r\n<\/ul>\r\n<p><span style=\"font-family: Roboto; font-size: 14px;\">T\u00fcm bu vize i\u015flemlerinin vize ba\u015fvuru formlar\u0131 farkl\u0131l\u0131k g\u00f6stermektedir.<\/span><\/p>\r\n<h3><strong><span style=\"font-family: Roboto; font-size: 24px;\">Letonya \u0130zmir Ba\u015fkonsoloslu\u011fu Vize \u0130\u015flemleri<\/span><\/strong><\/h3>\r\n<p><span style=\"font-family: Roboto; font-size: 14px;\"><strong>Letonya \u0130zmir ba\u015fkonsoloslu\u011fu vize i\u015flemleri\u00a0<\/strong>ger\u00e7ekle\u015ftirmek isteyen ki\u015filerin ilk ba\u015fta \u0130zmir Ba\u015fkonsoloslu\u011fu\u2019ndan randevu almas\u0131 gerekmektedir. Ba\u015fkonsolosluktan randevu alabilmekte i\u00e7in \u00f6ncelikle \u0130zmir Ba\u015fkonsoloslu\u011fu\u2019nun internet adresinden alaca\u011f\u0131 e-mail adresine randevu al\u00e7a\u011f\u0131n\u0131 beyan ederek mail atmal\u0131d\u0131r. Randevu ba\u015fvurusunu yapt\u0131ktan sonra kurum sizinle randevu tarihini payla\u015facakt\u0131r. Randevu ile ilgili detayl\u0131 bilgi almak i\u00e7in yine web adresindeki ileti\u015fim bilgilerinden ula\u015fabilirsiniz. Randevuyu iptal etmek istedi\u011finiz zaman ileti\u015fime ge\u00e7erek iptal etmek istedi\u011finizi s\u00f6yleyerek randevu iptalini ger\u00e7ekle\u015ftirebilirsiniz. Ba\u015fkonsolosluktan randevu ald\u0131ktan sonra vize i\u015flemlerini y\u00fcr\u00fctmek ad\u0131na \u0130zmir Ba\u015fkonsoloslu\u011fu\u2019na gitmeniz gerektir. \u0130zmir Ba\u015fkonsoloslu\u011fu\u2019na giderken ba\u015fvuru i\u00e7in gerekli belge evraklar\u0131n yan\u0131n\u0131zda bulunmas\u0131 b\u00fcy\u00fck \u00f6nem i\u00e7ermektedir. Bu belgelerin yan\u0131n\u0131zda olmamas\u0131 ba\u015fvurunun iptali gibi sorunlara yol a\u00e7abilir. O y\u00fczden gerekli evraklar\u0131 mutlaka yan\u0131n\u0131zdan ay\u0131rmay\u0131n. Bundan sonraki i\u015flemler vize ba\u015fvurusu yapmak i\u00e7in \u00f6ncelikle vize randevusu ve son olarak vize ba\u015fvurusu olarak son buluyor.<\/span><\/p>\r\n<h3><strong><span style=\"font-family: Roboto; font-size: 24px;\">Letonya \u0130zmir Ba\u015fkonsoloslu\u011fu Vize Randevusu<\/span><\/strong><\/h3>\r\n<p><span style=\"font-family: Roboto; font-size: 14px;\"><strong>Letonya\u2019ya seyahat etmek<\/strong> isteyen ki\u015filerin \u00f6ncelikle vize almas\u0131 gerekmektedir. Bu vizeler Letonya \u0130zmir Ba\u015fkonsoloslu\u011fu\u2019nda veya Letonya vize ba\u015fvuru merkezlerinde yap\u0131lmaktad\u0131r. Ba\u015fvurular iki t\u00fcrl\u00fc olmaktad\u0131r. Uzun s\u00fcreli vize ba\u015fvurusu ve k\u0131sa s\u00fcreli vize ba\u015fvurusu olarak. Letonya \u0130zmir Ba\u015fkonsoloslu\u011fu\u2019nda uzun s\u00fcreli vize ba\u015fvurusu yap\u0131lmaktad\u0131r. K\u0131sa s\u00fcreli ba\u015fvuru i\u00e7in Letonya vize ba\u015fvuru merkezlerine m\u00fcracaat etmeniz gerekmektedir. Uzun s\u00fcreli vize ba\u015fvurusu yapmak i\u00e7in \u00f6ncelikle vize randevusu alman\u0131z gerekiyor.\u00a0<strong>Letonya \u0130zmir Ba\u015fkonsoloslu\u011fu vize randevusu\u00a0<\/strong>i\u00e7in resmi e mail adresinden mail yazarak randevu alabilirsiniz. Randevu tarihi gelene kadar vize ba\u015fvurusu i\u00e7in gerekli evraklar\u0131 tamamen haz\u0131rlaman\u0131z gerekmektedir. Mutlaka yeti\u015fmesi laz\u0131m yoksa vize ba\u015fvurusu yap\u0131l\u0131rken ba\u015fvuru iptal olabilir. Sonra yeni bir randevu almak zorunda kal\u0131rs\u0131n\u0131z. Vize i\u00e7in belge ve evraklar\u0131 randevu tarihine kadar haz\u0131rlayamayaca\u011f\u0131n\u0131z\u0131 d\u00fc\u015f\u00fcn\u00fcrseniz ileti\u015fime ge\u00e7erek randevuyu iptal edebilir ve e\u011fer m\u00fcmk\u00fcnse istedi\u011finiz bir g\u00fcne verebilirsiniz.<\/span><\/p>\r\n<h3><strong><span style=\"font-family: Roboto; font-size: 24px;\">Letonya \u0130zmir Ba\u015fkonsoloslu\u011fu Vize Ba\u015fvurusu<\/span><\/strong><\/h3>\r\n<p><span style=\"font-family: Roboto; font-size: 14px;\"><strong>Letonya\u2019ya gitmek<\/strong> isteyen ki\u015filerin vize almas\u0131 gerekmektedir. Vize ba\u015fvurusu yap\u0131larak vize al\u0131nabilir. Vize alacak ki\u015filer hangi t\u00fcr vize alaca\u011f\u0131n\u0131 ba\u015fvuru formunda belirtmesi gerekmektedir. Bu ba\u015fvurudaki ilk \u015fart seyahat amac\u0131n\u0131z\u0131 belirtmezseniz ba\u015fvuru daha ilk ba\u015fta iptal olabilir. Ba\u015fvuru yapaca\u011f\u0131n\u0131z g\u00fcn vize randevusu olarak ald\u0131n\u0131z g\u00fcnd\u00fcr. Ba\u015fvuru i\u015flemlerine gelirsek, randevu g\u00fcn\u00fc biyometrik parmak izi verisi al\u0131nmaktad\u0131r. Bunun amac\u0131 bir sorun olu\u015fursa sizin kim oldu\u011funuzu bulmak i\u00e7in. Sonras\u0131nda ise vize ba\u015fvurusu i\u00e7in gerekli olan belge ve evraklar\u0131n yetkili ki\u015filere verilerek vize formuyla belgelerin i\u00e7eri\u011fi uyu\u015fuyor mu onu sa\u011flamakt\u0131r. O y\u00fczden belgelerin eksikli\u011fi vize ba\u015fvurusunun iptaline sebebiyet verebilir.\u00a0<strong>Letonya \u0130zmir Ba\u015fkonsoloslu\u011fu vize ba\u015fvurusu\u00a0<\/strong>yapmak isteyen ki\u015filerin ba\u015fvuru yapmadan \u00f6nce adli sicillerinin temiz olmas\u0131 zorunludur. Sicilinde p\u00fcr\u00fcz bulunan bir ki\u015fi vize alamaz. O y\u00fczden ilk ba\u015fta sicilinizin durumunu bilmeniz ve ona g\u00f6re vize ba\u015fvurusu yapman\u0131z gerekmektedir. Ayr\u0131ca vize ba\u015fvurusu yapacak olan ki\u015filerin Seyahat Sa\u011fl\u0131k Sigortas\u0131n\u0131n bulunmas\u0131 gerekmektedir.<\/span><\/p>\r\n<h4><span style=\"font-size: 22px;\"><strong><span style=\"font-family: Roboto;\">Letonya \u0130zmir Konsolosluk G\u00f6rev B\u00f6lgesi<\/span><\/strong><\/span><\/h4>\r\n<p><span style=\"font-family: Roboto; font-size: 14px;\">Letonya\u2019ya ger\u00e7ekle\u015ftirmek i\u00e7in planlanan 90 g\u00fcn ve daha az konaklamal\u0131 vize ba\u015fvurular\u0131 i\u00e7in Schengen Vizesi kapsam\u0131nda de\u011ferlendiriliyor. Daha sonra gerekli ad\u0131mlar takip ediliyor.<strong> Letonya Schengen Vizesi<\/strong> ba\u015fvurular\u0131nda, ki\u015finin biometrik veri ve parmak izinin vize ba\u015fvurusunda bulunulacak \u00fclke konsoloslu\u011funa verilmi\u015f olmas\u0131 ve ba\u015fvuran ki\u015fiye ait parmak izi kayd\u0131n\u0131n konsoloslu\u011fun kayd\u0131nda bulunmas\u0131 gerekiyor.<\/span><\/p>\r\n<p><span style=\"font-family: Roboto; font-size: 14px;\">\r\n\r\n<\/span><\/p>\r\n<p><span style=\"font-size: 16px;\"><strong><span style=\"font-family: Roboto;\">Letonya \u0130zmir Konsolosluk \u00c7al\u0131\u015fma Saatleri<\/span><\/strong><\/span><br \/><span style=\"font-family: Roboto; font-size: 14px;\">\u00c7al\u0131\u015fma saatleri a\u015fa\u011f\u0131daki gibidir;<\/span><br \/><span style=\"font-family: Roboto; font-size: 14px;\">Pazartesi \u00a0: 8.30-18.00<\/span><br \/><span style=\"font-family: Roboto; font-size: 14px;\">Sal\u0131\u00a0 \u00a0 \u00a0 \u00a0 \u00a0 \u00a0: 8.30-18.00<\/span><br \/><span style=\"font-family: Roboto; font-size: 14px;\">\u00c7ar\u015famba : 8.30-18.00<\/span><br \/><span style=\"font-family: Roboto; font-size: 14px;\">Per\u015fembe : 8.30-18.00<\/span><br \/><span style=\"font-family: Roboto; font-size: 14px;\">Cuma\u00a0 \u00a0 \u00a0 \u00a0 : 8.30-18.00<\/span><br \/><span style=\"font-family: Roboto; font-size: 14px;\">Cumartesi : 10.00-14.00<\/span><\/p>\r\n<p><span style=\"font-family: Roboto;\"><\/span><\/p>","protected":false},"excerpt":{"rendered":"<p>Bu makale de sizlere Letonya \u0130zmir Fahri Konsoloslu\u011fu ile ilgili; g\u00f6rev b\u00f6lgesi ve \u00e7al\u0131\u015fma saatleri hakk\u0131nda bilgi verece\u011fiz. Ayn\u0131 zamanda konsoloslu\u011fun ne demek oldu\u011fu ve Letonya vizesi t\u00fcrleri hakk\u0131nda da bilgi verece\u011fiz. Letonya \u0130zmir Konsolosluk Konsolosluklar el\u00e7ili\u011fe ba\u011fl\u0131 bulunan ve temsil ettikleri \u00fclke vatanda\u015flar\u0131n\u0131n ihtiya\u00e7lar\u0131na cevap vermek i\u00e7in olu\u015fturulmu\u015f ba\u015fkonsolosluklara g\u00f6re daha k\u00fc\u00e7\u00fck birimlerdir. T\u00fcrkiye\u2019den<\/p>\n","protected":false},"author":1,"featured_media":0,"parent":69,"menu_order":0,"comment_status":"open","ping_status":"closed","template":"","meta":{"footnotes":""},"class_list":["post-78","page","type-page","status-publish","hentry"],"yoast_head":"<!-- This site is optimized with the Yoast SEO plugin v24.0 - https:\/\/yoast.com\/wordpress\/plugins\/seo\/ -->\n<title>Letonya \u0130zmir Ba\u015fkonsoloslu\u011fu - MyVize Vize Ba\u015fvuru Merkezi<\/title>\n<meta name=\"description\" content=\"Letonya \u0130zmir Ba\u015fkonsoloslu\u011fu \u0130leti\u015fim Bilgileri Telefon Numaras\u0131 Mail Adresi Bilgileri \u0130\u00e7erir. Letonya Vize Dan\u0131\u015fman\u0131 \u0130\u00e7in Hemen Aray\u0131n.\" \/>\n<meta name=\"robots\" content=\"index, follow, max-snippet:-1, max-image-preview:large, max-video-preview:-1\" \/>\n<link rel=\"canonical\" href=\"https:\/\/www.myvize.com.tr\/letonya\/konsolosluklar\/izmir-baskonsoloslugu\/\" \/>\n<meta property=\"og:locale\" content=\"tr_TR\" \/>\n<meta property=\"og:type\" content=\"article\" \/>\n<meta property=\"og:title\" content=\"Letonya \u0130zmir Ba\u015fkonsoloslu\u011fu - MyVize Vize Ba\u015fvuru Merkezi\" \/>\n<meta property=\"og:description\" content=\"Letonya \u0130zmir Ba\u015fkonsoloslu\u011fu \u0130leti\u015fim Bilgileri Telefon Numaras\u0131 Mail Adresi Bilgileri \u0130\u00e7erir. Letonya Vize Dan\u0131\u015fman\u0131 \u0130\u00e7in Hemen Aray\u0131n.\" \/>\n<meta property=\"og:url\" content=\"https:\/\/www.myvize.com.tr\/letonya\/konsolosluklar\/izmir-baskonsoloslugu\/\" \/>\n<meta property=\"og:site_name\" content=\"Letonya Vizesi\" \/>\n<meta property=\"article:modified_time\" content=\"2022-08-02T10:23:26+00:00\" \/>\n<meta name=\"twitter:card\" content=\"summary_large_image\" \/>\n<meta name=\"twitter:label1\" content=\"Tahmini okuma s\u00fcresi\" \/>\n\t<meta name=\"twitter:data1\" content=\"5 dakika\" \/>\n<script type=\"application\/ld+json\" class=\"yoast-schema-graph\">{\"@context\":\"https:\/\/schema.org\",\"@graph\":[{\"@type\":\"WebPage\",\"@id\":\"https:\/\/www.myvize.com.tr\/letonya\/konsolosluklar\/izmir-baskonsoloslugu\/\",\"url\":\"https:\/\/www.myvize.com.tr\/letonya\/konsolosluklar\/izmir-baskonsoloslugu\/\",\"name\":\"Letonya \u0130zmir Ba\u015fkonsoloslu\u011fu - MyVize Vize Ba\u015fvuru Merkezi\",\"isPartOf\":{\"@id\":\"https:\/\/www.myvize.com.tr\/letonya\/#website\"},\"datePublished\":\"2020-11-30T10:03:47+00:00\",\"dateModified\":\"2022-08-02T10:23:26+00:00\",\"description\":\"Letonya \u0130zmir Ba\u015fkonsoloslu\u011fu \u0130leti\u015fim Bilgileri Telefon Numaras\u0131 Mail Adresi Bilgileri \u0130\u00e7erir. Letonya Vize Dan\u0131\u015fman\u0131 \u0130\u00e7in Hemen Aray\u0131n.\",\"breadcrumb\":{\"@id\":\"https:\/\/www.myvize.com.tr\/letonya\/konsolosluklar\/izmir-baskonsoloslugu\/#breadcrumb\"},\"inLanguage\":\"tr\",\"potentialAction\":[{\"@type\":\"ReadAction\",\"target\":[\"https:\/\/www.myvize.com.tr\/letonya\/konsolosluklar\/izmir-baskonsoloslugu\/\"]}]},{\"@type\":\"BreadcrumbList\",\"@id\":\"https:\/\/www.myvize.com.tr\/letonya\/konsolosluklar\/izmir-baskonsoloslugu\/#breadcrumb\",\"itemListElement\":[{\"@type\":\"ListItem\",\"position\":1,\"name\":\"Anasayfa\",\"item\":\"https:\/\/www.myvize.com.tr\/letonya\/\"},{\"@type\":\"ListItem\",\"position\":2,\"name\":\"KONSOLOSLUKLAR\",\"item\":\"https:\/\/www.myvize.com.tr\/letonya\/konsolosluklar\/\"},{\"@type\":\"ListItem\",\"position\":3,\"name\":\"Letonya \u0130zmir Ba\u015fkonsoloslu\u011fu\"}]},{\"@type\":\"WebSite\",\"@id\":\"https:\/\/www.myvize.com.tr\/letonya\/#website\",\"url\":\"https:\/\/www.myvize.com.tr\/letonya\/\",\"name\":\"Letonya Vizesi\",\"description\":\"\",\"potentialAction\":[{\"@type\":\"SearchAction\",\"target\":{\"@type\":\"EntryPoint\",\"urlTemplate\":\"https:\/\/www.myvize.com.tr\/letonya\/?s={search_term_string}\"},\"query-input\":{\"@type\":\"PropertyValueSpecification\",\"valueRequired\":true,\"valueName\":\"search_term_string\"}}],\"inLanguage\":\"tr\"}]}<\/script>\n<!-- \/ Yoast SEO plugin. -->","yoast_head_json":{"title":"Letonya \u0130zmir Ba\u015fkonsoloslu\u011fu - MyVize Vize Ba\u015fvuru Merkezi","description":"Letonya \u0130zmir Ba\u015fkonsoloslu\u011fu \u0130leti\u015fim Bilgileri Telefon Numaras\u0131 Mail Adresi Bilgileri \u0130\u00e7erir. Letonya Vize Dan\u0131\u015fman\u0131 \u0130\u00e7in Hemen Aray\u0131n.","robots":{"index":"index","follow":"follow","max-snippet":"max-snippet:-1","max-image-preview":"max-image-preview:large","max-video-preview":"max-video-preview:-1"},"canonical":"https:\/\/www.myvize.com.tr\/letonya\/konsolosluklar\/izmir-baskonsoloslugu\/","og_locale":"tr_TR","og_type":"article","og_title":"Letonya \u0130zmir Ba\u015fkonsoloslu\u011fu - MyVize Vize Ba\u015fvuru Merkezi","og_description":"Letonya \u0130zmir Ba\u015fkonsoloslu\u011fu \u0130leti\u015fim Bilgileri Telefon Numaras\u0131 Mail Adresi Bilgileri \u0130\u00e7erir. Letonya Vize Dan\u0131\u015fman\u0131 \u0130\u00e7in Hemen Aray\u0131n.","og_url":"https:\/\/www.myvize.com.tr\/letonya\/konsolosluklar\/izmir-baskonsoloslugu\/","og_site_name":"Letonya Vizesi","article_modified_time":"2022-08-02T10:23:26+00:00","twitter_card":"summary_large_image","twitter_misc":{"Tahmini okuma s\u00fcresi":"5 dakika"},"schema":{"@context":"https:\/\/schema.org","@graph":[{"@type":"WebPage","@id":"https:\/\/www.myvize.com.tr\/letonya\/konsolosluklar\/izmir-baskonsoloslugu\/","url":"https:\/\/www.myvize.com.tr\/letonya\/konsolosluklar\/izmir-baskonsoloslugu\/","name":"Letonya \u0130zmir Ba\u015fkonsoloslu\u011fu - MyVize Vize Ba\u015fvuru Merkezi","isPartOf":{"@id":"https:\/\/www.myvize.com.tr\/letonya\/#website"},"datePublished":"2020-11-30T10:03:47+00:00","dateModified":"2022-08-02T10:23:26+00:00","description":"Letonya \u0130zmir Ba\u015fkonsoloslu\u011fu \u0130leti\u015fim Bilgileri Telefon Numaras\u0131 Mail Adresi Bilgileri \u0130\u00e7erir. Letonya Vize Dan\u0131\u015fman\u0131 \u0130\u00e7in Hemen Aray\u0131n.","breadcrumb":{"@id":"https:\/\/www.myvize.com.tr\/letonya\/konsolosluklar\/izmir-baskonsoloslugu\/#breadcrumb"},"inLanguage":"tr","potentialAction":[{"@type":"ReadAction","target":["https:\/\/www.myvize.com.tr\/letonya\/konsolosluklar\/izmir-baskonsoloslugu\/"]}]},{"@type":"BreadcrumbList","@id":"https:\/\/www.myvize.com.tr\/letonya\/konsolosluklar\/izmir-baskonsoloslugu\/#breadcrumb","itemListElement":[{"@type":"ListItem","position":1,"name":"Anasayfa","item":"https:\/\/www.myvize.com.tr\/letonya\/"},{"@type":"ListItem","position":2,"name":"KONSOLOSLUKLAR","item":"https:\/\/www.myvize.com.tr\/letonya\/konsolosluklar\/"},{"@type":"ListItem","position":3,"name":"Letonya \u0130zmir Ba\u015fkonsoloslu\u011fu"}]},{"@type":"WebSite","@id":"https:\/\/www.myvize.com.tr\/letonya\/#website","url":"https:\/\/www.myvize.com.tr\/letonya\/","name":"Letonya Vizesi","description":"","potentialAction":[{"@type":"SearchAction","target":{"@type":"EntryPoint","urlTemplate":"https:\/\/www.myvize.com.tr\/letonya\/?s={search_term_string}"},"query-input":{"@type":"PropertyValueSpecification","valueRequired":true,"valueName":"search_term_string"}}],"inLanguage":"tr"}]}},"_links":{"self":[{"href":"https:\/\/www.myvize.com.tr\/letonya\/wp-json\/wp\/v2\/pages\/78","targetHints":{"allow":["GET"]}}],"collection":[{"href":"https:\/\/www.myvize.com.tr\/letonya\/wp-json\/wp\/v2\/pages"}],"about":[{"href":"https:\/\/www.myvize.com.tr\/letonya\/wp-json\/wp\/v2\/types\/page"}],"author":[{"embeddable":true,"href":"https:\/\/www.myvize.com.tr\/letonya\/wp-json\/wp\/v2\/users\/1"}],"replies":[{"embeddable":true,"href":"https:\/\/www.myvize.com.tr\/letonya\/wp-json\/wp\/v2\/comments?post=78"}],"version-history":[{"count":8,"href":"https:\/\/www.myvize.com.tr\/letonya\/wp-json\/wp\/v2\/pages\/78\/revisions"}],"predecessor-version":[{"id":797,"href":"https:\/\/www.myvize.com.tr\/letonya\/wp-json\/wp\/v2\/pages\/78\/revisions\/797"}],"up":[{"embeddable":true,"href":"https:\/\/www.myvize.com.tr\/letonya\/wp-json\/wp\/v2\/pages\/69"}],"wp:attachment":[{"href":"https:\/\/www.myvize.com.tr\/letonya\/wp-json\/wp\/v2\/media?parent=78"}],"curies":[{"name":"wp","href":"https:\/\/api.w.org\/{rel}","templated":true}]}}