{"id":82,"date":"2020-11-30T13:04:43","date_gmt":"2020-11-30T10:04:43","guid":{"rendered":"https:\/\/www.myvize.com.tr\/letonya\/?page_id=82"},"modified":"2022-04-21T13:13:16","modified_gmt":"2022-04-21T10:13:16","slug":"bursa-fahri-konsoloslugu","status":"publish","type":"page","link":"https:\/\/www.myvize.com.tr\/letonya\/konsolosluklar\/bursa-fahri-konsoloslugu\/","title":{"rendered":"Letonya Bursa Fahri Konsoloslu\u011fu"},"content":{"rendered":"<h2><span style=\"font-family: Roboto; font-size: 27px;\"><strong>Letonya Bursa Fahri Konsoloslu\u011fu Hakk\u0131nda<\/strong><\/span><\/h2>\n<p><span style=\"font-family: Roboto; font-size: 14px;\"><strong>Letonya Bursa Fahri Konsoloslu\u011fu<\/strong>, T\u00fcrkiye\u2019de ikamet eden veya belli ama\u00e7 \u00e7er\u00e7evesinde \u00fclkemizde konaklayan Letonya vatanda\u015f\u0131 i\u00e7in Konsolosluk hizmetleri sunuyor. Fakat vize i\u015flemini y\u00fcr\u00fctmek ve onaylamak gibi yetkisi bulunmuyor. Bu y\u00fczden Letonya H\u00fck\u00fbmet taraf\u0131ndan<strong> Letonya Bursa Fahri konsoloslu\u011fu<\/strong> vize i\u015flemi i\u00e7in yetkilendirilmi\u015ftir. Letonya Bursa konsoloslu\u011funda Letonya devleti ile ilgili i\u015flemler yap\u0131lmaktad\u0131r.<\/span><br \/>\n<span style=\"font-family: Roboto; font-size: 14px;\"><strong>Letonya Bursa Fahri Konsoloslu\u011fu<\/strong>, hafta i\u00e7i her g\u00fcn 09.30- 16.00 saat aras\u0131nda \u00e7al\u0131\u015fmaktad\u0131r. T\u00fcrkiye resm\u00ee tatil ve Letonya resm\u00ee tatilde hizmet vermemektedir. Tatil g\u00fcn\u00fcnde al\u0131nan randevu ge\u00e7ersiz olup, i\u015fleminizi ger\u00e7ekle\u015ftiremezsiniz.<\/span><br \/>\n<span style=\"font-family: Roboto; font-size: 14px;\">T\u00fcrkiye Cumhuriyeti Devlet s\u0131n\u0131r\u0131 i\u00e7inde Letonya Devleti&#8217;nin fahri temsilcilik g\u00f6revi y\u00fcr\u00fcten Bursa Fahri <strong>Letonya Konsoloslu\u011fu<\/strong>, T\u00fcrkiye ile Letonya aras\u0131 kar\u015f\u0131l\u0131kl\u0131 ticari, ekonomik ve k\u00fclt\u00fcrel ili\u015fkiyi geli\u015ftirmek amac\u0131 ile proje y\u00fcr\u00fctmektedir. <strong>Letonya Bursa Fahri Konsoloslu\u011fu<\/strong> diplomat yetkiye sahip olmamas\u0131 ra\u011fmen Letonya&#8217;ya ticari ve \u00e7al\u0131\u015fma amac\u0131 seyahat ger\u00e7ekle\u015ftirecek ki\u015fiye, <span style=\"color: #2acec2;\"><strong><a style=\"color: #2acec2;\" href=\"https:\/\/www.myvize.com.tr\/letonya\/vize-islemleri\/letonya-vizesi\/\" target=\"_blank\" rel=\"noopener\">Letonya vizesi<\/a><\/strong><\/span> i\u015flem prosed\u00fcr\u00fc hakk\u0131nda destekler vermektedir. Letonya\u2019da 90 g\u00fcnden uzun s\u00fcre ikamet etmek isteyen T\u00fcrkiye Cumhuriyeti vatanda\u015f\u0131, uzun s\u00fcre ikamet vizesi ba\u015fvurusu i\u00e7in Letonya Bursa Fahri Konsoloslu\u011fu ile irtibat ge\u00e7erek, bilgi almas\u0131 \u00f6nerilir.<\/span><\/p>\n<h2><span style=\"font-family: Roboto; font-size: 27px;\"><b>Bursa Fahri Konsoloslu\u011fu<\/b><\/span><\/h2>\n<p><span style=\"font-family: Roboto; font-size: 14px;\">Letonya vatanda\u015flar\u0131n\u0131n yo\u011fun oldu\u011fu veya ikamet etti\u011fi illerde, T\u00fcrkiye taraf\u0131ndan g\u00f6revlendirilmi\u015f Letonya Konsolosluklar\u0131 vard\u0131r ve bir\u00e7ok g\u00f6rev yerine getirmektedir.<span style=\"color: #2acec2;\"><strong><a style=\"color: #2acec2;\" href=\"https:\/\/www.myvize.com.tr\/letonya\/subelerimiz\/ankara\/\" target=\"_blank\" rel=\"noopener\"> Ankara<\/a><\/strong><\/span>, Adana, Bursa, \u0130stanbul, Trabzon, Antalya, Gaziantep ve Edirne gibi \u015fehirlerde bulunan ya da ikamet eden <strong>Letonya vatanda\u015flar\u0131<\/strong>, baz\u0131 durumlarda de\u011fi\u015fik i\u00e7erikli resmi i\u015flemleri yapt\u0131rma ihtiyac\u0131nda olabilmektedir. Fahri konsolosluklar bu a\u00e7\u0131dan bir\u00e7ok hizmeti sunabildi\u011fi gibi yerel olarak da baz\u0131 g\u00f6revleri yapmaktad\u0131r. Fahri konsolosluklar ile Ankara ya da Trabzon\u2019da bulunan ya da ya\u015fayan <strong>Letonya vatanda\u015flar\u0131<\/strong>, yalad\u0131klar\u0131 ilden ba\u015fka bir \u015fehirde bulunmalar\u0131 ve sorun ya\u015famalar\u0131 durumunda bulunduklar\u0131 en yak\u0131n fahri konsolosluk ile ileti\u015fime ge\u00e7erek veya ba\u015fvurarak gerekli i\u015flemleri ger\u00e7ekle\u015ftirebileceklerdir.<\/span><\/p>\n<p><span style=\"font-family: Roboto; font-size: 14px;\">Letonya ve T\u00fcrkiye aras\u0131ndaki vize uygulamas\u0131, iki \u00fclke aras\u0131ndaki seyahatlerde vize almay\u0131 gerektirmektedir. Letonya\u2019ya gitmek isteyen T\u00fcrk vatanda\u015flar\u0131, vize ba\u015fvurusunda bulunmak ve vize almak zorundad\u0131r. Vize ba\u015fvurundan \u00f6nce ise konsolosluklar ile ileti\u015fime ge\u00e7erek randevu talebinde bulunulmas\u0131 tavsiye edilmektedir.<\/span><\/p>\n<p><span style=\"font-family: Roboto; font-size: 14px;\"><strong>Bursa Fahri Konsoloslu\u011fu\u00a0<\/strong>Pazartesi ve Cuma g\u00fcnleri aras\u0131nda saat 09.00 ile 17.00 aras\u0131nda hizmet vermekte, ancak iki \u00fclkenin de resmi tatil oldu\u011fu g\u00fcnlerde \u00e7al\u0131\u015fmamaktad\u0131r.<\/span><\/p>\n<p><span style=\"font-family: Roboto; font-size: 14px;\"><strong>Adres:<\/strong>\u00a0So\u011fanl\u0131 Botanik Park, \u0130skender Efendi Kona\u011f\u0131, BURSA<\/span><span style=\"font-family: Roboto; font-size: 14px;\">\u00a0 \u00a0\u00a0<\/span><\/p>\n<p><span style=\"font-family: Roboto; font-size: 14px;\"><strong>E-mail:<\/strong>\u00a0info@iskender.com<\/span><\/p>\n","protected":false},"excerpt":{"rendered":"<p>Letonya Bursa Fahri Konsoloslu\u011fu Hakk\u0131nda Letonya Bursa Fahri Konsoloslu\u011fu, T\u00fcrkiye\u2019de ikamet eden veya belli ama\u00e7 \u00e7er\u00e7evesinde \u00fclkemizde konaklayan Letonya vatanda\u015f\u0131 i\u00e7in Konsolosluk hizmetleri sunuyor. Fakat vize i\u015flemini y\u00fcr\u00fctmek ve onaylamak gibi yetkisi bulunmuyor. Bu y\u00fczden Letonya H\u00fck\u00fbmet taraf\u0131ndan Letonya Bursa Fahri konsoloslu\u011fu vize i\u015flemi i\u00e7in yetkilendirilmi\u015ftir. Letonya Bursa konsoloslu\u011funda Letonya devleti ile ilgili i\u015flemler yap\u0131lmaktad\u0131r.<\/p>\n","protected":false},"author":1,"featured_media":0,"parent":69,"menu_order":0,"comment_status":"open","ping_status":"closed","template":"","meta":{"footnotes":""},"class_list":["post-82","page","type-page","status-publish","hentry"],"yoast_head":"<!-- This site is optimized with the Yoast SEO plugin v24.0 - https:\/\/yoast.com\/wordpress\/plugins\/seo\/ -->\n<title>Letonya Bursa Fahri Konsoloslu\u011fu - MyVize<\/title>\n<meta name=\"description\" content=\"Letonya Bursa Fahri Konsoloslu\u011fu Vize \u0130\u015flemleri Nelerdir? Letonya Bursa Fahri Konsoloslu\u011funa Ula\u015fmak \u0130\u00e7in Hemen T\u0131klay\u0131n.\" \/>\n<meta name=\"robots\" content=\"index, follow, max-snippet:-1, max-image-preview:large, max-video-preview:-1\" \/>\n<link rel=\"canonical\" href=\"https:\/\/www.myvize.com.tr\/letonya\/konsolosluklar\/bursa-fahri-konsoloslugu\/\" \/>\n<meta property=\"og:locale\" content=\"tr_TR\" \/>\n<meta property=\"og:type\" content=\"article\" \/>\n<meta property=\"og:title\" content=\"Letonya Bursa Fahri Konsoloslu\u011fu - MyVize\" \/>\n<meta property=\"og:description\" content=\"Letonya Bursa Fahri Konsoloslu\u011fu Vize \u0130\u015flemleri Nelerdir? Letonya Bursa Fahri Konsoloslu\u011funa Ula\u015fmak \u0130\u00e7in Hemen T\u0131klay\u0131n.\" \/>\n<meta property=\"og:url\" content=\"https:\/\/www.myvize.com.tr\/letonya\/konsolosluklar\/bursa-fahri-konsoloslugu\/\" \/>\n<meta property=\"og:site_name\" content=\"Letonya Vizesi\" \/>\n<meta property=\"article:modified_time\" content=\"2022-04-21T10:13:16+00:00\" \/>\n<meta name=\"twitter:card\" content=\"summary_large_image\" \/>\n<meta name=\"twitter:label1\" content=\"Tahmini okuma s\u00fcresi\" \/>\n\t<meta name=\"twitter:data1\" content=\"2 dakika\" \/>\n<script type=\"application\/ld+json\" class=\"yoast-schema-graph\">{\"@context\":\"https:\/\/schema.org\",\"@graph\":[{\"@type\":\"WebPage\",\"@id\":\"https:\/\/www.myvize.com.tr\/letonya\/konsolosluklar\/bursa-fahri-konsoloslugu\/\",\"url\":\"https:\/\/www.myvize.com.tr\/letonya\/konsolosluklar\/bursa-fahri-konsoloslugu\/\",\"name\":\"Letonya Bursa Fahri Konsoloslu\u011fu - MyVize\",\"isPartOf\":{\"@id\":\"https:\/\/www.myvize.com.tr\/letonya\/#website\"},\"datePublished\":\"2020-11-30T10:04:43+00:00\",\"dateModified\":\"2022-04-21T10:13:16+00:00\",\"description\":\"Letonya Bursa Fahri Konsoloslu\u011fu Vize \u0130\u015flemleri Nelerdir? Letonya Bursa Fahri Konsoloslu\u011funa Ula\u015fmak \u0130\u00e7in Hemen T\u0131klay\u0131n.\",\"breadcrumb\":{\"@id\":\"https:\/\/www.myvize.com.tr\/letonya\/konsolosluklar\/bursa-fahri-konsoloslugu\/#breadcrumb\"},\"inLanguage\":\"tr\",\"potentialAction\":[{\"@type\":\"ReadAction\",\"target\":[\"https:\/\/www.myvize.com.tr\/letonya\/konsolosluklar\/bursa-fahri-konsoloslugu\/\"]}]},{\"@type\":\"BreadcrumbList\",\"@id\":\"https:\/\/www.myvize.com.tr\/letonya\/konsolosluklar\/bursa-fahri-konsoloslugu\/#breadcrumb\",\"itemListElement\":[{\"@type\":\"ListItem\",\"position\":1,\"name\":\"Anasayfa\",\"item\":\"https:\/\/www.myvize.com.tr\/letonya\/\"},{\"@type\":\"ListItem\",\"position\":2,\"name\":\"KONSOLOSLUKLAR\",\"item\":\"https:\/\/www.myvize.com.tr\/letonya\/konsolosluklar\/\"},{\"@type\":\"ListItem\",\"position\":3,\"name\":\"Letonya Bursa Fahri Konsoloslu\u011fu\"}]},{\"@type\":\"WebSite\",\"@id\":\"https:\/\/www.myvize.com.tr\/letonya\/#website\",\"url\":\"https:\/\/www.myvize.com.tr\/letonya\/\",\"name\":\"Letonya Vizesi\",\"description\":\"\",\"potentialAction\":[{\"@type\":\"SearchAction\",\"target\":{\"@type\":\"EntryPoint\",\"urlTemplate\":\"https:\/\/www.myvize.com.tr\/letonya\/?s={search_term_string}\"},\"query-input\":{\"@type\":\"PropertyValueSpecification\",\"valueRequired\":true,\"valueName\":\"search_term_string\"}}],\"inLanguage\":\"tr\"}]}<\/script>\n<!-- \/ Yoast SEO plugin. -->","yoast_head_json":{"title":"Letonya Bursa Fahri Konsoloslu\u011fu - MyVize","description":"Letonya Bursa Fahri Konsoloslu\u011fu Vize \u0130\u015flemleri Nelerdir? Letonya Bursa Fahri Konsoloslu\u011funa Ula\u015fmak \u0130\u00e7in Hemen T\u0131klay\u0131n.","robots":{"index":"index","follow":"follow","max-snippet":"max-snippet:-1","max-image-preview":"max-image-preview:large","max-video-preview":"max-video-preview:-1"},"canonical":"https:\/\/www.myvize.com.tr\/letonya\/konsolosluklar\/bursa-fahri-konsoloslugu\/","og_locale":"tr_TR","og_type":"article","og_title":"Letonya Bursa Fahri Konsoloslu\u011fu - MyVize","og_description":"Letonya Bursa Fahri Konsoloslu\u011fu Vize \u0130\u015flemleri Nelerdir? Letonya Bursa Fahri Konsoloslu\u011funa Ula\u015fmak \u0130\u00e7in Hemen T\u0131klay\u0131n.","og_url":"https:\/\/www.myvize.com.tr\/letonya\/konsolosluklar\/bursa-fahri-konsoloslugu\/","og_site_name":"Letonya Vizesi","article_modified_time":"2022-04-21T10:13:16+00:00","twitter_card":"summary_large_image","twitter_misc":{"Tahmini okuma s\u00fcresi":"2 dakika"},"schema":{"@context":"https:\/\/schema.org","@graph":[{"@type":"WebPage","@id":"https:\/\/www.myvize.com.tr\/letonya\/konsolosluklar\/bursa-fahri-konsoloslugu\/","url":"https:\/\/www.myvize.com.tr\/letonya\/konsolosluklar\/bursa-fahri-konsoloslugu\/","name":"Letonya Bursa Fahri Konsoloslu\u011fu - MyVize","isPartOf":{"@id":"https:\/\/www.myvize.com.tr\/letonya\/#website"},"datePublished":"2020-11-30T10:04:43+00:00","dateModified":"2022-04-21T10:13:16+00:00","description":"Letonya Bursa Fahri Konsoloslu\u011fu Vize \u0130\u015flemleri Nelerdir? Letonya Bursa Fahri Konsoloslu\u011funa Ula\u015fmak \u0130\u00e7in Hemen T\u0131klay\u0131n.","breadcrumb":{"@id":"https:\/\/www.myvize.com.tr\/letonya\/konsolosluklar\/bursa-fahri-konsoloslugu\/#breadcrumb"},"inLanguage":"tr","potentialAction":[{"@type":"ReadAction","target":["https:\/\/www.myvize.com.tr\/letonya\/konsolosluklar\/bursa-fahri-konsoloslugu\/"]}]},{"@type":"BreadcrumbList","@id":"https:\/\/www.myvize.com.tr\/letonya\/konsolosluklar\/bursa-fahri-konsoloslugu\/#breadcrumb","itemListElement":[{"@type":"ListItem","position":1,"name":"Anasayfa","item":"https:\/\/www.myvize.com.tr\/letonya\/"},{"@type":"ListItem","position":2,"name":"KONSOLOSLUKLAR","item":"https:\/\/www.myvize.com.tr\/letonya\/konsolosluklar\/"},{"@type":"ListItem","position":3,"name":"Letonya Bursa Fahri Konsoloslu\u011fu"}]},{"@type":"WebSite","@id":"https:\/\/www.myvize.com.tr\/letonya\/#website","url":"https:\/\/www.myvize.com.tr\/letonya\/","name":"Letonya Vizesi","description":"","potentialAction":[{"@type":"SearchAction","target":{"@type":"EntryPoint","urlTemplate":"https:\/\/www.myvize.com.tr\/letonya\/?s={search_term_string}"},"query-input":{"@type":"PropertyValueSpecification","valueRequired":true,"valueName":"search_term_string"}}],"inLanguage":"tr"}]}},"_links":{"self":[{"href":"https:\/\/www.myvize.com.tr\/letonya\/wp-json\/wp\/v2\/pages\/82","targetHints":{"allow":["GET"]}}],"collection":[{"href":"https:\/\/www.myvize.com.tr\/letonya\/wp-json\/wp\/v2\/pages"}],"about":[{"href":"https:\/\/www.myvize.com.tr\/letonya\/wp-json\/wp\/v2\/types\/page"}],"author":[{"embeddable":true,"href":"https:\/\/www.myvize.com.tr\/letonya\/wp-json\/wp\/v2\/users\/1"}],"replies":[{"embeddable":true,"href":"https:\/\/www.myvize.com.tr\/letonya\/wp-json\/wp\/v2\/comments?post=82"}],"version-history":[{"count":5,"href":"https:\/\/www.myvize.com.tr\/letonya\/wp-json\/wp\/v2\/pages\/82\/revisions"}],"predecessor-version":[{"id":778,"href":"https:\/\/www.myvize.com.tr\/letonya\/wp-json\/wp\/v2\/pages\/82\/revisions\/778"}],"up":[{"embeddable":true,"href":"https:\/\/www.myvize.com.tr\/letonya\/wp-json\/wp\/v2\/pages\/69"}],"wp:attachment":[{"href":"https:\/\/www.myvize.com.tr\/letonya\/wp-json\/wp\/v2\/media?parent=82"}],"curies":[{"name":"wp","href":"https:\/\/api.w.org\/{rel}","templated":true}]}}