{"id":86,"date":"2020-11-30T13:05:31","date_gmt":"2020-11-30T10:05:31","guid":{"rendered":"https:\/\/www.myvize.com.tr\/letonya\/?page_id=86"},"modified":"2022-01-14T13:26:10","modified_gmt":"2022-01-14T10:26:10","slug":"edirne-fahri-konsoloslugu","status":"publish","type":"page","link":"https:\/\/www.myvize.com.tr\/letonya\/konsolosluklar\/edirne-fahri-konsoloslugu\/","title":{"rendered":"Letonya Edirne Fahri Konsoloslu\u011fu"},"content":{"rendered":"<h2><span style=\"font-family: Roboto; font-size: 27px;\"><strong>Letonya Edirne Fahri Konsoloslu\u011fu Hakk\u0131nda<\/strong><\/span><\/h2>\n<p><span style=\"font-family: Roboto; font-size: 14px;\"><strong>Letonya Edirne Fahri Konsoloslu\u011fu<\/strong>, T\u00fcrkiye\u2019de ikamet eden ya da belli ama\u00e7 \u00e7er\u00e7evesinde \u00fclkemizde konaklayan<strong> Letonya vatanda\u015f\u0131<\/strong> i\u00e7in Edirne Konsolosluk hizmeti sunuyor. Fakat vize i\u015flemleri y\u00fcr\u00fctmek ve onaylamak t\u00fcr\u00fc yetkisi bulunmamaktad\u0131r. Bu y\u00fczden Letonya H\u00fck\u00fbmet taraf\u0131ndan Letonya <span style=\"color: #2acec2;\"><strong><a style=\"color: #2acec2;\" href=\"https:\/\/www.myvize.com.tr\/letonya\/subelerimiz\/edirne\/\" target=\"_blank\" rel=\"noopener\">Edirne <\/a><\/strong><\/span>Fahri konsoloslu\u011fu vize i\u015flemi i\u00e7in yetkilendirilmi\u015ftir. Letonya Edirne konsoloslu\u011funda Letonya devleti ile ilgili i\u015flem yap\u0131lmaktad\u0131r.<\/span><br \/>\n<span style=\"font-family: Roboto; font-size: 14px;\">Letonya Edirne Fahri Konsoloslu\u011fu,<strong> Letonya vatanda\u015f\u0131<\/strong> pasaport, do\u011fum, kimlik de\u011fi\u015ftirme gibi i\u015flemde yard\u0131mc\u0131 olmakta. Bunun yan\u0131nda Letonya vatanda\u015f\u0131n noter i\u015flemlerini yapmaktad\u0131r. Ayr\u0131ca T\u00fcrkiye ve Letonya aras\u0131nda ticari, k\u00fclt\u00fcrel, ekonomik, sosyal, siyasal ili\u015fkileri geli\u015ftirme ama\u00e7lanmaktad\u0131r. Fakat hi\u00e7bir diplomat yetki bulunmamaktad\u0131r.<\/span><br \/>\n<span style=\"font-family: Roboto; font-size: 14px;\">T\u00fcrkiye Cumhuriyeti Devlet s\u0131n\u0131r\u0131 i\u00e7inde Letonya Devlet fahri temsilcilik g\u00f6rev y\u00fcr\u00fcten<strong> Letonya Edirne Fahri Konsoloslu\u011fu<\/strong>, T\u00fcrkiye ile Letonya aras\u0131 kar\u015f\u0131l\u0131kl\u0131 ticaret, ekonomik ve k\u00fclt\u00fcr ili\u015fkisi geli\u015ftirmek amac\u0131yla proje y\u00fcr\u00fctmektedir.<\/span><br \/>\n<span style=\"font-family: Roboto; font-size: 14px;\"><strong>Letonya Edirne Fahri Konsoloslu\u011fu<\/strong> diplomat\u0131 yetki sahip olmamas\u0131 ra\u011fmen Letonya ticari ile \u00e7al\u0131\u015fma amac\u0131n\u0131 seyahat ger\u00e7ekle\u015ftirecek ki\u015fiye, <span style=\"color: #2acec2;\"><a style=\"color: #2acec2;\" href=\"https:\/\/www.myvize.com.tr\/letonya\/vize-islemleri\/letonya-vizesi\/\" target=\"_blank\" rel=\"noopener\"><strong>Letonya vizesi<\/strong><\/a><\/span> i\u015flem prosed\u00fcr\u00fc hakk\u0131nda destek vermekte. Letonya\u2019da 3 ayda uzun s\u00fcre ikamet etme isteyen T\u00fcrkiye Cumhuriyet vatanda\u015flar\u0131, uzun s\u00fcre ikamet vizesi ba\u015fvurusu i\u00e7in<strong> Letonya Edirne Fahri Konsoloslu\u011fuyla<\/strong> irtibat ge\u00e7erek, bilgi al\u0131nmas\u0131 \u00f6nerilir.<\/span><\/p>\n<h2><span style=\"font-family: Roboto; font-size: 27px;\"><b>Edirne Fahri Konsoloslu\u011fu<\/b><\/span><\/h2>\n<p><span style=\"font-family: Roboto; font-size: 14px;\"><strong>Letonya vatanda\u015flar\u0131,<\/strong> Edirne Fahri Konsoloslu\u011fu\u00a0ile gerekli olan baz\u0131 i\u015flemlerini ger\u00e7ekle\u015ftirebilmektedir. Letonya vatanda\u015flar\u0131 noter i\u015flemleri, do\u011fum, vefat, pasaport veya kimlik yenileme ile evlilik gibi i\u015flemler i\u00e7in\u00a0<strong>Edirne Fahri Konsoloslu\u011fu<\/strong><strong>\u00a0<\/strong>ile irtibata ge\u00e7erek i\u015flemlerin yap\u0131lmas\u0131n\u0131 talep edebilirler.<\/span><\/p>\n<p><span style=\"font-family: Roboto; font-size: 14px;\">Letonya vatanda\u015flar\u0131<span style=\"color: #2acec2;\"><strong><a style=\"color: #2acec2;\" href=\"https:\/\/www.myvize.com.tr\/letonya\/subelerimiz\/istanbul\/\" target=\"_blank\" rel=\"noopener\"> \u0130stanbul<\/a><\/strong><\/span>, Ankara, Adana, Bursa ve Antalya gibi bir\u00e7ok farkl\u0131 ilde bulunan fahri konsolosluklar sayesinde i\u015flemlerini ger\u00e7ekle\u015ftirebilece\u011fi gibi T\u00fcrk vatanda\u015flar\u0131 da vize ba\u015fvuru i\u015flemlerini bu konsolosluklarda ger\u00e7ekle\u015ftirebilirler. Edirne ilinde ikamet eden veya bulunan Letonya vatanda\u015flar\u0131\u00a0<strong>Edirne Fahri Konsoloslu\u011fu<\/strong><strong>\u00a0<\/strong>ile irtibata ge\u00e7ebilirler.<\/span><\/p>\n<p><span style=\"font-family: Roboto; font-size: 14px;\"><strong>Letonya vatanda\u015flar\u0131<\/strong> e\u011fitim, bas\u0131n ve k\u00fclt\u00fcr ile ticari baz\u0131 i\u015flemleri i\u00e7in konsolosluk ile ileti\u015fime ge\u00e7ebileceklerdir. Bu sayede iki \u00fclke aras\u0131ndaki ili\u015fkiler ve baz\u0131 i\u015flemler rahatl\u0131kla yap\u0131labilmektedir. Konsolosluklar, iki \u00fclke aras\u0131ndaki farkl\u0131 nitelikte i\u015flemler i\u00e7in mevcut ili\u015fkileri geli\u015ftirmede \u00f6nemli konumdad\u0131r. Ayn\u0131 zamanda Letonya\u2019n\u0131n tan\u0131t\u0131m\u0131 i\u00e7in de baz\u0131 organizasyonlar d\u00fczenlenebilmektedir.<\/span><\/p>\n<p><span style=\"font-family: Roboto; font-size: 14px;\"><strong>Letonya vatanda\u015flar\u0131<\/strong> ihtiya\u00e7 duyduklar\u0131 pek \u00e7ok resmi evrak ve i\u015flemler i\u00e7in de Letonya fahri konsolosluklar\u0131n\u0131 tercih edebilirler. T\u00fcrk vatanda\u015flar\u0131 da vize ba\u015fvuru i\u015flemleri i\u00e7in fahri konsolosluklara m\u00fcracaat edebilirler.<\/span><\/p>\n","protected":false},"excerpt":{"rendered":"<p>Letonya Edirne Fahri Konsoloslu\u011fu Hakk\u0131nda Letonya Edirne Fahri Konsoloslu\u011fu, T\u00fcrkiye\u2019de ikamet eden ya da belli ama\u00e7 \u00e7er\u00e7evesinde \u00fclkemizde konaklayan Letonya vatanda\u015f\u0131 i\u00e7in Edirne Konsolosluk hizmeti sunuyor. Fakat vize i\u015flemleri y\u00fcr\u00fctmek ve onaylamak t\u00fcr\u00fc yetkisi bulunmamaktad\u0131r. Bu y\u00fczden Letonya H\u00fck\u00fbmet taraf\u0131ndan Letonya Edirne Fahri konsoloslu\u011fu vize i\u015flemi i\u00e7in yetkilendirilmi\u015ftir. Letonya Edirne konsoloslu\u011funda Letonya devleti ile ilgili<\/p>\n","protected":false},"author":1,"featured_media":0,"parent":69,"menu_order":0,"comment_status":"open","ping_status":"closed","template":"","meta":{"footnotes":""},"class_list":["post-86","page","type-page","status-publish","hentry"],"yoast_head":"<!-- This site is optimized with the Yoast SEO plugin v24.0 - https:\/\/yoast.com\/wordpress\/plugins\/seo\/ -->\n<title>Letonya Edirne Fahri Konsoloslu\u011fu - MyVize<\/title>\n<meta name=\"description\" content=\"Letonya Edirne Fahri Konsoloslu\u011fu \u0130leti\u015fim Bilgileri Telefon Numaras\u0131 Mail Adresi Bilgileri \u0130\u00e7erir. Letonya Vize Dan\u0131\u015fman\u0131 \u0130\u00e7in Hemen Aray\u0131n.\" \/>\n<meta name=\"robots\" content=\"index, follow, max-snippet:-1, max-image-preview:large, max-video-preview:-1\" \/>\n<link rel=\"canonical\" href=\"https:\/\/www.myvize.com.tr\/letonya\/konsolosluklar\/edirne-fahri-konsoloslugu\/\" \/>\n<meta property=\"og:locale\" content=\"tr_TR\" \/>\n<meta property=\"og:type\" content=\"article\" \/>\n<meta property=\"og:title\" content=\"Letonya Edirne Fahri Konsoloslu\u011fu - MyVize\" \/>\n<meta property=\"og:description\" content=\"Letonya Edirne Fahri Konsoloslu\u011fu \u0130leti\u015fim Bilgileri Telefon Numaras\u0131 Mail Adresi Bilgileri \u0130\u00e7erir. Letonya Vize Dan\u0131\u015fman\u0131 \u0130\u00e7in Hemen Aray\u0131n.\" \/>\n<meta property=\"og:url\" content=\"https:\/\/www.myvize.com.tr\/letonya\/konsolosluklar\/edirne-fahri-konsoloslugu\/\" \/>\n<meta property=\"og:site_name\" content=\"Letonya Vizesi\" \/>\n<meta property=\"article:modified_time\" content=\"2022-01-14T10:26:10+00:00\" \/>\n<meta name=\"twitter:card\" content=\"summary_large_image\" \/>\n<meta name=\"twitter:label1\" content=\"Tahmini okuma s\u00fcresi\" \/>\n\t<meta name=\"twitter:data1\" content=\"2 dakika\" \/>\n<script type=\"application\/ld+json\" class=\"yoast-schema-graph\">{\"@context\":\"https:\/\/schema.org\",\"@graph\":[{\"@type\":\"WebPage\",\"@id\":\"https:\/\/www.myvize.com.tr\/letonya\/konsolosluklar\/edirne-fahri-konsoloslugu\/\",\"url\":\"https:\/\/www.myvize.com.tr\/letonya\/konsolosluklar\/edirne-fahri-konsoloslugu\/\",\"name\":\"Letonya Edirne Fahri Konsoloslu\u011fu - MyVize\",\"isPartOf\":{\"@id\":\"https:\/\/www.myvize.com.tr\/letonya\/#website\"},\"datePublished\":\"2020-11-30T10:05:31+00:00\",\"dateModified\":\"2022-01-14T10:26:10+00:00\",\"description\":\"Letonya Edirne Fahri Konsoloslu\u011fu \u0130leti\u015fim Bilgileri Telefon Numaras\u0131 Mail Adresi Bilgileri \u0130\u00e7erir. Letonya Vize Dan\u0131\u015fman\u0131 \u0130\u00e7in Hemen Aray\u0131n.\",\"breadcrumb\":{\"@id\":\"https:\/\/www.myvize.com.tr\/letonya\/konsolosluklar\/edirne-fahri-konsoloslugu\/#breadcrumb\"},\"inLanguage\":\"tr\",\"potentialAction\":[{\"@type\":\"ReadAction\",\"target\":[\"https:\/\/www.myvize.com.tr\/letonya\/konsolosluklar\/edirne-fahri-konsoloslugu\/\"]}]},{\"@type\":\"BreadcrumbList\",\"@id\":\"https:\/\/www.myvize.com.tr\/letonya\/konsolosluklar\/edirne-fahri-konsoloslugu\/#breadcrumb\",\"itemListElement\":[{\"@type\":\"ListItem\",\"position\":1,\"name\":\"Anasayfa\",\"item\":\"https:\/\/www.myvize.com.tr\/letonya\/\"},{\"@type\":\"ListItem\",\"position\":2,\"name\":\"KONSOLOSLUKLAR\",\"item\":\"https:\/\/www.myvize.com.tr\/letonya\/konsolosluklar\/\"},{\"@type\":\"ListItem\",\"position\":3,\"name\":\"Letonya Edirne Fahri Konsoloslu\u011fu\"}]},{\"@type\":\"WebSite\",\"@id\":\"https:\/\/www.myvize.com.tr\/letonya\/#website\",\"url\":\"https:\/\/www.myvize.com.tr\/letonya\/\",\"name\":\"Letonya Vizesi\",\"description\":\"\",\"potentialAction\":[{\"@type\":\"SearchAction\",\"target\":{\"@type\":\"EntryPoint\",\"urlTemplate\":\"https:\/\/www.myvize.com.tr\/letonya\/?s={search_term_string}\"},\"query-input\":{\"@type\":\"PropertyValueSpecification\",\"valueRequired\":true,\"valueName\":\"search_term_string\"}}],\"inLanguage\":\"tr\"}]}<\/script>\n<!-- \/ Yoast SEO plugin. -->","yoast_head_json":{"title":"Letonya Edirne Fahri Konsoloslu\u011fu - MyVize","description":"Letonya Edirne Fahri Konsoloslu\u011fu \u0130leti\u015fim Bilgileri Telefon Numaras\u0131 Mail Adresi Bilgileri \u0130\u00e7erir. Letonya Vize Dan\u0131\u015fman\u0131 \u0130\u00e7in Hemen Aray\u0131n.","robots":{"index":"index","follow":"follow","max-snippet":"max-snippet:-1","max-image-preview":"max-image-preview:large","max-video-preview":"max-video-preview:-1"},"canonical":"https:\/\/www.myvize.com.tr\/letonya\/konsolosluklar\/edirne-fahri-konsoloslugu\/","og_locale":"tr_TR","og_type":"article","og_title":"Letonya Edirne Fahri Konsoloslu\u011fu - MyVize","og_description":"Letonya Edirne Fahri Konsoloslu\u011fu \u0130leti\u015fim Bilgileri Telefon Numaras\u0131 Mail Adresi Bilgileri \u0130\u00e7erir. Letonya Vize Dan\u0131\u015fman\u0131 \u0130\u00e7in Hemen Aray\u0131n.","og_url":"https:\/\/www.myvize.com.tr\/letonya\/konsolosluklar\/edirne-fahri-konsoloslugu\/","og_site_name":"Letonya Vizesi","article_modified_time":"2022-01-14T10:26:10+00:00","twitter_card":"summary_large_image","twitter_misc":{"Tahmini okuma s\u00fcresi":"2 dakika"},"schema":{"@context":"https:\/\/schema.org","@graph":[{"@type":"WebPage","@id":"https:\/\/www.myvize.com.tr\/letonya\/konsolosluklar\/edirne-fahri-konsoloslugu\/","url":"https:\/\/www.myvize.com.tr\/letonya\/konsolosluklar\/edirne-fahri-konsoloslugu\/","name":"Letonya Edirne Fahri Konsoloslu\u011fu - MyVize","isPartOf":{"@id":"https:\/\/www.myvize.com.tr\/letonya\/#website"},"datePublished":"2020-11-30T10:05:31+00:00","dateModified":"2022-01-14T10:26:10+00:00","description":"Letonya Edirne Fahri Konsoloslu\u011fu \u0130leti\u015fim Bilgileri Telefon Numaras\u0131 Mail Adresi Bilgileri \u0130\u00e7erir. Letonya Vize Dan\u0131\u015fman\u0131 \u0130\u00e7in Hemen Aray\u0131n.","breadcrumb":{"@id":"https:\/\/www.myvize.com.tr\/letonya\/konsolosluklar\/edirne-fahri-konsoloslugu\/#breadcrumb"},"inLanguage":"tr","potentialAction":[{"@type":"ReadAction","target":["https:\/\/www.myvize.com.tr\/letonya\/konsolosluklar\/edirne-fahri-konsoloslugu\/"]}]},{"@type":"BreadcrumbList","@id":"https:\/\/www.myvize.com.tr\/letonya\/konsolosluklar\/edirne-fahri-konsoloslugu\/#breadcrumb","itemListElement":[{"@type":"ListItem","position":1,"name":"Anasayfa","item":"https:\/\/www.myvize.com.tr\/letonya\/"},{"@type":"ListItem","position":2,"name":"KONSOLOSLUKLAR","item":"https:\/\/www.myvize.com.tr\/letonya\/konsolosluklar\/"},{"@type":"ListItem","position":3,"name":"Letonya Edirne Fahri Konsoloslu\u011fu"}]},{"@type":"WebSite","@id":"https:\/\/www.myvize.com.tr\/letonya\/#website","url":"https:\/\/www.myvize.com.tr\/letonya\/","name":"Letonya Vizesi","description":"","potentialAction":[{"@type":"SearchAction","target":{"@type":"EntryPoint","urlTemplate":"https:\/\/www.myvize.com.tr\/letonya\/?s={search_term_string}"},"query-input":{"@type":"PropertyValueSpecification","valueRequired":true,"valueName":"search_term_string"}}],"inLanguage":"tr"}]}},"_links":{"self":[{"href":"https:\/\/www.myvize.com.tr\/letonya\/wp-json\/wp\/v2\/pages\/86","targetHints":{"allow":["GET"]}}],"collection":[{"href":"https:\/\/www.myvize.com.tr\/letonya\/wp-json\/wp\/v2\/pages"}],"about":[{"href":"https:\/\/www.myvize.com.tr\/letonya\/wp-json\/wp\/v2\/types\/page"}],"author":[{"embeddable":true,"href":"https:\/\/www.myvize.com.tr\/letonya\/wp-json\/wp\/v2\/users\/1"}],"replies":[{"embeddable":true,"href":"https:\/\/www.myvize.com.tr\/letonya\/wp-json\/wp\/v2\/comments?post=86"}],"version-history":[{"count":5,"href":"https:\/\/www.myvize.com.tr\/letonya\/wp-json\/wp\/v2\/pages\/86\/revisions"}],"predecessor-version":[{"id":667,"href":"https:\/\/www.myvize.com.tr\/letonya\/wp-json\/wp\/v2\/pages\/86\/revisions\/667"}],"up":[{"embeddable":true,"href":"https:\/\/www.myvize.com.tr\/letonya\/wp-json\/wp\/v2\/pages\/69"}],"wp:attachment":[{"href":"https:\/\/www.myvize.com.tr\/letonya\/wp-json\/wp\/v2\/media?parent=86"}],"curies":[{"name":"wp","href":"https:\/\/api.w.org\/{rel}","templated":true}]}}