{"id":88,"date":"2020-11-30T13:05:51","date_gmt":"2020-11-30T10:05:51","guid":{"rendered":"https:\/\/www.myvize.com.tr\/letonya\/?page_id=88"},"modified":"2022-04-21T13:11:47","modified_gmt":"2022-04-21T10:11:47","slug":"bodrum-fahri-konsoloslugu","status":"publish","type":"page","link":"https:\/\/www.myvize.com.tr\/letonya\/konsolosluklar\/bodrum-fahri-konsoloslugu\/","title":{"rendered":"Letonya Bodrum Fahri Konsoloslu\u011fu"},"content":{"rendered":"<h2><span style=\"font-family: Roboto; font-size: 27px;\"><strong>Letonya Bodrum Fahri Konsoloslu\u011fu ile ilgili<\/strong><\/span><\/h2>\n<p><span style=\"font-family: Roboto; font-size: 14px;\"><strong>Letonya Bodrum Fahri Konsoloslu\u011fu<\/strong>, Letonya vatanda\u015f\u0131na pasaport, do\u011fum, \u00f6l\u00fcm, kimlik de\u011fi\u015ftirmesi gibi i\u015flemde yard\u0131mc\u0131 olmaktad\u0131r. Bunun yan\u0131nda Letonya vatanda\u015f\u0131n\u0131n noter i\u015flemini yapmaktad\u0131r. Ayr\u0131ca T\u00fcrkiye ile Letonya aras\u0131ndaki ticari, k\u00fclt\u00fcrel, ekonomi, sosyal, siyasal ili\u015fkiyi geli\u015ftirmeyi ama\u00e7lamaktad\u0131r. Fakat hi\u00e7bir diplomatik yetki bulunmamaktad\u0131r.<\/span><br \/>\n<span style=\"font-family: Roboto; font-size: 14px;\"><strong>Letonya Bodrum Fahri Konsoloslu\u011fu<\/strong> vize ba\u015fvurusunu kabul etme yetkisine sahip de\u011fildir. Vize ba\u015fvurusunu Letonya B\u00fcy\u00fckel\u00e7ili\u011fine ya da ba\u015fkonsoloslu\u011fu y\u00f6nlendirmektedir. Vize ba\u015fvurusu yetkilendirilmi\u015f vize ba\u015fvuru merkezlerine ve acenteye yap\u0131lmaktad\u0131r. Vize ba\u015fvurusunu de\u011ferlendirme yetkisi<strong> Letonya Ankara B\u00fcy\u00fckel\u00e7ili\u011fi<\/strong> ve Letonya Ba\u015fkonsoloslu\u011funa aittir.<\/span><br \/>\n<span style=\"font-family: Roboto; font-size: 14px;\"><strong>Letonya vize ba\u015fvurusu<\/strong> yapt\u0131\u011f\u0131n\u0131z il veya il\u00e7ede evrak\u0131n\u0131z Letonya Ankara B\u00fcy\u00fckel\u00e7ili\u011fine iletilecektir. Letonya vize ba\u015fvurunuz Letonya Ankara B\u00fcy\u00fckel\u00e7ili\u011finde de\u011ferlendirilecek ve sonu\u00e7land\u0131r\u0131laca\u011f\u0131 i\u00e7in ba\u015fvuru yapt\u0131\u011f\u0131n\u0131z il veya il\u00e7e e\u011fer <span style=\"color: #2acec2;\"><strong><a style=\"color: #2acec2;\" href=\"https:\/\/www.myvize.com.tr\/letonya\/konsolosluklar\/ankara-buyukelciligi\/\" target=\"_blank\" rel=\"noopener\">Letonya Ankara B\u00fcy\u00fckel\u00e7ili\u011fi<\/a><\/strong><\/span> g\u00f6rev kapsam\u0131 d\u0131\u015far\u0131s\u0131nda yer al\u0131yorsa,<strong> vize onay s\u00fcreci<\/strong> bir miktar daha uzun s\u00fcrebilir.<\/span><br \/>\n<span style=\"font-family: Roboto; font-size: 14px;\"><strong>Letonya Bodrum Fahri Konsoloslu\u011fu<\/strong>, hafta i\u00e7i her g\u00fcn 09.00- 16.30 saati aras\u0131nda \u00e7al\u0131\u015fmaktad\u0131r. T\u00fcrkiye resm\u00ee tatili ve Letonya resm\u00ee tatilinde hizmet vermemektedir. Tatil g\u00fcnlerinde al\u0131nan randevular ge\u00e7ersiz olup, i\u015flemlerinizi ger\u00e7ekle\u015ftiremezsiniz.<\/span><\/p>\n<h2><span style=\"font-family: Roboto; font-size: 27px;\"><b>Bodrum Fahri Konsoloslu\u011fu Hakk\u0131nda<\/b><\/span><\/h2>\n<p><span style=\"font-family: Roboto; font-size: 14px;\">T\u00fcrkiye\u2019de pek \u00e7ok \u015fehrimizde <strong>Letonya Konsolosluklar\u0131<\/strong> bulunmaktad\u0131r. Adana, Ankara, \u0130stanbul, Antalya, Bursa, Trabzon, Edirne, Gaziantep gibi illerde ikamet eden ya da bulunan Letonya vatanda\u015flar\u0131n\u0131n baz\u0131 i\u015flemlerinin ger\u00e7ekle\u015ftirilmesi i\u00e7in yetkilendirilen fahri konsolosluklar bir\u00e7ok alanda hizmet vermektedir. Fahri konsolosluklar sayesinde<span style=\"color: #2acec2;\"><strong><a style=\"color: #2acec2;\" href=\"https:\/\/www.myvize.com.tr\/letonya\/subelerimiz\/ankara\/\" target=\"_blank\" rel=\"noopener\"> Ankara<\/a><\/strong><\/span> veya Edirne gibi illerde bulunan <strong>Letonya vatanda\u015flar\u0131<\/strong>, farkl\u0131 bir \u015fehirde bulunmalar\u0131 halinde kendilerine en yak\u0131n fahri konsolosluk ile gerekli i\u015flemlerini ger\u00e7ekle\u015ftirebileceklerdir.<\/span><\/p>\n<p><span style=\"font-family: Roboto; font-size: 14px;\">Letonya ve T\u00fcrkiye aras\u0131nda vize uygulamas\u0131 vard\u0131r. Bu nedenle Letonya\u2019ya gitmek istene T\u00fcrk vatanda\u015flar\u0131 vize almak zorundad\u0131r. Vize ba\u015fvurusunu yapmadan \u00f6nce ise konsolosluklar \u00fczerinden ba\u015fvuru i\u00e7in talep edilen evraklar \u00f6\u011frenilebilmektedir. Bu \u015fekilde \u00f6nceden haz\u0131rl\u0131k yap\u0131larak vize ba\u015fvurusunda bulunmak olduk\u00e7a kolayl\u0131k sa\u011flamaktad\u0131r.<\/span><\/p>\n<p><span style=\"font-family: Roboto; font-size: 14px;\"><strong>Bodrum Fahri Konsoloslu\u011fu<\/strong>\u00a0Letonya vatanda\u015flar\u0131 i\u00e7in do\u011fum, \u00f6l\u00fcm, vefat, evlilik veya noter i\u015flemleri gibi \u00f6nemli bir tak\u0131m faaliyetlerini y\u00fcr\u00fctmede ve ba\u015fvurularda yard\u0131mc\u0131 olabilmekte ve baz\u0131 ba\u015fvurular\u0131 alabilmektedir.<\/span><\/p>\n<p><span style=\"font-family: Roboto; font-size: 14px;\"><strong>Letonya Bodrum Fahri Konsoloslu\u011fu,<\/strong> hafta i\u00e7i olmak \u00fczere her g\u00fcn saat 09.00-16.30 aras\u0131nda T\u00fcrk ve Letonya vatanda\u015flar\u0131na hizmet vermektedir. Ayr\u0131ca T\u00fcrkiye ve Letonya\u2019n\u0131n resmi tatil g\u00fcnlerinde hizmet vermemektedir.<\/span><\/p>\n","protected":false},"excerpt":{"rendered":"<p>Letonya Bodrum Fahri Konsoloslu\u011fu ile ilgili Letonya Bodrum Fahri Konsoloslu\u011fu, Letonya vatanda\u015f\u0131na pasaport, do\u011fum, \u00f6l\u00fcm, kimlik de\u011fi\u015ftirmesi gibi i\u015flemde yard\u0131mc\u0131 olmaktad\u0131r. Bunun yan\u0131nda Letonya vatanda\u015f\u0131n\u0131n noter i\u015flemini yapmaktad\u0131r. Ayr\u0131ca T\u00fcrkiye ile Letonya aras\u0131ndaki ticari, k\u00fclt\u00fcrel, ekonomi, sosyal, siyasal ili\u015fkiyi geli\u015ftirmeyi ama\u00e7lamaktad\u0131r. Fakat hi\u00e7bir diplomatik yetki bulunmamaktad\u0131r. Letonya Bodrum Fahri Konsoloslu\u011fu vize ba\u015fvurusunu kabul etme yetkisine<\/p>\n","protected":false},"author":1,"featured_media":0,"parent":69,"menu_order":0,"comment_status":"open","ping_status":"closed","template":"","meta":{"footnotes":""},"class_list":["post-88","page","type-page","status-publish","hentry"],"yoast_head":"<!-- This site is optimized with the Yoast SEO plugin v24.0 - https:\/\/yoast.com\/wordpress\/plugins\/seo\/ -->\n<title>Letonya Bodrum Fahri Konsoloslu\u011fu - MyVize<\/title>\n<meta name=\"description\" content=\"Letonya Bodrum Fahri Konsoloslu\u011fu \u0130leti\u015fim Bilgileri Telefon Numaras\u0131 Mail Adresi Bilgileri \u0130\u00e7erir. Letonya Vize Dan\u0131\u015fman\u0131 \u0130\u00e7in Hemen Aray\u0131n.\" \/>\n<meta name=\"robots\" content=\"index, follow, max-snippet:-1, max-image-preview:large, max-video-preview:-1\" \/>\n<link rel=\"canonical\" href=\"https:\/\/www.myvize.com.tr\/letonya\/konsolosluklar\/bodrum-fahri-konsoloslugu\/\" \/>\n<meta property=\"og:locale\" content=\"tr_TR\" \/>\n<meta property=\"og:type\" content=\"article\" \/>\n<meta property=\"og:title\" content=\"Letonya Bodrum Fahri Konsoloslu\u011fu - MyVize\" \/>\n<meta property=\"og:description\" content=\"Letonya Bodrum Fahri Konsoloslu\u011fu \u0130leti\u015fim Bilgileri Telefon Numaras\u0131 Mail Adresi Bilgileri \u0130\u00e7erir. Letonya Vize Dan\u0131\u015fman\u0131 \u0130\u00e7in Hemen Aray\u0131n.\" \/>\n<meta property=\"og:url\" content=\"https:\/\/www.myvize.com.tr\/letonya\/konsolosluklar\/bodrum-fahri-konsoloslugu\/\" \/>\n<meta property=\"og:site_name\" content=\"Letonya Vizesi\" \/>\n<meta property=\"article:modified_time\" content=\"2022-04-21T10:11:47+00:00\" \/>\n<meta name=\"twitter:card\" content=\"summary_large_image\" \/>\n<meta name=\"twitter:label1\" content=\"Tahmini okuma s\u00fcresi\" \/>\n\t<meta name=\"twitter:data1\" content=\"2 dakika\" \/>\n<script type=\"application\/ld+json\" class=\"yoast-schema-graph\">{\"@context\":\"https:\/\/schema.org\",\"@graph\":[{\"@type\":\"WebPage\",\"@id\":\"https:\/\/www.myvize.com.tr\/letonya\/konsolosluklar\/bodrum-fahri-konsoloslugu\/\",\"url\":\"https:\/\/www.myvize.com.tr\/letonya\/konsolosluklar\/bodrum-fahri-konsoloslugu\/\",\"name\":\"Letonya Bodrum Fahri Konsoloslu\u011fu - MyVize\",\"isPartOf\":{\"@id\":\"https:\/\/www.myvize.com.tr\/letonya\/#website\"},\"datePublished\":\"2020-11-30T10:05:51+00:00\",\"dateModified\":\"2022-04-21T10:11:47+00:00\",\"description\":\"Letonya Bodrum Fahri Konsoloslu\u011fu \u0130leti\u015fim Bilgileri Telefon Numaras\u0131 Mail Adresi Bilgileri \u0130\u00e7erir. Letonya Vize Dan\u0131\u015fman\u0131 \u0130\u00e7in Hemen Aray\u0131n.\",\"breadcrumb\":{\"@id\":\"https:\/\/www.myvize.com.tr\/letonya\/konsolosluklar\/bodrum-fahri-konsoloslugu\/#breadcrumb\"},\"inLanguage\":\"tr\",\"potentialAction\":[{\"@type\":\"ReadAction\",\"target\":[\"https:\/\/www.myvize.com.tr\/letonya\/konsolosluklar\/bodrum-fahri-konsoloslugu\/\"]}]},{\"@type\":\"BreadcrumbList\",\"@id\":\"https:\/\/www.myvize.com.tr\/letonya\/konsolosluklar\/bodrum-fahri-konsoloslugu\/#breadcrumb\",\"itemListElement\":[{\"@type\":\"ListItem\",\"position\":1,\"name\":\"Anasayfa\",\"item\":\"https:\/\/www.myvize.com.tr\/letonya\/\"},{\"@type\":\"ListItem\",\"position\":2,\"name\":\"KONSOLOSLUKLAR\",\"item\":\"https:\/\/www.myvize.com.tr\/letonya\/konsolosluklar\/\"},{\"@type\":\"ListItem\",\"position\":3,\"name\":\"Letonya Bodrum Fahri Konsoloslu\u011fu\"}]},{\"@type\":\"WebSite\",\"@id\":\"https:\/\/www.myvize.com.tr\/letonya\/#website\",\"url\":\"https:\/\/www.myvize.com.tr\/letonya\/\",\"name\":\"Letonya Vizesi\",\"description\":\"\",\"potentialAction\":[{\"@type\":\"SearchAction\",\"target\":{\"@type\":\"EntryPoint\",\"urlTemplate\":\"https:\/\/www.myvize.com.tr\/letonya\/?s={search_term_string}\"},\"query-input\":{\"@type\":\"PropertyValueSpecification\",\"valueRequired\":true,\"valueName\":\"search_term_string\"}}],\"inLanguage\":\"tr\"}]}<\/script>\n<!-- \/ Yoast SEO plugin. -->","yoast_head_json":{"title":"Letonya Bodrum Fahri Konsoloslu\u011fu - MyVize","description":"Letonya Bodrum Fahri Konsoloslu\u011fu \u0130leti\u015fim Bilgileri Telefon Numaras\u0131 Mail Adresi Bilgileri \u0130\u00e7erir. Letonya Vize Dan\u0131\u015fman\u0131 \u0130\u00e7in Hemen Aray\u0131n.","robots":{"index":"index","follow":"follow","max-snippet":"max-snippet:-1","max-image-preview":"max-image-preview:large","max-video-preview":"max-video-preview:-1"},"canonical":"https:\/\/www.myvize.com.tr\/letonya\/konsolosluklar\/bodrum-fahri-konsoloslugu\/","og_locale":"tr_TR","og_type":"article","og_title":"Letonya Bodrum Fahri Konsoloslu\u011fu - MyVize","og_description":"Letonya Bodrum Fahri Konsoloslu\u011fu \u0130leti\u015fim Bilgileri Telefon Numaras\u0131 Mail Adresi Bilgileri \u0130\u00e7erir. Letonya Vize Dan\u0131\u015fman\u0131 \u0130\u00e7in Hemen Aray\u0131n.","og_url":"https:\/\/www.myvize.com.tr\/letonya\/konsolosluklar\/bodrum-fahri-konsoloslugu\/","og_site_name":"Letonya Vizesi","article_modified_time":"2022-04-21T10:11:47+00:00","twitter_card":"summary_large_image","twitter_misc":{"Tahmini okuma s\u00fcresi":"2 dakika"},"schema":{"@context":"https:\/\/schema.org","@graph":[{"@type":"WebPage","@id":"https:\/\/www.myvize.com.tr\/letonya\/konsolosluklar\/bodrum-fahri-konsoloslugu\/","url":"https:\/\/www.myvize.com.tr\/letonya\/konsolosluklar\/bodrum-fahri-konsoloslugu\/","name":"Letonya Bodrum Fahri Konsoloslu\u011fu - MyVize","isPartOf":{"@id":"https:\/\/www.myvize.com.tr\/letonya\/#website"},"datePublished":"2020-11-30T10:05:51+00:00","dateModified":"2022-04-21T10:11:47+00:00","description":"Letonya Bodrum Fahri Konsoloslu\u011fu \u0130leti\u015fim Bilgileri Telefon Numaras\u0131 Mail Adresi Bilgileri \u0130\u00e7erir. Letonya Vize Dan\u0131\u015fman\u0131 \u0130\u00e7in Hemen Aray\u0131n.","breadcrumb":{"@id":"https:\/\/www.myvize.com.tr\/letonya\/konsolosluklar\/bodrum-fahri-konsoloslugu\/#breadcrumb"},"inLanguage":"tr","potentialAction":[{"@type":"ReadAction","target":["https:\/\/www.myvize.com.tr\/letonya\/konsolosluklar\/bodrum-fahri-konsoloslugu\/"]}]},{"@type":"BreadcrumbList","@id":"https:\/\/www.myvize.com.tr\/letonya\/konsolosluklar\/bodrum-fahri-konsoloslugu\/#breadcrumb","itemListElement":[{"@type":"ListItem","position":1,"name":"Anasayfa","item":"https:\/\/www.myvize.com.tr\/letonya\/"},{"@type":"ListItem","position":2,"name":"KONSOLOSLUKLAR","item":"https:\/\/www.myvize.com.tr\/letonya\/konsolosluklar\/"},{"@type":"ListItem","position":3,"name":"Letonya Bodrum Fahri Konsoloslu\u011fu"}]},{"@type":"WebSite","@id":"https:\/\/www.myvize.com.tr\/letonya\/#website","url":"https:\/\/www.myvize.com.tr\/letonya\/","name":"Letonya Vizesi","description":"","potentialAction":[{"@type":"SearchAction","target":{"@type":"EntryPoint","urlTemplate":"https:\/\/www.myvize.com.tr\/letonya\/?s={search_term_string}"},"query-input":{"@type":"PropertyValueSpecification","valueRequired":true,"valueName":"search_term_string"}}],"inLanguage":"tr"}]}},"_links":{"self":[{"href":"https:\/\/www.myvize.com.tr\/letonya\/wp-json\/wp\/v2\/pages\/88","targetHints":{"allow":["GET"]}}],"collection":[{"href":"https:\/\/www.myvize.com.tr\/letonya\/wp-json\/wp\/v2\/pages"}],"about":[{"href":"https:\/\/www.myvize.com.tr\/letonya\/wp-json\/wp\/v2\/types\/page"}],"author":[{"embeddable":true,"href":"https:\/\/www.myvize.com.tr\/letonya\/wp-json\/wp\/v2\/users\/1"}],"replies":[{"embeddable":true,"href":"https:\/\/www.myvize.com.tr\/letonya\/wp-json\/wp\/v2\/comments?post=88"}],"version-history":[{"count":5,"href":"https:\/\/www.myvize.com.tr\/letonya\/wp-json\/wp\/v2\/pages\/88\/revisions"}],"predecessor-version":[{"id":777,"href":"https:\/\/www.myvize.com.tr\/letonya\/wp-json\/wp\/v2\/pages\/88\/revisions\/777"}],"up":[{"embeddable":true,"href":"https:\/\/www.myvize.com.tr\/letonya\/wp-json\/wp\/v2\/pages\/69"}],"wp:attachment":[{"href":"https:\/\/www.myvize.com.tr\/letonya\/wp-json\/wp\/v2\/media?parent=88"}],"curies":[{"name":"wp","href":"https:\/\/api.w.org\/{rel}","templated":true}]}}