{"id":90,"date":"2020-11-30T13:06:29","date_gmt":"2020-11-30T10:06:29","guid":{"rendered":"https:\/\/www.myvize.com.tr\/letonya\/?page_id=90"},"modified":"2022-01-14T13:25:58","modified_gmt":"2022-01-14T10:25:58","slug":"gaziantep-fahri-konsoloslugu","status":"publish","type":"page","link":"https:\/\/www.myvize.com.tr\/letonya\/konsolosluklar\/gaziantep-fahri-konsoloslugu\/","title":{"rendered":"Letonya Gaziantep Fahri Konsoloslu\u011fu"},"content":{"rendered":"<h2><span style=\"font-family: Roboto; font-size: 27px;\"><strong>Letonya Gaziantep Fahri Konsoloslu\u011fu Hakk\u0131nda<\/strong><\/span><\/h2>\n<p><span style=\"font-family: Roboto; font-size: 14px;\"><strong>Letonya Gaziantep Fahri Konsoloslu\u011fu<\/strong>, hafta i\u00e7i her g\u00fcn 08.30- 17.00 saat aras\u0131nda \u00e7al\u0131\u015fmaktad\u0131r. T\u00fcrkiye resm\u00ee tatil ile Letonya resm\u00ee tatilde hizmet vermemektedir. Tatil g\u00fcn\u00fc al\u0131nan randevu ge\u00e7ersiz olup, i\u015fleminizi ger\u00e7ekle\u015ftiremezsiniz.<\/span><br \/>\n<span style=\"font-family: Roboto; font-size: 14px;\"><strong>Letonya Gaziantep Fahri Konsoloslu\u011fu<\/strong>, T\u00fcrkiye\u2019de ikamet eden veya belli ama\u00e7 \u00e7er\u00e7evesinde \u00fclkemizde konaklayan Letonya vatanda\u015f\u0131 i\u00e7in Gaziantep Konsolosluk hizmeti sunuyor. Fakat vize i\u015flemi y\u00fcr\u00fctmek ve onaylamak gibi yetkisi bulunmamaktad\u0131r. Bu y\u00fczden Letonya H\u00fck\u00fbmeti taraf\u0131ndan <strong>Letonya Gaziantep Fahri konsoloslu\u011fu<\/strong> vize i\u015flemi i\u00e7in yetkilendirilmi\u015ftir. Letonya Gaziantep konsoloslu\u011funda Letonya devleti ile ilgili i\u015flemler yap\u0131lmaktad\u0131r.<\/span><br \/>\n<span style=\"font-family: Roboto; font-size: 14px;\">T\u00fcrkiye Cumhuriyeti Devlet s\u0131n\u0131rlar\u0131 i\u00e7inde Letonya Devleti fahri temsilcilik g\u00f6rev y\u00fcr\u00fcten Letonya Gaziantep Fahri Konsoloslu\u011fu, T\u00fcrkiye ve Letonya aras\u0131nda kar\u015f\u0131l\u0131kl\u0131 ticari, ekonomik ve k\u00fclt\u00fcr ili\u015fkisini geli\u015ftirmek amac\u0131yla proje y\u00fcr\u00fctmektedir.<\/span><br \/>\n<span style=\"font-family: Roboto; font-size: 14px;\"><strong>Letonya Gaziantep Fahri Konsoloslu\u011fu<\/strong> diplomat yetki sahip olmamas\u0131 ra\u011fmen Letonya&#8217;ya ticari ile \u00e7al\u0131\u015fma amac\u0131 seyahat ger\u00e7ekle\u015ftirecek ki\u015fiye,<span style=\"color: #2acec2;\"><strong><a style=\"color: #2acec2;\" href=\"https:\/\/www.myvize.com.tr\/letonya\/vize-islemleri\/letonya-vizesi\/\" target=\"_blank\" rel=\"noopener\"> Letonya vizesi<\/a><\/strong><\/span> i\u015flem prosed\u00fcr\u00fc hakk\u0131nda destek vermektedir. Letonya\u2019da 3 aydan uzun s\u00fcre ikamet etme isteyen T\u00fcrkiye Cumhuriyet vatanda\u015f\u0131, uzun s\u00fcreli ikamet vizesi ba\u015fvurusu i\u00e7in <strong>Letonya Gaziantep Fahri Konsoloslu\u011fuyla<\/strong> irtibat ge\u00e7erek, bilgi almas\u0131 \u00f6nerilir.<\/span><\/p>\n<h2><span style=\"font-family: Roboto; font-size: 27px;\"><b>Letonya Gaziantep Fahri Konsoloslu\u011fu ile \u0130lgili<\/b><\/span><\/h2>\n<p><span style=\"font-family: Roboto; font-size: 14px;\"><strong>Letonya Gaziantep Fahri Konsoloslu\u011fu<\/strong>, ihtiya\u00e7 duyan Letonya ve T\u00fcrkiye vatanda\u015flar\u0131 i\u00e7in hafta i\u00e7i her g\u00fcn olmak \u00fczere 08.30 ile 17.00 aras\u0131 hizmet vermektedir. T\u00fcrkiye ve Letonya\u2019n\u0131n resm\u00ee tatil g\u00fcnlerinde ise hizmet vermemektedir. Tatil g\u00fcnleri i\u00e7in olu\u015fturulan randevu planlar\u0131 ge\u00e7ersiz olup, i\u015flemlerin ger\u00e7ekle\u015ftirilmesi i\u00e7in farkl\u0131 bir g\u00fcn ve saate randevu al\u0131nmas\u0131 gereklidir.<\/span><br \/>\n<span style=\"font-family: Roboto; font-size: 14px;\"><strong>Gaziantep Fahri Konsoloslu\u011fu<\/strong>, T\u00fcrkiye\u2019de bulunan ve ikamet eden; farkl\u0131 ama\u00e7 \u00e7er\u00e7evesinde T\u00fcrkiye\u2019de bulunan veya konaklayan Letonya vatanda\u015flar\u0131 i\u00e7in <strong>Gaziantep Konsoloslu\u011fu<\/strong> baz\u0131 hizmetleri vermektedir. Vize ba\u015fvuru, i\u015flemleri y\u00fcr\u00fctmek veya onaylamak gibi yetkisi olmayan konsolosluklar daha sosyal bir g\u00f6rev \u00fcstlenmektedir. <strong>Letonya Gaziantep konsoloslu\u011fu<\/strong>, <span style=\"color: #2acec2;\"><strong><a style=\"color: #2acec2;\" href=\"https:\/\/www.myvize.com.tr\/letonya\/subelerimiz\/gaziantep\/\" target=\"_blank\" rel=\"noopener\">Gaziantep<\/a><\/strong><\/span> ili i\u00e7in Letonya odakl\u0131 baz\u0131 \u00f6zel i\u015flemleri ger\u00e7ekle\u015ftirebilmektedir.<\/span><\/p>\n<p><span style=\"font-family: Roboto; font-size: 14px;\">T\u00fcrkiye Cumhuriyeti Devleti \u00fclke s\u0131n\u0131rlar\u0131 i\u00e7inde Letonya Devleti fahri olarak temsilcilik g\u00f6revini verdi\u011fi konsolosluklardan olan Letonya\u00a0<strong>Gaziantep Fahri Konsoloslu\u011fu<\/strong>, iki \u00fclke aras\u0131nda ticari, turistik, ekonomik ve k\u00fclt\u00fcrel ili\u015fkileri geli\u015ftirmek ve zenginle\u015ftirmek amac\u0131yla \u00f6zel projelere imza atmaktad\u0131r. Fahri konsolosluk d\u00fczeyinde hizmet veren\u00a0<strong>Gaziantep Fahri Konsoloslu\u011fu<\/strong>, vize verme yetkisi olmamas\u0131na ra\u011fmen vize i\u015flemleri i\u00e7in yard\u0131mc\u0131 nitelikte baz\u0131 destek hizmetleri sunabilmektedir.<\/span><\/p>\n","protected":false},"excerpt":{"rendered":"<p>Letonya Gaziantep Fahri Konsoloslu\u011fu Hakk\u0131nda Letonya Gaziantep Fahri Konsoloslu\u011fu, hafta i\u00e7i her g\u00fcn 08.30- 17.00 saat aras\u0131nda \u00e7al\u0131\u015fmaktad\u0131r. T\u00fcrkiye resm\u00ee tatil ile Letonya resm\u00ee tatilde hizmet vermemektedir. Tatil g\u00fcn\u00fc al\u0131nan randevu ge\u00e7ersiz olup, i\u015fleminizi ger\u00e7ekle\u015ftiremezsiniz. Letonya Gaziantep Fahri Konsoloslu\u011fu, T\u00fcrkiye\u2019de ikamet eden veya belli ama\u00e7 \u00e7er\u00e7evesinde \u00fclkemizde konaklayan Letonya vatanda\u015f\u0131 i\u00e7in Gaziantep Konsolosluk hizmeti sunuyor.<\/p>\n","protected":false},"author":1,"featured_media":0,"parent":69,"menu_order":0,"comment_status":"open","ping_status":"closed","template":"","meta":{"footnotes":""},"class_list":["post-90","page","type-page","status-publish","hentry"],"yoast_head":"<!-- This site is optimized with the Yoast SEO plugin v24.0 - https:\/\/yoast.com\/wordpress\/plugins\/seo\/ -->\n<title>Letonya Gaziantep Fahri Konsoloslu\u011fu - MyVize<\/title>\n<meta name=\"description\" content=\"Letonya Gaziantep Konsoloslu\u011fu \u0130leti\u015fim Bilgileri Telefon Numaras\u0131 Mail Adresi Bilgileri \u0130\u00e7erir. Letonya Vize Dan\u0131\u015fman\u0131 \u0130\u00e7in Hemen Aray\u0131n.\" \/>\n<meta name=\"robots\" content=\"index, follow, max-snippet:-1, max-image-preview:large, max-video-preview:-1\" \/>\n<link rel=\"canonical\" href=\"https:\/\/www.myvize.com.tr\/letonya\/konsolosluklar\/gaziantep-fahri-konsoloslugu\/\" \/>\n<meta property=\"og:locale\" content=\"tr_TR\" \/>\n<meta property=\"og:type\" content=\"article\" \/>\n<meta property=\"og:title\" content=\"Letonya Gaziantep Fahri Konsoloslu\u011fu - MyVize\" \/>\n<meta property=\"og:description\" content=\"Letonya Gaziantep Konsoloslu\u011fu \u0130leti\u015fim Bilgileri Telefon Numaras\u0131 Mail Adresi Bilgileri \u0130\u00e7erir. Letonya Vize Dan\u0131\u015fman\u0131 \u0130\u00e7in Hemen Aray\u0131n.\" \/>\n<meta property=\"og:url\" content=\"https:\/\/www.myvize.com.tr\/letonya\/konsolosluklar\/gaziantep-fahri-konsoloslugu\/\" \/>\n<meta property=\"og:site_name\" content=\"Letonya Vizesi\" \/>\n<meta property=\"article:modified_time\" content=\"2022-01-14T10:25:58+00:00\" \/>\n<meta name=\"twitter:card\" content=\"summary_large_image\" \/>\n<meta name=\"twitter:label1\" content=\"Tahmini okuma s\u00fcresi\" \/>\n\t<meta name=\"twitter:data1\" content=\"2 dakika\" \/>\n<script type=\"application\/ld+json\" class=\"yoast-schema-graph\">{\"@context\":\"https:\/\/schema.org\",\"@graph\":[{\"@type\":\"WebPage\",\"@id\":\"https:\/\/www.myvize.com.tr\/letonya\/konsolosluklar\/gaziantep-fahri-konsoloslugu\/\",\"url\":\"https:\/\/www.myvize.com.tr\/letonya\/konsolosluklar\/gaziantep-fahri-konsoloslugu\/\",\"name\":\"Letonya Gaziantep Fahri Konsoloslu\u011fu - MyVize\",\"isPartOf\":{\"@id\":\"https:\/\/www.myvize.com.tr\/letonya\/#website\"},\"datePublished\":\"2020-11-30T10:06:29+00:00\",\"dateModified\":\"2022-01-14T10:25:58+00:00\",\"description\":\"Letonya Gaziantep Konsoloslu\u011fu \u0130leti\u015fim Bilgileri Telefon Numaras\u0131 Mail Adresi Bilgileri \u0130\u00e7erir. Letonya Vize Dan\u0131\u015fman\u0131 \u0130\u00e7in Hemen Aray\u0131n.\",\"breadcrumb\":{\"@id\":\"https:\/\/www.myvize.com.tr\/letonya\/konsolosluklar\/gaziantep-fahri-konsoloslugu\/#breadcrumb\"},\"inLanguage\":\"tr\",\"potentialAction\":[{\"@type\":\"ReadAction\",\"target\":[\"https:\/\/www.myvize.com.tr\/letonya\/konsolosluklar\/gaziantep-fahri-konsoloslugu\/\"]}]},{\"@type\":\"BreadcrumbList\",\"@id\":\"https:\/\/www.myvize.com.tr\/letonya\/konsolosluklar\/gaziantep-fahri-konsoloslugu\/#breadcrumb\",\"itemListElement\":[{\"@type\":\"ListItem\",\"position\":1,\"name\":\"Anasayfa\",\"item\":\"https:\/\/www.myvize.com.tr\/letonya\/\"},{\"@type\":\"ListItem\",\"position\":2,\"name\":\"KONSOLOSLUKLAR\",\"item\":\"https:\/\/www.myvize.com.tr\/letonya\/konsolosluklar\/\"},{\"@type\":\"ListItem\",\"position\":3,\"name\":\"Letonya Gaziantep Fahri Konsoloslu\u011fu\"}]},{\"@type\":\"WebSite\",\"@id\":\"https:\/\/www.myvize.com.tr\/letonya\/#website\",\"url\":\"https:\/\/www.myvize.com.tr\/letonya\/\",\"name\":\"Letonya Vizesi\",\"description\":\"\",\"potentialAction\":[{\"@type\":\"SearchAction\",\"target\":{\"@type\":\"EntryPoint\",\"urlTemplate\":\"https:\/\/www.myvize.com.tr\/letonya\/?s={search_term_string}\"},\"query-input\":{\"@type\":\"PropertyValueSpecification\",\"valueRequired\":true,\"valueName\":\"search_term_string\"}}],\"inLanguage\":\"tr\"}]}<\/script>\n<!-- \/ Yoast SEO plugin. -->","yoast_head_json":{"title":"Letonya Gaziantep Fahri Konsoloslu\u011fu - MyVize","description":"Letonya Gaziantep Konsoloslu\u011fu \u0130leti\u015fim Bilgileri Telefon Numaras\u0131 Mail Adresi Bilgileri \u0130\u00e7erir. Letonya Vize Dan\u0131\u015fman\u0131 \u0130\u00e7in Hemen Aray\u0131n.","robots":{"index":"index","follow":"follow","max-snippet":"max-snippet:-1","max-image-preview":"max-image-preview:large","max-video-preview":"max-video-preview:-1"},"canonical":"https:\/\/www.myvize.com.tr\/letonya\/konsolosluklar\/gaziantep-fahri-konsoloslugu\/","og_locale":"tr_TR","og_type":"article","og_title":"Letonya Gaziantep Fahri Konsoloslu\u011fu - MyVize","og_description":"Letonya Gaziantep Konsoloslu\u011fu \u0130leti\u015fim Bilgileri Telefon Numaras\u0131 Mail Adresi Bilgileri \u0130\u00e7erir. Letonya Vize Dan\u0131\u015fman\u0131 \u0130\u00e7in Hemen Aray\u0131n.","og_url":"https:\/\/www.myvize.com.tr\/letonya\/konsolosluklar\/gaziantep-fahri-konsoloslugu\/","og_site_name":"Letonya Vizesi","article_modified_time":"2022-01-14T10:25:58+00:00","twitter_card":"summary_large_image","twitter_misc":{"Tahmini okuma s\u00fcresi":"2 dakika"},"schema":{"@context":"https:\/\/schema.org","@graph":[{"@type":"WebPage","@id":"https:\/\/www.myvize.com.tr\/letonya\/konsolosluklar\/gaziantep-fahri-konsoloslugu\/","url":"https:\/\/www.myvize.com.tr\/letonya\/konsolosluklar\/gaziantep-fahri-konsoloslugu\/","name":"Letonya Gaziantep Fahri Konsoloslu\u011fu - MyVize","isPartOf":{"@id":"https:\/\/www.myvize.com.tr\/letonya\/#website"},"datePublished":"2020-11-30T10:06:29+00:00","dateModified":"2022-01-14T10:25:58+00:00","description":"Letonya Gaziantep Konsoloslu\u011fu \u0130leti\u015fim Bilgileri Telefon Numaras\u0131 Mail Adresi Bilgileri \u0130\u00e7erir. Letonya Vize Dan\u0131\u015fman\u0131 \u0130\u00e7in Hemen Aray\u0131n.","breadcrumb":{"@id":"https:\/\/www.myvize.com.tr\/letonya\/konsolosluklar\/gaziantep-fahri-konsoloslugu\/#breadcrumb"},"inLanguage":"tr","potentialAction":[{"@type":"ReadAction","target":["https:\/\/www.myvize.com.tr\/letonya\/konsolosluklar\/gaziantep-fahri-konsoloslugu\/"]}]},{"@type":"BreadcrumbList","@id":"https:\/\/www.myvize.com.tr\/letonya\/konsolosluklar\/gaziantep-fahri-konsoloslugu\/#breadcrumb","itemListElement":[{"@type":"ListItem","position":1,"name":"Anasayfa","item":"https:\/\/www.myvize.com.tr\/letonya\/"},{"@type":"ListItem","position":2,"name":"KONSOLOSLUKLAR","item":"https:\/\/www.myvize.com.tr\/letonya\/konsolosluklar\/"},{"@type":"ListItem","position":3,"name":"Letonya Gaziantep Fahri Konsoloslu\u011fu"}]},{"@type":"WebSite","@id":"https:\/\/www.myvize.com.tr\/letonya\/#website","url":"https:\/\/www.myvize.com.tr\/letonya\/","name":"Letonya Vizesi","description":"","potentialAction":[{"@type":"SearchAction","target":{"@type":"EntryPoint","urlTemplate":"https:\/\/www.myvize.com.tr\/letonya\/?s={search_term_string}"},"query-input":{"@type":"PropertyValueSpecification","valueRequired":true,"valueName":"search_term_string"}}],"inLanguage":"tr"}]}},"_links":{"self":[{"href":"https:\/\/www.myvize.com.tr\/letonya\/wp-json\/wp\/v2\/pages\/90","targetHints":{"allow":["GET"]}}],"collection":[{"href":"https:\/\/www.myvize.com.tr\/letonya\/wp-json\/wp\/v2\/pages"}],"about":[{"href":"https:\/\/www.myvize.com.tr\/letonya\/wp-json\/wp\/v2\/types\/page"}],"author":[{"embeddable":true,"href":"https:\/\/www.myvize.com.tr\/letonya\/wp-json\/wp\/v2\/users\/1"}],"replies":[{"embeddable":true,"href":"https:\/\/www.myvize.com.tr\/letonya\/wp-json\/wp\/v2\/comments?post=90"}],"version-history":[{"count":6,"href":"https:\/\/www.myvize.com.tr\/letonya\/wp-json\/wp\/v2\/pages\/90\/revisions"}],"predecessor-version":[{"id":753,"href":"https:\/\/www.myvize.com.tr\/letonya\/wp-json\/wp\/v2\/pages\/90\/revisions\/753"}],"up":[{"embeddable":true,"href":"https:\/\/www.myvize.com.tr\/letonya\/wp-json\/wp\/v2\/pages\/69"}],"wp:attachment":[{"href":"https:\/\/www.myvize.com.tr\/letonya\/wp-json\/wp\/v2\/media?parent=90"}],"curies":[{"name":"wp","href":"https:\/\/api.w.org\/{rel}","templated":true}]}}