{"id":92,"date":"2020-11-30T13:07:02","date_gmt":"2020-11-30T10:07:02","guid":{"rendered":"https:\/\/www.myvize.com.tr\/letonya\/?page_id=92"},"modified":"2022-08-16T13:54:21","modified_gmt":"2022-08-16T10:54:21","slug":"letonya-konsolosluk-islemleri","status":"publish","type":"page","link":"https:\/\/www.myvize.com.tr\/letonya\/konsolosluklar\/letonya-konsolosluk-islemleri\/","title":{"rendered":"Letonya Konsolosluk \u0130\u015flemleri"},"content":{"rendered":"<h2><span style=\"font-family: Roboto; font-size: 27px;\"><strong>Letonya Konsolosluk \u0130\u015flemleri Hakk\u0131nda<\/strong><\/span><\/h2>\n<p><span style=\"font-family: Roboto; font-size: 14px;\"><strong>Letonya Devleti<\/strong>, Letonya seyahat edecek T\u00fcrkiye Cumhuriyeti vatanda\u015f\u0131n\u0131 Letonya vize prosed\u00fcr\u00fc tabii tutmaktad\u0131r. Sadece T\u00fcrkiye Cumhuriyet diplomatik pasaport sahibi Letonya vizesinden muaft\u0131r.<\/span><br \/>\n<span style=\"font-family: Roboto; font-size: 14px;\"><span style=\"color: #2acec2;\"><strong><a style=\"color: #2acec2;\" href=\"https:\/\/www.myvize.com.tr\/letonya\/konsolosluklar\/ankara-buyukelciligi\/\" target=\"_blank\" rel=\"noopener\">Letonya Ankara B\u00fcy\u00fckel\u00e7ili\u011fi<\/a><\/strong><\/span> veya<span style=\"color: #2acec2;\"><strong><a style=\"color: #2acec2;\" href=\"https:\/\/www.myvize.com.tr\/letonya\/konsolosluklar\/letonya-istanbul-fahri-konsoloslugu\/\" target=\"_blank\" rel=\"noopener\"> Letonya \u0130stanbul Ba\u015fkonsoloslu\u011fu<\/a><\/strong><\/span> Letonya vize ba\u015fvurusu yapmak gerekmektedir.<\/span><br \/>\n<span style=\"font-family: Roboto; font-size: 14px;\">T\u00fcrkiye\u2019de Letonya Devlet d\u0131\u015f temsilcili\u011fi olarak g\u00f6rev yapan<strong> Letonya Ankara B\u00fcy\u00fckel\u00e7ili\u011fi<\/strong> ile Letonya \u0130stanbul Ba\u015fkonsolosluk yetkili kurumdur.<\/span><br \/>\n<span style=\"font-family: Roboto; font-size: 14px;\">Letonya\u2019ya ziyaret amac\u0131 uygun evrakla haz\u0131rlanm\u0131\u015f belge dosyas\u0131 ve \u0131slak imza <span style=\"color: #2acec2;\"><a style=\"color: #2acec2;\" href=\"https:\/\/www.myvize.com.tr\/letonya\/vize-islemleri\/letonya-vize-basvuru-formu\/\" target=\"_blank\" rel=\"noopener\"><strong>Letonya vize ba\u015fvuru formu<\/strong><\/a><\/span> foto\u011frafl\u0131 asl\u0131 ve Letonya Konsoloslu\u011funa m\u00fcracaat kabul etmektedir.<\/span><br \/>\n<span style=\"font-family: Roboto; font-size: 14px;\"><strong>Letonya Konsoloslu\u011fu<\/strong> ve Letonya B\u00fcy\u00fckel\u00e7ili\u011fi vize ba\u015fvurusunu hafta i\u00e7i Pazartesi-Cuma 08:00-16:30 aras\u0131nda kabul etmektedir. Letonya Konsoloslu\u011funa yap\u0131lan m\u00fcracaatlar ortalama 15-20 g\u00fcn i\u00e7inde sonu\u00e7lanmaktad\u0131r.<\/span><br \/>\n<span style=\"font-family: Roboto; font-size: 14px;\">Letonya Devleti\u2019nin T\u00fcrkiye d\u0131\u015f temsilcili\u011fi<strong> Letonya Konsoloslu\u011fu<\/strong> ile T\u00fcrkiye Devleti\u2019nin resm\u00ee tatilleri ve bayramda kapal\u0131 oldu\u011fu g\u00fcnler dikkate al\u0131narak, seyahatin aksamamas\u0131 i\u00e7in Letonya Konsoloslu\u011funa yap\u0131lacak vize ba\u015fvuru i\u015flemlerinin 30 g\u00fcn evvelinden yap\u0131lmas\u0131 gerekmektedir. Gerekli belgeleri haz\u0131r ederek eksiksiz ve do\u011fru bi\u00e7imde doldurulup ba\u015fvuruda bulunman\u0131z tavsiye edilmektedir. Tail g\u00fcnleri d\u0131\u015f\u0131nda bu i\u015flemi ger\u00e7ekle\u015ftirmek gerekmektedir.<\/span><\/p>\n<h2><span style=\"font-family: Roboto; font-size: 27px;\"><b>Letonya Konsolosluk \u0130\u015flemleri Hakk\u0131nda<\/b><\/span><\/h2>\n<p><span style=\"font-family: Roboto; font-size: 14px;\"><strong>Letonya Cumhuriyeti<\/strong>, T\u00fcrkiye\u2019de B\u00fcy\u00fckel\u00e7ilik ve fahri olarak konsolosluk d\u00fczeyinde diplomatik ve be\u015feri ili\u015fkileri ve temsilcilikleri vard\u0131r.<\/span><\/p>\n<p><span style=\"font-family: Roboto; font-size: 14px;\">Letonya, T\u00fcrkiye\u2019deki temsilcilikleri ile yaln\u0131zca diplomatik ve vize i\u015flemlerini ger\u00e7ekle\u015ftirmez. Ayn\u0131 zamanda k\u00fclt\u00fcrel ve be\u015feri ili\u015fkilerin geli\u015ferek devam etmesi bu kurumlar ve temsilcilikler sayesinde s\u00fcrd\u00fcr\u00fclmektedir. Bunlara ek olarak T\u00fcrkiye\u2019de ya\u015fayan ya da bulunan Letonya vatanda\u015flar\u0131n\u0131n vatanda\u015fl\u0131k hak ihlalleri gibi durum ya\u015famas\u0131 halinde kendi vatanda\u015flar\u0131n\u0131 da korumaktad\u0131r. Bu nedenle ki\u015filer konsolosluklara yaln\u0131zca vize i\u00e7in ba\u015fvurmamaktad\u0131r.<\/span><\/p>\n<p><span style=\"font-family: Roboto; font-size: 14px;\"><strong>Letonya konsolosluk i\u015flemleri\u00a0<\/strong>aras\u0131nda n\u00fcfus, belge tasdik, evlilik, do\u011fum, \u00f6l\u00fcm, pasaport, vatanda\u015fl\u0131k, vergi, hukuk<strong>\u00a0<\/strong>ve noter i\u015flemleri bulunmaktad\u0131r.<strong> Letonya vatanda\u015flar\u0131<\/strong> bu i\u015f ve i\u015flemleri ile ilgili olarak T\u00fcrkiye\u2019nin herhangi bir ilinde bulunabilen fahri konsoloslu\u011fa ba\u015fvurarak bu i\u015flemlerin ger\u00e7ekle\u015fmesini talep edebilir veya bu konularda destek isteyebilir. Benzer bir \u015fekilde <strong>Letonya vizesi<\/strong> almak isteyen T\u00fcrk vatanda\u015flar\u0131 da Letonya fahri konsolosluklar\u0131na ba\u015fvuru yapabilir.<\/span><\/p>\n<p><span style=\"font-family: Roboto; font-size: 14px;\">Konsolosluklar i\u00e7in verilen tavsiyelerden birisi ise temsilciliklere ba\u015fvurmadan \u00f6nce randevu al\u0131nmas\u0131 y\u00f6n\u00fcndedir. Konsolosluklar T\u00fcrkiye ve Letonya devletlerinin resmi tatil g\u00fcnlerinde hizmet vermemektedir.<\/span><\/p>\n","protected":false},"excerpt":{"rendered":"<p>Letonya Konsolosluk \u0130\u015flemleri Hakk\u0131nda Letonya Devleti, Letonya seyahat edecek T\u00fcrkiye Cumhuriyeti vatanda\u015f\u0131n\u0131 Letonya vize prosed\u00fcr\u00fc tabii tutmaktad\u0131r. Sadece T\u00fcrkiye Cumhuriyet diplomatik pasaport sahibi Letonya vizesinden muaft\u0131r. Letonya Ankara B\u00fcy\u00fckel\u00e7ili\u011fi veya Letonya \u0130stanbul Ba\u015fkonsoloslu\u011fu Letonya vize ba\u015fvurusu yapmak gerekmektedir. T\u00fcrkiye\u2019de Letonya Devlet d\u0131\u015f temsilcili\u011fi olarak g\u00f6rev yapan Letonya Ankara B\u00fcy\u00fckel\u00e7ili\u011fi ile Letonya \u0130stanbul Ba\u015fkonsolosluk yetkili kurumdur.<\/p>\n","protected":false},"author":1,"featured_media":0,"parent":69,"menu_order":0,"comment_status":"open","ping_status":"closed","template":"","meta":{"footnotes":""},"class_list":["post-92","page","type-page","status-publish","hentry"],"yoast_head":"<!-- This site is optimized with the Yoast SEO plugin v24.0 - https:\/\/yoast.com\/wordpress\/plugins\/seo\/ -->\n<title>Letonya Konsolosluk \u0130\u015flemleri - Letonya Vizesi - MyVize<\/title>\n<meta name=\"description\" content=\"Letonya Konsolosluk \u0130\u015flemleri Nelerdir? Letonya Konsolosluk \u0130leti\u015fim Bilgileri Neler? Bilgi \u0130\u00e7in Vize Uzmanlar\u0131m\u0131z\u0131 Aray\u0131n: 0850 346 84 93\" \/>\n<meta name=\"robots\" content=\"index, follow, max-snippet:-1, max-image-preview:large, max-video-preview:-1\" \/>\n<link rel=\"canonical\" href=\"https:\/\/www.myvize.com.tr\/letonya\/konsolosluklar\/letonya-konsolosluk-islemleri\/\" \/>\n<meta property=\"og:locale\" content=\"tr_TR\" \/>\n<meta property=\"og:type\" content=\"article\" \/>\n<meta property=\"og:title\" content=\"Letonya Konsolosluk \u0130\u015flemleri - Letonya Vizesi - MyVize\" \/>\n<meta property=\"og:description\" content=\"Letonya Konsolosluk \u0130\u015flemleri Nelerdir? Letonya Konsolosluk \u0130leti\u015fim Bilgileri Neler? Bilgi \u0130\u00e7in Vize Uzmanlar\u0131m\u0131z\u0131 Aray\u0131n: 0850 346 84 93\" \/>\n<meta property=\"og:url\" content=\"https:\/\/www.myvize.com.tr\/letonya\/konsolosluklar\/letonya-konsolosluk-islemleri\/\" \/>\n<meta property=\"og:site_name\" content=\"Letonya Vizesi\" \/>\n<meta property=\"article:modified_time\" content=\"2022-08-16T10:54:21+00:00\" \/>\n<meta name=\"twitter:card\" content=\"summary_large_image\" \/>\n<meta name=\"twitter:label1\" content=\"Tahmini okuma s\u00fcresi\" \/>\n\t<meta name=\"twitter:data1\" content=\"2 dakika\" \/>\n<script type=\"application\/ld+json\" class=\"yoast-schema-graph\">{\"@context\":\"https:\/\/schema.org\",\"@graph\":[{\"@type\":\"WebPage\",\"@id\":\"https:\/\/www.myvize.com.tr\/letonya\/konsolosluklar\/letonya-konsolosluk-islemleri\/\",\"url\":\"https:\/\/www.myvize.com.tr\/letonya\/konsolosluklar\/letonya-konsolosluk-islemleri\/\",\"name\":\"Letonya Konsolosluk \u0130\u015flemleri - Letonya Vizesi - MyVize\",\"isPartOf\":{\"@id\":\"https:\/\/www.myvize.com.tr\/letonya\/#website\"},\"datePublished\":\"2020-11-30T10:07:02+00:00\",\"dateModified\":\"2022-08-16T10:54:21+00:00\",\"description\":\"Letonya Konsolosluk \u0130\u015flemleri Nelerdir? Letonya Konsolosluk \u0130leti\u015fim Bilgileri Neler? Bilgi \u0130\u00e7in Vize Uzmanlar\u0131m\u0131z\u0131 Aray\u0131n: 0850 346 84 93\",\"breadcrumb\":{\"@id\":\"https:\/\/www.myvize.com.tr\/letonya\/konsolosluklar\/letonya-konsolosluk-islemleri\/#breadcrumb\"},\"inLanguage\":\"tr\",\"potentialAction\":[{\"@type\":\"ReadAction\",\"target\":[\"https:\/\/www.myvize.com.tr\/letonya\/konsolosluklar\/letonya-konsolosluk-islemleri\/\"]}]},{\"@type\":\"BreadcrumbList\",\"@id\":\"https:\/\/www.myvize.com.tr\/letonya\/konsolosluklar\/letonya-konsolosluk-islemleri\/#breadcrumb\",\"itemListElement\":[{\"@type\":\"ListItem\",\"position\":1,\"name\":\"Anasayfa\",\"item\":\"https:\/\/www.myvize.com.tr\/letonya\/\"},{\"@type\":\"ListItem\",\"position\":2,\"name\":\"KONSOLOSLUKLAR\",\"item\":\"https:\/\/www.myvize.com.tr\/letonya\/konsolosluklar\/\"},{\"@type\":\"ListItem\",\"position\":3,\"name\":\"Letonya Konsolosluk \u0130\u015flemleri\"}]},{\"@type\":\"WebSite\",\"@id\":\"https:\/\/www.myvize.com.tr\/letonya\/#website\",\"url\":\"https:\/\/www.myvize.com.tr\/letonya\/\",\"name\":\"Letonya Vizesi\",\"description\":\"\",\"potentialAction\":[{\"@type\":\"SearchAction\",\"target\":{\"@type\":\"EntryPoint\",\"urlTemplate\":\"https:\/\/www.myvize.com.tr\/letonya\/?s={search_term_string}\"},\"query-input\":{\"@type\":\"PropertyValueSpecification\",\"valueRequired\":true,\"valueName\":\"search_term_string\"}}],\"inLanguage\":\"tr\"}]}<\/script>\n<!-- \/ Yoast SEO plugin. -->","yoast_head_json":{"title":"Letonya Konsolosluk \u0130\u015flemleri - Letonya Vizesi - MyVize","description":"Letonya Konsolosluk \u0130\u015flemleri Nelerdir? Letonya Konsolosluk \u0130leti\u015fim Bilgileri Neler? Bilgi \u0130\u00e7in Vize Uzmanlar\u0131m\u0131z\u0131 Aray\u0131n: 0850 346 84 93","robots":{"index":"index","follow":"follow","max-snippet":"max-snippet:-1","max-image-preview":"max-image-preview:large","max-video-preview":"max-video-preview:-1"},"canonical":"https:\/\/www.myvize.com.tr\/letonya\/konsolosluklar\/letonya-konsolosluk-islemleri\/","og_locale":"tr_TR","og_type":"article","og_title":"Letonya Konsolosluk \u0130\u015flemleri - Letonya Vizesi - MyVize","og_description":"Letonya Konsolosluk \u0130\u015flemleri Nelerdir? Letonya Konsolosluk \u0130leti\u015fim Bilgileri Neler? Bilgi \u0130\u00e7in Vize Uzmanlar\u0131m\u0131z\u0131 Aray\u0131n: 0850 346 84 93","og_url":"https:\/\/www.myvize.com.tr\/letonya\/konsolosluklar\/letonya-konsolosluk-islemleri\/","og_site_name":"Letonya Vizesi","article_modified_time":"2022-08-16T10:54:21+00:00","twitter_card":"summary_large_image","twitter_misc":{"Tahmini okuma s\u00fcresi":"2 dakika"},"schema":{"@context":"https:\/\/schema.org","@graph":[{"@type":"WebPage","@id":"https:\/\/www.myvize.com.tr\/letonya\/konsolosluklar\/letonya-konsolosluk-islemleri\/","url":"https:\/\/www.myvize.com.tr\/letonya\/konsolosluklar\/letonya-konsolosluk-islemleri\/","name":"Letonya Konsolosluk \u0130\u015flemleri - Letonya Vizesi - MyVize","isPartOf":{"@id":"https:\/\/www.myvize.com.tr\/letonya\/#website"},"datePublished":"2020-11-30T10:07:02+00:00","dateModified":"2022-08-16T10:54:21+00:00","description":"Letonya Konsolosluk \u0130\u015flemleri Nelerdir? Letonya Konsolosluk \u0130leti\u015fim Bilgileri Neler? Bilgi \u0130\u00e7in Vize Uzmanlar\u0131m\u0131z\u0131 Aray\u0131n: 0850 346 84 93","breadcrumb":{"@id":"https:\/\/www.myvize.com.tr\/letonya\/konsolosluklar\/letonya-konsolosluk-islemleri\/#breadcrumb"},"inLanguage":"tr","potentialAction":[{"@type":"ReadAction","target":["https:\/\/www.myvize.com.tr\/letonya\/konsolosluklar\/letonya-konsolosluk-islemleri\/"]}]},{"@type":"BreadcrumbList","@id":"https:\/\/www.myvize.com.tr\/letonya\/konsolosluklar\/letonya-konsolosluk-islemleri\/#breadcrumb","itemListElement":[{"@type":"ListItem","position":1,"name":"Anasayfa","item":"https:\/\/www.myvize.com.tr\/letonya\/"},{"@type":"ListItem","position":2,"name":"KONSOLOSLUKLAR","item":"https:\/\/www.myvize.com.tr\/letonya\/konsolosluklar\/"},{"@type":"ListItem","position":3,"name":"Letonya Konsolosluk \u0130\u015flemleri"}]},{"@type":"WebSite","@id":"https:\/\/www.myvize.com.tr\/letonya\/#website","url":"https:\/\/www.myvize.com.tr\/letonya\/","name":"Letonya Vizesi","description":"","potentialAction":[{"@type":"SearchAction","target":{"@type":"EntryPoint","urlTemplate":"https:\/\/www.myvize.com.tr\/letonya\/?s={search_term_string}"},"query-input":{"@type":"PropertyValueSpecification","valueRequired":true,"valueName":"search_term_string"}}],"inLanguage":"tr"}]}},"_links":{"self":[{"href":"https:\/\/www.myvize.com.tr\/letonya\/wp-json\/wp\/v2\/pages\/92","targetHints":{"allow":["GET"]}}],"collection":[{"href":"https:\/\/www.myvize.com.tr\/letonya\/wp-json\/wp\/v2\/pages"}],"about":[{"href":"https:\/\/www.myvize.com.tr\/letonya\/wp-json\/wp\/v2\/types\/page"}],"author":[{"embeddable":true,"href":"https:\/\/www.myvize.com.tr\/letonya\/wp-json\/wp\/v2\/users\/1"}],"replies":[{"embeddable":true,"href":"https:\/\/www.myvize.com.tr\/letonya\/wp-json\/wp\/v2\/comments?post=92"}],"version-history":[{"count":5,"href":"https:\/\/www.myvize.com.tr\/letonya\/wp-json\/wp\/v2\/pages\/92\/revisions"}],"predecessor-version":[{"id":823,"href":"https:\/\/www.myvize.com.tr\/letonya\/wp-json\/wp\/v2\/pages\/92\/revisions\/823"}],"up":[{"embeddable":true,"href":"https:\/\/www.myvize.com.tr\/letonya\/wp-json\/wp\/v2\/pages\/69"}],"wp:attachment":[{"href":"https:\/\/www.myvize.com.tr\/letonya\/wp-json\/wp\/v2\/media?parent=92"}],"curies":[{"name":"wp","href":"https:\/\/api.w.org\/{rel}","templated":true}]}}