{"id":94,"date":"2020-11-30T13:07:41","date_gmt":"2020-11-30T10:07:41","guid":{"rendered":"https:\/\/www.myvize.com.tr\/letonya\/?page_id=94"},"modified":"2022-08-16T12:59:08","modified_gmt":"2022-08-16T09:59:08","slug":"baskonsolosluk-bolumleri","status":"publish","type":"page","link":"https:\/\/www.myvize.com.tr\/letonya\/konsolosluklar\/baskonsolosluk-bolumleri\/","title":{"rendered":"Letonya Ba\u015fkonsolosluk B\u00f6l\u00fcmleri"},"content":{"rendered":"<h2><span style=\"font-family: Roboto; font-size: 27px;\"><strong>Letonya Ba\u015fkonsolosluk B\u00f6l\u00fcmleri Hakk\u0131nda<\/strong><\/span><\/h2>\n<p><span style=\"font-family: Roboto; font-size: 14px;\">Letonya\u2019ya seyahat yapacak T\u00fcrkiye Cumhuriyeti umum mahsus pasaporta sahibi vatanda\u015flar\u0131n Letonya Devleti vize uygulamaktad\u0131r; Diplomat, hizmet ve hususi pasaport hamiliyse 180 g\u00fcn i\u00e7erisinde 90 g\u00fcn\u00fc a\u015fmamak ko\u015fulu ile, Letonya seyahatinde vizeden muaf tutmaktad\u0131r. Letonya&#8217;ya seyahat edecek ki\u015filer kendilerini kapsayan vize t\u00fcrlerine ba\u015fvuruda bulunmas\u0131 gereklidir.<\/span><br \/>\n<span style=\"font-family: Roboto; font-size: 14px;\">Letonya\u2019ya k\u0131sa s\u00fcreli seyahat etmek isteyen ki\u015filer, <strong>Letonya vizesi<\/strong> ba\u015fvurusunu kabul etmek, de\u011ferlendirme ve onaylama yetkili kurum Letonya Konsoloslu\u011fudur.<\/span><br \/>\n<span style=\"font-family: Roboto; font-size: 14px;\">K\u0131sa s\u00fcreli seyahat i\u00e7in Letonya turistik vize<span style=\"color: #2acec2;\"><strong><a style=\"color: #2acec2;\" href=\"https:\/\/www.myvize.com.tr\/letonya\/vize-islemleri\/letonya-ticari-vize\/\" target=\"_blank\" rel=\"noopener\">, Letonya ticari vize<\/a><\/strong><\/span> ve <strong>Letonya aile ziyaret vize<\/strong> i\u015flemi ba\u015fvurusu, yetkilendirmi\u015f.<strong> Vize ba\u015fvuru merkezi<\/strong> ve Letonya Konsoloslu\u011fu taraf\u0131ndan akredite edilmi\u015f seyahat acentesi \u00fczerinde yap\u0131lmaktad\u0131r. Letonya Devleti, Letonya&#8217;ya seyahat edecek T\u00fcrkiye Cumhuriyeti vatanda\u015flar\u0131n\u0131 <span style=\"color: #2acec2;\"><strong><a style=\"color: #2acec2;\" href=\"https:\/\/www.myvize.com.tr\/letonya\/vize-islemleri\/letonya-vizesi\/\" target=\"_blank\" rel=\"noopener\">Letonya vizesi<\/a><\/strong><\/span> prosed\u00fcr\u00fcne ait tutmaktad\u0131r. Sadece T\u00fcrkiye Cumhuriyeti diplomatik pasaport sahipleri Letonya vizesinden muaft\u0131r. Yap\u0131lacak ba\u015fvurunun Letonya ba\u015fkonsoloslu\u011funun gerekli b\u00f6l\u00fcmlerinde yap\u0131lmas\u0131 gerekmektedir. Bu ba\u015fkonsolosluk b\u00f6l\u00fcmleri \u015f\u00f6yledir:<\/span><br \/>\n<span style=\"font-family: Roboto; font-size: 14px;\"><strong>Letonya Ba\u015fkonsoloslu\u011fu<\/strong> Hukuk ve Konsolosluk \u0130\u015fleri B\u00f6l\u00fcm\u00fc.<\/span><br \/>\n<span style=\"font-family: Roboto; font-size: 14px;\">Letonya Ba\u015fkonsoloslu\u011fu Ekonomi ve Ekonomik \u0130li\u015fkiler B\u00f6l\u00fcm\u00fc.<\/span><br \/>\n<span style=\"font-family: Roboto; font-size: 14px;\">Letonya Ba\u015fkonsoloslu\u011fu Bas\u0131n B\u00f6l\u00fcm\u00fc.<\/span><br \/>\n<span style=\"font-family: Roboto; font-size: 14px;\">Letonya Ba\u015fkonsoloslu\u011fu K\u00fclt\u00fcr B\u00f6l\u00fcm\u00fc.<\/span><br \/>\n<span style=\"font-family: Roboto; font-size: 14px;\">Letonya Ba\u015fkonsoloslu\u011fu Protokol B\u00f6l\u00fcm\u00fc.<\/span><br \/>\n<span style=\"font-family: Roboto; font-size: 14px;\">Letonya Ba\u015fkonsoloslu\u011fu \u0130dari B\u00f6l\u00fcm.<\/span><\/p>\n<h2><span style=\"font-family: Roboto; font-size: 27px;\"><b>Letonya Ba\u015fkonsolosluk B\u00f6l\u00fcmleri \u0130le \u0130lgili<\/b><\/span><\/h2>\n<p><span style=\"font-family: Roboto; font-size: 14px;\"><strong>Letonya Ba\u015fkonsolosluk\u00a0\u00e7e\u015fitli<\/strong> b\u00f6l\u00fcmlerden olu\u015fmaktad\u0131r.\u00a0<strong>Ba\u015fkonsolosluk b\u00f6l\u00fcmleri<\/strong>\u00a0Letonya Ba\u015fkonsoloslu\u011fu\u2019nun vatanda\u015flar\u0131na y\u00f6nelik hizmetleri daha h\u0131zl\u0131 ve etkili bir \u015fekilde sa\u011flamas\u0131n\u0131 ama\u00e7lamaktad\u0131r.\u00a0<\/span><\/p>\n<p><span style=\"font-family: Roboto; font-size: 14px;\"><strong>Letonya Ba\u015fkonsolosluk\u00a0b\u00f6l\u00fcmleri<\/strong> e\u011fitim, ticaret, vize, konsolosluk i\u015fleri, bas\u0131n ve k\u00fclt\u00fcr b\u00f6l\u00fcm\u00fc gibi b\u00f6l\u00fcmlerden olu\u015fmaktad\u0131r. Letonya Ba\u015fkonsolosluk b\u00f6l\u00fcmlerinin g\u00f6rev ve yetki da\u011f\u0131l\u0131m\u0131, konsolosluk i\u015flemlerinin daha verimli, h\u0131zl\u0131 ve \u00e7\u00f6z\u00fcm odakl\u0131 ilerlemesini sa\u011flamaktad\u0131r.<\/span><\/p>\n<ul>\n<li><span style=\"font-family: Roboto; font-size: 14px;\">Ticaret b\u00f6l\u00fcm\u00fc, T\u00fcrkiye ile Letonya aras\u0131nda olan ve geli\u015fmekte olan ticari i\u015f birliklerini geli\u015ftirmeyi ve ilerletmeyi ama\u00e7lamaktad\u0131r.<\/span><\/li>\n<li><span style=\"font-family: Roboto; font-size: 14px;\">Y\u00f6netim b\u00f6l\u00fcm\u00fc,\u00a0<strong>Letonya Ba\u015fkonsoloslu\u011fu<\/strong> ve konsolosluklar\u0131n idari y\u00f6netimi ile ilgili faaliyetler y\u00fcr\u00fctmektedir.<\/span><\/li>\n<li><span style=\"font-family: Roboto; font-size: 14px;\">Vize b\u00f6l\u00fcm\u00fc,<strong>\u00a0Letonya Ba\u015fkonsolosluk<\/strong>\u00a0ve b\u00fcy\u00fckel\u00e7ilik b\u00f6l\u00fcmleri i\u00e7erisinde yer almaktad\u0131r. Vize departman\u0131 Letonya\u2019ya seyahat veya ziyaret etmek isteyen T\u00fcrk vatanda\u015flar\u0131n\u0131n vize ba\u015fvurular\u0131n\u0131 ve evraklar\u0131n\u0131 de\u011ferlendirmektedir.<\/span><\/li>\n<li><span style=\"font-family: Roboto; font-size: 14px;\">Konsolosluk \u0130\u015fleri B\u00f6l\u00fcm\u00fc:\u00a0Konsolosluk i\u015fleri b\u00f6l\u00fcm\u00fc olarak bu b\u00f6l\u00fcm ba\u015fkonsolosluk b\u00f6l\u00fcmleri aras\u0131nda yer almaktad\u0131r. B\u00f6l\u00fcm\u00fcn asli g\u00f6revi T\u00fcrkiye\u2019de ya\u015fayan <strong>Letonya devleti\u00a0<\/strong>vatanda\u015flar\u0131n\u0131n resmi i\u015f ve i\u015flemlerde destek olunmas\u0131d\u0131r.<\/span><\/li>\n<li><span style=\"font-family: Roboto; font-size: 14px;\">Bas\u0131n B\u00f6l\u00fcm\u00fc: Bas\u0131n b\u00f6l\u00fcm\u00fc, T\u00fcrkiye devleti ile Letonya devleri aras\u0131nda olabilecek bas\u0131n ili\u015fkilerini olumlu d\u00fczeyde geli\u015ftirme amac\u0131nda faaliyet g\u00f6stermektedir.<\/span><\/li>\n<li><span style=\"font-family: Roboto; font-size: 14px;\">E\u011fitim B\u00f6l\u00fcm\u00fc:\u00a0T\u00fcrkiye\u2019de ya\u015fayan ve bulunan Letonya vatanda\u015flar\u0131n\u0131n e\u011fitim alan\u0131nda duyabilecekleri deste\u011fi vermektedir.<\/span><\/li>\n<\/ul>\n","protected":false},"excerpt":{"rendered":"<p>Letonya Ba\u015fkonsolosluk B\u00f6l\u00fcmleri Hakk\u0131nda Letonya\u2019ya seyahat yapacak T\u00fcrkiye Cumhuriyeti umum mahsus pasaporta sahibi vatanda\u015flar\u0131n Letonya Devleti vize uygulamaktad\u0131r; Diplomat, hizmet ve hususi pasaport hamiliyse 180 g\u00fcn i\u00e7erisinde 90 g\u00fcn\u00fc a\u015fmamak ko\u015fulu ile, Letonya seyahatinde vizeden muaf tutmaktad\u0131r. Letonya&#8217;ya seyahat edecek ki\u015filer kendilerini kapsayan vize t\u00fcrlerine ba\u015fvuruda bulunmas\u0131 gereklidir. Letonya\u2019ya k\u0131sa s\u00fcreli seyahat etmek isteyen ki\u015filer,<\/p>\n","protected":false},"author":1,"featured_media":0,"parent":69,"menu_order":0,"comment_status":"open","ping_status":"closed","template":"","meta":{"footnotes":""},"class_list":["post-94","page","type-page","status-publish","hentry"],"yoast_head":"<!-- This site is optimized with the Yoast SEO plugin v24.0 - https:\/\/yoast.com\/wordpress\/plugins\/seo\/ -->\n<title>Letonya Ba\u015fkonsolosluk B\u00f6l\u00fcmleri - MyVize<\/title>\n<meta name=\"description\" content=\"Letonya Ba\u015fkonsolosluk B\u00f6l\u00fcmleri Nelerdir? Letonya Ba\u015fkonsolosluk B\u00f6l\u00fcmleri 2022 G\u00fcncel Bilgileri Neler? Bilgi \u0130\u00e7in Aray\u0131n: 0850 346 84 93\" \/>\n<meta name=\"robots\" content=\"index, follow, max-snippet:-1, max-image-preview:large, max-video-preview:-1\" \/>\n<link rel=\"canonical\" href=\"https:\/\/www.myvize.com.tr\/letonya\/konsolosluklar\/baskonsolosluk-bolumleri\/\" \/>\n<meta property=\"og:locale\" content=\"tr_TR\" \/>\n<meta property=\"og:type\" content=\"article\" \/>\n<meta property=\"og:title\" content=\"Letonya Ba\u015fkonsolosluk B\u00f6l\u00fcmleri - MyVize\" \/>\n<meta property=\"og:description\" content=\"Letonya Ba\u015fkonsolosluk B\u00f6l\u00fcmleri Nelerdir? Letonya Ba\u015fkonsolosluk B\u00f6l\u00fcmleri 2022 G\u00fcncel Bilgileri Neler? Bilgi \u0130\u00e7in Aray\u0131n: 0850 346 84 93\" \/>\n<meta property=\"og:url\" content=\"https:\/\/www.myvize.com.tr\/letonya\/konsolosluklar\/baskonsolosluk-bolumleri\/\" \/>\n<meta property=\"og:site_name\" content=\"Letonya Vizesi\" \/>\n<meta property=\"article:modified_time\" content=\"2022-08-16T09:59:08+00:00\" \/>\n<meta name=\"twitter:card\" content=\"summary_large_image\" \/>\n<meta name=\"twitter:label1\" content=\"Tahmini okuma s\u00fcresi\" \/>\n\t<meta name=\"twitter:data1\" content=\"2 dakika\" \/>\n<script type=\"application\/ld+json\" class=\"yoast-schema-graph\">{\"@context\":\"https:\/\/schema.org\",\"@graph\":[{\"@type\":\"WebPage\",\"@id\":\"https:\/\/www.myvize.com.tr\/letonya\/konsolosluklar\/baskonsolosluk-bolumleri\/\",\"url\":\"https:\/\/www.myvize.com.tr\/letonya\/konsolosluklar\/baskonsolosluk-bolumleri\/\",\"name\":\"Letonya Ba\u015fkonsolosluk B\u00f6l\u00fcmleri - MyVize\",\"isPartOf\":{\"@id\":\"https:\/\/www.myvize.com.tr\/letonya\/#website\"},\"datePublished\":\"2020-11-30T10:07:41+00:00\",\"dateModified\":\"2022-08-16T09:59:08+00:00\",\"description\":\"Letonya Ba\u015fkonsolosluk B\u00f6l\u00fcmleri Nelerdir? Letonya Ba\u015fkonsolosluk B\u00f6l\u00fcmleri 2022 G\u00fcncel Bilgileri Neler? Bilgi \u0130\u00e7in Aray\u0131n: 0850 346 84 93\",\"breadcrumb\":{\"@id\":\"https:\/\/www.myvize.com.tr\/letonya\/konsolosluklar\/baskonsolosluk-bolumleri\/#breadcrumb\"},\"inLanguage\":\"tr\",\"potentialAction\":[{\"@type\":\"ReadAction\",\"target\":[\"https:\/\/www.myvize.com.tr\/letonya\/konsolosluklar\/baskonsolosluk-bolumleri\/\"]}]},{\"@type\":\"BreadcrumbList\",\"@id\":\"https:\/\/www.myvize.com.tr\/letonya\/konsolosluklar\/baskonsolosluk-bolumleri\/#breadcrumb\",\"itemListElement\":[{\"@type\":\"ListItem\",\"position\":1,\"name\":\"Anasayfa\",\"item\":\"https:\/\/www.myvize.com.tr\/letonya\/\"},{\"@type\":\"ListItem\",\"position\":2,\"name\":\"KONSOLOSLUKLAR\",\"item\":\"https:\/\/www.myvize.com.tr\/letonya\/konsolosluklar\/\"},{\"@type\":\"ListItem\",\"position\":3,\"name\":\"Letonya Ba\u015fkonsolosluk B\u00f6l\u00fcmleri\"}]},{\"@type\":\"WebSite\",\"@id\":\"https:\/\/www.myvize.com.tr\/letonya\/#website\",\"url\":\"https:\/\/www.myvize.com.tr\/letonya\/\",\"name\":\"Letonya Vizesi\",\"description\":\"\",\"potentialAction\":[{\"@type\":\"SearchAction\",\"target\":{\"@type\":\"EntryPoint\",\"urlTemplate\":\"https:\/\/www.myvize.com.tr\/letonya\/?s={search_term_string}\"},\"query-input\":{\"@type\":\"PropertyValueSpecification\",\"valueRequired\":true,\"valueName\":\"search_term_string\"}}],\"inLanguage\":\"tr\"}]}<\/script>\n<!-- \/ Yoast SEO plugin. -->","yoast_head_json":{"title":"Letonya Ba\u015fkonsolosluk B\u00f6l\u00fcmleri - MyVize","description":"Letonya Ba\u015fkonsolosluk B\u00f6l\u00fcmleri Nelerdir? Letonya Ba\u015fkonsolosluk B\u00f6l\u00fcmleri 2022 G\u00fcncel Bilgileri Neler? Bilgi \u0130\u00e7in Aray\u0131n: 0850 346 84 93","robots":{"index":"index","follow":"follow","max-snippet":"max-snippet:-1","max-image-preview":"max-image-preview:large","max-video-preview":"max-video-preview:-1"},"canonical":"https:\/\/www.myvize.com.tr\/letonya\/konsolosluklar\/baskonsolosluk-bolumleri\/","og_locale":"tr_TR","og_type":"article","og_title":"Letonya Ba\u015fkonsolosluk B\u00f6l\u00fcmleri - MyVize","og_description":"Letonya Ba\u015fkonsolosluk B\u00f6l\u00fcmleri Nelerdir? Letonya Ba\u015fkonsolosluk B\u00f6l\u00fcmleri 2022 G\u00fcncel Bilgileri Neler? Bilgi \u0130\u00e7in Aray\u0131n: 0850 346 84 93","og_url":"https:\/\/www.myvize.com.tr\/letonya\/konsolosluklar\/baskonsolosluk-bolumleri\/","og_site_name":"Letonya Vizesi","article_modified_time":"2022-08-16T09:59:08+00:00","twitter_card":"summary_large_image","twitter_misc":{"Tahmini okuma s\u00fcresi":"2 dakika"},"schema":{"@context":"https:\/\/schema.org","@graph":[{"@type":"WebPage","@id":"https:\/\/www.myvize.com.tr\/letonya\/konsolosluklar\/baskonsolosluk-bolumleri\/","url":"https:\/\/www.myvize.com.tr\/letonya\/konsolosluklar\/baskonsolosluk-bolumleri\/","name":"Letonya Ba\u015fkonsolosluk B\u00f6l\u00fcmleri - MyVize","isPartOf":{"@id":"https:\/\/www.myvize.com.tr\/letonya\/#website"},"datePublished":"2020-11-30T10:07:41+00:00","dateModified":"2022-08-16T09:59:08+00:00","description":"Letonya Ba\u015fkonsolosluk B\u00f6l\u00fcmleri Nelerdir? Letonya Ba\u015fkonsolosluk B\u00f6l\u00fcmleri 2022 G\u00fcncel Bilgileri Neler? Bilgi \u0130\u00e7in Aray\u0131n: 0850 346 84 93","breadcrumb":{"@id":"https:\/\/www.myvize.com.tr\/letonya\/konsolosluklar\/baskonsolosluk-bolumleri\/#breadcrumb"},"inLanguage":"tr","potentialAction":[{"@type":"ReadAction","target":["https:\/\/www.myvize.com.tr\/letonya\/konsolosluklar\/baskonsolosluk-bolumleri\/"]}]},{"@type":"BreadcrumbList","@id":"https:\/\/www.myvize.com.tr\/letonya\/konsolosluklar\/baskonsolosluk-bolumleri\/#breadcrumb","itemListElement":[{"@type":"ListItem","position":1,"name":"Anasayfa","item":"https:\/\/www.myvize.com.tr\/letonya\/"},{"@type":"ListItem","position":2,"name":"KONSOLOSLUKLAR","item":"https:\/\/www.myvize.com.tr\/letonya\/konsolosluklar\/"},{"@type":"ListItem","position":3,"name":"Letonya Ba\u015fkonsolosluk B\u00f6l\u00fcmleri"}]},{"@type":"WebSite","@id":"https:\/\/www.myvize.com.tr\/letonya\/#website","url":"https:\/\/www.myvize.com.tr\/letonya\/","name":"Letonya Vizesi","description":"","potentialAction":[{"@type":"SearchAction","target":{"@type":"EntryPoint","urlTemplate":"https:\/\/www.myvize.com.tr\/letonya\/?s={search_term_string}"},"query-input":{"@type":"PropertyValueSpecification","valueRequired":true,"valueName":"search_term_string"}}],"inLanguage":"tr"}]}},"_links":{"self":[{"href":"https:\/\/www.myvize.com.tr\/letonya\/wp-json\/wp\/v2\/pages\/94","targetHints":{"allow":["GET"]}}],"collection":[{"href":"https:\/\/www.myvize.com.tr\/letonya\/wp-json\/wp\/v2\/pages"}],"about":[{"href":"https:\/\/www.myvize.com.tr\/letonya\/wp-json\/wp\/v2\/types\/page"}],"author":[{"embeddable":true,"href":"https:\/\/www.myvize.com.tr\/letonya\/wp-json\/wp\/v2\/users\/1"}],"replies":[{"embeddable":true,"href":"https:\/\/www.myvize.com.tr\/letonya\/wp-json\/wp\/v2\/comments?post=94"}],"version-history":[{"count":5,"href":"https:\/\/www.myvize.com.tr\/letonya\/wp-json\/wp\/v2\/pages\/94\/revisions"}],"predecessor-version":[{"id":820,"href":"https:\/\/www.myvize.com.tr\/letonya\/wp-json\/wp\/v2\/pages\/94\/revisions\/820"}],"up":[{"embeddable":true,"href":"https:\/\/www.myvize.com.tr\/letonya\/wp-json\/wp\/v2\/pages\/69"}],"wp:attachment":[{"href":"https:\/\/www.myvize.com.tr\/letonya\/wp-json\/wp\/v2\/media?parent=94"}],"curies":[{"name":"wp","href":"https:\/\/api.w.org\/{rel}","templated":true}]}}