{"id":164,"date":"2020-12-25T11:33:11","date_gmt":"2020-12-25T08:33:11","guid":{"rendered":"https:\/\/www.myvize.com.tr\/litvanya\/?page_id=164"},"modified":"2022-06-13T14:38:25","modified_gmt":"2022-06-13T11:38:25","slug":"vatandaslik","status":"publish","type":"page","link":"https:\/\/www.myvize.com.tr\/litvanya\/vatandaslik\/","title":{"rendered":"VATANDA\u015eLIK"},"content":{"rendered":"<h2><strong><span style=\"font-size: 27px; font-family: Roboto;\">Litvanya Vatanda\u015fl\u0131\u011f\u0131\u00a0<\/span><\/strong><\/h2>\n","protected":false},"excerpt":{"rendered":"<p>Litvanya Vatanda\u015fl\u0131\u011f\u0131\u00a0<\/p>\n","protected":false},"author":1,"featured_media":0,"parent":0,"menu_order":0,"comment_status":"open","ping_status":"closed","template":"","meta":{"footnotes":""},"class_list":["post-164","page","type-page","status-publish","hentry"],"yoast_head":"<!-- This site is optimized with the Yoast SEO plugin v24.0 - https:\/\/yoast.com\/wordpress\/plugins\/seo\/ -->\n<title>Litvanya Vatanda\u015fl\u0131\u011f\u0131 Alma - MyVize Vize Ba\u015fvuru Merkezi<\/title>\n<meta name=\"description\" content=\"Litvanya Vatanda\u015fl\u0131k \u0130\u015flemleri Nelerdir? Litvanya Vatanda\u015fl\u0131k \u015eartlar\u0131 Nelerdir? Litvanya Vatanda\u015fl\u0131\u011f\u0131 Nas\u0131l Al\u0131n\u0131r 2022?\" \/>\n<meta name=\"robots\" content=\"index, follow, max-snippet:-1, max-image-preview:large, max-video-preview:-1\" \/>\n<link rel=\"canonical\" href=\"https:\/\/www.myvize.com.tr\/litvanya\/vatandaslik\/\" \/>\n<meta property=\"og:locale\" content=\"tr_TR\" \/>\n<meta property=\"og:type\" content=\"article\" \/>\n<meta property=\"og:title\" content=\"Litvanya Vatanda\u015fl\u0131\u011f\u0131 Alma - MyVize Vize Ba\u015fvuru Merkezi\" \/>\n<meta property=\"og:description\" content=\"Litvanya Vatanda\u015fl\u0131k \u0130\u015flemleri Nelerdir? Litvanya Vatanda\u015fl\u0131k \u015eartlar\u0131 Nelerdir? Litvanya Vatanda\u015fl\u0131\u011f\u0131 Nas\u0131l Al\u0131n\u0131r 2022?\" \/>\n<meta property=\"og:url\" content=\"https:\/\/www.myvize.com.tr\/litvanya\/vatandaslik\/\" \/>\n<meta property=\"og:site_name\" content=\"Litvanya Vizesi\" \/>\n<meta property=\"article:modified_time\" content=\"2022-06-13T11:38:25+00:00\" \/>\n<meta name=\"twitter:card\" content=\"summary_large_image\" \/>\n<meta name=\"twitter:label1\" content=\"Tahmini okuma s\u00fcresi\" \/>\n\t<meta name=\"twitter:data1\" content=\"1 dakika\" \/>\n<script type=\"application\/ld+json\" class=\"yoast-schema-graph\">{\"@context\":\"https:\/\/schema.org\",\"@graph\":[{\"@type\":\"WebPage\",\"@id\":\"https:\/\/www.myvize.com.tr\/litvanya\/vatandaslik\/\",\"url\":\"https:\/\/www.myvize.com.tr\/litvanya\/vatandaslik\/\",\"name\":\"Litvanya Vatanda\u015fl\u0131\u011f\u0131 Alma - MyVize Vize Ba\u015fvuru Merkezi\",\"isPartOf\":{\"@id\":\"https:\/\/www.myvize.com.tr\/litvanya\/#website\"},\"datePublished\":\"2020-12-25T08:33:11+00:00\",\"dateModified\":\"2022-06-13T11:38:25+00:00\",\"description\":\"Litvanya Vatanda\u015fl\u0131k \u0130\u015flemleri Nelerdir? Litvanya Vatanda\u015fl\u0131k \u015eartlar\u0131 Nelerdir? Litvanya Vatanda\u015fl\u0131\u011f\u0131 Nas\u0131l Al\u0131n\u0131r 2022?\",\"breadcrumb\":{\"@id\":\"https:\/\/www.myvize.com.tr\/litvanya\/vatandaslik\/#breadcrumb\"},\"inLanguage\":\"tr\",\"potentialAction\":[{\"@type\":\"ReadAction\",\"target\":[\"https:\/\/www.myvize.com.tr\/litvanya\/vatandaslik\/\"]}]},{\"@type\":\"BreadcrumbList\",\"@id\":\"https:\/\/www.myvize.com.tr\/litvanya\/vatandaslik\/#breadcrumb\",\"itemListElement\":[{\"@type\":\"ListItem\",\"position\":1,\"name\":\"Anasayfa\",\"item\":\"https:\/\/www.myvize.com.tr\/litvanya\/\"},{\"@type\":\"ListItem\",\"position\":2,\"name\":\"VATANDA\u015eLIK\"}]},{\"@type\":\"WebSite\",\"@id\":\"https:\/\/www.myvize.com.tr\/litvanya\/#website\",\"url\":\"https:\/\/www.myvize.com.tr\/litvanya\/\",\"name\":\"Litvanya Vizesi\",\"description\":\"\",\"potentialAction\":[{\"@type\":\"SearchAction\",\"target\":{\"@type\":\"EntryPoint\",\"urlTemplate\":\"https:\/\/www.myvize.com.tr\/litvanya\/?s={search_term_string}\"},\"query-input\":{\"@type\":\"PropertyValueSpecification\",\"valueRequired\":true,\"valueName\":\"search_term_string\"}}],\"inLanguage\":\"tr\"}]}<\/script>\n<!-- \/ Yoast SEO plugin. -->","yoast_head_json":{"title":"Litvanya Vatanda\u015fl\u0131\u011f\u0131 Alma - MyVize Vize Ba\u015fvuru Merkezi","description":"Litvanya Vatanda\u015fl\u0131k \u0130\u015flemleri Nelerdir? Litvanya Vatanda\u015fl\u0131k \u015eartlar\u0131 Nelerdir? Litvanya Vatanda\u015fl\u0131\u011f\u0131 Nas\u0131l Al\u0131n\u0131r 2022?","robots":{"index":"index","follow":"follow","max-snippet":"max-snippet:-1","max-image-preview":"max-image-preview:large","max-video-preview":"max-video-preview:-1"},"canonical":"https:\/\/www.myvize.com.tr\/litvanya\/vatandaslik\/","og_locale":"tr_TR","og_type":"article","og_title":"Litvanya Vatanda\u015fl\u0131\u011f\u0131 Alma - MyVize Vize Ba\u015fvuru Merkezi","og_description":"Litvanya Vatanda\u015fl\u0131k \u0130\u015flemleri Nelerdir? Litvanya Vatanda\u015fl\u0131k \u015eartlar\u0131 Nelerdir? Litvanya Vatanda\u015fl\u0131\u011f\u0131 Nas\u0131l Al\u0131n\u0131r 2022?","og_url":"https:\/\/www.myvize.com.tr\/litvanya\/vatandaslik\/","og_site_name":"Litvanya Vizesi","article_modified_time":"2022-06-13T11:38:25+00:00","twitter_card":"summary_large_image","twitter_misc":{"Tahmini okuma s\u00fcresi":"1 dakika"},"schema":{"@context":"https:\/\/schema.org","@graph":[{"@type":"WebPage","@id":"https:\/\/www.myvize.com.tr\/litvanya\/vatandaslik\/","url":"https:\/\/www.myvize.com.tr\/litvanya\/vatandaslik\/","name":"Litvanya Vatanda\u015fl\u0131\u011f\u0131 Alma - MyVize Vize Ba\u015fvuru Merkezi","isPartOf":{"@id":"https:\/\/www.myvize.com.tr\/litvanya\/#website"},"datePublished":"2020-12-25T08:33:11+00:00","dateModified":"2022-06-13T11:38:25+00:00","description":"Litvanya Vatanda\u015fl\u0131k \u0130\u015flemleri Nelerdir? Litvanya Vatanda\u015fl\u0131k \u015eartlar\u0131 Nelerdir? Litvanya Vatanda\u015fl\u0131\u011f\u0131 Nas\u0131l Al\u0131n\u0131r 2022?","breadcrumb":{"@id":"https:\/\/www.myvize.com.tr\/litvanya\/vatandaslik\/#breadcrumb"},"inLanguage":"tr","potentialAction":[{"@type":"ReadAction","target":["https:\/\/www.myvize.com.tr\/litvanya\/vatandaslik\/"]}]},{"@type":"BreadcrumbList","@id":"https:\/\/www.myvize.com.tr\/litvanya\/vatandaslik\/#breadcrumb","itemListElement":[{"@type":"ListItem","position":1,"name":"Anasayfa","item":"https:\/\/www.myvize.com.tr\/litvanya\/"},{"@type":"ListItem","position":2,"name":"VATANDA\u015eLIK"}]},{"@type":"WebSite","@id":"https:\/\/www.myvize.com.tr\/litvanya\/#website","url":"https:\/\/www.myvize.com.tr\/litvanya\/","name":"Litvanya Vizesi","description":"","potentialAction":[{"@type":"SearchAction","target":{"@type":"EntryPoint","urlTemplate":"https:\/\/www.myvize.com.tr\/litvanya\/?s={search_term_string}"},"query-input":{"@type":"PropertyValueSpecification","valueRequired":true,"valueName":"search_term_string"}}],"inLanguage":"tr"}]}},"_links":{"self":[{"href":"https:\/\/www.myvize.com.tr\/litvanya\/wp-json\/wp\/v2\/pages\/164","targetHints":{"allow":["GET"]}}],"collection":[{"href":"https:\/\/www.myvize.com.tr\/litvanya\/wp-json\/wp\/v2\/pages"}],"about":[{"href":"https:\/\/www.myvize.com.tr\/litvanya\/wp-json\/wp\/v2\/types\/page"}],"author":[{"embeddable":true,"href":"https:\/\/www.myvize.com.tr\/litvanya\/wp-json\/wp\/v2\/users\/1"}],"replies":[{"embeddable":true,"href":"https:\/\/www.myvize.com.tr\/litvanya\/wp-json\/wp\/v2\/comments?post=164"}],"version-history":[{"count":5,"href":"https:\/\/www.myvize.com.tr\/litvanya\/wp-json\/wp\/v2\/pages\/164\/revisions"}],"predecessor-version":[{"id":815,"href":"https:\/\/www.myvize.com.tr\/litvanya\/wp-json\/wp\/v2\/pages\/164\/revisions\/815"}],"wp:attachment":[{"href":"https:\/\/www.myvize.com.tr\/litvanya\/wp-json\/wp\/v2\/media?parent=164"}],"curies":[{"name":"wp","href":"https:\/\/api.w.org\/{rel}","templated":true}]}}