{"id":187,"date":"2020-12-25T11:44:04","date_gmt":"2020-12-25T08:44:04","guid":{"rendered":"https:\/\/www.myvize.com.tr\/litvanya\/?page_id=187"},"modified":"2022-06-25T12:41:04","modified_gmt":"2022-06-25T09:41:04","slug":"yatirimcilar-icin-vatandaslik","status":"publish","type":"page","link":"https:\/\/www.myvize.com.tr\/litvanya\/vatandaslik\/yatirimcilar-icin-vatandaslik\/","title":{"rendered":"Litvanya Yat\u0131r\u0131mc\u0131lar \u0130\u00e7in Vatanda\u015fl\u0131k"},"content":{"rendered":"<h2><strong><span style=\"font-family: Roboto; font-size: 27px;\">Yat\u0131r\u0131m yolu ile Litvanya Vatanda\u015fl\u0131\u011f\u0131<\/span><\/strong><\/h2>\n<p><span style=\"font-family: Roboto; font-size: 14px;\"><strong>Litvanya gayrimenkul yat\u0131r\u0131m\u0131<\/strong> i\u00e7in yabanc\u0131lara g\u00fczel se\u00e7enekler sunan bir devlettir. Yap\u0131lacak i\u015flemler i\u00e7in sa\u011flad\u0131\u011f\u0131 kolayl\u0131klar ile \u00f6nemli yat\u0131r\u0131m merkezleri aras\u0131nda bulunuyor. Bunun yan\u0131nda de\u011fi\u015fik <strong>vergi tipleri<\/strong> ile \u00e7al\u0131\u015fma imkan\u0131 sunuyor. T\u00fcrkiye ile kar\u015f\u0131la\u015ft\u0131r\u0131ld\u0131\u011f\u0131nda y\u00fcksek kazan\u00e7 sa\u011flanabilecek bir \u00fclke. Gayrimenkul konusunda Litvanya&#8217;n\u0131n avantajlar\u0131 \u015funlard\u0131r;<\/span><\/p>\n<p><span style=\"font-family: Roboto; font-size: 14px;\">-D\u00fc\u015f\u00fck bir yasam maliyeti sunuyor olmas\u0131<\/span><br \/>\n<span style=\"font-family: Roboto; font-size: 14px;\">-Ekonomisinin s\u00fcrekli geli\u015fiyor olmas\u0131<\/span><br \/>\n<span style=\"font-family: Roboto; font-size: 14px;\">-Getirisi y\u00fcksek ola\u00a0 <strong>gayrimenkul yat\u0131r\u0131m<\/strong> imkan\u0131 veriyor olmas\u0131<\/span><br \/>\n<span style=\"font-family: Roboto; font-size: 14px;\">-Erasmus sayesinde <strong>y\u00fcksek e\u011fitim<\/strong> imkan\u0131 sunuyor olmas\u0131<\/span><\/p>\n<p><span style=\"font-family: Roboto; font-size: 14px;\">Litvanya&#8217;da 10 y\u0131l boyunca<span style=\"color: #2acec2;\"><strong><a style=\"color: #2acec2;\" href=\"https:\/\/www.myvize.com.tr\/litvanya\/vize-islemleri\/litvanya-oturum-izni\/\" target=\"_blank\" rel=\"noopener\"> Litvanya oturum izni<\/a><\/strong><\/span> ya da \u00e7al\u0131\u015fma izni ile kald\u0131ysan\u0131z ve bu s\u00fcreyi tamamlad\u0131ysan\u0131z vatanda\u015fl\u0131k ba\u015fvurusunda bulunabiliyorsunuz. Ancak 10 y\u0131ll\u0131k ikamet belgenizi sunman\u0131z gerekiyor. Bu belgeyi alabilmeniz i\u00e7in \u00e7al\u0131\u015ft\u0131\u011f\u0131n\u0131z yer ve oturdu\u011funuz evin sahibi ile g\u00f6r\u00fc\u015febilirsiniz. Bunun yan\u0131nda \u00e7ok b\u00fcy\u00fck bir yat\u0131r\u0131m yaparak da vatanda\u015fl\u0131k alabilme hakk\u0131n\u0131z bulunuyor. Hem de bu sayede\u00a0 \u00e7ok k\u0131sa bir s\u00fcre i\u00e7erisinde vatanda\u015fl\u0131k alabiliyorsunuz. <strong>Yat\u0131r\u0131m yolu<\/strong> ile ba\u015fvuru yapmak i\u00e7in gereken belgeler \u015funlard\u0131r ;<\/span><\/p>\n<p><span style=\"font-family: Roboto; font-size: 14px;\">&#8211;<span style=\"color: #2acec2;\"><strong><a style=\"color: #2acec2;\" href=\"https:\/\/www.myvize.com.tr\/litvanya\/vize-islemleri\/litvanya-vize-basvuru-formu\/\" target=\"_blank\" rel=\"noopener\">Litvanya Vize Ba\u015fvuru Formu<\/a><\/strong><\/span><\/span><br \/>\n<span style=\"font-family: Roboto; font-size: 14px;\">-2 adet biyometrik foto<\/span><br \/>\n<span style=\"font-family: Roboto; font-size: 14px;\">-Pasaport ve noter onayl\u0131 T\u00fcrk\u00e7e terc\u00fcmesi<\/span><br \/>\n<span style=\"font-family: Roboto; font-size: 14px;\">-Do\u011fum belgesi<\/span><br \/>\n<span style=\"font-family: Roboto; font-size: 14px;\">-Medeni durum belgesi<\/span><br \/>\n<span style=\"font-family: Roboto; font-size: 14px;\">-Tapu veya yat\u0131r\u0131m\u0131 g\u00f6steren belgeler<\/span><br \/>\n<span style=\"font-family: Roboto; font-size: 14px;\">-Ta\u015f\u0131nmaz de\u011ferleme raporu<\/span><br \/>\n<span style=\"font-family: Roboto; font-size: 14px;\">-Tam vukuatl\u0131 n\u00fcfus kay\u0131t \u00f6rne\u011fi<\/span><br \/>\n<span style=\"font-family: Roboto; font-size: 14px;\">-Har\u00e7 \u00f6deme dekontu<\/span><\/p>\n<h2><strong><span style=\"font-family: Roboto; font-size: 27px;\">Yat\u0131r\u0131mc\u0131lar \u0130\u00e7in Litvanya Vatanda\u015fl\u0131\u011f\u0131 ile \u0130lgili<\/span><\/strong><\/h2>\n<p><span style=\"font-family: Roboto; font-size: 14px;\"><strong>Litvanya vatanda\u015fl\u0131\u011f\u0131<\/strong> direkt olarak yat\u0131r\u0131m yolu ile al\u0131namamaktad\u0131r. T\u00fcrk vatanda\u015flar\u0131<strong> Litvanya vatanda\u015fl\u0131\u011f\u0131<\/strong> <strong>ba\u015fvurusu<\/strong> yapmadan \u00f6nce yat\u0131r\u0131m yolu ile Litvanya oturum izni al\u0131p Litvanya\u2019ya yerle\u015fmelidir. Daha sonra ise bu ikametin devaml\u0131l\u0131\u011f\u0131n\u0131 sa\u011flay\u0131p en az 10 sene Litvanya\u2019da yasal olarak ikamet etmelidir. 10 y\u0131l Litvanya\u2019da ikamet edildikten sonra<strong>, Litvanya vatanda\u015fl\u0131\u011f\u0131<\/strong> i\u00e7in ba\u015fvuruda bulunulmal\u0131d\u0131r.<\/span><\/p>\n<p><span style=\"font-family: Roboto; font-size: 14px;\">K\u0131sacas\u0131 yat\u0131r\u0131m yolu ile <strong>Litvanya vatanda\u015fl\u0131\u011f\u0131<\/strong> al\u0131namamaktad\u0131r. Litvanya\u2019ya yat\u0131r\u0131m yaparak sadece oturum izni ve \u00e7al\u0131\u015fma izni al\u0131nmaktad\u0131r. Ancak daha sonra belirli \u015fartlar yerine getirildikten sonra <strong>Litvanya vatanda\u015fl\u0131\u011f\u0131<\/strong> al\u0131nabilmektedir. Yat\u0131r\u0131m yolu ile Litvanya\u2019ya yerle\u015ftikten sonra a\u015fa\u011f\u0131daki \u015fartlar\u0131 yetine getirmeniz gerekmektedir.<\/span><\/p>\n<ul>\n<li><span style=\"font-family: Roboto; font-size: 14px;\">Litvanya\u2019da 10 y\u0131l ikamet etmi\u015f olman\u0131z gerekmektedir.<\/span><\/li>\n<li><span style=\"font-family: Roboto; font-size: 14px;\"><strong>Litvanya vatanda\u015fl\u0131\u011f\u0131<\/strong> ald\u0131ktan sonra kendinize bakabilecek ekonomik durumunuz olmal\u0131d\u0131r.<\/span><\/li>\n<li><span style=\"font-family: Roboto; font-size: 14px;\">Litvanya resmi dilini iyi derecede bilmeniz gerekmektedir.<\/span><\/li>\n<li><span style=\"font-family: Roboto; font-size: 14px;\">Litvanya\u2019n\u0131n toplum ya\u015fam\u0131na ve kamu d\u00fczenine uygun bir \u015fekilde ya\u015fayabilece\u011finizi kan\u0131tlamal\u0131s\u0131n\u0131z.<\/span><\/li>\n<li><span style=\"font-family: Roboto; font-size: 14px;\">Sab\u0131kan\u0131z\u0131n temiz olmas\u0131 gerekmektedir.<\/span><\/li>\n<li><span style=\"font-family: Roboto; font-size: 14px;\"><strong>Litvanya vatanda\u015fl\u0131k ba\u015fvurusu<\/strong> yapacak ki\u015filerin Litvanya tarihi, hukuku, anayasas\u0131, sosyal ya\u015fam\u0131 hakk\u0131nda bilgi sahibi olman\u0131z gerekmektedir.<\/span><\/li>\n<\/ul>\n<p><span style=\"font-family: Roboto; font-size: 14px;\"><strong>Litvanya vatanda\u015fl\u0131k ba\u015fvurusu<\/strong> yapacak olan ki\u015filerin, Litvanya vatanda\u015fl\u0131k s\u0131nav\u0131na girmesi ve bu s\u0131navda ba\u015far\u0131l\u0131 olmas\u0131 gerekmektedir.<\/span><\/p>\n<h2><span style=\"font-family: Roboto; font-size: 27px;\"><strong>Litvanya Yat\u0131r\u0131mc\u0131lar \u0130\u00e7in Vatanda\u015fl\u0131k Nas\u0131l Al\u0131n\u0131r?<\/strong><\/span><\/h2>\n<p><span style=\"font-family: Roboto; font-size: 14px;\">D\u00fcnya genelinde bir\u00e7ok \u00fclke, vatanda\u015fl\u0131k stat\u00fcs\u00fc \u00fczerinde farkl\u0131 uygulamalar geli\u015ftirmektedir. Bu uygulamalar, \u00e7e\u015fitli ara\u00e7lar ve uygulamalar ile vatanda\u015fl\u0131k hakk\u0131 elde edinilebilmesi ad\u0131na geli\u015febilmektedir. Bu a\u00e7\u0131dan, d\u00fcnya genelinde \u00e7e\u015fitli yat\u0131r\u0131m faaliyetleri ile beraber iktisadi faaliyetler, yat\u0131r\u0131m yap\u0131lan \u00fclke vatanda\u015fl\u0131\u011f\u0131n\u0131 alma hakk\u0131na ula\u015fmak ad\u0131na ger\u00e7ekle\u015ftirilebilir ad\u0131mlard\u0131r.\u00a0<strong>Litvanya Yat\u0131r\u0131mc\u0131lar \u0130\u00e7in Vatanda\u015fl\u0131k nas\u0131l al\u0131n\u0131r\u00a0<\/strong>denildi\u011finde ise bu konuda da uygulanmas\u0131 gereken baz\u0131 prosed\u00fcrlerin oldu\u011funu belirtmek gerekmektedir. Bu durumda, Litvanya \u00fczerinde ticari ve iktisadi faaliyette bulunmak isteyen ki\u015filerin ger\u00e7ekle\u015ftirmesi gereken baz\u0131 \u015fartlar ve ad\u0131mlar bulunmaktad\u0131r. \u00d6ncelikli olarak, Ekonomi Bakanl\u0131\u011f\u0131 nezdinde ilgili i\u015fletmenin ya da \u015firketin kaydedilmesi ve ayn\u0131 zamanda Ticaret Sicil Gazetesi \u00fczerinde de yay\u0131nlanmas\u0131 gerekmektedir. Bahse konu olan bu iki ko\u015fulun yerine getirilmesi ile Litvanya vatanda\u015fl\u0131\u011f\u0131n\u0131n yat\u0131r\u0131m yolu ile elde edilmesi i\u00e7in gerekli prosed\u00fcrlere ba\u015flanabilmektedir. Ayr\u0131ca m\u00fclk sat\u0131n al\u0131nmas\u0131 gibi ko\u015fullar da bulunmaktad\u0131r.<\/span><\/p>\n<h2><span style=\"font-family: Roboto; font-size: 27px;\"><strong>Litvanya Yat\u0131r\u0131mc\u0131lar \u0130\u00e7in Vatanda\u015fl\u0131k \u015eartlar\u0131<\/strong><\/span><\/h2>\n<p><span style=\"font-family: Roboto; font-size: 14px;\">Litvanya \u00fczerinde, yat\u0131r\u0131m faaliyetlerini ger\u00e7ekle\u015ftirmek ya da \u015firket kurmak gibi iktisadi bir faaliyet ger\u00e7ekle\u015ftirmek isteyen ki\u015filer i\u00e7in vatanda\u015fl\u0131k elde etme imkan\u0131 bulunmaktad\u0131r. Yat\u0131r\u0131mc\u0131lar i\u00e7in Litvanya \u00fczerinde yat\u0131r\u0131mc\u0131 vizesi elde etmek de m\u00fcmk\u00fcnd\u00fcr. Ancak\u00a0<strong>Litvanya Yat\u0131r\u0131mc\u0131lar \u0130\u00e7in Vatanda\u015fl\u0131k \u015eartlar\u0131\u00a0<\/strong>aras\u0131nda, belirli bir s\u00fcre uygulamas\u0131 bulunmaktad\u0131r. Bu durumda, yat\u0131r\u0131m yaparak Litvanya vatanda\u015fl\u0131\u011f\u0131 almak isteyen ki\u015filer i\u00e7in yat\u0131r\u0131m yap\u0131lmas\u0131n\u0131n \u00fczerinden minimum 10 y\u0131l gibi bir s\u00fcrenin ge\u00e7mesi gerekmektedir.<\/span><\/p>\n<p><span style=\"font-family: Roboto; font-size: 14px;\">Litvanya, genel olarak \u00fclke \u00e7ap\u0131nda \u00fclkenin iktisadi ve di\u011fer alanlarda kalk\u0131nmas\u0131na katk\u0131da bulunacak olan yat\u0131r\u0131mc\u0131lar i\u00e7in vatanda\u015fl\u0131k alma imkan\u0131 sunmakta olan say\u0131l\u0131 \u00fclkeler aras\u0131nda yer almaktad\u0131r. Yat\u0131r\u0131m alan\u0131 ile ilgili bir s\u0131n\u0131rlama bulunmazken, \u00fclkede oturum hakk\u0131 elde eden yat\u0131r\u0131mc\u0131lar, 50.000 \u20ac yat\u0131r\u0131m sermayesine sahip olmalar\u0131 halinde vatanda\u015fl\u0131k i\u00e7in gerekli olan ba\u015fvurular\u0131 ger\u00e7ekle\u015ftirebilmektedir. Bu iki ko\u015ful, Litvanya vatanda\u015fl\u0131k ba\u015fvurular\u0131 i\u00e7in gereklidir.<\/span><\/p>\n<h3><span style=\"font-family: Roboto; font-size: 24px;\"><strong>Litvanya Yat\u0131r\u0131mc\u0131lar \u0130\u00e7in Vatanda\u015fl\u0131k Ba\u015fvurusu<\/strong><\/span><\/h3>\n<p><span style=\"font-family: Roboto; font-size: 14px;\"><strong>Litvanya\u2019da yat\u0131r\u0131m yapmak<\/strong>, \u015firket kurmak ve iktisadi olarak faaliyette bulunmak isteyen ki\u015filer, yasa d\u0131\u015f\u0131 herhangi bir faaliyette bulunmad\u0131klar\u0131 halde belirli \u015fartlar\u0131 yerine getirmeleri durumda vatanda\u015fl\u0131k i\u00e7in gerekli ba\u015fvuru i\u015flemlerine ba\u015flayabilirler. Bunun i\u00e7in minimum 10 y\u0131l s\u00fcre zarf\u0131n\u0131 doldurmalar\u0131, oturum hakk\u0131na sahip olmalar\u0131 ve de minimum 50.000 \u20ac tutar\u0131nda bir yat\u0131r\u0131m sermayesine sahip olmalar\u0131 gerekmektedir.\u00a0<strong>Litvanya Yat\u0131r\u0131mc\u0131lar \u0130\u00e7in Vatanda\u015fl\u0131k ba\u015fvurusu<\/strong><strong>\u00a0<\/strong>i\u015flemlerini ger\u00e7ekle\u015ftirmeleri i\u00e7in ise bahse konu olan bu ko\u015fullar yerine getirilmesi ile ger\u00e7ekle\u015febilmektedir.<\/span><\/p>\n<p><span style=\"font-family: Roboto; font-size: 14px;\"><strong>Litvanya vatanda\u015fl\u0131k alma i\u015flemleri<\/strong> i\u00e7in do\u011frudan bir hak tan\u0131nmaz. Vatanda\u015fl\u0131k s\u0131nav\u0131na girilmesi ve bu s\u0131navda ba\u015far\u0131l\u0131 olunmas\u0131 gereklidir. S\u0131nav kapsam\u0131nda ise Litvanya tarihi, anayasas\u0131, sosyal ya\u015fant\u0131s\u0131, hukuku ve genel olarak ekonomisi gibi konular ile ilgili ba\u015far\u0131 elde etmek gereklidir. Bahse konu olan bu s\u0131navda yat\u0131r\u0131mc\u0131lar, ba\u015far\u0131l\u0131 olmalar\u0131 halinde vatanda\u015fl\u0131k ad\u0131mlar\u0131 i\u00e7in gerekli ad\u0131mlar at\u0131labilmektedir.<\/span><\/p>\n<h3><span style=\"font-family: Roboto; font-size: 24px;\"><strong>Litvanya Yat\u0131r\u0131mc\u0131lar \u0130\u00e7in Vatanda\u015fl\u0131k Ba\u015fvuru Evraklar\u0131<\/strong><\/span><\/h3>\n<p><span style=\"font-family: Roboto; font-size: 14px;\">Her \u00fclkede oldu\u011fu gibi<strong> Litvanya vatanda\u015fl\u0131\u011f\u0131 almak<\/strong> i\u00e7in de ki\u015filerin izlemesi gereken baz\u0131 y\u00f6ntemler ve ilgili makamlara sunulmas\u0131 gereken baz\u0131 evraklar bulunmaktad\u0131r. Litvanya vatanda\u015fl\u0131\u011f\u0131n\u0131 yat\u0131r\u0131m yolu ile elde etmenin baz\u0131 \u00f6n \u015fartlar\u0131 bulunmaktad\u0131r. Bunun i\u00e7in giri\u015fim ya da yat\u0131r\u0131m yap\u0131ld\u0131\u011f\u0131ndan itibaren 10 s\u00fcresini dolduran bir oturma ve \u00e7al\u0131\u015fma haklar\u0131na sahip olmak gereklidir. Bunun yan\u0131nda Litvanya Ekonomi Bakanl\u0131\u011f\u0131\u2019na ilgili \u015firket ya da giri\u015fim kay\u0131tlar\u0131n\u0131 yapmak gereklidir. Ayn\u0131 zamanda 50.000 \u20ac minimum yat\u0131r\u0131m yapm\u0131\u015f olmak gereklidir.\u00a0<strong>Litvanya Yat\u0131r\u0131mc\u0131lar \u0130\u00e7in Vatanda\u015fl\u0131k ba\u015fvuru evraklar\u0131<\/strong><strong>\u00a0<\/strong>olarak ise bahse konu olan bu resmi evraklar\u0131n kay\u0131tlar\u0131n\u0131n ki\u015fi taraf\u0131ndan da tutulmas\u0131 gereklidir. Do\u011frudan yat\u0131r\u0131mc\u0131lar vatanda\u015fl\u0131k hakk\u0131 elde edememekle beraber bunun i\u00e7in bir vatanda\u015fl\u0131k s\u0131nav\u0131na girilmesi gereklidir. S\u0131nav\u0131 kazanan ki\u015filer ise vatanda\u015fl\u0131k i\u00e7in ba\u015fvuru yapabilirler ve bahse konu olan bu evraklar\u0131 ve ilgili makam taraf\u0131ndan istenebilecek di\u011fer evraklar\u0131 da sunabilirler.<\/span><\/p>\n","protected":false},"excerpt":{"rendered":"<p>Yat\u0131r\u0131m yolu ile Litvanya Vatanda\u015fl\u0131\u011f\u0131 Litvanya gayrimenkul yat\u0131r\u0131m\u0131 i\u00e7in yabanc\u0131lara g\u00fczel se\u00e7enekler sunan bir devlettir. Yap\u0131lacak i\u015flemler i\u00e7in sa\u011flad\u0131\u011f\u0131 kolayl\u0131klar ile \u00f6nemli yat\u0131r\u0131m merkezleri aras\u0131nda bulunuyor. Bunun yan\u0131nda de\u011fi\u015fik vergi tipleri ile \u00e7al\u0131\u015fma imkan\u0131 sunuyor. T\u00fcrkiye ile kar\u015f\u0131la\u015ft\u0131r\u0131ld\u0131\u011f\u0131nda y\u00fcksek kazan\u00e7 sa\u011flanabilecek bir \u00fclke. Gayrimenkul konusunda Litvanya&#8217;n\u0131n avantajlar\u0131 \u015funlard\u0131r; -D\u00fc\u015f\u00fck bir yasam maliyeti sunuyor olmas\u0131 -Ekonomisinin<\/p>\n","protected":false},"author":1,"featured_media":0,"parent":164,"menu_order":0,"comment_status":"open","ping_status":"closed","template":"","meta":{"footnotes":""},"class_list":["post-187","page","type-page","status-publish","hentry"],"yoast_head":"<!-- This site is optimized with the Yoast SEO plugin v24.0 - https:\/\/yoast.com\/wordpress\/plugins\/seo\/ -->\n<title>Yat\u0131r\u0131m yolu ile Litvanya Vatanda\u015fl\u0131\u011f\u0131 - MyVize<\/title>\n<meta name=\"description\" content=\"Yat\u0131r\u0131m yolu ile Litvanya Vatanda\u015fl\u0131\u011f\u0131 Nas\u0131l Al\u0131n\u0131r? Yat\u0131r\u0131m yolu ile Litvanya Vatanda\u015fl\u0131\u011f\u0131 \u015eartlar\u0131 Neler? Bilgi \u0130\u00e7in Aray\u0131n: 0850 346 84 93\" \/>\n<meta name=\"robots\" content=\"index, follow, max-snippet:-1, max-image-preview:large, max-video-preview:-1\" \/>\n<link rel=\"canonical\" href=\"https:\/\/www.myvize.com.tr\/litvanya\/vatandaslik\/yatirimcilar-icin-vatandaslik\/\" \/>\n<meta property=\"og:locale\" content=\"tr_TR\" \/>\n<meta property=\"og:type\" content=\"article\" \/>\n<meta property=\"og:title\" content=\"Yat\u0131r\u0131m yolu ile Litvanya Vatanda\u015fl\u0131\u011f\u0131 - MyVize\" \/>\n<meta property=\"og:description\" content=\"Yat\u0131r\u0131m yolu ile Litvanya Vatanda\u015fl\u0131\u011f\u0131 Nas\u0131l Al\u0131n\u0131r? Yat\u0131r\u0131m yolu ile Litvanya Vatanda\u015fl\u0131\u011f\u0131 \u015eartlar\u0131 Neler? Bilgi \u0130\u00e7in Aray\u0131n: 0850 346 84 93\" \/>\n<meta property=\"og:url\" content=\"https:\/\/www.myvize.com.tr\/litvanya\/vatandaslik\/yatirimcilar-icin-vatandaslik\/\" \/>\n<meta property=\"og:site_name\" content=\"Litvanya Vizesi\" \/>\n<meta property=\"article:modified_time\" content=\"2022-06-25T09:41:04+00:00\" \/>\n<meta name=\"twitter:card\" content=\"summary_large_image\" \/>\n<meta name=\"twitter:label1\" content=\"Tahmini okuma s\u00fcresi\" \/>\n\t<meta name=\"twitter:data1\" content=\"4 dakika\" \/>\n<script type=\"application\/ld+json\" class=\"yoast-schema-graph\">{\"@context\":\"https:\/\/schema.org\",\"@graph\":[{\"@type\":\"WebPage\",\"@id\":\"https:\/\/www.myvize.com.tr\/litvanya\/vatandaslik\/yatirimcilar-icin-vatandaslik\/\",\"url\":\"https:\/\/www.myvize.com.tr\/litvanya\/vatandaslik\/yatirimcilar-icin-vatandaslik\/\",\"name\":\"Yat\u0131r\u0131m yolu ile Litvanya Vatanda\u015fl\u0131\u011f\u0131 - MyVize\",\"isPartOf\":{\"@id\":\"https:\/\/www.myvize.com.tr\/litvanya\/#website\"},\"datePublished\":\"2020-12-25T08:44:04+00:00\",\"dateModified\":\"2022-06-25T09:41:04+00:00\",\"description\":\"Yat\u0131r\u0131m yolu ile Litvanya Vatanda\u015fl\u0131\u011f\u0131 Nas\u0131l Al\u0131n\u0131r? Yat\u0131r\u0131m yolu ile Litvanya Vatanda\u015fl\u0131\u011f\u0131 \u015eartlar\u0131 Neler? Bilgi \u0130\u00e7in Aray\u0131n: 0850 346 84 93\",\"breadcrumb\":{\"@id\":\"https:\/\/www.myvize.com.tr\/litvanya\/vatandaslik\/yatirimcilar-icin-vatandaslik\/#breadcrumb\"},\"inLanguage\":\"tr\",\"potentialAction\":[{\"@type\":\"ReadAction\",\"target\":[\"https:\/\/www.myvize.com.tr\/litvanya\/vatandaslik\/yatirimcilar-icin-vatandaslik\/\"]}]},{\"@type\":\"BreadcrumbList\",\"@id\":\"https:\/\/www.myvize.com.tr\/litvanya\/vatandaslik\/yatirimcilar-icin-vatandaslik\/#breadcrumb\",\"itemListElement\":[{\"@type\":\"ListItem\",\"position\":1,\"name\":\"Anasayfa\",\"item\":\"https:\/\/www.myvize.com.tr\/litvanya\/\"},{\"@type\":\"ListItem\",\"position\":2,\"name\":\"VATANDA\u015eLIK\",\"item\":\"https:\/\/www.myvize.com.tr\/litvanya\/vatandaslik\/\"},{\"@type\":\"ListItem\",\"position\":3,\"name\":\"Litvanya Yat\u0131r\u0131mc\u0131lar \u0130\u00e7in Vatanda\u015fl\u0131k\"}]},{\"@type\":\"WebSite\",\"@id\":\"https:\/\/www.myvize.com.tr\/litvanya\/#website\",\"url\":\"https:\/\/www.myvize.com.tr\/litvanya\/\",\"name\":\"Litvanya Vizesi\",\"description\":\"\",\"potentialAction\":[{\"@type\":\"SearchAction\",\"target\":{\"@type\":\"EntryPoint\",\"urlTemplate\":\"https:\/\/www.myvize.com.tr\/litvanya\/?s={search_term_string}\"},\"query-input\":{\"@type\":\"PropertyValueSpecification\",\"valueRequired\":true,\"valueName\":\"search_term_string\"}}],\"inLanguage\":\"tr\"}]}<\/script>\n<!-- \/ Yoast SEO plugin. -->","yoast_head_json":{"title":"Yat\u0131r\u0131m yolu ile Litvanya Vatanda\u015fl\u0131\u011f\u0131 - MyVize","description":"Yat\u0131r\u0131m yolu ile Litvanya Vatanda\u015fl\u0131\u011f\u0131 Nas\u0131l Al\u0131n\u0131r? Yat\u0131r\u0131m yolu ile Litvanya Vatanda\u015fl\u0131\u011f\u0131 \u015eartlar\u0131 Neler? Bilgi \u0130\u00e7in Aray\u0131n: 0850 346 84 93","robots":{"index":"index","follow":"follow","max-snippet":"max-snippet:-1","max-image-preview":"max-image-preview:large","max-video-preview":"max-video-preview:-1"},"canonical":"https:\/\/www.myvize.com.tr\/litvanya\/vatandaslik\/yatirimcilar-icin-vatandaslik\/","og_locale":"tr_TR","og_type":"article","og_title":"Yat\u0131r\u0131m yolu ile Litvanya Vatanda\u015fl\u0131\u011f\u0131 - MyVize","og_description":"Yat\u0131r\u0131m yolu ile Litvanya Vatanda\u015fl\u0131\u011f\u0131 Nas\u0131l Al\u0131n\u0131r? Yat\u0131r\u0131m yolu ile Litvanya Vatanda\u015fl\u0131\u011f\u0131 \u015eartlar\u0131 Neler? Bilgi \u0130\u00e7in Aray\u0131n: 0850 346 84 93","og_url":"https:\/\/www.myvize.com.tr\/litvanya\/vatandaslik\/yatirimcilar-icin-vatandaslik\/","og_site_name":"Litvanya Vizesi","article_modified_time":"2022-06-25T09:41:04+00:00","twitter_card":"summary_large_image","twitter_misc":{"Tahmini okuma s\u00fcresi":"4 dakika"},"schema":{"@context":"https:\/\/schema.org","@graph":[{"@type":"WebPage","@id":"https:\/\/www.myvize.com.tr\/litvanya\/vatandaslik\/yatirimcilar-icin-vatandaslik\/","url":"https:\/\/www.myvize.com.tr\/litvanya\/vatandaslik\/yatirimcilar-icin-vatandaslik\/","name":"Yat\u0131r\u0131m yolu ile Litvanya Vatanda\u015fl\u0131\u011f\u0131 - MyVize","isPartOf":{"@id":"https:\/\/www.myvize.com.tr\/litvanya\/#website"},"datePublished":"2020-12-25T08:44:04+00:00","dateModified":"2022-06-25T09:41:04+00:00","description":"Yat\u0131r\u0131m yolu ile Litvanya Vatanda\u015fl\u0131\u011f\u0131 Nas\u0131l Al\u0131n\u0131r? Yat\u0131r\u0131m yolu ile Litvanya Vatanda\u015fl\u0131\u011f\u0131 \u015eartlar\u0131 Neler? Bilgi \u0130\u00e7in Aray\u0131n: 0850 346 84 93","breadcrumb":{"@id":"https:\/\/www.myvize.com.tr\/litvanya\/vatandaslik\/yatirimcilar-icin-vatandaslik\/#breadcrumb"},"inLanguage":"tr","potentialAction":[{"@type":"ReadAction","target":["https:\/\/www.myvize.com.tr\/litvanya\/vatandaslik\/yatirimcilar-icin-vatandaslik\/"]}]},{"@type":"BreadcrumbList","@id":"https:\/\/www.myvize.com.tr\/litvanya\/vatandaslik\/yatirimcilar-icin-vatandaslik\/#breadcrumb","itemListElement":[{"@type":"ListItem","position":1,"name":"Anasayfa","item":"https:\/\/www.myvize.com.tr\/litvanya\/"},{"@type":"ListItem","position":2,"name":"VATANDA\u015eLIK","item":"https:\/\/www.myvize.com.tr\/litvanya\/vatandaslik\/"},{"@type":"ListItem","position":3,"name":"Litvanya Yat\u0131r\u0131mc\u0131lar \u0130\u00e7in Vatanda\u015fl\u0131k"}]},{"@type":"WebSite","@id":"https:\/\/www.myvize.com.tr\/litvanya\/#website","url":"https:\/\/www.myvize.com.tr\/litvanya\/","name":"Litvanya Vizesi","description":"","potentialAction":[{"@type":"SearchAction","target":{"@type":"EntryPoint","urlTemplate":"https:\/\/www.myvize.com.tr\/litvanya\/?s={search_term_string}"},"query-input":{"@type":"PropertyValueSpecification","valueRequired":true,"valueName":"search_term_string"}}],"inLanguage":"tr"}]}},"_links":{"self":[{"href":"https:\/\/www.myvize.com.tr\/litvanya\/wp-json\/wp\/v2\/pages\/187","targetHints":{"allow":["GET"]}}],"collection":[{"href":"https:\/\/www.myvize.com.tr\/litvanya\/wp-json\/wp\/v2\/pages"}],"about":[{"href":"https:\/\/www.myvize.com.tr\/litvanya\/wp-json\/wp\/v2\/types\/page"}],"author":[{"embeddable":true,"href":"https:\/\/www.myvize.com.tr\/litvanya\/wp-json\/wp\/v2\/users\/1"}],"replies":[{"embeddable":true,"href":"https:\/\/www.myvize.com.tr\/litvanya\/wp-json\/wp\/v2\/comments?post=187"}],"version-history":[{"count":5,"href":"https:\/\/www.myvize.com.tr\/litvanya\/wp-json\/wp\/v2\/pages\/187\/revisions"}],"predecessor-version":[{"id":827,"href":"https:\/\/www.myvize.com.tr\/litvanya\/wp-json\/wp\/v2\/pages\/187\/revisions\/827"}],"up":[{"embeddable":true,"href":"https:\/\/www.myvize.com.tr\/litvanya\/wp-json\/wp\/v2\/pages\/164"}],"wp:attachment":[{"href":"https:\/\/www.myvize.com.tr\/litvanya\/wp-json\/wp\/v2\/media?parent=187"}],"curies":[{"name":"wp","href":"https:\/\/api.w.org\/{rel}","templated":true}]}}