{"id":219,"date":"2020-12-25T11:52:06","date_gmt":"2020-12-25T08:52:06","guid":{"rendered":"https:\/\/www.myvize.com.tr\/litvanya\/?page_id=219"},"modified":"2022-01-11T13:39:45","modified_gmt":"2022-01-11T10:39:45","slug":"gaziantep","status":"publish","type":"page","link":"https:\/\/www.myvize.com.tr\/litvanya\/subelerimiz\/gaziantep\/","title":{"rendered":"Gaziantep"},"content":{"rendered":"<h2><strong><span style=\"font-family: Roboto; font-size: 27px;\">Litvanya Vize Ba\u015fvuru Merkezi, Gaziantep<\/span><\/strong><\/h2>\n<p><span style=\"font-family: Roboto; font-size: 14px;\"><strong>Vize ba\u015fvurular\u0131<\/strong> ile ilgili vatanda\u015flar\u0131m\u0131z\u0131n merak etti\u011fi pek \u00e7ok soru bulunmaktad\u0131r. <strong>Gaziantep<\/strong> ve \u00e7evresinde ya\u015fayan yurtta\u015flar\u0131m\u0131z\u0131n Litvanya vizelerini alabilmeleri i\u00e7in en verimli s\u00fcre\u00e7leri ba\u015flat\u0131yoruz. Sizler de ge\u00e7 kalmadan tam zaman\u0131nda ba\u015fvuru yapmak ve ideal s\u00fcrelerde sonu\u00e7lar\u0131 alabilmek i\u00e7in harekete ge\u00e7ebilirsiniz. G\u00fcncel ve detayl\u0131 bilgilere eri\u015fmeniz neticesinde sorunsuz deneyimleri ya\u015fayabileceksiniz. Kahramanmara\u015f veya Ad\u0131yaman gibi illeri de kapsayan bu g\u00f6rev b\u00f6lgesinde ya\u015fayan ki\u015filerin sorunlar\u0131 h\u0131zla \u00e7\u00f6z\u00fclecektir. Vizenizin olmamas\u0131 durumunda, pasaportlar\u0131n\u0131za g\u00f6re ba\u015fvurular ger\u00e7ekle\u015ftirilecektir. Hangi vizeyi almak istedi\u011finizi bizimle payla\u015fman\u0131z halinde \u015fartlar\u0131n\u0131z\u0131n uygunlu\u011fu de\u011ferlendirilecektir. Konsoloslu\u011fun talep edece\u011fi evrak ve fiyat listesine g\u00f6z atarak, eksiksiz \u015fekilde hareket etmeniz m\u00fcmk\u00fcn olacakt\u0131r. Gaziantep&#8217;in il\u00e7elerinden veya \u00e7evre illerden yapaca\u011f\u0131n\u0131z ba\u015fvurularda kusursuz sonu\u00e7lara ula\u015fabilirsiniz.\u00a0<strong>Gaziantep Litvanya Vize Ba\u015fvurusu<\/strong>\u00a0hakk\u0131nda bilgi alabilece\u011finiz profesyonel ekiplerimiz ile kesintisiz ileti\u015fimleri kurabileceksiniz. E-posta veya telefon \u00fczerinden alaca\u011f\u0131n\u0131z bilgilendirmeler ile gerekli olan belgeleri \u00f6\u011frenebileceksiniz. En yak\u0131n tarihlerde ba\u015fvuru yapmak ve b\u00fcy\u00fck oranda olumlu yan\u0131tlar\u0131 alabilmek i\u00e7in ge\u00e7 kalmadan bizlere ula\u015fabilirsiniz. Sonu\u00e7lar\u0131n yakla\u015f\u0131k 7 g\u00fcnde al\u0131nmas\u0131 beklenmektedir.<\/span><\/p>\n<p><span style=\"font-family: Roboto; font-size: 14px;\"><span style=\"color: #2acec2;\"><strong><a style=\"color: #2acec2;\" href=\"https:\/\/www.myvize.com.tr\/litvanya\/vize-islemleri\/litvanya-aile-ziyareti-vizesi\/\" target=\"_blank\" rel=\"noopener\">Litvanya Aile Ziyareti Vizesi<\/a><\/strong><\/span> ile ilgili bilgi almak i\u00e7in bizi aray\u0131n\u0131z.<\/span><\/p>\n","protected":false},"excerpt":{"rendered":"<p>Litvanya Vize Ba\u015fvuru Merkezi, Gaziantep Vize ba\u015fvurular\u0131 ile ilgili vatanda\u015flar\u0131m\u0131z\u0131n merak etti\u011fi pek \u00e7ok soru bulunmaktad\u0131r. Gaziantep ve \u00e7evresinde ya\u015fayan yurtta\u015flar\u0131m\u0131z\u0131n Litvanya vizelerini alabilmeleri i\u00e7in en verimli s\u00fcre\u00e7leri ba\u015flat\u0131yoruz. Sizler de ge\u00e7 kalmadan tam zaman\u0131nda ba\u015fvuru yapmak ve ideal s\u00fcrelerde sonu\u00e7lar\u0131 alabilmek i\u00e7in harekete ge\u00e7ebilirsiniz. G\u00fcncel ve detayl\u0131 bilgilere eri\u015fmeniz neticesinde sorunsuz deneyimleri ya\u015fayabileceksiniz. Kahramanmara\u015f<\/p>\n","protected":false},"author":1,"featured_media":0,"parent":176,"menu_order":0,"comment_status":"closed","ping_status":"closed","template":"","meta":{"footnotes":""},"class_list":["post-219","page","type-page","status-publish","hentry"],"yoast_head":"<!-- This site is optimized with the Yoast SEO plugin v24.0 - https:\/\/yoast.com\/wordpress\/plugins\/seo\/ -->\n<title>Litvanya Vizesi Gaziantep Ba\u015fvuru \u015eubesi - MyVize<\/title>\n<meta name=\"description\" content=\"Litvanya Vizesi Gaziantep Vize Ba\u015fvuru Merkezi. Litvanya Vizesi Nas\u0131l Al\u0131n\u0131r? Ba\u015fvuru Yapmak \u0130\u00e7in Gaziantep \u015eubemizi Aray\u0131n: 0850 346 84 93\" \/>\n<meta name=\"robots\" content=\"index, follow, max-snippet:-1, max-image-preview:large, max-video-preview:-1\" \/>\n<link rel=\"canonical\" href=\"https:\/\/www.myvize.com.tr\/litvanya\/subelerimiz\/gaziantep\/\" \/>\n<meta property=\"og:locale\" content=\"tr_TR\" \/>\n<meta property=\"og:type\" content=\"article\" \/>\n<meta property=\"og:title\" content=\"Litvanya Vizesi Gaziantep Ba\u015fvuru \u015eubesi - MyVize\" \/>\n<meta property=\"og:description\" content=\"Litvanya Vizesi Gaziantep Vize Ba\u015fvuru Merkezi. Litvanya Vizesi Nas\u0131l Al\u0131n\u0131r? Ba\u015fvuru Yapmak \u0130\u00e7in Gaziantep \u015eubemizi Aray\u0131n: 0850 346 84 93\" \/>\n<meta property=\"og:url\" content=\"https:\/\/www.myvize.com.tr\/litvanya\/subelerimiz\/gaziantep\/\" \/>\n<meta property=\"og:site_name\" content=\"Litvanya Vizesi\" \/>\n<meta property=\"article:modified_time\" content=\"2022-01-11T10:39:45+00:00\" \/>\n<meta name=\"twitter:card\" content=\"summary_large_image\" \/>\n<meta name=\"twitter:label1\" content=\"Tahmini okuma s\u00fcresi\" \/>\n\t<meta name=\"twitter:data1\" content=\"1 dakika\" \/>\n<script type=\"application\/ld+json\" class=\"yoast-schema-graph\">{\"@context\":\"https:\/\/schema.org\",\"@graph\":[{\"@type\":\"WebPage\",\"@id\":\"https:\/\/www.myvize.com.tr\/litvanya\/subelerimiz\/gaziantep\/\",\"url\":\"https:\/\/www.myvize.com.tr\/litvanya\/subelerimiz\/gaziantep\/\",\"name\":\"Litvanya Vizesi Gaziantep Ba\u015fvuru \u015eubesi - MyVize\",\"isPartOf\":{\"@id\":\"https:\/\/www.myvize.com.tr\/litvanya\/#website\"},\"datePublished\":\"2020-12-25T08:52:06+00:00\",\"dateModified\":\"2022-01-11T10:39:45+00:00\",\"description\":\"Litvanya Vizesi Gaziantep Vize Ba\u015fvuru Merkezi. Litvanya Vizesi Nas\u0131l Al\u0131n\u0131r? Ba\u015fvuru Yapmak \u0130\u00e7in Gaziantep \u015eubemizi Aray\u0131n: 0850 346 84 93\",\"breadcrumb\":{\"@id\":\"https:\/\/www.myvize.com.tr\/litvanya\/subelerimiz\/gaziantep\/#breadcrumb\"},\"inLanguage\":\"tr\",\"potentialAction\":[{\"@type\":\"ReadAction\",\"target\":[\"https:\/\/www.myvize.com.tr\/litvanya\/subelerimiz\/gaziantep\/\"]}]},{\"@type\":\"BreadcrumbList\",\"@id\":\"https:\/\/www.myvize.com.tr\/litvanya\/subelerimiz\/gaziantep\/#breadcrumb\",\"itemListElement\":[{\"@type\":\"ListItem\",\"position\":1,\"name\":\"Anasayfa\",\"item\":\"https:\/\/www.myvize.com.tr\/litvanya\/\"},{\"@type\":\"ListItem\",\"position\":2,\"name\":\"\u015eUBELER\u0130M\u0130Z\",\"item\":\"https:\/\/www.myvize.com.tr\/litvanya\/subelerimiz\/\"},{\"@type\":\"ListItem\",\"position\":3,\"name\":\"Gaziantep\"}]},{\"@type\":\"WebSite\",\"@id\":\"https:\/\/www.myvize.com.tr\/litvanya\/#website\",\"url\":\"https:\/\/www.myvize.com.tr\/litvanya\/\",\"name\":\"Litvanya Vizesi\",\"description\":\"\",\"potentialAction\":[{\"@type\":\"SearchAction\",\"target\":{\"@type\":\"EntryPoint\",\"urlTemplate\":\"https:\/\/www.myvize.com.tr\/litvanya\/?s={search_term_string}\"},\"query-input\":{\"@type\":\"PropertyValueSpecification\",\"valueRequired\":true,\"valueName\":\"search_term_string\"}}],\"inLanguage\":\"tr\"}]}<\/script>\n<!-- \/ Yoast SEO plugin. -->","yoast_head_json":{"title":"Litvanya Vizesi Gaziantep Ba\u015fvuru \u015eubesi - MyVize","description":"Litvanya Vizesi Gaziantep Vize Ba\u015fvuru Merkezi. Litvanya Vizesi Nas\u0131l Al\u0131n\u0131r? Ba\u015fvuru Yapmak \u0130\u00e7in Gaziantep \u015eubemizi Aray\u0131n: 0850 346 84 93","robots":{"index":"index","follow":"follow","max-snippet":"max-snippet:-1","max-image-preview":"max-image-preview:large","max-video-preview":"max-video-preview:-1"},"canonical":"https:\/\/www.myvize.com.tr\/litvanya\/subelerimiz\/gaziantep\/","og_locale":"tr_TR","og_type":"article","og_title":"Litvanya Vizesi Gaziantep Ba\u015fvuru \u015eubesi - MyVize","og_description":"Litvanya Vizesi Gaziantep Vize Ba\u015fvuru Merkezi. Litvanya Vizesi Nas\u0131l Al\u0131n\u0131r? Ba\u015fvuru Yapmak \u0130\u00e7in Gaziantep \u015eubemizi Aray\u0131n: 0850 346 84 93","og_url":"https:\/\/www.myvize.com.tr\/litvanya\/subelerimiz\/gaziantep\/","og_site_name":"Litvanya Vizesi","article_modified_time":"2022-01-11T10:39:45+00:00","twitter_card":"summary_large_image","twitter_misc":{"Tahmini okuma s\u00fcresi":"1 dakika"},"schema":{"@context":"https:\/\/schema.org","@graph":[{"@type":"WebPage","@id":"https:\/\/www.myvize.com.tr\/litvanya\/subelerimiz\/gaziantep\/","url":"https:\/\/www.myvize.com.tr\/litvanya\/subelerimiz\/gaziantep\/","name":"Litvanya Vizesi Gaziantep Ba\u015fvuru \u015eubesi - MyVize","isPartOf":{"@id":"https:\/\/www.myvize.com.tr\/litvanya\/#website"},"datePublished":"2020-12-25T08:52:06+00:00","dateModified":"2022-01-11T10:39:45+00:00","description":"Litvanya Vizesi Gaziantep Vize Ba\u015fvuru Merkezi. Litvanya Vizesi Nas\u0131l Al\u0131n\u0131r? Ba\u015fvuru Yapmak \u0130\u00e7in Gaziantep \u015eubemizi Aray\u0131n: 0850 346 84 93","breadcrumb":{"@id":"https:\/\/www.myvize.com.tr\/litvanya\/subelerimiz\/gaziantep\/#breadcrumb"},"inLanguage":"tr","potentialAction":[{"@type":"ReadAction","target":["https:\/\/www.myvize.com.tr\/litvanya\/subelerimiz\/gaziantep\/"]}]},{"@type":"BreadcrumbList","@id":"https:\/\/www.myvize.com.tr\/litvanya\/subelerimiz\/gaziantep\/#breadcrumb","itemListElement":[{"@type":"ListItem","position":1,"name":"Anasayfa","item":"https:\/\/www.myvize.com.tr\/litvanya\/"},{"@type":"ListItem","position":2,"name":"\u015eUBELER\u0130M\u0130Z","item":"https:\/\/www.myvize.com.tr\/litvanya\/subelerimiz\/"},{"@type":"ListItem","position":3,"name":"Gaziantep"}]},{"@type":"WebSite","@id":"https:\/\/www.myvize.com.tr\/litvanya\/#website","url":"https:\/\/www.myvize.com.tr\/litvanya\/","name":"Litvanya Vizesi","description":"","potentialAction":[{"@type":"SearchAction","target":{"@type":"EntryPoint","urlTemplate":"https:\/\/www.myvize.com.tr\/litvanya\/?s={search_term_string}"},"query-input":{"@type":"PropertyValueSpecification","valueRequired":true,"valueName":"search_term_string"}}],"inLanguage":"tr"}]}},"_links":{"self":[{"href":"https:\/\/www.myvize.com.tr\/litvanya\/wp-json\/wp\/v2\/pages\/219","targetHints":{"allow":["GET"]}}],"collection":[{"href":"https:\/\/www.myvize.com.tr\/litvanya\/wp-json\/wp\/v2\/pages"}],"about":[{"href":"https:\/\/www.myvize.com.tr\/litvanya\/wp-json\/wp\/v2\/types\/page"}],"author":[{"embeddable":true,"href":"https:\/\/www.myvize.com.tr\/litvanya\/wp-json\/wp\/v2\/users\/1"}],"replies":[{"embeddable":true,"href":"https:\/\/www.myvize.com.tr\/litvanya\/wp-json\/wp\/v2\/comments?post=219"}],"version-history":[{"count":5,"href":"https:\/\/www.myvize.com.tr\/litvanya\/wp-json\/wp\/v2\/pages\/219\/revisions"}],"predecessor-version":[{"id":720,"href":"https:\/\/www.myvize.com.tr\/litvanya\/wp-json\/wp\/v2\/pages\/219\/revisions\/720"}],"up":[{"embeddable":true,"href":"https:\/\/www.myvize.com.tr\/litvanya\/wp-json\/wp\/v2\/pages\/176"}],"wp:attachment":[{"href":"https:\/\/www.myvize.com.tr\/litvanya\/wp-json\/wp\/v2\/media?parent=219"}],"curies":[{"name":"wp","href":"https:\/\/api.w.org\/{rel}","templated":true}]}}