{"id":235,"date":"2020-12-25T11:54:29","date_gmt":"2020-12-25T08:54:29","guid":{"rendered":"https:\/\/www.myvize.com.tr\/litvanya\/?page_id=235"},"modified":"2022-01-11T13:41:18","modified_gmt":"2022-01-11T10:41:18","slug":"bursa","status":"publish","type":"page","link":"https:\/\/www.myvize.com.tr\/litvanya\/subelerimiz\/bursa\/","title":{"rendered":"Bursa"},"content":{"rendered":"<h2><strong><span style=\"font-family: Roboto; font-size: 27px;\">Litvanya Vize Ba\u015fvuru Merkezi, Bursa<\/span><\/strong><\/h2>\n<p><span style=\"font-family: Roboto; font-size: 14px;\">Siz de\u011ferli ziyaret\u00e7ilerimize en do\u011fru bilgileri vermek i\u00e7in ad\u0131m at\u0131yoruz.\u00a0<strong>Bursa Litvanya Vize Ba\u015fvurusu\u00a0<\/strong>i\u00e7in ba\u015fvurman\u0131z gereken ofislerimizden detayl\u0131 bilgileri elde edebilirsiniz. Bursa&#8217;n\u0131n \u00e7e\u015fitli il\u00e7elerinden ba\u015fvuru yapacak olan ziyaret\u00e7ilerimizin aramalar\u0131 yeterli olacakt\u0131r. Ayr\u0131ca Bilecik ve K\u00fctahya illerinde bulunan vatanda\u015flar\u0131m\u0131za en iyi bilgileri vermekteyiz. Evraklar\u0131n\u0131z\u0131n ge\u00e7erli olup olmad\u0131\u011f\u0131n\u0131 \u00f6\u011frenebilir ve pasaportlar\u0131n\u0131zla nas\u0131l hareket edece\u011finizin yan\u0131t\u0131n\u0131 alabilirsiniz. Bordo pasaporta sahip olan ki\u015filerin \u015fubemiz arac\u0131l\u0131\u011f\u0131yla h\u0131zl\u0131 ad\u0131mlar\u0131 atabileceklerini vurguluyoruz. Sizler de aile, <strong>ticari<\/strong> veya <strong>turistik vize<\/strong> ba\u015fvurusunda bulunmak i\u00e7in do\u011fru kategoriyi se\u00e7ebilirsiniz. 90 g\u00fcn\u00fc a\u015fmayacak k\u0131sa s\u00fcreli seyahatleriniz i\u00e7in <strong>Schengen vize ba\u015fvurusu<\/strong>nda bulunman\u0131z gerekecektir. Eksik veya hatal\u0131 belgelerle u\u011fra\u015fmak zorunda kalmayaca\u011f\u0131n\u0131z\u0131 da bu sayede vurguluyoruz. Telefonlar\u0131m\u0131z\u0131 arad\u0131\u011f\u0131n\u0131zda veya e-posta att\u0131\u011f\u0131n\u0131zda t\u00fcm sorunlar\u0131n\u0131z\u0131n \u00e7\u00f6z\u00fcme kavu\u015faca\u011f\u0131n\u0131 belirtmekteyiz. T\u00fcm sorular\u0131n\u0131zla ilgili bilgileri online olarak alabilir ve ger\u00e7ek bilgilerle evraklar\u0131n\u0131z\u0131 haz\u0131rlayabilirsiniz. Ba\u015fvuru formunun ve di\u011fer evraklar\u0131n hangi formatlarda olmas\u0131 gerekti\u011fini aktar\u0131yoruz. \u0130\u00e7erikleri inceleyecek olan konsoloslu\u011fun ba\u015fvurunuzdan ikna olmas\u0131 gerekmektedir. Aksi halde olumsuzluklarla ve vize retti karar\u0131yla kar\u015f\u0131la\u015fabilece\u011finizin alt\u0131n\u0131 \u00e7izmekteyiz.<\/span><\/p>\n<p><span style=\"font-family: Roboto; font-size: 14px;\"><span style=\"color: #2acec2;\"><strong><a style=\"color: #2acec2;\" href=\"https:\/\/www.myvize.com.tr\/litvanya\/vize-islemleri\/litvanya-calisma-izni\/\" target=\"_blank\" rel=\"noopener\">Litvanya \u00c7al\u0131\u015fma \u0130zni<\/a><\/strong><\/span> ile ilgili bilgi almak i\u00e7in bizi aray\u0131n\u0131z.<\/span><\/p>\n","protected":false},"excerpt":{"rendered":"<p>Litvanya Vize Ba\u015fvuru Merkezi, Bursa Siz de\u011ferli ziyaret\u00e7ilerimize en do\u011fru bilgileri vermek i\u00e7in ad\u0131m at\u0131yoruz.\u00a0Bursa Litvanya Vize Ba\u015fvurusu\u00a0i\u00e7in ba\u015fvurman\u0131z gereken ofislerimizden detayl\u0131 bilgileri elde edebilirsiniz. Bursa&#8217;n\u0131n \u00e7e\u015fitli il\u00e7elerinden ba\u015fvuru yapacak olan ziyaret\u00e7ilerimizin aramalar\u0131 yeterli olacakt\u0131r. Ayr\u0131ca Bilecik ve K\u00fctahya illerinde bulunan vatanda\u015flar\u0131m\u0131za en iyi bilgileri vermekteyiz. Evraklar\u0131n\u0131z\u0131n ge\u00e7erli olup olmad\u0131\u011f\u0131n\u0131 \u00f6\u011frenebilir ve pasaportlar\u0131n\u0131zla nas\u0131l hareket<\/p>\n","protected":false},"author":1,"featured_media":0,"parent":176,"menu_order":0,"comment_status":"open","ping_status":"closed","template":"","meta":{"footnotes":""},"class_list":["post-235","page","type-page","status-publish","hentry"],"yoast_head":"<!-- This site is optimized with the Yoast SEO plugin v24.0 - https:\/\/yoast.com\/wordpress\/plugins\/seo\/ -->\n<title>Litvanya Vizesi Ba\u015fvuru Merkezimiz Bursa - MyVize<\/title>\n<meta name=\"description\" content=\"Litvanya Vizesi Bursa Vize Ba\u015fvuru Merkezi. Litvanya Vizesi Nas\u0131l Al\u0131n\u0131r? Ba\u015fvuru Yapmak \u0130\u00e7in Bursa \u015eubemizi Aray\u0131n: 0850 346 84 93\" \/>\n<meta name=\"robots\" content=\"index, follow, max-snippet:-1, max-image-preview:large, max-video-preview:-1\" \/>\n<link rel=\"canonical\" href=\"https:\/\/www.myvize.com.tr\/litvanya\/subelerimiz\/bursa\/\" \/>\n<meta property=\"og:locale\" content=\"tr_TR\" \/>\n<meta property=\"og:type\" content=\"article\" \/>\n<meta property=\"og:title\" content=\"Litvanya Vizesi Ba\u015fvuru Merkezimiz Bursa - MyVize\" \/>\n<meta property=\"og:description\" content=\"Litvanya Vizesi Bursa Vize Ba\u015fvuru Merkezi. Litvanya Vizesi Nas\u0131l Al\u0131n\u0131r? Ba\u015fvuru Yapmak \u0130\u00e7in Bursa \u015eubemizi Aray\u0131n: 0850 346 84 93\" \/>\n<meta property=\"og:url\" content=\"https:\/\/www.myvize.com.tr\/litvanya\/subelerimiz\/bursa\/\" \/>\n<meta property=\"og:site_name\" content=\"Litvanya Vizesi\" \/>\n<meta property=\"article:modified_time\" content=\"2022-01-11T10:41:18+00:00\" \/>\n<meta name=\"twitter:card\" content=\"summary_large_image\" \/>\n<meta name=\"twitter:label1\" content=\"Tahmini okuma s\u00fcresi\" \/>\n\t<meta name=\"twitter:data1\" content=\"1 dakika\" \/>\n<script type=\"application\/ld+json\" class=\"yoast-schema-graph\">{\"@context\":\"https:\/\/schema.org\",\"@graph\":[{\"@type\":\"WebPage\",\"@id\":\"https:\/\/www.myvize.com.tr\/litvanya\/subelerimiz\/bursa\/\",\"url\":\"https:\/\/www.myvize.com.tr\/litvanya\/subelerimiz\/bursa\/\",\"name\":\"Litvanya Vizesi Ba\u015fvuru Merkezimiz Bursa - MyVize\",\"isPartOf\":{\"@id\":\"https:\/\/www.myvize.com.tr\/litvanya\/#website\"},\"datePublished\":\"2020-12-25T08:54:29+00:00\",\"dateModified\":\"2022-01-11T10:41:18+00:00\",\"description\":\"Litvanya Vizesi Bursa Vize Ba\u015fvuru Merkezi. Litvanya Vizesi Nas\u0131l Al\u0131n\u0131r? Ba\u015fvuru Yapmak \u0130\u00e7in Bursa \u015eubemizi Aray\u0131n: 0850 346 84 93\",\"breadcrumb\":{\"@id\":\"https:\/\/www.myvize.com.tr\/litvanya\/subelerimiz\/bursa\/#breadcrumb\"},\"inLanguage\":\"tr\",\"potentialAction\":[{\"@type\":\"ReadAction\",\"target\":[\"https:\/\/www.myvize.com.tr\/litvanya\/subelerimiz\/bursa\/\"]}]},{\"@type\":\"BreadcrumbList\",\"@id\":\"https:\/\/www.myvize.com.tr\/litvanya\/subelerimiz\/bursa\/#breadcrumb\",\"itemListElement\":[{\"@type\":\"ListItem\",\"position\":1,\"name\":\"Anasayfa\",\"item\":\"https:\/\/www.myvize.com.tr\/litvanya\/\"},{\"@type\":\"ListItem\",\"position\":2,\"name\":\"\u015eUBELER\u0130M\u0130Z\",\"item\":\"https:\/\/www.myvize.com.tr\/litvanya\/subelerimiz\/\"},{\"@type\":\"ListItem\",\"position\":3,\"name\":\"Bursa\"}]},{\"@type\":\"WebSite\",\"@id\":\"https:\/\/www.myvize.com.tr\/litvanya\/#website\",\"url\":\"https:\/\/www.myvize.com.tr\/litvanya\/\",\"name\":\"Litvanya Vizesi\",\"description\":\"\",\"potentialAction\":[{\"@type\":\"SearchAction\",\"target\":{\"@type\":\"EntryPoint\",\"urlTemplate\":\"https:\/\/www.myvize.com.tr\/litvanya\/?s={search_term_string}\"},\"query-input\":{\"@type\":\"PropertyValueSpecification\",\"valueRequired\":true,\"valueName\":\"search_term_string\"}}],\"inLanguage\":\"tr\"}]}<\/script>\n<!-- \/ Yoast SEO plugin. -->","yoast_head_json":{"title":"Litvanya Vizesi Ba\u015fvuru Merkezimiz Bursa - MyVize","description":"Litvanya Vizesi Bursa Vize Ba\u015fvuru Merkezi. Litvanya Vizesi Nas\u0131l Al\u0131n\u0131r? Ba\u015fvuru Yapmak \u0130\u00e7in Bursa \u015eubemizi Aray\u0131n: 0850 346 84 93","robots":{"index":"index","follow":"follow","max-snippet":"max-snippet:-1","max-image-preview":"max-image-preview:large","max-video-preview":"max-video-preview:-1"},"canonical":"https:\/\/www.myvize.com.tr\/litvanya\/subelerimiz\/bursa\/","og_locale":"tr_TR","og_type":"article","og_title":"Litvanya Vizesi Ba\u015fvuru Merkezimiz Bursa - MyVize","og_description":"Litvanya Vizesi Bursa Vize Ba\u015fvuru Merkezi. Litvanya Vizesi Nas\u0131l Al\u0131n\u0131r? Ba\u015fvuru Yapmak \u0130\u00e7in Bursa \u015eubemizi Aray\u0131n: 0850 346 84 93","og_url":"https:\/\/www.myvize.com.tr\/litvanya\/subelerimiz\/bursa\/","og_site_name":"Litvanya Vizesi","article_modified_time":"2022-01-11T10:41:18+00:00","twitter_card":"summary_large_image","twitter_misc":{"Tahmini okuma s\u00fcresi":"1 dakika"},"schema":{"@context":"https:\/\/schema.org","@graph":[{"@type":"WebPage","@id":"https:\/\/www.myvize.com.tr\/litvanya\/subelerimiz\/bursa\/","url":"https:\/\/www.myvize.com.tr\/litvanya\/subelerimiz\/bursa\/","name":"Litvanya Vizesi Ba\u015fvuru Merkezimiz Bursa - MyVize","isPartOf":{"@id":"https:\/\/www.myvize.com.tr\/litvanya\/#website"},"datePublished":"2020-12-25T08:54:29+00:00","dateModified":"2022-01-11T10:41:18+00:00","description":"Litvanya Vizesi Bursa Vize Ba\u015fvuru Merkezi. Litvanya Vizesi Nas\u0131l Al\u0131n\u0131r? Ba\u015fvuru Yapmak \u0130\u00e7in Bursa \u015eubemizi Aray\u0131n: 0850 346 84 93","breadcrumb":{"@id":"https:\/\/www.myvize.com.tr\/litvanya\/subelerimiz\/bursa\/#breadcrumb"},"inLanguage":"tr","potentialAction":[{"@type":"ReadAction","target":["https:\/\/www.myvize.com.tr\/litvanya\/subelerimiz\/bursa\/"]}]},{"@type":"BreadcrumbList","@id":"https:\/\/www.myvize.com.tr\/litvanya\/subelerimiz\/bursa\/#breadcrumb","itemListElement":[{"@type":"ListItem","position":1,"name":"Anasayfa","item":"https:\/\/www.myvize.com.tr\/litvanya\/"},{"@type":"ListItem","position":2,"name":"\u015eUBELER\u0130M\u0130Z","item":"https:\/\/www.myvize.com.tr\/litvanya\/subelerimiz\/"},{"@type":"ListItem","position":3,"name":"Bursa"}]},{"@type":"WebSite","@id":"https:\/\/www.myvize.com.tr\/litvanya\/#website","url":"https:\/\/www.myvize.com.tr\/litvanya\/","name":"Litvanya Vizesi","description":"","potentialAction":[{"@type":"SearchAction","target":{"@type":"EntryPoint","urlTemplate":"https:\/\/www.myvize.com.tr\/litvanya\/?s={search_term_string}"},"query-input":{"@type":"PropertyValueSpecification","valueRequired":true,"valueName":"search_term_string"}}],"inLanguage":"tr"}]}},"_links":{"self":[{"href":"https:\/\/www.myvize.com.tr\/litvanya\/wp-json\/wp\/v2\/pages\/235","targetHints":{"allow":["GET"]}}],"collection":[{"href":"https:\/\/www.myvize.com.tr\/litvanya\/wp-json\/wp\/v2\/pages"}],"about":[{"href":"https:\/\/www.myvize.com.tr\/litvanya\/wp-json\/wp\/v2\/types\/page"}],"author":[{"embeddable":true,"href":"https:\/\/www.myvize.com.tr\/litvanya\/wp-json\/wp\/v2\/users\/1"}],"replies":[{"embeddable":true,"href":"https:\/\/www.myvize.com.tr\/litvanya\/wp-json\/wp\/v2\/comments?post=235"}],"version-history":[{"count":5,"href":"https:\/\/www.myvize.com.tr\/litvanya\/wp-json\/wp\/v2\/pages\/235\/revisions"}],"predecessor-version":[{"id":710,"href":"https:\/\/www.myvize.com.tr\/litvanya\/wp-json\/wp\/v2\/pages\/235\/revisions\/710"}],"up":[{"embeddable":true,"href":"https:\/\/www.myvize.com.tr\/litvanya\/wp-json\/wp\/v2\/pages\/176"}],"wp:attachment":[{"href":"https:\/\/www.myvize.com.tr\/litvanya\/wp-json\/wp\/v2\/media?parent=235"}],"curies":[{"name":"wp","href":"https:\/\/api.w.org\/{rel}","templated":true}]}}