{"id":37,"date":"2021-06-01T12:00:00","date_gmt":"2021-06-01T09:00:00","guid":{"rendered":"https:\/\/www.myvize.com.tr\/litvanya\/?page_id=37"},"modified":"2022-04-21T13:37:48","modified_gmt":"2022-04-21T10:37:48","slug":"litvanya-aile-birlesimi-vizesi","status":"publish","type":"page","link":"https:\/\/www.myvize.com.tr\/litvanya\/vize-islemleri\/litvanya-aile-birlesimi-vizesi\/","title":{"rendered":"Litvanya Aile Birle\u015fimi Vizesi"},"content":{"rendered":"<p><span style=\"font-family: Roboto;\"><\/span><\/p>\r\n<p><span style=\"font-family: Roboto; font-size: 14px;\">Litvanya\u2019da bir s\u00fcre ya\u015famak isteyen ki\u015filer i\u00e7in farkl\u0131 alternatifler bulunmaktad\u0131r. Bunun en kolay yol\u00a0<strong>Litvanya aile birle\u015fimi\u00a0<\/strong>vizesi almakt\u0131r. Bu \u00fclkenin bir vatanda\u015f\u0131 ile evli olmak size bu hakk\u0131 fazlas\u0131 ile vermektedir. Ayn\u0131 zamanda Litvanya\u2019da belli bir nedenle oturma ve \u00e7al\u0131\u015fma iznine sahip olan aile bireylerinin de yan\u0131nda kalmak i\u00e7in bu vize i\u015flemine ba\u015fvurabilirsiniz.<\/span><\/p>\r\n<p><span style=\"font-family: Roboto; font-size: 14px;\">\r\n\r\n<\/span><\/p>\r\n<p><span style=\"font-family: Roboto; font-size: 14px;\"><strong>Aile birle\u015fim vizesi<\/strong> alaca\u011f\u0131n\u0131z zaman her zaman g\u00fcncel evraklara ihtiyac\u0131n\u0131z bulunmaktad\u0131r. Bu s\u00fcre\u00e7te mutlaka son on y\u0131l i\u00e7erisinde al\u0131nm\u0131\u015f olan pasaportunuz olmal\u0131d\u0131r. Bunun yan\u0131nda bu pasaportun s\u00fcresinin en az 1 y\u0131l daha olmas\u0131 gereklidir. Ayn\u0131 zamanda pasaport i\u00e7erisinde i\u015flenmemi\u015f olan iki tane de bo\u015f yaprak olmas\u0131 b\u00fcy\u00fck bir \u00f6nem ta\u015f\u0131maktad\u0131r.<\/span><\/p>\r\n<p><span style=\"font-family: Roboto; font-size: 14px;\">\r\n\r\n<\/span><\/p>\r\n<p><img decoding=\"async\" src=\"https:\/\/www.myvize.com.tr\/litvanya\/wp-content\/uploads\/2021\/10\/30.jpg\" \/><\/p>\r\n<h2><span style=\"font-family: Roboto; font-size: 27px;\">Litvanya Aile Birle\u015fimi 2022<\/span><\/h2>\r\n<p><span style=\"font-family: Roboto; font-size: 14px;\">Litvanya&#8217;ya aile birle\u015fimi i\u00e7in gitmek istiyorsan\u0131z ba\u015fvuru s\u0131ras\u0131nda baz\u0131 evraklar gerekiyor. Bu evraklar\u0131 kendiniz ve e\u015finizin doldurmas\u0131 gerekiyor. Daha sonra <strong>Litvanya Aile Birle\u015fimi<\/strong> i\u00e7in\u00a0 ba\u015fvuracak olan ki\u015finin bu evraklar\u0131 bir araya getirerek T\u00fcrkiye&#8217;deki Litvanya makamlar\u0131na sunmas\u0131 gerekiyor. <strong>Litvanya Aile Birle\u015fimi vizesi<\/strong> i\u00e7in T\u00fcrkiye&#8217;den ba\u015fvuracak ki\u015finin haz\u0131rlamas\u0131 gereken evraklar \u015funlard\u0131r;<\/span><br \/><span style=\"font-family: Roboto; font-size: 14px;\">&#8211;\u00a0Pasaport fotokopisi<\/span><br \/><span style=\"font-family: Roboto; font-size: 14px;\">&#8211;\u00a0Yeteri kadar nakit paraya\u00a0 sahip oldu\u011funu g\u00f6steren belge<\/span><br \/><span style=\"font-family: Roboto; font-size: 14px;\">&#8211;\u00a03 tane g\u00fcnce olan biyometrik foto\u011fraf<\/span><br \/><span style=\"font-family: Roboto; font-size: 14px;\">&#8211; Litvanyaca veya \u0130ngilizce doldurularak teslim edilecek olan <span style=\"color: #2acec2;\"><strong><a style=\"color: #2acec2;\" href=\"https:\/\/www.myvize.com.tr\/litvanya\/vize-islemleri\/litvanya-vize-basvuru-formu\/\" target=\"_blank\" rel=\"noopener\">Litvanya vize ba\u015fvuru formu<\/a><\/strong><\/span><\/span><br \/><span style=\"font-family: Roboto; font-size: 14px;\">&#8211;\u00a0U\u00e7ak rezervasyon bilgileri<\/span><br \/><span style=\"font-family: Roboto; font-size: 14px;\">&#8211;\u00a0Evli olunan <strong>Litvanya vatanda\u015f\u0131<\/strong> ile evlili\u011finizi kan\u0131tlayan ve uluslararas\u0131 ge\u00e7erlili\u011fe sahip evlilik c\u00fczdan\u0131n\u0131z\u0131n asl\u0131 veya fotokopisi<\/span><br \/><span style=\"font-family: Roboto; font-size: 14px;\">&#8211; Seyahat i\u00e7in gerekli olan sa\u011fl\u0131k sigortas\u0131 poli\u00e7esini g\u00f6sterir nitelikteki evrakla<\/span><br \/><span style=\"font-family: Roboto; font-size: 14px;\">&#8211;\u00a0G\u00f6\u00e7men b\u00fcrosu taraf\u0131ndan onaylanm\u0131\u015f davetiye belgesi<\/span><br \/><span style=\"font-family: Roboto; font-size: 14px;\">&#8211;\u00a0Kendisine ait Litvanya\u2019da bir gayrimenkul\u00fcn bulundu\u011funu ispatlar nitelikteki belge veya ikametg\u00e2h\u0131n\u0131n bulundu\u011funa dair noter onayl\u0131 bir dok\u00fcman<\/span><br \/><span style=\"font-family: Roboto; font-size: 14px;\">&#8211;\u00a0Litvanya vatanda\u015f\u0131n\u0131 oldu\u011funu kan\u0131tlar nitelikteki vatanda\u015fl\u0131k belgesi veya kimlik kart\u0131<\/span><br \/><span style=\"font-family: Roboto; font-size: 14px;\">&#8211; <strong>Aile birle\u015fimi vize<\/strong> talep dilek\u00e7esi,<\/span><br \/><span style=\"font-family: Roboto; font-size: 14px;\">&#8211; Litvanya vatanda\u015f\u0131 olan ki\u015finin vatanda\u015fl\u0131k belgesi,<\/span><br \/><span style=\"font-family: Roboto; font-size: 14px;\">&#8211; Her iki e\u015f taraf\u0131n\u0131n da do\u011fum kay\u0131t belgeleri,<\/span><br \/><span style=\"font-family: Roboto; font-size: 14px;\">&#8211;<strong> Litvanya vatanda\u015f\u0131<\/strong> olan ya da oturum iznine sahip olan ki\u015fi taraf\u0131ndan g\u00f6nderilen belediye onayl\u0131 davetiye mektubu,<\/span><br \/><span style=\"font-family: Roboto; font-size: 14px;\">&#8211; Litvanca yaz\u0131lm\u0131\u015f olan ve G\u00f6\u00e7men B\u00fcrosundan al\u0131nabilen \u00f6zel ba\u015fvuru formu,<\/span><br \/><span style=\"font-family: Roboto; font-size: 14px;\">&#8211; Seyahat s\u00fcresince ge\u00e7erli olan sa\u011fl\u0131k sigortas\u0131,<\/span><br \/><span style=\"font-family: Roboto; font-size: 14px;\">&#8211; Son on y\u0131l i\u00e7inde al\u0131nan pasaport ve n\u00fcfus c\u00fczdan\u0131 arkal\u0131 \u00f6nl\u00fc fotokopisi ile tam vukuatl\u0131 n\u00fcfus kay\u0131t \u00f6rne\u011fi,<\/span><br \/><span style=\"font-family: Roboto; font-size: 14px;\">&#8211; Litvanya\u2019da oturan taraf\u0131n ikametgah belgeleri ve e\u011fer gayrimenkul sahibi ise noter onayl\u0131 belgesi,<\/span><br \/><span style=\"font-family: Roboto; font-size: 14px;\">&#8211; Son alt\u0131 ay i\u00e7erisinde \u00e7ekilmi\u015f\u00a0 2 adet biometrik foto\u011fraf,<\/span><br \/><span style=\"font-family: Roboto; font-size: 14px;\">&#8211; <strong>Litvanya aile birle\u015fimi vize<\/strong> al\u0131nd\u0131ktan sonra masraflar\u0131n kar\u015f\u0131lanabilece\u011fini kan\u0131tlayan son \u00fc\u00e7 aya ait olan banka hesap d\u00f6k\u00fcm bilgileri.<\/span><\/p>\r\n<p><img decoding=\"async\" src=\"https:\/\/www.myvize.com.tr\/litvanya\/wp-content\/uploads\/2021\/10\/31.jpg\" \/><\/p>\r\n<h2><strong><span style=\"font-family: Roboto; font-size: 27px;\">Litvanya Aile Birle\u015fimi Vizesi Hakk\u0131nda<\/span><\/strong><\/h2>\r\n<p><span style=\"font-family: Roboto; font-size: 14px;\">Litvanya\u2019da birinci dereceden akraban\u0131z ya da e\u015finiz bulunuyor ise ve birlikte Litvanya\u2019da ya\u015famak istiyorsan\u0131z<strong> Litvanya aile birle\u015fimi vizesi<\/strong> alman\u0131z gerekmektedir.<strong> Litvanya aile birle\u015fimi ba\u015fvurusu<\/strong> yapacak ki\u015filerin, yak\u0131nlar\u0131n\u0131n Litvanya vatanda\u015f\u0131 olmas\u0131 ya da yasal olarak Litvanya\u2019da ikamet ediyor olmas\u0131 gerekmektedir.<\/span><\/p>\r\n<p><span style=\"font-family: Roboto; font-size: 14px;\"><strong>Litvanya aile birle\u015fimi<\/strong> ba\u015fvurular\u0131 Litvanya\u2019n\u0131n T\u00fcrkiye\u2019de bulunan temsilciliklerine yap\u0131lmaktad\u0131r. Litvanya aile birle\u015fimi yapabilece\u011finiz temsilcilikler Litvanya Ankara B\u00fcy\u00fckel\u00e7ili\u011fi\u2019ne Litvanya \u0130stanbul Ba\u015fkonsoloslu\u011fu\u2019dur.<\/span><\/p>\r\n<p><span style=\"font-family: Roboto; font-size: 14px;\"><strong>Litvanya aile birle\u015fimi<\/strong> i\u00e7in \u00f6ncelikle, Litvanya aile birle\u015fimi vize ba\u015fvuru formu doldurulmal\u0131d\u0131r. <strong>Litvanya aile birle\u015fimi<\/strong> ba\u015fvuru formu doldurulduktan sonra <strong>Litvanya vize ba\u015fvurusu<\/strong> i\u00e7in randevu alman\u0131z gerekmektedir. <span style=\"color: #2acec2;\"><strong><a style=\"color: #2acec2;\" href=\"https:\/\/www.myvize.com.tr\/litvanya\/vize-islemleri\/litvanya-vize-randevusu\/\" target=\"_blank\" rel=\"noopener\">Litvanya Vize Randevusu<\/a><\/strong><\/span> tarihine kadar Litvanya aile birle\u015fimi vizesi i\u00e7in gerekli olan belgeler haz\u0131rlanmal\u0131d\u0131r. Haz\u0131rlanan belgeler randevu tarihinde teslim edilmelidir. Ba\u015fvurular ortalama 10 g\u00fcn i\u00e7erisinde sonu\u00e7lanmaktad\u0131r.<\/span><\/p>\r\n<p><span style=\"font-family: Roboto; font-size: 14px;\"><strong>Litvanya aile birle\u015fimi vizesi<\/strong> ba\u015fvurusunda bulunacak olan ki\u015filerin Litvanya\u2019n\u0131n resmi dili olan Litvancay\u0131 iyi derecede bilmesi gerekmektedir. Bunun yan\u0131nda Litvanya\u2019da bulundu\u011fu s\u00fcre i\u00e7erisinde Litvanya seyahat masraflar\u0131n\u0131 kar\u015f\u0131layabilece\u011fini kan\u0131tlayabilmelidir. Ayr\u0131ca Litvanya\u2019da bulundu\u011fu s\u00fcre i\u00e7erisinde Litvanya toplum ya\u015fam\u0131n\u0131 tehlikeye atmayaca\u011f\u0131n\u0131 garanti etmelidir. <strong>Litvanya aile birle\u015fimi vizesi<\/strong> olumlu sonu\u00e7lanan ki\u015filer Litvanya\u2019ya girdiklerinde oturum kart\u0131 almal\u0131d\u0131r.<\/span><\/p>\r\n<h2><strong><span style=\"font-family: Roboto; font-size: 27px;\">Litvanya Aile Birle\u015fimi Vizesi Hakk\u0131nda 2022<\/span><\/strong><\/h2>\r\n<p><span style=\"font-family: Roboto; font-size: 14px;\"><strong>Litvanya \u00fclkesinin<\/strong> <strong>vatanda\u015f\u0131<\/strong> ile evli olman\u0131z halinde \u00fclkede uzun bir s\u00fcre ya\u015fama \u015fans\u0131n\u0131 elde etmeniz m\u00fcmk\u00fcn olacakt\u0131r.\u00a0<strong>Litvanya Aile Birle\u015fimi Vizesi 2022<\/strong>\u00a0sayesinde ulusal <strong>D tipi vize<\/strong> ba\u015fvurular\u0131nda bulunarak aile b\u00fct\u00fcnl\u00fc\u011f\u00fcn\u00fcn sa\u011flanmas\u0131 i\u00e7in ad\u0131m atabilirsiniz. Oturum veya \u00e7al\u0131\u015fma izninizin bulunmas\u0131 halinde ba\u015fvuru yapabilece\u011finiz<strong> Litvanya aile birle\u015fimi vizesi<\/strong> i\u00e7in t\u00fcm detaylar\u0131 sizlerle payla\u015f\u0131yoruz. <strong>G\u00fcncel evraklar\u0131n<\/strong> yer almas\u0131 gereken dosyan\u0131z\u0131n ilgili kurumlara ibraz edilmesi i\u00e7in randevular\u0131n olu\u015fturulmas\u0131 gerekmektedir. Ki\u015filerin pasaport t\u00fcr\u00fcne g\u00f6re yap\u0131lacak i\u015flemlerde g\u00fcncelli\u011fini korumas\u0131 \u00f6nemli olacakt\u0131r. 10 y\u0131ldan daha eski olmayan ve 1 y\u0131l daha ge\u00e7erlili\u011fini koruyan pasaportlar\u0131n\u0131z ile ba\u015fvurular\u0131n\u0131z\u0131 yapabilirsiniz. Belirli say\u0131da bo\u015f yaprak bulunan pasaportlar\u0131n\u0131z\u0131n \u00f6zellikleri ve detaylar\u0131 ofislerimiz taraf\u0131ndan a\u00e7\u0131k bir \u015fekilde dile getirilecektir. Ba\u015fvuru formunun istenen \u00f6zelliklerde haz\u0131rlanm\u0131\u015f olmas\u0131 gerekmektedir. Davetiyelerin haz\u0131rlanmas\u0131 ve di\u011fer evraklar\u0131n usul\u00fcne uygun hale getirilmesi i\u00e7in uzman ki\u015filerden destek alman\u0131z\u0131 tavsiye ediyoruz. Vize \u00fccretlerini kalaca\u011f\u0131n\u0131z s\u00fcrelere ve vize t\u00fcr\u00fcne g\u00f6re yat\u0131rman\u0131z konusunda y\u00f6nlendirecek olan adresimiz sayesinde tam zaman\u0131nda ad\u0131m atabileceksiniz. Maddi g\u00fcc\u00fcn\u00fcz\u00fcn yeterli olmas\u0131 ve evlili\u011finizi kan\u0131tlayan belgeleri bulundurman\u0131z halinde memnun kalaca\u011f\u0131n\u0131z sonu\u00e7lara ula\u015fabilirsiniz.<\/span><\/p>\r\n<h3><span style=\"font-family: Roboto; font-size: 24px;\"><strong>Litvanya Aile Birle\u015fim Vize Evraklar\u0131<\/strong><\/span><\/h3>\r\n<p><span style=\"font-family: Roboto; font-size: 14px;\">\r\n\r\n<\/span><\/p>\r\n<p><span style=\"font-family: Roboto; font-size: 14px;\"><strong>Litvanya aile birle\u015fimi vizesi<\/strong> alacaksan\u0131z \u00f6ncelikle ba\u015fvuru formunu bu vize t\u00fcr\u00fcne uygun bir \u015fekilde doldurman\u0131z gerekmektedir. Bu i\u015flem s\u0131ras\u0131nda mutlaka dikkat edilen nokta bu formun aile birle\u015fimine uygun olarak doldurulmas\u0131d\u0131r. Dilek\u00e7e ve davetiye gibi belgelerin de gerekli \u00f6zellikleri ta\u015f\u0131mas\u0131na dikkat edilmelidir.<\/span><\/p>\r\n<p><span style=\"font-family: Roboto; font-size: 14px;\">\r\n\r\n<\/span><\/p>\r\n<p><span style=\"font-family: Roboto; font-size: 14px;\"><strong>Aile birle\u015fimi vizesi<\/strong> s\u0131ras\u0131nda kar\u015f\u0131 taraf\u0131n da haz\u0131rlayaca\u011f\u0131 evraklar bulunmaktad\u0131r. Bu evraklar\u0131n mutlaka eksiksiz olmas\u0131 gerekmektedir. Ki\u015fi <strong>Litvanya vatanda\u015f\u0131<\/strong> ise bu ki\u015finin uluslararas\u0131 do\u011fum belgesi dosyalarda yer almal\u0131d\u0131r. E\u011fer burada ya\u015fayan bir T\u00fcrk ise \u00e7al\u0131\u015fma ve oturma izinlerinin n\u00fcshalar\u0131 dosya da yer almal\u0131d\u0131r.<span style=\"color: #2acec2;\"><strong> <a style=\"color: #2acec2;\" href=\"https:\/\/www.myvize.com.tr\/litvanya\/litvanya-vize-ucreti\/\" target=\"_blank\" rel=\"noopener\">Litvanya Vize \u00fccreti<\/a> <\/strong><\/span>de yat\u0131r\u0131larak ba\u015fvuru s\u00fcreci ba\u015flat\u0131lmal\u0131d\u0131r. Vizeler genelde 7 i\u015f g\u00fcn\u00fc i\u00e7erisinde verilmektedir.<\/span><\/p>\r\n<p><span style=\"font-family: Roboto;\"><\/span><\/p>","protected":false},"excerpt":{"rendered":"<p>Litvanya\u2019da bir s\u00fcre ya\u015famak isteyen ki\u015filer i\u00e7in farkl\u0131 alternatifler bulunmaktad\u0131r. Bunun en kolay yol\u00a0Litvanya aile birle\u015fimi\u00a0vizesi almakt\u0131r. Bu \u00fclkenin bir vatanda\u015f\u0131 ile evli olmak size bu hakk\u0131 fazlas\u0131 ile vermektedir. Ayn\u0131 zamanda Litvanya\u2019da belli bir nedenle oturma ve \u00e7al\u0131\u015fma iznine sahip olan aile bireylerinin de yan\u0131nda kalmak i\u00e7in bu vize i\u015flemine ba\u015fvurabilirsiniz. Aile birle\u015fim vizesi<\/p>\n","protected":false},"author":1,"featured_media":0,"parent":18,"menu_order":0,"comment_status":"open","ping_status":"closed","template":"","meta":{"footnotes":""},"class_list":["post-37","page","type-page","status-publish","hentry"],"yoast_head":"<!-- This site is optimized with the Yoast SEO plugin v24.0 - https:\/\/yoast.com\/wordpress\/plugins\/seo\/ -->\n<title>Litvanya Aile Birle\u015fimi Vizesi Nas\u0131l Al\u0131n\u0131r? - MyVize<\/title>\n<meta name=\"description\" content=\"Litvanya Aile Birle\u015fimi Vizesi Nas\u0131l Al\u0131n\u0131r? Litvanya Aile Birle\u015fimi Vize \u0130\u015flemleri Nelerdir? Litvanya Aile Birle\u015fimi Vizesi \u00dccreti Ne Kadar?\" \/>\n<meta name=\"robots\" content=\"index, follow, max-snippet:-1, max-image-preview:large, max-video-preview:-1\" \/>\n<link rel=\"canonical\" href=\"https:\/\/www.myvize.com.tr\/litvanya\/vize-islemleri\/litvanya-aile-birlesimi-vizesi\/\" \/>\n<meta property=\"og:locale\" content=\"tr_TR\" \/>\n<meta property=\"og:type\" content=\"article\" \/>\n<meta property=\"og:title\" content=\"Litvanya Aile Birle\u015fimi Vizesi Nas\u0131l Al\u0131n\u0131r? - MyVize\" \/>\n<meta property=\"og:description\" content=\"Litvanya Aile Birle\u015fimi Vizesi Nas\u0131l Al\u0131n\u0131r? Litvanya Aile Birle\u015fimi Vize \u0130\u015flemleri Nelerdir? Litvanya Aile Birle\u015fimi Vizesi \u00dccreti Ne Kadar?\" \/>\n<meta property=\"og:url\" content=\"https:\/\/www.myvize.com.tr\/litvanya\/vize-islemleri\/litvanya-aile-birlesimi-vizesi\/\" \/>\n<meta property=\"og:site_name\" content=\"Litvanya Vizesi\" \/>\n<meta property=\"article:modified_time\" content=\"2022-04-21T10:37:48+00:00\" \/>\n<meta property=\"og:image\" content=\"https:\/\/www.myvize.com.tr\/litvanya\/wp-content\/uploads\/2021\/10\/30.jpg\" \/>\n<meta name=\"twitter:card\" content=\"summary_large_image\" \/>\n<meta name=\"twitter:label1\" content=\"Tahmini okuma s\u00fcresi\" \/>\n\t<meta name=\"twitter:data1\" content=\"4 dakika\" \/>\n<script type=\"application\/ld+json\" class=\"yoast-schema-graph\">{\"@context\":\"https:\/\/schema.org\",\"@graph\":[{\"@type\":\"WebPage\",\"@id\":\"https:\/\/www.myvize.com.tr\/litvanya\/vize-islemleri\/litvanya-aile-birlesimi-vizesi\/\",\"url\":\"https:\/\/www.myvize.com.tr\/litvanya\/vize-islemleri\/litvanya-aile-birlesimi-vizesi\/\",\"name\":\"Litvanya Aile Birle\u015fimi Vizesi Nas\u0131l Al\u0131n\u0131r? - MyVize\",\"isPartOf\":{\"@id\":\"https:\/\/www.myvize.com.tr\/litvanya\/#website\"},\"primaryImageOfPage\":{\"@id\":\"https:\/\/www.myvize.com.tr\/litvanya\/vize-islemleri\/litvanya-aile-birlesimi-vizesi\/#primaryimage\"},\"image\":{\"@id\":\"https:\/\/www.myvize.com.tr\/litvanya\/vize-islemleri\/litvanya-aile-birlesimi-vizesi\/#primaryimage\"},\"thumbnailUrl\":\"https:\/\/www.myvize.com.tr\/litvanya\/wp-content\/uploads\/2021\/10\/30.jpg\",\"datePublished\":\"2021-06-01T09:00:00+00:00\",\"dateModified\":\"2022-04-21T10:37:48+00:00\",\"description\":\"Litvanya Aile Birle\u015fimi Vizesi Nas\u0131l Al\u0131n\u0131r? Litvanya Aile Birle\u015fimi Vize \u0130\u015flemleri Nelerdir? Litvanya Aile Birle\u015fimi Vizesi \u00dccreti Ne Kadar?\",\"breadcrumb\":{\"@id\":\"https:\/\/www.myvize.com.tr\/litvanya\/vize-islemleri\/litvanya-aile-birlesimi-vizesi\/#breadcrumb\"},\"inLanguage\":\"tr\",\"potentialAction\":[{\"@type\":\"ReadAction\",\"target\":[\"https:\/\/www.myvize.com.tr\/litvanya\/vize-islemleri\/litvanya-aile-birlesimi-vizesi\/\"]}]},{\"@type\":\"ImageObject\",\"inLanguage\":\"tr\",\"@id\":\"https:\/\/www.myvize.com.tr\/litvanya\/vize-islemleri\/litvanya-aile-birlesimi-vizesi\/#primaryimage\",\"url\":\"https:\/\/www.myvize.com.tr\/litvanya\/wp-content\/uploads\/2021\/10\/30.jpg\",\"contentUrl\":\"https:\/\/www.myvize.com.tr\/litvanya\/wp-content\/uploads\/2021\/10\/30.jpg\",\"width\":800,\"height\":500,\"caption\":\"Litvanya Aile Birle\u015fimi Vizesi\"},{\"@type\":\"BreadcrumbList\",\"@id\":\"https:\/\/www.myvize.com.tr\/litvanya\/vize-islemleri\/litvanya-aile-birlesimi-vizesi\/#breadcrumb\",\"itemListElement\":[{\"@type\":\"ListItem\",\"position\":1,\"name\":\"Anasayfa\",\"item\":\"https:\/\/www.myvize.com.tr\/litvanya\/\"},{\"@type\":\"ListItem\",\"position\":2,\"name\":\"L\u0130TVANYA V\u0130ZE \u0130\u015eLEMLER\u0130\",\"item\":\"https:\/\/www.myvize.com.tr\/litvanya\/vize-islemleri\/\"},{\"@type\":\"ListItem\",\"position\":3,\"name\":\"Litvanya Aile Birle\u015fimi Vizesi\"}]},{\"@type\":\"WebSite\",\"@id\":\"https:\/\/www.myvize.com.tr\/litvanya\/#website\",\"url\":\"https:\/\/www.myvize.com.tr\/litvanya\/\",\"name\":\"Litvanya Vizesi\",\"description\":\"\",\"potentialAction\":[{\"@type\":\"SearchAction\",\"target\":{\"@type\":\"EntryPoint\",\"urlTemplate\":\"https:\/\/www.myvize.com.tr\/litvanya\/?s={search_term_string}\"},\"query-input\":{\"@type\":\"PropertyValueSpecification\",\"valueRequired\":true,\"valueName\":\"search_term_string\"}}],\"inLanguage\":\"tr\"}]}<\/script>\n<!-- \/ Yoast SEO plugin. -->","yoast_head_json":{"title":"Litvanya Aile Birle\u015fimi Vizesi Nas\u0131l Al\u0131n\u0131r? - MyVize","description":"Litvanya Aile Birle\u015fimi Vizesi Nas\u0131l Al\u0131n\u0131r? Litvanya Aile Birle\u015fimi Vize \u0130\u015flemleri Nelerdir? Litvanya Aile Birle\u015fimi Vizesi \u00dccreti Ne Kadar?","robots":{"index":"index","follow":"follow","max-snippet":"max-snippet:-1","max-image-preview":"max-image-preview:large","max-video-preview":"max-video-preview:-1"},"canonical":"https:\/\/www.myvize.com.tr\/litvanya\/vize-islemleri\/litvanya-aile-birlesimi-vizesi\/","og_locale":"tr_TR","og_type":"article","og_title":"Litvanya Aile Birle\u015fimi Vizesi Nas\u0131l Al\u0131n\u0131r? - MyVize","og_description":"Litvanya Aile Birle\u015fimi Vizesi Nas\u0131l Al\u0131n\u0131r? Litvanya Aile Birle\u015fimi Vize \u0130\u015flemleri Nelerdir? Litvanya Aile Birle\u015fimi Vizesi \u00dccreti Ne Kadar?","og_url":"https:\/\/www.myvize.com.tr\/litvanya\/vize-islemleri\/litvanya-aile-birlesimi-vizesi\/","og_site_name":"Litvanya Vizesi","article_modified_time":"2022-04-21T10:37:48+00:00","og_image":[{"url":"https:\/\/www.myvize.com.tr\/litvanya\/wp-content\/uploads\/2021\/10\/30.jpg","type":"","width":"","height":""}],"twitter_card":"summary_large_image","twitter_misc":{"Tahmini okuma s\u00fcresi":"4 dakika"},"schema":{"@context":"https:\/\/schema.org","@graph":[{"@type":"WebPage","@id":"https:\/\/www.myvize.com.tr\/litvanya\/vize-islemleri\/litvanya-aile-birlesimi-vizesi\/","url":"https:\/\/www.myvize.com.tr\/litvanya\/vize-islemleri\/litvanya-aile-birlesimi-vizesi\/","name":"Litvanya Aile Birle\u015fimi Vizesi Nas\u0131l Al\u0131n\u0131r? - MyVize","isPartOf":{"@id":"https:\/\/www.myvize.com.tr\/litvanya\/#website"},"primaryImageOfPage":{"@id":"https:\/\/www.myvize.com.tr\/litvanya\/vize-islemleri\/litvanya-aile-birlesimi-vizesi\/#primaryimage"},"image":{"@id":"https:\/\/www.myvize.com.tr\/litvanya\/vize-islemleri\/litvanya-aile-birlesimi-vizesi\/#primaryimage"},"thumbnailUrl":"https:\/\/www.myvize.com.tr\/litvanya\/wp-content\/uploads\/2021\/10\/30.jpg","datePublished":"2021-06-01T09:00:00+00:00","dateModified":"2022-04-21T10:37:48+00:00","description":"Litvanya Aile Birle\u015fimi Vizesi Nas\u0131l Al\u0131n\u0131r? Litvanya Aile Birle\u015fimi Vize \u0130\u015flemleri Nelerdir? Litvanya Aile Birle\u015fimi Vizesi \u00dccreti Ne Kadar?","breadcrumb":{"@id":"https:\/\/www.myvize.com.tr\/litvanya\/vize-islemleri\/litvanya-aile-birlesimi-vizesi\/#breadcrumb"},"inLanguage":"tr","potentialAction":[{"@type":"ReadAction","target":["https:\/\/www.myvize.com.tr\/litvanya\/vize-islemleri\/litvanya-aile-birlesimi-vizesi\/"]}]},{"@type":"ImageObject","inLanguage":"tr","@id":"https:\/\/www.myvize.com.tr\/litvanya\/vize-islemleri\/litvanya-aile-birlesimi-vizesi\/#primaryimage","url":"https:\/\/www.myvize.com.tr\/litvanya\/wp-content\/uploads\/2021\/10\/30.jpg","contentUrl":"https:\/\/www.myvize.com.tr\/litvanya\/wp-content\/uploads\/2021\/10\/30.jpg","width":800,"height":500,"caption":"Litvanya Aile Birle\u015fimi Vizesi"},{"@type":"BreadcrumbList","@id":"https:\/\/www.myvize.com.tr\/litvanya\/vize-islemleri\/litvanya-aile-birlesimi-vizesi\/#breadcrumb","itemListElement":[{"@type":"ListItem","position":1,"name":"Anasayfa","item":"https:\/\/www.myvize.com.tr\/litvanya\/"},{"@type":"ListItem","position":2,"name":"L\u0130TVANYA V\u0130ZE \u0130\u015eLEMLER\u0130","item":"https:\/\/www.myvize.com.tr\/litvanya\/vize-islemleri\/"},{"@type":"ListItem","position":3,"name":"Litvanya Aile Birle\u015fimi Vizesi"}]},{"@type":"WebSite","@id":"https:\/\/www.myvize.com.tr\/litvanya\/#website","url":"https:\/\/www.myvize.com.tr\/litvanya\/","name":"Litvanya Vizesi","description":"","potentialAction":[{"@type":"SearchAction","target":{"@type":"EntryPoint","urlTemplate":"https:\/\/www.myvize.com.tr\/litvanya\/?s={search_term_string}"},"query-input":{"@type":"PropertyValueSpecification","valueRequired":true,"valueName":"search_term_string"}}],"inLanguage":"tr"}]}},"_links":{"self":[{"href":"https:\/\/www.myvize.com.tr\/litvanya\/wp-json\/wp\/v2\/pages\/37","targetHints":{"allow":["GET"]}}],"collection":[{"href":"https:\/\/www.myvize.com.tr\/litvanya\/wp-json\/wp\/v2\/pages"}],"about":[{"href":"https:\/\/www.myvize.com.tr\/litvanya\/wp-json\/wp\/v2\/types\/page"}],"author":[{"embeddable":true,"href":"https:\/\/www.myvize.com.tr\/litvanya\/wp-json\/wp\/v2\/users\/1"}],"replies":[{"embeddable":true,"href":"https:\/\/www.myvize.com.tr\/litvanya\/wp-json\/wp\/v2\/comments?post=37"}],"version-history":[{"count":12,"href":"https:\/\/www.myvize.com.tr\/litvanya\/wp-json\/wp\/v2\/pages\/37\/revisions"}],"predecessor-version":[{"id":774,"href":"https:\/\/www.myvize.com.tr\/litvanya\/wp-json\/wp\/v2\/pages\/37\/revisions\/774"}],"up":[{"embeddable":true,"href":"https:\/\/www.myvize.com.tr\/litvanya\/wp-json\/wp\/v2\/pages\/18"}],"wp:attachment":[{"href":"https:\/\/www.myvize.com.tr\/litvanya\/wp-json\/wp\/v2\/media?parent=37"}],"curies":[{"name":"wp","href":"https:\/\/api.w.org\/{rel}","templated":true}]}}