{"id":74,"date":"2020-11-30T13:02:26","date_gmt":"2020-11-30T10:02:26","guid":{"rendered":"https:\/\/www.myvize.com.tr\/litvanya\/?page_id=74"},"modified":"2022-08-30T15:36:46","modified_gmt":"2022-08-30T12:36:46","slug":"antalya-konsoloslugu","status":"publish","type":"page","link":"https:\/\/www.myvize.com.tr\/litvanya\/konsolosluklar\/antalya-konsoloslugu\/","title":{"rendered":"Litvanya Antalya Konsoloslu\u011fu"},"content":{"rendered":"<h2><span style=\"font-family: Roboto; font-size: 27px;\">Litvanya Antalya Konsoloslu\u011fu Hakk\u0131nda<\/span><\/h2>\n<p><span style=\"font-family: Roboto; font-size: 14px;\"><strong>Litvanya Antalya Fahri Konsoloslu\u011fu<\/strong> g\u00f6rev b\u00f6lgesi \u015fu illeri kaps\u0131yor;<\/span><br \/>\n<span style=\"font-family: Roboto; font-size: 14px;\"><span style=\"color: #2acec2;\"><strong><a style=\"color: #2acec2;\" href=\"https:\/\/www.myvize.com.tr\/litvanya\/subelerimiz\/antalya\/\" target=\"_blank\" rel=\"noopener\">Antalya<\/a><\/strong><\/span>, Burdur, Isparta, \u0130\u00e7el illerinde ya\u015f\u0131yorsan\u0131z ve\u00a0 T\u00fcrkiye Cumhuriyeti vatanda\u015f\u0131ysan\u0131z, konsolosluk i\u015flemleriniz i\u00e7in \u00a0Litvanya Antalya Fahri Konsoloslu\u011fu\u2019na ba\u015fvuru yapabilirsiniz.<\/span><\/p>\n<p><span style=\"font-family: Roboto; font-size: 14px;\"><strong>Litvanya B\u00fcy\u00fckel\u00e7ili\u011fi<\/strong>,\u00a0<strong>Litvanya Konsoloslu\u011fu<\/strong> ve Litvanya Fahri Konsolosluklar\u0131 Litvanya\u2019ya seyahat etmek isteyenler i\u00e7in vize i\u015flemlerinde destek sunuyor. Ayn\u0131 zamanda T\u00fcrkiye&#8217;deki <strong>Litvanya vatanda\u015flar\u0131<\/strong> i\u00e7in de konsolosluk i\u015flemleri i\u00e7in destek sunuyor. T\u00fcrkiye&#8217;de ya\u015fayan Litvanya vatanda\u015flar\u0131n\u0131n n\u00fcfus kay\u0131t, pasaport, evlilik, do\u011fum, kimlik kart\u0131 yenileme gibi i\u015flemleri i\u00e7in ba\u015fvurmas\u0131 gereken yerdir. Bunun d\u0131\u015f\u0131nda<strong> Litvanya Konsoloslu\u011fu<\/strong> Litvanya d\u0131\u015f\u0131nda ya\u015fayan \u00fclke vatanda\u015flar\u0131n\u0131n haklar\u0131n\u0131 korumakla da g\u00f6revlidir.<\/span><\/p>\n<p><span style=\"font-family: Roboto; font-size: 14px;\"><strong>Litvanya Antalya Fahri Konsolosu<\/strong>; \u0130smahan Mine Okudur&#8217;dur.<\/span><\/p>\n<p><span style=\"font-family: Roboto; font-size: 14px;\"><strong>Litvanya Antalya\u00a0 Fahri Konsoloslu\u011fu<\/strong> \u00e7al\u0131\u015fma saatleri \u015f\u00f6yledir;<\/span><\/p>\n<p><span style=\"font-family: Roboto; font-size: 14px;\">Pazartesi\u00a0 : 09.00 &#8211; 17.00<\/span><br \/>\n<span style=\"font-family: Roboto; font-size: 14px;\">Sal\u0131\u00a0\u00a0\u00a0\u00a0\u00a0\u00a0\u00a0\u00a0\u00a0\u00a0\u00a0 : 09.00 &#8211; 17.00<\/span><br \/>\n<span style=\"font-family: Roboto; font-size: 14px;\">\u00c7ar\u015famba : 09.00 &#8211; 17.00<\/span><br \/>\n<span style=\"font-family: Roboto; font-size: 14px;\">Per\u015fembe\u00a0 : 09.00 &#8211; 17.00<\/span><br \/>\n<span style=\"font-family: Roboto; font-size: 14px;\">Cuma\u00a0\u00a0\u00a0\u00a0\u00a0\u00a0\u00a0\u00a0 : 09.00 &#8211; 17.00<\/span><\/p>\n<p><span style=\"font-family: Roboto; font-size: 14px;\">T\u00fcrkiye ve Litvanya&#8217;n\u0131n Resm\u00ee Tatil g\u00fcnlerinde <strong>Litvanya Antalya B\u00fcy\u00fckel\u00e7ili\u011fi<\/strong> kapal\u0131d\u0131r. Bu tatil g\u00fcnleri;<\/span><\/p>\n<p><span style=\"font-family: Roboto; font-size: 14px;\">1 Ocak: Y\u0131lba\u015f\u0131<\/span><\/p>\n<p><span style=\"font-family: Roboto; font-size: 14px;\">16 \u015eubat:Cumhuriyet in yeniden kurulmas\u0131n\u0131n g\u00fcn\u00fc<\/span><\/p>\n<p><span style=\"font-family: Roboto; font-size: 14px;\">11 Mart:1990 y\u0131l\u0131nda kazan\u0131lan ba\u011f\u0131ms\u0131zl\u0131\u011f\u0131n g\u00fcn\u00fc<\/span><\/p>\n<p><span style=\"font-family: Roboto; font-size: 14px;\">Mart \u2013 Nisan:Paskalya<\/span><\/p>\n<p><span style=\"font-family: Roboto; font-size: 14px;\">1 May\u0131s:\u0130\u015f\u00e7i Bayram\u0131<\/span><\/p>\n<p><span style=\"font-family: Roboto; font-size: 14px;\">24 Haz\u0131ran:Jonin\u0117s<\/span><\/p>\n<p><span style=\"font-family: Roboto; font-size: 14px;\">6 Temmuz:Cumhuriyet (Kral Mindaugas) g\u00fcn\u00fc<\/span><\/p>\n<p><span style=\"font-family: Roboto; font-size: 14px;\">15 A\u011fustos:\u017dolin\u0117<\/span><\/p>\n<p><span style=\"font-family: Roboto; font-size: 14px;\">1 Kas\u0131m:Azizler g\u00fcn\u00fc<\/span><\/p>\n<p><span style=\"font-family: Roboto; font-size: 14px;\">24 Aral\u0131k:Noel Arifesi<\/span><\/p>\n<p><span style=\"font-family: Roboto; font-size: 14px;\">25-26 Aral\u0131k:Noel<\/span><\/p>\n<h2><strong><span style=\"font-family: Roboto; font-size: 27px;\">Litvanya Antalya Konsoloslu\u011fu ile \u0130lgili<\/span><\/strong><\/h2>\n<p><span style=\"font-family: Roboto; font-size: 14px;\"><strong>Litvanya Antalya Konsoloslu\u011fu<\/strong>, Litvanya\u2019n\u0131n T\u00fcrkiye\u2019de bulunan ve<strong> Litvanya D\u0131\u015fi\u015fleri Bakanl\u0131\u011f\u0131<\/strong> taraf\u0131ndan yetkilendirilmi\u015f temsilcili\u011fidir. T\u00fcrkiye\u2019de Litvanya Ankara B\u00fcy\u00fckel\u00e7ili\u011fi\u2019ne ba\u011fl\u0131d\u0131r. Litvanya\u2019n\u0131n Ankara B\u00fcy\u00fckel\u00e7ili\u011fi taraf\u0131ndan verilen g\u00f6revleri yerine getirmektedir. <strong>Litvanya Antalya Konsoloslu\u011fu<\/strong> yetki ve g\u00f6revleri a\u015fa\u011f\u0131da verilmi\u015ftir.<\/span><\/p>\n<ul>\n<li><span style=\"font-family: Roboto; font-size: 14px;\"><strong>Litvanya Antalya Konsoloslu\u011fu<\/strong>, T\u00fcrkiye\u2019de bulunan Litvanya vatanda\u015flar\u0131na konsolosluk ve vatanda\u015fl\u0131k hizmeti vermektedir.<\/span><\/li>\n<li><span style=\"font-family: Roboto; font-size: 14px;\">Litvanya\u2019ya seyahat etmek isteyen T\u00fcrk vatanda\u015flar\u0131n\u0131n<span style=\"color: #2acec2;\"><strong><a style=\"color: #2acec2;\" href=\"https:\/\/www.myvize.com.tr\/litvanya\/vize-islemleri\/litvanya-vizesi\/\" target=\"_blank\" rel=\"noopener\"> Litvanya vizesi<\/a><\/strong><\/span> ba\u015fvurular\u0131n\u0131 kabul etmektedir.<\/span><\/li>\n<li><span style=\"font-family: Roboto; font-size: 14px;\">T\u00fcrkiye ile Litvanya aras\u0131nda bulunan askeri, diplomatik, siyasi, ekonomi alan\u0131nda, ticari ba\u011flar\u0131 ve ili\u015fkilerde k\u00f6pr\u00fc g\u00f6revi g\u00f6rmektedir.<\/span><\/li>\n<li><span style=\"font-family: Roboto; font-size: 14px;\">T\u00fcrkiye\u2019de i\u015f kurmu\u015f ya da ticaret yapan Litvanya vatanda\u015flar\u0131na destek sa\u011flamaktad\u0131r.<\/span><\/li>\n<li><span style=\"font-family: Roboto; font-size: 14px;\">T\u00fcrkiye medyas\u0131n\u0131<strong> Litvanya g\u00fcndemi hakk\u0131nda<\/strong> bilgilendirmektedir.<\/span><\/li>\n<li><span style=\"font-family: Roboto; font-size: 14px;\">Antalya ve \u00e7evresinde Litvanya k\u00fclt\u00fcr\u00fcn\u00fcn tan\u0131t\u0131lmas\u0131 ama\u00e7lanmaktad\u0131r.<\/span><\/li>\n<li><span style=\"font-family: Roboto; font-size: 14px;\">Litvanya\u2019n\u0131n Antalya\u2019da bulunan konsoloslu\u011fu, T\u00fcrkiye\u2019nin Antalya, Mersin, Isparta, Konya ve Karaman illerinden sorumludur.<\/span><\/li>\n<\/ul>\n<p><span style=\"font-family: Roboto; font-size: 20px;\"><strong>Litvanya Antalya Konsoloslu\u011fu \u00c7al\u0131\u015fma Saatleri<\/strong><\/span><\/p>\n<p><span style=\"font-family: Roboto; font-size: 14px;\"><strong>Litvanya Cumhuriyeti<\/strong> hafta i\u00e7i saat 09.00 ile 16.00 aras\u0131nda hizmet vermektedir. T\u00fcrkiye Cumhuriyeti ve <strong>Litvanya Cumhuriyeti<\/strong> resmi tatillerinde hizmet vermemektedir.<\/span><\/p>\n<p><span style=\"font-family: Roboto; font-size: 20px;\"><strong>Litvanya Antalya Konsoloslu\u011fu Adresi<\/strong><\/span><\/p>\n<p><span style=\"font-family: Roboto; font-size: 14px;\">Adres: Aspendos Bulvar\u0131, No: 274, Akay Plaza, PK: 07200, Muratpa\u015fa\/Antalya<\/span><\/p>\n<h2><span style=\"font-family: Roboto; font-size: 27px;\"><strong>Litvanya Antalya Konsolosu Kimdir?<\/strong><\/span><\/h2>\n<p><span style=\"font-family: Roboto; font-size: 14px;\"><strong>Litvanya Antalya Fahri Konsoloslu\u011fu,<\/strong> Litvanya\u2019 n\u0131n T\u00fcrkiye\u2019 de kurulmu\u015f olan temsilciliklerinden biridir. Antalya Konsoloslu\u011fu resmi bir temsilcilik olarak g\u00f6r\u00fclmedi\u011fi i\u00e7in Litvanya taraf\u0131ndan da diplomatik etkile\u015fimler yap\u0131lmay\u0131p diplomat olarak yetkilendirilmi\u015f olan bir resmi temsilcisi de yoktur. T\u00fcrkiye\u2019 den de Litvanya\u2019 n\u0131n Litvanya Fahri Konsoloslu\u011fu\u2019 na atanm\u0131\u015f olan temsilci \u0130smihan Mine Okur\u2019 dur.<\/span><\/p>\n<p><span style=\"font-family: Roboto; font-size: 14px;\">Litvanya Antalya Fahri Konsoloslu\u011fu Litvanya ile T\u00fcrkiye aras\u0131nda ticari ve k\u00fclt\u00fcrel ili\u015fkilerin y\u00fcr\u00fct\u00fclmesi konusunda \u00e7al\u0131\u015fmalar yapar. Antalya\u2019 l\u0131 i\u015f insanlar\u0131n\u0131n Litvanya\u2019 da yapacaklar\u0131 ticari anla\u015fmalarda destek verir ve yeni i\u015f anla\u015fmalar\u0131n\u0131n yap\u0131lmas\u0131 i\u00e7in \u00e7al\u0131\u015fmalarda bulunur. Sosyal ve k\u00fclt\u00fcrel konularda da yeni \u00e7al\u0131\u015fmalar ger\u00e7ekle\u015ftiren fahri konsolosluk Litvanya\u2019n\u0131n Antalya\u2019da tan\u0131t\u0131m\u0131 ama\u00e7layan organizasyonlar d\u00fczenler.<\/span><\/p>\n<p><span style=\"font-family: Roboto; font-size: 14px;\">Litvanya Antalya Fahri Konsoloslu\u011fu\u2019 nun adres ve ileti\u015fim bilgileri \u015f\u00f6yledir;<\/span><\/p>\n<p><span style=\"font-family: Roboto; font-size: 14px;\">Adres: Akay Plaza, Aspendos Bulvar\u0131 No: 274 , 07200 Antalya<\/span><\/p>\n<p><span style=\"font-family: Roboto; font-size: 14px;\">Telefon Numaras\u0131: 0850 346 84 93<\/span><\/p>\n<p><span style=\"font-family: Roboto; font-size: 14px;\">E-mail:\u00a0<a href=\"mailto:lithuania@akaytour.com\">lithuania@akaytour.com<\/a>\u00a0&#8211;\u00a0<a href=\"mailto:mine@akaytour.com\">mine@akaytour.com<\/a><\/span><\/p>\n<h2><span style=\"font-family: Roboto; font-size: 27px;\"><strong>Litvanya Antalya Konsoloslu\u011fu Vize \u0130\u015flemleri<\/strong><\/span><\/h2>\n<p><span style=\"font-family: Roboto; font-size: 14px;\">Litvanya Antalya Konsoloslu\u011fu fahri konsolosluk stat\u00fcs\u00fcnde hizmet vermektedir ve Litvanya taraf\u0131ndan da verilmi\u015f olan resmi diplomatik bir yetkisi bulunmamaktad\u0131r. Bu nedenle Litvanya\u2019 ya yap\u0131lacak olan seyahatlerin \u00f6ncesinde gerekli olan vize ba\u015fvurular\u0131nda, vize ba\u015fvurular\u0131n\u0131n sonu\u00e7lanmas\u0131 ve konsolosluklarda yap\u0131lmas\u0131 gereken di\u011fer i\u015flemlerde Litvanya Antalya Fahri Konsoloslu\u011fu ile de\u011fil Litvanya Ankara B\u00fcy\u00fckel\u00e7ili\u011fi ile ileti\u015fime ge\u00e7ilmelidir. \u00a0<\/span><\/p>\n<p><span style=\"font-family: Roboto; font-size: 14px;\">Litvanya Ankara B\u00fcy\u00fckel\u00e7ili\u011fi\u2019 nin hizmet alan\u0131 t\u00fcm T\u00fcrkiye\u2019 yi kapsad\u0131\u011f\u0131 i\u00e7in Antalya da Litvanya B\u00fcy\u00fckel\u00e7ili\u011fi\u2019 nin g\u00f6rev b\u00f6lgesi i\u00e7erisinde yer almaktad\u0131r. Litvanya\u2019 ya seyahat etmek i\u00e7in vize ba\u015fvurular\u0131 Litvanya B\u00fcy\u00fckel\u00e7ili\u011fi\u2019 nin g\u00f6revlendirdi\u011fi vize dan\u0131\u015fmanl\u0131k firmalar\u0131 arac\u0131l\u0131\u011f\u0131 ile ger\u00e7ekle\u015ftirilebilmektedir. Dan\u0131\u015fmanl\u0131k firmalar\u0131ndan yap\u0131lan vize ba\u015fvurular\u0131 incelenerek sonu\u00e7lanmas\u0131 i\u00e7in Litvanya B\u00fcy\u00fckel\u00e7ili\u011fine g\u00f6nderilir. Vize ba\u015fvurular\u0131n\u0131n sonu\u00e7lanmas\u0131nda yetkili kurum olan <a name=\"_Hlk112744584\"><\/a>Litvanya B\u00fcy\u00fckel\u00e7ili\u011fi ve Litvanya Konsolosluklar\u0131d\u0131r. Vizelerin sorunsuz olarak seyahat tarihlerine yeti\u015febilmesi i\u00e7in ba\u015fvuru i\u015flemlerinin 1 ay \u00f6nce ba\u015flat\u0131lmas\u0131 \u00f6nerilmektedir.<\/span><\/p>\n<h3><span style=\"font-family: Roboto; font-size: 24px;\"><strong>Litvanya Antalya Konsoloslu\u011fu Vize Ba\u015fvurusu<\/strong><\/span><\/h3>\n<p><span style=\"font-family: Roboto; font-size: 14px;\">Litvanya Antalya Konsoloslu\u011fu Fahri Konsolosluk stat\u00fcs\u00fcnde hizmet verdi\u011fi i\u00e7in vize ba\u015fvurular\u0131 konusunda hizmet vermemektedir. Fahri konsolosluk olarak Litvanya ve T\u00fcrkiye aras\u0131ndaki ili\u015fkilerin ilerlemesi amac\u0131yla di\u011fer Litvanya Fahri Konsolosluklar\u0131yla ortakla\u015fa \u00e7al\u0131\u015fmalar y\u00fcr\u00fct\u00fcr ve Litvanya\u2019 ya k\u00fclt\u00fcr\u00fcn\u00fc Antalya ve \u00e7evre illerde tan\u0131t\u0131m\u0131n\u0131 ama\u00e7layan organizasyonlar d\u00fczenlerler.<strong> Litvanya\u2019 ya seyahat<\/strong> planlayan Antalya ve \u00e7evre illerde ya\u015fayan T\u00fcrkiye Cumhuriyeti vatanda\u015flar\u0131 ve farkl\u0131 \u00fclkelerin vatanda\u015flar\u0131 vize ba\u015fvurular\u0131 i\u00e7in Litvanya Ankara B\u00fcy\u00fckel\u00e7ili\u011fi\u2019nin yetki verdi\u011fi vize dan\u0131\u015fman\u0131 firmalar ile ileti\u015fime ge\u00e7erek i\u015flemlerini yapabilirler. Litvanya vize ba\u015fvurusunda bulunmak i\u00e7in yap\u0131lmas\u0131 gereken ilk i\u015flem yap\u0131lacak olan seyahatin i\u00e7eri\u011fine g\u00f6re gerekli olan vizenin ba\u015fvuru formunun doldurulmas\u0131d\u0131r. Haz\u0131rlanan vize ba\u015fvuru formu ile di\u011fer vize evraklar\u0131n\u0131n tamam\u0131yla \u00f6rt\u00fc\u015fmesi gerekir. Vize ba\u015fvurular\u0131n\u0131n sonu\u00e7lanmas\u0131nda yetkili kurum olan Litvanya B\u00fcy\u00fckel\u00e7ili\u011fi ve Litvanya Konsolosluklar\u0131d\u0131r.<\/span><\/p>\n<p><span style=\"font-family: Roboto; font-size: 14px;\"><strong>Litvanya vize ba\u015fvurular\u0131<\/strong> ortalama 15 g\u00fcn gibi bir s\u00fcrede sonu\u00e7land\u0131\u011f\u0131 bilinmektedir. Vizelerin sorunsuz olarak seyahat tarihlerine yeti\u015febilmesi i\u00e7in ba\u015fvuru i\u015flemlerinin 1 ay \u00f6nce ba\u015flat\u0131lmas\u0131 \u00f6nerilir.<\/span><\/p>\n<h3><span style=\"font-family: Roboto; font-size: 24px;\"><strong>Litvanya Antalya Konsoloslu\u011fu Vize Randevusu<\/strong><\/span><\/h3>\n<p><span style=\"font-family: Roboto; font-size: 14px;\">Litvanya Antalya Konsoloslu\u011fu fahri konsolosluk stat\u00fcs\u00fcnde hizmetlerini s\u00fcrd\u00fcrmektedir. Bu nedenle vize randevular\u0131 i\u00e7in Litvanya <strong>Ankara B\u00fcy\u00fckel\u00e7ili\u011fi<\/strong> taraf\u0131ndan akredite edilen vize dan\u0131\u015fman\u0131 kurumum arac\u0131l\u0131\u011f\u0131 ile randevu ba\u015fvurusunda bulunulabilir. Vize randevular\u0131na ba\u015fvuruda bulunmadan \u00f6nce yap\u0131lmas\u0131 planlanan seyahatin i\u00e7eri\u011fine g\u00f6re Litvanya Konsolosluklar\u0131n\u0131n belirledi\u011fi vize ba\u015fvuru formunun da doldurulmas\u0131 di\u011fer vize evraklar\u0131n\u0131n haz\u0131rlanmas\u0131 gerekmektedir.<\/span><\/p>\n<p><span style=\"font-family: Roboto; font-size: 14px;\"><strong>Litvanya B\u00fcy\u00fckel\u00e7ili\u011fi<\/strong> vize randevu i\u015flemleri i\u00e7in b\u00fcy\u00fckel\u00e7ili\u011fin anla\u015fma yapt\u0131\u011f\u0131 VSF Global ile veyahut bu firman\u0131n akredite etti\u011fi di\u011fer bir vize dan\u0131\u015fman\u0131 firma ile ileti\u015fime ge\u00e7ilerek randevu talep edilebilir.<\/span><\/p>\n<p><span style=\"font-family: Roboto; font-size: 14px;\">\u00a0Litvanya B\u00fcy\u00fckel\u00e7ili\u011finden al\u0131nan randevular\u0131n sonras\u0131nda randevu tarihinde bir de\u011fi\u015fiklik yap\u0131lmak isteniyorsa ilk randevu talebi hangi kanal \u00fczerinden ger\u00e7ekle\u015ftirildiyse yine oradan i\u015flem yap\u0131lmal\u0131d\u0131r. Ancak vize randevular\u0131nda tarih de\u011fi\u015fikli\u011fi talebi randevu saatine 24 saat kalana kadar yap\u0131labilmektedir. 24 saatten az bir s\u00fcre kald\u0131\u011f\u0131nda al\u0131nan randevu i\u00e7in bir de\u011fi\u015fiklik yap\u0131lmas\u0131 engellenmi\u015ftir. Randevu g\u00fcn\u00fc randevu saatinden 15 dakika kadar \u00f6nce B\u00fcy\u00fckel\u00e7ilikte haz\u0131r bulunarak vize evraklar\u0131 teslim edilerek g\u00f6r\u00fc\u015fmeler sa\u011flanabilir.<\/span><\/p>\n","protected":false},"excerpt":{"rendered":"<p>Litvanya Antalya Konsoloslu\u011fu Hakk\u0131nda Litvanya Antalya Fahri Konsoloslu\u011fu g\u00f6rev b\u00f6lgesi \u015fu illeri kaps\u0131yor; Antalya, Burdur, Isparta, \u0130\u00e7el illerinde ya\u015f\u0131yorsan\u0131z ve\u00a0 T\u00fcrkiye Cumhuriyeti vatanda\u015f\u0131ysan\u0131z, konsolosluk i\u015flemleriniz i\u00e7in \u00a0Litvanya Antalya Fahri Konsoloslu\u011fu\u2019na ba\u015fvuru yapabilirsiniz. Litvanya B\u00fcy\u00fckel\u00e7ili\u011fi,\u00a0Litvanya Konsoloslu\u011fu ve Litvanya Fahri Konsolosluklar\u0131 Litvanya\u2019ya seyahat etmek isteyenler i\u00e7in vize i\u015flemlerinde destek sunuyor. Ayn\u0131 zamanda T\u00fcrkiye&#8217;deki Litvanya vatanda\u015flar\u0131 i\u00e7in de<\/p>\n","protected":false},"author":1,"featured_media":0,"parent":69,"menu_order":0,"comment_status":"open","ping_status":"closed","template":"","meta":{"footnotes":""},"class_list":["post-74","page","type-page","status-publish","hentry"],"yoast_head":"<!-- This site is optimized with the Yoast SEO plugin v24.0 - https:\/\/yoast.com\/wordpress\/plugins\/seo\/ -->\n<title>Litvanya Antalya Konsoloslu\u011fu Vize \u0130\u015flemleri - MyVize<\/title>\n<meta name=\"description\" content=\"Litvanya Antalya Konsoloslu\u011fu \u0130leti\u015fim Bilgileri Telefon Numaras\u0131 Mail Adresi Bilgileri \u0130\u00e7erir. Litvanya Vize Dan\u0131\u015fman\u0131 \u0130\u00e7in Hemen Aray\u0131n.\" \/>\n<meta name=\"robots\" content=\"index, follow, max-snippet:-1, max-image-preview:large, max-video-preview:-1\" \/>\n<link rel=\"canonical\" href=\"https:\/\/www.myvize.com.tr\/litvanya\/konsolosluklar\/antalya-konsoloslugu\/\" \/>\n<meta property=\"og:locale\" content=\"tr_TR\" \/>\n<meta property=\"og:type\" content=\"article\" \/>\n<meta property=\"og:title\" content=\"Litvanya Antalya Konsoloslu\u011fu Vize \u0130\u015flemleri - MyVize\" \/>\n<meta property=\"og:description\" content=\"Litvanya Antalya Konsoloslu\u011fu \u0130leti\u015fim Bilgileri Telefon Numaras\u0131 Mail Adresi Bilgileri \u0130\u00e7erir. Litvanya Vize Dan\u0131\u015fman\u0131 \u0130\u00e7in Hemen Aray\u0131n.\" \/>\n<meta property=\"og:url\" content=\"https:\/\/www.myvize.com.tr\/litvanya\/konsolosluklar\/antalya-konsoloslugu\/\" \/>\n<meta property=\"og:site_name\" content=\"Litvanya Vizesi\" \/>\n<meta property=\"article:modified_time\" content=\"2022-08-30T12:36:46+00:00\" \/>\n<meta name=\"twitter:card\" content=\"summary_large_image\" \/>\n<meta name=\"twitter:label1\" content=\"Tahmini okuma s\u00fcresi\" \/>\n\t<meta name=\"twitter:data1\" content=\"4 dakika\" \/>\n<script type=\"application\/ld+json\" class=\"yoast-schema-graph\">{\"@context\":\"https:\/\/schema.org\",\"@graph\":[{\"@type\":\"WebPage\",\"@id\":\"https:\/\/www.myvize.com.tr\/litvanya\/konsolosluklar\/antalya-konsoloslugu\/\",\"url\":\"https:\/\/www.myvize.com.tr\/litvanya\/konsolosluklar\/antalya-konsoloslugu\/\",\"name\":\"Litvanya Antalya Konsoloslu\u011fu Vize \u0130\u015flemleri - MyVize\",\"isPartOf\":{\"@id\":\"https:\/\/www.myvize.com.tr\/litvanya\/#website\"},\"datePublished\":\"2020-11-30T10:02:26+00:00\",\"dateModified\":\"2022-08-30T12:36:46+00:00\",\"description\":\"Litvanya Antalya Konsoloslu\u011fu \u0130leti\u015fim Bilgileri Telefon Numaras\u0131 Mail Adresi Bilgileri \u0130\u00e7erir. Litvanya Vize Dan\u0131\u015fman\u0131 \u0130\u00e7in Hemen Aray\u0131n.\",\"breadcrumb\":{\"@id\":\"https:\/\/www.myvize.com.tr\/litvanya\/konsolosluklar\/antalya-konsoloslugu\/#breadcrumb\"},\"inLanguage\":\"tr\",\"potentialAction\":[{\"@type\":\"ReadAction\",\"target\":[\"https:\/\/www.myvize.com.tr\/litvanya\/konsolosluklar\/antalya-konsoloslugu\/\"]}]},{\"@type\":\"BreadcrumbList\",\"@id\":\"https:\/\/www.myvize.com.tr\/litvanya\/konsolosluklar\/antalya-konsoloslugu\/#breadcrumb\",\"itemListElement\":[{\"@type\":\"ListItem\",\"position\":1,\"name\":\"Anasayfa\",\"item\":\"https:\/\/www.myvize.com.tr\/litvanya\/\"},{\"@type\":\"ListItem\",\"position\":2,\"name\":\"KONSOLOSLUKLAR\",\"item\":\"https:\/\/www.myvize.com.tr\/litvanya\/konsolosluklar\/\"},{\"@type\":\"ListItem\",\"position\":3,\"name\":\"Litvanya Antalya Konsoloslu\u011fu\"}]},{\"@type\":\"WebSite\",\"@id\":\"https:\/\/www.myvize.com.tr\/litvanya\/#website\",\"url\":\"https:\/\/www.myvize.com.tr\/litvanya\/\",\"name\":\"Litvanya Vizesi\",\"description\":\"\",\"potentialAction\":[{\"@type\":\"SearchAction\",\"target\":{\"@type\":\"EntryPoint\",\"urlTemplate\":\"https:\/\/www.myvize.com.tr\/litvanya\/?s={search_term_string}\"},\"query-input\":{\"@type\":\"PropertyValueSpecification\",\"valueRequired\":true,\"valueName\":\"search_term_string\"}}],\"inLanguage\":\"tr\"}]}<\/script>\n<!-- \/ Yoast SEO plugin. -->","yoast_head_json":{"title":"Litvanya Antalya Konsoloslu\u011fu Vize \u0130\u015flemleri - MyVize","description":"Litvanya Antalya Konsoloslu\u011fu \u0130leti\u015fim Bilgileri Telefon Numaras\u0131 Mail Adresi Bilgileri \u0130\u00e7erir. Litvanya Vize Dan\u0131\u015fman\u0131 \u0130\u00e7in Hemen Aray\u0131n.","robots":{"index":"index","follow":"follow","max-snippet":"max-snippet:-1","max-image-preview":"max-image-preview:large","max-video-preview":"max-video-preview:-1"},"canonical":"https:\/\/www.myvize.com.tr\/litvanya\/konsolosluklar\/antalya-konsoloslugu\/","og_locale":"tr_TR","og_type":"article","og_title":"Litvanya Antalya Konsoloslu\u011fu Vize \u0130\u015flemleri - MyVize","og_description":"Litvanya Antalya Konsoloslu\u011fu \u0130leti\u015fim Bilgileri Telefon Numaras\u0131 Mail Adresi Bilgileri \u0130\u00e7erir. Litvanya Vize Dan\u0131\u015fman\u0131 \u0130\u00e7in Hemen Aray\u0131n.","og_url":"https:\/\/www.myvize.com.tr\/litvanya\/konsolosluklar\/antalya-konsoloslugu\/","og_site_name":"Litvanya Vizesi","article_modified_time":"2022-08-30T12:36:46+00:00","twitter_card":"summary_large_image","twitter_misc":{"Tahmini okuma s\u00fcresi":"4 dakika"},"schema":{"@context":"https:\/\/schema.org","@graph":[{"@type":"WebPage","@id":"https:\/\/www.myvize.com.tr\/litvanya\/konsolosluklar\/antalya-konsoloslugu\/","url":"https:\/\/www.myvize.com.tr\/litvanya\/konsolosluklar\/antalya-konsoloslugu\/","name":"Litvanya Antalya Konsoloslu\u011fu Vize \u0130\u015flemleri - MyVize","isPartOf":{"@id":"https:\/\/www.myvize.com.tr\/litvanya\/#website"},"datePublished":"2020-11-30T10:02:26+00:00","dateModified":"2022-08-30T12:36:46+00:00","description":"Litvanya Antalya Konsoloslu\u011fu \u0130leti\u015fim Bilgileri Telefon Numaras\u0131 Mail Adresi Bilgileri \u0130\u00e7erir. Litvanya Vize Dan\u0131\u015fman\u0131 \u0130\u00e7in Hemen Aray\u0131n.","breadcrumb":{"@id":"https:\/\/www.myvize.com.tr\/litvanya\/konsolosluklar\/antalya-konsoloslugu\/#breadcrumb"},"inLanguage":"tr","potentialAction":[{"@type":"ReadAction","target":["https:\/\/www.myvize.com.tr\/litvanya\/konsolosluklar\/antalya-konsoloslugu\/"]}]},{"@type":"BreadcrumbList","@id":"https:\/\/www.myvize.com.tr\/litvanya\/konsolosluklar\/antalya-konsoloslugu\/#breadcrumb","itemListElement":[{"@type":"ListItem","position":1,"name":"Anasayfa","item":"https:\/\/www.myvize.com.tr\/litvanya\/"},{"@type":"ListItem","position":2,"name":"KONSOLOSLUKLAR","item":"https:\/\/www.myvize.com.tr\/litvanya\/konsolosluklar\/"},{"@type":"ListItem","position":3,"name":"Litvanya Antalya Konsoloslu\u011fu"}]},{"@type":"WebSite","@id":"https:\/\/www.myvize.com.tr\/litvanya\/#website","url":"https:\/\/www.myvize.com.tr\/litvanya\/","name":"Litvanya Vizesi","description":"","potentialAction":[{"@type":"SearchAction","target":{"@type":"EntryPoint","urlTemplate":"https:\/\/www.myvize.com.tr\/litvanya\/?s={search_term_string}"},"query-input":{"@type":"PropertyValueSpecification","valueRequired":true,"valueName":"search_term_string"}}],"inLanguage":"tr"}]}},"_links":{"self":[{"href":"https:\/\/www.myvize.com.tr\/litvanya\/wp-json\/wp\/v2\/pages\/74","targetHints":{"allow":["GET"]}}],"collection":[{"href":"https:\/\/www.myvize.com.tr\/litvanya\/wp-json\/wp\/v2\/pages"}],"about":[{"href":"https:\/\/www.myvize.com.tr\/litvanya\/wp-json\/wp\/v2\/types\/page"}],"author":[{"embeddable":true,"href":"https:\/\/www.myvize.com.tr\/litvanya\/wp-json\/wp\/v2\/users\/1"}],"replies":[{"embeddable":true,"href":"https:\/\/www.myvize.com.tr\/litvanya\/wp-json\/wp\/v2\/comments?post=74"}],"version-history":[{"count":9,"href":"https:\/\/www.myvize.com.tr\/litvanya\/wp-json\/wp\/v2\/pages\/74\/revisions"}],"predecessor-version":[{"id":851,"href":"https:\/\/www.myvize.com.tr\/litvanya\/wp-json\/wp\/v2\/pages\/74\/revisions\/851"}],"up":[{"embeddable":true,"href":"https:\/\/www.myvize.com.tr\/litvanya\/wp-json\/wp\/v2\/pages\/69"}],"wp:attachment":[{"href":"https:\/\/www.myvize.com.tr\/litvanya\/wp-json\/wp\/v2\/media?parent=74"}],"curies":[{"name":"wp","href":"https:\/\/api.w.org\/{rel}","templated":true}]}}