{"id":86,"date":"2020-11-30T13:05:31","date_gmt":"2020-11-30T10:05:31","guid":{"rendered":"https:\/\/www.myvize.com.tr\/litvanya\/?page_id=86"},"modified":"2022-08-30T15:43:19","modified_gmt":"2022-08-30T12:43:19","slug":"edirne-fahri-konsoloslugu","status":"publish","type":"page","link":"https:\/\/www.myvize.com.tr\/litvanya\/konsolosluklar\/edirne-fahri-konsoloslugu\/","title":{"rendered":"Litvanya Edirne Fahri Konsoloslu\u011fu"},"content":{"rendered":"<h2><span style=\"font-family: Roboto; font-size: 27px;\">Litvanya Edirne Konsoloslu\u011fu<\/span><\/h2>\n<p><span style=\"font-family: Roboto; font-size: 14px;\"><strong>Litvanya B\u00fcy\u00fckel\u00e7ili\u011fi<\/strong>, Litvanya Konsoloslu\u011fu ve<strong> Litvanya Fahri Konsolosluklar\u0131<\/strong> Litvanya\u2019ya seyahat etmek isteyenler i\u00e7in vize i\u015flemlerinde destek sunuyor. Ayn\u0131 zamanda T\u00fcrkiye&#8217;deki <strong>Litvanya vatanda\u015flar\u0131<\/strong> i\u00e7in de konsolosluk islemleri i\u00e7in destek sunuyor. T\u00fcrkiye&#8217;de ya\u015fayan<span style=\"color: #2acec2;\"><strong><a style=\"color: #2acec2;\" href=\"https:\/\/www.myvize.com.tr\/litvanya\/\" target=\"_blank\" rel=\"noopener\"> Litvanya <\/a><\/strong><\/span>vatanda\u015flar\u0131n\u0131n n\u00fcfus kay\u0131t, pasaport, evlilik, do\u011fum, kimlik kart\u0131 yenileme gibi i\u015flemleri i\u00e7in ba\u015fvurmas\u0131 gereken yerdir. Bunun d\u0131\u015f\u0131nda <strong>Litvanya Konsoloslu\u011fu<\/strong> Litvanya d\u0131\u015f\u0131nda ya\u015fayan \u00fclke vatanda\u015flar\u0131n\u0131n haklar\u0131n\u0131 korumakla da g\u00f6revlidir.<\/span><\/p>\n<p><span style=\"font-family: Roboto; font-size: 14px;\"><span style=\"color: #2acec2;\"><strong><a style=\"color: #2acec2;\" href=\"https:\/\/www.myvize.com.tr\/litvanya\/vize-islemleri\/litvanya-schengen-vizesi\/\" target=\"_blank\" rel=\"noopener\">Litvanya Schengen vizesi <\/a><\/strong><\/span>uygulamas\u0131na taraf olan \u00fclkelerden biridir. Litvanya&#8217;ya seyahat etmek istiyorsan\u0131z ve Hususi yani Ye\u015fil, Siyah yani Diplomatik ve Hizmet yani Gri pasaport sahibiyseniz\u00a0 vize alman\u0131za gerek olmadan 6 ay i\u00e7inde 3 ay\u0131 ge\u00e7meyecek\u00a0 \u015fekilde seyahat edebilirsiniz. Ancak Umuma Mahsus yani Bordo\u00a0 pasaport sahibiyseniz seyahatinizi ger\u00e7ekle\u015ftirmeden\u00a0 \u00f6nce mutlaka vize alman\u0131z gerekiyor.\u00a0<\/span><\/p>\n<p><span style=\"font-family: Roboto; font-size: 14px;\"><strong>Litvanya Edirne\u00a0 Fahri Konsoloslu\u011fu<\/strong> \u00e7al\u0131\u015fma saatleri \u015f\u00f6yledir;<\/span><\/p>\n<p><span style=\"font-family: Roboto; font-size: 14px;\">Pazartesi\u00a0 : 09.00 &#8211; 17.00<\/span><br \/>\n<span style=\"font-family: Roboto; font-size: 14px;\">Sal\u0131\u00a0\u00a0\u00a0\u00a0\u00a0\u00a0\u00a0\u00a0\u00a0\u00a0\u00a0 : 09.00 &#8211; 17.00<\/span><br \/>\n<span style=\"font-family: Roboto; font-size: 14px;\">\u00c7ar\u015famba : 09.00 &#8211; 17.00<\/span><br \/>\n<span style=\"font-family: Roboto; font-size: 14px;\">Per\u015fembe\u00a0 : 09.00 &#8211; 17.00<\/span><br \/>\n<span style=\"font-family: Roboto; font-size: 14px;\">Cuma\u00a0\u00a0\u00a0\u00a0\u00a0\u00a0\u00a0\u00a0 : 09.00 &#8211; 17.00<\/span><\/p>\n<p><span style=\"font-family: Roboto; font-size: 14px;\">T\u00fcrkiye ve Litvanya&#8217;n\u0131n Resm\u00ee Tatil g\u00fcnlerinde Litvanya Edirne B\u00fcy\u00fckel\u00e7ili\u011fi kapal\u0131d\u0131r. Bu tatil g\u00fcnleri;<\/span><\/p>\n<p><span style=\"font-family: Roboto; font-size: 14px;\">1 Ocak: Y\u0131lba\u015f\u0131<\/span><\/p>\n<p><span style=\"font-family: Roboto; font-size: 14px;\">16 \u015eubat:Cumhuriyet in yeniden kurulmas\u0131n\u0131n g\u00fcn\u00fc<\/span><\/p>\n<p><span style=\"font-family: Roboto; font-size: 14px;\">11 Mart:1990 y\u0131l\u0131nda kazan\u0131lan ba\u011f\u0131ms\u0131zl\u0131\u011f\u0131n g\u00fcn\u00fc<\/span><\/p>\n<p><span style=\"font-family: Roboto; font-size: 14px;\">Mart \u2013 Nisan:Paskalya<\/span><\/p>\n<p><span style=\"font-family: Roboto; font-size: 14px;\">1 May\u0131s:\u0130\u015f\u00e7i Bayram\u0131<\/span><\/p>\n<p><span style=\"font-family: Roboto; font-size: 14px;\">24 Haz\u0131ran:Jonin\u0117s<\/span><\/p>\n<p><span style=\"font-family: Roboto; font-size: 14px;\">6 Temmuz:Cumhuriyet (Kral Mindaugas) g\u00fcn\u00fc<\/span><\/p>\n<p><span style=\"font-family: Roboto; font-size: 14px;\">15 A\u011fustos:\u017dolin\u0117<\/span><\/p>\n<p><span style=\"font-family: Roboto; font-size: 14px;\">1 Kas\u0131m:Azizler g\u00fcn\u00fc<\/span><\/p>\n<p><span style=\"font-family: Roboto; font-size: 14px;\">24 Aral\u0131k:Noel Arifesi<\/span><\/p>\n<p><span style=\"font-family: Roboto; font-size: 14px;\">25-26 Aral\u0131k:Noel<\/span><\/p>\n<h2><strong><span style=\"font-family: Roboto; font-size: 27px;\">Edirne Fahri Konsoloslu\u011fu<\/span><\/strong><\/h2>\n<p><span style=\"font-family: Roboto; font-size: 14px;\"><strong>Litvanya Edirne Fahri Konsoloslu\u011fu<\/strong>, Litvanya\u2019n\u0131n T\u00fcrkiye\u2019de bulunan ve diplomatik yetki verilmemi\u015f temsilciliklerindendir. Litvanya Edirne Fahri Konsoloslu\u011fu\u2019nun yetki alan\u0131 i\u00e7erisinde; Edirne, K\u0131rklareli ve Tekirda\u011f illeri bulunmaktad\u0131r.<\/span><\/p>\n<p><span style=\"font-family: Roboto; font-size: 14px;\">Litvanya Edirne Fahri Konsoloslu\u011fu\u2019nun as\u0131l amac\u0131; Edirne ve \u00e7evresindeki Litvanya ekonomisini ve ticaretini kontrol etmek, d\u00fczenlemek ve yeni i\u015fbirlikleri yapmakt\u0131r.<strong> Litvanya Edirne Fahri Konsoloslu\u011fu<\/strong>, Litvanya Ankara B\u00fcy\u00fckel\u00e7ili\u011fi\u2019ne ba\u011fl\u0131 olarak \u00e7al\u0131\u015fmaktad\u0131r. Litvanya Edirne Fahri Konsoloslu\u011fu\u2019nun g\u00f6rev ve yetkileri a\u015fa\u011f\u0131da verilmi\u015ftir.<\/span><\/p>\n<ul>\n<li><span style=\"font-family: Roboto; font-size: 14px;\"><strong>Litvanya Edirne Fahri Konsoloslu\u011fu<\/strong>, Edirne ve \u00e7evresindeki Litvanya ticareti ile ilgilenmektedir.<\/span><\/li>\n<li><span style=\"font-family: Roboto; font-size: 14px;\">Litvanya Edirne Fahri Konsoloslu\u011fu, Litvanya k\u00fclt\u00fcr\u00fcn\u00fc Edirne ve \u00e7evresinde tan\u0131tmay\u0131 ama\u00e7lamaktad\u0131r.<\/span><\/li>\n<li><span style=\"font-family: Roboto; font-size: 14px;\">Litvanya Edirne Fahri Konsoloslu\u011fu\u2019nun diplomatik bir yetkisi bulunmamaktad\u0131r.<\/span><\/li>\n<li><span style=\"font-family: Roboto; font-size: 14px;\">Litvanya Edirne Fahri Konsoloslu\u011fu, vize hizmeti vermemektedir. Sadece acil durumlarda belge tasdiki hizmeti vermektedir.<\/span><\/li>\n<\/ul>\n<h2><span style=\"font-family: Roboto; font-size: 27px;\"><strong>Litvanya Edirne Fahri Konsoloslu\u011fu \u00c7al\u0131\u015fma Saatleri<\/strong><\/span><\/h2>\n<p><span style=\"font-family: Roboto; font-size: 14px;\"><strong>Litvanya Edirne Fahri Konsoloslu\u011fu,<\/strong> Litvanya\u2019n\u0131n ve T\u00fcrkiye\u2019nin resmi tatillerine \u00e7al\u0131\u015fmamaktad\u0131r. Mesai saatleri ise 08.00 ile 17.00 aras\u0131nda hizmet vermektedir.<\/span><\/p>\n<h2><span style=\"font-family: Roboto; font-size: 27px;\"><strong>Litvanya Edirne Fahri Konsoloslu\u011fu adresi<\/strong><\/span><\/h2>\n<p><span style=\"font-family: Roboto; font-size: 14px;\">Adres: \u00a0Bal\u0131k Pazar\u0131 Caddesi, Of Sitesi, C Blok, Daire: 2, Kalei\u00e7i-Edirne<\/span><\/p>\n","protected":false},"excerpt":{"rendered":"<p>Litvanya Edirne Konsoloslu\u011fu Litvanya B\u00fcy\u00fckel\u00e7ili\u011fi, Litvanya Konsoloslu\u011fu ve Litvanya Fahri Konsolosluklar\u0131 Litvanya\u2019ya seyahat etmek isteyenler i\u00e7in vize i\u015flemlerinde destek sunuyor. Ayn\u0131 zamanda T\u00fcrkiye&#8217;deki Litvanya vatanda\u015flar\u0131 i\u00e7in de konsolosluk islemleri i\u00e7in destek sunuyor. T\u00fcrkiye&#8217;de ya\u015fayan Litvanya vatanda\u015flar\u0131n\u0131n n\u00fcfus kay\u0131t, pasaport, evlilik, do\u011fum, kimlik kart\u0131 yenileme gibi i\u015flemleri i\u00e7in ba\u015fvurmas\u0131 gereken yerdir. Bunun d\u0131\u015f\u0131nda Litvanya Konsoloslu\u011fu Litvanya<\/p>\n","protected":false},"author":1,"featured_media":0,"parent":69,"menu_order":0,"comment_status":"open","ping_status":"closed","template":"","meta":{"footnotes":""},"class_list":["post-86","page","type-page","status-publish","hentry"],"yoast_head":"<!-- This site is optimized with the Yoast SEO plugin v24.0 - https:\/\/yoast.com\/wordpress\/plugins\/seo\/ -->\n<title>Litvanya Edirne Konsoloslu\u011fu Vize \u0130\u015flemleri - MyVize<\/title>\n<meta name=\"description\" content=\"Litvanya Edirne Konsoloslu\u011fu \u0130leti\u015fim Bilgileri Telefon Numaras\u0131 Mail Adresi Bilgileri \u0130\u00e7erir. Litvanya Vize Dan\u0131\u015fman\u0131 \u0130\u00e7in Hemen Aray\u0131n.\" \/>\n<meta name=\"robots\" content=\"index, follow, max-snippet:-1, max-image-preview:large, max-video-preview:-1\" \/>\n<link rel=\"canonical\" href=\"https:\/\/www.myvize.com.tr\/litvanya\/konsolosluklar\/edirne-fahri-konsoloslugu\/\" \/>\n<meta property=\"og:locale\" content=\"tr_TR\" \/>\n<meta property=\"og:type\" content=\"article\" \/>\n<meta property=\"og:title\" content=\"Litvanya Edirne Konsoloslu\u011fu Vize \u0130\u015flemleri - MyVize\" \/>\n<meta property=\"og:description\" content=\"Litvanya Edirne Konsoloslu\u011fu \u0130leti\u015fim Bilgileri Telefon Numaras\u0131 Mail Adresi Bilgileri \u0130\u00e7erir. Litvanya Vize Dan\u0131\u015fman\u0131 \u0130\u00e7in Hemen Aray\u0131n.\" \/>\n<meta property=\"og:url\" content=\"https:\/\/www.myvize.com.tr\/litvanya\/konsolosluklar\/edirne-fahri-konsoloslugu\/\" \/>\n<meta property=\"og:site_name\" content=\"Litvanya Vizesi\" \/>\n<meta property=\"article:modified_time\" content=\"2022-08-30T12:43:19+00:00\" \/>\n<meta name=\"twitter:card\" content=\"summary_large_image\" \/>\n<meta name=\"twitter:label1\" content=\"Tahmini okuma s\u00fcresi\" \/>\n\t<meta name=\"twitter:data1\" content=\"2 dakika\" \/>\n<script type=\"application\/ld+json\" class=\"yoast-schema-graph\">{\"@context\":\"https:\/\/schema.org\",\"@graph\":[{\"@type\":\"WebPage\",\"@id\":\"https:\/\/www.myvize.com.tr\/litvanya\/konsolosluklar\/edirne-fahri-konsoloslugu\/\",\"url\":\"https:\/\/www.myvize.com.tr\/litvanya\/konsolosluklar\/edirne-fahri-konsoloslugu\/\",\"name\":\"Litvanya Edirne Konsoloslu\u011fu Vize \u0130\u015flemleri - MyVize\",\"isPartOf\":{\"@id\":\"https:\/\/www.myvize.com.tr\/litvanya\/#website\"},\"datePublished\":\"2020-11-30T10:05:31+00:00\",\"dateModified\":\"2022-08-30T12:43:19+00:00\",\"description\":\"Litvanya Edirne Konsoloslu\u011fu \u0130leti\u015fim Bilgileri Telefon Numaras\u0131 Mail Adresi Bilgileri \u0130\u00e7erir. Litvanya Vize Dan\u0131\u015fman\u0131 \u0130\u00e7in Hemen Aray\u0131n.\",\"breadcrumb\":{\"@id\":\"https:\/\/www.myvize.com.tr\/litvanya\/konsolosluklar\/edirne-fahri-konsoloslugu\/#breadcrumb\"},\"inLanguage\":\"tr\",\"potentialAction\":[{\"@type\":\"ReadAction\",\"target\":[\"https:\/\/www.myvize.com.tr\/litvanya\/konsolosluklar\/edirne-fahri-konsoloslugu\/\"]}]},{\"@type\":\"BreadcrumbList\",\"@id\":\"https:\/\/www.myvize.com.tr\/litvanya\/konsolosluklar\/edirne-fahri-konsoloslugu\/#breadcrumb\",\"itemListElement\":[{\"@type\":\"ListItem\",\"position\":1,\"name\":\"Anasayfa\",\"item\":\"https:\/\/www.myvize.com.tr\/litvanya\/\"},{\"@type\":\"ListItem\",\"position\":2,\"name\":\"KONSOLOSLUKLAR\",\"item\":\"https:\/\/www.myvize.com.tr\/litvanya\/konsolosluklar\/\"},{\"@type\":\"ListItem\",\"position\":3,\"name\":\"Litvanya Edirne Fahri Konsoloslu\u011fu\"}]},{\"@type\":\"WebSite\",\"@id\":\"https:\/\/www.myvize.com.tr\/litvanya\/#website\",\"url\":\"https:\/\/www.myvize.com.tr\/litvanya\/\",\"name\":\"Litvanya Vizesi\",\"description\":\"\",\"potentialAction\":[{\"@type\":\"SearchAction\",\"target\":{\"@type\":\"EntryPoint\",\"urlTemplate\":\"https:\/\/www.myvize.com.tr\/litvanya\/?s={search_term_string}\"},\"query-input\":{\"@type\":\"PropertyValueSpecification\",\"valueRequired\":true,\"valueName\":\"search_term_string\"}}],\"inLanguage\":\"tr\"}]}<\/script>\n<!-- \/ Yoast SEO plugin. -->","yoast_head_json":{"title":"Litvanya Edirne Konsoloslu\u011fu Vize \u0130\u015flemleri - MyVize","description":"Litvanya Edirne Konsoloslu\u011fu \u0130leti\u015fim Bilgileri Telefon Numaras\u0131 Mail Adresi Bilgileri \u0130\u00e7erir. Litvanya Vize Dan\u0131\u015fman\u0131 \u0130\u00e7in Hemen Aray\u0131n.","robots":{"index":"index","follow":"follow","max-snippet":"max-snippet:-1","max-image-preview":"max-image-preview:large","max-video-preview":"max-video-preview:-1"},"canonical":"https:\/\/www.myvize.com.tr\/litvanya\/konsolosluklar\/edirne-fahri-konsoloslugu\/","og_locale":"tr_TR","og_type":"article","og_title":"Litvanya Edirne Konsoloslu\u011fu Vize \u0130\u015flemleri - MyVize","og_description":"Litvanya Edirne Konsoloslu\u011fu \u0130leti\u015fim Bilgileri Telefon Numaras\u0131 Mail Adresi Bilgileri \u0130\u00e7erir. Litvanya Vize Dan\u0131\u015fman\u0131 \u0130\u00e7in Hemen Aray\u0131n.","og_url":"https:\/\/www.myvize.com.tr\/litvanya\/konsolosluklar\/edirne-fahri-konsoloslugu\/","og_site_name":"Litvanya Vizesi","article_modified_time":"2022-08-30T12:43:19+00:00","twitter_card":"summary_large_image","twitter_misc":{"Tahmini okuma s\u00fcresi":"2 dakika"},"schema":{"@context":"https:\/\/schema.org","@graph":[{"@type":"WebPage","@id":"https:\/\/www.myvize.com.tr\/litvanya\/konsolosluklar\/edirne-fahri-konsoloslugu\/","url":"https:\/\/www.myvize.com.tr\/litvanya\/konsolosluklar\/edirne-fahri-konsoloslugu\/","name":"Litvanya Edirne Konsoloslu\u011fu Vize \u0130\u015flemleri - MyVize","isPartOf":{"@id":"https:\/\/www.myvize.com.tr\/litvanya\/#website"},"datePublished":"2020-11-30T10:05:31+00:00","dateModified":"2022-08-30T12:43:19+00:00","description":"Litvanya Edirne Konsoloslu\u011fu \u0130leti\u015fim Bilgileri Telefon Numaras\u0131 Mail Adresi Bilgileri \u0130\u00e7erir. Litvanya Vize Dan\u0131\u015fman\u0131 \u0130\u00e7in Hemen Aray\u0131n.","breadcrumb":{"@id":"https:\/\/www.myvize.com.tr\/litvanya\/konsolosluklar\/edirne-fahri-konsoloslugu\/#breadcrumb"},"inLanguage":"tr","potentialAction":[{"@type":"ReadAction","target":["https:\/\/www.myvize.com.tr\/litvanya\/konsolosluklar\/edirne-fahri-konsoloslugu\/"]}]},{"@type":"BreadcrumbList","@id":"https:\/\/www.myvize.com.tr\/litvanya\/konsolosluklar\/edirne-fahri-konsoloslugu\/#breadcrumb","itemListElement":[{"@type":"ListItem","position":1,"name":"Anasayfa","item":"https:\/\/www.myvize.com.tr\/litvanya\/"},{"@type":"ListItem","position":2,"name":"KONSOLOSLUKLAR","item":"https:\/\/www.myvize.com.tr\/litvanya\/konsolosluklar\/"},{"@type":"ListItem","position":3,"name":"Litvanya Edirne Fahri Konsoloslu\u011fu"}]},{"@type":"WebSite","@id":"https:\/\/www.myvize.com.tr\/litvanya\/#website","url":"https:\/\/www.myvize.com.tr\/litvanya\/","name":"Litvanya Vizesi","description":"","potentialAction":[{"@type":"SearchAction","target":{"@type":"EntryPoint","urlTemplate":"https:\/\/www.myvize.com.tr\/litvanya\/?s={search_term_string}"},"query-input":{"@type":"PropertyValueSpecification","valueRequired":true,"valueName":"search_term_string"}}],"inLanguage":"tr"}]}},"_links":{"self":[{"href":"https:\/\/www.myvize.com.tr\/litvanya\/wp-json\/wp\/v2\/pages\/86","targetHints":{"allow":["GET"]}}],"collection":[{"href":"https:\/\/www.myvize.com.tr\/litvanya\/wp-json\/wp\/v2\/pages"}],"about":[{"href":"https:\/\/www.myvize.com.tr\/litvanya\/wp-json\/wp\/v2\/types\/page"}],"author":[{"embeddable":true,"href":"https:\/\/www.myvize.com.tr\/litvanya\/wp-json\/wp\/v2\/users\/1"}],"replies":[{"embeddable":true,"href":"https:\/\/www.myvize.com.tr\/litvanya\/wp-json\/wp\/v2\/comments?post=86"}],"version-history":[{"count":5,"href":"https:\/\/www.myvize.com.tr\/litvanya\/wp-json\/wp\/v2\/pages\/86\/revisions"}],"predecessor-version":[{"id":853,"href":"https:\/\/www.myvize.com.tr\/litvanya\/wp-json\/wp\/v2\/pages\/86\/revisions\/853"}],"up":[{"embeddable":true,"href":"https:\/\/www.myvize.com.tr\/litvanya\/wp-json\/wp\/v2\/pages\/69"}],"wp:attachment":[{"href":"https:\/\/www.myvize.com.tr\/litvanya\/wp-json\/wp\/v2\/media?parent=86"}],"curies":[{"name":"wp","href":"https:\/\/api.w.org\/{rel}","templated":true}]}}