{"id":179,"date":"2020-12-28T14:43:13","date_gmt":"2020-12-28T11:43:13","guid":{"rendered":"https:\/\/www.myvize.com.tr\/macaristan\/?page_id=179"},"modified":"2022-04-22T13:53:11","modified_gmt":"2022-04-22T10:53:11","slug":"erasmus-vizesi","status":"publish","type":"page","link":"https:\/\/www.myvize.com.tr\/macaristan\/oturum-2\/erasmus-vizesi\/","title":{"rendered":"Macaristan Erasmus Vizesi"},"content":{"rendered":"<p><span style=\"font-family: Roboto;\"><\/span><\/p>\r\n<h2 class=\"wp-block-heading\" style=\"font-size: 27px;\"><strong><span style=\"font-family: Roboto; font-size: 27px;\">Macaristan Erasmus Vizesi Hakk\u0131nda<\/span><\/strong><\/h2>\r\n<p><span style=\"font-family: Roboto; font-size: 14px;\">\r\n\r\n<\/span><\/p>\r\n<p style=\"font-size: 14px;\"><span style=\"font-family: Roboto; font-size: 14px;\">T\u00fcrkiye Cumhuriyeti \u00f6\u011frencilerinin en fazla tercih etti\u011fi Erasmus \u00fclkelerinden bir tanesi de Macaristan&#8217;d\u0131r. Macaristan\u2019\u0131n \u00f6\u011frencilere sunmu\u015f olduklar\u0131 uygun fiyata ya\u015fayabilme imkan\u0131ndan dolay\u0131 olduk\u00e7a fazla tercih edilmektedir. Ayn\u0131 zamanda Budape\u015fte ba\u015fta olmak \u00fczere Macaristan\u2019\u0131n her ilinin ayr\u0131 ayr\u0131 k\u00fclt\u00fcrel ve tarihi g\u00fczelliklerinin bulunmas\u0131, e\u011flence imkanlar\u0131n\u0131n fazla olmas\u0131 ve e\u011fitim dilinin \u0130ngilizce olmas\u0131 tercih edilmesini sa\u011flar.<\/span><\/p>\r\n<p><span style=\"font-family: Roboto; font-size: 14px;\">\r\n\r\n<\/span><\/p>\r\n<p style=\"font-size: 14px;\"><span style=\"font-family: Roboto; font-size: 14px;\"><span style=\"color: #2acec2;\"><a style=\"color: #2acec2;\" href=\"https:\/\/www.myvize.com.tr\/macaristan\/\" target=\"_blank\" rel=\"noopener\"><strong>Macaristan<\/strong><\/a><\/span> T\u00fcrk vatanda\u015flar\u0131ndan \u00fclkelerine giri\u015f sa\u011flarlarken vize istemektedir.\u00a0<strong>Macaristan vizesi<\/strong>\u00a0almadan Macaristan\u2019a seyahat etmeniz imkans\u0131zd\u0131r. <strong><a href=\"https:\/\/www.myvize.com.tr\/macaristan\/vize-islemleri\/macaristan-vizesi\/\" target=\"_blank\" rel=\"noreferrer noopener\"><span class=\"has-inline-color\" style=\"color: #2acec2;\">Macaristan vizesi<\/span><\/a><\/strong> i\u015flemleri i\u00e7in Konsoloslu\u011fa ba\u015fvuru yapman\u0131z gerekmektedir. Konsolosluk taraf\u0131ndan incelen ba\u015fvuru belgelerinizde herhangi bir problem \u00e7\u0131kmazsa\u00a0<strong>Macaristan vize<\/strong>\u00a0ba\u015fvurunuz olumlu bir \u015fekilde sonu\u00e7lanmaktad\u0131r.<\/span><\/p>\r\n<p><span style=\"font-family: Roboto; font-size: 14px;\">\r\n\r\n<\/span><\/p>\r\n<p style=\"font-size: 14px;\"><span style=\"font-family: Roboto; font-size: 14px;\"><strong>Macaristan vize ba\u015fvurusu<\/strong> yaparken dikkat etmeniz gereken en \u00f6nemli noktalardan bir tanesi seyahat amac\u0131n\u0131z\u0131 bildirmenizdir. E\u011fitim ama\u00e7l\u0131 bir \u015fekilde Macaristan\u2019\u0131 ziyaret etmek istedi\u011finizi ba\u015fvurunuzda belirtmeniz gerekir. Ba\u015fvuru evraklar\u0131n\u0131z ona g\u00f6re tamamlayabilirsiniz ve konsoloslu\u011fa teslim edebilirsiniz.\u00a0<strong>Macaristan vize i\u015flemleri<\/strong>\u00a0ortalama olarak 25 g\u00fcn i\u00e7erisinde sonu\u00e7lanmaktad\u0131r.<\/span><\/p>\r\n<p><span style=\"font-family: Roboto; font-size: 14px;\">\r\n\r\n<\/span><span class=\"is-layout-flow wp-block-quote-is-layout-flow\" style=\"font-family: Roboto; font-size: 14px;\">\r\n\r\n<\/span><\/p>\r\n<p style=\"font-size: 14px;\"><span style=\"font-family: Roboto; font-size: 14px;\"><strong>Macaristan e\u011fitim<\/strong> konusunda d\u00fcnya \u00fcniversitelerinin aralar\u0131nda ilk 1000 de yer almaktad\u0131r. \u0130yi bir e\u011fitim almak isteyen ve ayn\u0131 zamanda uygun fiyatl\u0131 bir ya\u015fam s\u00fcrmek isteyen bireyler i\u00e7in olduk\u00e7a iyi bir \u00fclkedir. <strong>Macaristan\u2019da Erasmus e\u011fitimi <\/strong>al\u0131rken ayn\u0131 zamanda tarihi mekanlar\u0131n\u0131 ziyaret ederek k\u00fclt\u00fcrel a\u00e7\u0131dan genel k\u00fclt\u00fcr\u00fcn\u00fcz\u00fc geli\u015ftirebilirsiniz. E\u011fitim alarak olduk\u00e7a fazla e\u011flenebilir ve dilinizi olduk\u00e7a iyi geli\u015ftirebilirsiniz. D\u00fcnyan\u0131n her yerinden \u00f6\u011frenci kabul eden Macaristan\u2019\u0131n e\u011fitim dili \u0130ngilizcedir.<\/span><\/p>\r\n<h2><span style=\"font-family: Roboto; font-size: 27px;\">Macaristan Erasmus Vizesi 2022<\/span><\/h2>\r\n<p><span style=\"font-family: Roboto; font-size: 14px;\">Avrupa Birli\u011finin ekonomik ili\u015fkisi olan \u00fclkeler ile ba\u015flatt\u0131\u011f\u0131 program olan Erasmus\u2019a, \u00fcniversitelerin not ortalamas\u0131 y\u00fcksek \u00f6\u011frencilerin kat\u0131l\u0131m\u0131yla \u00f6\u011frenciler de\u011fi\u015ftirilir. Vize i\u015flemlerinin ard\u0131ndan orada oturma izni alabilirler. G\u00fcncel ve eksiksiz evraklar ile Macaristan konsoloslu\u011funa ba\u015fvuruda bulunulmal\u0131d\u0131r. Ba\u015fvuruda kullan\u0131lan Macaristan davet mektubunun orijinali olmas\u0131 \u00e7ok \u00f6nemlidir. Vize onaylan\u0131rsa ba\u015fvurudan 7-10 g\u00fcn aras\u0131nda \u00e7\u0131kar. \u00c7e\u015fitli nedenlerden dolay\u0131 bu s\u00fcre uzayabilir. <strong>Macaristan vizesi<\/strong> Schengen b\u00f6lgesinde oldu\u011fundan <strong>Schengen vizesi<\/strong> ba\u015fvurusu yap\u0131lmaktad\u0131r. Maceristan erasmus ba\u015fvurusu yapmak i\u00e7in baz\u0131 \u015fart ve ko\u015fullar yerine getirilmelidir.<\/span><\/p>\r\n<h2><span style=\"font-family: Roboto; font-size: 27px;\">Macaristan Erasmus Vizesi Nas\u0131l Al\u0131n\u0131r?<\/span><\/h2>\r\n<p><span style=\"font-family: Roboto; font-size: 14px;\">A\u015fa\u011f\u0131daki belgeler ile Macaristan Konsoloslu\u011funa ba\u015fvuran ki\u015fi, \u00fcniversitelerin di\u011fer \u00fclkelerdeki \u00f6\u011frencileri se\u00e7erken Avrupa Birli\u011fi E\u011fitim ve Gen\u00e7lik Program\u0131 Merkezinin kriterlerine g\u00f6re belirledi\u011fini bilmesi gerekir. \u00dcniversite not ortalamas\u0131 ba\u015fvurunun onaylanmas\u0131nda etkilidir. Gitmek istedi\u011fi okul ile bulundu\u011fu okulun Erasmus projesi kapsam\u0131nda olmas\u0131 gerekir. 3 ile 12 ay aras\u0131 ge\u00e7erli vize verilir. Bitmesi dahilinde Macaristan ve T\u00fcrkiye yetkilileri ile g\u00f6r\u00fc\u015f\u00fclerek uzat\u0131labilir.<\/span><\/p>\r\n<h2><span style=\"font-family: Roboto; font-size: 27px;\">Macaristan Erasmus Vizesi \u0130\u00e7in Gerekli Evrak Listesi<\/span><\/h2>\r\n<p><span style=\"font-family: Roboto; font-size: 14px;\"><strong>Macaristan Erasmus vizesi<\/strong> almak istiyorsan\u0131z, baz\u0131 belge ve evraklara sahip olman\u0131z gerekir.<strong> Macaristan Erasmus vizesi<\/strong> i\u00e7in gerekli olan evraklar \u015fu \u015fekilde s\u0131ralanabilir.<\/span><\/p>\r\n<ul>\r\n<li><span style=\"font-family: Roboto; font-size: 14px;\">Son 10 y\u0131l i\u00e7erisinde \u00e7\u0131kart\u0131lm\u0131\u015f en az 3 ay ge\u00e7erlili\u011fi olan pasaport<\/span><\/li>\r\n<li><span style=\"font-family: Roboto; font-size: 14px;\">\u0130kamet izni (oturma)<span style=\"color: #2acec2;\"><strong><a style=\"color: #2acec2;\" href=\"https:\/\/www.myvize.com.tr\/macaristan\/form-ve-dilekce\/vize-basvuru-formu\/\" target=\"_blank\" rel=\"noopener\"> vize ba\u015fvuru formu<\/a><\/strong><\/span><\/span><\/li>\r\n<li><span style=\"font-family: Roboto; font-size: 14px;\">Macaristan\u2019da bulunan okuldan kabul mektubu<\/span><\/li>\r\n<li><span style=\"font-family: Roboto; font-size: 14px;\">Tam vukuatl\u0131 n\u00fcfus kay\u0131t \u00f6rne\u011fi ve n\u00fcfus c\u00fczdan\u0131 belgesi<\/span><\/li>\r\n<li><span style=\"font-family: Roboto; font-size: 14px;\">30.000 Euro teminatl\u0131 sa\u011fl\u0131k sigortas\u0131<\/span><\/li>\r\n<li><span style=\"font-family: Roboto; font-size: 14px;\">T\u00fcrkiye\u2019deki \u00fcniversiteden al\u0131nm\u0131\u015f yaz\u0131<\/span><\/li>\r\n<li><span style=\"font-family: Roboto; font-size: 14px;\">Noter tasdikli taahh\u00fctname<\/span><\/li>\r\n<li><span style=\"font-family: Roboto; font-size: 14px;\">Sponsor evraklar\u0131<\/span><\/li>\r\n<li><span style=\"font-family: Roboto; font-size: 14px;\">E\u011fitim program\u0131 sertifikas\u0131<\/span><\/li>\r\n<li><span style=\"font-family: Roboto; font-size: 14px;\">U\u00e7ak bileti sertifikas\u0131<\/span><\/li>\r\n<li><span style=\"font-family: Roboto; font-size: 14px;\">Kurumca d\u00fczenlenen e\u011fitim bursunu tasdikleyen belgeler<\/span><\/li>\r\n<li><span style=\"font-family: Roboto; font-size: 14px;\">E\u011fitim program\u0131 sertifikas\u0131<\/span><\/li>\r\n<\/ul>\r\n<p><span style=\"font-family: Roboto; font-size: 14px;\">Bu belge ve evraklar\u0131n eksik olmas\u0131 durumunda <strong>Macaristan Erasmus vizesi<\/strong> alamazs\u0131n\u0131z. Bu nedenle evraklar\u0131n tam olmas\u0131na dikkat etmeniz gerekir.<\/span><\/p>\r\n<p><span style=\"font-family: Roboto;\"><\/span><\/p>","protected":false},"excerpt":{"rendered":"<p>Macaristan Erasmus Vizesi Hakk\u0131nda T\u00fcrkiye Cumhuriyeti \u00f6\u011frencilerinin en fazla tercih etti\u011fi Erasmus \u00fclkelerinden bir tanesi de Macaristan&#8217;d\u0131r. Macaristan\u2019\u0131n \u00f6\u011frencilere sunmu\u015f olduklar\u0131 uygun fiyata ya\u015fayabilme imkan\u0131ndan dolay\u0131 olduk\u00e7a fazla tercih edilmektedir. Ayn\u0131 zamanda Budape\u015fte ba\u015fta olmak \u00fczere Macaristan\u2019\u0131n her ilinin ayr\u0131 ayr\u0131 k\u00fclt\u00fcrel ve tarihi g\u00fczelliklerinin bulunmas\u0131, e\u011flence imkanlar\u0131n\u0131n fazla olmas\u0131 ve e\u011fitim dilinin \u0130ngilizce olmas\u0131<\/p>\n","protected":false},"author":1,"featured_media":0,"parent":161,"menu_order":0,"comment_status":"open","ping_status":"closed","template":"","meta":{"footnotes":""},"class_list":["post-179","page","type-page","status-publish","hentry"],"yoast_head":"<!-- This site is optimized with the Yoast SEO plugin v24.0 - https:\/\/yoast.com\/wordpress\/plugins\/seo\/ -->\n<title>Macaristan Erasmus Vizesi - Macaristan Vize - MyVize<\/title>\n<meta name=\"description\" content=\"Macaristan erasmus vizesi i\u00e7in gerekli \u015fartlar ve g\u00fcncel evrak listesi. Kabul mektubu \u00f6rne\u011fi ve g\u00f6rsel anlat\u0131m.\" \/>\n<meta name=\"robots\" content=\"index, follow, max-snippet:-1, max-image-preview:large, max-video-preview:-1\" \/>\n<link rel=\"canonical\" href=\"https:\/\/www.myvize.com.tr\/macaristan\/oturum-2\/erasmus-vizesi\/\" \/>\n<meta property=\"og:locale\" content=\"tr_TR\" \/>\n<meta property=\"og:type\" content=\"article\" \/>\n<meta property=\"og:title\" content=\"Macaristan Erasmus Vizesi - Macaristan Vize - MyVize\" \/>\n<meta property=\"og:description\" content=\"Macaristan erasmus vizesi i\u00e7in gerekli \u015fartlar ve g\u00fcncel evrak listesi. Kabul mektubu \u00f6rne\u011fi ve g\u00f6rsel anlat\u0131m.\" \/>\n<meta property=\"og:url\" content=\"https:\/\/www.myvize.com.tr\/macaristan\/oturum-2\/erasmus-vizesi\/\" \/>\n<meta property=\"og:site_name\" content=\"Macaristan Vizesi\" \/>\n<meta property=\"article:modified_time\" content=\"2022-04-22T10:53:11+00:00\" \/>\n<meta name=\"twitter:card\" content=\"summary_large_image\" \/>\n<meta name=\"twitter:label1\" content=\"Tahmini okuma s\u00fcresi\" \/>\n\t<meta name=\"twitter:data1\" content=\"3 dakika\" \/>\n<script type=\"application\/ld+json\" class=\"yoast-schema-graph\">{\"@context\":\"https:\/\/schema.org\",\"@graph\":[{\"@type\":\"WebPage\",\"@id\":\"https:\/\/www.myvize.com.tr\/macaristan\/oturum-2\/erasmus-vizesi\/\",\"url\":\"https:\/\/www.myvize.com.tr\/macaristan\/oturum-2\/erasmus-vizesi\/\",\"name\":\"Macaristan Erasmus Vizesi - Macaristan Vize - MyVize\",\"isPartOf\":{\"@id\":\"https:\/\/www.myvize.com.tr\/macaristan\/#website\"},\"datePublished\":\"2020-12-28T11:43:13+00:00\",\"dateModified\":\"2022-04-22T10:53:11+00:00\",\"description\":\"Macaristan erasmus vizesi i\u00e7in gerekli \u015fartlar ve g\u00fcncel evrak listesi. Kabul mektubu \u00f6rne\u011fi ve g\u00f6rsel anlat\u0131m.\",\"breadcrumb\":{\"@id\":\"https:\/\/www.myvize.com.tr\/macaristan\/oturum-2\/erasmus-vizesi\/#breadcrumb\"},\"inLanguage\":\"tr\",\"potentialAction\":[{\"@type\":\"ReadAction\",\"target\":[\"https:\/\/www.myvize.com.tr\/macaristan\/oturum-2\/erasmus-vizesi\/\"]}]},{\"@type\":\"BreadcrumbList\",\"@id\":\"https:\/\/www.myvize.com.tr\/macaristan\/oturum-2\/erasmus-vizesi\/#breadcrumb\",\"itemListElement\":[{\"@type\":\"ListItem\",\"position\":1,\"name\":\"Anasayfa\",\"item\":\"https:\/\/www.myvize.com.tr\/macaristan\/\"},{\"@type\":\"ListItem\",\"position\":2,\"name\":\"OTURUM\",\"item\":\"https:\/\/www.myvize.com.tr\/macaristan\/oturum-2\/\"},{\"@type\":\"ListItem\",\"position\":3,\"name\":\"Macaristan Erasmus Vizesi\"}]},{\"@type\":\"WebSite\",\"@id\":\"https:\/\/www.myvize.com.tr\/macaristan\/#website\",\"url\":\"https:\/\/www.myvize.com.tr\/macaristan\/\",\"name\":\"Macaristan Vizesi\",\"description\":\"\",\"potentialAction\":[{\"@type\":\"SearchAction\",\"target\":{\"@type\":\"EntryPoint\",\"urlTemplate\":\"https:\/\/www.myvize.com.tr\/macaristan\/?s={search_term_string}\"},\"query-input\":{\"@type\":\"PropertyValueSpecification\",\"valueRequired\":true,\"valueName\":\"search_term_string\"}}],\"inLanguage\":\"tr\"}]}<\/script>\n<!-- \/ Yoast SEO plugin. -->","yoast_head_json":{"title":"Macaristan Erasmus Vizesi - Macaristan Vize - MyVize","description":"Macaristan erasmus vizesi i\u00e7in gerekli \u015fartlar ve g\u00fcncel evrak listesi. Kabul mektubu \u00f6rne\u011fi ve g\u00f6rsel anlat\u0131m.","robots":{"index":"index","follow":"follow","max-snippet":"max-snippet:-1","max-image-preview":"max-image-preview:large","max-video-preview":"max-video-preview:-1"},"canonical":"https:\/\/www.myvize.com.tr\/macaristan\/oturum-2\/erasmus-vizesi\/","og_locale":"tr_TR","og_type":"article","og_title":"Macaristan Erasmus Vizesi - Macaristan Vize - MyVize","og_description":"Macaristan erasmus vizesi i\u00e7in gerekli \u015fartlar ve g\u00fcncel evrak listesi. Kabul mektubu \u00f6rne\u011fi ve g\u00f6rsel anlat\u0131m.","og_url":"https:\/\/www.myvize.com.tr\/macaristan\/oturum-2\/erasmus-vizesi\/","og_site_name":"Macaristan Vizesi","article_modified_time":"2022-04-22T10:53:11+00:00","twitter_card":"summary_large_image","twitter_misc":{"Tahmini okuma s\u00fcresi":"3 dakika"},"schema":{"@context":"https:\/\/schema.org","@graph":[{"@type":"WebPage","@id":"https:\/\/www.myvize.com.tr\/macaristan\/oturum-2\/erasmus-vizesi\/","url":"https:\/\/www.myvize.com.tr\/macaristan\/oturum-2\/erasmus-vizesi\/","name":"Macaristan Erasmus Vizesi - Macaristan Vize - MyVize","isPartOf":{"@id":"https:\/\/www.myvize.com.tr\/macaristan\/#website"},"datePublished":"2020-12-28T11:43:13+00:00","dateModified":"2022-04-22T10:53:11+00:00","description":"Macaristan erasmus vizesi i\u00e7in gerekli \u015fartlar ve g\u00fcncel evrak listesi. Kabul mektubu \u00f6rne\u011fi ve g\u00f6rsel anlat\u0131m.","breadcrumb":{"@id":"https:\/\/www.myvize.com.tr\/macaristan\/oturum-2\/erasmus-vizesi\/#breadcrumb"},"inLanguage":"tr","potentialAction":[{"@type":"ReadAction","target":["https:\/\/www.myvize.com.tr\/macaristan\/oturum-2\/erasmus-vizesi\/"]}]},{"@type":"BreadcrumbList","@id":"https:\/\/www.myvize.com.tr\/macaristan\/oturum-2\/erasmus-vizesi\/#breadcrumb","itemListElement":[{"@type":"ListItem","position":1,"name":"Anasayfa","item":"https:\/\/www.myvize.com.tr\/macaristan\/"},{"@type":"ListItem","position":2,"name":"OTURUM","item":"https:\/\/www.myvize.com.tr\/macaristan\/oturum-2\/"},{"@type":"ListItem","position":3,"name":"Macaristan Erasmus Vizesi"}]},{"@type":"WebSite","@id":"https:\/\/www.myvize.com.tr\/macaristan\/#website","url":"https:\/\/www.myvize.com.tr\/macaristan\/","name":"Macaristan Vizesi","description":"","potentialAction":[{"@type":"SearchAction","target":{"@type":"EntryPoint","urlTemplate":"https:\/\/www.myvize.com.tr\/macaristan\/?s={search_term_string}"},"query-input":{"@type":"PropertyValueSpecification","valueRequired":true,"valueName":"search_term_string"}}],"inLanguage":"tr"}]}},"_links":{"self":[{"href":"https:\/\/www.myvize.com.tr\/macaristan\/wp-json\/wp\/v2\/pages\/179","targetHints":{"allow":["GET"]}}],"collection":[{"href":"https:\/\/www.myvize.com.tr\/macaristan\/wp-json\/wp\/v2\/pages"}],"about":[{"href":"https:\/\/www.myvize.com.tr\/macaristan\/wp-json\/wp\/v2\/types\/page"}],"author":[{"embeddable":true,"href":"https:\/\/www.myvize.com.tr\/macaristan\/wp-json\/wp\/v2\/users\/1"}],"replies":[{"embeddable":true,"href":"https:\/\/www.myvize.com.tr\/macaristan\/wp-json\/wp\/v2\/comments?post=179"}],"version-history":[{"count":6,"href":"https:\/\/www.myvize.com.tr\/macaristan\/wp-json\/wp\/v2\/pages\/179\/revisions"}],"predecessor-version":[{"id":852,"href":"https:\/\/www.myvize.com.tr\/macaristan\/wp-json\/wp\/v2\/pages\/179\/revisions\/852"}],"up":[{"embeddable":true,"href":"https:\/\/www.myvize.com.tr\/macaristan\/wp-json\/wp\/v2\/pages\/161"}],"wp:attachment":[{"href":"https:\/\/www.myvize.com.tr\/macaristan\/wp-json\/wp\/v2\/media?parent=179"}],"curies":[{"name":"wp","href":"https:\/\/api.w.org\/{rel}","templated":true}]}}