{"id":183,"date":"2020-12-28T14:43:47","date_gmt":"2020-12-28T11:43:47","guid":{"rendered":"https:\/\/www.myvize.com.tr\/macaristan\/?page_id=183"},"modified":"2022-08-25T14:09:17","modified_gmt":"2022-08-25T11:09:17","slug":"calisma-vizesi","status":"publish","type":"page","link":"https:\/\/www.myvize.com.tr\/macaristan\/oturum-2\/calisma-vizesi\/","title":{"rendered":"Macaristan \u00c7al\u0131\u015fma Vizesi"},"content":{"rendered":"<p><span style=\"font-family: Roboto;\"><\/span><\/p>\r\n<h2 class=\"wp-block-heading\" style=\"font-size: 27px;\"><span style=\"font-family: Roboto;\">Macaristan \u00c7al\u0131\u015fma Vizesi Hakk\u0131nda<\/span><\/h2>\r\n<p><span style=\"font-family: Roboto;\">\r\n\r\n<\/span><\/p>\r\n<p style=\"font-size: 14px;\"><span style=\"font-family: Roboto;\">Macaristan \u00fclkesinde \u00e7al\u0131\u015fmay\u0131 d\u00fc\u015f\u00fcn\u00fcyorsan\u0131z bunun i\u00e7in \u00f6ncelikle yapman\u0131z gereken yasal i\u015flemler bulunmaktad\u0131r. Macaristan Schengen&#8217;e \u00fcye bir \u00fclke oldu\u011fu i\u00e7in \u00f6ncelikle\u00a0<a href=\"https:\/\/www.myvize.com.tr\/macaristan\/vize-islemleri\/macaristan-vizesi\/\" target=\"_blank\" rel=\"noreferrer noopener\"><span class=\"has-inline-color\" style=\"color: #2acec2;\"><strong>Macaristan vizesi<\/strong>\u00a0<\/span><\/a>almak zorundas\u0131n\u0131z. Macaristan\u2019da \u00e7al\u0131\u015fmak i\u00e7in uzun s\u00fcreli olarak Macaristan\u2019da kalman\u0131z gereklidir ve bunun i\u00e7in Macaristan\u2019da oturma izni almal\u0131s\u0131n\u0131z.<\/span><\/p>\r\n<p><span style=\"font-family: Roboto;\">\r\n\r\n<\/span><\/p>\r\n<p style=\"font-size: 14px;\"><span style=\"font-family: Roboto;\"><strong>Macaristan vize i\u015flemleri\u00a0<\/strong>belirtmi\u015f oldu\u011funuz Macaristan seyahat amac\u0131na g\u00f6re y\u00fcr\u00fct\u00fclmektedir. Macaristan\u2019da hangi kurum ve kuru\u015fta, \u015firkette \u00e7al\u0131\u015faca\u011f\u0131n\u0131z\u0131 kesinlikle bildirmelisiniz. Oturma iznine g\u00f6\u00e7menlik ve vatanda\u015fl\u0131k kurumu bakmaktad\u0131r. Buradan olumlu bir sonu\u00e7 al\u0131nd\u0131\u011f\u0131 zaman konsolosluk taraf\u0131ndan inceleme ba\u015flat\u0131l\u0131r. Bu incelemede kesinlikle hangi i\u015fle u\u011fra\u015faca\u011f\u0131n\u0131z ve nerede \u00e7al\u0131\u015faca\u011f\u0131n\u0131z\u0131n bilgisini vermelisiniz.<\/span><\/p>\r\n<p><span style=\"font-family: Roboto;\">\r\n\r\n<\/span><\/p>\r\n<p style=\"font-size: 14px;\"><span style=\"font-family: Roboto;\"><strong>Macaristan \u00e7al\u0131\u015fma vize<\/strong> s\u00fcresi \u00e7al\u0131\u015faca\u011f\u0131n\u0131z alana g\u00f6re de\u011fi\u015fiklik g\u00f6stermektedir. Buna g\u00f6re haz\u0131rlayaca\u011f\u0131n\u0131z belgelerde \u00e7al\u0131\u015fma ile ilgili belgelerinizi eksiksiz ve tam bir \u015fekilde tamamlaman\u0131z sizin yarar\u0131n\u0131za olacakt\u0131r.\u00a0<strong>Macaristan vize<\/strong>\u00a0ba\u015fvurular\u0131n\u0131 profesyonel ve bu s\u00fcreci iyi bir \u015fekilde y\u00f6netecek olan ki\u015filerle \u00e7al\u0131\u015fman\u0131z vize al\u0131m s\u00fcrecinizi k\u0131salt\u0131r ve i\u015flemlerinizin h\u0131zl\u0131 bir \u015fekilde ilerlemesini sa\u011flar.<\/span><\/p>\r\n<p><span style=\"font-family: Roboto;\">\r\n\r\n<\/span><\/p>\r\n<p style=\"font-size: 14px;\"><span style=\"font-family: Roboto;\">Macaristan \u00e7al\u0131\u015fma vizesinin prosed\u00fcr\u00fc olduk\u00e7a kar\u0131\u015f\u0131kt\u0131r ve dikkatli bir \u015fekilde haz\u0131rlanmas\u0131 gerekir. E\u011fer eksik ya da yanl\u0131\u015f bir belge ile ba\u015fvuru yaparsan\u0131z ba\u015fvuru s\u00fcreciniz olumlu bir \u015fekilde sonu\u00e7lanmaz. Profesyonel bir ekip ile \u00e7al\u0131\u015fmak i\u015fte bunun i\u00e7in olduk\u00e7a \u00f6nemlidir. \u00c7\u00fcnk\u00fc bu alanda bir tecr\u00fcbeye sahiptirler ve bu tecr\u00fcbe ile s\u00fcrecin i\u015fleyi\u015fini tahmin edebilirler. Sizin tek yapman\u0131z gereken ba\u015fvuru i\u015flemleri i\u00e7in laz\u0131m olan t\u00fcm belgeleri zaman\u0131nda haz\u0131rlaman\u0131z gerekir.<\/span><\/p>\r\n<p><span style=\"font-family: Roboto;\"><\/span><\/p>","protected":false},"excerpt":{"rendered":"<p>Macaristan \u00c7al\u0131\u015fma Vizesi Hakk\u0131nda Macaristan \u00fclkesinde \u00e7al\u0131\u015fmay\u0131 d\u00fc\u015f\u00fcn\u00fcyorsan\u0131z bunun i\u00e7in \u00f6ncelikle yapman\u0131z gereken yasal i\u015flemler bulunmaktad\u0131r. Macaristan Schengen&#8217;e \u00fcye bir \u00fclke oldu\u011fu i\u00e7in \u00f6ncelikle\u00a0Macaristan vizesi\u00a0almak zorundas\u0131n\u0131z. Macaristan\u2019da \u00e7al\u0131\u015fmak i\u00e7in uzun s\u00fcreli olarak Macaristan\u2019da kalman\u0131z gereklidir ve bunun i\u00e7in Macaristan\u2019da oturma izni almal\u0131s\u0131n\u0131z. Macaristan vize i\u015flemleri\u00a0belirtmi\u015f oldu\u011funuz Macaristan seyahat amac\u0131na g\u00f6re y\u00fcr\u00fct\u00fclmektedir. Macaristan\u2019da hangi kurum ve<\/p>\n","protected":false},"author":1,"featured_media":0,"parent":161,"menu_order":0,"comment_status":"open","ping_status":"closed","template":"","meta":{"footnotes":""},"class_list":["post-183","page","type-page","status-publish","hentry"],"yoast_head":"<!-- This site is optimized with the Yoast SEO plugin v24.0 - https:\/\/yoast.com\/wordpress\/plugins\/seo\/ -->\n<title>Macaristan \u00c7al\u0131\u015fma Vizesi - \u00c7al\u0131\u015fma \u0130zni - MyVize<\/title>\n<meta name=\"description\" content=\"Macaristan \u00e7al\u0131\u015fma vizesi evraklar\u0131nda olmas\u0131 gereken belgeler. Macaristan \u00e7al\u0131\u015fma vizesi gerekli \u015fartlar nelerdir?\" \/>\n<meta name=\"robots\" content=\"index, follow, max-snippet:-1, max-image-preview:large, max-video-preview:-1\" \/>\n<link rel=\"canonical\" href=\"https:\/\/www.myvize.com.tr\/macaristan\/oturum-2\/calisma-vizesi\/\" \/>\n<meta property=\"og:locale\" content=\"tr_TR\" \/>\n<meta property=\"og:type\" content=\"article\" \/>\n<meta property=\"og:title\" content=\"Macaristan \u00c7al\u0131\u015fma Vizesi - \u00c7al\u0131\u015fma \u0130zni - MyVize\" \/>\n<meta property=\"og:description\" content=\"Macaristan \u00e7al\u0131\u015fma vizesi evraklar\u0131nda olmas\u0131 gereken belgeler. Macaristan \u00e7al\u0131\u015fma vizesi gerekli \u015fartlar nelerdir?\" \/>\n<meta property=\"og:url\" content=\"https:\/\/www.myvize.com.tr\/macaristan\/oturum-2\/calisma-vizesi\/\" \/>\n<meta property=\"og:site_name\" content=\"Macaristan Vizesi\" \/>\n<meta property=\"article:modified_time\" content=\"2022-08-25T11:09:17+00:00\" \/>\n<meta name=\"twitter:card\" content=\"summary_large_image\" \/>\n<meta name=\"twitter:label1\" content=\"Tahmini okuma s\u00fcresi\" \/>\n\t<meta name=\"twitter:data1\" content=\"1 dakika\" \/>\n<script type=\"application\/ld+json\" class=\"yoast-schema-graph\">{\"@context\":\"https:\/\/schema.org\",\"@graph\":[{\"@type\":\"WebPage\",\"@id\":\"https:\/\/www.myvize.com.tr\/macaristan\/oturum-2\/calisma-vizesi\/\",\"url\":\"https:\/\/www.myvize.com.tr\/macaristan\/oturum-2\/calisma-vizesi\/\",\"name\":\"Macaristan \u00c7al\u0131\u015fma Vizesi - \u00c7al\u0131\u015fma \u0130zni - MyVize\",\"isPartOf\":{\"@id\":\"https:\/\/www.myvize.com.tr\/macaristan\/#website\"},\"datePublished\":\"2020-12-28T11:43:47+00:00\",\"dateModified\":\"2022-08-25T11:09:17+00:00\",\"description\":\"Macaristan \u00e7al\u0131\u015fma vizesi evraklar\u0131nda olmas\u0131 gereken belgeler. Macaristan \u00e7al\u0131\u015fma vizesi gerekli \u015fartlar nelerdir?\",\"breadcrumb\":{\"@id\":\"https:\/\/www.myvize.com.tr\/macaristan\/oturum-2\/calisma-vizesi\/#breadcrumb\"},\"inLanguage\":\"tr\",\"potentialAction\":[{\"@type\":\"ReadAction\",\"target\":[\"https:\/\/www.myvize.com.tr\/macaristan\/oturum-2\/calisma-vizesi\/\"]}]},{\"@type\":\"BreadcrumbList\",\"@id\":\"https:\/\/www.myvize.com.tr\/macaristan\/oturum-2\/calisma-vizesi\/#breadcrumb\",\"itemListElement\":[{\"@type\":\"ListItem\",\"position\":1,\"name\":\"Anasayfa\",\"item\":\"https:\/\/www.myvize.com.tr\/macaristan\/\"},{\"@type\":\"ListItem\",\"position\":2,\"name\":\"OTURUM\",\"item\":\"https:\/\/www.myvize.com.tr\/macaristan\/oturum-2\/\"},{\"@type\":\"ListItem\",\"position\":3,\"name\":\"Macaristan \u00c7al\u0131\u015fma Vizesi\"}]},{\"@type\":\"WebSite\",\"@id\":\"https:\/\/www.myvize.com.tr\/macaristan\/#website\",\"url\":\"https:\/\/www.myvize.com.tr\/macaristan\/\",\"name\":\"Macaristan Vizesi\",\"description\":\"\",\"potentialAction\":[{\"@type\":\"SearchAction\",\"target\":{\"@type\":\"EntryPoint\",\"urlTemplate\":\"https:\/\/www.myvize.com.tr\/macaristan\/?s={search_term_string}\"},\"query-input\":{\"@type\":\"PropertyValueSpecification\",\"valueRequired\":true,\"valueName\":\"search_term_string\"}}],\"inLanguage\":\"tr\"}]}<\/script>\n<!-- \/ Yoast SEO plugin. -->","yoast_head_json":{"title":"Macaristan \u00c7al\u0131\u015fma Vizesi - \u00c7al\u0131\u015fma \u0130zni - MyVize","description":"Macaristan \u00e7al\u0131\u015fma vizesi evraklar\u0131nda olmas\u0131 gereken belgeler. Macaristan \u00e7al\u0131\u015fma vizesi gerekli \u015fartlar nelerdir?","robots":{"index":"index","follow":"follow","max-snippet":"max-snippet:-1","max-image-preview":"max-image-preview:large","max-video-preview":"max-video-preview:-1"},"canonical":"https:\/\/www.myvize.com.tr\/macaristan\/oturum-2\/calisma-vizesi\/","og_locale":"tr_TR","og_type":"article","og_title":"Macaristan \u00c7al\u0131\u015fma Vizesi - \u00c7al\u0131\u015fma \u0130zni - MyVize","og_description":"Macaristan \u00e7al\u0131\u015fma vizesi evraklar\u0131nda olmas\u0131 gereken belgeler. Macaristan \u00e7al\u0131\u015fma vizesi gerekli \u015fartlar nelerdir?","og_url":"https:\/\/www.myvize.com.tr\/macaristan\/oturum-2\/calisma-vizesi\/","og_site_name":"Macaristan Vizesi","article_modified_time":"2022-08-25T11:09:17+00:00","twitter_card":"summary_large_image","twitter_misc":{"Tahmini okuma s\u00fcresi":"1 dakika"},"schema":{"@context":"https:\/\/schema.org","@graph":[{"@type":"WebPage","@id":"https:\/\/www.myvize.com.tr\/macaristan\/oturum-2\/calisma-vizesi\/","url":"https:\/\/www.myvize.com.tr\/macaristan\/oturum-2\/calisma-vizesi\/","name":"Macaristan \u00c7al\u0131\u015fma Vizesi - \u00c7al\u0131\u015fma \u0130zni - MyVize","isPartOf":{"@id":"https:\/\/www.myvize.com.tr\/macaristan\/#website"},"datePublished":"2020-12-28T11:43:47+00:00","dateModified":"2022-08-25T11:09:17+00:00","description":"Macaristan \u00e7al\u0131\u015fma vizesi evraklar\u0131nda olmas\u0131 gereken belgeler. Macaristan \u00e7al\u0131\u015fma vizesi gerekli \u015fartlar nelerdir?","breadcrumb":{"@id":"https:\/\/www.myvize.com.tr\/macaristan\/oturum-2\/calisma-vizesi\/#breadcrumb"},"inLanguage":"tr","potentialAction":[{"@type":"ReadAction","target":["https:\/\/www.myvize.com.tr\/macaristan\/oturum-2\/calisma-vizesi\/"]}]},{"@type":"BreadcrumbList","@id":"https:\/\/www.myvize.com.tr\/macaristan\/oturum-2\/calisma-vizesi\/#breadcrumb","itemListElement":[{"@type":"ListItem","position":1,"name":"Anasayfa","item":"https:\/\/www.myvize.com.tr\/macaristan\/"},{"@type":"ListItem","position":2,"name":"OTURUM","item":"https:\/\/www.myvize.com.tr\/macaristan\/oturum-2\/"},{"@type":"ListItem","position":3,"name":"Macaristan \u00c7al\u0131\u015fma Vizesi"}]},{"@type":"WebSite","@id":"https:\/\/www.myvize.com.tr\/macaristan\/#website","url":"https:\/\/www.myvize.com.tr\/macaristan\/","name":"Macaristan Vizesi","description":"","potentialAction":[{"@type":"SearchAction","target":{"@type":"EntryPoint","urlTemplate":"https:\/\/www.myvize.com.tr\/macaristan\/?s={search_term_string}"},"query-input":{"@type":"PropertyValueSpecification","valueRequired":true,"valueName":"search_term_string"}}],"inLanguage":"tr"}]}},"_links":{"self":[{"href":"https:\/\/www.myvize.com.tr\/macaristan\/wp-json\/wp\/v2\/pages\/183","targetHints":{"allow":["GET"]}}],"collection":[{"href":"https:\/\/www.myvize.com.tr\/macaristan\/wp-json\/wp\/v2\/pages"}],"about":[{"href":"https:\/\/www.myvize.com.tr\/macaristan\/wp-json\/wp\/v2\/types\/page"}],"author":[{"embeddable":true,"href":"https:\/\/www.myvize.com.tr\/macaristan\/wp-json\/wp\/v2\/users\/1"}],"replies":[{"embeddable":true,"href":"https:\/\/www.myvize.com.tr\/macaristan\/wp-json\/wp\/v2\/comments?post=183"}],"version-history":[{"count":6,"href":"https:\/\/www.myvize.com.tr\/macaristan\/wp-json\/wp\/v2\/pages\/183\/revisions"}],"predecessor-version":[{"id":925,"href":"https:\/\/www.myvize.com.tr\/macaristan\/wp-json\/wp\/v2\/pages\/183\/revisions\/925"}],"up":[{"embeddable":true,"href":"https:\/\/www.myvize.com.tr\/macaristan\/wp-json\/wp\/v2\/pages\/161"}],"wp:attachment":[{"href":"https:\/\/www.myvize.com.tr\/macaristan\/wp-json\/wp\/v2\/media?parent=183"}],"curies":[{"name":"wp","href":"https:\/\/api.w.org\/{rel}","templated":true}]}}