{"id":199,"date":"2020-12-28T14:46:37","date_gmt":"2020-12-28T11:46:37","guid":{"rendered":"https:\/\/www.myvize.com.tr\/macaristan\/?page_id=199"},"modified":"2022-06-04T12:30:30","modified_gmt":"2022-06-04T09:30:30","slug":"macaristan-vatandaslik-sartlari","status":"publish","type":"page","link":"https:\/\/www.myvize.com.tr\/macaristan\/vatandaslik\/macaristan-vatandaslik-sartlari\/","title":{"rendered":"Macaristan Vatanda\u015fl\u0131k \u015eartlar\u0131"},"content":{"rendered":"<p><span style=\"font-family: Roboto;\"><\/span><\/p>\r\n<h2><span style=\"font-family: Roboto; font-size: 27px;\"><strong>Macaristan Vatanda\u015fl\u0131k Almak<\/strong><\/span><\/h2>\r\n<p><span style=\"font-family: Roboto; font-size: 14px;\">\u00dclkemizde okan insanlar kimi zaman farkl\u0131 \u00fclkelerde ya\u015famak istebiliyor. Bu \u00fclkelerden bir tanesi de Avrup\u2019n\u0131n en g\u00fczel kentlerinden bir tanesi olan dahas\u0131 kendisine ait bir dokusu da mevcut olan Macaristan isimli Orta Avrupa \u00fclkesidir.\u00a0<strong>Macaristan vatanda\u015fl\u0131k almak\u00a0<\/strong>i\u00e7in d\u00fcnyan\u0131n di\u011fer yerlerinde oldu\u011fu gibi bu \u00fclkenin h\u00fck\u00fcmeti taraf\u0131ndan istenen ko\u015fullar\u0131 sa\u011flamak gerekir. Bu \u015fartlar\u0131 sa\u011flayan ki\u015filer Macaristan vatanda\u015f\u0131 olabilir.<strong> Macaristan vatanda\u015f\u0131 olmak<\/strong> i\u00e7in a\u015fa\u011f\u0131da belirtilen evraklar\u0131n haz\u0131rlanmas\u0131 ve ya\u015fan\u0131lan kentte olan sicil memurlu\u011funa yap\u0131lmas\u0131 gerekir. \u00dclkemizde ya\u015fayan ki\u015filer ise Macaristan vatanda\u015f\u0131 olmak i\u00e7in Macaristan Konsoloslu\u011funa giderek \u00a0vatanda\u015fl\u0131k ba\u015fvuru formu doldurarak ba\u015fvuru yapabilirler.\u00a0 \u0130lgili kriterleri ta\u015f\u0131yanlar Macaristan vatanda\u015f\u0131 olabilmektedir.<\/span><\/p>\r\n<h2><strong><span style=\"font-family: Roboto; font-size: 27px;\">Macaristan Vatanda\u015fl\u0131\u011f\u0131 Nas\u0131l Al\u0131n\u0131r?<\/span><\/strong><\/h2>\r\n<p><span style=\"font-family: Roboto; font-size: 14px;\">Macaristan vatanda\u015fl\u0131\u011f\u0131 edinmek isteyenler,\u00a0<strong>Macaristan vatanda\u015fl\u0131\u011f\u0131 nas\u0131l al\u0131n\u0131r<\/strong>\u00a0sorusunun cevab\u0131n\u0131 merak ediyor. E\u011fer ki bu \u00fclkede sekiz sene oturum iznine sahip olarak ikamet ger\u00e7ekle\u015ftirdiyseniz; vatanda\u015fl\u0131k i\u00e7in ba\u015fvuru i\u015flemlerinde bulunman\u0131z m\u00fcmk\u00fcn. Ba\u015fvuru formu ve sizden istenen evraklarla beraber konsoloslu\u011fa ba\u015fvuru yapman\u0131z halinde vatanda\u015fl\u0131k ba\u015fvuru talebiniz i\u015fleme al\u0131nacakt\u0131r. Ba\u015fvuru formlar\u0131n\u0131n yaln\u0131zca Macar dilinde yaz\u0131lm\u0131\u015f olmas\u0131 gerekmektedir. Ba\u015fka dillerde doldurulan ba\u015fvuru formlar\u0131 kabul edilmemektedir.<\/span><\/p>\r\n<p><span style=\"font-family: Roboto; font-size: 14px;\">Macaristan\u2019da do\u011fan yabanc\u0131 ki\u015filer be\u015f senelik oturum izni s\u00fcresinin ard\u0131ndan vatanda\u015fl\u0131\u011fa ba\u015fvurabiliyorlar. Bununla beraber, e\u011fer Macar vatanda\u015f\u0131 ile resmi nikah\u0131n\u0131z var ise \u00fc\u00e7 senelik oturum iznini doldurduktan sonra bu \u00fclkenin vatanda\u015fl\u0131\u011f\u0131n\u0131 almak i\u00e7in ba\u015fvuru yapma hakk\u0131n\u0131z oluyor. Anne ya da baban\u0131z Macar uyruklu ise oturum izni s\u00fcrelerini beklemeden<strong> Macaristan vatanda\u015f\u0131 olmak<\/strong> i\u00e7in diledi\u011finiz zaman konsoloslu\u011fa ba\u015fvuruda bulunman\u0131z m\u00fcmk\u00fcnd\u00fcr. Ba\u015fvurular\u0131n\u0131z\u0131 \u0130stanbul veya Ankara\u2019daki Macaristan konsolosluklar\u0131na yapabilirsiniz.<\/span><\/p>\r\n<h2><strong><span style=\"font-family: Roboto; font-size: 27px;\">Macaristan Vatanda\u015fl\u0131k \u0130\u015flemleri<\/span><\/strong><\/h2>\r\n<p><span style=\"font-family: Roboto; font-size: 14px;\">Macaristan, yasal olarak \u00fclkesinde ikamet eden ve oturum izni bulunan ki\u015filere vatanda\u015fl\u0131k hakk\u0131 tan\u0131yor. Peki,\u00a0<strong>Macaristan vatanda\u015fl\u0131k i\u015flemleri<\/strong>\u00a0nedir ve nas\u0131l yap\u0131l\u0131r? \u00dclkedeki oturum izni sahipleri stat\u00fclerine ba\u011fl\u0131 \u015fekilde vatanda\u015fl\u0131k ba\u015fvuru formunu doldurarak ilgili \u00fclke vatanda\u015fl\u0131\u011f\u0131 i\u00e7in ba\u015fvuruda bulunabiliyorlar. Bu noktada ki\u015filerin Macaristan vatanda\u015fl\u0131\u011f\u0131 hakk\u0131nda pek \u00e7ok detay\u0131 g\u00f6z \u00f6n\u00fcnde bulundurmalar\u0131 gerekiyor. Macaristan vatanda\u015f\u0131 olmak isteyen ki\u015filer ikamet ettikleri b\u00f6lgelerdeki sicil memurlu\u011funa bizzat ba\u015fvuru ger\u00e7ekle\u015ftirmeliler. \u00dclkemizden ba\u015fvuru yapacak olan ki\u015filerin ise Macaristan vatanda\u015fl\u0131\u011f\u0131 i\u00e7in Macaristan konsolosluklar\u0131na m\u00fcracaat etmeleri istenmektedir.<\/span><\/p>\r\n<p><span style=\"font-family: Roboto; font-size: 14px;\">Macaristan vatanda\u015fl\u0131\u011f\u0131 i\u00e7in ba\u015fvuru yaparken sizden baz\u0131 belgeler talep edilir. Bu belgeleri eksiksiz ve tam \u015fekilde konsoloslu\u011fa iletmeniz \u00f6nemlidir. Vatanda\u015fl\u0131k i\u00e7in istenen belgeler aras\u0131nda ge\u00e7erli g\u00f6\u00e7menlik kart\u0131, anayasal prensiplerle alakal\u0131 s\u0131nava girmi\u015f olmak ve bu s\u0131navda ba\u015far\u0131 elde etti\u011fini g\u00f6sterir belge, ge\u00e7erli ve yasal bir ikamet adresi, temiz adli sicil kayd\u0131.<\/span><\/p>\r\n<p><span style=\"font-family: Roboto;\"><strong><span style=\"font-size: 27px;\">Macaristan Vatanda\u015fl\u0131k \u015eartlar\u0131 Neler?<\/span><\/strong><\/span><\/p>\r\n<ul class=\"wp-block-list\" style=\"font-size: 14px;\">\r\n<li><span style=\"font-family: Roboto;\"><strong>Macaristan vatanda\u015f\u0131<\/strong> olmay\u0131 d\u00fc\u015f\u00fcn\u00fcyorsan\u0131z e\u011fer Macaristan\u2019da 8 y\u0131l boyunca ikamet etmi\u015f olmal\u0131s\u0131n\u0131z. E\u011fer Macaristan\u2019da do\u011fduysan\u0131z 8 y\u0131l olan s\u00fcre 5 y\u0131la d\u00fc\u015fer.<\/span><\/li>\r\n<li><span style=\"font-family: Roboto;\">Macaristan vatanda\u015f\u0131 ile evli iseniz ya da <strong>Macaristan vatanda\u015f\u0131<\/strong> bir \u00e7ocu\u011fun ebeveyni iseniz en az 3 y\u0131l oturma s\u00fcresi ile Macaristan vatanda\u015fl\u0131\u011f\u0131na ba\u015fvuru yapma hakk\u0131 kazanabilirsiniz.<\/span><\/li>\r\n<li><span style=\"font-family: Roboto;\">E\u011fer ailenizin Macaristan vatanda\u015f\u0131 oldu\u011funun kan\u0131t\u0131n\u0131 g\u00f6sterebilirseniz g\u00f6\u00e7menlik kart\u0131 ald\u0131ktan sonra vatanda\u015fl\u0131k i\u00e7in ba\u015fvur yapabilirsiniz.<\/span><\/li>\r\n<\/ul>\r\n<p><span style=\"font-family: Roboto;\">\r\n\r\n<\/span><\/p>\r\n<p style=\"font-size: 14px;\"><span style=\"font-family: Roboto;\">\u0130\u015fte bu \u015fartlar\u0131 sa\u011flad\u0131\u011f\u0131n\u0131z zaman Macaristan vatanda\u015fl\u0131\u011f\u0131na ba\u015fvuru yapabilirsiniz. Macaristan \u00fclkesinde bulunan ba\u015fkanl\u0131k vatanda\u015fl\u0131k i\u00e7in ba\u015fvurulan belgeleri inceler vatanda\u015fl\u0131\u011fa ait belgeyi imzalar aksi durumda \u00fclkeye iade belgesini imzalar. Macaristan vatanda\u015fl\u0131\u011f\u0131 ba\u015fvurusu onaylanan birey bu i\u015flemlerden hemen sonra Macaristan vatanda\u015fl\u0131\u011f\u0131 i\u00e7in yemin edilir ve birey art\u0131k Macaristan vatanda\u015f\u0131 olur.<\/span><\/p>\r\n<p><span style=\"font-family: Roboto;\">\r\n\r\n<\/span><\/p>\r\n<p style=\"font-size: 14px;\"><span style=\"font-family: Roboto;\">Macaristan T\u00fcrk vatanda\u015flar\u0131ndan \u00fclkelerine ya\u011facaklar\u0131 ziyaret s\u0131ras\u0131nda<strong><a href=\"https:\/\/www.myvize.com.tr\/macaristan\/vize-islemleri\/macaristan-vizesi\/\" target=\"_blank\" rel=\"noreferrer noopener\"><span class=\"has-inline-color\" style=\"color: #2acec2;\">\u00a0Macaristan vizesi<\/span><\/a><\/strong>\u00a0istemektedirler. Bunun nedeni ise Macaristan\u2019\u0131n Schengen \u00fcyesi bir \u00fclke olmas\u0131d\u0131r. Macaristan vatanda\u015f\u0131 olduktan sonra bu vize olay\u0131 da tamamen ortadan kalkar. T\u00fcrk vatanda\u015fl\u0131\u011f\u0131n\u0131 b\u0131rakan ve Macar vatanda\u015fl\u0131\u011f\u0131na ge\u00e7en birey\u00a0<strong>Macaristan vize i\u015flemleri<\/strong>\u00a0i\u00e7in yap\u0131lan ba\u015fvurudan tamamen muaf olur.<\/span><\/p>\r\n<p><span style=\"font-family: Roboto;\">\r\n\r\n<\/span><\/p>\r\n<p style=\"font-size: 14px;\"><span style=\"font-family: Roboto;\"><strong><a href=\"https:\/\/www.myvize.com.tr\/macaristan\/vize-islemleri\/macaristan-vatandaslik-islemleri\/\" target=\"_blank\" rel=\"noreferrer noopener\"><span class=\"has-inline-color\" style=\"color: #2acec2;\">Macaristan vatanda\u015fl\u0131k i\u015flemleri<\/span><\/a><\/strong> Macaristan ba\u015fkanl\u0131\u011f\u0131 taraf\u0131ndan yap\u0131ld\u0131\u011f\u0131 i\u00e7in biraz uzun s\u00fcre\u00e7 alabilir. Bu s\u00fcre\u00e7 i\u00e7erisinde ki\u015fi yak\u0131n izlenmeye al\u0131narak her ayr\u0131nt\u0131 incelenir.\u00a0<strong>Macaristan vize<\/strong>\u00a0i\u015flemleri vatanda\u015fl\u0131k i\u015flemlerinden daha k\u0131sa s\u00fcre i\u00e7erisinde sonu\u00e7lanmaktad\u0131r. Macaristan vatanda\u015fl\u0131\u011f\u0131na hak kazanan ki\u015filer Macar vatanda\u015flar\u0131n\u0131n yararland\u0131\u011f\u0131 her haktan yararlanabilirler.<\/span><\/p>\r\n<h3><span style=\"font-family: Roboto; font-size: 24px;\"><strong>Macaristan Vatanda\u015fl\u0131k Ba\u015fvuru \u015eartlar\u0131 Nelerdir?<\/strong><\/span><\/h3>\r\n<p><span style=\"font-family: Roboto; font-size: 14px;\"><strong>Macaristan vatanda\u015fl\u0131k ba\u015fvuru \u015fartlar\u0131 nelerdir\u00a0<\/strong>noktas\u0131nda \u00f6ncelikle istenen evraklardan bahsetmek gerekir ise istenen\u00a0 ilgili evraklar \u015funlard\u0131r:<\/span><\/p>\r\n<ul>\r\n<li><span style=\"font-family: Roboto; font-size: 14px;\">Ge\u00e7erli ve yasal olan bir oturma adresi<\/span><\/li>\r\n<li><span style=\"font-family: Roboto; font-size: 14px;\">Yine ge\u00e7erlili\u011fi olan bir g\u00f6\u00e7men kart\u0131<\/span><\/li>\r\n<li><span style=\"font-family: Roboto; font-size: 14px;\">Temiz olan bir sicili yani herhangi bir su\u00e7a kar\u0131\u015fmam\u0131\u015f olmas\u0131<\/span><\/li>\r\n<li><span style=\"font-family: Roboto; font-size: 14px;\">Macarca yap\u0131lan Macaristan vatanda\u015fl\u0131k s\u0131nav\u0131na girmesi ve de ba\u015far\u0131l\u0131 olmas\u0131<\/span><\/li>\r\n<\/ul>\r\n<p><span style=\"font-family: Roboto; font-size: 14px;\">Burada olan en temel husus <strong>Macaristan vatanda\u015fl\u0131k ba\u015fvurusu<\/strong> yapabilmek i\u00e7in uzun y\u0131llar herhangi bir sorun s\u0131k\u0131nt\u0131 olmadan bu \u00fclkede ya\u015fanm\u0131\u015f olmas\u0131d\u0131r.<\/span><\/p>\r\n<p><span style=\"font-family: Roboto; font-size: 14px;\">Yine bu noktada en temel bilgilerden bir tanesi bu \u00fclkede e\u011fer sekiz y\u0131l boyunca oturma izni alm\u0131\u015f ve fiilen ya\u015fam\u0131\u015f iseniz bu o zaman bu ba\u015fvuruyu yapabilmeniz m\u00fcmk\u00fcnd\u00fcr.<\/span><\/p>\r\n<p><span style=\"font-family: Roboto;\"><\/span><\/p>","protected":false},"excerpt":{"rendered":"<p>Macaristan Vatanda\u015fl\u0131k Almak \u00dclkemizde okan insanlar kimi zaman farkl\u0131 \u00fclkelerde ya\u015famak istebiliyor. Bu \u00fclkelerden bir tanesi de Avrup\u2019n\u0131n en g\u00fczel kentlerinden bir tanesi olan dahas\u0131 kendisine ait bir dokusu da mevcut olan Macaristan isimli Orta Avrupa \u00fclkesidir.\u00a0Macaristan vatanda\u015fl\u0131k almak\u00a0i\u00e7in d\u00fcnyan\u0131n di\u011fer yerlerinde oldu\u011fu gibi bu \u00fclkenin h\u00fck\u00fcmeti taraf\u0131ndan istenen ko\u015fullar\u0131 sa\u011flamak gerekir. Bu \u015fartlar\u0131 sa\u011flayan<\/p>\n","protected":false},"author":1,"featured_media":0,"parent":164,"menu_order":0,"comment_status":"open","ping_status":"closed","template":"","meta":{"footnotes":""},"class_list":["post-199","page","type-page","status-publish","hentry"],"yoast_head":"<!-- This site is optimized with the Yoast SEO plugin v24.0 - https:\/\/yoast.com\/wordpress\/plugins\/seo\/ -->\n<title>Macaristan Vatanda\u015fl\u0131k \u015eartlar\u0131 Nelerdir? - MyVize<\/title>\n<meta name=\"description\" content=\"Macaristan vatanda\u015fl\u0131k \u015fartlar\u0131 i\u00e7in dikkat edilmesi prosed\u00fcrler neler? Yasal olarak vatanda\u015fl\u0131k \u015fartlar\u0131 bilgisi i\u00e7in ileti\u015fime ge\u00e7iniz.\" \/>\n<meta name=\"robots\" content=\"index, follow, max-snippet:-1, max-image-preview:large, max-video-preview:-1\" \/>\n<link rel=\"canonical\" href=\"https:\/\/www.myvize.com.tr\/macaristan\/vatandaslik\/macaristan-vatandaslik-sartlari\/\" \/>\n<meta property=\"og:locale\" content=\"tr_TR\" \/>\n<meta property=\"og:type\" content=\"article\" \/>\n<meta property=\"og:title\" content=\"Macaristan Vatanda\u015fl\u0131k \u015eartlar\u0131 Nelerdir? - MyVize\" \/>\n<meta property=\"og:description\" content=\"Macaristan vatanda\u015fl\u0131k \u015fartlar\u0131 i\u00e7in dikkat edilmesi prosed\u00fcrler neler? Yasal olarak vatanda\u015fl\u0131k \u015fartlar\u0131 bilgisi i\u00e7in ileti\u015fime ge\u00e7iniz.\" \/>\n<meta property=\"og:url\" content=\"https:\/\/www.myvize.com.tr\/macaristan\/vatandaslik\/macaristan-vatandaslik-sartlari\/\" \/>\n<meta property=\"og:site_name\" content=\"Macaristan Vizesi\" \/>\n<meta property=\"article:modified_time\" content=\"2022-06-04T09:30:30+00:00\" \/>\n<meta name=\"twitter:card\" content=\"summary_large_image\" \/>\n<meta name=\"twitter:label1\" content=\"Tahmini okuma s\u00fcresi\" \/>\n\t<meta name=\"twitter:data1\" content=\"3 dakika\" \/>\n<script type=\"application\/ld+json\" class=\"yoast-schema-graph\">{\"@context\":\"https:\/\/schema.org\",\"@graph\":[{\"@type\":\"WebPage\",\"@id\":\"https:\/\/www.myvize.com.tr\/macaristan\/vatandaslik\/macaristan-vatandaslik-sartlari\/\",\"url\":\"https:\/\/www.myvize.com.tr\/macaristan\/vatandaslik\/macaristan-vatandaslik-sartlari\/\",\"name\":\"Macaristan Vatanda\u015fl\u0131k \u015eartlar\u0131 Nelerdir? - MyVize\",\"isPartOf\":{\"@id\":\"https:\/\/www.myvize.com.tr\/macaristan\/#website\"},\"datePublished\":\"2020-12-28T11:46:37+00:00\",\"dateModified\":\"2022-06-04T09:30:30+00:00\",\"description\":\"Macaristan vatanda\u015fl\u0131k \u015fartlar\u0131 i\u00e7in dikkat edilmesi prosed\u00fcrler neler? Yasal olarak vatanda\u015fl\u0131k \u015fartlar\u0131 bilgisi i\u00e7in ileti\u015fime ge\u00e7iniz.\",\"breadcrumb\":{\"@id\":\"https:\/\/www.myvize.com.tr\/macaristan\/vatandaslik\/macaristan-vatandaslik-sartlari\/#breadcrumb\"},\"inLanguage\":\"tr\",\"potentialAction\":[{\"@type\":\"ReadAction\",\"target\":[\"https:\/\/www.myvize.com.tr\/macaristan\/vatandaslik\/macaristan-vatandaslik-sartlari\/\"]}]},{\"@type\":\"BreadcrumbList\",\"@id\":\"https:\/\/www.myvize.com.tr\/macaristan\/vatandaslik\/macaristan-vatandaslik-sartlari\/#breadcrumb\",\"itemListElement\":[{\"@type\":\"ListItem\",\"position\":1,\"name\":\"Anasayfa\",\"item\":\"https:\/\/www.myvize.com.tr\/macaristan\/\"},{\"@type\":\"ListItem\",\"position\":2,\"name\":\"VATANDA\u015eLIK\",\"item\":\"https:\/\/www.myvize.com.tr\/macaristan\/vatandaslik\/\"},{\"@type\":\"ListItem\",\"position\":3,\"name\":\"Macaristan Vatanda\u015fl\u0131k \u015eartlar\u0131\"}]},{\"@type\":\"WebSite\",\"@id\":\"https:\/\/www.myvize.com.tr\/macaristan\/#website\",\"url\":\"https:\/\/www.myvize.com.tr\/macaristan\/\",\"name\":\"Macaristan Vizesi\",\"description\":\"\",\"potentialAction\":[{\"@type\":\"SearchAction\",\"target\":{\"@type\":\"EntryPoint\",\"urlTemplate\":\"https:\/\/www.myvize.com.tr\/macaristan\/?s={search_term_string}\"},\"query-input\":{\"@type\":\"PropertyValueSpecification\",\"valueRequired\":true,\"valueName\":\"search_term_string\"}}],\"inLanguage\":\"tr\"}]}<\/script>\n<!-- \/ Yoast SEO plugin. -->","yoast_head_json":{"title":"Macaristan Vatanda\u015fl\u0131k \u015eartlar\u0131 Nelerdir? - MyVize","description":"Macaristan vatanda\u015fl\u0131k \u015fartlar\u0131 i\u00e7in dikkat edilmesi prosed\u00fcrler neler? Yasal olarak vatanda\u015fl\u0131k \u015fartlar\u0131 bilgisi i\u00e7in ileti\u015fime ge\u00e7iniz.","robots":{"index":"index","follow":"follow","max-snippet":"max-snippet:-1","max-image-preview":"max-image-preview:large","max-video-preview":"max-video-preview:-1"},"canonical":"https:\/\/www.myvize.com.tr\/macaristan\/vatandaslik\/macaristan-vatandaslik-sartlari\/","og_locale":"tr_TR","og_type":"article","og_title":"Macaristan Vatanda\u015fl\u0131k \u015eartlar\u0131 Nelerdir? - MyVize","og_description":"Macaristan vatanda\u015fl\u0131k \u015fartlar\u0131 i\u00e7in dikkat edilmesi prosed\u00fcrler neler? Yasal olarak vatanda\u015fl\u0131k \u015fartlar\u0131 bilgisi i\u00e7in ileti\u015fime ge\u00e7iniz.","og_url":"https:\/\/www.myvize.com.tr\/macaristan\/vatandaslik\/macaristan-vatandaslik-sartlari\/","og_site_name":"Macaristan Vizesi","article_modified_time":"2022-06-04T09:30:30+00:00","twitter_card":"summary_large_image","twitter_misc":{"Tahmini okuma s\u00fcresi":"3 dakika"},"schema":{"@context":"https:\/\/schema.org","@graph":[{"@type":"WebPage","@id":"https:\/\/www.myvize.com.tr\/macaristan\/vatandaslik\/macaristan-vatandaslik-sartlari\/","url":"https:\/\/www.myvize.com.tr\/macaristan\/vatandaslik\/macaristan-vatandaslik-sartlari\/","name":"Macaristan Vatanda\u015fl\u0131k \u015eartlar\u0131 Nelerdir? - MyVize","isPartOf":{"@id":"https:\/\/www.myvize.com.tr\/macaristan\/#website"},"datePublished":"2020-12-28T11:46:37+00:00","dateModified":"2022-06-04T09:30:30+00:00","description":"Macaristan vatanda\u015fl\u0131k \u015fartlar\u0131 i\u00e7in dikkat edilmesi prosed\u00fcrler neler? Yasal olarak vatanda\u015fl\u0131k \u015fartlar\u0131 bilgisi i\u00e7in ileti\u015fime ge\u00e7iniz.","breadcrumb":{"@id":"https:\/\/www.myvize.com.tr\/macaristan\/vatandaslik\/macaristan-vatandaslik-sartlari\/#breadcrumb"},"inLanguage":"tr","potentialAction":[{"@type":"ReadAction","target":["https:\/\/www.myvize.com.tr\/macaristan\/vatandaslik\/macaristan-vatandaslik-sartlari\/"]}]},{"@type":"BreadcrumbList","@id":"https:\/\/www.myvize.com.tr\/macaristan\/vatandaslik\/macaristan-vatandaslik-sartlari\/#breadcrumb","itemListElement":[{"@type":"ListItem","position":1,"name":"Anasayfa","item":"https:\/\/www.myvize.com.tr\/macaristan\/"},{"@type":"ListItem","position":2,"name":"VATANDA\u015eLIK","item":"https:\/\/www.myvize.com.tr\/macaristan\/vatandaslik\/"},{"@type":"ListItem","position":3,"name":"Macaristan Vatanda\u015fl\u0131k \u015eartlar\u0131"}]},{"@type":"WebSite","@id":"https:\/\/www.myvize.com.tr\/macaristan\/#website","url":"https:\/\/www.myvize.com.tr\/macaristan\/","name":"Macaristan Vizesi","description":"","potentialAction":[{"@type":"SearchAction","target":{"@type":"EntryPoint","urlTemplate":"https:\/\/www.myvize.com.tr\/macaristan\/?s={search_term_string}"},"query-input":{"@type":"PropertyValueSpecification","valueRequired":true,"valueName":"search_term_string"}}],"inLanguage":"tr"}]}},"_links":{"self":[{"href":"https:\/\/www.myvize.com.tr\/macaristan\/wp-json\/wp\/v2\/pages\/199","targetHints":{"allow":["GET"]}}],"collection":[{"href":"https:\/\/www.myvize.com.tr\/macaristan\/wp-json\/wp\/v2\/pages"}],"about":[{"href":"https:\/\/www.myvize.com.tr\/macaristan\/wp-json\/wp\/v2\/types\/page"}],"author":[{"embeddable":true,"href":"https:\/\/www.myvize.com.tr\/macaristan\/wp-json\/wp\/v2\/users\/1"}],"replies":[{"embeddable":true,"href":"https:\/\/www.myvize.com.tr\/macaristan\/wp-json\/wp\/v2\/comments?post=199"}],"version-history":[{"count":7,"href":"https:\/\/www.myvize.com.tr\/macaristan\/wp-json\/wp\/v2\/pages\/199\/revisions"}],"predecessor-version":[{"id":883,"href":"https:\/\/www.myvize.com.tr\/macaristan\/wp-json\/wp\/v2\/pages\/199\/revisions\/883"}],"up":[{"embeddable":true,"href":"https:\/\/www.myvize.com.tr\/macaristan\/wp-json\/wp\/v2\/pages\/164"}],"wp:attachment":[{"href":"https:\/\/www.myvize.com.tr\/macaristan\/wp-json\/wp\/v2\/media?parent=199"}],"curies":[{"name":"wp","href":"https:\/\/api.w.org\/{rel}","templated":true}]}}