{"id":225,"date":"2021-06-03T12:00:21","date_gmt":"2021-06-03T09:00:21","guid":{"rendered":"https:\/\/www.myvize.com.tr\/macaristan\/?page_id=225"},"modified":"2022-04-22T14:29:34","modified_gmt":"2022-04-22T11:29:34","slug":"duyurular","status":"publish","type":"page","link":"https:\/\/www.myvize.com.tr\/macaristan\/duyurular\/","title":{"rendered":"DUYURULAR"},"content":{"rendered":"\r\n<h2 class=\"wp-block-heading\"><strong>Macaristan Covid-19 Tedbirleri<\/strong><\/h2>\r\n\r\n\r\n\r\n<p>Korona vir\u00fcs nedeni ile son iki y\u0131l i\u00e7erisinde d\u00fcnya genelinde \u00e7ok ciddi bir can kayb\u0131 verildi. Olduk\u00e7a y\u00fcksek vaka say\u0131lar\u0131 nedeni ile \u00fclkeler ciddi anlamda \u00f6nlemler alma gere\u011fi duymaya ba\u015flad\u0131. Baz\u0131 \u00fclkeler ald\u0131klar\u0131 tedbirlerde hi\u00e7bir \u015fekilde gev\u015feme yapmazken baz\u0131 \u00fclkeler de kar\u015f\u0131l\u0131kl\u0131 olarak seyahat k\u0131s\u0131tlamalar\u0131n\u0131 kald\u0131r.<\/p>\r\n\r\n\r\n\r\n<p>Macaristan\u2019da bu seyahat k\u0131s\u0131tlamalar\u0131n\u0131 kald\u0131ran \u00fclkeler aras\u0131nda yer almaktad\u0131r. Son aylarda Macaristan\u2019a giri\u015flerde ciddi engeller bulunmas\u0131 nedeni ile bir\u00e7ok Macaristan ve T\u00fcrk vatanda\u015f\u0131 \u00f6nemli sorunlar ya\u015f\u0131yordu. Bu sorunlar\u0131n giderilmesine y\u00f6nelik olarak hem Macaristan hem de T\u00fcrkiye kar\u015f\u0131l\u0131kl\u0131 olarak k\u0131s\u0131tlamalar\u0131 kald\u0131rma karar\u0131 ald\u0131.<\/p>\r\n\r\n\r\n\r\n<h2><strong>Macaristan Seyahat Engeli Kalkt\u0131 M\u0131?<\/strong><\/h2>\r\n\r\n\r\n\r\n<p>T\u00fcrkiye, Macaristan ve S\u0131rbistan D\u0131\u015fi\u015fleri bakanlar\u0131n\u0131n ayr\u0131 ayr\u0131 birbirleri ile yapt\u0131klar\u0131 g\u00f6r\u00fc\u015fmelerde k\u0131s\u0131tlamalar\u0131n neden oldu\u011fu durumlar konu\u015fuldu. Bu g\u00f6r\u00fc\u015fmeler s\u0131ras\u0131nda korona vir\u00fcs kapsam\u0131nda verilen m\u00fccadeleler kapsam\u0131nda hayata ge\u00e7irilen seyahat k\u0131s\u0131tlamalar\u0131 da dikkate al\u0131nd\u0131. K\u0131s\u0131tlamalar\u0131n nede oldu\u011fu durumlar da detayl\u0131 olarak incelendi ve bu sorunlar\u0131n neden oldu\u011fu durumlar tart\u0131\u015f\u0131ld\u0131.<\/p>\r\n\r\n\r\n\r\n<p>Yap\u0131lan a\u00e7\u0131klamalar do\u011frultusunda kar\u015f\u0131l\u0131kl\u0131 olarak seyahat engellerinin tamamen kald\u0131r\u0131lmas\u0131 karar\u0131 al\u0131nd\u0131. Ancak bu durumda belli ba\u015fl\u0131 \u015fartlar da bulunmaktad\u0131r. \u00d6ncelikle \u00fclkelerin kar\u015f\u0131l\u0131kl\u0131 olarak a\u015f\u0131 kartlar\u0131n\u0131n tan\u0131nmas\u0131 karar\u0131n\u0131n da al\u0131nmas\u0131 sa\u011fland\u0131. Bu konuda \u00fclkeler aras\u0131nda bir ortak d\u00fczenlemeye gidilerek Macaristan ve T\u00fcrkiye t\u00fcm a\u015f\u0131 kartlar\u0131n\u0131 kar\u015f\u0131l\u0131kl\u0131 olarak tan\u0131ma karar\u0131 ald\u0131.<\/p>\r\n\r\n\r\n\r\n<p>Ki\u015filer Macaristan\u2019a seyahat etmeden \u00f6nce mutlaka a\u015f\u0131 kart\u0131n\u0131 almak durumunda kalacakt\u0131r. Bununla birlikte testinin negatif olmas\u0131 da \u00f6nemli bir fakt\u00f6rd\u00fcr. T\u00fcm bu kurallar\u0131n yerine getirilmesi neticesinde her iki \u00fclkede t\u00fcm seyahat engellerini kald\u0131rma karar\u0131 alm\u0131\u015ft\u0131r. Bu s\u00fcrece ili\u015fkin t\u00fcm detaylar ise Sa\u011fl\u0131k Bakanl\u0131\u011f\u0131 taraf\u0131ndan organize edilecektir. Yani ki\u015filer eskiden oldu\u011fu gibi iki \u00fclke aras\u0131nda turizm, ticari, diplomatik ve e\u011fitim ama\u00e7l\u0131 olarak seyahatlerini ger\u00e7ekle\u015ftirebilecekler.<\/p>\r\n<h2><strong>Covid 19 Kapsam\u0131nda Macaristan Vizesi ile \u0130lgili Son Durum\u00a0\u00a0<\/strong><\/h2>\r\n<p>Covid 19 kurallar\u0131 kapsam\u0131nda vize i\u015flemlerinin ve yurt d\u0131\u015f\u0131 seyahatlerinin nas\u0131l yap\u0131laca\u011f\u0131 herkes taraf\u0131ndan merak edilmekte. Merak edilen \u00fclkelerden birisi de T\u00fcrkiye\u2019den s\u0131k\u00e7a seyahat yap\u0131lan Macaristan. Macaristan d\u0131\u015f temsilciliklerinden covid 19 kapsam\u0131nda yap\u0131lan en g\u00fcncel a\u00e7\u0131klama ise \u015f\u00f6yle:\u00a0<\/p>\r\n<p>Macaristan d\u0131\u015f temsilcilikleri vize i\u015flemlerinin g\u00fcncel olarak devam etti\u011fini buna ek olarak pandemi kapsam\u0131nda \u00f6nlemler al\u0131nd\u0131\u011f\u0131n\u0131 da ekledi.\u00a0\u00a0<\/p>\r\n<h2><strong>Macaristan Vizesi A\u00e7\u0131ld\u0131 M\u0131?\u00a0\u00a0<\/strong><\/h2>\r\n<p>Ki\u015filer\u00a011\u00a0May\u0131s 2021&#8217;den\u00a0itibaren\u00a0Macaristan vize ba\u015fvuru i\u015flemlerini \u00f6nceden oldu\u011fu gibi y\u00fcr\u00fctebilecekler. Ayr\u0131ca, Macaristan Schengen vizesi hali haz\u0131rda bulunan ki\u015filer de Macaristan Schengen vizesine ba\u015fvurup vizelerini alanlarda Macaristan\u2019a seyahat edebilecekler.\u00a0<\/p>\r\n<p>Ba\u015fvuru sahipleri oturma izni i\u00e7in\u00a0(D\u00a0tipi vize)\u00a0Macaristan Ba\u015fkonsoloslu\u011fu web sitesinden di\u011fer i\u015flemleri i\u00e7in de consulate.ist@mfa.gov.hu\u00a0adresinden e-mail yoluyla randevu alabilirler.\u00a0<\/p>\r\n<h2><strong>\u00d6nemli Bilgiler:\u00a0\u00a0<\/strong><\/h2>\r\n<p>Ki\u015filerin\u00a0Macaristan vize ba\u015fvurular\u0131 ve seyahatleri i\u00e7in\u00a0dikkat edilmesi\u00a0gerekenler:\u00a0\u00a0<\/p>\r\n<ul>\r\n<li>T\u00fcrkiye\u2019den resmi olarak al\u0131nm\u0131\u015f Covid-19 a\u015f\u0131lama sertifikas\u0131\u00a0Macaristan temsilcili\u011fine ibraz edilmelidir.\u00a0\u00a0<\/li>\r\n<li>Ki\u015filerin Covid-19 a\u015f\u0131lama sertifikalar\u0131 yaln\u0131zca Macaristan seyahatinde kullan\u0131labilmekte di\u011fer Schengen \u00fclkelerinde ge\u00e7erli olmamaktad\u0131r.\u00a0<\/li>\r\n<li>Macaristan Vize ba\u015fvurusu i\u00e7in ki\u015filer mutlaka u\u00e7ak bileti ve konaklama belgelerini ibraz etmelidirler.\u00a0<\/li>\r\n<li>Hem T\u00fcrk vatanda\u015flar\u0131 hem de T\u00fcrkiye\u2019de ikamet eden yabanc\u0131lar Covid-19 a\u015f\u0131lama sertifikalar\u0131 ile PCR testi ya da karantina olmadan Macaristan\u2019a giri\u015f yapabilecekler.\u00a0<\/li>\r\n<\/ul>\r\n<p>Ki\u015filer Macaristan vize i\u015flemleri i\u00e7in g\u00fcncel bilgiler alabilmek ad\u0131na Macaristan d\u0131\u015f temsilcilikleri ile irtibata ge\u00e7ebilir ya da Macaristan d\u0131\u015f temsilciliklerinin onaylad\u0131\u011f\u0131 temsilcilikler ve acentelerle g\u00f6r\u00fc\u015febilirler.\u00a0\u00a0<\/p>\r\n","protected":false},"excerpt":{"rendered":"<p>Macaristan Covid-19 Tedbirleri Korona vir\u00fcs nedeni ile son iki y\u0131l i\u00e7erisinde d\u00fcnya genelinde \u00e7ok ciddi bir can kayb\u0131 verildi. Olduk\u00e7a y\u00fcksek vaka say\u0131lar\u0131 nedeni ile \u00fclkeler ciddi anlamda \u00f6nlemler alma gere\u011fi duymaya ba\u015flad\u0131. Baz\u0131 \u00fclkeler ald\u0131klar\u0131 tedbirlerde hi\u00e7bir \u015fekilde gev\u015feme yapmazken baz\u0131 \u00fclkeler de kar\u015f\u0131l\u0131kl\u0131 olarak seyahat k\u0131s\u0131tlamalar\u0131n\u0131 kald\u0131r. Macaristan\u2019da bu seyahat k\u0131s\u0131tlamalar\u0131n\u0131 kald\u0131ran \u00fclkeler<\/p>\n","protected":false},"author":1,"featured_media":0,"parent":0,"menu_order":0,"comment_status":"closed","ping_status":"closed","template":"","meta":{"footnotes":""},"class_list":["post-225","page","type-page","status-publish","hentry"],"yoast_head":"<!-- This site is optimized with the Yoast SEO plugin v24.0 - https:\/\/yoast.com\/wordpress\/plugins\/seo\/ -->\n<title>Macaristan Vizesi COVID-19 Duyurular\u0131 - MyVize<\/title>\n<meta name=\"description\" content=\"Macaristan vizesi duyurular\u0131 hakk\u0131nda g\u00fcncel haberler ve veriler i\u00e7in ileti\u015fime ge\u00e7ebilirsiniz. Macaristan vizesi duyurular\u0131 nelerdir?\" \/>\n<meta name=\"robots\" content=\"index, follow, max-snippet:-1, max-image-preview:large, max-video-preview:-1\" \/>\n<link rel=\"canonical\" href=\"https:\/\/www.myvize.com.tr\/macaristan\/duyurular\/\" \/>\n<meta property=\"og:locale\" content=\"tr_TR\" \/>\n<meta property=\"og:type\" content=\"article\" \/>\n<meta property=\"og:title\" content=\"Macaristan Vizesi COVID-19 Duyurular\u0131 - MyVize\" \/>\n<meta property=\"og:description\" content=\"Macaristan vizesi duyurular\u0131 hakk\u0131nda g\u00fcncel haberler ve veriler i\u00e7in ileti\u015fime ge\u00e7ebilirsiniz. Macaristan vizesi duyurular\u0131 nelerdir?\" \/>\n<meta property=\"og:url\" content=\"https:\/\/www.myvize.com.tr\/macaristan\/duyurular\/\" \/>\n<meta property=\"og:site_name\" content=\"Macaristan Vizesi\" \/>\n<meta property=\"article:modified_time\" content=\"2022-04-22T11:29:34+00:00\" \/>\n<meta name=\"twitter:card\" content=\"summary_large_image\" \/>\n<meta name=\"twitter:label1\" content=\"Tahmini okuma s\u00fcresi\" \/>\n\t<meta name=\"twitter:data1\" content=\"3 dakika\" \/>\n<script type=\"application\/ld+json\" class=\"yoast-schema-graph\">{\"@context\":\"https:\/\/schema.org\",\"@graph\":[{\"@type\":\"WebPage\",\"@id\":\"https:\/\/www.myvize.com.tr\/macaristan\/duyurular\/\",\"url\":\"https:\/\/www.myvize.com.tr\/macaristan\/duyurular\/\",\"name\":\"Macaristan Vizesi COVID-19 Duyurular\u0131 - MyVize\",\"isPartOf\":{\"@id\":\"https:\/\/www.myvize.com.tr\/macaristan\/#website\"},\"datePublished\":\"2021-06-03T09:00:21+00:00\",\"dateModified\":\"2022-04-22T11:29:34+00:00\",\"description\":\"Macaristan vizesi duyurular\u0131 hakk\u0131nda g\u00fcncel haberler ve veriler i\u00e7in ileti\u015fime ge\u00e7ebilirsiniz. Macaristan vizesi duyurular\u0131 nelerdir?\",\"breadcrumb\":{\"@id\":\"https:\/\/www.myvize.com.tr\/macaristan\/duyurular\/#breadcrumb\"},\"inLanguage\":\"tr\",\"potentialAction\":[{\"@type\":\"ReadAction\",\"target\":[\"https:\/\/www.myvize.com.tr\/macaristan\/duyurular\/\"]}]},{\"@type\":\"BreadcrumbList\",\"@id\":\"https:\/\/www.myvize.com.tr\/macaristan\/duyurular\/#breadcrumb\",\"itemListElement\":[{\"@type\":\"ListItem\",\"position\":1,\"name\":\"Anasayfa\",\"item\":\"https:\/\/www.myvize.com.tr\/macaristan\/\"},{\"@type\":\"ListItem\",\"position\":2,\"name\":\"DUYURULAR\"}]},{\"@type\":\"WebSite\",\"@id\":\"https:\/\/www.myvize.com.tr\/macaristan\/#website\",\"url\":\"https:\/\/www.myvize.com.tr\/macaristan\/\",\"name\":\"Macaristan Vizesi\",\"description\":\"\",\"potentialAction\":[{\"@type\":\"SearchAction\",\"target\":{\"@type\":\"EntryPoint\",\"urlTemplate\":\"https:\/\/www.myvize.com.tr\/macaristan\/?s={search_term_string}\"},\"query-input\":{\"@type\":\"PropertyValueSpecification\",\"valueRequired\":true,\"valueName\":\"search_term_string\"}}],\"inLanguage\":\"tr\"}]}<\/script>\n<!-- \/ Yoast SEO plugin. -->","yoast_head_json":{"title":"Macaristan Vizesi COVID-19 Duyurular\u0131 - MyVize","description":"Macaristan vizesi duyurular\u0131 hakk\u0131nda g\u00fcncel haberler ve veriler i\u00e7in ileti\u015fime ge\u00e7ebilirsiniz. Macaristan vizesi duyurular\u0131 nelerdir?","robots":{"index":"index","follow":"follow","max-snippet":"max-snippet:-1","max-image-preview":"max-image-preview:large","max-video-preview":"max-video-preview:-1"},"canonical":"https:\/\/www.myvize.com.tr\/macaristan\/duyurular\/","og_locale":"tr_TR","og_type":"article","og_title":"Macaristan Vizesi COVID-19 Duyurular\u0131 - MyVize","og_description":"Macaristan vizesi duyurular\u0131 hakk\u0131nda g\u00fcncel haberler ve veriler i\u00e7in ileti\u015fime ge\u00e7ebilirsiniz. Macaristan vizesi duyurular\u0131 nelerdir?","og_url":"https:\/\/www.myvize.com.tr\/macaristan\/duyurular\/","og_site_name":"Macaristan Vizesi","article_modified_time":"2022-04-22T11:29:34+00:00","twitter_card":"summary_large_image","twitter_misc":{"Tahmini okuma s\u00fcresi":"3 dakika"},"schema":{"@context":"https:\/\/schema.org","@graph":[{"@type":"WebPage","@id":"https:\/\/www.myvize.com.tr\/macaristan\/duyurular\/","url":"https:\/\/www.myvize.com.tr\/macaristan\/duyurular\/","name":"Macaristan Vizesi COVID-19 Duyurular\u0131 - MyVize","isPartOf":{"@id":"https:\/\/www.myvize.com.tr\/macaristan\/#website"},"datePublished":"2021-06-03T09:00:21+00:00","dateModified":"2022-04-22T11:29:34+00:00","description":"Macaristan vizesi duyurular\u0131 hakk\u0131nda g\u00fcncel haberler ve veriler i\u00e7in ileti\u015fime ge\u00e7ebilirsiniz. Macaristan vizesi duyurular\u0131 nelerdir?","breadcrumb":{"@id":"https:\/\/www.myvize.com.tr\/macaristan\/duyurular\/#breadcrumb"},"inLanguage":"tr","potentialAction":[{"@type":"ReadAction","target":["https:\/\/www.myvize.com.tr\/macaristan\/duyurular\/"]}]},{"@type":"BreadcrumbList","@id":"https:\/\/www.myvize.com.tr\/macaristan\/duyurular\/#breadcrumb","itemListElement":[{"@type":"ListItem","position":1,"name":"Anasayfa","item":"https:\/\/www.myvize.com.tr\/macaristan\/"},{"@type":"ListItem","position":2,"name":"DUYURULAR"}]},{"@type":"WebSite","@id":"https:\/\/www.myvize.com.tr\/macaristan\/#website","url":"https:\/\/www.myvize.com.tr\/macaristan\/","name":"Macaristan Vizesi","description":"","potentialAction":[{"@type":"SearchAction","target":{"@type":"EntryPoint","urlTemplate":"https:\/\/www.myvize.com.tr\/macaristan\/?s={search_term_string}"},"query-input":{"@type":"PropertyValueSpecification","valueRequired":true,"valueName":"search_term_string"}}],"inLanguage":"tr"}]}},"_links":{"self":[{"href":"https:\/\/www.myvize.com.tr\/macaristan\/wp-json\/wp\/v2\/pages\/225","targetHints":{"allow":["GET"]}}],"collection":[{"href":"https:\/\/www.myvize.com.tr\/macaristan\/wp-json\/wp\/v2\/pages"}],"about":[{"href":"https:\/\/www.myvize.com.tr\/macaristan\/wp-json\/wp\/v2\/types\/page"}],"author":[{"embeddable":true,"href":"https:\/\/www.myvize.com.tr\/macaristan\/wp-json\/wp\/v2\/users\/1"}],"replies":[{"embeddable":true,"href":"https:\/\/www.myvize.com.tr\/macaristan\/wp-json\/wp\/v2\/comments?post=225"}],"version-history":[{"count":5,"href":"https:\/\/www.myvize.com.tr\/macaristan\/wp-json\/wp\/v2\/pages\/225\/revisions"}],"predecessor-version":[{"id":868,"href":"https:\/\/www.myvize.com.tr\/macaristan\/wp-json\/wp\/v2\/pages\/225\/revisions\/868"}],"wp:attachment":[{"href":"https:\/\/www.myvize.com.tr\/macaristan\/wp-json\/wp\/v2\/media?parent=225"}],"curies":[{"name":"wp","href":"https:\/\/api.w.org\/{rel}","templated":true}]}}