{"id":51,"date":"2020-11-30T12:49:31","date_gmt":"2020-11-30T09:49:31","guid":{"rendered":"https:\/\/www.myvize.com.tr\/macaristan\/?page_id=51"},"modified":"2022-06-04T12:34:33","modified_gmt":"2022-06-04T09:34:33","slug":"macaristan-vatandaslik-islemleri","status":"publish","type":"page","link":"https:\/\/www.myvize.com.tr\/macaristan\/vize-islemleri\/macaristan-vatandaslik-islemleri\/","title":{"rendered":"Macaristan Vatanda\u015fl\u0131k \u0130\u015flemleri"},"content":{"rendered":"<p><span style=\"font-family: Roboto;\"><\/span><\/p>\r\n<p style=\"font-size: 14px;\"><span style=\"font-family: Roboto; font-size: 14px;\">Macaristan vatanda\u015fl\u0131\u011f\u0131na ge\u00e7i\u015f yapmay\u0131 d\u00fc\u015f\u00fcnen birey \u00f6ncelikli olarak 18 ya\u015f\u0131n\u0131 doldurmu\u015f olmal\u0131d\u0131r. 18 ya\u015f\u0131n\u0131 doldurmu\u015f birey dilek\u00e7e vererek Macaristan vatanda\u015fl\u0131\u011f\u0131na ge\u00e7me s\u00fcrecini ba\u015flatm\u0131\u015f olur. Macaristan vatanda\u015fl\u0131\u011f\u0131na ge\u00e7mek isteyen birey ikamet etti\u011fi yerin Vatanda\u015fl\u0131k dairesine ba\u015fvurarak dilek\u00e7e formunu \u015fahsen almal\u0131d\u0131r.<\/span><\/p>\r\n<p><span style=\"font-family: Roboto; font-size: 14px;\">\r\n\r\n<\/span><\/p>\r\n<p style=\"font-size: 14px;\"><span style=\"font-family: Roboto; font-size: 14px;\">Macaristan vatanda\u015fl\u0131\u011f\u0131na ba\u015fvuracak birey i\u015flemleri ba\u015flatmadan hemen \u00f6nce vatanda\u015fl\u0131k dairesine giderek s\u00fcre\u00e7 hakk\u0131nda bilgi alabilir. Aile bireylerinden de Macaristan vatanda\u015fl\u0131\u011f\u0131na ge\u00e7mek isteyen olursa her birey kendi ad\u0131na \u015fahsen dilek\u00e7e vermelidir. 18 ya\u015f\u0131n\u0131 doldurmam\u0131\u015f olan bireylerin dilek\u00e7esini velisi verir.<\/span><\/p>\r\n<p><span style=\"font-family: Roboto; font-size: 14px;\">\r\n\r\n<\/span><\/p>\r\n<blockquote class=\"wp-block-quote is-style-default is-layout-flow wp-block-quote-is-layout-flow\">\r\n<p><span style=\"font-family: Roboto; font-size: 14px;\"><strong><a href=\"https:\/\/www.myvize.com.tr\/macaristan\/vize-islemleri\/macaristan-vize-basvuru-formu\/\" target=\"_blank\" rel=\"noreferrer noopener\"><span class=\"has-inline-color\" style=\"color: #2acec2;\">Macaristan Vize Ba\u015fvuru Formu<\/span><\/a><\/strong><\/span><\/p>\r\n<\/blockquote>\r\n<p><span style=\"font-family: Roboto; font-size: 14px;\">\r\n\r\n<\/span><\/p>\r\n<p style=\"font-size: 14px;\"><span style=\"font-family: Roboto; font-size: 14px;\">Dilek\u00e7e verildikten sonra ba\u015fvuru yapan ki\u015finin Macarca bilgisi tespit edilir. Vatanda\u015fl\u0131k dairesi geriye kalan i\u015flemleri 10 ile 12 hafta aras\u0131nda tamamlamaktad\u0131r. Bu i\u015flemler tamamland\u0131ktan sonra ba\u015fvuran bireye Macar vatanda\u015fl\u0131\u011f\u0131na al\u0131naca\u011f\u0131na dair teminat belgesi verilmektedir. Vatanda\u015fl\u0131k i\u015flemleri\u00a0<strong><a href=\"https:\/\/www.myvize.com.tr\/macaristan\/vize-islemleri\/macaristan-vizesi\/\" target=\"_blank\" rel=\"noreferrer noopener\"><span class=\"has-inline-color\" style=\"color: #2acec2;\">Macaristan vizesi<\/span><\/a> i\u015flemleri<\/strong>\u00a0kadar k\u0131sa s\u00fcrede sonu\u00e7lanan bir i\u015flem de\u011fildir.<\/span><\/p>\r\n<p><span style=\"font-family: Roboto; font-size: 14px;\">\r\n\r\n<\/span><\/p>\r\n<p style=\"font-size: 14px;\"><span style=\"font-family: Roboto; font-size: 14px;\">Macar vatanda\u015fl\u0131k dairesi, \u00e7\u0131k\u0131\u015f izin belgesi ve vatanda\u015fl\u0131\u011fa ba\u015fvuran ki\u015finin bu i\u015flemler s\u00fcrecinde ba\u015fvuru ko\u015fullar\u0131nda bir de\u011fi\u015fiklik olup olmad\u0131\u011f\u0131n\u0131 inceledikten sonra Macar vatanda\u015fl\u0131\u011f\u0131na ge\u00e7i\u015f i\u015flemlerini sonu\u00e7land\u0131r\u0131r. 6 ile 8 hafta i\u00e7inde Macar vatanda\u015fl\u0131k belgesi ba\u015fvuran bireyin eline ula\u015f\u0131r. Birey T\u00fcrk konsoloslu\u011funa giderek \u00e7\u0131k\u0131\u015f i\u015flemlerini bitirmelidir ve vatanda\u015fl\u0131ktan \u00e7\u0131k\u0131\u015f belgesini Macaristan vatanda\u015fl\u0131k dairesine teslim etmelidir. T\u00fcm bu i\u015flemler sonu\u00e7land\u0131ktan sonra vatanda\u015fl\u0131k hakk\u0131n kazanm\u0131\u015f olur.\u00a0<strong>Macaristan vizesi<\/strong>\u00a0i\u00e7in i\u015flemlerde profesyonel ekipten destek al\u0131p t\u00fcm s\u00fcreci onlar\u0131n takip etmesini isteyebilirsiniz fakat vatanda\u015fl\u0131kta bu i\u015flemler bu \u015fekilde de\u011fildir.<\/span><\/p>\r\n<p><span style=\"font-family: Roboto;\"><\/span><\/p>\r\n<p><img decoding=\"async\" src=\"https:\/\/www.myvize.com.tr\/macaristan\/wp-content\/uploads\/2021\/10\/32.jpg\" \/><\/p>","protected":false},"excerpt":{"rendered":"<p>Macaristan vatanda\u015fl\u0131\u011f\u0131na ge\u00e7i\u015f yapmay\u0131 d\u00fc\u015f\u00fcnen birey \u00f6ncelikli olarak 18 ya\u015f\u0131n\u0131 doldurmu\u015f olmal\u0131d\u0131r. 18 ya\u015f\u0131n\u0131 doldurmu\u015f birey dilek\u00e7e vererek Macaristan vatanda\u015fl\u0131\u011f\u0131na ge\u00e7me s\u00fcrecini ba\u015flatm\u0131\u015f olur. Macaristan vatanda\u015fl\u0131\u011f\u0131na ge\u00e7mek isteyen birey ikamet etti\u011fi yerin Vatanda\u015fl\u0131k dairesine ba\u015fvurarak dilek\u00e7e formunu \u015fahsen almal\u0131d\u0131r. Macaristan vatanda\u015fl\u0131\u011f\u0131na ba\u015fvuracak birey i\u015flemleri ba\u015flatmadan hemen \u00f6nce vatanda\u015fl\u0131k dairesine giderek s\u00fcre\u00e7 hakk\u0131nda bilgi alabilir. Aile<\/p>\n","protected":false},"author":1,"featured_media":0,"parent":18,"menu_order":0,"comment_status":"open","ping_status":"closed","template":"","meta":{"footnotes":""},"class_list":["post-51","page","type-page","status-publish","hentry"],"yoast_head":"<!-- This site is optimized with the Yoast SEO plugin v24.0 - https:\/\/yoast.com\/wordpress\/plugins\/seo\/ -->\n<title>Macaristan Vatanda\u015fl\u0131k \u0130\u015flemleri Nelerdir? - MyVize<\/title>\n<meta name=\"description\" content=\"Macaristan vatanda\u015fl\u0131\u011f\u0131 ba\u015fvuru belgeleri. Macaristan vatanda\u015fl\u0131\u011f\u0131 i\u00e7in gerekli \u015fartlar. Macaristan vatanda\u015fl\u0131k i\u015flemleri nas\u0131l yap\u0131l\u0131r?\" \/>\n<meta name=\"robots\" content=\"index, follow, max-snippet:-1, max-image-preview:large, max-video-preview:-1\" \/>\n<link rel=\"canonical\" href=\"https:\/\/www.myvize.com.tr\/macaristan\/vize-islemleri\/macaristan-vatandaslik-islemleri\/\" \/>\n<meta property=\"og:locale\" content=\"tr_TR\" \/>\n<meta property=\"og:type\" content=\"article\" \/>\n<meta property=\"og:title\" content=\"Macaristan Vatanda\u015fl\u0131k \u0130\u015flemleri Nelerdir? - MyVize\" \/>\n<meta property=\"og:description\" content=\"Macaristan vatanda\u015fl\u0131\u011f\u0131 ba\u015fvuru belgeleri. Macaristan vatanda\u015fl\u0131\u011f\u0131 i\u00e7in gerekli \u015fartlar. Macaristan vatanda\u015fl\u0131k i\u015flemleri nas\u0131l yap\u0131l\u0131r?\" \/>\n<meta property=\"og:url\" content=\"https:\/\/www.myvize.com.tr\/macaristan\/vize-islemleri\/macaristan-vatandaslik-islemleri\/\" \/>\n<meta property=\"og:site_name\" content=\"Macaristan Vizesi\" \/>\n<meta property=\"article:modified_time\" content=\"2022-06-04T09:34:33+00:00\" \/>\n<meta property=\"og:image\" content=\"https:\/\/www.myvize.com.tr\/macaristan\/wp-content\/uploads\/2021\/10\/32.jpg\" \/>\n<meta name=\"twitter:card\" content=\"summary_large_image\" \/>\n<meta name=\"twitter:label1\" content=\"Tahmini okuma s\u00fcresi\" \/>\n\t<meta name=\"twitter:data1\" content=\"2 dakika\" \/>\n<script type=\"application\/ld+json\" class=\"yoast-schema-graph\">{\"@context\":\"https:\/\/schema.org\",\"@graph\":[{\"@type\":\"WebPage\",\"@id\":\"https:\/\/www.myvize.com.tr\/macaristan\/vize-islemleri\/macaristan-vatandaslik-islemleri\/\",\"url\":\"https:\/\/www.myvize.com.tr\/macaristan\/vize-islemleri\/macaristan-vatandaslik-islemleri\/\",\"name\":\"Macaristan Vatanda\u015fl\u0131k \u0130\u015flemleri Nelerdir? - MyVize\",\"isPartOf\":{\"@id\":\"https:\/\/www.myvize.com.tr\/macaristan\/#website\"},\"primaryImageOfPage\":{\"@id\":\"https:\/\/www.myvize.com.tr\/macaristan\/vize-islemleri\/macaristan-vatandaslik-islemleri\/#primaryimage\"},\"image\":{\"@id\":\"https:\/\/www.myvize.com.tr\/macaristan\/vize-islemleri\/macaristan-vatandaslik-islemleri\/#primaryimage\"},\"thumbnailUrl\":\"https:\/\/www.myvize.com.tr\/macaristan\/wp-content\/uploads\/2021\/10\/32.jpg\",\"datePublished\":\"2020-11-30T09:49:31+00:00\",\"dateModified\":\"2022-06-04T09:34:33+00:00\",\"description\":\"Macaristan vatanda\u015fl\u0131\u011f\u0131 ba\u015fvuru belgeleri. Macaristan vatanda\u015fl\u0131\u011f\u0131 i\u00e7in gerekli \u015fartlar. Macaristan vatanda\u015fl\u0131k i\u015flemleri nas\u0131l yap\u0131l\u0131r?\",\"breadcrumb\":{\"@id\":\"https:\/\/www.myvize.com.tr\/macaristan\/vize-islemleri\/macaristan-vatandaslik-islemleri\/#breadcrumb\"},\"inLanguage\":\"tr\",\"potentialAction\":[{\"@type\":\"ReadAction\",\"target\":[\"https:\/\/www.myvize.com.tr\/macaristan\/vize-islemleri\/macaristan-vatandaslik-islemleri\/\"]}]},{\"@type\":\"ImageObject\",\"inLanguage\":\"tr\",\"@id\":\"https:\/\/www.myvize.com.tr\/macaristan\/vize-islemleri\/macaristan-vatandaslik-islemleri\/#primaryimage\",\"url\":\"https:\/\/www.myvize.com.tr\/macaristan\/wp-content\/uploads\/2021\/10\/32.jpg\",\"contentUrl\":\"https:\/\/www.myvize.com.tr\/macaristan\/wp-content\/uploads\/2021\/10\/32.jpg\",\"width\":800,\"height\":500,\"caption\":\"Macaristan Vatanda\u015fl\u0131k \u0130\u015flemleri\"},{\"@type\":\"BreadcrumbList\",\"@id\":\"https:\/\/www.myvize.com.tr\/macaristan\/vize-islemleri\/macaristan-vatandaslik-islemleri\/#breadcrumb\",\"itemListElement\":[{\"@type\":\"ListItem\",\"position\":1,\"name\":\"Anasayfa\",\"item\":\"https:\/\/www.myvize.com.tr\/macaristan\/\"},{\"@type\":\"ListItem\",\"position\":2,\"name\":\"V\u0130ZE \u0130\u015eLEMLER\u0130\",\"item\":\"https:\/\/www.myvize.com.tr\/macaristan\/vize-islemleri\/\"},{\"@type\":\"ListItem\",\"position\":3,\"name\":\"Macaristan Vatanda\u015fl\u0131k \u0130\u015flemleri\"}]},{\"@type\":\"WebSite\",\"@id\":\"https:\/\/www.myvize.com.tr\/macaristan\/#website\",\"url\":\"https:\/\/www.myvize.com.tr\/macaristan\/\",\"name\":\"Macaristan Vizesi\",\"description\":\"\",\"potentialAction\":[{\"@type\":\"SearchAction\",\"target\":{\"@type\":\"EntryPoint\",\"urlTemplate\":\"https:\/\/www.myvize.com.tr\/macaristan\/?s={search_term_string}\"},\"query-input\":{\"@type\":\"PropertyValueSpecification\",\"valueRequired\":true,\"valueName\":\"search_term_string\"}}],\"inLanguage\":\"tr\"}]}<\/script>\n<!-- \/ Yoast SEO plugin. -->","yoast_head_json":{"title":"Macaristan Vatanda\u015fl\u0131k \u0130\u015flemleri Nelerdir? - MyVize","description":"Macaristan vatanda\u015fl\u0131\u011f\u0131 ba\u015fvuru belgeleri. Macaristan vatanda\u015fl\u0131\u011f\u0131 i\u00e7in gerekli \u015fartlar. Macaristan vatanda\u015fl\u0131k i\u015flemleri nas\u0131l yap\u0131l\u0131r?","robots":{"index":"index","follow":"follow","max-snippet":"max-snippet:-1","max-image-preview":"max-image-preview:large","max-video-preview":"max-video-preview:-1"},"canonical":"https:\/\/www.myvize.com.tr\/macaristan\/vize-islemleri\/macaristan-vatandaslik-islemleri\/","og_locale":"tr_TR","og_type":"article","og_title":"Macaristan Vatanda\u015fl\u0131k \u0130\u015flemleri Nelerdir? - MyVize","og_description":"Macaristan vatanda\u015fl\u0131\u011f\u0131 ba\u015fvuru belgeleri. Macaristan vatanda\u015fl\u0131\u011f\u0131 i\u00e7in gerekli \u015fartlar. Macaristan vatanda\u015fl\u0131k i\u015flemleri nas\u0131l yap\u0131l\u0131r?","og_url":"https:\/\/www.myvize.com.tr\/macaristan\/vize-islemleri\/macaristan-vatandaslik-islemleri\/","og_site_name":"Macaristan Vizesi","article_modified_time":"2022-06-04T09:34:33+00:00","og_image":[{"url":"https:\/\/www.myvize.com.tr\/macaristan\/wp-content\/uploads\/2021\/10\/32.jpg","type":"","width":"","height":""}],"twitter_card":"summary_large_image","twitter_misc":{"Tahmini okuma s\u00fcresi":"2 dakika"},"schema":{"@context":"https:\/\/schema.org","@graph":[{"@type":"WebPage","@id":"https:\/\/www.myvize.com.tr\/macaristan\/vize-islemleri\/macaristan-vatandaslik-islemleri\/","url":"https:\/\/www.myvize.com.tr\/macaristan\/vize-islemleri\/macaristan-vatandaslik-islemleri\/","name":"Macaristan Vatanda\u015fl\u0131k \u0130\u015flemleri Nelerdir? - MyVize","isPartOf":{"@id":"https:\/\/www.myvize.com.tr\/macaristan\/#website"},"primaryImageOfPage":{"@id":"https:\/\/www.myvize.com.tr\/macaristan\/vize-islemleri\/macaristan-vatandaslik-islemleri\/#primaryimage"},"image":{"@id":"https:\/\/www.myvize.com.tr\/macaristan\/vize-islemleri\/macaristan-vatandaslik-islemleri\/#primaryimage"},"thumbnailUrl":"https:\/\/www.myvize.com.tr\/macaristan\/wp-content\/uploads\/2021\/10\/32.jpg","datePublished":"2020-11-30T09:49:31+00:00","dateModified":"2022-06-04T09:34:33+00:00","description":"Macaristan vatanda\u015fl\u0131\u011f\u0131 ba\u015fvuru belgeleri. Macaristan vatanda\u015fl\u0131\u011f\u0131 i\u00e7in gerekli \u015fartlar. Macaristan vatanda\u015fl\u0131k i\u015flemleri nas\u0131l yap\u0131l\u0131r?","breadcrumb":{"@id":"https:\/\/www.myvize.com.tr\/macaristan\/vize-islemleri\/macaristan-vatandaslik-islemleri\/#breadcrumb"},"inLanguage":"tr","potentialAction":[{"@type":"ReadAction","target":["https:\/\/www.myvize.com.tr\/macaristan\/vize-islemleri\/macaristan-vatandaslik-islemleri\/"]}]},{"@type":"ImageObject","inLanguage":"tr","@id":"https:\/\/www.myvize.com.tr\/macaristan\/vize-islemleri\/macaristan-vatandaslik-islemleri\/#primaryimage","url":"https:\/\/www.myvize.com.tr\/macaristan\/wp-content\/uploads\/2021\/10\/32.jpg","contentUrl":"https:\/\/www.myvize.com.tr\/macaristan\/wp-content\/uploads\/2021\/10\/32.jpg","width":800,"height":500,"caption":"Macaristan Vatanda\u015fl\u0131k \u0130\u015flemleri"},{"@type":"BreadcrumbList","@id":"https:\/\/www.myvize.com.tr\/macaristan\/vize-islemleri\/macaristan-vatandaslik-islemleri\/#breadcrumb","itemListElement":[{"@type":"ListItem","position":1,"name":"Anasayfa","item":"https:\/\/www.myvize.com.tr\/macaristan\/"},{"@type":"ListItem","position":2,"name":"V\u0130ZE \u0130\u015eLEMLER\u0130","item":"https:\/\/www.myvize.com.tr\/macaristan\/vize-islemleri\/"},{"@type":"ListItem","position":3,"name":"Macaristan Vatanda\u015fl\u0131k \u0130\u015flemleri"}]},{"@type":"WebSite","@id":"https:\/\/www.myvize.com.tr\/macaristan\/#website","url":"https:\/\/www.myvize.com.tr\/macaristan\/","name":"Macaristan Vizesi","description":"","potentialAction":[{"@type":"SearchAction","target":{"@type":"EntryPoint","urlTemplate":"https:\/\/www.myvize.com.tr\/macaristan\/?s={search_term_string}"},"query-input":{"@type":"PropertyValueSpecification","valueRequired":true,"valueName":"search_term_string"}}],"inLanguage":"tr"}]}},"_links":{"self":[{"href":"https:\/\/www.myvize.com.tr\/macaristan\/wp-json\/wp\/v2\/pages\/51","targetHints":{"allow":["GET"]}}],"collection":[{"href":"https:\/\/www.myvize.com.tr\/macaristan\/wp-json\/wp\/v2\/pages"}],"about":[{"href":"https:\/\/www.myvize.com.tr\/macaristan\/wp-json\/wp\/v2\/types\/page"}],"author":[{"embeddable":true,"href":"https:\/\/www.myvize.com.tr\/macaristan\/wp-json\/wp\/v2\/users\/1"}],"replies":[{"embeddable":true,"href":"https:\/\/www.myvize.com.tr\/macaristan\/wp-json\/wp\/v2\/comments?post=51"}],"version-history":[{"count":5,"href":"https:\/\/www.myvize.com.tr\/macaristan\/wp-json\/wp\/v2\/pages\/51\/revisions"}],"predecessor-version":[{"id":884,"href":"https:\/\/www.myvize.com.tr\/macaristan\/wp-json\/wp\/v2\/pages\/51\/revisions\/884"}],"up":[{"embeddable":true,"href":"https:\/\/www.myvize.com.tr\/macaristan\/wp-json\/wp\/v2\/pages\/18"}],"wp:attachment":[{"href":"https:\/\/www.myvize.com.tr\/macaristan\/wp-json\/wp\/v2\/media?parent=51"}],"curies":[{"name":"wp","href":"https:\/\/api.w.org\/{rel}","templated":true}]}}