{"id":162,"date":"2020-12-25T13:33:46","date_gmt":"2020-12-25T10:33:46","guid":{"rendered":"https:\/\/www.myvize.com.tr\/malta\/?page_id=162"},"modified":"2022-06-08T11:34:32","modified_gmt":"2022-06-08T08:34:32","slug":"oturum-2","status":"publish","type":"page","link":"https:\/\/www.myvize.com.tr\/malta\/oturum-2\/","title":{"rendered":"MALTA OTURUM KARTI"},"content":{"rendered":"<p><span style=\"font-family: Roboto;\"><\/span><\/p>\r\n<p><span style=\"font-family: Roboto; font-size: 14px;\">Bir ada \u00fclkesi olan <strong>Malta e\u015fsiz manzaras\u0131<\/strong> ve do\u011fal g\u00fczellikleri ile en \u00e7ok merak edilen \u00fclkeler i\u00e7erisinde yer al\u0131r. \u00dclke tak\u0131madalar\u0131ndan olu\u015fur ve bu adalardan biri de Malta\u2019d\u0131r. Bozulmam\u0131\u015f bir do\u011faya, tarihi eserlere ve e\u015fsiz mimari eserlere sahiptir. \u00dclkenin ba\u015fkenti La Valletta&#8217;d\u0131r. <strong>Malta T\u00fcrkiye Cumhuriyeti<\/strong> vatanda\u015flar\u0131n\u0131 vizeye tabi tutuyor. Bu do\u011frultuda Malta\u2019da 3 aydan daha uzun bir s\u00fcre kalmay\u0131 planlayan <strong>T\u00fcrkiye Cumhuriyeti vatanda\u015flar\u0131n\u0131n<\/strong> g\u00f6\u00e7menlik b\u00fcrosuna ba\u015fvurular\u0131n\u0131 ger\u00e7ekle\u015ftirmeleri gerekir. Oturum izni i\u00e7in t\u00fcm vatanda\u015flar\u0131n en az 6 ay Malta\u2019da ikamet etmesi gerekir.<\/span><\/p>\r\n<h2><strong><span style=\"font-family: Roboto; font-size: 27px;\">Malta Oturum Kart\u0131 2022<\/span><\/strong><\/h2>\r\n<p><span style=\"font-family: Roboto; font-size: 14px;\">\u00dc\u00e7\u00fcnc\u00fc \u00fclke vatanda\u015flar\u0131na alt\u0131 ay\u0131 a\u015fan s\u00fcreler boyunca Malta\u2019da yasal olarak oturma izni veren <strong>Malta Oturum Kart\u0131<\/strong>, ayn\u0131 zamanda ki\u015finin bu s\u00fcrede yasal olarak \u00e7al\u0131\u015fmas\u0131na da imkan tan\u0131maktad\u0131r. Bu kart, hem oturum hem de \u00e7al\u0131\u015fma iznini kapsamaktad\u0131r. <span style=\"color: #2acec2;\"><strong><a style=\"color: #2acec2;\" href=\"https:\/\/www.myvize.com.tr\/malta\/vize-islemleri\/malta-oturum-izni\/\" target=\"_blank\" rel=\"noopener\">Malta Oturma izni<\/a><\/strong><\/span> \u015feklinde d\u00fczenlense de vatanda\u015f\u0131n \u00e7al\u0131\u015fma belgesi numaras\u0131n\u0131 ve \u00e7al\u0131\u015fma yerini de belirtir.<\/span><\/p>\r\n<p><span style=\"font-family: Roboto; font-size: 14px;\">\u00dc\u00e7\u00fcnc\u00fc \u00fclke vatanda\u015flar\u0131, \u00e7al\u0131\u015fma amac\u0131yla Malta&#8217;ya kabul edilmek i\u00e7in\u00a0<strong>Malta Oturum Kart\u0131 ba\u015fvurusu<\/strong> yapabilirler. Malta\u2019da bir i\u015f teklifi almadan bu oturum iznine ba\u015fvuru yapman\u0131za izin verilmez. Ba\u015fvurular yerel bir i\u015fveren taraf\u0131ndan onaylanmal\u0131d\u0131r. \u0130\u015fverenler, yabanc\u0131 uyruklu \u00e7al\u0131\u015fan adaylar\u0131 halen yurt d\u0131\u015f\u0131ndayken onun ad\u0131na ba\u015fvuruda bulunabilirler.\u00a0Ba\u015fvuru resmi olarak onaylan\u0131r onaylanmaz ba\u015fvuru sahibi, i\u015fe ba\u015flamak i\u00e7in Malta&#8217;ya gitme yetkisine sahip olacakt\u0131r.<\/span><\/p>\r\n<p><span style=\"font-family: Roboto; font-size: 14px;\">\u0130zin sahibi Malta&#8217;da \u00e7al\u0131\u015fmaya ve ikamet etmeye devam etmeyi d\u00fc\u015f\u00fcnm\u00fcyorsa, <strong>Malta Oturum Kart\u0131<\/strong> iade edilmelidir. \u0130\u015fverenlerin, istihdam\u0131n sona ermesinden itibaren d\u00f6rt g\u00fcn i\u00e7inde fesih belgesi g\u00f6ndermeleri gerekmektedir. Oturum iznine sahip olan ki\u015fi i\u015f yerini de\u011fi\u015ftirmek istedi\u011finde i\u015fveren ba\u015fvurusu yaparken yasal s\u00fcreyi unutmamal\u0131 ve ge\u00e7erli bir sebep sunmal\u0131d\u0131r.<\/span><\/p>\r\n<p><span style=\"font-family: Roboto; font-size: 14px;\"><span style=\"color: #2acec2;\"><strong><a style=\"color: #2acec2;\" href=\"https:\/\/www.myvize.com.tr\/malta\/vize-islemleri\/malta-vize-randevusu\/\" target=\"_blank\" rel=\"noopener\">Malta Vize Randevusu <\/a><\/strong><\/span>ile ilgili bilgi almak i\u00e7in bizi aray\u0131n.<\/span><\/p>\r\n<h2><span style=\"font-family: Roboto; font-size: 27px;\"><strong>Malta Oturum Kart\u0131 Nedir?<\/strong><\/span><\/h2>\r\n<p><span style=\"font-family: Roboto; font-size: 14px;\"><strong>Malta oturum kart\u0131<\/strong> \u00fc\u00e7\u00fcnc\u00fc \u00fclke vatanda\u015flar\u0131n\u0131n alt\u0131 ay\u0131 ge\u00e7en s\u00fcrelerde Malta\u2019 da yasal izinli olarak bulundu\u011funu g\u00f6steren evrakt\u0131r. Oturum kart\u0131 oturum izninin oldu\u011funu ispatlayan da bir belgedir. Bu belge d\u00fczenlenirken ve ba\u015fvuru a\u015famas\u0131nda <strong>Malta oturma izni<\/strong> olarak i\u015flemler yap\u0131l\u0131r ancak evrak \u00fczerinde \u00e7al\u0131\u015fma yeri ve \u00e7al\u0131\u015fma belge numaras\u0131 da yer almaktad\u0131r.<\/span><\/p>\r\n<p><span style=\"font-family: Roboto; font-size: 14px;\">Malta oturum kart\u0131na ba\u015fvurabilmek i\u00e7in en az 6 ayd\u0131r<strong> Malta\u2019 da ya\u015f\u0131yor olmak<\/strong> ve bir i\u015f yerinde \u00e7al\u0131\u015f\u0131yor olunmas\u0131 gerekir. Kart \u00fczerinde \u00e7al\u0131\u015fma izni al\u0131n\u0131rken i\u015f veren ile yap\u0131lan s\u00f6zle\u015fmeye istinaden i\u015f yerinin adresi ve Malta \u00fclkesinin verdi\u011fi \u00e7al\u0131\u015fma belgesi numaras\u0131 da yer al\u0131r. T\u00fcrk vatanda\u015f\u0131n\u0131n Malta\u2019 da \u00e7al\u0131\u015ft\u0131\u011f\u0131 yerden ayr\u0131lmas\u0131 durumunda i\u015f yerinin belgenin feshi i\u00e7in d\u00f6rt g\u00fcn sonras\u0131na gerekli yerlere fesih evraklar\u0131n\u0131 g\u00f6ndermesi gerekir. Malta\u2019 da bir i\u015f de\u011fi\u015fikli\u011fi yap\u0131lmas\u0131 d\u00fc\u015f\u00fcn\u00fcld\u00fc\u011f\u00fcnde yeni i\u015f yerine ba\u015flama zaman\u0131 iyi ayarlanmal\u0131 ve bu d\u00f6rt g\u00fcnl\u00fck s\u00fcre dikkate al\u0131narak ba\u015fvurularda bulunulmal\u0131d\u0131r.<\/span><\/p>\r\n<h2><span style=\"font-family: Roboto; font-size: 27px;\"><strong>Malta Oturum Kart\u0131 \u0130\u015flemleri<\/strong><\/span><\/h2>\r\n<p><span style=\"font-family: Roboto; font-size: 14px;\"><strong>Malta oturum kart\u0131 almak<\/strong> i\u00e7in \u00f6ncelikle \u00e7al\u0131\u015fma izni evraklar\u0131 tam olarak Malta\u2019 da bir i\u015fe ba\u015flam\u0131\u015f olmak gerekir. T\u00fcrkiye\u2019 den<strong> Malta\u2019 ya yerle\u015fmek<\/strong> isteyen biri ilk olarak Malta\u2019da bir i\u015f yeri ile anla\u015farak i\u015fe giri\u015fini sa\u011flar. Konsolosluklara dan\u0131\u015fman firmalar arac\u0131l\u0131\u011f\u0131yla evraklar\u0131n\u0131 iletir ve \u00e7al\u0131\u015fma vizesinin onaylanmas\u0131 ile Malta\u2019 ya \u00e7al\u0131\u015fmaya gidebilir. Ayn\u0131 firma da 6 ay\u0131 ge\u00e7en bir s\u00fcre \u00e7al\u0131\u015fmas\u0131 sonras\u0131nda oturma iznine yani oturum kart\u0131 \u00e7\u0131kart\u0131lmas\u0131n\u0131n i\u015flemlerine ba\u015flan\u0131labilir. Oturum kart\u0131 oturma izni ile ayn\u0131 anlama gelmektedir.<\/span><\/p>\r\n<p><span style=\"font-family: Roboto; font-size: 14px;\">Malta\u2019 da bir i\u015f teklifi almadan oturum kart\u0131 \u00e7\u0131kart\u0131labilmesi i\u00e7in ba\u015fvuruda bulunulmas\u0131na izin verilmemektedir. Oturum kart\u0131na ba\u015fvuru esnas\u0131nda yeni i\u015fveren ile yap\u0131lan s\u00f6zle\u015fme de istenmektedir. Ba\u015fvuru evraklar\u0131 Malta yerel vatanda\u015f\u0131 olan bir i\u015fveren taraf\u0131ndan imzalanm\u0131\u015f olmal\u0131d\u0131r. Oturum kart\u0131 ba\u015fvurular\u0131 Malta\u2019 ya hen\u00fcz gelmemi\u015fken i\u015f veren taraf\u0131ndan da yap\u0131labilir.<\/span><\/p>\r\n<h2><span style=\"font-family: Roboto; font-size: 27px;\"><strong>Malta Oturum Kart\u0131 Nas\u0131l Al\u0131n\u0131r?<\/strong><\/span><\/h2>\r\n<p><span style=\"font-family: Roboto; font-size: 14px;\">Malta oturum kart\u0131 al\u0131nmas\u0131 \u00fc\u00e7\u00fcnc\u00fc \u00fclke vatanda\u015flar\u0131n\u0131n Malta\u2019 da i\u015f bulunmas\u0131 gerekir. Oturum kart\u0131 i\u015flemleri T\u00fcrkiye\u2019 de de\u011fil Malta\u2019 da ger\u00e7ekle\u015ftirilir. Bu evrak Malta\u2019 da resmi kanallar\u0131n onay\u0131 ile bulundu\u011funuzu ve belirli bir adreste ikamet edip \u00e7al\u0131\u015ft\u0131\u011f\u0131n\u0131z\u0131 belirtmektedir.<\/span><\/p>\r\n<p><span style=\"font-family: Roboto; font-size: 14px;\">Malta oturum kart\u0131 al\u0131nabilmesi i\u00e7in \u00fc\u00e7\u00fcnc\u00fc \u00fclke vatanda\u015flar\u0131n\u0131n Malta\u2019 n\u0131n yerel halk\u0131ndan olan i\u015fveren ile bir i\u015f s\u00f6zle\u015fmesi haz\u0131rlamas\u0131 gerekir. Yap\u0131lan s\u00f6zle\u015fmeyi i\u015fveren Malta\u2019 da bulunan \u0130stihdam ve E\u011fitim kurumlar\u0131na sunarak gerekli i\u015flemleri ba\u015flat\u0131r ve \u00f6demeleri yapar. \u00a0\u0130\u015fverenin yapt\u0131\u011f\u0131 ba\u015fvurunun onaylanmas\u0131 sonucunda i\u015f yerinde \u00e7al\u0131\u015fmaya ba\u015flanabilir ve Malta oturum kart\u0131 \u00e7\u0131kart\u0131l\u0131r.<\/span><\/p>\r\n<p><span style=\"font-family: Roboto; font-size: 14px;\">Malta oturum kart\u0131n\u0131n veya oturum izninin al\u0131nabilmesi i\u00e7in baz\u0131 \u015fartlar\u0131n yerine getirilmesi gerekmektedir. Bunlar; Maltaca veya \u0130ngilizce dillerinden birine ileti\u015fim kurulabilecek kadar hakim olunmal\u0131,<\/span><\/p>\r\n<p><span style=\"font-family: Roboto; font-size: 14px;\">Sa\u011fl\u0131k ihtiya\u00e7lar\u0131n\u0131n kar\u015f\u0131layabilecek kapsaml\u0131 bir sa\u011fl\u0131k sigortas\u0131na sahip olunmal\u0131,<\/span><\/p>\r\n<p><span style=\"font-family: Roboto; font-size: 14px;\">Ki\u015finin kendisini ve bakmakla y\u00fck\u00fcml\u00fc oldu\u011fu ki\u015filerin ge\u00e7imlerini sa\u011flayabilecek bir gelire sahip olunmal\u0131.<\/span><\/p>\r\n<p><span style=\"font-family: Roboto; font-size: 14px;\">Bu evraklar ve i\u015f veren taraf\u0131ndan haz\u0131rlanan belgelerin yer ald\u0131\u011f\u0131 dosya ile Malta resmi makamlar\u0131na ba\u015fvuru yap\u0131ld\u0131\u011f\u0131 taktirde oturum kart\u0131 al\u0131nmas\u0131nda bir problem olmayacakt\u0131r.<\/span><\/p>\r\n<h2><span style=\"font-family: Roboto; font-size: 27px;\"><strong>Malta Oturum Kart\u0131 Ka\u00e7 G\u00fcnde \u00c7\u0131kar?<\/strong><\/span><\/h2>\r\n<p><span style=\"font-family: Roboto; font-size: 14px;\"><strong>Malta oturum kart\u0131<\/strong> T\u00fcrkiye Cumhuriyeti ve di\u011fer \u00fc\u00e7\u00fcnc\u00fc \u00fclke vatanda\u015flar\u0131n\u0131n Malta\u2019 da \u00e7al\u0131\u015fmak i\u00e7in yapt\u0131klar\u0131 ba\u015fvurular sonucunda Malta h\u00fck\u00fcmetince verilen oturum izni yerine de ge\u00e7en bir kartt\u0131r. Oturum kart\u0131 al\u0131nmas\u0131 i\u00e7in ba\u015fvurular Malta resmi makamlar\u0131na yap\u0131lmaktad\u0131r. Avrupa Birli\u011fi vatanda\u015flar\u0131n\u0131n b\u00f6yle bir izin i\u00e7in ba\u015fvuruda bulunmalar\u0131na gerek yoktur.<\/span><\/p>\r\n<p><span style=\"font-family: Roboto; font-size: 14px;\"><strong>Malta oturum kart\u0131 ba\u015fvurular\u0131<\/strong> oturma izninden daha k\u0131sa zamanlarda sonu\u00e7lan\u0131r. Ba\u015fvurunun en k\u0131sa zamanda sonu\u00e7land\u0131r\u0131lmas\u0131 i\u00e7in Malta resmi makamlar\u0131na teslim edilen evraklarda ve i\u015f veren ile yap\u0131lan i\u015f s\u00f6zle\u015fmesinde yanl\u0131\u015f veya eksik bilgi ya da bir tutars\u0131zl\u0131k olmamas\u0131 gerekir. \u00a0B\u00f6yle durumlarda \u00e7\u0131kar\u0131lmak istenen izinler i\u00e7in s\u00fcreler uzar ve i\u015flerde aksakl\u0131klar ya\u015fanabilir. \u00a0Oturum kartlar\u0131n\u0131n iptal s\u00fcresi \u00e7\u0131kart\u0131lma s\u00fcresi kadar uzun de\u011fildir. \u0130\u015f yeri ile \u00e7al\u0131\u015fma s\u00f6zle\u015fmeniz bitti\u011finde i\u015f veren s\u00f6zle\u015fmenin bitti\u011fini \u0130stihdam kurumlar\u0131na bildirir. Bu bildirimden 4 g\u00fcn kadar sonra oturum kart\u0131 fesh edilir. Bu sebeple Malta\u2019 da yap\u0131lacak i\u015f de\u011fi\u015fikli\u011fin de bu d\u00f6rt g\u00fcnl\u00fck s\u00fcrece dikkat edilmelidir.<\/span><\/p>\r\n<p><span style=\"font-family: Roboto; font-size: 14px;\">\r\n\r\n<\/span><\/p>\r\n<h3><span style=\"font-family: Roboto; font-size: 24px;\"><strong>E\u011fitim Ama\u00e7l\u0131 Oturum Vizesi<\/strong><\/span><\/h3>\r\n<p><span style=\"font-family: Roboto; font-size: 14px;\">\r\n\r\n<\/span><\/p>\r\n<p><span style=\"font-family: Roboto; font-size: 14px;\">Malta d\u0131\u015far\u0131dan gelen yabanc\u0131 \u00f6\u011frencilere \u00fclkede e\u011fitim alabilmesi i\u00e7in oturum vizesi imk\u00e2n\u0131 tan\u0131yor. \u00dcniversite ve y\u00fcksek okullar\u0131 ile son d\u00f6nemlerde pop\u00fcler hale gelen Malta T\u00fcrkiye&#8217;de bulunan \u00f6\u011frencilerin de dikkatini \u00e7ekiyor. E\u011fitim ama\u00e7l\u0131 al\u0131nacak olan <strong>oturum vizesi<\/strong> i\u00e7in \u00f6\u011frenci velilerinin de \u00f6\u011fretim s\u00fcreci boyunca \u00f6\u011frenciye e\u015flik edece\u011fini bildirmesi gerekiyor. \u00d6\u011frencinin t\u00fcm sponsorlu\u011funu \u00fcstlenecek olan ki\u015fi, e\u011fitim s\u00fcreci boyunca konaklama masraflar\u0131n\u0131 kar\u015f\u0131layabilecek banka d\u00f6k\u00fcm bilgilerini ve mal varl\u0131\u011f\u0131 bildirimini ispat etmesi gerekir.<\/span><\/p>\r\n<p><span style=\"font-family: Roboto; font-size: 14px;\">\r\n\r\n<\/span><\/p>\r\n<h3><span style=\"font-family: Roboto; font-size: 24px;\"><strong>Malta \u00c7al\u0131\u015fma \u0130zni<\/strong><\/span><\/h3>\r\n<p><span style=\"font-family: Roboto; font-size: 14px;\">\r\n\r\n<\/span><\/p>\r\n<p><span style=\"font-family: Roboto; font-size: 14px;\"><strong>Malta\u2019da oturum izni<\/strong> talebinde bulunan ki\u015filerin devam\u0131nda gerek\u00e7elerini de bildirmeleri gerekir. <strong>Malta&#8217;da \u00e7al\u0131\u015fmak<\/strong> isteyen ki\u015filerin \u00f6ncelikle hangi meslek dal\u0131nda ba\u015fvuru yapaca\u011f\u0131n\u0131 bildirmesi gerekir. \u00c7\u00fcnk\u00fc Malta\u2019da sadece meslek sahipleri oturum izni ba\u015fvurusunda bulunabilirler.<\/span><\/p>\r\n<p><span style=\"font-family: Roboto; font-size: 14px;\"> <img decoding=\"async\" src=\"https:\/\/www.myvize.com.tr\/malta\/wp-content\/uploads\/2021\/10\/26.jpg\" \/> <\/span><\/p>\r\n<h3><span style=\"font-family: Roboto; font-size: 24px;\"><strong>Yat\u0131r\u0131m Yoluyla Malta Oturum \u0130zni<\/strong><\/span><\/h3>\r\n<p><span style=\"font-family: Roboto; font-size: 14px;\">\r\n\r\n<\/span><\/p>\r\n<p><span style=\"font-family: Roboto; font-size: 14px;\"><strong>Malta\u2019da yat\u0131r\u0131m yoluyla<\/strong> oturum izni almak isteyenler \u00fclkede s\u00fcresiz ya\u015fama hakk\u0131 elde edebilirler. Bu durum ki\u015finin e\u015fini ve 27 ya\u015f\u0131ndan k\u00fc\u00e7\u00fck t\u00fcm bek\u00e2r \u00e7ocuklar\u0131n\u0131 kapsar. Malta oturum izni alan ki\u015filer t\u00fcm Schengen \u00fclkelerine serbest bir \u015fekilde dola\u015fabilirler. Ayr\u0131ca iste\u011fe ba\u011fl\u0131 olarak bir y\u0131l i\u00e7erisinde 6 ay gibi seyahat i\u015flemlerini ger\u00e7ekle\u015ftirirler. Oturum izni ve oturum kart\u0131 i\u00e7in t\u00fcm prosed\u00fcrlerin yerine getirilmesi gerekir.<\/span><\/p>\r\n<p><span style=\"font-family: Roboto;\"><\/span><\/p>","protected":false},"excerpt":{"rendered":"<p>Bir ada \u00fclkesi olan Malta e\u015fsiz manzaras\u0131 ve do\u011fal g\u00fczellikleri ile en \u00e7ok merak edilen \u00fclkeler i\u00e7erisinde yer al\u0131r. \u00dclke tak\u0131madalar\u0131ndan olu\u015fur ve bu adalardan biri de Malta\u2019d\u0131r. Bozulmam\u0131\u015f bir do\u011faya, tarihi eserlere ve e\u015fsiz mimari eserlere sahiptir. \u00dclkenin ba\u015fkenti La Valletta&#8217;d\u0131r. Malta T\u00fcrkiye Cumhuriyeti vatanda\u015flar\u0131n\u0131 vizeye tabi tutuyor. Bu do\u011frultuda Malta\u2019da 3 aydan daha<\/p>\n","protected":false},"author":1,"featured_media":0,"parent":0,"menu_order":0,"comment_status":"open","ping_status":"closed","template":"","meta":{"footnotes":""},"class_list":["post-162","page","type-page","status-publish","hentry"],"yoast_head":"<!-- This site is optimized with the Yoast SEO plugin v24.0 - https:\/\/yoast.com\/wordpress\/plugins\/seo\/ -->\n<title>Malta Oturum \u0130zni - Malta Oturum Kart\u0131 - MyVize<\/title>\n<meta name=\"description\" content=\"Malta oturum vizesi i\u00e7in gerekli \u015fartlar. Malta oturum vizesi i\u00e7in ba\u015fvuru formu ve dilek\u00e7esi, g\u00f6rsel anlat\u0131m.\" \/>\n<meta name=\"robots\" content=\"index, follow, max-snippet:-1, max-image-preview:large, max-video-preview:-1\" \/>\n<link rel=\"canonical\" href=\"https:\/\/www.myvize.com.tr\/malta\/oturum-2\/\" \/>\n<meta property=\"og:locale\" content=\"tr_TR\" \/>\n<meta property=\"og:type\" content=\"article\" \/>\n<meta property=\"og:title\" content=\"Malta Oturum \u0130zni - Malta Oturum Kart\u0131 - MyVize\" \/>\n<meta property=\"og:description\" content=\"Malta oturum vizesi i\u00e7in gerekli \u015fartlar. Malta oturum vizesi i\u00e7in ba\u015fvuru formu ve dilek\u00e7esi, g\u00f6rsel anlat\u0131m.\" \/>\n<meta property=\"og:url\" content=\"https:\/\/www.myvize.com.tr\/malta\/oturum-2\/\" \/>\n<meta property=\"og:site_name\" content=\"Malta Vizesi\" \/>\n<meta property=\"article:modified_time\" content=\"2022-06-08T08:34:32+00:00\" \/>\n<meta property=\"og:image\" content=\"https:\/\/www.myvize.com.tr\/malta\/wp-content\/uploads\/2021\/10\/26.jpg\" \/>\n<meta name=\"twitter:card\" content=\"summary_large_image\" \/>\n<meta name=\"twitter:label1\" content=\"Tahmini okuma s\u00fcresi\" \/>\n\t<meta name=\"twitter:data1\" content=\"5 dakika\" \/>\n<script type=\"application\/ld+json\" class=\"yoast-schema-graph\">{\"@context\":\"https:\/\/schema.org\",\"@graph\":[{\"@type\":\"WebPage\",\"@id\":\"https:\/\/www.myvize.com.tr\/malta\/oturum-2\/\",\"url\":\"https:\/\/www.myvize.com.tr\/malta\/oturum-2\/\",\"name\":\"Malta Oturum \u0130zni - Malta Oturum Kart\u0131 - MyVize\",\"isPartOf\":{\"@id\":\"https:\/\/www.myvize.com.tr\/malta\/#website\"},\"primaryImageOfPage\":{\"@id\":\"https:\/\/www.myvize.com.tr\/malta\/oturum-2\/#primaryimage\"},\"image\":{\"@id\":\"https:\/\/www.myvize.com.tr\/malta\/oturum-2\/#primaryimage\"},\"thumbnailUrl\":\"https:\/\/www.myvize.com.tr\/malta\/wp-content\/uploads\/2021\/10\/26.jpg\",\"datePublished\":\"2020-12-25T10:33:46+00:00\",\"dateModified\":\"2022-06-08T08:34:32+00:00\",\"description\":\"Malta oturum vizesi i\u00e7in gerekli \u015fartlar. Malta oturum vizesi i\u00e7in ba\u015fvuru formu ve dilek\u00e7esi, g\u00f6rsel anlat\u0131m.\",\"breadcrumb\":{\"@id\":\"https:\/\/www.myvize.com.tr\/malta\/oturum-2\/#breadcrumb\"},\"inLanguage\":\"tr\",\"potentialAction\":[{\"@type\":\"ReadAction\",\"target\":[\"https:\/\/www.myvize.com.tr\/malta\/oturum-2\/\"]}]},{\"@type\":\"ImageObject\",\"inLanguage\":\"tr\",\"@id\":\"https:\/\/www.myvize.com.tr\/malta\/oturum-2\/#primaryimage\",\"url\":\"https:\/\/www.myvize.com.tr\/malta\/wp-content\/uploads\/2021\/10\/26.jpg\",\"contentUrl\":\"https:\/\/www.myvize.com.tr\/malta\/wp-content\/uploads\/2021\/10\/26.jpg\",\"width\":800,\"height\":500,\"caption\":\"Malta Oturum Kart\u0131\"},{\"@type\":\"BreadcrumbList\",\"@id\":\"https:\/\/www.myvize.com.tr\/malta\/oturum-2\/#breadcrumb\",\"itemListElement\":[{\"@type\":\"ListItem\",\"position\":1,\"name\":\"Anasayfa\",\"item\":\"https:\/\/www.myvize.com.tr\/malta\/\"},{\"@type\":\"ListItem\",\"position\":2,\"name\":\"MALTA OTURUM KARTI\"}]},{\"@type\":\"WebSite\",\"@id\":\"https:\/\/www.myvize.com.tr\/malta\/#website\",\"url\":\"https:\/\/www.myvize.com.tr\/malta\/\",\"name\":\"Malta Vizesi\",\"description\":\"\",\"potentialAction\":[{\"@type\":\"SearchAction\",\"target\":{\"@type\":\"EntryPoint\",\"urlTemplate\":\"https:\/\/www.myvize.com.tr\/malta\/?s={search_term_string}\"},\"query-input\":{\"@type\":\"PropertyValueSpecification\",\"valueRequired\":true,\"valueName\":\"search_term_string\"}}],\"inLanguage\":\"tr\"}]}<\/script>\n<!-- \/ Yoast SEO plugin. -->","yoast_head_json":{"title":"Malta Oturum \u0130zni - Malta Oturum Kart\u0131 - MyVize","description":"Malta oturum vizesi i\u00e7in gerekli \u015fartlar. Malta oturum vizesi i\u00e7in ba\u015fvuru formu ve dilek\u00e7esi, g\u00f6rsel anlat\u0131m.","robots":{"index":"index","follow":"follow","max-snippet":"max-snippet:-1","max-image-preview":"max-image-preview:large","max-video-preview":"max-video-preview:-1"},"canonical":"https:\/\/www.myvize.com.tr\/malta\/oturum-2\/","og_locale":"tr_TR","og_type":"article","og_title":"Malta Oturum \u0130zni - Malta Oturum Kart\u0131 - MyVize","og_description":"Malta oturum vizesi i\u00e7in gerekli \u015fartlar. Malta oturum vizesi i\u00e7in ba\u015fvuru formu ve dilek\u00e7esi, g\u00f6rsel anlat\u0131m.","og_url":"https:\/\/www.myvize.com.tr\/malta\/oturum-2\/","og_site_name":"Malta Vizesi","article_modified_time":"2022-06-08T08:34:32+00:00","og_image":[{"url":"https:\/\/www.myvize.com.tr\/malta\/wp-content\/uploads\/2021\/10\/26.jpg","type":"","width":"","height":""}],"twitter_card":"summary_large_image","twitter_misc":{"Tahmini okuma s\u00fcresi":"5 dakika"},"schema":{"@context":"https:\/\/schema.org","@graph":[{"@type":"WebPage","@id":"https:\/\/www.myvize.com.tr\/malta\/oturum-2\/","url":"https:\/\/www.myvize.com.tr\/malta\/oturum-2\/","name":"Malta Oturum \u0130zni - Malta Oturum Kart\u0131 - MyVize","isPartOf":{"@id":"https:\/\/www.myvize.com.tr\/malta\/#website"},"primaryImageOfPage":{"@id":"https:\/\/www.myvize.com.tr\/malta\/oturum-2\/#primaryimage"},"image":{"@id":"https:\/\/www.myvize.com.tr\/malta\/oturum-2\/#primaryimage"},"thumbnailUrl":"https:\/\/www.myvize.com.tr\/malta\/wp-content\/uploads\/2021\/10\/26.jpg","datePublished":"2020-12-25T10:33:46+00:00","dateModified":"2022-06-08T08:34:32+00:00","description":"Malta oturum vizesi i\u00e7in gerekli \u015fartlar. Malta oturum vizesi i\u00e7in ba\u015fvuru formu ve dilek\u00e7esi, g\u00f6rsel anlat\u0131m.","breadcrumb":{"@id":"https:\/\/www.myvize.com.tr\/malta\/oturum-2\/#breadcrumb"},"inLanguage":"tr","potentialAction":[{"@type":"ReadAction","target":["https:\/\/www.myvize.com.tr\/malta\/oturum-2\/"]}]},{"@type":"ImageObject","inLanguage":"tr","@id":"https:\/\/www.myvize.com.tr\/malta\/oturum-2\/#primaryimage","url":"https:\/\/www.myvize.com.tr\/malta\/wp-content\/uploads\/2021\/10\/26.jpg","contentUrl":"https:\/\/www.myvize.com.tr\/malta\/wp-content\/uploads\/2021\/10\/26.jpg","width":800,"height":500,"caption":"Malta Oturum Kart\u0131"},{"@type":"BreadcrumbList","@id":"https:\/\/www.myvize.com.tr\/malta\/oturum-2\/#breadcrumb","itemListElement":[{"@type":"ListItem","position":1,"name":"Anasayfa","item":"https:\/\/www.myvize.com.tr\/malta\/"},{"@type":"ListItem","position":2,"name":"MALTA OTURUM KARTI"}]},{"@type":"WebSite","@id":"https:\/\/www.myvize.com.tr\/malta\/#website","url":"https:\/\/www.myvize.com.tr\/malta\/","name":"Malta Vizesi","description":"","potentialAction":[{"@type":"SearchAction","target":{"@type":"EntryPoint","urlTemplate":"https:\/\/www.myvize.com.tr\/malta\/?s={search_term_string}"},"query-input":{"@type":"PropertyValueSpecification","valueRequired":true,"valueName":"search_term_string"}}],"inLanguage":"tr"}]}},"_links":{"self":[{"href":"https:\/\/www.myvize.com.tr\/malta\/wp-json\/wp\/v2\/pages\/162","targetHints":{"allow":["GET"]}}],"collection":[{"href":"https:\/\/www.myvize.com.tr\/malta\/wp-json\/wp\/v2\/pages"}],"about":[{"href":"https:\/\/www.myvize.com.tr\/malta\/wp-json\/wp\/v2\/types\/page"}],"author":[{"embeddable":true,"href":"https:\/\/www.myvize.com.tr\/malta\/wp-json\/wp\/v2\/users\/1"}],"replies":[{"embeddable":true,"href":"https:\/\/www.myvize.com.tr\/malta\/wp-json\/wp\/v2\/comments?post=162"}],"version-history":[{"count":10,"href":"https:\/\/www.myvize.com.tr\/malta\/wp-json\/wp\/v2\/pages\/162\/revisions"}],"predecessor-version":[{"id":768,"href":"https:\/\/www.myvize.com.tr\/malta\/wp-json\/wp\/v2\/pages\/162\/revisions\/768"}],"wp:attachment":[{"href":"https:\/\/www.myvize.com.tr\/malta\/wp-json\/wp\/v2\/media?parent=162"}],"curies":[{"name":"wp","href":"https:\/\/api.w.org\/{rel}","templated":true}]}}