{"id":165,"date":"2020-12-25T13:34:05","date_gmt":"2020-12-25T10:34:05","guid":{"rendered":"https:\/\/www.myvize.com.tr\/malta\/?page_id=165"},"modified":"2022-07-20T12:23:29","modified_gmt":"2022-07-20T09:23:29","slug":"vatandaslik","status":"publish","type":"page","link":"https:\/\/www.myvize.com.tr\/malta\/vatandaslik\/","title":{"rendered":"VATANDA\u015eLIK"},"content":{"rendered":"<h2><strong><span style=\"font-family: Roboto; font-size: 27px;\">Malta Vatanda\u015fl\u0131k<\/span><\/strong><\/h2>\n<p><span style=\"font-family: Roboto; font-size: 14px;\">Akdeniz&#8217;in merkezinde yer alan Malta,\u00a0\u00e7o\u011fu insan\u0131n ya\u015famak, \u00e7al\u0131\u015fmak ve seyahat etmek istedi\u011fi \u00fclkelerden biri olmaktad\u0131r. Sadece g\u00fczellik ve iklim ko\u015fullar\u0131 nedeniyle de\u011fil, ayn\u0131 zamanda bireyin i\u015f d\u00fcnyas\u0131nda geli\u015fmesine olanak sa\u011flamas\u0131ndan dolay\u0131 da bu \u00fclkeye yerle\u015fmek isteyen \u00e7ok say\u0131da insan bulunmaktad\u0131r. <strong>Malta vatanda\u015fl\u0131k hakk\u0131<\/strong> elde etmek ve \u00fclkenin sundu\u011fu olanaklardan yararlanmak isteyebilirsiniz. Bunun i\u00e7in baz\u0131 detaylara odaklanman\u0131z ve ba\u015fvuru prosed\u00fcr\u00fcn\u00fc yerine getirmeniz gerekmektedir.<\/span><\/p>\n<p><span style=\"font-family: Roboto; font-size: 14px;\">Malta, AB \u00fcyesidir ve istikrarl\u0131 bir siyasi politikaya, b\u00fcy\u00fcyen bir ekonomiye ve d\u00fcnyan\u0131n en sa\u011flam bankalar\u0131ndan baz\u0131lar\u0131na ev sahipli\u011fi yapmaktad\u0131r.\u00a0Son zamanlarda pek \u00e7ok \u00fclke yat\u0131r\u0131m yoluyla vatanda\u015fl\u0131k kabul etmektedir.\u00a0Bu \u00fclkelerden biri olan Malta, potansiyel yat\u0131r\u0131mc\u0131lar\u0131n \u00fclkede yasal olarak ikamet etmelerini ve \u00e7al\u0131\u015fmalar\u0131n\u0131 da kolayla\u015ft\u0131rmaktad\u0131r. Bu da demek oluyor ki, bir giri\u015fimci ya da yat\u0131r\u0131mc\u0131 olarak <strong>Malta vatanda\u015fl\u0131k ba\u015fvurusu<\/strong> yapman\u0131z m\u00fcmk\u00fcnd\u00fcr.<\/span><\/p>\n<p><span style=\"font-family: Roboto; font-size: 14px;\">\u0130kinci vatanda\u015fl\u0131k almak ve bunun sonucunda g\u00fc\u00e7l\u00fc bir pasaporta sahip olmak, d\u00fcnyan\u0131n geri kalan\u0131na daha kolay seyahat etmenize de izin verir.\u00a0B\u00f6ylece sizin, ailenizin ve i\u015finizin gelecekte de g\u00fcvende oldu\u011funu bilirsiniz.<strong>\u00a0Malta vatanda\u015fl\u0131k<\/strong> \u00e7e\u015fitleri \u015f\u00f6yle s\u0131ralanabilir: do\u011fu\u015ftan vatanda\u015fl\u0131k hakk\u0131, yat\u0131r\u0131m yoluyla vatanda\u015fl\u0131k, evlilik yoluyla vatanda\u015fl\u0131k, evlat edinilme yoluyla vatanda\u015fl\u0131k. Hangi yollarla <strong>Malta vatanda\u015f\u0131<\/strong> olman\u0131n sizin i\u00e7in daha do\u011fru oldu\u011funa karar vermek i\u00e7in konsolosluklardan da bilgi alabilirsiniz.<\/span><\/p>\n<p><span style=\"font-family: Roboto; font-size: 14px;\"><span style=\"color: #2acec2;\"><strong><a style=\"color: #2acec2;\" href=\"https:\/\/www.myvize.com.tr\/malta\/vize-islemleri\/malta-vize-reddi\/\" target=\"_blank\" rel=\"noopener\">Malta Vize Reddi <\/a><\/strong><\/span>ile ilgili bilgi almak i\u00e7in bizi aray\u0131n.<\/span><\/p>\n<p><img decoding=\"async\" src=\"https:\/\/www.myvize.com.tr\/malta\/wp-content\/uploads\/2021\/10\/27.jpg\" \/><\/p>\n","protected":false},"excerpt":{"rendered":"<p>Malta Vatanda\u015fl\u0131k Akdeniz&#8217;in merkezinde yer alan Malta,\u00a0\u00e7o\u011fu insan\u0131n ya\u015famak, \u00e7al\u0131\u015fmak ve seyahat etmek istedi\u011fi \u00fclkelerden biri olmaktad\u0131r. Sadece g\u00fczellik ve iklim ko\u015fullar\u0131 nedeniyle de\u011fil, ayn\u0131 zamanda bireyin i\u015f d\u00fcnyas\u0131nda geli\u015fmesine olanak sa\u011flamas\u0131ndan dolay\u0131 da bu \u00fclkeye yerle\u015fmek isteyen \u00e7ok say\u0131da insan bulunmaktad\u0131r. Malta vatanda\u015fl\u0131k hakk\u0131 elde etmek ve \u00fclkenin sundu\u011fu olanaklardan yararlanmak isteyebilirsiniz. Bunun i\u00e7in<\/p>\n","protected":false},"author":1,"featured_media":0,"parent":0,"menu_order":0,"comment_status":"open","ping_status":"closed","template":"","meta":{"footnotes":""},"class_list":["post-165","page","type-page","status-publish","hentry"],"yoast_head":"<!-- This site is optimized with the Yoast SEO plugin v24.0 - https:\/\/yoast.com\/wordpress\/plugins\/seo\/ -->\n<title>Malta Vatanda\u015fl\u0131k \u0130\u015flemi - Malta Vatanda\u015fl\u0131\u011f\u0131 - MyVize<\/title>\n<meta name=\"description\" content=\"Malta vatanda\u015fl\u0131\u011f\u0131 ba\u015fvuru belgeleri. Malta vatanda\u015fl\u0131\u011f\u0131 i\u00e7in gerekli \u015fartlar. Malta vatanda\u015fl\u0131k i\u015flemleri. Malta Vatanda\u015fl\u0131\u011f\u0131 Nas\u0131l Al\u0131n\u0131r?\" \/>\n<meta name=\"robots\" content=\"index, follow, max-snippet:-1, max-image-preview:large, max-video-preview:-1\" \/>\n<link rel=\"canonical\" href=\"https:\/\/www.myvize.com.tr\/malta\/vatandaslik\/\" \/>\n<meta property=\"og:locale\" content=\"tr_TR\" \/>\n<meta property=\"og:type\" content=\"article\" \/>\n<meta property=\"og:title\" content=\"Malta Vatanda\u015fl\u0131k \u0130\u015flemi - Malta Vatanda\u015fl\u0131\u011f\u0131 - MyVize\" \/>\n<meta property=\"og:description\" content=\"Malta vatanda\u015fl\u0131\u011f\u0131 ba\u015fvuru belgeleri. Malta vatanda\u015fl\u0131\u011f\u0131 i\u00e7in gerekli \u015fartlar. Malta vatanda\u015fl\u0131k i\u015flemleri. Malta Vatanda\u015fl\u0131\u011f\u0131 Nas\u0131l Al\u0131n\u0131r?\" \/>\n<meta property=\"og:url\" content=\"https:\/\/www.myvize.com.tr\/malta\/vatandaslik\/\" \/>\n<meta property=\"og:site_name\" content=\"Malta Vizesi\" \/>\n<meta property=\"article:modified_time\" content=\"2022-07-20T09:23:29+00:00\" \/>\n<meta property=\"og:image\" content=\"https:\/\/www.myvize.com.tr\/malta\/wp-content\/uploads\/2021\/10\/27.jpg\" \/>\n<meta name=\"twitter:card\" content=\"summary_large_image\" \/>\n<meta name=\"twitter:label1\" content=\"Tahmini okuma s\u00fcresi\" \/>\n\t<meta name=\"twitter:data1\" content=\"2 dakika\" \/>\n<script type=\"application\/ld+json\" class=\"yoast-schema-graph\">{\"@context\":\"https:\/\/schema.org\",\"@graph\":[{\"@type\":\"WebPage\",\"@id\":\"https:\/\/www.myvize.com.tr\/malta\/vatandaslik\/\",\"url\":\"https:\/\/www.myvize.com.tr\/malta\/vatandaslik\/\",\"name\":\"Malta Vatanda\u015fl\u0131k \u0130\u015flemi - Malta Vatanda\u015fl\u0131\u011f\u0131 - MyVize\",\"isPartOf\":{\"@id\":\"https:\/\/www.myvize.com.tr\/malta\/#website\"},\"primaryImageOfPage\":{\"@id\":\"https:\/\/www.myvize.com.tr\/malta\/vatandaslik\/#primaryimage\"},\"image\":{\"@id\":\"https:\/\/www.myvize.com.tr\/malta\/vatandaslik\/#primaryimage\"},\"thumbnailUrl\":\"https:\/\/www.myvize.com.tr\/malta\/wp-content\/uploads\/2021\/10\/27.jpg\",\"datePublished\":\"2020-12-25T10:34:05+00:00\",\"dateModified\":\"2022-07-20T09:23:29+00:00\",\"description\":\"Malta vatanda\u015fl\u0131\u011f\u0131 ba\u015fvuru belgeleri. Malta vatanda\u015fl\u0131\u011f\u0131 i\u00e7in gerekli \u015fartlar. Malta vatanda\u015fl\u0131k i\u015flemleri. Malta Vatanda\u015fl\u0131\u011f\u0131 Nas\u0131l Al\u0131n\u0131r?\",\"breadcrumb\":{\"@id\":\"https:\/\/www.myvize.com.tr\/malta\/vatandaslik\/#breadcrumb\"},\"inLanguage\":\"tr\",\"potentialAction\":[{\"@type\":\"ReadAction\",\"target\":[\"https:\/\/www.myvize.com.tr\/malta\/vatandaslik\/\"]}]},{\"@type\":\"ImageObject\",\"inLanguage\":\"tr\",\"@id\":\"https:\/\/www.myvize.com.tr\/malta\/vatandaslik\/#primaryimage\",\"url\":\"https:\/\/www.myvize.com.tr\/malta\/wp-content\/uploads\/2021\/10\/27.jpg\",\"contentUrl\":\"https:\/\/www.myvize.com.tr\/malta\/wp-content\/uploads\/2021\/10\/27.jpg\",\"width\":800,\"height\":500,\"caption\":\"Malta Vatanda\u015fl\u0131k\"},{\"@type\":\"BreadcrumbList\",\"@id\":\"https:\/\/www.myvize.com.tr\/malta\/vatandaslik\/#breadcrumb\",\"itemListElement\":[{\"@type\":\"ListItem\",\"position\":1,\"name\":\"Anasayfa\",\"item\":\"https:\/\/www.myvize.com.tr\/malta\/\"},{\"@type\":\"ListItem\",\"position\":2,\"name\":\"VATANDA\u015eLIK\"}]},{\"@type\":\"WebSite\",\"@id\":\"https:\/\/www.myvize.com.tr\/malta\/#website\",\"url\":\"https:\/\/www.myvize.com.tr\/malta\/\",\"name\":\"Malta Vizesi\",\"description\":\"\",\"potentialAction\":[{\"@type\":\"SearchAction\",\"target\":{\"@type\":\"EntryPoint\",\"urlTemplate\":\"https:\/\/www.myvize.com.tr\/malta\/?s={search_term_string}\"},\"query-input\":{\"@type\":\"PropertyValueSpecification\",\"valueRequired\":true,\"valueName\":\"search_term_string\"}}],\"inLanguage\":\"tr\"}]}<\/script>\n<!-- \/ Yoast SEO plugin. -->","yoast_head_json":{"title":"Malta Vatanda\u015fl\u0131k \u0130\u015flemi - Malta Vatanda\u015fl\u0131\u011f\u0131 - MyVize","description":"Malta vatanda\u015fl\u0131\u011f\u0131 ba\u015fvuru belgeleri. Malta vatanda\u015fl\u0131\u011f\u0131 i\u00e7in gerekli \u015fartlar. Malta vatanda\u015fl\u0131k i\u015flemleri. Malta Vatanda\u015fl\u0131\u011f\u0131 Nas\u0131l Al\u0131n\u0131r?","robots":{"index":"index","follow":"follow","max-snippet":"max-snippet:-1","max-image-preview":"max-image-preview:large","max-video-preview":"max-video-preview:-1"},"canonical":"https:\/\/www.myvize.com.tr\/malta\/vatandaslik\/","og_locale":"tr_TR","og_type":"article","og_title":"Malta Vatanda\u015fl\u0131k \u0130\u015flemi - Malta Vatanda\u015fl\u0131\u011f\u0131 - MyVize","og_description":"Malta vatanda\u015fl\u0131\u011f\u0131 ba\u015fvuru belgeleri. Malta vatanda\u015fl\u0131\u011f\u0131 i\u00e7in gerekli \u015fartlar. Malta vatanda\u015fl\u0131k i\u015flemleri. Malta Vatanda\u015fl\u0131\u011f\u0131 Nas\u0131l Al\u0131n\u0131r?","og_url":"https:\/\/www.myvize.com.tr\/malta\/vatandaslik\/","og_site_name":"Malta Vizesi","article_modified_time":"2022-07-20T09:23:29+00:00","og_image":[{"url":"https:\/\/www.myvize.com.tr\/malta\/wp-content\/uploads\/2021\/10\/27.jpg","type":"","width":"","height":""}],"twitter_card":"summary_large_image","twitter_misc":{"Tahmini okuma s\u00fcresi":"2 dakika"},"schema":{"@context":"https:\/\/schema.org","@graph":[{"@type":"WebPage","@id":"https:\/\/www.myvize.com.tr\/malta\/vatandaslik\/","url":"https:\/\/www.myvize.com.tr\/malta\/vatandaslik\/","name":"Malta Vatanda\u015fl\u0131k \u0130\u015flemi - Malta Vatanda\u015fl\u0131\u011f\u0131 - MyVize","isPartOf":{"@id":"https:\/\/www.myvize.com.tr\/malta\/#website"},"primaryImageOfPage":{"@id":"https:\/\/www.myvize.com.tr\/malta\/vatandaslik\/#primaryimage"},"image":{"@id":"https:\/\/www.myvize.com.tr\/malta\/vatandaslik\/#primaryimage"},"thumbnailUrl":"https:\/\/www.myvize.com.tr\/malta\/wp-content\/uploads\/2021\/10\/27.jpg","datePublished":"2020-12-25T10:34:05+00:00","dateModified":"2022-07-20T09:23:29+00:00","description":"Malta vatanda\u015fl\u0131\u011f\u0131 ba\u015fvuru belgeleri. Malta vatanda\u015fl\u0131\u011f\u0131 i\u00e7in gerekli \u015fartlar. Malta vatanda\u015fl\u0131k i\u015flemleri. Malta Vatanda\u015fl\u0131\u011f\u0131 Nas\u0131l Al\u0131n\u0131r?","breadcrumb":{"@id":"https:\/\/www.myvize.com.tr\/malta\/vatandaslik\/#breadcrumb"},"inLanguage":"tr","potentialAction":[{"@type":"ReadAction","target":["https:\/\/www.myvize.com.tr\/malta\/vatandaslik\/"]}]},{"@type":"ImageObject","inLanguage":"tr","@id":"https:\/\/www.myvize.com.tr\/malta\/vatandaslik\/#primaryimage","url":"https:\/\/www.myvize.com.tr\/malta\/wp-content\/uploads\/2021\/10\/27.jpg","contentUrl":"https:\/\/www.myvize.com.tr\/malta\/wp-content\/uploads\/2021\/10\/27.jpg","width":800,"height":500,"caption":"Malta Vatanda\u015fl\u0131k"},{"@type":"BreadcrumbList","@id":"https:\/\/www.myvize.com.tr\/malta\/vatandaslik\/#breadcrumb","itemListElement":[{"@type":"ListItem","position":1,"name":"Anasayfa","item":"https:\/\/www.myvize.com.tr\/malta\/"},{"@type":"ListItem","position":2,"name":"VATANDA\u015eLIK"}]},{"@type":"WebSite","@id":"https:\/\/www.myvize.com.tr\/malta\/#website","url":"https:\/\/www.myvize.com.tr\/malta\/","name":"Malta Vizesi","description":"","potentialAction":[{"@type":"SearchAction","target":{"@type":"EntryPoint","urlTemplate":"https:\/\/www.myvize.com.tr\/malta\/?s={search_term_string}"},"query-input":{"@type":"PropertyValueSpecification","valueRequired":true,"valueName":"search_term_string"}}],"inLanguage":"tr"}]}},"_links":{"self":[{"href":"https:\/\/www.myvize.com.tr\/malta\/wp-json\/wp\/v2\/pages\/165","targetHints":{"allow":["GET"]}}],"collection":[{"href":"https:\/\/www.myvize.com.tr\/malta\/wp-json\/wp\/v2\/pages"}],"about":[{"href":"https:\/\/www.myvize.com.tr\/malta\/wp-json\/wp\/v2\/types\/page"}],"author":[{"embeddable":true,"href":"https:\/\/www.myvize.com.tr\/malta\/wp-json\/wp\/v2\/users\/1"}],"replies":[{"embeddable":true,"href":"https:\/\/www.myvize.com.tr\/malta\/wp-json\/wp\/v2\/comments?post=165"}],"version-history":[{"count":5,"href":"https:\/\/www.myvize.com.tr\/malta\/wp-json\/wp\/v2\/pages\/165\/revisions"}],"predecessor-version":[{"id":786,"href":"https:\/\/www.myvize.com.tr\/malta\/wp-json\/wp\/v2\/pages\/165\/revisions\/786"}],"wp:attachment":[{"href":"https:\/\/www.myvize.com.tr\/malta\/wp-json\/wp\/v2\/media?parent=165"}],"curies":[{"name":"wp","href":"https:\/\/api.w.org\/{rel}","templated":true}]}}