{"id":168,"date":"2020-12-25T13:34:20","date_gmt":"2020-12-25T10:34:20","guid":{"rendered":"https:\/\/www.myvize.com.tr\/malta\/?page_id=168"},"modified":"2022-08-08T12:44:39","modified_gmt":"2022-08-08T09:44:39","slug":"form-ve-dilekce","status":"publish","type":"page","link":"https:\/\/www.myvize.com.tr\/malta\/form-ve-dilekce\/","title":{"rendered":"FORM VE D\u0130LEK\u00c7E"},"content":{"rendered":"<p><span style=\"font-family: Roboto;\"><\/span><\/p>\r\n<h2><strong><span style=\"font-family: Roboto; font-size: 27px;\">Malta Vizesi \u0130cin Nereye M\u00fcracaat Edilmelidir?<\/span><\/strong><\/h2>\r\n<p><span style=\"font-family: Roboto; font-size: 14px;\">90 g\u00fcnden az yani k\u0131sa s\u00fcreli seyahatler i\u00e7in<strong> Schengen vizesi ba\u015fvurusu<\/strong> Malta Konsoloslu\u011fu&#8217; na yap\u0131lmal\u0131d\u0131r. Vize i\u015flemleri i\u00e7in konsoloslu\u011fun g\u00f6revlendirdi\u011fi yard\u0131mc\u0131 kurumlar ilgilenirken, son karar ise Malta Ba\u015fkonsoloslu\u011fu&#8217; na aittir. Konsoloslu\u011fa sunulan pasaportta iki sayfan\u0131n bo\u015f olmas\u0131 \u00f6nerilir. Bunun sebebi vize etiketi yap\u0131\u015ft\u0131rmak i\u00e7indir.<\/span><\/p>\r\n<h2><span style=\"font-family: Roboto; font-size: 27px;\">Malta Vizesi Ba\u015fvurusu<\/span><\/h2>\r\n<p><span style=\"font-family: Roboto; font-size: 14px;\"><strong>Konsolosluk vize i\u015flemlerini<\/strong> g\u00f6revlendirdi\u011fi kurumlar sayesinde yapmaktad\u0131r. Schengen vizesine ba\u015fvuruda bulunan ki\u015filer seyahat ama\u00e7lar\u0131na y\u00f6nelik konsoloslu\u011fun g\u00f6revlendirdi\u011fi kurumlara ba\u015fvuru yapmal\u0131d\u0131r.<strong> Schengen vizesi<\/strong> onaylanan bireyler Schengen b\u00f6lgesinde en fazla doksan g\u00fcn kalabilirler.<\/span><br \/><span style=\"font-family: Roboto; font-size: 14px;\"><strong>D vizesi<\/strong> i\u00e7in ba\u015fvuruda bulunacaklar direk Malta Konsoloslu\u011fu na \u015fahsi m\u00fcracaatta bulunmal\u0131d\u0131r.<\/span><\/p>\r\n<h2><strong><span style=\"font-family: Roboto; font-size: 27px;\">Malta Vizesi Ba\u015fvuru Formu<\/span><\/strong><\/h2>\r\n<p><span style=\"font-family: Roboto; font-size: 14px;\">\u00d6ncelikle<strong> Schengen vizesi ba\u015fvuru<\/strong> <strong>formu<\/strong> eksiksiz tamamlanmal\u0131d\u0131r. Malta vizesi i\u00e7in yap\u0131lan bu ad\u0131mdan sonra<span style=\"color: #2acec2;\"><strong><a style=\"color: #2acec2;\" href=\"https:\/\/www.myvize.com.tr\/malta\/vize-islemleri\/malta-vizesi\/\" target=\"_blank\" rel=\"noopener\"> Malta vizesi <\/a><\/strong><\/span>i\u00e7in gereken evrak bilgilerinin eksiksiz doldurulmas\u0131 gerekmektedir. Ba\u015fvuru formu eksiksiz, dikkatli bir \u015fekilde tamamland\u0131ktan sonra m\u00fcracaatta bulunacak ki\u015finin imzalamas\u0131<strong> Schengen vizesi<\/strong> yanl\u0131\u015f ya da eksik ise bunun d\u00fczeltmek i\u00e7in geri d\u00f6n\u00fc\u015f\u00fc yoktur. Ret cevab\u0131 ile sonu\u00e7lan\u0131r.<\/span><\/p>\r\n<p><img decoding=\"async\" src=\"https:\/\/www.myvize.com.tr\/malta\/wp-content\/uploads\/2021\/10\/29.jpg\" \/><\/p>\r\n<h2><strong><span style=\"font-family: Roboto; font-size: 27px;\">Malta Vizesi Ka\u00e7 G\u00fcnde Sonu\u00e7lan\u0131r?<\/span><\/strong><\/h2>\r\n<p><span style=\"font-family: Roboto; font-size: 14px;\">Konsoloslu\u011fun yo\u011funluk derecesine g\u00f6re de\u011fi\u015fen s\u00fcre normal \u015fartlarda 5-10 i\u015f g\u00fcn\u00fc olarak belirtilmi\u015ftir. Seyahatten en az 15 en fazla 3 ay \u00f6nce olmak \u00fczere ba\u015fvuru ger\u00e7ekle\u015ftirilmelidir.<\/span><\/p>\r\n<h3><strong><span style=\"font-family: Roboto; font-size: 24px;\">Malta Vizesi \u00dccretleri<\/span><\/strong><\/h3>\r\n<p><span style=\"font-family: Roboto; font-size: 14px;\">Vize \u00fccretleri seyahat t\u00fcr\u00fcne ve amac\u0131na g\u00f6re farkl\u0131l\u0131k g\u00f6sterir. Buna g\u00f6re seyahat t\u00fcr\u00fc kal\u0131\u015f \u00fccreti de de\u011fi\u015fmektedir. Konsolosluk har\u00e7 bedelleri de bu \u00fccrete dahildir. Gri ya da ye\u015fil pasaportta vize i\u015flemine gerek yoktur.<strong> Turist vize \u00fccreti<\/strong> 60 Euro, vize hizmet veren kurum \u00fccreti ise 40 Euro&#8217; dur.<\/span><\/p>\r\n<h3><span style=\"font-family: Roboto; font-size: 24px;\"><strong>Malta Vizesi \u0130\u00e7in Gerekli Evraklar Nelerdir?<\/strong><\/span><\/h3>\r\n<p><span style=\"font-family: Roboto; font-size: 14px;\">\u2022 Pasaportun ger\u00e7e\u011finin olmas\u0131,<\/span><br \/><span style=\"font-family: Roboto; font-size: 14px;\">\u2022 Vize ba\u015fvuru formunun,<\/span><br \/><span style=\"font-family: Roboto; font-size: 14px;\">\u2022 2 adet biyometrik foto\u011fraf\u0131n,<\/span><br \/><span style=\"font-family: Roboto; font-size: 14px;\">\u2022 E- devletten al\u0131nm\u0131\u015f n\u00fcfusus c\u00fczdan\u0131 fotokopisinin,<\/span><br \/><span style=\"font-family: Roboto; font-size: 14px;\">\u2022 Masraflar\u0131 kar\u015f\u0131layaca\u011f\u0131na dair belgenin,<\/span><br \/><span style=\"font-family: Roboto; font-size: 14px;\">\u2022 U\u00e7ak bileti rezervasyonunun,<\/span><br \/><span style=\"font-family: Roboto; font-size: 14px;\">\u2022 Seyahat sa\u011fl\u0131k sigortas\u0131n\u0131n bulunmas\u0131 gerekir.<\/span><\/p>\r\n<p><img decoding=\"async\" src=\"https:\/\/www.myvize.com.tr\/malta\/wp-content\/uploads\/2021\/10\/31.jpg\" \/><\/p>\r\n<h3><span style=\"font-size: 24px;\"><strong><span style=\"font-family: Roboto;\">Malta Konsoloslu\u011fu Form ve Dilek\u00e7e<\/span><\/strong><\/span><\/h3>\r\n<p><span style=\"font-family: Roboto; font-size: 14px;\">Malta\u2019ya seyahat etmek, bu \u00fclkede e\u011fitim almak veyahut transit ge\u00e7i\u015f gibi nedenlerle vizeye gereksiniminiz olur. Malta konsoloslu\u011fu <strong>form ve dilek\u00e7e<\/strong> ile vize ba\u015fvurunuzu ger\u00e7ekle\u015ftirebilir, konsolosluktan hizmet almak i\u00e7in ba\u015fvurunuzu yapabilirsiniz. Hangi sebeple konsolosluktan destek talep ediyor olursan\u0131z olun, mutlaka ba\u015fvuru formunu doldurman\u0131z istenir.<\/span><\/p>\r\n<p><span style=\"font-family: Roboto; font-size: 14px;\"><strong>Malta konsoloslu\u011fu<\/strong> form ve dilek\u00e7e, ilgili konsoloslu\u011fun web sayfas\u0131ndan edinilebilece\u011fi gibi dan\u0131\u015fmanl\u0131k firmalar\u0131 ve konsolosluktan da bizzat al\u0131nabilir. Bu form, t\u00fcm\u00fcyle \u0130ngilizce ya da Maltaca olarak doldurulmal\u0131 ve ba\u015fvuran\u0131n kendisi taraf\u0131ndan imzalanmal\u0131 ve tarih at\u0131lmal\u0131d\u0131r. Aksi halde ba\u015fvurunuz ge\u00e7ersiz say\u0131lacakt\u0131r ve i\u015fleme al\u0131nmayacakt\u0131r. Malta\u2019da 90 g\u00fcnden fazla kalmay\u0131 planl\u0131yorsan\u0131z, Malta&#8217;ya gelmeden evvel <strong>T\u00fcrkiye\u2019de uzun s\u00fcreli vize<\/strong> ba\u015fvurusunda bulunman\u0131z gerekecektir. Bunun i\u00e7in de <strong>Malta konsoloslu\u011fu<\/strong> form ve dilek\u00e7e doldurarak i\u015flemlerinizi ba\u015flatabilirsiniz. Ayn\u0131 \u015fekilde, \u00e7al\u0131\u015fma vizesi, aile vizesi, uzun s\u00fcreli vize, \u00f6\u011frenci vizesi, <strong>Au-Pair vizesi<\/strong> gibi di\u011fer t\u00fcm vize \u00e7e\u015fitleri ve<span style=\"color: #2acec2;\"><strong><a style=\"color: #2acec2;\" href=\"https:\/\/www.myvize.com.tr\/malta\/vize-islemleri\/malta-vatandaslik-islemleri\/\" target=\"_blank\" rel=\"noopener\"> Malta vatanda\u015fl\u0131k i\u015flemleri <\/a><\/strong><\/span>i\u00e7in de ilk etapta bu formu doldurup, ilgili birime teslim etmeniz \u015fartt\u0131r.<\/span><\/p>\r\n<p><span style=\"font-family: Roboto;\"><\/span><\/p>","protected":false},"excerpt":{"rendered":"<p>Malta Vizesi \u0130cin Nereye M\u00fcracaat Edilmelidir? 90 g\u00fcnden az yani k\u0131sa s\u00fcreli seyahatler i\u00e7in Schengen vizesi ba\u015fvurusu Malta Konsoloslu\u011fu&#8217; na yap\u0131lmal\u0131d\u0131r. Vize i\u015flemleri i\u00e7in konsoloslu\u011fun g\u00f6revlendirdi\u011fi yard\u0131mc\u0131 kurumlar ilgilenirken, son karar ise Malta Ba\u015fkonsoloslu\u011fu&#8217; na aittir. Konsoloslu\u011fa sunulan pasaportta iki sayfan\u0131n bo\u015f olmas\u0131 \u00f6nerilir. Bunun sebebi vize etiketi yap\u0131\u015ft\u0131rmak i\u00e7indir. Malta Vizesi Ba\u015fvurusu Konsolosluk vize<\/p>\n","protected":false},"author":1,"featured_media":0,"parent":0,"menu_order":0,"comment_status":"closed","ping_status":"closed","template":"","meta":{"footnotes":""},"class_list":["post-168","page","type-page","status-publish","hentry"],"yoast_head":"<!-- This site is optimized with the Yoast SEO plugin v24.0 - https:\/\/yoast.com\/wordpress\/plugins\/seo\/ -->\n<title>Malta Form Ve Dilek\u00e7e - Malta Vizesi - MyVize<\/title>\n<meta name=\"description\" content=\"Malta form ve dilek\u00e7e 2022 g\u00fcncel payla\u015f\u0131m. Malta form doldurma ve dilek\u00e7e yaz\u0131m\u0131na dair do\u011fru bilgiler. Malta form ve dilek\u00e7e Nas\u0131l Yaz\u0131l\u0131r?\" \/>\n<meta name=\"robots\" content=\"index, follow, max-snippet:-1, max-image-preview:large, max-video-preview:-1\" \/>\n<link rel=\"canonical\" href=\"https:\/\/www.myvize.com.tr\/malta\/form-ve-dilekce\/\" \/>\n<meta property=\"og:locale\" content=\"tr_TR\" \/>\n<meta property=\"og:type\" content=\"article\" \/>\n<meta property=\"og:title\" content=\"Malta Form Ve Dilek\u00e7e - Malta Vizesi - MyVize\" \/>\n<meta property=\"og:description\" content=\"Malta form ve dilek\u00e7e 2022 g\u00fcncel payla\u015f\u0131m. Malta form doldurma ve dilek\u00e7e yaz\u0131m\u0131na dair do\u011fru bilgiler. Malta form ve dilek\u00e7e Nas\u0131l Yaz\u0131l\u0131r?\" \/>\n<meta property=\"og:url\" content=\"https:\/\/www.myvize.com.tr\/malta\/form-ve-dilekce\/\" \/>\n<meta property=\"og:site_name\" content=\"Malta Vizesi\" \/>\n<meta property=\"article:modified_time\" content=\"2022-08-08T09:44:39+00:00\" \/>\n<meta property=\"og:image\" content=\"https:\/\/www.myvize.com.tr\/malta\/wp-content\/uploads\/2021\/10\/29.jpg\" \/>\n<meta name=\"twitter:card\" content=\"summary_large_image\" \/>\n<meta name=\"twitter:label1\" content=\"Tahmini okuma s\u00fcresi\" \/>\n\t<meta name=\"twitter:data1\" content=\"3 dakika\" \/>\n<script type=\"application\/ld+json\" class=\"yoast-schema-graph\">{\"@context\":\"https:\/\/schema.org\",\"@graph\":[{\"@type\":\"WebPage\",\"@id\":\"https:\/\/www.myvize.com.tr\/malta\/form-ve-dilekce\/\",\"url\":\"https:\/\/www.myvize.com.tr\/malta\/form-ve-dilekce\/\",\"name\":\"Malta Form Ve Dilek\u00e7e - Malta Vizesi - MyVize\",\"isPartOf\":{\"@id\":\"https:\/\/www.myvize.com.tr\/malta\/#website\"},\"primaryImageOfPage\":{\"@id\":\"https:\/\/www.myvize.com.tr\/malta\/form-ve-dilekce\/#primaryimage\"},\"image\":{\"@id\":\"https:\/\/www.myvize.com.tr\/malta\/form-ve-dilekce\/#primaryimage\"},\"thumbnailUrl\":\"https:\/\/www.myvize.com.tr\/malta\/wp-content\/uploads\/2021\/10\/29.jpg\",\"datePublished\":\"2020-12-25T10:34:20+00:00\",\"dateModified\":\"2022-08-08T09:44:39+00:00\",\"description\":\"Malta form ve dilek\u00e7e 2022 g\u00fcncel payla\u015f\u0131m. Malta form doldurma ve dilek\u00e7e yaz\u0131m\u0131na dair do\u011fru bilgiler. Malta form ve dilek\u00e7e Nas\u0131l Yaz\u0131l\u0131r?\",\"breadcrumb\":{\"@id\":\"https:\/\/www.myvize.com.tr\/malta\/form-ve-dilekce\/#breadcrumb\"},\"inLanguage\":\"tr\",\"potentialAction\":[{\"@type\":\"ReadAction\",\"target\":[\"https:\/\/www.myvize.com.tr\/malta\/form-ve-dilekce\/\"]}]},{\"@type\":\"ImageObject\",\"inLanguage\":\"tr\",\"@id\":\"https:\/\/www.myvize.com.tr\/malta\/form-ve-dilekce\/#primaryimage\",\"url\":\"https:\/\/www.myvize.com.tr\/malta\/wp-content\/uploads\/2021\/10\/29.jpg\",\"contentUrl\":\"https:\/\/www.myvize.com.tr\/malta\/wp-content\/uploads\/2021\/10\/29.jpg\",\"width\":800,\"height\":500,\"caption\":\"Malta Form ve Dilek\u00e7e\"},{\"@type\":\"BreadcrumbList\",\"@id\":\"https:\/\/www.myvize.com.tr\/malta\/form-ve-dilekce\/#breadcrumb\",\"itemListElement\":[{\"@type\":\"ListItem\",\"position\":1,\"name\":\"Anasayfa\",\"item\":\"https:\/\/www.myvize.com.tr\/malta\/\"},{\"@type\":\"ListItem\",\"position\":2,\"name\":\"FORM VE D\u0130LEK\u00c7E\"}]},{\"@type\":\"WebSite\",\"@id\":\"https:\/\/www.myvize.com.tr\/malta\/#website\",\"url\":\"https:\/\/www.myvize.com.tr\/malta\/\",\"name\":\"Malta Vizesi\",\"description\":\"\",\"potentialAction\":[{\"@type\":\"SearchAction\",\"target\":{\"@type\":\"EntryPoint\",\"urlTemplate\":\"https:\/\/www.myvize.com.tr\/malta\/?s={search_term_string}\"},\"query-input\":{\"@type\":\"PropertyValueSpecification\",\"valueRequired\":true,\"valueName\":\"search_term_string\"}}],\"inLanguage\":\"tr\"}]}<\/script>\n<!-- \/ Yoast SEO plugin. -->","yoast_head_json":{"title":"Malta Form Ve Dilek\u00e7e - Malta Vizesi - MyVize","description":"Malta form ve dilek\u00e7e 2022 g\u00fcncel payla\u015f\u0131m. Malta form doldurma ve dilek\u00e7e yaz\u0131m\u0131na dair do\u011fru bilgiler. Malta form ve dilek\u00e7e Nas\u0131l Yaz\u0131l\u0131r?","robots":{"index":"index","follow":"follow","max-snippet":"max-snippet:-1","max-image-preview":"max-image-preview:large","max-video-preview":"max-video-preview:-1"},"canonical":"https:\/\/www.myvize.com.tr\/malta\/form-ve-dilekce\/","og_locale":"tr_TR","og_type":"article","og_title":"Malta Form Ve Dilek\u00e7e - Malta Vizesi - MyVize","og_description":"Malta form ve dilek\u00e7e 2022 g\u00fcncel payla\u015f\u0131m. Malta form doldurma ve dilek\u00e7e yaz\u0131m\u0131na dair do\u011fru bilgiler. Malta form ve dilek\u00e7e Nas\u0131l Yaz\u0131l\u0131r?","og_url":"https:\/\/www.myvize.com.tr\/malta\/form-ve-dilekce\/","og_site_name":"Malta Vizesi","article_modified_time":"2022-08-08T09:44:39+00:00","og_image":[{"url":"https:\/\/www.myvize.com.tr\/malta\/wp-content\/uploads\/2021\/10\/29.jpg","type":"","width":"","height":""}],"twitter_card":"summary_large_image","twitter_misc":{"Tahmini okuma s\u00fcresi":"3 dakika"},"schema":{"@context":"https:\/\/schema.org","@graph":[{"@type":"WebPage","@id":"https:\/\/www.myvize.com.tr\/malta\/form-ve-dilekce\/","url":"https:\/\/www.myvize.com.tr\/malta\/form-ve-dilekce\/","name":"Malta Form Ve Dilek\u00e7e - Malta Vizesi - MyVize","isPartOf":{"@id":"https:\/\/www.myvize.com.tr\/malta\/#website"},"primaryImageOfPage":{"@id":"https:\/\/www.myvize.com.tr\/malta\/form-ve-dilekce\/#primaryimage"},"image":{"@id":"https:\/\/www.myvize.com.tr\/malta\/form-ve-dilekce\/#primaryimage"},"thumbnailUrl":"https:\/\/www.myvize.com.tr\/malta\/wp-content\/uploads\/2021\/10\/29.jpg","datePublished":"2020-12-25T10:34:20+00:00","dateModified":"2022-08-08T09:44:39+00:00","description":"Malta form ve dilek\u00e7e 2022 g\u00fcncel payla\u015f\u0131m. Malta form doldurma ve dilek\u00e7e yaz\u0131m\u0131na dair do\u011fru bilgiler. Malta form ve dilek\u00e7e Nas\u0131l Yaz\u0131l\u0131r?","breadcrumb":{"@id":"https:\/\/www.myvize.com.tr\/malta\/form-ve-dilekce\/#breadcrumb"},"inLanguage":"tr","potentialAction":[{"@type":"ReadAction","target":["https:\/\/www.myvize.com.tr\/malta\/form-ve-dilekce\/"]}]},{"@type":"ImageObject","inLanguage":"tr","@id":"https:\/\/www.myvize.com.tr\/malta\/form-ve-dilekce\/#primaryimage","url":"https:\/\/www.myvize.com.tr\/malta\/wp-content\/uploads\/2021\/10\/29.jpg","contentUrl":"https:\/\/www.myvize.com.tr\/malta\/wp-content\/uploads\/2021\/10\/29.jpg","width":800,"height":500,"caption":"Malta Form ve Dilek\u00e7e"},{"@type":"BreadcrumbList","@id":"https:\/\/www.myvize.com.tr\/malta\/form-ve-dilekce\/#breadcrumb","itemListElement":[{"@type":"ListItem","position":1,"name":"Anasayfa","item":"https:\/\/www.myvize.com.tr\/malta\/"},{"@type":"ListItem","position":2,"name":"FORM VE D\u0130LEK\u00c7E"}]},{"@type":"WebSite","@id":"https:\/\/www.myvize.com.tr\/malta\/#website","url":"https:\/\/www.myvize.com.tr\/malta\/","name":"Malta Vizesi","description":"","potentialAction":[{"@type":"SearchAction","target":{"@type":"EntryPoint","urlTemplate":"https:\/\/www.myvize.com.tr\/malta\/?s={search_term_string}"},"query-input":{"@type":"PropertyValueSpecification","valueRequired":true,"valueName":"search_term_string"}}],"inLanguage":"tr"}]}},"_links":{"self":[{"href":"https:\/\/www.myvize.com.tr\/malta\/wp-json\/wp\/v2\/pages\/168","targetHints":{"allow":["GET"]}}],"collection":[{"href":"https:\/\/www.myvize.com.tr\/malta\/wp-json\/wp\/v2\/pages"}],"about":[{"href":"https:\/\/www.myvize.com.tr\/malta\/wp-json\/wp\/v2\/types\/page"}],"author":[{"embeddable":true,"href":"https:\/\/www.myvize.com.tr\/malta\/wp-json\/wp\/v2\/users\/1"}],"replies":[{"embeddable":true,"href":"https:\/\/www.myvize.com.tr\/malta\/wp-json\/wp\/v2\/comments?post=168"}],"version-history":[{"count":5,"href":"https:\/\/www.myvize.com.tr\/malta\/wp-json\/wp\/v2\/pages\/168\/revisions"}],"predecessor-version":[{"id":791,"href":"https:\/\/www.myvize.com.tr\/malta\/wp-json\/wp\/v2\/pages\/168\/revisions\/791"}],"wp:attachment":[{"href":"https:\/\/www.myvize.com.tr\/malta\/wp-json\/wp\/v2\/media?parent=168"}],"curies":[{"name":"wp","href":"https:\/\/api.w.org\/{rel}","templated":true}]}}