{"id":174,"date":"2020-12-25T13:34:54","date_gmt":"2020-12-25T10:34:54","guid":{"rendered":"https:\/\/www.myvize.com.tr\/malta\/?page_id=174"},"modified":"2022-08-22T13:02:08","modified_gmt":"2022-08-22T10:02:08","slug":"subelerimiz","status":"publish","type":"page","link":"https:\/\/www.myvize.com.tr\/malta\/subelerimiz\/","title":{"rendered":"\u015eUBELER\u0130M\u0130Z"},"content":{"rendered":"<h2><strong><span style=\"font-size: 27px; font-family: Roboto;\">Malta Vize Ba\u015fvuru \u015eubelerimiz<\/span><\/strong><\/h2>\n<p><img decoding=\"async\" src=\"https:\/\/www.myvize.com.tr\/malta\/wp-content\/uploads\/2021\/10\/53.jpg\" \/><\/p>\n","protected":false},"excerpt":{"rendered":"<p>Malta Vize Ba\u015fvuru \u015eubelerimiz<\/p>\n","protected":false},"author":1,"featured_media":0,"parent":0,"menu_order":0,"comment_status":"closed","ping_status":"closed","template":"","meta":{"footnotes":""},"class_list":["post-174","page","type-page","status-publish","hentry"],"yoast_head":"<!-- This site is optimized with the Yoast SEO plugin v24.0 - https:\/\/yoast.com\/wordpress\/plugins\/seo\/ -->\n<title>Malta Vize Ba\u015fvuru \u015eubelerimiz - MyVize<\/title>\n<meta name=\"description\" content=\"Malta vizesi i\u00e7in T\u00fcrkiye&#039;nin her yerinden \u015fubelerimizle ileti\u015fime ge\u00e7ebilir, gerekli b\u00fct\u00fcn bilgileri detayl\u0131 alabilirsiniz.\" \/>\n<meta name=\"robots\" content=\"index, follow, max-snippet:-1, max-image-preview:large, max-video-preview:-1\" \/>\n<link rel=\"canonical\" href=\"https:\/\/www.myvize.com.tr\/malta\/subelerimiz\/\" \/>\n<meta property=\"og:locale\" content=\"tr_TR\" \/>\n<meta property=\"og:type\" content=\"article\" \/>\n<meta property=\"og:title\" content=\"Malta Vize Ba\u015fvuru \u015eubelerimiz - MyVize\" \/>\n<meta property=\"og:description\" content=\"Malta vizesi i\u00e7in T\u00fcrkiye&#039;nin her yerinden \u015fubelerimizle ileti\u015fime ge\u00e7ebilir, gerekli b\u00fct\u00fcn bilgileri detayl\u0131 alabilirsiniz.\" \/>\n<meta property=\"og:url\" content=\"https:\/\/www.myvize.com.tr\/malta\/subelerimiz\/\" \/>\n<meta property=\"og:site_name\" content=\"Malta Vizesi\" \/>\n<meta property=\"article:modified_time\" content=\"2022-08-22T10:02:08+00:00\" \/>\n<meta property=\"og:image\" content=\"https:\/\/www.myvize.com.tr\/malta\/wp-content\/uploads\/2021\/10\/53.jpg\" \/>\n<meta name=\"twitter:card\" content=\"summary_large_image\" \/>\n<meta name=\"twitter:label1\" content=\"Tahmini okuma s\u00fcresi\" \/>\n\t<meta name=\"twitter:data1\" content=\"1 dakika\" \/>\n<script type=\"application\/ld+json\" class=\"yoast-schema-graph\">{\"@context\":\"https:\/\/schema.org\",\"@graph\":[{\"@type\":\"WebPage\",\"@id\":\"https:\/\/www.myvize.com.tr\/malta\/subelerimiz\/\",\"url\":\"https:\/\/www.myvize.com.tr\/malta\/subelerimiz\/\",\"name\":\"Malta Vize Ba\u015fvuru \u015eubelerimiz - MyVize\",\"isPartOf\":{\"@id\":\"https:\/\/www.myvize.com.tr\/malta\/#website\"},\"primaryImageOfPage\":{\"@id\":\"https:\/\/www.myvize.com.tr\/malta\/subelerimiz\/#primaryimage\"},\"image\":{\"@id\":\"https:\/\/www.myvize.com.tr\/malta\/subelerimiz\/#primaryimage\"},\"thumbnailUrl\":\"https:\/\/www.myvize.com.tr\/malta\/wp-content\/uploads\/2021\/10\/53.jpg\",\"datePublished\":\"2020-12-25T10:34:54+00:00\",\"dateModified\":\"2022-08-22T10:02:08+00:00\",\"description\":\"Malta vizesi i\u00e7in T\u00fcrkiye'nin her yerinden \u015fubelerimizle ileti\u015fime ge\u00e7ebilir, gerekli b\u00fct\u00fcn bilgileri detayl\u0131 alabilirsiniz.\",\"breadcrumb\":{\"@id\":\"https:\/\/www.myvize.com.tr\/malta\/subelerimiz\/#breadcrumb\"},\"inLanguage\":\"tr\",\"potentialAction\":[{\"@type\":\"ReadAction\",\"target\":[\"https:\/\/www.myvize.com.tr\/malta\/subelerimiz\/\"]}]},{\"@type\":\"ImageObject\",\"inLanguage\":\"tr\",\"@id\":\"https:\/\/www.myvize.com.tr\/malta\/subelerimiz\/#primaryimage\",\"url\":\"https:\/\/www.myvize.com.tr\/malta\/wp-content\/uploads\/2021\/10\/53.jpg\",\"contentUrl\":\"https:\/\/www.myvize.com.tr\/malta\/wp-content\/uploads\/2021\/10\/53.jpg\",\"width\":800,\"height\":500,\"caption\":\"Malta \u015eubelerimiz\"},{\"@type\":\"BreadcrumbList\",\"@id\":\"https:\/\/www.myvize.com.tr\/malta\/subelerimiz\/#breadcrumb\",\"itemListElement\":[{\"@type\":\"ListItem\",\"position\":1,\"name\":\"Anasayfa\",\"item\":\"https:\/\/www.myvize.com.tr\/malta\/\"},{\"@type\":\"ListItem\",\"position\":2,\"name\":\"\u015eUBELER\u0130M\u0130Z\"}]},{\"@type\":\"WebSite\",\"@id\":\"https:\/\/www.myvize.com.tr\/malta\/#website\",\"url\":\"https:\/\/www.myvize.com.tr\/malta\/\",\"name\":\"Malta Vizesi\",\"description\":\"\",\"potentialAction\":[{\"@type\":\"SearchAction\",\"target\":{\"@type\":\"EntryPoint\",\"urlTemplate\":\"https:\/\/www.myvize.com.tr\/malta\/?s={search_term_string}\"},\"query-input\":{\"@type\":\"PropertyValueSpecification\",\"valueRequired\":true,\"valueName\":\"search_term_string\"}}],\"inLanguage\":\"tr\"}]}<\/script>\n<!-- \/ Yoast SEO plugin. -->","yoast_head_json":{"title":"Malta Vize Ba\u015fvuru \u015eubelerimiz - MyVize","description":"Malta vizesi i\u00e7in T\u00fcrkiye'nin her yerinden \u015fubelerimizle ileti\u015fime ge\u00e7ebilir, gerekli b\u00fct\u00fcn bilgileri detayl\u0131 alabilirsiniz.","robots":{"index":"index","follow":"follow","max-snippet":"max-snippet:-1","max-image-preview":"max-image-preview:large","max-video-preview":"max-video-preview:-1"},"canonical":"https:\/\/www.myvize.com.tr\/malta\/subelerimiz\/","og_locale":"tr_TR","og_type":"article","og_title":"Malta Vize Ba\u015fvuru \u015eubelerimiz - MyVize","og_description":"Malta vizesi i\u00e7in T\u00fcrkiye'nin her yerinden \u015fubelerimizle ileti\u015fime ge\u00e7ebilir, gerekli b\u00fct\u00fcn bilgileri detayl\u0131 alabilirsiniz.","og_url":"https:\/\/www.myvize.com.tr\/malta\/subelerimiz\/","og_site_name":"Malta Vizesi","article_modified_time":"2022-08-22T10:02:08+00:00","og_image":[{"url":"https:\/\/www.myvize.com.tr\/malta\/wp-content\/uploads\/2021\/10\/53.jpg","type":"","width":"","height":""}],"twitter_card":"summary_large_image","twitter_misc":{"Tahmini okuma s\u00fcresi":"1 dakika"},"schema":{"@context":"https:\/\/schema.org","@graph":[{"@type":"WebPage","@id":"https:\/\/www.myvize.com.tr\/malta\/subelerimiz\/","url":"https:\/\/www.myvize.com.tr\/malta\/subelerimiz\/","name":"Malta Vize Ba\u015fvuru \u015eubelerimiz - MyVize","isPartOf":{"@id":"https:\/\/www.myvize.com.tr\/malta\/#website"},"primaryImageOfPage":{"@id":"https:\/\/www.myvize.com.tr\/malta\/subelerimiz\/#primaryimage"},"image":{"@id":"https:\/\/www.myvize.com.tr\/malta\/subelerimiz\/#primaryimage"},"thumbnailUrl":"https:\/\/www.myvize.com.tr\/malta\/wp-content\/uploads\/2021\/10\/53.jpg","datePublished":"2020-12-25T10:34:54+00:00","dateModified":"2022-08-22T10:02:08+00:00","description":"Malta vizesi i\u00e7in T\u00fcrkiye'nin her yerinden \u015fubelerimizle ileti\u015fime ge\u00e7ebilir, gerekli b\u00fct\u00fcn bilgileri detayl\u0131 alabilirsiniz.","breadcrumb":{"@id":"https:\/\/www.myvize.com.tr\/malta\/subelerimiz\/#breadcrumb"},"inLanguage":"tr","potentialAction":[{"@type":"ReadAction","target":["https:\/\/www.myvize.com.tr\/malta\/subelerimiz\/"]}]},{"@type":"ImageObject","inLanguage":"tr","@id":"https:\/\/www.myvize.com.tr\/malta\/subelerimiz\/#primaryimage","url":"https:\/\/www.myvize.com.tr\/malta\/wp-content\/uploads\/2021\/10\/53.jpg","contentUrl":"https:\/\/www.myvize.com.tr\/malta\/wp-content\/uploads\/2021\/10\/53.jpg","width":800,"height":500,"caption":"Malta \u015eubelerimiz"},{"@type":"BreadcrumbList","@id":"https:\/\/www.myvize.com.tr\/malta\/subelerimiz\/#breadcrumb","itemListElement":[{"@type":"ListItem","position":1,"name":"Anasayfa","item":"https:\/\/www.myvize.com.tr\/malta\/"},{"@type":"ListItem","position":2,"name":"\u015eUBELER\u0130M\u0130Z"}]},{"@type":"WebSite","@id":"https:\/\/www.myvize.com.tr\/malta\/#website","url":"https:\/\/www.myvize.com.tr\/malta\/","name":"Malta Vizesi","description":"","potentialAction":[{"@type":"SearchAction","target":{"@type":"EntryPoint","urlTemplate":"https:\/\/www.myvize.com.tr\/malta\/?s={search_term_string}"},"query-input":{"@type":"PropertyValueSpecification","valueRequired":true,"valueName":"search_term_string"}}],"inLanguage":"tr"}]}},"_links":{"self":[{"href":"https:\/\/www.myvize.com.tr\/malta\/wp-json\/wp\/v2\/pages\/174","targetHints":{"allow":["GET"]}}],"collection":[{"href":"https:\/\/www.myvize.com.tr\/malta\/wp-json\/wp\/v2\/pages"}],"about":[{"href":"https:\/\/www.myvize.com.tr\/malta\/wp-json\/wp\/v2\/types\/page"}],"author":[{"embeddable":true,"href":"https:\/\/www.myvize.com.tr\/malta\/wp-json\/wp\/v2\/users\/1"}],"replies":[{"embeddable":true,"href":"https:\/\/www.myvize.com.tr\/malta\/wp-json\/wp\/v2\/comments?post=174"}],"version-history":[{"count":5,"href":"https:\/\/www.myvize.com.tr\/malta\/wp-json\/wp\/v2\/pages\/174\/revisions"}],"predecessor-version":[{"id":804,"href":"https:\/\/www.myvize.com.tr\/malta\/wp-json\/wp\/v2\/pages\/174\/revisions\/804"}],"wp:attachment":[{"href":"https:\/\/www.myvize.com.tr\/malta\/wp-json\/wp\/v2\/media?parent=174"}],"curies":[{"name":"wp","href":"https:\/\/api.w.org\/{rel}","templated":true}]}}