{"id":181,"date":"2020-12-25T13:36:02","date_gmt":"2020-12-25T10:36:02","guid":{"rendered":"https:\/\/www.myvize.com.tr\/malta\/?page_id=181"},"modified":"2022-08-15T16:58:53","modified_gmt":"2022-08-15T13:58:53","slug":"aile-birlesimi","status":"publish","type":"page","link":"https:\/\/www.myvize.com.tr\/malta\/oturum-2\/aile-birlesimi\/","title":{"rendered":"Malta Aile Birle\u015fimi"},"content":{"rendered":"<h2><strong><span style=\"font-family: Roboto; font-size: 27px;\">Malta Aile Birle\u015fimi Hakk\u0131nda<\/span><\/strong><\/h2>\n<p><span style=\"font-family: Roboto; font-size: 14px;\">Aile \u00fcyeleri Malta\u2019da ya\u015fayan ki\u015filer<span style=\"color: #2acec2;\"><strong><a style=\"color: #2acec2;\" href=\"https:\/\/www.myvize.com.tr\/malta\/vize-islemleri\/malta-aile-birlesimi-vizesi\/\" target=\"_blank\" rel=\"noopener\"> Malta Aile Birle\u015fimi vizesi <\/a><\/strong><\/span>alarak bu \u00fclkeye ve ailelerinin yan\u0131na gidebilirler. Bu haktan yararlanabilmek i\u00e7in \u00f6ncelikle Malta&#8217;da yasal olarak ikamet eden ve <strong>aile birle\u015fimi<\/strong> amac\u0131yla aile \u00fcyelerinin kendisine kat\u0131lmalar\u0131 i\u00e7in \u00fc\u00e7\u00fcnc\u00fc \u00fclke vatanda\u015f\u0131n\u0131n ba\u015fvuruda bulunmas\u0131 gerekmektedir. Online form ile bu ba\u015fvuru k\u0131sa s\u00fcrede yap\u0131labilir.<\/span><\/p>\n<p><span style=\"font-family: Roboto; font-size: 14px;\">T\u00fcrkiye\u2019de ya\u015fayan ki\u015finin <strong>Malta Aile Birle\u015fimi<\/strong> yoluyla Malta\u2019ya seyahat edebilmesi ve bu \u00fclkede ya\u015fayabilmesi i\u00e7in oturum iznine sahip olmas\u0131 \u015fartt\u0131r. Aile birle\u015fimiyle Malta\u2019ya gitmek i\u00e7in ilgili formu doldurduktan sonra ba\u015fvurunuzu sunmal\u0131s\u0131n\u0131z. Ba\u015fvurunuz incelenir ve de\u011ferlendirilir. Ba\u015fvuru onay\u0131n\u0131z\u0131 ald\u0131ktan sonra<strong> Malta\u2019ya aile birle\u015fimi yolu<\/strong> ile seyahat etmeniz kesinle\u015fir. Fakat bu i\u015flem yakla\u015f\u0131k 22 ay kadar s\u00fcrmektedir.<\/span><\/p>\n<p><span style=\"font-family: Roboto; font-size: 14px;\">Malta&#8217;ya giri\u015f yapmak amac\u0131yla vizeye ihtiya\u00e7 duyan\u00a0aile \u00fcyelerinin vize almalar\u0131 da gerekmektedir. Malta&#8217;ya seyahat etmek i\u00e7in vizeye ihtiya\u00e7 duyanlar,\u00a0AB, AEA veya <strong>\u0130svi\u00e7re vatanda\u015fl\u0131\u011f\u0131<\/strong> bulunan aile \u00fcyeleriyle birlikte Malta&#8217;ya giriyorlarsa, bu vize kolayla\u015ft\u0131r\u0131lm\u0131\u015f bir \u015fekilde ve \u00fccretsiz olarak verilir.\u00a0Aksi takdirde, bu t\u00fcr bir kolayla\u015ft\u0131rma uygulanmaz ve \u00fc\u00e7\u00fcnc\u00fc \u00fclke vatanda\u015f\u0131n\u0131n vize ba\u015fvurusu, \u00fc\u00e7\u00fcnc\u00fc \u00fclke vatanda\u015flar\u0131 i\u00e7in ge\u00e7erli olan normal vize prosed\u00fcr\u00fcne g\u00f6re i\u015fleme al\u0131n\u0131r.<\/span><\/p>\n<h2><strong><span style=\"font-family: Roboto; font-size: 27px;\">\u00a0Malta Aile Birle\u015fimi\u00a0<\/span><\/strong><\/h2>\n<p><span style=\"font-family: Roboto; font-size: 14px;\">Malta&#8217;da e\u015f, annesi, baba ya da \u00e7ocuk olan ki\u015fi, Malta&#8217;da bulunan aile \u00fcyesiyle beraber ya\u015fayacak ise Malta aile birle\u015fimi vizesi almas\u0131 gerekmekte. Malta aile birle\u015fimi vizesi alacak olan ki\u015fi, Malta aile birle\u015fiminin ne oldu\u011fu merak edilmekte. Bu yaz\u0131 da Malta aile birle\u015fimi vizesi alacak olan ki\u015fi i\u00e7in \u201cMalta aile birle\u015fimi nedir?\u201d sorusu cevaplar\u0131 verilmi\u015ftir.\u00a0 \u00a0 Malta aile birle\u015fimi vizesi, Malta&#8217;da bulunan aile \u00fcyeleri ile beraber Malta&#8217;da ya\u015famak isteyen ki\u015filerin almas\u0131 gereken yasal izini t\u00fcr Malta aile birle\u015fimi vizesidir. <strong>Malta aile birle\u015fimi vizesi<\/strong> uzun s\u00fcreli bir Malta vize t\u00fcr\u00fcd\u00fcr. Bu vize olmadan Malta aile birle\u015fimleri yap\u0131lmamaktad\u0131r. Malta aile birle\u015fimi vizesi vermeleri yetkisi Malta&#8217;n\u0131n T\u00fcrkiye de bulunan temsilciliklerine aittir. Ba\u015fvuru da Malta&#8217;n\u0131n T\u00fcrkiye de bulunan temsilciliklerine yap\u0131labilmektedir. Malta aile birle\u015fimi vizesini alabilmek i\u00e7in Malta&#8217;da bulunan aile \u00fcye sizi yan\u0131nda ya\u015famaya kabul etmesi gerekmektedir.<\/span><\/p>\n<h2><strong><span style=\"font-family: Roboto; font-size: 27px;\">Malta Aile Birle\u015fimi \u0130\u015flemleri<\/span><\/strong><\/h2>\n<p><span style=\"font-family: Roboto; font-size: 14px;\"><strong>Malta aile birle\u015fimi<\/strong> vizesinin ba\u015fvurular\u0131 b\u00fct\u00fcn evraklar vize ba\u015fvuru merkezlerine teslim edildikten sonra 60 g\u00fcn i\u00e7inde karara ba\u011flamaktad\u0131r. Belge eksikli\u011fi veya farkl\u0131 belge talepleri gibi durumlar\u0131n yan\u0131nda vize merkezlerinin tatil g\u00fcn\u00fc ile yo\u011funlu\u011fu gibi durumlar da Malta aile birle\u015fim vizesi i\u015flemleri belirtilen s\u00fcrede daha uzun veya k\u0131sa s\u00fcrmektedir. Malta aile birle\u015fim vizesi ba\u015fvurular\u0131 sonu\u00e7lamas\u0131 bir\u00e7ok durum etki etmektedir. Bu sebeple ba\u015fvuru sonu\u00e7lanmas\u0131 i\u00e7in belirli bir s\u00fcreyi bulmamaktad\u0131r. Ayr\u0131ca Malta aile birle\u015fim vizesi ba\u015fvurusunu inceleyen Malta temsilcili\u011fine de bir s\u00fcre k\u0131s\u0131tlamas\u0131 tabii de\u011fildir. Malta aile birle\u015fim vizesi ba\u015fvuru ortalamas\u0131 olarak bir ay i\u00e7inde sonu\u00e7lamaktad\u0131r.\u00a0 <span style=\"color: #2acec2;\"><strong><a style=\"color: #2acec2;\" href=\"https:\/\/www.myvize.com.tr\/malta\/vize-islemleri\/\" target=\"_blank\" rel=\"noopener\">Malta vize i\u015flemleri<\/a><\/strong><\/span> sonu\u00e7lar\u0131nda Malta vizesi \u00fccretleri iadesi olmad\u0131\u011f\u0131nda ba\u015fvuru sahiplerinin bu s\u00fcre\u00e7lerde titiz davranmalar\u0131 ya da uzman ki\u015filerden yard\u0131m almas\u0131 tavsiye edilir.<\/span><\/p>\n<h2><strong><span style=\"font-family: Roboto; font-size: 27px;\">Malta Aile Birle\u015fimi Vizesi Ba\u015fvurusu<\/span><\/strong><\/h2>\n<p><span style=\"font-family: Roboto; font-size: 14px;\">Malta aile birle\u015fimi veya\u00a0 evlilik vizesi ba\u015fvuru ad\u0131m\u0131 a\u015fa\u011f\u0131da listelenmi\u015ftir. Malta aile birle\u015fimi vize ba\u015fvuru formunu\u00a0 doldurmak: Vize ba\u015fvuru formunu\u00a0 t\u00fckenmez kalemle eksiksiz,\u00a0 do\u011fru bilgilerle doldurulmal\u0131d\u0131r. <strong>Malta aile birle\u015fimi vize ba\u015fvurusu<\/strong> i\u00e7in gerekli evraklar\u0131 haz\u0131rlamak: Ba\u015fvuru formunu yan\u0131nda di\u011fer istenen belgeler haz\u0131rlanmal\u0131d\u0131r. Vize ba\u015fvuru merkezinden randevu almak: Malta aile birle\u015fimi vize ba\u015fvurusu evraklar\u0131n\u0131 teslim etmek i\u00e7in vize ba\u015fvuru merkezinden ya da en yak\u0131n Malta Konsoloslu\u011funa randevu almas\u0131 gerekmektedir. Vize ba\u015fvuru merkezi taraf\u0131ndan biyometri bilginin al\u0131nmas\u0131: Randevu tarihinde vize ba\u015fvurusu da bulunan ki\u015finin biyometrik bilgisinin al\u0131nmas\u0131 gerekmektedir. Vize \u00fccretini \u00f6demek: Malta aile birle\u015fimi vizesi \u00fccreti \u00f6denmesi ve makbuz yetkililerine teslim edilmelidir. Vize ba\u015fvuru takibi yapmak. Pasaportu teslim almak. <strong>Malta vize i\u015flemleri<\/strong> s\u0131ras\u0131nda Malta temsilcili\u011fini seyahat i\u00e7eriklerine g\u00f6re ek belgeler talebinde bulunabilir.<\/span><\/p>\n<h3><strong><span style=\"font-family: Roboto; font-size: 24px;\">Malta Aile Birle\u015fimi Vizesi Ba\u015fvurusu Nereye Yap\u0131l\u0131r?<\/span><\/strong><\/h3>\n<p><span style=\"font-family: Roboto; font-size: 14px;\">Aile \u00fcyesi ve beraber Malta&#8217;da ya\u015famay\u0131 isteyen ki\u015fi, Malta aile birle\u015fim vizesi almal\u0131d\u0131r. Malta aile birle\u015fim vizesi ba\u015fvurusunda bulunacak olan T\u00fcrk vatanda\u015f\u0131 Malta aile birle\u015fim vizesinin nereden al\u0131naca\u011f\u0131n\u0131 merak etmektedir. Bu yaz\u0131da Malta aile birle\u015fim vizesi alacak olan ki\u015fi i\u00e7in \u201cMalta aile birle\u015fimi vizesini nereden al\u0131n\u0131r?\u201d sorusu cevap verilmi\u015ftir. Malta aile birle\u015fim vizesi ba\u015fvurular\u0131 Malta&#8217;n\u0131n T\u00fcrkiyede ki diplomat temsilcili\u011fine yap\u0131labilir. Malta aile birle\u015fimi vize ba\u015fvurusu yapabilece\u011fi temsilcilik, <strong>Malta Ankara B\u00fcy\u00fckel\u00e7ili\u011fi<\/strong> ve<strong> Malta \u0130stanbul Ba\u015fkonsoloslu\u011fa<\/strong> yap\u0131labilmektedir. Malta aile birle\u015fimi vizesi ba\u015fvurusu incelemek ve de\u011ferlendirmek yetkileri de Malta&#8217;n\u0131n T\u00fcrkiye temsilcili\u011fine aittir. Malta aile birle\u015fim vizesi ba\u015fvuru Malta&#8217;n\u0131n T\u00fcrkiye temsilcili\u011fine yap\u0131lmaktad\u0131r ve ba\u015fvurularda Malta temsilcili\u011fi incelenmektedir. Bu sebeple Malta aile birle\u015fimi vizesi nereden al\u0131n\u0131r? sorusuna verilebilecek en iyi cevap Malta temsilcili\u011finin cevab\u0131d\u0131r. Ba\u015fvurular onaylan\u0131rsa ba\u015fvuru sahiplerinin pasaportuna bas\u0131lmaktad\u0131r.<\/span><\/p>\n","protected":false},"excerpt":{"rendered":"<p>Malta Aile Birle\u015fimi Hakk\u0131nda Aile \u00fcyeleri Malta\u2019da ya\u015fayan ki\u015filer Malta Aile Birle\u015fimi vizesi alarak bu \u00fclkeye ve ailelerinin yan\u0131na gidebilirler. Bu haktan yararlanabilmek i\u00e7in \u00f6ncelikle Malta&#8217;da yasal olarak ikamet eden ve aile birle\u015fimi amac\u0131yla aile \u00fcyelerinin kendisine kat\u0131lmalar\u0131 i\u00e7in \u00fc\u00e7\u00fcnc\u00fc \u00fclke vatanda\u015f\u0131n\u0131n ba\u015fvuruda bulunmas\u0131 gerekmektedir. Online form ile bu ba\u015fvuru k\u0131sa s\u00fcrede yap\u0131labilir. T\u00fcrkiye\u2019de ya\u015fayan<\/p>\n","protected":false},"author":1,"featured_media":0,"parent":162,"menu_order":0,"comment_status":"open","ping_status":"closed","template":"","meta":{"footnotes":""},"class_list":["post-181","page","type-page","status-publish","hentry"],"yoast_head":"<!-- This site is optimized with the Yoast SEO plugin v24.0 - https:\/\/yoast.com\/wordpress\/plugins\/seo\/ -->\n<title>Malta Aile Birle\u015fimi Vize \u0130\u015flemleri - MyVize<\/title>\n<meta name=\"description\" content=\"Malta aile birle\u015fimi i\u00e7in gerekli evrak listesi. Malta aile birle\u015fimi gerekli \u015fartlar nelerdir? Malta aile birle\u015fimi i\u00e7in g\u00f6rsel anlat\u0131m\u0131.\" \/>\n<meta name=\"robots\" content=\"index, follow, max-snippet:-1, max-image-preview:large, max-video-preview:-1\" \/>\n<link rel=\"canonical\" href=\"https:\/\/www.myvize.com.tr\/malta\/oturum-2\/aile-birlesimi\/\" \/>\n<meta property=\"og:locale\" content=\"tr_TR\" \/>\n<meta property=\"og:type\" content=\"article\" \/>\n<meta property=\"og:title\" content=\"Malta Aile Birle\u015fimi Vize \u0130\u015flemleri - MyVize\" \/>\n<meta property=\"og:description\" content=\"Malta aile birle\u015fimi i\u00e7in gerekli evrak listesi. Malta aile birle\u015fimi gerekli \u015fartlar nelerdir? Malta aile birle\u015fimi i\u00e7in g\u00f6rsel anlat\u0131m\u0131.\" \/>\n<meta property=\"og:url\" content=\"https:\/\/www.myvize.com.tr\/malta\/oturum-2\/aile-birlesimi\/\" \/>\n<meta property=\"og:site_name\" content=\"Malta Vizesi\" \/>\n<meta property=\"article:modified_time\" content=\"2022-08-15T13:58:53+00:00\" \/>\n<meta name=\"twitter:card\" content=\"summary_large_image\" \/>\n<meta name=\"twitter:label1\" content=\"Tahmini okuma s\u00fcresi\" \/>\n\t<meta name=\"twitter:data1\" content=\"3 dakika\" \/>\n<script type=\"application\/ld+json\" class=\"yoast-schema-graph\">{\"@context\":\"https:\/\/schema.org\",\"@graph\":[{\"@type\":\"WebPage\",\"@id\":\"https:\/\/www.myvize.com.tr\/malta\/oturum-2\/aile-birlesimi\/\",\"url\":\"https:\/\/www.myvize.com.tr\/malta\/oturum-2\/aile-birlesimi\/\",\"name\":\"Malta Aile Birle\u015fimi Vize \u0130\u015flemleri - MyVize\",\"isPartOf\":{\"@id\":\"https:\/\/www.myvize.com.tr\/malta\/#website\"},\"datePublished\":\"2020-12-25T10:36:02+00:00\",\"dateModified\":\"2022-08-15T13:58:53+00:00\",\"description\":\"Malta aile birle\u015fimi i\u00e7in gerekli evrak listesi. Malta aile birle\u015fimi gerekli \u015fartlar nelerdir? Malta aile birle\u015fimi i\u00e7in g\u00f6rsel anlat\u0131m\u0131.\",\"breadcrumb\":{\"@id\":\"https:\/\/www.myvize.com.tr\/malta\/oturum-2\/aile-birlesimi\/#breadcrumb\"},\"inLanguage\":\"tr\",\"potentialAction\":[{\"@type\":\"ReadAction\",\"target\":[\"https:\/\/www.myvize.com.tr\/malta\/oturum-2\/aile-birlesimi\/\"]}]},{\"@type\":\"BreadcrumbList\",\"@id\":\"https:\/\/www.myvize.com.tr\/malta\/oturum-2\/aile-birlesimi\/#breadcrumb\",\"itemListElement\":[{\"@type\":\"ListItem\",\"position\":1,\"name\":\"Anasayfa\",\"item\":\"https:\/\/www.myvize.com.tr\/malta\/\"},{\"@type\":\"ListItem\",\"position\":2,\"name\":\"MALTA OTURUM KARTI\",\"item\":\"https:\/\/www.myvize.com.tr\/malta\/oturum-2\/\"},{\"@type\":\"ListItem\",\"position\":3,\"name\":\"Malta Aile Birle\u015fimi\"}]},{\"@type\":\"WebSite\",\"@id\":\"https:\/\/www.myvize.com.tr\/malta\/#website\",\"url\":\"https:\/\/www.myvize.com.tr\/malta\/\",\"name\":\"Malta Vizesi\",\"description\":\"\",\"potentialAction\":[{\"@type\":\"SearchAction\",\"target\":{\"@type\":\"EntryPoint\",\"urlTemplate\":\"https:\/\/www.myvize.com.tr\/malta\/?s={search_term_string}\"},\"query-input\":{\"@type\":\"PropertyValueSpecification\",\"valueRequired\":true,\"valueName\":\"search_term_string\"}}],\"inLanguage\":\"tr\"}]}<\/script>\n<!-- \/ Yoast SEO plugin. -->","yoast_head_json":{"title":"Malta Aile Birle\u015fimi Vize \u0130\u015flemleri - MyVize","description":"Malta aile birle\u015fimi i\u00e7in gerekli evrak listesi. Malta aile birle\u015fimi gerekli \u015fartlar nelerdir? Malta aile birle\u015fimi i\u00e7in g\u00f6rsel anlat\u0131m\u0131.","robots":{"index":"index","follow":"follow","max-snippet":"max-snippet:-1","max-image-preview":"max-image-preview:large","max-video-preview":"max-video-preview:-1"},"canonical":"https:\/\/www.myvize.com.tr\/malta\/oturum-2\/aile-birlesimi\/","og_locale":"tr_TR","og_type":"article","og_title":"Malta Aile Birle\u015fimi Vize \u0130\u015flemleri - MyVize","og_description":"Malta aile birle\u015fimi i\u00e7in gerekli evrak listesi. Malta aile birle\u015fimi gerekli \u015fartlar nelerdir? Malta aile birle\u015fimi i\u00e7in g\u00f6rsel anlat\u0131m\u0131.","og_url":"https:\/\/www.myvize.com.tr\/malta\/oturum-2\/aile-birlesimi\/","og_site_name":"Malta Vizesi","article_modified_time":"2022-08-15T13:58:53+00:00","twitter_card":"summary_large_image","twitter_misc":{"Tahmini okuma s\u00fcresi":"3 dakika"},"schema":{"@context":"https:\/\/schema.org","@graph":[{"@type":"WebPage","@id":"https:\/\/www.myvize.com.tr\/malta\/oturum-2\/aile-birlesimi\/","url":"https:\/\/www.myvize.com.tr\/malta\/oturum-2\/aile-birlesimi\/","name":"Malta Aile Birle\u015fimi Vize \u0130\u015flemleri - MyVize","isPartOf":{"@id":"https:\/\/www.myvize.com.tr\/malta\/#website"},"datePublished":"2020-12-25T10:36:02+00:00","dateModified":"2022-08-15T13:58:53+00:00","description":"Malta aile birle\u015fimi i\u00e7in gerekli evrak listesi. Malta aile birle\u015fimi gerekli \u015fartlar nelerdir? Malta aile birle\u015fimi i\u00e7in g\u00f6rsel anlat\u0131m\u0131.","breadcrumb":{"@id":"https:\/\/www.myvize.com.tr\/malta\/oturum-2\/aile-birlesimi\/#breadcrumb"},"inLanguage":"tr","potentialAction":[{"@type":"ReadAction","target":["https:\/\/www.myvize.com.tr\/malta\/oturum-2\/aile-birlesimi\/"]}]},{"@type":"BreadcrumbList","@id":"https:\/\/www.myvize.com.tr\/malta\/oturum-2\/aile-birlesimi\/#breadcrumb","itemListElement":[{"@type":"ListItem","position":1,"name":"Anasayfa","item":"https:\/\/www.myvize.com.tr\/malta\/"},{"@type":"ListItem","position":2,"name":"MALTA OTURUM KARTI","item":"https:\/\/www.myvize.com.tr\/malta\/oturum-2\/"},{"@type":"ListItem","position":3,"name":"Malta Aile Birle\u015fimi"}]},{"@type":"WebSite","@id":"https:\/\/www.myvize.com.tr\/malta\/#website","url":"https:\/\/www.myvize.com.tr\/malta\/","name":"Malta Vizesi","description":"","potentialAction":[{"@type":"SearchAction","target":{"@type":"EntryPoint","urlTemplate":"https:\/\/www.myvize.com.tr\/malta\/?s={search_term_string}"},"query-input":{"@type":"PropertyValueSpecification","valueRequired":true,"valueName":"search_term_string"}}],"inLanguage":"tr"}]}},"_links":{"self":[{"href":"https:\/\/www.myvize.com.tr\/malta\/wp-json\/wp\/v2\/pages\/181","targetHints":{"allow":["GET"]}}],"collection":[{"href":"https:\/\/www.myvize.com.tr\/malta\/wp-json\/wp\/v2\/pages"}],"about":[{"href":"https:\/\/www.myvize.com.tr\/malta\/wp-json\/wp\/v2\/types\/page"}],"author":[{"embeddable":true,"href":"https:\/\/www.myvize.com.tr\/malta\/wp-json\/wp\/v2\/users\/1"}],"replies":[{"embeddable":true,"href":"https:\/\/www.myvize.com.tr\/malta\/wp-json\/wp\/v2\/comments?post=181"}],"version-history":[{"count":4,"href":"https:\/\/www.myvize.com.tr\/malta\/wp-json\/wp\/v2\/pages\/181\/revisions"}],"predecessor-version":[{"id":800,"href":"https:\/\/www.myvize.com.tr\/malta\/wp-json\/wp\/v2\/pages\/181\/revisions\/800"}],"up":[{"embeddable":true,"href":"https:\/\/www.myvize.com.tr\/malta\/wp-json\/wp\/v2\/pages\/162"}],"wp:attachment":[{"href":"https:\/\/www.myvize.com.tr\/malta\/wp-json\/wp\/v2\/media?parent=181"}],"curies":[{"name":"wp","href":"https:\/\/api.w.org\/{rel}","templated":true}]}}