{"id":197,"date":"2020-12-25T13:39:01","date_gmt":"2020-12-25T10:39:01","guid":{"rendered":"https:\/\/www.myvize.com.tr\/malta\/?page_id=197"},"modified":"2022-06-23T12:18:58","modified_gmt":"2022-06-23T09:18:58","slug":"ticari-vize-dilekce-ornegi","status":"publish","type":"page","link":"https:\/\/www.myvize.com.tr\/malta\/form-ve-dilekce\/ticari-vize-dilekce-ornegi\/","title":{"rendered":"Malta Ticari Vize Dilek\u00e7e \u00d6rne\u011fi"},"content":{"rendered":"<h2><strong><span style=\"font-family: Roboto; font-size: 27px;\">Malta Ticari Vize Dilek\u00e7e \u00d6rne\u011fi Hakk\u0131nda<\/span><\/strong><\/h2>\n<p><span style=\"font-family: Roboto; font-size: 14px;\"><span style=\"color: #2acec2;\"><strong><a style=\"color: #2acec2;\" href=\"https:\/\/www.myvize.com.tr\/malta\/vize-islemleri\/malta-ticari-vize\/\" target=\"_blank\" rel=\"noopener\">Malta ticari vizesi <\/a><\/strong><\/span>size Malta&#8217;ya girme ve\u00a0izin verildi\u011fi \u015fekilde\u00a0alt\u0131 ay\u00a0i\u00e7inde\u00a0maksimum\u00a090 g\u00fcne\u00a0kadar burada kalma yetkisi verir.<strong> Malta ticari vize dilek\u00e7e \u00f6rne\u011fi<\/strong> baz al\u0131narak, dilek\u00e7enizi haz\u0131rlayabilir ve bu vize t\u00fcr\u00fcne ba\u015fvuru yapabilirsiniz.<\/span><\/p>\n<p><span style=\"font-family: Roboto; font-size: 14px;\"><strong>Malta ticari vizesi<\/strong> ba\u015fvuru formu, Maltaca veya \u0130ngilizce doldurulmal\u0131 ve ba\u015fvuru sahibi taraf\u0131ndan imzalanmal\u0131d\u0131r. Bu form ile birlikte di\u011fer belgeler de konsoloslu\u011fa iletilmelidir. <strong>Malta ticari vizesi<\/strong> i\u00e7in baz\u0131 belgeler talep edilir. Bu belgeler listesinde en az \u00fc\u00e7 ay ge\u00e7erlili\u011fi olan pasaport, iki foto\u011fraf, kimlik kart\u0131, u\u00e7u\u015f rezervasyonunu g\u00f6sterir belge, mali imkanlar\u0131n kan\u0131t\u0131, yurt d\u0131\u015f\u0131 sa\u011fl\u0131k sigortas\u0131, Taraflar\u0131n ayr\u0131nt\u0131lar\u0131n\u0131 belirten ticari ili\u015fkilerin veya i\u015f ama\u00e7l\u0131 ili\u015fkilerin varl\u0131\u011f\u0131n\u0131 yans\u0131tan bilgiler, noter onayl\u0131 ispat formu beyan\u0131, mutabakat zapt\u0131 yer al\u0131r.<\/span><\/p>\n<p><span style=\"font-family: Roboto; font-size: 14px;\"><strong>Malta ticari vizesi<\/strong> i\u00e7in gerekli evraklar\u0131 haz\u0131rlay\u0131p, <strong>Malta vize ba\u015fvuru<\/strong> merkezine, konsoloslu\u011fa ya da Malta b\u00fcy\u00fckel\u00e7iliklerine m\u00fcracaat yapabilirsiniz. \u0130kamet etti\u011finiz \u015fehre en yak\u0131n konumda olan konsolosluktan yard\u0131m alabilirsiniz. Ba\u015fvuru esnas\u0131nda b\u00fct\u00fcn belgelerinizin tam olmas\u0131na ve formlar\u0131n do\u011fru \u015fekilde doldurulmas\u0131na \u00f6zen g\u00f6stermelisiniz.<\/span><\/p>\n<p><span style=\"font-family: Roboto; font-size: 14px;\"><span style=\"color: #2acec2;\"><strong><a style=\"color: #2acec2;\" href=\"https:\/\/www.myvize.com.tr\/malta\/vize-islemleri\/malta-vize-randevusu\/\" target=\"_blank\" rel=\"noopener\">Malta Vize Randevusu<\/a><\/strong><\/span> ile ilgili bilgi almak i\u00e7in bizi aray\u0131n.<\/span><\/p>\n<h2><strong><span style=\"font-family: Roboto; font-size: 27px;\">Malta Ticari Vize \u0130\u015flemleri<\/span><\/strong><\/h2>\n<p><span style=\"font-family: Roboto; font-size: 14px;\"><strong>Malta ticari vize ba\u015fvuru i\u015flemleri<\/strong> konusunda ki\u015filerin i\u015f ehli uzmandan destek almalar\u0131 bu s\u00fcre\u00e7leri k\u0131saltmaktad\u0131r. Ancak kendiniz vizenizi yine kendi i\u015fleminizi yaparak almak istiyorsan\u0131z son derece dikkati davranman\u0131z gerekir. <strong>Malta ticari vize i\u00e7in gerekli evraklar<\/strong> yan\u0131nda mutlaka ba\u015fvuru \u00fccretlerini de zaman\u0131nda yat\u0131rmal\u0131s\u0131n\u0131z. Ba\u015fvurular i\u00e7in Malta konsoloslu\u011funa veya\u00a0 b\u00fcy\u00fckel\u00e7ili\u011fe gidebilirsiniz. Yetkilendirilmi\u015f vize merkezleri de size ba\u015fvuru konusunda hizmet vermektedir. Vize ba\u015fvurusunu yaparken \u015fu noktalara dikkat etmelisiniz:<\/span><\/p>\n<p><span style=\"font-family: Roboto; font-size: 14px;\">Malta ticari vizesi i\u015flemleri s\u0131ras\u0131nda ba\u015fvuru form dikkatli doldurmal\u0131s\u0131n\u0131z. Ticari ba\u015fvuru form doldururken b\u00fcy\u00fck harf ile istenilen dilde yazmal\u0131s\u0131n\u0131z. Ticari ba\u015fvuru formunun i\u00e7inde yer alan bilgilerin g\u00fcncel olmas\u0131na \u00f6zen g\u00f6stermelisiniz. Ticari vize ba\u015fvurular\u0131 talep dilek\u00e7elerine \u0131slak imza ve tarihlerin bulunmas\u0131na dikkat etmelisiniz. Eski kulland\u0131\u011f\u0131n\u0131z pasaport var ise mutlaka bu pasaport da vize dosyan\u0131za eklemelisiniz.<\/span><\/p>\n<h2><strong><span style=\"font-family: Roboto; font-size: 27px;\">Malta Ticari Vize Dilek\u00e7esi Nas\u0131l Yaz\u0131l\u0131r?<\/span><\/strong><\/h2>\n<p><span style=\"font-family: Roboto; font-size: 14px;\">Seyahat ama\u00e7lar\u0131n\u0131n ticari oldu\u011fu belirtilmesi gerekmektedir. Seyahat edilecek \u00fclkelere ili\u015fki i\u00e7inde bulunulan \u015firketlerin bilgisine yer verilmelidir. \u015eirket ad\u0131 vb. ayr\u0131nt\u0131l\u0131 bilgi belgede yer almal\u0131d\u0131r. Seyahat tarihinin sunulan di\u011fer evraktakiyle ayn\u0131 olmalar\u0131na dikkat edilmelidir. Ticari ama\u00e7 olarak ger\u00e7ekle\u015ftirecek seyahat de masraf\u0131n \u015firket taraf\u0131ndan kar\u015f\u0131lanaca\u011f\u0131 belirtilmesi \u00f6nemlidir. Ticari Vize talep dilek\u00e7eleri, y\u0131pranmam\u0131\u015f, temiz A4 ka\u011f\u0131d\u0131 \u00fczerinde yaz\u0131lmal\u0131d\u0131r. Bilgisayar \u00fczerinde ya da elle yaz\u0131lan dilek\u00e7e kabul edilir. Ticari vize Ba\u015fvuru sahibinin \u0131slak imzalar\u0131 dilek\u00e7e \u00fczerinde yer almal\u0131. Konsolosluk g\u00f6revinin diline hitaben dilek\u00e7esinin olu\u015fturulmas\u0131 \u00f6nemli. Ticari vize ba\u015fvuru yap\u0131lacak \u00fclkenin kendi dili ya da \u0130ngilizce olarak yaz\u0131lan dilek\u00e7e kabul edilir. Ticari vize ba\u015fvuru dilek\u00e7esi, <strong>Malta konsoloslu\u011fa<\/strong> hitaben resm\u00ee bir dil ile yaz\u0131lmal\u0131d\u0131r. \u0130ngilizce \u00e7evirisiyle birlikte verilecek olan dilek\u00e7ede T\u00fcrk\u00e7e belgeler asl\u0131 ve onay\u0131 \u00e7eviri bulunmal\u0131d\u0131r. \u00a0 Malta Ticari Vize talep dilek\u00e7esinde yer alan bilgi dosyaya konulan evrakla desteklenmelidir.<\/span><\/p>\n<p><strong><span style=\"font-family: Roboto; font-size: 27px;\">Malta Ticari Vize Dilek\u00e7esi Haz\u0131rlarken Dikkat Edilmesi Gerekenler<\/span><\/strong><\/p>\n<p><span style=\"font-family: Roboto; font-size: 14px;\">Malta&#8217;ya Ticari ama\u00e7la seyahat eden ki\u015filerin yapaca\u011f\u0131 seyahat ile ilgili Malta \u0130stanbul Ba\u015fkonsoloslu\u011funa, Malta Ticari Vize talep dilek\u00e7esini sunmas\u0131 gereklidir. Malta Ticari vizesi talep dilek\u00e7esi yaz\u0131l\u0131rken a\u015fa\u011f\u0131da ki hususa dikkat edilmelidir.<\/span><\/p>\n<p><span style=\"font-family: Roboto; font-size: 14px;\"><strong>Malta Ticari Vizesi talep dilek\u00e7esi<\/strong> personeli i\u015f seyahatlerine g\u00f6nderecek \u015firketin yetkilisi taraf\u0131ndan \u015firket antet ka\u011f\u0131d\u0131na yazmas\u0131 ve \u015firket yetkili ka\u015fesini ve imzas\u0131n\u0131 ta\u015f\u0131mal\u0131d\u0131r. Malta Ticari Vizesi talep dilek\u00e7esinde seyahatlerin ama\u00e7lar\u0131 a\u00e7\u0131k\u00e7a yaz\u0131lmal\u0131. Ticari Vizesi talep dilek\u00e7esinde seyahate \u00e7\u0131kacak ki\u015finin firmadaki g\u00f6revi a\u00e7\u0131k\u00e7a ifade edilmelidir. Malta&#8217;ya seyahat edecek ki\u015finin seyahatinin ba\u015flang\u0131\u00e7 ve biti\u015f tarihleri ile varsa ek seyahati hakk\u0131nda Malta Ticari Vizesi talep dilek\u00e7esine net bilgiler verilmelidir. <strong>Malta Konsoloslu\u011fa Ticari Vizesi talebi dilek\u00e7esi<\/strong> haz\u0131rlarken seyahat edecek ki\u015filerin seyahat s\u00fcresinde olu\u015facak masraf\u0131n nas\u0131l kar\u015f\u0131lanaca\u011f\u0131 bilgileri yer almal\u0131d\u0131r.<\/span><\/p>\n<h2><strong><span style=\"font-family: Roboto; font-size: 27px;\">Malta Ticari Vize Dilek\u00e7e \u00d6rne\u011fi 2022<\/span><\/strong><\/h2>\n<p><span style=\"font-family: Roboto; font-size: 14px;\">..\/..\/..\/\u2026\u00a0<\/span><\/p>\n<p><span style=\"font-family: Roboto; font-size: 14px;\">\u2026\u2026\u2026 Ba\u015fkonsoloslu\u011fu\u00a0<\/span><\/p>\n<p><span style=\"font-family: Roboto; font-size: 14px;\">\u0130stanbul Vize B\u00f6l\u00fcm \u015eefi Sn:<\/span><\/p>\n<p><span style=\"font-family: Roboto; font-size: 14px;\">\u00a0Vize Merkezi \u0130stanbul \u2026\u2026\u00a0 il\u00e7esinde yerle\u015fik, hizmet sekt\u00f6r\u00fcne 17 y\u0131ld\u0131r 102 \u00fclkeye vize dan\u0131\u015fmanl\u0131\u011f\u0131 ve turizm organizasyon yaparak T\u00fcrkiye\u2019de 7 ilde 11 \u015fubesi bulunan sekt\u00f6rlerinde en iyi 4 \u015firketten biridir.\u00a0\u00a0<\/span><\/p>\n<p><span style=\"font-family: Roboto; font-size: 14px;\">\u00dclkede bulunan \u201d\u2026\u2026\u2026.\u201d vize ve dan\u0131\u015fman sekt\u00f6r\u00fcnde en ba\u015far\u0131l\u0131 firmadand\u0131r. \u0130\u015fimizi geli\u015ftirilmesi i\u00e7in program yaz\u0131l\u0131mlar\u0131 ve i\u015f takip sisteminin en iyisiyle \u00e7al\u0131\u015fmam\u0131z gerekece\u011fi i\u00e7in s\u00fcrekli toplant\u0131lar, g\u00f6r\u00fc\u015fme ve denetlemeler organize edece\u011fiz.<\/span><\/p>\n<p><span style=\"font-family: Roboto; font-size: 14px;\">\u00a0A\u015fa\u011f\u0131da bilgileri bulunan ve \u00f6ng\u00f6r\u00fclen toplant\u0131lar tarihinde Sn: \u2026.. \u00dclkenizde yapmalar\u0131 gereken i\u015f seyahatleri i\u00e7in kendisine gerekli olan vizelerin verilmesini arz ederiz.\u00a0\u00a0<\/span><\/p>\n<p><span style=\"font-family: Roboto; font-size: 14px;\">\u0130sim \/ soy ismi\u00a0<\/span><\/p>\n<p><span style=\"font-family: Roboto; font-size: 14px;\">Kaza, hasta, vb. gibi durumda maddi &#8211;\u00a0 manevi t\u00fcm sorumluluk \u015firketlerimize aittir.\u00a0\u00a0<\/span><\/p>\n<p><span style=\"font-family: Roboto; font-size: 14px;\">\u0130\u00e7indekiler:\u00a0<\/span><\/p>\n<p><span style=\"font-family: Roboto; font-size: 14px;\">\u2022 \u015eirket belgesi\u00a0<\/span><\/p>\n<p><span style=\"font-family: Roboto; font-size: 14px;\">\u2022 3 ayl\u0131k banka hareketi\u00a0<\/span><\/p>\n<p><span style=\"font-family: Roboto; font-size: 14px;\">\u2022 3 Schengen vize fotokopisi\u00a0<\/span><\/p>\n<p><span style=\"font-family: Roboto; font-size: 14px;\">\u2022 Terc\u00fcme edilmi\u015f Dilek\u00e7eler\u00a0<\/span><\/p>\n<p><span style=\"font-family: Roboto; font-size: 14px;\">\u2022 \u0130ki y\u0131ll\u0131k seyahat sigortas\u0131<\/span><\/p>\n<p><span style=\"font-family: Roboto; font-size: 14px;\">\u00a0Vize Merkezi\u00a0<\/span><\/p>\n<p><span style=\"font-family: Roboto; font-size: 14px;\">\u015eirket Yetkili \u0130mza<\/span><\/p>\n<p><img decoding=\"async\" src=\"https:\/\/www.myvize.com.tr\/malta\/wp-content\/uploads\/2021\/10\/34.jpg\" \/><\/p>\n","protected":false},"excerpt":{"rendered":"<p>Malta Ticari Vize Dilek\u00e7e \u00d6rne\u011fi Hakk\u0131nda Malta ticari vizesi size Malta&#8217;ya girme ve\u00a0izin verildi\u011fi \u015fekilde\u00a0alt\u0131 ay\u00a0i\u00e7inde\u00a0maksimum\u00a090 g\u00fcne\u00a0kadar burada kalma yetkisi verir. Malta ticari vize dilek\u00e7e \u00f6rne\u011fi baz al\u0131narak, dilek\u00e7enizi haz\u0131rlayabilir ve bu vize t\u00fcr\u00fcne ba\u015fvuru yapabilirsiniz. Malta ticari vizesi ba\u015fvuru formu, Maltaca veya \u0130ngilizce doldurulmal\u0131 ve ba\u015fvuru sahibi taraf\u0131ndan imzalanmal\u0131d\u0131r. Bu form ile birlikte di\u011fer<\/p>\n","protected":false},"author":1,"featured_media":0,"parent":168,"menu_order":0,"comment_status":"open","ping_status":"closed","template":"","meta":{"footnotes":""},"class_list":["post-197","page","type-page","status-publish","hentry"],"yoast_head":"<!-- This site is optimized with the Yoast SEO plugin v24.0 - https:\/\/yoast.com\/wordpress\/plugins\/seo\/ -->\n<title>Malta Ticari Vize Dilek\u00e7e \u00d6rnekleri - MyVize<\/title>\n<meta name=\"description\" content=\"Malta ticari vize dilek\u00e7e \u00f6rnekleri g\u00fcncel 2022 g\u00f6rselleri. \u00d6rneklerini ofislerimizden isteyiniz. Malta ticari vize dilek\u00e7esi nas\u0131l yaz\u0131l\u0131r?\" \/>\n<meta name=\"robots\" content=\"index, follow, max-snippet:-1, max-image-preview:large, max-video-preview:-1\" \/>\n<link rel=\"canonical\" href=\"https:\/\/www.myvize.com.tr\/malta\/form-ve-dilekce\/ticari-vize-dilekce-ornegi\/\" \/>\n<meta property=\"og:locale\" content=\"tr_TR\" \/>\n<meta property=\"og:type\" content=\"article\" \/>\n<meta property=\"og:title\" content=\"Malta Ticari Vize Dilek\u00e7e \u00d6rnekleri - MyVize\" \/>\n<meta property=\"og:description\" content=\"Malta ticari vize dilek\u00e7e \u00f6rnekleri g\u00fcncel 2022 g\u00f6rselleri. \u00d6rneklerini ofislerimizden isteyiniz. Malta ticari vize dilek\u00e7esi nas\u0131l yaz\u0131l\u0131r?\" \/>\n<meta property=\"og:url\" content=\"https:\/\/www.myvize.com.tr\/malta\/form-ve-dilekce\/ticari-vize-dilekce-ornegi\/\" \/>\n<meta property=\"og:site_name\" content=\"Malta Vizesi\" \/>\n<meta property=\"article:modified_time\" content=\"2022-06-23T09:18:58+00:00\" \/>\n<meta property=\"og:image\" content=\"https:\/\/www.myvize.com.tr\/malta\/wp-content\/uploads\/2021\/10\/34.jpg\" \/>\n<meta name=\"twitter:card\" content=\"summary_large_image\" \/>\n<meta name=\"twitter:label1\" content=\"Tahmini okuma s\u00fcresi\" \/>\n\t<meta name=\"twitter:data1\" content=\"4 dakika\" \/>\n<script type=\"application\/ld+json\" class=\"yoast-schema-graph\">{\"@context\":\"https:\/\/schema.org\",\"@graph\":[{\"@type\":\"WebPage\",\"@id\":\"https:\/\/www.myvize.com.tr\/malta\/form-ve-dilekce\/ticari-vize-dilekce-ornegi\/\",\"url\":\"https:\/\/www.myvize.com.tr\/malta\/form-ve-dilekce\/ticari-vize-dilekce-ornegi\/\",\"name\":\"Malta Ticari Vize Dilek\u00e7e \u00d6rnekleri - MyVize\",\"isPartOf\":{\"@id\":\"https:\/\/www.myvize.com.tr\/malta\/#website\"},\"primaryImageOfPage\":{\"@id\":\"https:\/\/www.myvize.com.tr\/malta\/form-ve-dilekce\/ticari-vize-dilekce-ornegi\/#primaryimage\"},\"image\":{\"@id\":\"https:\/\/www.myvize.com.tr\/malta\/form-ve-dilekce\/ticari-vize-dilekce-ornegi\/#primaryimage\"},\"thumbnailUrl\":\"https:\/\/www.myvize.com.tr\/malta\/wp-content\/uploads\/2021\/10\/34.jpg\",\"datePublished\":\"2020-12-25T10:39:01+00:00\",\"dateModified\":\"2022-06-23T09:18:58+00:00\",\"description\":\"Malta ticari vize dilek\u00e7e \u00f6rnekleri g\u00fcncel 2022 g\u00f6rselleri. \u00d6rneklerini ofislerimizden isteyiniz. Malta ticari vize dilek\u00e7esi nas\u0131l yaz\u0131l\u0131r?\",\"breadcrumb\":{\"@id\":\"https:\/\/www.myvize.com.tr\/malta\/form-ve-dilekce\/ticari-vize-dilekce-ornegi\/#breadcrumb\"},\"inLanguage\":\"tr\",\"potentialAction\":[{\"@type\":\"ReadAction\",\"target\":[\"https:\/\/www.myvize.com.tr\/malta\/form-ve-dilekce\/ticari-vize-dilekce-ornegi\/\"]}]},{\"@type\":\"ImageObject\",\"inLanguage\":\"tr\",\"@id\":\"https:\/\/www.myvize.com.tr\/malta\/form-ve-dilekce\/ticari-vize-dilekce-ornegi\/#primaryimage\",\"url\":\"https:\/\/www.myvize.com.tr\/malta\/wp-content\/uploads\/2021\/10\/34.jpg\",\"contentUrl\":\"https:\/\/www.myvize.com.tr\/malta\/wp-content\/uploads\/2021\/10\/34.jpg\",\"width\":800,\"height\":500,\"caption\":\"Malta Ticari Vize Dilek\u00e7e \u00d6rne\u011fi\"},{\"@type\":\"BreadcrumbList\",\"@id\":\"https:\/\/www.myvize.com.tr\/malta\/form-ve-dilekce\/ticari-vize-dilekce-ornegi\/#breadcrumb\",\"itemListElement\":[{\"@type\":\"ListItem\",\"position\":1,\"name\":\"Anasayfa\",\"item\":\"https:\/\/www.myvize.com.tr\/malta\/\"},{\"@type\":\"ListItem\",\"position\":2,\"name\":\"FORM VE D\u0130LEK\u00c7E\",\"item\":\"https:\/\/www.myvize.com.tr\/malta\/form-ve-dilekce\/\"},{\"@type\":\"ListItem\",\"position\":3,\"name\":\"Malta Ticari Vize Dilek\u00e7e \u00d6rne\u011fi\"}]},{\"@type\":\"WebSite\",\"@id\":\"https:\/\/www.myvize.com.tr\/malta\/#website\",\"url\":\"https:\/\/www.myvize.com.tr\/malta\/\",\"name\":\"Malta Vizesi\",\"description\":\"\",\"potentialAction\":[{\"@type\":\"SearchAction\",\"target\":{\"@type\":\"EntryPoint\",\"urlTemplate\":\"https:\/\/www.myvize.com.tr\/malta\/?s={search_term_string}\"},\"query-input\":{\"@type\":\"PropertyValueSpecification\",\"valueRequired\":true,\"valueName\":\"search_term_string\"}}],\"inLanguage\":\"tr\"}]}<\/script>\n<!-- \/ Yoast SEO plugin. -->","yoast_head_json":{"title":"Malta Ticari Vize Dilek\u00e7e \u00d6rnekleri - MyVize","description":"Malta ticari vize dilek\u00e7e \u00f6rnekleri g\u00fcncel 2022 g\u00f6rselleri. \u00d6rneklerini ofislerimizden isteyiniz. Malta ticari vize dilek\u00e7esi nas\u0131l yaz\u0131l\u0131r?","robots":{"index":"index","follow":"follow","max-snippet":"max-snippet:-1","max-image-preview":"max-image-preview:large","max-video-preview":"max-video-preview:-1"},"canonical":"https:\/\/www.myvize.com.tr\/malta\/form-ve-dilekce\/ticari-vize-dilekce-ornegi\/","og_locale":"tr_TR","og_type":"article","og_title":"Malta Ticari Vize Dilek\u00e7e \u00d6rnekleri - MyVize","og_description":"Malta ticari vize dilek\u00e7e \u00f6rnekleri g\u00fcncel 2022 g\u00f6rselleri. \u00d6rneklerini ofislerimizden isteyiniz. Malta ticari vize dilek\u00e7esi nas\u0131l yaz\u0131l\u0131r?","og_url":"https:\/\/www.myvize.com.tr\/malta\/form-ve-dilekce\/ticari-vize-dilekce-ornegi\/","og_site_name":"Malta Vizesi","article_modified_time":"2022-06-23T09:18:58+00:00","og_image":[{"url":"https:\/\/www.myvize.com.tr\/malta\/wp-content\/uploads\/2021\/10\/34.jpg","type":"","width":"","height":""}],"twitter_card":"summary_large_image","twitter_misc":{"Tahmini okuma s\u00fcresi":"4 dakika"},"schema":{"@context":"https:\/\/schema.org","@graph":[{"@type":"WebPage","@id":"https:\/\/www.myvize.com.tr\/malta\/form-ve-dilekce\/ticari-vize-dilekce-ornegi\/","url":"https:\/\/www.myvize.com.tr\/malta\/form-ve-dilekce\/ticari-vize-dilekce-ornegi\/","name":"Malta Ticari Vize Dilek\u00e7e \u00d6rnekleri - MyVize","isPartOf":{"@id":"https:\/\/www.myvize.com.tr\/malta\/#website"},"primaryImageOfPage":{"@id":"https:\/\/www.myvize.com.tr\/malta\/form-ve-dilekce\/ticari-vize-dilekce-ornegi\/#primaryimage"},"image":{"@id":"https:\/\/www.myvize.com.tr\/malta\/form-ve-dilekce\/ticari-vize-dilekce-ornegi\/#primaryimage"},"thumbnailUrl":"https:\/\/www.myvize.com.tr\/malta\/wp-content\/uploads\/2021\/10\/34.jpg","datePublished":"2020-12-25T10:39:01+00:00","dateModified":"2022-06-23T09:18:58+00:00","description":"Malta ticari vize dilek\u00e7e \u00f6rnekleri g\u00fcncel 2022 g\u00f6rselleri. \u00d6rneklerini ofislerimizden isteyiniz. Malta ticari vize dilek\u00e7esi nas\u0131l yaz\u0131l\u0131r?","breadcrumb":{"@id":"https:\/\/www.myvize.com.tr\/malta\/form-ve-dilekce\/ticari-vize-dilekce-ornegi\/#breadcrumb"},"inLanguage":"tr","potentialAction":[{"@type":"ReadAction","target":["https:\/\/www.myvize.com.tr\/malta\/form-ve-dilekce\/ticari-vize-dilekce-ornegi\/"]}]},{"@type":"ImageObject","inLanguage":"tr","@id":"https:\/\/www.myvize.com.tr\/malta\/form-ve-dilekce\/ticari-vize-dilekce-ornegi\/#primaryimage","url":"https:\/\/www.myvize.com.tr\/malta\/wp-content\/uploads\/2021\/10\/34.jpg","contentUrl":"https:\/\/www.myvize.com.tr\/malta\/wp-content\/uploads\/2021\/10\/34.jpg","width":800,"height":500,"caption":"Malta Ticari Vize Dilek\u00e7e \u00d6rne\u011fi"},{"@type":"BreadcrumbList","@id":"https:\/\/www.myvize.com.tr\/malta\/form-ve-dilekce\/ticari-vize-dilekce-ornegi\/#breadcrumb","itemListElement":[{"@type":"ListItem","position":1,"name":"Anasayfa","item":"https:\/\/www.myvize.com.tr\/malta\/"},{"@type":"ListItem","position":2,"name":"FORM VE D\u0130LEK\u00c7E","item":"https:\/\/www.myvize.com.tr\/malta\/form-ve-dilekce\/"},{"@type":"ListItem","position":3,"name":"Malta Ticari Vize Dilek\u00e7e \u00d6rne\u011fi"}]},{"@type":"WebSite","@id":"https:\/\/www.myvize.com.tr\/malta\/#website","url":"https:\/\/www.myvize.com.tr\/malta\/","name":"Malta Vizesi","description":"","potentialAction":[{"@type":"SearchAction","target":{"@type":"EntryPoint","urlTemplate":"https:\/\/www.myvize.com.tr\/malta\/?s={search_term_string}"},"query-input":{"@type":"PropertyValueSpecification","valueRequired":true,"valueName":"search_term_string"}}],"inLanguage":"tr"}]}},"_links":{"self":[{"href":"https:\/\/www.myvize.com.tr\/malta\/wp-json\/wp\/v2\/pages\/197","targetHints":{"allow":["GET"]}}],"collection":[{"href":"https:\/\/www.myvize.com.tr\/malta\/wp-json\/wp\/v2\/pages"}],"about":[{"href":"https:\/\/www.myvize.com.tr\/malta\/wp-json\/wp\/v2\/types\/page"}],"author":[{"embeddable":true,"href":"https:\/\/www.myvize.com.tr\/malta\/wp-json\/wp\/v2\/users\/1"}],"replies":[{"embeddable":true,"href":"https:\/\/www.myvize.com.tr\/malta\/wp-json\/wp\/v2\/comments?post=197"}],"version-history":[{"count":5,"href":"https:\/\/www.myvize.com.tr\/malta\/wp-json\/wp\/v2\/pages\/197\/revisions"}],"predecessor-version":[{"id":781,"href":"https:\/\/www.myvize.com.tr\/malta\/wp-json\/wp\/v2\/pages\/197\/revisions\/781"}],"up":[{"embeddable":true,"href":"https:\/\/www.myvize.com.tr\/malta\/wp-json\/wp\/v2\/pages\/168"}],"wp:attachment":[{"href":"https:\/\/www.myvize.com.tr\/malta\/wp-json\/wp\/v2\/media?parent=197"}],"curies":[{"name":"wp","href":"https:\/\/api.w.org\/{rel}","templated":true}]}}