{"id":30,"date":"2020-11-30T12:39:12","date_gmt":"2020-11-30T09:39:12","guid":{"rendered":"https:\/\/www.myvize.com.tr\/malta\/?page_id=30"},"modified":"2022-04-21T15:36:05","modified_gmt":"2022-04-21T12:36:05","slug":"malta-vizesi","status":"publish","type":"page","link":"https:\/\/www.myvize.com.tr\/malta\/vize-islemleri\/malta-vizesi\/","title":{"rendered":"Malta Vizesi"},"content":{"rendered":"<p><span style=\"font-family: Roboto;\"><\/span><\/p>\r\n<h2 class=\"wp-block-heading\"><strong><span style=\"font-family: Roboto; font-size: 27px;\">Malta Vizesi Hakk\u0131nda<\/span><\/strong><\/h2>\r\n<p><span style=\"font-family: Roboto; font-size: 14px;\"><strong>Malta Konsoloslu\u011fu<\/strong>, Malta\u2019ya seyahat etmeyi isteyen T\u00fcrkiye Cumhuriyeti uyruklu vatanda\u015f\u0131n\u00a0 <strong>Malta vize<\/strong> i\u015flemini ve T\u00fcrkiye\u2019de ikamet eden Malta vatanda\u015f\u0131n\u0131n n\u00fcfus c\u00fczdan\u0131, kimlik, pasaport ve benzeri resmi evrakla ilgili i\u015flemini y\u00fcr\u00fctmekte olup hukuki dan\u0131\u015fmanl\u0131kdan vermektedir. Malta Konsolosluk, ve <strong>Malta Fahri Konsoloslu\u011fu<\/strong> ayr\u0131ca T\u00fcrkiye- Malta ili\u015fkisini geli\u015ftirmekle y\u00fck\u00fcml\u00fcd\u00fcr.<\/span><\/p>\r\n<p><span style=\"font-family: Roboto; font-size: 14px;\"><strong>T\u00fcrkiye Cumhuriyeti<\/strong> vatanda\u015f\u0131n\u0131n ve T\u00fcrkiye\u2019de ikamet eden \u00fc\u00e7\u00fcnc\u00fc \u00fclke vatanda\u015f\u0131n\u0131n Malta\u2019ya yapacaklar\u0131 seyahate ili\u015fkin i\u015flemler Malta Konsoloslu\u011fu yetkilendirdi\u011fi akredite arac\u0131 kurumla ger\u00e7ekle\u015ftirilmektedir ancak Malta vizesinin sonucu konusunda karar verme yetkisi sadece Malta Ba\u015fkonsoloslu\u011fa aittir.<\/span><\/p>\r\n<p><span style=\"font-family: Roboto; font-size: 14px;\">Diplomatik (Siyah ya da K\u0131rm\u0131z\u0131) Pasaport, T\u00fcrkiye Cumhuriyet Hususi (Ye\u015fil) Pasaport, Hizmet (Gri) Pasaport ve sahipleri Malta\u2019ya yapacaklar\u0131 180 g\u00fcne 90 g\u00fcn Malta\u2019da ve Schengen b\u00f6lgesi de serbest dola\u015f\u0131m hakk\u0131na sahip olup vizeden muaft\u0131r. Ancak Umuma Mahsus Bordo pasaporta sahip Malta\u2019ya yapaca\u011f\u0131 seyahatlerinde de vize uygulamas\u0131na tabidir.<\/span><\/p>\r\n<p><span style=\"font-family: Roboto; font-size: 14px;\">Malta, Schengen B\u00f6lge \u00dcye Devletinden biri oldu\u011fundan <strong>Malta vizesi<\/strong> sahip olanlar Schengen \u00fcyesi olan \u00fclke aras\u0131nda serbest dola\u015f\u0131m haklar\u0131na sahip olur.<\/span><\/p>\r\n<h2><span style=\"font-family: Roboto; font-size: 27px;\"><strong>Malta Ticari Vize<\/strong><\/span><\/h2>\r\n<p><span style=\"font-family: Roboto; font-size: 14px;\">Malta\u2019ya seyahat etmeyi isteyen Umuma Mahsus Pasaporta sahipleri olan T\u00fcrkiye Cumhuriyeti vatanda\u015f\u0131, Malta Vize i\u00e7in ba\u015fvuruda bulunmak istedi\u011fi takdirde <strong>Malta Konsoloslu\u011fu Vizesi<\/strong> i\u00e7in gerekli baz\u0131 belge istemektedir. <strong>Malta Konsolosluk<\/strong> taraf\u0131ndan belirlenen bu belge g\u00fcncel olmas\u0131na ve baz\u0131 belgenin orijinal olmas\u0131 zorunlu. Bu evrak\u0131n gidi\u015f amaclar\u0131na uygun \u015fekilde haz\u0131rlan\u0131p Malta Konsoloslu\u011fa sunulmal\u0131d\u0131r.<\/span><\/p>\r\n<p><span style=\"font-family: Roboto; font-size: 14px;\"><strong>Malta vize<\/strong> i\u00e7in istenilen bu evrak gidi\u015f amac\u0131n\u0131za g\u00f6re de\u011fi\u015fiklik g\u00f6stermekte. <span style=\"color: #2acec2;\"><strong><a style=\"color: #2acec2;\" href=\"https:\/\/www.myvize.com.tr\/malta\/vize-islemleri\/malta-turistik-vize\/\" target=\"_blank\" rel=\"noopener\">Malta turistik vizesi<\/a><\/strong><\/span>, Malta ticari vizesi, Malta ziyaret\u00e7i vize, her biri farkl\u0131 kapsamda olan vize t\u00fcrd\u00fcr. Konsoloslu\u011fun belirlemi\u015f oldu\u011fu vize merkezinden istenmi\u015f olan vize t\u00fcr\u00fcne g\u00f6re gerekli evrak \u00f6\u011frenilebilir ve yine bu merkeze vize ba\u015fvurusu da bulunulabilir. Ayr\u0131ca Malta konsolosluk <strong>Malta vize i\u015flemi<\/strong> i\u00e7in gerekli olan evraka ek evrak isteme taleblerine g\u00f6re de de\u011fi\u015febilir. \u015e\u00f6yle ki<strong> Malta Konsolosluk<\/strong> ba\u015fvuru sahileri hakk\u0131nda daha detayl\u0131 bilgi edinebilme i\u00e7in ek evrak talebinde bulunma haklar\u0131na sahiptir.\u00a0Malta Konsoloslu\u011fu taraf\u0131ndan Schengen vize onaylanan T\u00fcrkiye Cumhuriyeti vatanda\u015flar\u0131, ilk ba\u015fvurular\u0131nda bu vize ile Schengen B\u00f6lgesine en fazla 90 g\u00fcn konaklama hakk\u0131 sahip olurlar<\/span><\/p>\r\n<h2><strong><span style=\"font-family: Roboto; font-size: 27px;\">Malta Turistik Vize \u0130\u015flemleri<\/span><\/strong><\/h2>\r\n<p><span style=\"font-family: Roboto; font-size: 14px;\"><strong>Malta turistik vize<\/strong> i\u015fleminde haz\u0131rlanacak evrak\u0131n nitelikleri Malta vize ba\u015fvuru sahiblerinin durumuna ve sosyal stat\u00fcs\u00fcne g\u00f6re de\u011fi\u015fik g\u00f6sterebilmekte. \u00a0Ancak Malta turistik vizesine ait \u00a0en \u00f6nemli ko\u015ful ibraz edilecek evrak\u0131n g\u00fcncel olmas\u0131 ve seyahat amac\u0131 uygun olmas\u0131d\u0131r.<strong> Malta turistik vizesi<\/strong> i\u015fleminde <strong>Malta turistik Schengen vizesi<\/strong> ba\u015fvuru formu mutlak surette doldurulmas\u0131 gerekmekte. Burada ibraz edilen bilgideki tutars\u0131zl\u0131k vize reddi alman\u0131z ile sonu\u00e7lanabilir. Sa\u011fl\u0131kl\u0131 bir vize ba\u015fvuru yapmak i\u00e7in evrak\u0131n\u0131z\u0131n g\u00fcncel oldu\u011funda emin olunuz. Evrak\u0131n eksiksiz \u015fekilde sunulmas\u0131 vize alman\u0131z garantisini vermez. <strong>Malta Konsolosluk<\/strong> gerekli g\u00f6rd\u00fc\u011f\u00fc durumda <span style=\"color: #2acec2;\"><strong><a style=\"color: #2acec2;\" href=\"https:\/\/www.myvize.com.tr\/malta\/malta-vize-basvurusu\/\" target=\"_blank\" rel=\"noopener\">Malta vize ba\u015fvurusu<\/a><\/strong><\/span> da bulunan ki\u015fiden ek evrak talep edebilir. Ek evraklar talebi ve Malta Konsoloslu\u011fu yo\u011fun oldu\u011fu durum ve tarih g\u00f6z\u00f6n\u00fcnde bulundurularak vize i\u015fleminize seyahat tarihinden en fazla 3 ay ve en az az 14 g\u00fcn \u00f6ncesinde ba\u015flaman\u0131z yerinde olur.<\/span><br \/><span style=\"font-family: Roboto; font-size: 14px;\">Malta Konsoloslu\u011fu taraf\u0131ndan Schengen vize onaylanan T\u00fcrkiye Cumhuriyeti vatanda\u015flar\u0131, ilk ba\u015fvurular\u0131nda bu vize ile Schengen B\u00f6lgesine en fazla 90 g\u00fcn konaklama hakk\u0131 sahip olurlar<\/span><\/p>\r\n<h2><span style=\"font-family: Roboto; font-size: 27px;\"><strong>Malta Vize Ba\u015fvurusu<\/strong><\/span><\/h2>\r\n<p><span style=\"font-family: Roboto; font-size: 14px;\"><strong>Malta Schengen Antla\u015fmas\u0131<\/strong> taraf \u00fclkeden biridir. Bu sebeple Malta\u2019ya yap\u0131lacak k\u0131sa s\u00fcre (90 g\u00fcnden az) seyahat i\u00e7in Malta Konsoloslu\u011fa Malta Schengen vize ba\u015fvurusu yap\u0131lmal\u0131d\u0131r.\u00a0<\/span><\/p>\r\n<p><span style=\"font-family: Roboto; font-size: 14px;\"><strong>Malta Konsoloslu\u011fu<\/strong>, Schengen vize ba\u015fvurusunu (istisnai durum d\u0131\u015f\u0131nda) arac\u0131 vize ba\u015fvuru merkezi arac\u0131l\u0131\u011f\u0131yla kabul etmektedir. Malta Schengen vize ba\u015fvurusunda bulunacak ki\u015fi, seyahat ama\u00e7lar\u0131 do\u011frultusunda Malta Turistik vizesi, Malta Ticari vize, Malta Aile Ziyareti vize ve Malta Transit vize ba\u015fvurusunu Malta Konsoloslu\u011funun yetkilendirdi\u011fi bu kurulu\u015fa ba\u015fvurmal\u0131d\u0131r.<\/span><\/p>\r\n<p><span style=\"font-family: Roboto; font-size: 14px;\">Malta Konsoloslu\u011fu taraf\u0131ndan <strong>Schengen vize<\/strong> onaylanan T\u00fcrkiye Cumhuriyeti vatanda\u015flar\u0131, ilk ba\u015fvurular\u0131nda bu vize ile Schengen B\u00f6lgesine en fazla 90 g\u00fcn konaklama hakk\u0131 sahip olurlar. \u0130lk kez Schengen vizesi ba\u015fvurusu da bulunan ki\u015filere k\u0131sa s\u00fcre konaklama hakk\u0131 tan\u0131n\u0131r (\u0130stisnai durumda ba\u015fvuru prosed\u00fcr\u00fc de\u011fi\u015febilir). Vizenin Schengen kural\u0131na uygun kullan\u0131lmas\u0131na ba\u011fl\u0131 olarak Schengen vizesi s\u00fcresi kademeli olarak uzat\u0131l\u0131r. Kurala riayet edilmedi\u011fi taktirde daha sonra ki vize ba\u015fvurular\u0131n\u0131 ret ile sonu\u00e7lanma olas\u0131l\u0131klar\u0131 vard\u0131r. Schengen vizesi Schengen Anla\u015fmas\u0131 taraf 26 \u00fclkede ge\u00e7erli.<\/span><\/p>\r\n<p><span style=\"font-family: Roboto; font-size: 14px;\">Malta, Schengen B\u00f6lge \u00dcye Devletinden biri oldu\u011fundan Malta vizesi sahip olanlar Schengen \u00fcyesi olan \u00fclke aras\u0131nda serbest dola\u015f\u0131m haklar\u0131na sahip olur.<\/span><\/p>\r\n<h2><span style=\"font-family: Roboto; font-size: 27px;\"><strong>Malta Schengen Vizesine Nas\u0131l Ba\u015fvurulur?<\/strong><\/span><\/h2>\r\n<p><span style=\"font-family: Roboto;\">\r\n\r\n<\/span><\/p>\r\n<p style=\"font-size: 14px;\"><span style=\"font-family: Roboto;\">Malta schengene \u00fcye \u00fclkeler aras\u0131ndad\u0131r.\u00a0<strong>Malta vize ba\u015fvurusu<\/strong>\u00a0yapan vatanda\u015flar schengen uygulamalar\u0131ndan yararlanabilirler. Malta Konsoloslu\u011fu\u2019nda bu konuda dan\u0131\u015fmanl\u0131k hizmeti al\u0131nabilir. Ba\u015fvuru i\u00e7in gereken ne ise konsolosluktan ya da \u00e7a\u011fr\u0131 hizmetinden bilgi almak m\u00fcmk\u00fcnd\u00fcr. Yaln\u0131zca konsolosluk de\u011fil konsoloslu\u011fun yetki verdi\u011fi kurumlardan da bilgi al\u0131nabilir. \u0130stedi\u011finiz vize \u015feklinin t\u00fcr\u00fcne g\u00f6re direkt olarak konsoloslu\u011fa ya da yetki verilen kurumlara ba\u015fvuru yapman\u0131z gerekmektedir. Ba\u015fvurunuzun sonu\u00e7land\u0131r\u0131lmas\u0131 yine <strong>Malta Ba\u015fkonsoloslu\u011fu <\/strong>taraf\u0131ndan yap\u0131lmaktad\u0131r. 180 g\u00fcnl\u00fck s\u00fcre i\u00e7inde en fazla 90 g\u00fcnl\u00fck s\u00fcreli\u011fine Malta\u2019 ya gitmek isteyen vatanda\u015flar\u00a0<strong>Malta schengen vizesi<\/strong>\u00a0ba\u015fvurusunda bulunmal\u0131d\u0131r.<\/span><\/p>\r\n<p><span style=\"font-family: Roboto;\">\r\n\r\n<\/span><\/p>\r\n<p style=\"font-size: 14px;\"><span style=\"font-family: Roboto;\">Vizeden muaf olan ki\u015filer, diplomatik, hususi, hizmet pasaportuna sahip olan ki\u015filerdir. Konsoloslu\u011fa ya da yetki verilen kuruma verilecek belgelerin aras\u0131nda<strong><a href=\"https:\/\/www.myvize.com.tr\/malta\/vize-islemleri\/malta-vize-basvuru-formu\/\" target=\"_blank\" rel=\"noreferrer noopener\"> <span class=\"has-inline-color\" style=\"color: #2acec2;\">Malta vize ba\u015fvuru formu<\/span><\/a><\/strong> bulunmal\u0131, tutarl\u0131 bir \u015fekilde doldurulmal\u0131 ve di\u011fer evraklarla birlikte teslim edilmelidir. Yanl\u0131\u015f doldurulan ya da eksik olan belgeler varsa talebiniz reddedilir ve ba\u015fvurunuz iptal olur. Pasaportunuzda vize etiketinin yap\u0131\u015ft\u0131r\u0131laca\u011f\u0131 kar\u015f\u0131l\u0131kl\u0131 2 bo\u015f sayfan\u0131n bulunmas\u0131 gerekmektedir. Eski pasaportunuz var ise belgeler ile birlikte bu pasaport da sunulmal\u0131d\u0131r.<\/span><\/p>\r\n<p><span style=\"font-family: Roboto;\">\r\n\r\n<\/span><\/p>\r\n<p style=\"font-size: 14px;\"><span style=\"font-family: Roboto;\"><strong>Malta vize<\/strong>\u00a0ba\u015fvurusunu yapmadan \u00f6nce resm\u00ee tatiller g\u00f6z \u00f6n\u00fcne al\u0131narak randevu al\u0131nmal\u0131d\u0131r. Aksi takdirde vizenizi alman\u0131z uzun s\u00fcrebilir, ertelenebilir. 18 ya\u015f\u0131ndan k\u00fc\u00e7\u00fckler i\u00e7in ba\u015fvuru anne baba ile birlikte ya da yasal vasi ile birlikte yap\u0131lmal\u0131d\u0131r. Noter onayl\u0131 muvafakatname al\u0131nmas\u0131 gerekmedir. Vize ba\u015fvurusu yapacak ki\u015filer ba\u015fvurular\u0131n\u0131 en az 15 g\u00fcn \u00f6ncesinde yapmal\u0131d\u0131rlar.<\/span><\/p>\r\n<h3><span style=\"font-family: Roboto; font-size: 24px;\"><strong>Malta Vize \u00dccreti Nedir?<\/strong><\/span><\/h3>\r\n<p><span style=\"font-family: Roboto; font-size: 14px;\"><strong>Malta vize \u00fccretleri<\/strong> seyahat tip ve amac\u0131na g\u00f6re de\u011fi\u015fir.<strong> Malta turistik vizesi \u00fccreti<\/strong>, ticari vize ya da arkada\u015f ziyareti vize t\u00fcrleri k\u0131sa s\u00fcre (90 g\u00fcnden az) vize tipidir ancak uzun s\u00fcre oturum, \u00e7al\u0131\u015fma izni gibi vize uzun s\u00fcreli ve vize \u00fccreti kal\u0131\u015f s\u00fcresi g\u00f6re de\u011fi\u015febilmekte. <strong>Malta Konsoloslu\u011fu<\/strong> taraf\u0131ndan belirlenen Malta vizeler \u00fccreti d\u00f6neme ba\u011fl\u0131 olarak de\u011fi\u015febilmekde olup ba\u015fvuru vize ba\u015fvuru merkezinden yap\u0131ld\u0131\u011f\u0131 i\u00e7in konsolosluk har\u00e7 bedeli ile birlikte vize hizmet merkezleri koordinasyon \u00fccretini de i\u00e7erebileceklerdir.<\/span><br \/><span style=\"font-family: Roboto; font-size: 14px;\"><strong>Malta Konsoloslu\u011fu<\/strong>, Malta\u2019ya seyahat etmeyi isteyen T\u00fcrkiye Cumhuriyeti uyruklu vatanda\u015f\u0131n \u00a0<strong>Malta vize i\u015flemini<\/strong> ve T\u00fcrkiye\u2019de ikamet eden Malta vatanda\u015f\u0131n\u0131n n\u00fcfus c\u00fczdan\u0131, kimlik, pasaport ve benzeri resmi evrakla ilgili i\u015flemini y\u00fcr\u00fctmekte olup hukuki dan\u0131\u015fmanl\u0131kdan vermektedir. Malta Konsolosluk, ve <strong>Malta Fahri Konsoloslu\u011fu<\/strong> ayr\u0131ca T\u00fcrkiye- Malta ili\u015fkisini geli\u015ftirmekle y\u00fck\u00fcml\u00fcd\u00fcr.<\/span><br \/><span style=\"font-family: Roboto; font-size: 14px;\">T\u00fcrkiye Cumhuriyeti vatanda\u015f\u0131n\u0131n ve T\u00fcrkiye\u2019de ikamet eden \u00fc\u00e7\u00fcnc\u00fc \u00fclke vatanda\u015f\u0131n\u0131n Malta\u2019ya yapacaklar\u0131 seyahate ili\u015fkin i\u015flemler <strong>Malta Konsoloslu\u011fu<\/strong> yetkilendirdi\u011fi akredite arac\u0131 kurumla ger\u00e7ekle\u015ftirilmektedir ancak Malta vizesinin sonucu konusunda karar verme yetkisi sadece Malta Ba\u015fkonsoloslu\u011fa aittir.<\/span><\/p>\r\n<p><span style=\"font-family: Roboto;\"><\/span><\/p>\r\n<p><span style=\"font-family: Roboto;\"><img decoding=\"async\" src=\"https:\/\/www.myvize.com.tr\/malta\/wp-content\/uploads\/2021\/10\/2.jpg\" \/><\/span><\/p>\r\n<h3><span style=\"font-family: Roboto; font-size: 24px;\"><strong>Malta Vizesi Al\u0131rken Dikkat Edilmesi Gerekenler<\/strong><\/span><\/h3>\r\n<p><span style=\"font-family: Roboto; font-size: 14px;\">-Vize ba\u015fvuru i\u015flemlerini seyahatinizde en az 1 ay \u00f6nce yapmal\u0131s\u0131. Aksi halde vize i\u015fleminiz reddedilebilir.<\/span><br \/><span style=\"font-family: Roboto; font-size: 14px;\">-Evlilik ve benzer nedenler do\u011frultusu kimlik bilgileriniz yap\u0131lan de\u011fi\u015fikli\u011fin pasaportunuza da uygun olmas\u0131 gerekmektedir.<\/span><\/p>\r\n<p><span style=\"font-family: Roboto; font-size: 14px;\">-Malta seyahatleri s\u0131ras\u0131nda yapt\u0131raca\u011f\u0131 sa\u011fl\u0131k sigorta, d\u00f6n\u00fc\u015f\u00fcn\u00fczden sonraki ilk 2 hafta kapsamak zorundad\u0131r.<\/span><\/p>\r\n<p><span style=\"font-family: Roboto; font-size: 14px;\">-Pasaportunuz en az 1 y\u0131l ge\u00e7erli olmas\u0131 gerekmekte. Herhangi bir sebeple zarar g\u00f6rm\u00fc\u015f ve y\u0131pranm\u0131\u015f olan pasaport i\u015fleminizin olumsuz sonu\u00e7lanmas\u0131 neden olabilir.<\/span><\/p>\r\n<p><span style=\"font-family: Roboto; font-size: 14px;\">-Seyahat ba\u015fvurunuz <strong>Malta resmi tatiline<\/strong> denk getirmeme gerekmekte. \u00c7\u00fcnk\u00fc <strong>Malta Konsolosluklar\u0131<\/strong> yetkilisi b\u00f6yle zamanda hizmet vermemektedir.<\/span><\/p>\r\n<p><span style=\"font-family: Roboto; font-size: 14px;\">-Alaca\u011f\u0131n\u0131z vize ile di\u011fer \u00fclke ge\u00e7i\u015f yapacaksa, en uzun konaklama Malta\u2019da yapmak gerekmektedir.<\/span><\/p>\r\n<p><span style=\"font-family: Roboto; font-size: 14px;\">-Malta konsolosluklar\u0131na verece\u011finiz pasaportta vize etiketler yap\u0131\u015ft\u0131r\u0131lma i\u00e7in en az iki bo\u015f sayfa olmas\u0131 gerekmekte.<\/span><\/p>\r\n<p><span style=\"font-family: Roboto; font-size: 14px;\">&#8211;<strong>Malta vize<\/strong> i\u00e7in ba\u015fvuru pasaportu 10 y\u0131ldan eski olmamal\u0131. Pasaport ge\u00e7erlilik s\u00fcre vizesi biti\u015f tarihinde sonra en az \u00fc\u00e7 ay daha devam etmeli.<\/span><\/p>\r\n<p><span style=\"font-family: Roboto; font-size: 14px;\">\u2013Malta Ba\u015fkonsolosluklar\u0131na vize ba\u015fvurusunda bulunacak ki\u015fi Malta ve T\u00fcrkiye resmi tatiline denk gelip gelmedi\u011fi dikkat etmeli. \u00c7\u00fcnk\u00fc resm\u00ee tatil <strong>Malta vizesi<\/strong> i\u015flem s\u00fcreci uzamas\u0131na neden olmakta.<\/span><\/p>\r\n<p><span style=\"font-family: Roboto; font-size: 14px;\">-18 ya\u015f\u0131n\u0131 doldurmam\u0131\u015f ki\u015fi <strong>vize ba\u015fvurusu<\/strong> anne ve babas\u0131 yan\u0131nda olarak yapmal\u0131. E\u011fer bu m\u00fcmk\u00fcn de\u011fil ise ki\u015fi noter onayl\u0131 muvafakatnameyle i\u015flem yapabilmek olana\u011f\u0131na sahiptir.<\/span><\/p>\r\n<p><span style=\"font-family: Roboto; font-size: 14px;\">&#8211;<span style=\"color: #000000;\"><strong>Malta Vize ba\u015fvurusu<\/strong> <\/span>yapacak ki\u015fi, vize ba\u015fvurusunu seyahat tarihinde en az 2 hafta, en fazla 90 g\u00fcn \u00f6nce yapabilir.<\/span><\/p>\r\n<p>&nbsp;<\/p>","protected":false},"excerpt":{"rendered":"<p>Malta Vizesi Hakk\u0131nda Malta Konsoloslu\u011fu, Malta\u2019ya seyahat etmeyi isteyen T\u00fcrkiye Cumhuriyeti uyruklu vatanda\u015f\u0131n\u00a0 Malta vize i\u015flemini ve T\u00fcrkiye\u2019de ikamet eden Malta vatanda\u015f\u0131n\u0131n n\u00fcfus c\u00fczdan\u0131, kimlik, pasaport ve benzeri resmi evrakla ilgili i\u015flemini y\u00fcr\u00fctmekte olup hukuki dan\u0131\u015fmanl\u0131kdan vermektedir. Malta Konsolosluk, ve Malta Fahri Konsoloslu\u011fu ayr\u0131ca T\u00fcrkiye- Malta ili\u015fkisini geli\u015ftirmekle y\u00fck\u00fcml\u00fcd\u00fcr. T\u00fcrkiye Cumhuriyeti vatanda\u015f\u0131n\u0131n ve T\u00fcrkiye\u2019de ikamet<\/p>\n","protected":false},"author":1,"featured_media":0,"parent":18,"menu_order":0,"comment_status":"open","ping_status":"closed","template":"","meta":{"footnotes":""},"class_list":["post-30","page","type-page","status-publish","hentry"],"yoast_head":"<!-- This site is optimized with the Yoast SEO plugin v24.0 - https:\/\/yoast.com\/wordpress\/plugins\/seo\/ -->\n<title>Malta Vizesi- Malta Vize \u0130\u015flemleri - MyVize<\/title>\n<meta name=\"description\" content=\"Malta vizesi i\u00e7in gerekli olan evraklar g\u00fcncel. Vize t\u00fcrleri turistik, ticari, aile birle\u015fimi genel bilgiler. Malta vize i\u015flem s\u00fcreci.\" \/>\n<meta name=\"robots\" content=\"index, follow, max-snippet:-1, max-image-preview:large, max-video-preview:-1\" \/>\n<link rel=\"canonical\" href=\"https:\/\/www.myvize.com.tr\/malta\/vize-islemleri\/malta-vizesi\/\" \/>\n<meta property=\"og:locale\" content=\"tr_TR\" \/>\n<meta property=\"og:type\" content=\"article\" \/>\n<meta property=\"og:title\" content=\"Malta Vizesi- Malta Vize \u0130\u015flemleri - MyVize\" \/>\n<meta property=\"og:description\" content=\"Malta vizesi i\u00e7in gerekli olan evraklar g\u00fcncel. Vize t\u00fcrleri turistik, ticari, aile birle\u015fimi genel bilgiler. Malta vize i\u015flem s\u00fcreci.\" \/>\n<meta property=\"og:url\" content=\"https:\/\/www.myvize.com.tr\/malta\/vize-islemleri\/malta-vizesi\/\" \/>\n<meta property=\"og:site_name\" content=\"Malta Vizesi\" \/>\n<meta property=\"article:modified_time\" content=\"2022-04-21T12:36:05+00:00\" \/>\n<meta property=\"og:image\" content=\"https:\/\/www.myvize.com.tr\/malta\/wp-content\/uploads\/2021\/10\/2.jpg\" \/>\n<meta name=\"twitter:card\" content=\"summary_large_image\" \/>\n<meta name=\"twitter:label1\" content=\"Tahmini okuma s\u00fcresi\" \/>\n\t<meta name=\"twitter:data1\" content=\"6 dakika\" \/>\n<script type=\"application\/ld+json\" class=\"yoast-schema-graph\">{\"@context\":\"https:\/\/schema.org\",\"@graph\":[{\"@type\":\"WebPage\",\"@id\":\"https:\/\/www.myvize.com.tr\/malta\/vize-islemleri\/malta-vizesi\/\",\"url\":\"https:\/\/www.myvize.com.tr\/malta\/vize-islemleri\/malta-vizesi\/\",\"name\":\"Malta Vizesi- Malta Vize \u0130\u015flemleri - MyVize\",\"isPartOf\":{\"@id\":\"https:\/\/www.myvize.com.tr\/malta\/#website\"},\"primaryImageOfPage\":{\"@id\":\"https:\/\/www.myvize.com.tr\/malta\/vize-islemleri\/malta-vizesi\/#primaryimage\"},\"image\":{\"@id\":\"https:\/\/www.myvize.com.tr\/malta\/vize-islemleri\/malta-vizesi\/#primaryimage\"},\"thumbnailUrl\":\"https:\/\/www.myvize.com.tr\/malta\/wp-content\/uploads\/2021\/10\/2.jpg\",\"datePublished\":\"2020-11-30T09:39:12+00:00\",\"dateModified\":\"2022-04-21T12:36:05+00:00\",\"description\":\"Malta vizesi i\u00e7in gerekli olan evraklar g\u00fcncel. Vize t\u00fcrleri turistik, ticari, aile birle\u015fimi genel bilgiler. Malta vize i\u015flem s\u00fcreci.\",\"breadcrumb\":{\"@id\":\"https:\/\/www.myvize.com.tr\/malta\/vize-islemleri\/malta-vizesi\/#breadcrumb\"},\"inLanguage\":\"tr\",\"potentialAction\":[{\"@type\":\"ReadAction\",\"target\":[\"https:\/\/www.myvize.com.tr\/malta\/vize-islemleri\/malta-vizesi\/\"]}]},{\"@type\":\"ImageObject\",\"inLanguage\":\"tr\",\"@id\":\"https:\/\/www.myvize.com.tr\/malta\/vize-islemleri\/malta-vizesi\/#primaryimage\",\"url\":\"https:\/\/www.myvize.com.tr\/malta\/wp-content\/uploads\/2021\/10\/2.jpg\",\"contentUrl\":\"https:\/\/www.myvize.com.tr\/malta\/wp-content\/uploads\/2021\/10\/2.jpg\",\"width\":800,\"height\":500,\"caption\":\"Malta Vizesi\"},{\"@type\":\"BreadcrumbList\",\"@id\":\"https:\/\/www.myvize.com.tr\/malta\/vize-islemleri\/malta-vizesi\/#breadcrumb\",\"itemListElement\":[{\"@type\":\"ListItem\",\"position\":1,\"name\":\"Anasayfa\",\"item\":\"https:\/\/www.myvize.com.tr\/malta\/\"},{\"@type\":\"ListItem\",\"position\":2,\"name\":\"V\u0130ZE \u0130\u015eLEMLER\u0130\",\"item\":\"https:\/\/www.myvize.com.tr\/malta\/vize-islemleri\/\"},{\"@type\":\"ListItem\",\"position\":3,\"name\":\"Malta Vizesi\"}]},{\"@type\":\"WebSite\",\"@id\":\"https:\/\/www.myvize.com.tr\/malta\/#website\",\"url\":\"https:\/\/www.myvize.com.tr\/malta\/\",\"name\":\"Malta Vizesi\",\"description\":\"\",\"potentialAction\":[{\"@type\":\"SearchAction\",\"target\":{\"@type\":\"EntryPoint\",\"urlTemplate\":\"https:\/\/www.myvize.com.tr\/malta\/?s={search_term_string}\"},\"query-input\":{\"@type\":\"PropertyValueSpecification\",\"valueRequired\":true,\"valueName\":\"search_term_string\"}}],\"inLanguage\":\"tr\"}]}<\/script>\n<!-- \/ Yoast SEO plugin. -->","yoast_head_json":{"title":"Malta Vizesi- Malta Vize \u0130\u015flemleri - MyVize","description":"Malta vizesi i\u00e7in gerekli olan evraklar g\u00fcncel. Vize t\u00fcrleri turistik, ticari, aile birle\u015fimi genel bilgiler. Malta vize i\u015flem s\u00fcreci.","robots":{"index":"index","follow":"follow","max-snippet":"max-snippet:-1","max-image-preview":"max-image-preview:large","max-video-preview":"max-video-preview:-1"},"canonical":"https:\/\/www.myvize.com.tr\/malta\/vize-islemleri\/malta-vizesi\/","og_locale":"tr_TR","og_type":"article","og_title":"Malta Vizesi- Malta Vize \u0130\u015flemleri - MyVize","og_description":"Malta vizesi i\u00e7in gerekli olan evraklar g\u00fcncel. Vize t\u00fcrleri turistik, ticari, aile birle\u015fimi genel bilgiler. Malta vize i\u015flem s\u00fcreci.","og_url":"https:\/\/www.myvize.com.tr\/malta\/vize-islemleri\/malta-vizesi\/","og_site_name":"Malta Vizesi","article_modified_time":"2022-04-21T12:36:05+00:00","og_image":[{"url":"https:\/\/www.myvize.com.tr\/malta\/wp-content\/uploads\/2021\/10\/2.jpg","type":"","width":"","height":""}],"twitter_card":"summary_large_image","twitter_misc":{"Tahmini okuma s\u00fcresi":"6 dakika"},"schema":{"@context":"https:\/\/schema.org","@graph":[{"@type":"WebPage","@id":"https:\/\/www.myvize.com.tr\/malta\/vize-islemleri\/malta-vizesi\/","url":"https:\/\/www.myvize.com.tr\/malta\/vize-islemleri\/malta-vizesi\/","name":"Malta Vizesi- Malta Vize \u0130\u015flemleri - MyVize","isPartOf":{"@id":"https:\/\/www.myvize.com.tr\/malta\/#website"},"primaryImageOfPage":{"@id":"https:\/\/www.myvize.com.tr\/malta\/vize-islemleri\/malta-vizesi\/#primaryimage"},"image":{"@id":"https:\/\/www.myvize.com.tr\/malta\/vize-islemleri\/malta-vizesi\/#primaryimage"},"thumbnailUrl":"https:\/\/www.myvize.com.tr\/malta\/wp-content\/uploads\/2021\/10\/2.jpg","datePublished":"2020-11-30T09:39:12+00:00","dateModified":"2022-04-21T12:36:05+00:00","description":"Malta vizesi i\u00e7in gerekli olan evraklar g\u00fcncel. Vize t\u00fcrleri turistik, ticari, aile birle\u015fimi genel bilgiler. Malta vize i\u015flem s\u00fcreci.","breadcrumb":{"@id":"https:\/\/www.myvize.com.tr\/malta\/vize-islemleri\/malta-vizesi\/#breadcrumb"},"inLanguage":"tr","potentialAction":[{"@type":"ReadAction","target":["https:\/\/www.myvize.com.tr\/malta\/vize-islemleri\/malta-vizesi\/"]}]},{"@type":"ImageObject","inLanguage":"tr","@id":"https:\/\/www.myvize.com.tr\/malta\/vize-islemleri\/malta-vizesi\/#primaryimage","url":"https:\/\/www.myvize.com.tr\/malta\/wp-content\/uploads\/2021\/10\/2.jpg","contentUrl":"https:\/\/www.myvize.com.tr\/malta\/wp-content\/uploads\/2021\/10\/2.jpg","width":800,"height":500,"caption":"Malta Vizesi"},{"@type":"BreadcrumbList","@id":"https:\/\/www.myvize.com.tr\/malta\/vize-islemleri\/malta-vizesi\/#breadcrumb","itemListElement":[{"@type":"ListItem","position":1,"name":"Anasayfa","item":"https:\/\/www.myvize.com.tr\/malta\/"},{"@type":"ListItem","position":2,"name":"V\u0130ZE \u0130\u015eLEMLER\u0130","item":"https:\/\/www.myvize.com.tr\/malta\/vize-islemleri\/"},{"@type":"ListItem","position":3,"name":"Malta Vizesi"}]},{"@type":"WebSite","@id":"https:\/\/www.myvize.com.tr\/malta\/#website","url":"https:\/\/www.myvize.com.tr\/malta\/","name":"Malta Vizesi","description":"","potentialAction":[{"@type":"SearchAction","target":{"@type":"EntryPoint","urlTemplate":"https:\/\/www.myvize.com.tr\/malta\/?s={search_term_string}"},"query-input":{"@type":"PropertyValueSpecification","valueRequired":true,"valueName":"search_term_string"}}],"inLanguage":"tr"}]}},"_links":{"self":[{"href":"https:\/\/www.myvize.com.tr\/malta\/wp-json\/wp\/v2\/pages\/30","targetHints":{"allow":["GET"]}}],"collection":[{"href":"https:\/\/www.myvize.com.tr\/malta\/wp-json\/wp\/v2\/pages"}],"about":[{"href":"https:\/\/www.myvize.com.tr\/malta\/wp-json\/wp\/v2\/types\/page"}],"author":[{"embeddable":true,"href":"https:\/\/www.myvize.com.tr\/malta\/wp-json\/wp\/v2\/users\/1"}],"replies":[{"embeddable":true,"href":"https:\/\/www.myvize.com.tr\/malta\/wp-json\/wp\/v2\/comments?post=30"}],"version-history":[{"count":9,"href":"https:\/\/www.myvize.com.tr\/malta\/wp-json\/wp\/v2\/pages\/30\/revisions"}],"predecessor-version":[{"id":721,"href":"https:\/\/www.myvize.com.tr\/malta\/wp-json\/wp\/v2\/pages\/30\/revisions\/721"}],"up":[{"embeddable":true,"href":"https:\/\/www.myvize.com.tr\/malta\/wp-json\/wp\/v2\/pages\/18"}],"wp:attachment":[{"href":"https:\/\/www.myvize.com.tr\/malta\/wp-json\/wp\/v2\/media?parent=30"}],"curies":[{"name":"wp","href":"https:\/\/api.w.org\/{rel}","templated":true}]}}