{"id":41,"date":"2020-11-30T12:46:51","date_gmt":"2020-11-30T09:46:51","guid":{"rendered":"https:\/\/www.myvize.com.tr\/malta\/?page_id=41"},"modified":"2022-05-05T12:49:04","modified_gmt":"2022-05-05T09:49:04","slug":"malta-dil-okulu-vizesi","status":"publish","type":"page","link":"https:\/\/www.myvize.com.tr\/malta\/vize-islemleri\/malta-dil-okulu-vizesi\/","title":{"rendered":"Malta Dil Okulu Vizesi"},"content":{"rendered":"<p><span style=\"font-family: Roboto;\"><\/span><\/p>\r\n<figure class=\"wp-block-table\"><span style=\"font-family: Roboto; font-size: 14px;\"><strong>Malta dil \u00f6\u011frenimi<\/strong> yapabilmeniz a\u00e7\u0131s\u0131ndan en uygun ko\u015fullar\u0131n oldu\u011fu \u00fclkelerden biridir.<strong>\u00a0Malta Dil Okulu\u00a0<\/strong>sayesinde resmi dil olan <strong>Maltaca<\/strong> ve <strong>\u0130ngilizce<\/strong> dillerini \u00f6\u011frenme olana\u011f\u0131 yakalars\u0131n\u0131z. \u00d6zellikle \u0130ngilizceye yatk\u0131n bir halk olmas\u0131 \u0130ngilizceyi kolayca alg\u0131lay\u0131p, konu\u015fur hale gelmenize imk\u00e2n sa\u011flar. Alaca\u011f\u0131n\u0131z e\u011fitimin yan\u0131 s\u0131ra sivil halk ile b\u00fct\u00fcnle\u015fmeniz dilin daha k\u0131sa s\u00fcrede kavranmas\u0131na ve telaffuz yetene\u011finin geli\u015fimine b\u00fcy\u00fck katk\u0131 sa\u011flar.\u00a0<strong>Malta Dil Okulu\u00a0<\/strong>ile dil e\u011fitimi alman\u0131z i\u00e7in \u00f6ncesinde e\u011fitim \u015fartlar\u0131n\u0131 ara\u015ft\u0131rmak karar vermeniz a\u00e7\u0131s\u0131ndan \u00f6nemlidir. Hem ekonomik a\u00e7\u0131dan hem de e\u011fitim program\u0131 olarak Malta bir\u00e7ok ki\u015finin ilk tercihi haline gelmektedir. E\u011fitim program\u0131nda genellikle \u0130ngilizce \u00f6n planda olmaktad\u0131r.<strong>Malta Dil Okulu<\/strong>\u00a0i\u00e7in planlama yapt\u0131ktan sonra vize i\u015flemlerinizi ba\u015flatabilirsiniz. E\u011fitim program\u0131nda verilen s\u00fcre vize t\u00fcr\u00fcn\u00fc etkilemektedir. Bu y\u00fczden planlaman\u0131z\u0131 kontrol ederek uzun veya k\u0131sa d\u00f6nem vize \u00e7\u0131kartman\u0131z gerekecektir. E\u011fer bunu g\u00f6z ard\u0131 edip hataya d\u00fc\u015ferseniz vizeniz s\u0131k\u0131nt\u0131 yaratacakt\u0131r. Problem ya\u015famamak ad\u0131na dikkatli olmakta fayda vard\u0131r.\u00a0<strong>Malta Dil Okulu\u00a0<\/strong>vize ba\u015fvurular\u0131n\u0131zda evrak dosyan\u0131zda mutlaka okul kayd\u0131n\u0131z ve \u00f6deme dekontunuz bulunmal\u0131d\u0131r.<\/span><\/figure>\r\n<p><span style=\"font-family: Roboto; font-size: 14px;\"><\/span><\/p>\r\n<p><span style=\"font-family: Roboto; font-size: 14px;\"><img decoding=\"async\" src=\"https:\/\/www.myvize.com.tr\/malta\/wp-content\/uploads\/2021\/10\/9.jpg\" \/><\/span><\/p>\r\n<h2><span style=\"font-family: Roboto; font-size: 27px;\"><strong>Malta Dil Okulu Vizesi Nedir, Nas\u0131l Al\u0131n\u0131r?<\/strong><\/span><\/h2>\r\n<p><span style=\"font-family: Roboto; font-size: 14px;\"><strong>Malta dil okul vizesi,<\/strong> Malta\u2019 da dil e\u011fitim, yaz okulu \u00f6\u011frenci de\u011fi\u015fimi program\u0131 gibi e\u011fitime kat\u0131lacak ki\u015finin ba\u015fvurmas\u0131 gerekli vize t\u00fcr\u00fcd\u00fcr.<\/span><br \/><span style=\"font-family: Roboto; font-size: 14px;\">Malta\u2019da 90 g\u00fcnden k\u0131sa s\u00fcre e\u011fitim i\u00e7in<strong> C tip dil okulu vize<\/strong> al\u0131nmal\u0131d\u0131r. Malta\u2019da 90 g\u00fcnden uzun s\u00fcre e\u011fitim i\u00e7in <strong>D tipi dil okul vizesi<\/strong> al\u0131nmal\u0131. Malta dil okulu vize sahibi Malta\u2019da uygun \u00fccrete Malta Dil Okulu i\u00e7inde e\u011fitim alabilmekte. <strong>Malta dil okul vizesi<\/strong> sahip olan \u00f6\u011frenci farkl\u0131 Schengen b\u00f6lgesinde Avrupa \u00fclkesine ge\u00e7ebilmekte.<\/span><br \/><span style=\"font-family: Roboto; font-size: 14px;\"><strong>Malta dil okulu vize<\/strong> \u015fart\u0131 a\u015fa\u011f\u0131da listelenmi\u015f.<\/span><br \/><span style=\"font-family: Roboto; font-size: 14px;\">16 ya\u015f ve \u00fczeri olunmas\u0131 gerekmektedir .<\/span><br \/><span style=\"font-family: Roboto; font-size: 14px;\">Malta\u2019da bir dil okulunda kabul mektuplar\u0131 al\u0131nm\u0131\u015f olmas\u0131 gerekmektedir.<\/span><br \/><span style=\"font-family: Roboto; font-size: 14px;\">Malta seyahat sa\u011fl\u0131k sigortas\u0131 sahip olunmas\u0131 gerekmektedir.<\/span><br \/><span style=\"font-family: Roboto; font-size: 14px;\"><strong>Malta dil okul vizesi<\/strong> i\u00e7in uygun bulunan ba\u015fvurular, yap\u0131ld\u0131\u011f\u0131 tarih itibaren ortalama 5 ile 10 g\u00fcn i\u00e7erisinde karara ba\u011flanmakta. Ek belgenin gerekmesi gibi durumda s\u00fcre daha fazla uzayabilmekte. Vize ba\u015fvurusunun yo\u011fun olduklar\u0131 d\u00f6nemde ve konsolosluklar\u0131n resm\u00ee oldu\u011fu resm\u00ee tatiller gibi durumda karar s\u00fcre daha uzun s\u00fcrebilmekte.<\/span><\/p>\r\n<p><span style=\"font-family: Roboto; font-size: 14px;\"><strong>Malta Dil Okulu Vize<\/strong> Evraklar\u0131 \u015eunlard\u0131r:<\/span><\/p>\r\n<ul>\r\n<li><span style=\"font-family: Roboto; font-size: 14px;\">Malta dil okul vize evraklar\u0131 a\u015fa\u011f\u0131da belirtilmi\u015ftir.<\/span><\/li>\r\n<li><span style=\"font-family: Roboto; font-size: 14px;\"><strong>Malta dil okul vizesi<\/strong> ba\u015fvuru form.<\/span><\/li>\r\n<li><span style=\"font-family: Roboto; font-size: 14px;\">Foto\u011fraf.<\/span><\/li>\r\n<li><span style=\"font-family: Roboto; font-size: 14px;\">Pasaport.<\/span><\/li>\r\n<li><span style=\"font-family: Roboto; font-size: 14px;\">N\u00fcfus c\u00fczdan fotokopisi.<\/span><\/li>\r\n<li><span style=\"font-family: Roboto; font-size: 14px;\">Seyahat bilgisi.<\/span><\/li>\r\n<li><span style=\"font-family: Roboto; font-size: 14px;\">Malta seyahat sa\u011fl\u0131k sigortas\u0131.<\/span><\/li>\r\n<li><span style=\"font-family: Roboto; font-size: 14px;\">Kabul mektup.<\/span><\/li>\r\n<li><span style=\"font-family: Roboto; font-size: 14px;\">Sigorta hizmeti d\u00f6k\u00fcm\u00fc.<\/span><\/li>\r\n<li><span style=\"font-family: Roboto; font-size: 14px;\">Maddi durumu g\u00f6steren belge.<\/span><\/li>\r\n<li><span style=\"font-family: Roboto; font-size: 14px;\">\u0130\u015f yerinde izin belgesi.<\/span><\/li>\r\n<li><span style=\"font-family: Roboto; font-size: 14px;\">\u00d6\u011frenci belgesi.<\/span><\/li>\r\n<\/ul>\r\n<p><span style=\"font-family: Roboto; font-size: 14px;\"><span style=\"color: #2acec2;\"><strong><a style=\"color: #2acec2;\" href=\"https:\/\/www.myvize.com.tr\/malta\/vize-islemleri\/malta-universite-egitimi\/\" target=\"_blank\" rel=\"noopener\">Malta \u00dcniversite E\u011fitimi <\/a><\/strong><\/span>ile ilgili bilgi almak i\u00e7in bizi aray\u0131n\u0131z.<\/span><\/p>\r\n<h2><span style=\"font-family: Roboto; font-size: 27px;\"><strong>Malta Dil Okulu Vizesi Nereden Al\u0131n\u0131r?<\/strong><\/span><\/h2>\r\n<p><span style=\"font-family: Roboto; font-size: 14px;\">Malta; Akdeniz\u2019de Sicilya\u2019n\u0131n g\u00fcneyinde bulunan bir tak\u0131mada devletidir. Dil e\u011fitimi almak isteyenler taraf\u0131ndan olduk\u00e7a ra\u011fbet g\u00f6ren Malta T\u00fcrkiye\u2019ye yak\u0131n olmas\u0131, her g\u00fcn u\u00e7u\u015f imkan\u0131 ve vize i\u015flemlerinin kolayl\u0131\u011f\u0131yla \u00e7ok tercih edilmektedir. Malta adas\u0131n\u0131n muhte\u015fem co\u011frafyas\u0131, renkli ve canl\u0131 kumsallar\u0131 ile dil \u00f6\u011frenmek isteyen her ya\u015ftan \u00f6\u011frenci taraf\u0131ndan dil e\u011fitimi i\u00e7in ziyaret edilmektedir.<\/span><\/p>\r\n<p><span style=\"font-family: Roboto; font-size: 14px;\"><strong>Malta\u2019da dil e\u011fitimi almak<\/strong> i\u00e7in gerekli olan vize iki s\u00fcreleri bak\u0131m\u0131ndan ikiye ayr\u0131lmaktad\u0131r. K\u0131sa s\u00fcrecek olan e\u011fitim program\u0131 i\u00e7in al\u0131nan vize 90 g\u00fcnl\u00fck olup bu vizenin s\u00fcresinde uzatma s\u00f6z konusu de\u011fildir. Uzun s\u00fcrecek olan e\u011fitim programlar\u0131 i\u00e7in 90 g\u00fcnden uzun s\u00fcreli vize verilmekte ve dil e\u011fitimine devam etmek isteyen ki\u015fi isterse vizenin s\u00fcresini uzatarak Malta\u2019da daha uzun kalabilir. Gri ve ye\u015fil pasaport sahibi olan ki\u015filerde ise durum daha farkl\u0131d\u0131r. Bu pasaport sahiplerinin 12 haftal\u0131k dil e\u011fitimi i\u00e7in vize almalar\u0131na gerek yoktur.\u00a0<strong>Malta dil okulu vizesi nereden al\u0131n\u0131r?\u00a0<\/strong>Malta vizesi i\u00e7in ba\u015fvurular T\u00fcrkiye\u2019nin \u00e7e\u015fitli illerinde bulunan Malta Vize Ba\u015fvuru Merkezlerinden randevu alarak yap\u0131l\u0131r. \u0130stanbul, Ankara, \u0130zmir, Gaziantep, Bursa, Edirne, Trabzon, Antalya, Bodrum\u2019da bulunan vize ba\u015fvuru merkezlerine \u015fahsen m\u00fcracaat edilir konsoloslu\u011fa direkt m\u00fcracaatlar kabul edilmemektedir.<\/span><\/p>\r\n<h2><span style=\"font-family: Roboto; font-size: 27px;\"><strong>Malta Dil Okulu Vizesi Ka\u00e7 G\u00fcnde \u00c7\u0131kar?<\/strong><\/span><\/h2>\r\n<p><span style=\"font-family: Roboto; font-size: 14px;\"><strong>Malta\u2019da dil e\u011fitimi vizesi<\/strong> almak i\u00e7in Malta Vize Ba\u015fvuru Merkezlerine ba\u015fvurdu\u011funuzda sizden birtak\u0131m evraklar istenecektir. \u0130stenen evraklar \u015f\u00f6yle;<\/span><\/p>\r\n<ul>\r\n<li><span style=\"font-family: Roboto; font-size: 14px;\">Kimlik Belgesi<\/span><\/li>\r\n<li><span style=\"font-family: Roboto; font-size: 14px;\">2 adet yeni \u00e7ekilmi\u015f foto\u011fraf<\/span><\/li>\r\n<li><span style=\"font-family: Roboto; font-size: 14px;\">Vize i\u00e7in ba\u015fvuru formu, \u0130mzalanm\u0131\u015f ve ger\u00e7ek bilgiler doldurulmu\u015f olmal\u0131.<\/span><\/li>\r\n<li><span style=\"font-family: Roboto; font-size: 14px;\">En az 2 bo\u015f sayfas\u0131 bulunan ve 10 seneden \u00f6nce al\u0131nm\u0131\u015f Pasaport<\/span><\/li>\r\n<li><span style=\"font-family: Roboto; font-size: 14px;\">Gidilecek okulun kabul belgesi ve \u00f6deme yap\u0131ld\u0131\u011f\u0131na dair makbuz.<\/span><\/li>\r\n<li><span style=\"font-family: Roboto; font-size: 14px;\">U\u00e7ak biletinin rezervasyon belgesi.<\/span><\/li>\r\n<li><span style=\"font-family: Roboto; font-size: 14px;\">Sa\u011fl\u0131k ve seyahat i\u00e7in gerekli sigorta.<\/span><\/li>\r\n<li><span style=\"font-family: Roboto; font-size: 14px;\">\u00a0Masraflar\u0131 kar\u015f\u0131layacak ki\u015fiye ait imzal\u0131 noter onayl\u0131 sponsor belgesi.<\/span><\/li>\r\n<li><span style=\"font-family: Roboto; font-size: 14px;\">\u00c7al\u0131\u015fan ki\u015filer i\u00e7in i\u015fyerinden maa\u015f bordrosu, izin belgesi ve SGK bilgileri. Emekliler i\u00e7in emekli kimli\u011fi ve emekli maa\u015f belgesi.<\/span><\/li>\r\n<li><span style=\"font-family: Roboto; font-size: 14px;\">Bankadan al\u0131nacak yaz\u0131, hesap c\u00fczdan\u0131 asl\u0131 veya fotokopisi. Bankadan al\u0131nan evraklarda imzas\u0131 olan ki\u015finin yetkili oldu\u011funu bildirir belge.<\/span><\/li>\r\n<\/ul>\r\n<p><span style=\"font-family: Roboto; font-size: 14px;\"><strong>Malta dil okulu vizesi ka\u00e7 g\u00fcnde \u00e7\u0131kar<\/strong>. Malta \u00f6\u011frenci vizesinin i\u015flem s\u00fcresi evraklarda bir s\u0131k\u0131nt\u0131 \u00e7\u0131kmaz ise ortalama olarak 10 g\u00fcnd\u00fcr.<\/span><\/p>\r\n<h2><span style=\"font-family: Roboto; font-size: 27px;\"><strong>Malta Dil Okulu Vize Ba\u015fvurusu<\/strong><\/span><\/h2>\r\n<p><span style=\"font-family: Roboto; font-size: 14px;\"><strong>Malta\u2019 da dil e\u011fitimi almak i\u00e7in<\/strong> vize ba\u015fvurular\u0131 do\u011frudan konsoloslu\u011fa yap\u0131lmamaktad\u0131r. Konsolosluk ba\u015fvurular i\u00e7in arac\u0131 kurumlarla \u00e7al\u0131\u015fmaktad\u0131r. Malta Vize Ba\u015fvuru Merkezleri arac\u0131 kurumlar olarak evraklar\u0131 haz\u0131rlaman\u0131zda yol g\u00f6sterici olup evrak takibi yapmakta ve s\u00fcreci sizin ad\u0131n\u0131za y\u00f6neterek sonuca ba\u011flamaktad\u0131r. Vize i\u00e7in telefonla randevu al\u0131narak bilgi sahibi olunmal\u0131d\u0131r. Tatil d\u00f6nemleri olan ilkbahar ve yaz mevsimlerindeki yo\u011funluktan dolay\u0131 vize randevular\u0131 bir ay kadar sonraya verilebilmektedir.\u00a0<strong>Malta dil okulu vize ba\u015fvurusu<\/strong> i\u00e7in gerekli evraklar haz\u0131rland\u0131ktan sonra yap\u0131lan ba\u015fvurular\u0131n de\u011ferlendirilme ve sonuca ula\u015fmas\u0131 10 i\u015f g\u00fcn\u00fc s\u00fcrmektedir. \u00c7\u0131kabilecek aksakl\u0131klar g\u00f6z \u00f6n\u00fcnde bulundurularak seyahat edilmek istenen tarihten 2 ay \u00f6nce ba\u015fvuruya ba\u015flanmas\u0131 ma\u011fduriyet ya\u015fanmamas\u0131 a\u00e7\u0131s\u0131ndan \u00f6nemlidir. Vize randevusu i\u00e7in istenen evraklardan u\u00e7ak biletinin sadece rezervasyonu yeterli olmakla birlikte konsoloslu\u011fun iste\u011fi do\u011frultusunda bileti sat\u0131n almak da gerekebilir. <span style=\"color: #2acec2;\"><strong><a style=\"color: #2acec2;\" href=\"https:\/\/www.myvize.com.tr\/malta\/malta-vize-basvurusu-2\/\" target=\"_blank\" rel=\"noopener\">Malta Vize ba\u015fvurusu <\/a><\/strong><\/span>i\u00e7in kullan\u0131lacak biyometrik foto\u011fraf yeni \u00e7ekilmi\u015f olmal\u0131 ve pasaportta kullan\u0131lan foto\u011fraf ile ayn\u0131 olmamal\u0131d\u0131r.<\/span><\/p>\r\n<h3><span style=\"font-family: Roboto; font-size: 24px;\"><strong>Malta Dil Okulu Vize Randevusu<\/strong><\/span><\/h3>\r\n<p><span style=\"font-family: Roboto; font-size: 14px;\"><strong>Malta yurtd\u0131\u015f\u0131nda dil e\u011fitimi almak<\/strong> i\u00e7in \u00e7ok tercih edilen bir ada \u00fclkesidir. Malta dil e\u011fitimi vizesinin kolay al\u0131nmas\u0131, di\u011fer \u00fclkelere g\u00f6re dil okullar\u0131n\u0131n \u00fccret olarak daha uygun olmas\u0131, Malta\u2019daki ya\u015fam masraf\u0131n\u0131n daha makul olmas\u0131 gibi sebeplerden dolay\u0131 di\u011fer \u00fclkelere g\u00f6re daha \u00e7ok tercih edilmektedir. Evraklar d\u00fczg\u00fcn ve do\u011fru haz\u0131rland\u0131\u011f\u0131nda ve do\u011fru yol izlendi\u011finde <strong>Malta \u00f6\u011frenci vizesi<\/strong> \u00e7\u0131kmamas\u0131 s\u00f6z konusu de\u011fildir. Vize alman\u0131n kolayl\u0131\u011f\u0131 yan\u0131nda \u00fccretlerdeki uygunluk ve <strong>Malta\u2019da dil e\u011fitimi<\/strong> i\u00e7in ge\u00e7irilen s\u00fcrenin tatil tad\u0131nda olmas\u0131 dil e\u011fitimi almak isteyenler i\u00e7in tercih sebebi olmaktad\u0131r. Malta \u00f6\u011frenci vizesi ayn\u0131 zamanda bir schengen vizesi olmas\u0131 sebebiyle al\u0131nan bu vizeyle schengen \u00fcyesi olan b\u00fct\u00fcn \u00fclkelere seyahat edilebilir. Konsolosluklar direkt olarak vize ba\u015fvurusunu kabul etmemekte, arac\u0131 kurumlar vas\u0131tas\u0131yla vize ba\u015fvurusu yap\u0131lmaktad\u0131r. Arac\u0131 kurumlardan vize ba\u015fvurusu yapabilmek i\u00e7in\u00a0<strong>Malta dil okulu vize randevusu<\/strong>\u00a0alarak gereken evraklar\u0131 haz\u0131rlaman\u0131z gerekmektedir.<\/span><\/p>","protected":false},"excerpt":{"rendered":"<p>Malta dil \u00f6\u011frenimi yapabilmeniz a\u00e7\u0131s\u0131ndan en uygun ko\u015fullar\u0131n oldu\u011fu \u00fclkelerden biridir.\u00a0Malta Dil Okulu\u00a0sayesinde resmi dil olan Maltaca ve \u0130ngilizce dillerini \u00f6\u011frenme olana\u011f\u0131 yakalars\u0131n\u0131z. \u00d6zellikle \u0130ngilizceye yatk\u0131n bir halk olmas\u0131 \u0130ngilizceyi kolayca alg\u0131lay\u0131p, konu\u015fur hale gelmenize imk\u00e2n sa\u011flar. Alaca\u011f\u0131n\u0131z e\u011fitimin yan\u0131 s\u0131ra sivil halk ile b\u00fct\u00fcnle\u015fmeniz dilin daha k\u0131sa s\u00fcrede kavranmas\u0131na ve telaffuz yetene\u011finin geli\u015fimine b\u00fcy\u00fck<\/p>\n","protected":false},"author":1,"featured_media":0,"parent":18,"menu_order":0,"comment_status":"open","ping_status":"closed","template":"","meta":{"footnotes":""},"class_list":["post-41","page","type-page","status-publish","hentry"],"yoast_head":"<!-- This site is optimized with the Yoast SEO plugin v24.0 - https:\/\/yoast.com\/wordpress\/plugins\/seo\/ -->\n<title>Malta Dil Okulu Vizesi - Malta Vizesi - MyVize<\/title>\n<meta name=\"description\" content=\"Malta dil okulu vizesi gerekli olan evraklar\u0131 ve \u015fartlar\u0131 neler? Malta dil okulu vizesi i\u015flem s\u00fcreci ve ba\u015fvuruda dikkat edilmesi gerekenler.\" \/>\n<meta name=\"robots\" content=\"index, follow, max-snippet:-1, max-image-preview:large, max-video-preview:-1\" \/>\n<link rel=\"canonical\" href=\"https:\/\/www.myvize.com.tr\/malta\/vize-islemleri\/malta-dil-okulu-vizesi\/\" \/>\n<meta property=\"og:locale\" content=\"tr_TR\" \/>\n<meta property=\"og:type\" content=\"article\" \/>\n<meta property=\"og:title\" content=\"Malta Dil Okulu Vizesi - Malta Vizesi - MyVize\" \/>\n<meta property=\"og:description\" content=\"Malta dil okulu vizesi gerekli olan evraklar\u0131 ve \u015fartlar\u0131 neler? Malta dil okulu vizesi i\u015flem s\u00fcreci ve ba\u015fvuruda dikkat edilmesi gerekenler.\" \/>\n<meta property=\"og:url\" content=\"https:\/\/www.myvize.com.tr\/malta\/vize-islemleri\/malta-dil-okulu-vizesi\/\" \/>\n<meta property=\"og:site_name\" content=\"Malta Vizesi\" \/>\n<meta property=\"article:modified_time\" content=\"2022-05-05T09:49:04+00:00\" \/>\n<meta property=\"og:image\" content=\"https:\/\/www.myvize.com.tr\/malta\/wp-content\/uploads\/2021\/10\/9.jpg\" \/>\n<meta name=\"twitter:card\" content=\"summary_large_image\" \/>\n<meta name=\"twitter:label1\" content=\"Tahmini okuma s\u00fcresi\" \/>\n\t<meta name=\"twitter:data1\" content=\"5 dakika\" \/>\n<script type=\"application\/ld+json\" class=\"yoast-schema-graph\">{\"@context\":\"https:\/\/schema.org\",\"@graph\":[{\"@type\":\"WebPage\",\"@id\":\"https:\/\/www.myvize.com.tr\/malta\/vize-islemleri\/malta-dil-okulu-vizesi\/\",\"url\":\"https:\/\/www.myvize.com.tr\/malta\/vize-islemleri\/malta-dil-okulu-vizesi\/\",\"name\":\"Malta Dil Okulu Vizesi - Malta Vizesi - MyVize\",\"isPartOf\":{\"@id\":\"https:\/\/www.myvize.com.tr\/malta\/#website\"},\"primaryImageOfPage\":{\"@id\":\"https:\/\/www.myvize.com.tr\/malta\/vize-islemleri\/malta-dil-okulu-vizesi\/#primaryimage\"},\"image\":{\"@id\":\"https:\/\/www.myvize.com.tr\/malta\/vize-islemleri\/malta-dil-okulu-vizesi\/#primaryimage\"},\"thumbnailUrl\":\"https:\/\/www.myvize.com.tr\/malta\/wp-content\/uploads\/2021\/10\/9.jpg\",\"datePublished\":\"2020-11-30T09:46:51+00:00\",\"dateModified\":\"2022-05-05T09:49:04+00:00\",\"description\":\"Malta dil okulu vizesi gerekli olan evraklar\u0131 ve \u015fartlar\u0131 neler? Malta dil okulu vizesi i\u015flem s\u00fcreci ve ba\u015fvuruda dikkat edilmesi gerekenler.\",\"breadcrumb\":{\"@id\":\"https:\/\/www.myvize.com.tr\/malta\/vize-islemleri\/malta-dil-okulu-vizesi\/#breadcrumb\"},\"inLanguage\":\"tr\",\"potentialAction\":[{\"@type\":\"ReadAction\",\"target\":[\"https:\/\/www.myvize.com.tr\/malta\/vize-islemleri\/malta-dil-okulu-vizesi\/\"]}]},{\"@type\":\"ImageObject\",\"inLanguage\":\"tr\",\"@id\":\"https:\/\/www.myvize.com.tr\/malta\/vize-islemleri\/malta-dil-okulu-vizesi\/#primaryimage\",\"url\":\"https:\/\/www.myvize.com.tr\/malta\/wp-content\/uploads\/2021\/10\/9.jpg\",\"contentUrl\":\"https:\/\/www.myvize.com.tr\/malta\/wp-content\/uploads\/2021\/10\/9.jpg\",\"width\":800,\"height\":500,\"caption\":\"Malta Dil Okulu Vizesi\"},{\"@type\":\"BreadcrumbList\",\"@id\":\"https:\/\/www.myvize.com.tr\/malta\/vize-islemleri\/malta-dil-okulu-vizesi\/#breadcrumb\",\"itemListElement\":[{\"@type\":\"ListItem\",\"position\":1,\"name\":\"Anasayfa\",\"item\":\"https:\/\/www.myvize.com.tr\/malta\/\"},{\"@type\":\"ListItem\",\"position\":2,\"name\":\"V\u0130ZE \u0130\u015eLEMLER\u0130\",\"item\":\"https:\/\/www.myvize.com.tr\/malta\/vize-islemleri\/\"},{\"@type\":\"ListItem\",\"position\":3,\"name\":\"Malta Dil Okulu Vizesi\"}]},{\"@type\":\"WebSite\",\"@id\":\"https:\/\/www.myvize.com.tr\/malta\/#website\",\"url\":\"https:\/\/www.myvize.com.tr\/malta\/\",\"name\":\"Malta Vizesi\",\"description\":\"\",\"potentialAction\":[{\"@type\":\"SearchAction\",\"target\":{\"@type\":\"EntryPoint\",\"urlTemplate\":\"https:\/\/www.myvize.com.tr\/malta\/?s={search_term_string}\"},\"query-input\":{\"@type\":\"PropertyValueSpecification\",\"valueRequired\":true,\"valueName\":\"search_term_string\"}}],\"inLanguage\":\"tr\"}]}<\/script>\n<!-- \/ Yoast SEO plugin. -->","yoast_head_json":{"title":"Malta Dil Okulu Vizesi - Malta Vizesi - MyVize","description":"Malta dil okulu vizesi gerekli olan evraklar\u0131 ve \u015fartlar\u0131 neler? Malta dil okulu vizesi i\u015flem s\u00fcreci ve ba\u015fvuruda dikkat edilmesi gerekenler.","robots":{"index":"index","follow":"follow","max-snippet":"max-snippet:-1","max-image-preview":"max-image-preview:large","max-video-preview":"max-video-preview:-1"},"canonical":"https:\/\/www.myvize.com.tr\/malta\/vize-islemleri\/malta-dil-okulu-vizesi\/","og_locale":"tr_TR","og_type":"article","og_title":"Malta Dil Okulu Vizesi - Malta Vizesi - MyVize","og_description":"Malta dil okulu vizesi gerekli olan evraklar\u0131 ve \u015fartlar\u0131 neler? Malta dil okulu vizesi i\u015flem s\u00fcreci ve ba\u015fvuruda dikkat edilmesi gerekenler.","og_url":"https:\/\/www.myvize.com.tr\/malta\/vize-islemleri\/malta-dil-okulu-vizesi\/","og_site_name":"Malta Vizesi","article_modified_time":"2022-05-05T09:49:04+00:00","og_image":[{"url":"https:\/\/www.myvize.com.tr\/malta\/wp-content\/uploads\/2021\/10\/9.jpg","type":"","width":"","height":""}],"twitter_card":"summary_large_image","twitter_misc":{"Tahmini okuma s\u00fcresi":"5 dakika"},"schema":{"@context":"https:\/\/schema.org","@graph":[{"@type":"WebPage","@id":"https:\/\/www.myvize.com.tr\/malta\/vize-islemleri\/malta-dil-okulu-vizesi\/","url":"https:\/\/www.myvize.com.tr\/malta\/vize-islemleri\/malta-dil-okulu-vizesi\/","name":"Malta Dil Okulu Vizesi - Malta Vizesi - MyVize","isPartOf":{"@id":"https:\/\/www.myvize.com.tr\/malta\/#website"},"primaryImageOfPage":{"@id":"https:\/\/www.myvize.com.tr\/malta\/vize-islemleri\/malta-dil-okulu-vizesi\/#primaryimage"},"image":{"@id":"https:\/\/www.myvize.com.tr\/malta\/vize-islemleri\/malta-dil-okulu-vizesi\/#primaryimage"},"thumbnailUrl":"https:\/\/www.myvize.com.tr\/malta\/wp-content\/uploads\/2021\/10\/9.jpg","datePublished":"2020-11-30T09:46:51+00:00","dateModified":"2022-05-05T09:49:04+00:00","description":"Malta dil okulu vizesi gerekli olan evraklar\u0131 ve \u015fartlar\u0131 neler? Malta dil okulu vizesi i\u015flem s\u00fcreci ve ba\u015fvuruda dikkat edilmesi gerekenler.","breadcrumb":{"@id":"https:\/\/www.myvize.com.tr\/malta\/vize-islemleri\/malta-dil-okulu-vizesi\/#breadcrumb"},"inLanguage":"tr","potentialAction":[{"@type":"ReadAction","target":["https:\/\/www.myvize.com.tr\/malta\/vize-islemleri\/malta-dil-okulu-vizesi\/"]}]},{"@type":"ImageObject","inLanguage":"tr","@id":"https:\/\/www.myvize.com.tr\/malta\/vize-islemleri\/malta-dil-okulu-vizesi\/#primaryimage","url":"https:\/\/www.myvize.com.tr\/malta\/wp-content\/uploads\/2021\/10\/9.jpg","contentUrl":"https:\/\/www.myvize.com.tr\/malta\/wp-content\/uploads\/2021\/10\/9.jpg","width":800,"height":500,"caption":"Malta Dil Okulu Vizesi"},{"@type":"BreadcrumbList","@id":"https:\/\/www.myvize.com.tr\/malta\/vize-islemleri\/malta-dil-okulu-vizesi\/#breadcrumb","itemListElement":[{"@type":"ListItem","position":1,"name":"Anasayfa","item":"https:\/\/www.myvize.com.tr\/malta\/"},{"@type":"ListItem","position":2,"name":"V\u0130ZE \u0130\u015eLEMLER\u0130","item":"https:\/\/www.myvize.com.tr\/malta\/vize-islemleri\/"},{"@type":"ListItem","position":3,"name":"Malta Dil Okulu Vizesi"}]},{"@type":"WebSite","@id":"https:\/\/www.myvize.com.tr\/malta\/#website","url":"https:\/\/www.myvize.com.tr\/malta\/","name":"Malta Vizesi","description":"","potentialAction":[{"@type":"SearchAction","target":{"@type":"EntryPoint","urlTemplate":"https:\/\/www.myvize.com.tr\/malta\/?s={search_term_string}"},"query-input":{"@type":"PropertyValueSpecification","valueRequired":true,"valueName":"search_term_string"}}],"inLanguage":"tr"}]}},"_links":{"self":[{"href":"https:\/\/www.myvize.com.tr\/malta\/wp-json\/wp\/v2\/pages\/41","targetHints":{"allow":["GET"]}}],"collection":[{"href":"https:\/\/www.myvize.com.tr\/malta\/wp-json\/wp\/v2\/pages"}],"about":[{"href":"https:\/\/www.myvize.com.tr\/malta\/wp-json\/wp\/v2\/types\/page"}],"author":[{"embeddable":true,"href":"https:\/\/www.myvize.com.tr\/malta\/wp-json\/wp\/v2\/users\/1"}],"replies":[{"embeddable":true,"href":"https:\/\/www.myvize.com.tr\/malta\/wp-json\/wp\/v2\/comments?post=41"}],"version-history":[{"count":9,"href":"https:\/\/www.myvize.com.tr\/malta\/wp-json\/wp\/v2\/pages\/41\/revisions"}],"predecessor-version":[{"id":743,"href":"https:\/\/www.myvize.com.tr\/malta\/wp-json\/wp\/v2\/pages\/41\/revisions\/743"}],"up":[{"embeddable":true,"href":"https:\/\/www.myvize.com.tr\/malta\/wp-json\/wp\/v2\/pages\/18"}],"wp:attachment":[{"href":"https:\/\/www.myvize.com.tr\/malta\/wp-json\/wp\/v2\/media?parent=41"}],"curies":[{"name":"wp","href":"https:\/\/api.w.org\/{rel}","templated":true}]}}