{"id":55,"date":"2020-11-30T12:50:43","date_gmt":"2020-11-30T09:50:43","guid":{"rendered":"https:\/\/www.myvize.com.tr\/malta\/?page_id=55"},"modified":"2022-06-03T13:04:51","modified_gmt":"2022-06-03T10:04:51","slug":"turkiyede-oturum-ve-calisma-izni","status":"publish","type":"page","link":"https:\/\/www.myvize.com.tr\/malta\/vize-islemleri\/turkiyede-oturum-ve-calisma-izni\/","title":{"rendered":"Malta T\u00fcrkiye&#8217;de Oturum ve \u00c7al\u0131\u015fma \u0130zni"},"content":{"rendered":"<h2><span style=\"font-family: Roboto; font-size: 27px;\"><strong>Malta Vatanda\u015flar\u0131 \u0130\u00e7in T\u00fcrkiye&#8217; de Oturum ve \u00c7al\u0131\u015fma \u0130zni<\/strong><\/span><\/h2>\n<p><span style=\"font-family: Roboto; font-size: 14px;\">T\u00fcrkiye\u2019de oturma izni almay\u0131 isteyen ve \u00e7al\u0131\u015fma izni almak isteyen <strong>Malta vatanda\u015f\u0131<\/strong> bunun i\u00e7in Malta\u2019da ki <strong>T\u00fcrkiye Cumhuriyeti Konsolosluklar\u0131na<\/strong> ile ileti\u015fime ge\u00e7meli. Malta vatanda\u015f\u0131n\u0131n sahip oldu\u011fu \u00e7al\u0131\u015fma izni veya \u00e7al\u0131\u015fma izni muafiyeti belgeleri oturma izni yerine say\u0131labilmektedir. Malta vatanda\u015f\u0131 vize s\u00fcresi sonras\u0131n T\u00fcrkiye\u2019de kalacaksa oturum izni almal\u0131.<\/span><br \/>\n<span style=\"font-family: Roboto; font-size: 14px;\"><strong>Malta vatanda\u015f\u0131<\/strong> oturma izni i\u00e7in Malta\u2019da bulunan T\u00fcrk temsilcili\u011fine ba\u015fvuruda bulunabilmektedir. T\u00fcrkiye\u2019de bulunan<strong> Malta vatanda\u015f\u0131<\/strong> ise oturma izni i\u00e7in valilik\u00e7e ba\u015fvurabilmekte. Malta vatanda\u015f\u0131n\u0131n pasaport oturum izni s\u00fcresinden 2 ay daha fazla ge\u00e7erli olmal\u0131. Oturma izni ba\u015fvuru en ge\u00e7 3 ayda sonu\u00e7lanmakta.<\/span><br \/>\n<span style=\"font-family: Roboto; font-size: 14px;\">T\u00fcrkiye i\u00e7inde bulunan <strong>Malta vatanda\u015f\u0131 oturum izni<\/strong> uzatma i\u015flemini e-ikamet \u00fczerinde yapabilmekte. Bunun i\u00e7in al\u0131nan randevular g\u00fcn ve saatine \u0130l G\u00f6\u00e7 \u0130daresi\u2019nde bulunulmalar\u0131 gerekmektedir.<\/span><br \/>\n<span style=\"font-family: Roboto; font-size: 14px;\"><strong>Malta vatanda\u015f\u0131<\/strong> \u00e7al\u0131\u015fma izni i\u00e7erisinde Malta\u2019da bulunan T\u00fcrk temsilcili\u011fine gitmek zorunda. T\u00fcrkiye\u2019de \u00e7al\u0131\u015facak Malta vatanda\u015f\u0131 ayr\u0131ca T\u00fcrkiye \u00c7al\u0131\u015fma ve Sosyal G\u00fcvenlik Bakanl\u0131\u011fa ba\u015fvurmal\u0131d\u0131r. \u00c7al\u0131\u015fma izni alan <strong>Malta vatanda\u015f\u0131<\/strong> ayn\u0131 zamanda oturma izni de alm\u0131\u015f olur. \u00c7al\u0131\u015fma ba\u015fvurular\u0131n\u0131 kabul edilen Malta vatanda\u015f\u0131 Giri\u015f vize harc\u0131, \u00c7al\u0131\u015fma izni belge harc\u0131 ve oturum izni harc\u0131 \u00f6demeli. Oturma izni almak i\u00e7in ge\u00e7erli bir neden sunulmal\u0131. Oturma izni ba\u015fvurusu Malta\u2019da bulunan T\u00fcrkiye Cumhuriyeti temsilcili\u011fine ba\u015fvurmal\u0131d\u0131r. Oturma vizesinin de\u011ferlendirme yetkisi T\u00fcrkiye Malta B\u00fcy\u00fckel\u00e7ili\u011fe aittir. Ba\u015fvuru 90 g\u00fcn i\u00e7inde de\u011ferlendirilmekte. \u00c7al\u0131\u015fma izni alan ki\u015finin oturma izni i\u00e7in ayr\u0131 ba\u015fvurularda bulunmas\u0131na gerek yoktur.<\/span><\/p>\n<p><span style=\"font-family: Roboto; font-size: 14px;\"><span style=\"color: #2acec2;\"><strong><a style=\"color: #2acec2;\" href=\"https:\/\/www.myvize.com.tr\/malta\/malta-vize-ucreti\/\" target=\"_blank\" rel=\"noopener\">Malta Vize \u00dccreti<\/a><\/strong><\/span> ile ilgili bilgi almak i\u00e7in bizi aray\u0131n\u0131z.<\/span><\/p>\n<p><span style=\"font-family: Roboto; font-size: 14px;\"><img decoding=\"async\" src=\"https:\/\/www.myvize.com.tr\/malta\/wp-content\/uploads\/2021\/10\/17.jpg\" \/><\/span><\/p>\n","protected":false},"excerpt":{"rendered":"<p>Malta Vatanda\u015flar\u0131 \u0130\u00e7in T\u00fcrkiye&#8217; de Oturum ve \u00c7al\u0131\u015fma \u0130zni T\u00fcrkiye\u2019de oturma izni almay\u0131 isteyen ve \u00e7al\u0131\u015fma izni almak isteyen Malta vatanda\u015f\u0131 bunun i\u00e7in Malta\u2019da ki T\u00fcrkiye Cumhuriyeti Konsolosluklar\u0131na ile ileti\u015fime ge\u00e7meli. Malta vatanda\u015f\u0131n\u0131n sahip oldu\u011fu \u00e7al\u0131\u015fma izni veya \u00e7al\u0131\u015fma izni muafiyeti belgeleri oturma izni yerine say\u0131labilmektedir. Malta vatanda\u015f\u0131 vize s\u00fcresi sonras\u0131n T\u00fcrkiye\u2019de kalacaksa oturum izni<\/p>\n","protected":false},"author":1,"featured_media":0,"parent":18,"menu_order":0,"comment_status":"open","ping_status":"closed","template":"","meta":{"footnotes":""},"class_list":["post-55","page","type-page","status-publish","hentry"],"yoast_head":"<!-- This site is optimized with the Yoast SEO plugin v24.0 - https:\/\/yoast.com\/wordpress\/plugins\/seo\/ -->\n<title>Malta T\u00fcrkiye&#039; de Oturum ve \u00c7al\u0131\u015fma \u0130zni - MyVize<\/title>\n<meta name=\"description\" content=\"Malta T\u00fcrkiye&#039; de oturum ve \u00e7al\u0131\u015fma izni vizesi i\u00e7in ofislerimizi ara. T\u00fcrkiye&#039;de oturum ve \u00e7al\u0131\u015fma vizesi i\u00e7in gerekli evrak listesi g\u00fcncel.\" \/>\n<meta name=\"robots\" content=\"index, follow, max-snippet:-1, max-image-preview:large, max-video-preview:-1\" \/>\n<link rel=\"canonical\" href=\"https:\/\/www.myvize.com.tr\/malta\/vize-islemleri\/turkiyede-oturum-ve-calisma-izni\/\" \/>\n<meta property=\"og:locale\" content=\"tr_TR\" \/>\n<meta property=\"og:type\" content=\"article\" \/>\n<meta property=\"og:title\" content=\"Malta T\u00fcrkiye&#039; de Oturum ve \u00c7al\u0131\u015fma \u0130zni - MyVize\" \/>\n<meta property=\"og:description\" content=\"Malta T\u00fcrkiye&#039; de oturum ve \u00e7al\u0131\u015fma izni vizesi i\u00e7in ofislerimizi ara. T\u00fcrkiye&#039;de oturum ve \u00e7al\u0131\u015fma vizesi i\u00e7in gerekli evrak listesi g\u00fcncel.\" \/>\n<meta property=\"og:url\" content=\"https:\/\/www.myvize.com.tr\/malta\/vize-islemleri\/turkiyede-oturum-ve-calisma-izni\/\" \/>\n<meta property=\"og:site_name\" content=\"Malta Vizesi\" \/>\n<meta property=\"article:modified_time\" content=\"2022-06-03T10:04:51+00:00\" \/>\n<meta property=\"og:image\" content=\"https:\/\/www.myvize.com.tr\/malta\/wp-content\/uploads\/2021\/10\/17.jpg\" \/>\n<meta name=\"twitter:card\" content=\"summary_large_image\" \/>\n<meta name=\"twitter:label1\" content=\"Tahmini okuma s\u00fcresi\" \/>\n\t<meta name=\"twitter:data1\" content=\"2 dakika\" \/>\n<script type=\"application\/ld+json\" class=\"yoast-schema-graph\">{\"@context\":\"https:\/\/schema.org\",\"@graph\":[{\"@type\":\"WebPage\",\"@id\":\"https:\/\/www.myvize.com.tr\/malta\/vize-islemleri\/turkiyede-oturum-ve-calisma-izni\/\",\"url\":\"https:\/\/www.myvize.com.tr\/malta\/vize-islemleri\/turkiyede-oturum-ve-calisma-izni\/\",\"name\":\"Malta T\u00fcrkiye' de Oturum ve \u00c7al\u0131\u015fma \u0130zni - MyVize\",\"isPartOf\":{\"@id\":\"https:\/\/www.myvize.com.tr\/malta\/#website\"},\"primaryImageOfPage\":{\"@id\":\"https:\/\/www.myvize.com.tr\/malta\/vize-islemleri\/turkiyede-oturum-ve-calisma-izni\/#primaryimage\"},\"image\":{\"@id\":\"https:\/\/www.myvize.com.tr\/malta\/vize-islemleri\/turkiyede-oturum-ve-calisma-izni\/#primaryimage\"},\"thumbnailUrl\":\"https:\/\/www.myvize.com.tr\/malta\/wp-content\/uploads\/2021\/10\/17.jpg\",\"datePublished\":\"2020-11-30T09:50:43+00:00\",\"dateModified\":\"2022-06-03T10:04:51+00:00\",\"description\":\"Malta T\u00fcrkiye' de oturum ve \u00e7al\u0131\u015fma izni vizesi i\u00e7in ofislerimizi ara. T\u00fcrkiye'de oturum ve \u00e7al\u0131\u015fma vizesi i\u00e7in gerekli evrak listesi g\u00fcncel.\",\"breadcrumb\":{\"@id\":\"https:\/\/www.myvize.com.tr\/malta\/vize-islemleri\/turkiyede-oturum-ve-calisma-izni\/#breadcrumb\"},\"inLanguage\":\"tr\",\"potentialAction\":[{\"@type\":\"ReadAction\",\"target\":[\"https:\/\/www.myvize.com.tr\/malta\/vize-islemleri\/turkiyede-oturum-ve-calisma-izni\/\"]}]},{\"@type\":\"ImageObject\",\"inLanguage\":\"tr\",\"@id\":\"https:\/\/www.myvize.com.tr\/malta\/vize-islemleri\/turkiyede-oturum-ve-calisma-izni\/#primaryimage\",\"url\":\"https:\/\/www.myvize.com.tr\/malta\/wp-content\/uploads\/2021\/10\/17.jpg\",\"contentUrl\":\"https:\/\/www.myvize.com.tr\/malta\/wp-content\/uploads\/2021\/10\/17.jpg\",\"width\":800,\"height\":500,\"caption\":\"Malta T\u00fcrkiye'de Oturum ve \u00c7al\u0131\u015fma \u0130zni\"},{\"@type\":\"BreadcrumbList\",\"@id\":\"https:\/\/www.myvize.com.tr\/malta\/vize-islemleri\/turkiyede-oturum-ve-calisma-izni\/#breadcrumb\",\"itemListElement\":[{\"@type\":\"ListItem\",\"position\":1,\"name\":\"Anasayfa\",\"item\":\"https:\/\/www.myvize.com.tr\/malta\/\"},{\"@type\":\"ListItem\",\"position\":2,\"name\":\"V\u0130ZE \u0130\u015eLEMLER\u0130\",\"item\":\"https:\/\/www.myvize.com.tr\/malta\/vize-islemleri\/\"},{\"@type\":\"ListItem\",\"position\":3,\"name\":\"Malta T\u00fcrkiye&#8217;de Oturum ve \u00c7al\u0131\u015fma \u0130zni\"}]},{\"@type\":\"WebSite\",\"@id\":\"https:\/\/www.myvize.com.tr\/malta\/#website\",\"url\":\"https:\/\/www.myvize.com.tr\/malta\/\",\"name\":\"Malta Vizesi\",\"description\":\"\",\"potentialAction\":[{\"@type\":\"SearchAction\",\"target\":{\"@type\":\"EntryPoint\",\"urlTemplate\":\"https:\/\/www.myvize.com.tr\/malta\/?s={search_term_string}\"},\"query-input\":{\"@type\":\"PropertyValueSpecification\",\"valueRequired\":true,\"valueName\":\"search_term_string\"}}],\"inLanguage\":\"tr\"}]}<\/script>\n<!-- \/ Yoast SEO plugin. -->","yoast_head_json":{"title":"Malta T\u00fcrkiye' de Oturum ve \u00c7al\u0131\u015fma \u0130zni - MyVize","description":"Malta T\u00fcrkiye' de oturum ve \u00e7al\u0131\u015fma izni vizesi i\u00e7in ofislerimizi ara. T\u00fcrkiye'de oturum ve \u00e7al\u0131\u015fma vizesi i\u00e7in gerekli evrak listesi g\u00fcncel.","robots":{"index":"index","follow":"follow","max-snippet":"max-snippet:-1","max-image-preview":"max-image-preview:large","max-video-preview":"max-video-preview:-1"},"canonical":"https:\/\/www.myvize.com.tr\/malta\/vize-islemleri\/turkiyede-oturum-ve-calisma-izni\/","og_locale":"tr_TR","og_type":"article","og_title":"Malta T\u00fcrkiye' de Oturum ve \u00c7al\u0131\u015fma \u0130zni - MyVize","og_description":"Malta T\u00fcrkiye' de oturum ve \u00e7al\u0131\u015fma izni vizesi i\u00e7in ofislerimizi ara. T\u00fcrkiye'de oturum ve \u00e7al\u0131\u015fma vizesi i\u00e7in gerekli evrak listesi g\u00fcncel.","og_url":"https:\/\/www.myvize.com.tr\/malta\/vize-islemleri\/turkiyede-oturum-ve-calisma-izni\/","og_site_name":"Malta Vizesi","article_modified_time":"2022-06-03T10:04:51+00:00","og_image":[{"url":"https:\/\/www.myvize.com.tr\/malta\/wp-content\/uploads\/2021\/10\/17.jpg","type":"","width":"","height":""}],"twitter_card":"summary_large_image","twitter_misc":{"Tahmini okuma s\u00fcresi":"2 dakika"},"schema":{"@context":"https:\/\/schema.org","@graph":[{"@type":"WebPage","@id":"https:\/\/www.myvize.com.tr\/malta\/vize-islemleri\/turkiyede-oturum-ve-calisma-izni\/","url":"https:\/\/www.myvize.com.tr\/malta\/vize-islemleri\/turkiyede-oturum-ve-calisma-izni\/","name":"Malta T\u00fcrkiye' de Oturum ve \u00c7al\u0131\u015fma \u0130zni - MyVize","isPartOf":{"@id":"https:\/\/www.myvize.com.tr\/malta\/#website"},"primaryImageOfPage":{"@id":"https:\/\/www.myvize.com.tr\/malta\/vize-islemleri\/turkiyede-oturum-ve-calisma-izni\/#primaryimage"},"image":{"@id":"https:\/\/www.myvize.com.tr\/malta\/vize-islemleri\/turkiyede-oturum-ve-calisma-izni\/#primaryimage"},"thumbnailUrl":"https:\/\/www.myvize.com.tr\/malta\/wp-content\/uploads\/2021\/10\/17.jpg","datePublished":"2020-11-30T09:50:43+00:00","dateModified":"2022-06-03T10:04:51+00:00","description":"Malta T\u00fcrkiye' de oturum ve \u00e7al\u0131\u015fma izni vizesi i\u00e7in ofislerimizi ara. T\u00fcrkiye'de oturum ve \u00e7al\u0131\u015fma vizesi i\u00e7in gerekli evrak listesi g\u00fcncel.","breadcrumb":{"@id":"https:\/\/www.myvize.com.tr\/malta\/vize-islemleri\/turkiyede-oturum-ve-calisma-izni\/#breadcrumb"},"inLanguage":"tr","potentialAction":[{"@type":"ReadAction","target":["https:\/\/www.myvize.com.tr\/malta\/vize-islemleri\/turkiyede-oturum-ve-calisma-izni\/"]}]},{"@type":"ImageObject","inLanguage":"tr","@id":"https:\/\/www.myvize.com.tr\/malta\/vize-islemleri\/turkiyede-oturum-ve-calisma-izni\/#primaryimage","url":"https:\/\/www.myvize.com.tr\/malta\/wp-content\/uploads\/2021\/10\/17.jpg","contentUrl":"https:\/\/www.myvize.com.tr\/malta\/wp-content\/uploads\/2021\/10\/17.jpg","width":800,"height":500,"caption":"Malta T\u00fcrkiye'de Oturum ve \u00c7al\u0131\u015fma \u0130zni"},{"@type":"BreadcrumbList","@id":"https:\/\/www.myvize.com.tr\/malta\/vize-islemleri\/turkiyede-oturum-ve-calisma-izni\/#breadcrumb","itemListElement":[{"@type":"ListItem","position":1,"name":"Anasayfa","item":"https:\/\/www.myvize.com.tr\/malta\/"},{"@type":"ListItem","position":2,"name":"V\u0130ZE \u0130\u015eLEMLER\u0130","item":"https:\/\/www.myvize.com.tr\/malta\/vize-islemleri\/"},{"@type":"ListItem","position":3,"name":"Malta T\u00fcrkiye&#8217;de Oturum ve \u00c7al\u0131\u015fma \u0130zni"}]},{"@type":"WebSite","@id":"https:\/\/www.myvize.com.tr\/malta\/#website","url":"https:\/\/www.myvize.com.tr\/malta\/","name":"Malta Vizesi","description":"","potentialAction":[{"@type":"SearchAction","target":{"@type":"EntryPoint","urlTemplate":"https:\/\/www.myvize.com.tr\/malta\/?s={search_term_string}"},"query-input":{"@type":"PropertyValueSpecification","valueRequired":true,"valueName":"search_term_string"}}],"inLanguage":"tr"}]}},"_links":{"self":[{"href":"https:\/\/www.myvize.com.tr\/malta\/wp-json\/wp\/v2\/pages\/55","targetHints":{"allow":["GET"]}}],"collection":[{"href":"https:\/\/www.myvize.com.tr\/malta\/wp-json\/wp\/v2\/pages"}],"about":[{"href":"https:\/\/www.myvize.com.tr\/malta\/wp-json\/wp\/v2\/types\/page"}],"author":[{"embeddable":true,"href":"https:\/\/www.myvize.com.tr\/malta\/wp-json\/wp\/v2\/users\/1"}],"replies":[{"embeddable":true,"href":"https:\/\/www.myvize.com.tr\/malta\/wp-json\/wp\/v2\/comments?post=55"}],"version-history":[{"count":5,"href":"https:\/\/www.myvize.com.tr\/malta\/wp-json\/wp\/v2\/pages\/55\/revisions"}],"predecessor-version":[{"id":750,"href":"https:\/\/www.myvize.com.tr\/malta\/wp-json\/wp\/v2\/pages\/55\/revisions\/750"}],"up":[{"embeddable":true,"href":"https:\/\/www.myvize.com.tr\/malta\/wp-json\/wp\/v2\/pages\/18"}],"wp:attachment":[{"href":"https:\/\/www.myvize.com.tr\/malta\/wp-json\/wp\/v2\/media?parent=55"}],"curies":[{"name":"wp","href":"https:\/\/api.w.org\/{rel}","templated":true}]}}