{"id":166,"date":"2020-12-28T15:08:11","date_gmt":"2020-12-28T12:08:11","guid":{"rendered":"https:\/\/www.myvize.com.tr\/misir\/?page_id=166"},"modified":"2022-01-10T17:04:29","modified_gmt":"2022-01-10T14:04:29","slug":"vatandaslik","status":"publish","type":"page","link":"https:\/\/www.myvize.com.tr\/misir\/vatandaslik\/","title":{"rendered":"VATANDA\u015eLIK"},"content":{"rendered":"<h2><strong><span style=\"font-family: Roboto; font-size: 27px;\">M\u0131s\u0131r Vatanda\u015fl\u0131\u011f\u0131<\/span><\/strong><\/h2>\n<p><span style=\"font-family: Roboto; font-size: 14px;\"><strong>M\u0131s\u0131r vatanda\u015fl\u0131\u011f\u0131<\/strong> alma \u015fartlar\u0131, M\u0131s\u0131r yasalar\u0131 taraf\u0131ndan belirlenmi\u015ftir. <strong>M\u0131s\u0131r vatanda\u015fl\u0131\u011f\u0131<\/strong> iki durumda al\u0131nabilir. Bunlardan birisi do\u011fu\u015ftan al\u0131nan M\u0131s\u0131r vatanda\u015fl\u0131\u011f\u0131, di\u011feri ise sonradan edinilen M\u0131s\u0131r vatanda\u015fl\u0131\u011f\u0131d\u0131r.<\/span><\/p>\n<p><span style=\"font-family: Roboto; font-size: 14px;\">Sonradan kazan\u0131lan <strong>M\u0131s\u0131r vatanda\u015fl\u0131\u011f\u0131<\/strong>; evlilik, <strong>oturum<\/strong>, yat\u0131r\u0131m yolu, \u00e7al\u0131\u015fma, M\u0131s\u0131r itibar\u0131n\u0131 artt\u0131racak ki\u015filere verilmektedir. <span style=\"color: #2acec2;\"><strong><a style=\"color: #2acec2;\" href=\"https:\/\/www.myvize.com.tr\/misir\/vize-islemleri\/misir-oturum-izni\/\" target=\"_blank\" rel=\"noopener\">M\u0131s\u0131r Oturum izni <\/a><\/strong><\/span>ile <strong>M\u0131s\u0131r vatanda\u015fl\u0131\u011f\u0131<\/strong> alacak olan ki\u015filerin en az 5 y\u0131l M\u0131s\u0131r\u2019da ikamet etmi\u015f olmas\u0131 gerekmektedir. Bu s\u00fcre i\u00e7erisinde aral\u0131ks\u0131z olarak M\u0131s\u0131r\u2019da ikamet etmesi gerekmektedir. M\u0131s\u0131r ikametine ara verilmi\u015f ise bu s\u00fcre 6 y\u0131ld\u0131r.<\/span><\/p>\n<p><span style=\"font-family: Roboto; font-size: 14px;\"><strong>M\u0131s\u0131r vatanda\u015fl\u0131\u011f\u0131 ba\u015fvurusu<\/strong> yapacak olan ki\u015filer en az 18 ya\u015f\u0131nda olmal\u0131d\u0131r. 18 ya\u015f\u0131ndan k\u00fc\u00e7\u00fck olanlar ise aile \u00fcyeleri ile birlikte M\u0131s\u0131r vatanda\u015fl\u0131k ba\u015fvurusunda bulunabilmektedir.<\/span><\/p>\n<p><span style=\"font-family: Roboto; font-size: 14px;\"><strong>M\u0131s\u0131r vatanda\u015fl\u0131\u011f\u0131<\/strong> almak isteyen ki\u015filer M\u0131s\u0131r resmi dili olan<strong> M\u0131s\u0131rca<\/strong> veya<strong> Arap\u00e7ay\u0131<\/strong> iyi derecede bilmelidir. M\u0131s\u0131r vatanda\u015f\u0131 olmak isteyen ki\u015filer ayr\u0131ca M\u0131s\u0131r yasalar\u0131, M\u0131s\u0131r toplum ya\u015fam\u0131, M\u0131s\u0131r kamu d\u00fczenine uygun ya\u015fayabilece\u011fini kan\u0131tlamal\u0131d\u0131r. Bunun yan\u0131nda <strong>M\u0131s\u0131r vatanda\u015fl\u0131\u011f\u0131<\/strong> almak isteyen ki\u015filerin ya\u015fam masraflar\u0131n\u0131 kar\u015f\u0131layabilecek ekonomik durumunuzun olmas\u0131 gerekmektedir. Bunun yan\u0131nda temiz bir sicile sahip olmal\u0131s\u0131n\u0131z.<\/span><\/p>\n<p><span style=\"font-family: Roboto; font-size: 14px;\"><strong>M\u0131s\u0131r vatanda\u015fl\u0131k ba\u015fvurular\u0131<\/strong>, M\u0131s\u0131r\u2019da bulunan ki\u015filer i\u00e7in ba\u015fvurular M\u0131s\u0131r\u2019da bulunan G\u00f6\u00e7men Ofisi\u2019ne, T\u00fcrkiye\u2019de bulunan ki\u015filer ise M\u0131s\u0131r T\u00fcrkiye el\u00e7iliklerine yapabilir.<\/span><\/p>\n<p><span style=\"font-family: Roboto; font-size: 14px;\"><span style=\"color: #2acec2;\"><strong><a style=\"color: #2acec2;\" href=\"https:\/\/www.myvize.com.tr\/misir\/vize-islemleri\/misir-calisma-izni\/\" target=\"_blank\" rel=\"noopener\">M\u0131s\u0131r \u00c7al\u0131\u015fma \u0130zni <\/a><\/strong><\/span>ile ilgili bilgi almak i\u00e7in bizi aray\u0131n.<\/span><\/p>\n<p><img decoding=\"async\" src=\"https:\/\/www.myvize.com.tr\/misir\/wp-content\/uploads\/2021\/10\/21.jpg\" \/><\/p>\n<h2><span style=\"font-family: Roboto; font-size: 27px;\"><strong>M\u0131s\u0131r Vatanda\u015fl\u0131\u011f\u0131 Hakk\u0131nda<\/strong><\/span><\/h2>\n<p><span style=\"font-family: Roboto; font-size: 14px;\">Yabanc\u0131 uyruklu \u015fah\u0131s vatanda\u015fl\u0131\u011f\u0131n\u0131 de\u011ferlendirilerek sonu\u00e7land\u0131rma uzun ve karma\u015f\u0131k bir s\u00fcre\u00e7tir. <strong>M\u0131s\u0131r vatanda\u015fl\u0131\u011f\u0131<\/strong> i\u00e7in ilk olarak ba\u015fvuru sahiplerinin uzun s\u00fcre ikamet iznine sahip olmas\u0131 gerekli. M\u0131s\u0131r ikamet izini talebi i\u00e7in ilgili diplomat temsilcili\u011fe ibraz edilmesi gerekli asgari evrak aras\u0131nda uzun s\u00fcre vize talep dilek\u00e7e, n\u00fcfus c\u00fczdan fotokopisi, biyometrik foto\u011fraf\u0131, 10 y\u0131ldan eski olmayan pasaporta, ba\u015fvuru sahipleri evli ise evlilik tescil belgeleri, ba\u015fvuru sahiplerinin ebeveynin do\u011fum belgesi ve evlilik c\u00fczdan\u0131 n\u00fcshas\u0131 da bulunmaktad\u0131r.<\/span><br \/>\n<span style=\"font-family: Roboto; font-size: 14px;\"><strong>M\u0131s\u0131r uzun s\u00fcre<\/strong> ikamet izni ba\u015fvurusunda bu evrak\u0131n d\u0131\u015f\u0131nda bireysel durum g\u00f6re <strong>M\u0131s\u0131r Konsoloslu\u011fu<\/strong> ek evrak talebi yapabilece\u011fi g\u00f6z \u00f6n\u00fcnde bulundurulmal\u0131. Uluslararas\u0131 insan hak\u0131 hukukuna dayal\u0131 \u015fekilde <strong>M\u0131s\u0131r vatanda\u015fl\u0131\u011fa<\/strong> ge\u00e7me hakk\u0131 geni\u015fletilmi\u015f, uyruk, etnik k\u00f6ken ve vatanda\u015f aras\u0131ndaki net ayr\u0131m kalkm\u0131\u015ft\u0131r. Bu yasan\u0131n eklenmesiyle<strong> M\u0131s\u0131r uyru\u011fu<\/strong> sahip olmayan ki\u015fi<strong> M\u0131s\u0131r vatanda\u015fl\u0131\u011fa<\/strong>; aile birle\u015fim yasas\u0131 kapsam\u0131nda ger\u00e7ekle\u015ftirilen evlilik, baban\u0131n k\u00f6keni, be\u015f y\u0131ldan fazla M\u0131s\u0131r\u2019da yasal \u015fekilde ikamet ederek ya da \u00e7al\u0131\u015farak, M\u0131s\u0131r Devlet\u2019i asgari ve ekonomi olarak kalk\u0131nmas\u0131na hizmet edilecek \u00e7e\u015fitli g\u00f6revde bulunarak ge\u00e7ebilmekte.<\/span><\/p>\n","protected":false},"excerpt":{"rendered":"<p>M\u0131s\u0131r Vatanda\u015fl\u0131\u011f\u0131 M\u0131s\u0131r vatanda\u015fl\u0131\u011f\u0131 alma \u015fartlar\u0131, M\u0131s\u0131r yasalar\u0131 taraf\u0131ndan belirlenmi\u015ftir. M\u0131s\u0131r vatanda\u015fl\u0131\u011f\u0131 iki durumda al\u0131nabilir. Bunlardan birisi do\u011fu\u015ftan al\u0131nan M\u0131s\u0131r vatanda\u015fl\u0131\u011f\u0131, di\u011feri ise sonradan edinilen M\u0131s\u0131r vatanda\u015fl\u0131\u011f\u0131d\u0131r. Sonradan kazan\u0131lan M\u0131s\u0131r vatanda\u015fl\u0131\u011f\u0131; evlilik, oturum, yat\u0131r\u0131m yolu, \u00e7al\u0131\u015fma, M\u0131s\u0131r itibar\u0131n\u0131 artt\u0131racak ki\u015filere verilmektedir. M\u0131s\u0131r Oturum izni ile M\u0131s\u0131r vatanda\u015fl\u0131\u011f\u0131 alacak olan ki\u015filerin en az 5 y\u0131l M\u0131s\u0131r\u2019da<\/p>\n","protected":false},"author":1,"featured_media":0,"parent":0,"menu_order":0,"comment_status":"open","ping_status":"closed","template":"","meta":{"footnotes":""},"class_list":["post-166","page","type-page","status-publish","hentry"],"yoast_head":"<!-- This site is optimized with the Yoast SEO plugin v24.0 - https:\/\/yoast.com\/wordpress\/plugins\/seo\/ -->\n<title>M\u0131s\u0131r Vatanda\u015fl\u0131k \u0130\u015flemleri - M\u0131s\u0131r Vize Evraklar\u0131 - MyVize<\/title>\n<meta name=\"description\" content=\"M\u0131s\u0131r vatanda\u015fl\u0131\u011f\u0131 ba\u015fvuru belgeleri. M\u0131s\u0131r vatanda\u015fl\u0131\u011f\u0131 i\u00e7in gerekli \u015fartlar. M\u0131s\u0131r vatanda\u015fl\u0131k i\u015flemleri.\" \/>\n<meta name=\"robots\" content=\"index, follow, max-snippet:-1, max-image-preview:large, max-video-preview:-1\" \/>\n<link rel=\"canonical\" href=\"https:\/\/www.myvize.com.tr\/misir\/vatandaslik\/\" \/>\n<meta property=\"og:locale\" content=\"tr_TR\" \/>\n<meta property=\"og:type\" content=\"article\" \/>\n<meta property=\"og:title\" content=\"M\u0131s\u0131r Vatanda\u015fl\u0131k \u0130\u015flemleri - M\u0131s\u0131r Vize Evraklar\u0131 - MyVize\" \/>\n<meta property=\"og:description\" content=\"M\u0131s\u0131r vatanda\u015fl\u0131\u011f\u0131 ba\u015fvuru belgeleri. M\u0131s\u0131r vatanda\u015fl\u0131\u011f\u0131 i\u00e7in gerekli \u015fartlar. M\u0131s\u0131r vatanda\u015fl\u0131k i\u015flemleri.\" \/>\n<meta property=\"og:url\" content=\"https:\/\/www.myvize.com.tr\/misir\/vatandaslik\/\" \/>\n<meta property=\"og:site_name\" content=\"M\u0131s\u0131r Vizesi\" \/>\n<meta property=\"article:modified_time\" content=\"2022-01-10T14:04:29+00:00\" \/>\n<meta property=\"og:image\" content=\"https:\/\/www.myvize.com.tr\/misir\/wp-content\/uploads\/2021\/10\/21.jpg\" \/>\n<meta name=\"twitter:card\" content=\"summary_large_image\" \/>\n<meta name=\"twitter:label1\" content=\"Tahmini okuma s\u00fcresi\" \/>\n\t<meta name=\"twitter:data1\" content=\"2 dakika\" \/>\n<script type=\"application\/ld+json\" class=\"yoast-schema-graph\">{\"@context\":\"https:\/\/schema.org\",\"@graph\":[{\"@type\":\"WebPage\",\"@id\":\"https:\/\/www.myvize.com.tr\/misir\/vatandaslik\/\",\"url\":\"https:\/\/www.myvize.com.tr\/misir\/vatandaslik\/\",\"name\":\"M\u0131s\u0131r Vatanda\u015fl\u0131k \u0130\u015flemleri - M\u0131s\u0131r Vize Evraklar\u0131 - MyVize\",\"isPartOf\":{\"@id\":\"https:\/\/www.myvize.com.tr\/misir\/#website\"},\"primaryImageOfPage\":{\"@id\":\"https:\/\/www.myvize.com.tr\/misir\/vatandaslik\/#primaryimage\"},\"image\":{\"@id\":\"https:\/\/www.myvize.com.tr\/misir\/vatandaslik\/#primaryimage\"},\"thumbnailUrl\":\"https:\/\/www.myvize.com.tr\/misir\/wp-content\/uploads\/2021\/10\/21.jpg\",\"datePublished\":\"2020-12-28T12:08:11+00:00\",\"dateModified\":\"2022-01-10T14:04:29+00:00\",\"description\":\"M\u0131s\u0131r vatanda\u015fl\u0131\u011f\u0131 ba\u015fvuru belgeleri. M\u0131s\u0131r vatanda\u015fl\u0131\u011f\u0131 i\u00e7in gerekli \u015fartlar. M\u0131s\u0131r vatanda\u015fl\u0131k i\u015flemleri.\",\"breadcrumb\":{\"@id\":\"https:\/\/www.myvize.com.tr\/misir\/vatandaslik\/#breadcrumb\"},\"inLanguage\":\"tr\",\"potentialAction\":[{\"@type\":\"ReadAction\",\"target\":[\"https:\/\/www.myvize.com.tr\/misir\/vatandaslik\/\"]}]},{\"@type\":\"ImageObject\",\"inLanguage\":\"tr\",\"@id\":\"https:\/\/www.myvize.com.tr\/misir\/vatandaslik\/#primaryimage\",\"url\":\"https:\/\/www.myvize.com.tr\/misir\/wp-content\/uploads\/2021\/10\/21.jpg\",\"contentUrl\":\"https:\/\/www.myvize.com.tr\/misir\/wp-content\/uploads\/2021\/10\/21.jpg\",\"width\":800,\"height\":500,\"caption\":\"M\u0131s\u0131r Vatanda\u015fl\u0131k\"},{\"@type\":\"BreadcrumbList\",\"@id\":\"https:\/\/www.myvize.com.tr\/misir\/vatandaslik\/#breadcrumb\",\"itemListElement\":[{\"@type\":\"ListItem\",\"position\":1,\"name\":\"Anasayfa\",\"item\":\"https:\/\/www.myvize.com.tr\/misir\/\"},{\"@type\":\"ListItem\",\"position\":2,\"name\":\"VATANDA\u015eLIK\"}]},{\"@type\":\"WebSite\",\"@id\":\"https:\/\/www.myvize.com.tr\/misir\/#website\",\"url\":\"https:\/\/www.myvize.com.tr\/misir\/\",\"name\":\"M\u0131s\u0131r Vizesi\",\"description\":\"\",\"potentialAction\":[{\"@type\":\"SearchAction\",\"target\":{\"@type\":\"EntryPoint\",\"urlTemplate\":\"https:\/\/www.myvize.com.tr\/misir\/?s={search_term_string}\"},\"query-input\":{\"@type\":\"PropertyValueSpecification\",\"valueRequired\":true,\"valueName\":\"search_term_string\"}}],\"inLanguage\":\"tr\"}]}<\/script>\n<!-- \/ Yoast SEO plugin. -->","yoast_head_json":{"title":"M\u0131s\u0131r Vatanda\u015fl\u0131k \u0130\u015flemleri - M\u0131s\u0131r Vize Evraklar\u0131 - MyVize","description":"M\u0131s\u0131r vatanda\u015fl\u0131\u011f\u0131 ba\u015fvuru belgeleri. M\u0131s\u0131r vatanda\u015fl\u0131\u011f\u0131 i\u00e7in gerekli \u015fartlar. M\u0131s\u0131r vatanda\u015fl\u0131k i\u015flemleri.","robots":{"index":"index","follow":"follow","max-snippet":"max-snippet:-1","max-image-preview":"max-image-preview:large","max-video-preview":"max-video-preview:-1"},"canonical":"https:\/\/www.myvize.com.tr\/misir\/vatandaslik\/","og_locale":"tr_TR","og_type":"article","og_title":"M\u0131s\u0131r Vatanda\u015fl\u0131k \u0130\u015flemleri - M\u0131s\u0131r Vize Evraklar\u0131 - MyVize","og_description":"M\u0131s\u0131r vatanda\u015fl\u0131\u011f\u0131 ba\u015fvuru belgeleri. M\u0131s\u0131r vatanda\u015fl\u0131\u011f\u0131 i\u00e7in gerekli \u015fartlar. M\u0131s\u0131r vatanda\u015fl\u0131k i\u015flemleri.","og_url":"https:\/\/www.myvize.com.tr\/misir\/vatandaslik\/","og_site_name":"M\u0131s\u0131r Vizesi","article_modified_time":"2022-01-10T14:04:29+00:00","og_image":[{"url":"https:\/\/www.myvize.com.tr\/misir\/wp-content\/uploads\/2021\/10\/21.jpg","type":"","width":"","height":""}],"twitter_card":"summary_large_image","twitter_misc":{"Tahmini okuma s\u00fcresi":"2 dakika"},"schema":{"@context":"https:\/\/schema.org","@graph":[{"@type":"WebPage","@id":"https:\/\/www.myvize.com.tr\/misir\/vatandaslik\/","url":"https:\/\/www.myvize.com.tr\/misir\/vatandaslik\/","name":"M\u0131s\u0131r Vatanda\u015fl\u0131k \u0130\u015flemleri - M\u0131s\u0131r Vize Evraklar\u0131 - MyVize","isPartOf":{"@id":"https:\/\/www.myvize.com.tr\/misir\/#website"},"primaryImageOfPage":{"@id":"https:\/\/www.myvize.com.tr\/misir\/vatandaslik\/#primaryimage"},"image":{"@id":"https:\/\/www.myvize.com.tr\/misir\/vatandaslik\/#primaryimage"},"thumbnailUrl":"https:\/\/www.myvize.com.tr\/misir\/wp-content\/uploads\/2021\/10\/21.jpg","datePublished":"2020-12-28T12:08:11+00:00","dateModified":"2022-01-10T14:04:29+00:00","description":"M\u0131s\u0131r vatanda\u015fl\u0131\u011f\u0131 ba\u015fvuru belgeleri. M\u0131s\u0131r vatanda\u015fl\u0131\u011f\u0131 i\u00e7in gerekli \u015fartlar. M\u0131s\u0131r vatanda\u015fl\u0131k i\u015flemleri.","breadcrumb":{"@id":"https:\/\/www.myvize.com.tr\/misir\/vatandaslik\/#breadcrumb"},"inLanguage":"tr","potentialAction":[{"@type":"ReadAction","target":["https:\/\/www.myvize.com.tr\/misir\/vatandaslik\/"]}]},{"@type":"ImageObject","inLanguage":"tr","@id":"https:\/\/www.myvize.com.tr\/misir\/vatandaslik\/#primaryimage","url":"https:\/\/www.myvize.com.tr\/misir\/wp-content\/uploads\/2021\/10\/21.jpg","contentUrl":"https:\/\/www.myvize.com.tr\/misir\/wp-content\/uploads\/2021\/10\/21.jpg","width":800,"height":500,"caption":"M\u0131s\u0131r Vatanda\u015fl\u0131k"},{"@type":"BreadcrumbList","@id":"https:\/\/www.myvize.com.tr\/misir\/vatandaslik\/#breadcrumb","itemListElement":[{"@type":"ListItem","position":1,"name":"Anasayfa","item":"https:\/\/www.myvize.com.tr\/misir\/"},{"@type":"ListItem","position":2,"name":"VATANDA\u015eLIK"}]},{"@type":"WebSite","@id":"https:\/\/www.myvize.com.tr\/misir\/#website","url":"https:\/\/www.myvize.com.tr\/misir\/","name":"M\u0131s\u0131r Vizesi","description":"","potentialAction":[{"@type":"SearchAction","target":{"@type":"EntryPoint","urlTemplate":"https:\/\/www.myvize.com.tr\/misir\/?s={search_term_string}"},"query-input":{"@type":"PropertyValueSpecification","valueRequired":true,"valueName":"search_term_string"}}],"inLanguage":"tr"}]}},"_links":{"self":[{"href":"https:\/\/www.myvize.com.tr\/misir\/wp-json\/wp\/v2\/pages\/166","targetHints":{"allow":["GET"]}}],"collection":[{"href":"https:\/\/www.myvize.com.tr\/misir\/wp-json\/wp\/v2\/pages"}],"about":[{"href":"https:\/\/www.myvize.com.tr\/misir\/wp-json\/wp\/v2\/types\/page"}],"author":[{"embeddable":true,"href":"https:\/\/www.myvize.com.tr\/misir\/wp-json\/wp\/v2\/users\/1"}],"replies":[{"embeddable":true,"href":"https:\/\/www.myvize.com.tr\/misir\/wp-json\/wp\/v2\/comments?post=166"}],"version-history":[{"count":6,"href":"https:\/\/www.myvize.com.tr\/misir\/wp-json\/wp\/v2\/pages\/166\/revisions"}],"predecessor-version":[{"id":684,"href":"https:\/\/www.myvize.com.tr\/misir\/wp-json\/wp\/v2\/pages\/166\/revisions\/684"}],"wp:attachment":[{"href":"https:\/\/www.myvize.com.tr\/misir\/wp-json\/wp\/v2\/media?parent=166"}],"curies":[{"name":"wp","href":"https:\/\/api.w.org\/{rel}","templated":true}]}}