{"id":169,"date":"2020-12-28T15:08:33","date_gmt":"2020-12-28T12:08:33","guid":{"rendered":"https:\/\/www.myvize.com.tr\/misir\/?page_id=169"},"modified":"2022-08-18T13:39:30","modified_gmt":"2022-08-18T10:39:30","slug":"form-dilekce","status":"publish","type":"page","link":"https:\/\/www.myvize.com.tr\/misir\/form-dilekce\/","title":{"rendered":"FORM &#038; D\u0130LEK\u00c7E"},"content":{"rendered":"<p><span style=\"font-family: Roboto;\"><\/span><\/p>\r\n<p><span style=\"font-family: Roboto; font-size: 14px;\"><strong>\u00a0M\u0131s\u0131r vize<\/strong> ba\u015fvurusunda\u00a0 bulunurken, hangi vizeye\u00a0 ba\u015fvuru yap\u0131lacak ise gerekli evraklar\u0131 tamamlay\u0131p ba\u015fvuru \u00fccretini bankaya \u00f6demi\u015f olmal\u0131s\u0131n\u0131z. Konsolosluk gerekli g\u00f6rd\u00fc\u011f\u00fc takdirde ba\u015fvuru s\u0131ras\u0131nda ya da sonras\u0131nda ek evrak istemekte veya m\u00fclakata tabi tutmaktad\u0131r. Ya\u015fanan bu durumlar ba\u015fvurunun onaylanmas\u0131n da\u00a0 gecikmeler\u00a0 ya\u015fatabilmektedir.<\/span><\/p>\r\n<p><span style=\"font-family: Roboto; font-size: 14px;\">\r\n\r\n<\/span><\/p>\r\n<h2><span style=\"font-family: Roboto; font-size: 27px;\"><strong>\u00a0M\u0131s\u0131r vize ba\u015fvurusu i\u00e7in gerekli evraklar<\/strong><\/span><\/h2>\r\n<p><span style=\"font-family: Roboto; font-size: 14px;\">\r\n\r\n<\/span><\/p>\r\n<p><span style=\"font-family: Roboto; font-size: 14px;\">Ba\u015fvuruda bulunulacak herhangi bir vize t\u00fcr\u00fc i\u00e7in gereken en \u00f6nemli belge vize ba\u015fvuru formunun eksiksiz bir \u015fekilde doldurulmas\u0131d\u0131r.\u00a0 Ba\u015fvuru formu T\u00fcrk\u00e7e olarak da doldurulabilmektedir. \u0130stenilen pasaport 10 y\u0131l\u0131 doldurmam\u0131\u015f olmal\u0131d\u0131r. Pasaportun seyahat sonras\u0131 6 ay ge\u00e7erlili\u011fi olmas\u0131 gerekir. Bunlar\u0131n d\u0131\u015f\u0131nda eski y\u0131rt\u0131lm\u0131\u015f pasaportlar kabul edilmemektedir. Di\u011fer evraklar ba\u015fvurulan vize t\u00fcr\u00fcne g\u00f6re de\u011fi\u015fiklik g\u00f6stermektedir. Genel olarak istenilen evraklar; \u00e7al\u0131\u015fma durumu,\u00a0 e\u011fitim durumu, maddi durumu kan\u0131tlay\u0131c\u0131 belgeler ki\u015finin finansal durumu gibi evraklar\u0131 kapsamaktad\u0131r.<\/span><\/p>\r\n<p><span style=\"font-family: Roboto; font-size: 14px;\">\r\n\r\n<\/span><\/p>\r\n<h2><span style=\"font-family: Roboto; font-size: 27px;\"><strong>\u00a0M\u0131s\u0131r vize ba\u015fvurusu\u00a0 ne zaman sonu\u00e7lan\u0131r?<\/strong><\/span><\/h2>\r\n<p><span style=\"font-family: Roboto; font-size: 14px;\">\r\n\r\n<\/span><\/p>\r\n<p><span style=\"font-family: Roboto; font-size: 14px;\"><strong>\u00a0M\u0131s\u0131r vize ba\u015fvurusu\u00a0<\/strong> evraklar\u0131 eksiksiz bir \u015fekilde dolduruldu\u011funda ortalama 30 ile 45 i\u015f g\u00fcn\u00fc s\u00fcresinde sonu\u00e7 vermektedir. Bu s\u00fcre Konsoloslu\u011fu yo\u011fun olmas\u0131 halinde uzay\u0131p k\u0131salabilmektedir. Bu durumlar\u0131 g\u00f6z\u00a0 \u00f6n\u00fcnde bulundurarak seyahat tarihinden en az bir, bir bu\u00e7uk ay \u00f6nce ba\u015fvuru yap\u0131lmas\u0131 gerekmektedir. Kimlik kart\u0131 fotokopisi,\u00a0 biyometrik resim istenilen\u00a0 evraklar aras\u0131ndad\u0131r.\u00a0 Her vize t\u00fcr\u00fc i\u00e7in ayr\u0131 evrak istenmektedir. Konsolosluk gerek g\u00f6rd\u00fc\u011f\u00fc evraklar\u0131 ki\u015fiden\u00a0 talep etmektedir.\u00a0<\/span><\/p>\r\n<p><span style=\"font-family: Roboto; font-size: 14px;\">\r\n\r\n<\/span><\/p>\r\n<h2><span style=\"font-family: Roboto; font-size: 27px;\"><strong>\u00a0M\u0131s\u0131r vize ba\u015fvurusu nereye yap\u0131l\u0131r?<\/strong><\/span><\/h2>\r\n<p><span style=\"font-family: Roboto; font-size: 14px;\">\r\n\r\n<\/span><\/p>\r\n<p><span style=\"font-family: Roboto; font-size: 14px;\">\u00a0Vize ba\u015fvurusu<span style=\"color: #2acec2;\"><strong><a style=\"color: #2acec2;\" href=\"https:\/\/www.myvize.com.tr\/misir\/konsolosluklar\/misir-istanbul-fahri-konsoloslugu\/\" target=\"_blank\" rel=\"noopener\"> \u0130stanbul M\u0131s\u0131r Ba\u015fkonsoloslu\u011fu<\/a><\/strong><\/span> ve <span style=\"color: #2acec2;\"><strong><a style=\"color: #2acec2;\" href=\"https:\/\/www.myvize.com.tr\/misir\/konsolosluklar\/ankara-buyukelciligi\/\" target=\"_blank\" rel=\"noopener\">Ankara M\u0131s\u0131r B\u00fcy\u00fckel\u00e7ili\u011fi<\/a><\/strong><\/span> taraf\u0131ndan yap\u0131lmaktad\u0131r. \u0130stanbul&#8217;daki konsolosluk T\u00fcrkiye&#8217;nin her iline bakarken, Ankara&#8217;daki b\u00fcy\u00fckel\u00e7ilik her ilden talep ba\u015fvurular\u0131n\u0131 kabul etmemektedir. Ba\u015fvurular\u00a0 y\u00fcz y\u00fcze yap\u0131lmaktad\u0131r.\u00a0<\/span><\/p>\r\n<p><span style=\"font-family: Roboto; font-size: 14px;\">\r\n\r\n<\/span><\/p>\r\n<h2><span style=\"font-family: Roboto; font-size: 27px;\">\u00a0<strong>M\u0131s\u0131r vize ba\u015fvurusu\u00a0 \u00fccreti<\/strong><\/span><\/h2>\r\n<p><span style=\"font-family: Roboto; font-size: 14px;\">\r\n\r\n<\/span><\/p>\r\n<p><span style=\"font-family: Roboto; font-size: 14px;\"><strong>\u00a0Vize \u00fccreti<\/strong> belirlenirken seyahatin suresi,\u00a0 seyahatin i\u00e7eri\u011fi, vize talebinin tek ya da \u00e7ok giri\u015fli olmas\u0131na g\u00f6re de\u011fi\u015fiklik g\u00f6stermektedir. \u00dccretler y\u0131l i\u00e7erisinde g\u00fcncellenmektedir. Bu bilgileri takip edebilmek i\u00e7in ba\u015fvuru yapmadan \u00f6nce konsoloslu\u011fun yak\u0131n tarihte yapt\u0131\u011f\u0131 \u00fccretlendirmelere bak\u0131lmal\u0131d\u0131r.<\/span><\/p>\r\n<h3><strong><span style=\"font-family: Roboto; font-size: 24px;\">M\u0131s\u0131r Konsoloslu\u011fu Form Ve Dilek\u00e7eleri<\/span><\/strong><\/h3>\r\n<p><span style=\"font-family: Roboto; font-size: 14px;\">M\u0131s\u0131r Konsoloslu\u011fu,<strong> M\u0131s\u0131r vize ba\u015fvurular\u0131<\/strong> s\u0131ras\u0131nda baz\u0131 form ve dilek\u00e7eler istemektedir. \u0130stenen form ve dilek\u00e7elerin olmad\u0131\u011f\u0131 M\u0131s\u0131r vize ba\u015fvurular\u0131 reddedilmektedir. M\u0131s\u0131r vize ba\u015fvurular\u0131 baz\u0131 durumlarda kabul edilmemektedir. M\u0131s\u0131r vize ba\u015fvurular\u0131 s\u0131ras\u0131nda istenen Form ve dilek\u00e7eler \u015fu \u015fekildedir.<\/span><\/p>\r\n<ul>\r\n<li><span style=\"font-family: Roboto; font-size: 14px;\"><strong><span style=\"color: #2acec2;\"><a style=\"color: #2acec2;\" href=\"https:\/\/www.myvize.com.tr\/misir\/form-dilekce\/misir-vize-basvuru-formu\/\" target=\"_blank\" rel=\"noopener\">M\u0131s\u0131r Vize Ba\u015fvuru Formu<\/a><\/span>:\u00a0<\/strong>Bu formda ki\u015fisel ilgileriniz ve M\u0131s\u0131r seyahatiniz ile ilgili her t\u00fcrl\u00fc bilgi detayl\u0131 bir \u015fekilde istenir. M\u0131s\u0131r vize ba\u015fvuru formu, M\u0131s\u0131r Konsoloslu\u011fu\u2019nun ba\u015fvuru sahibini daha yak\u0131ndan tan\u0131mas\u0131n\u0131 sa\u011flamaktad\u0131r. <strong>M\u0131s\u0131r vize ba\u015fvurular<\/strong>\u0131 bu form olmadan kabul edilmemektedir. Her M\u0131s\u0131r vize ba\u015fvurusunda teslim edilmesi gerekir. M\u0131s\u0131r vize ba\u015fvuru formuna <strong>M\u0131s\u0131r Konsoloslu\u011f<\/strong>u resmi internet sitesi \u00fczerinden ula\u015fabilirsiniz. M\u0131s\u0131r vize ba\u015fvuru formu \u0130ngilizce ya da T\u00fcrk\u00e7e doldurulmal\u0131d\u0131r.<strong> M\u0131s\u0131r vize ba\u015fvuru formu<\/strong> doldurulduktan sonra ba\u015fvuru sahibi taraf\u0131ndan tarih at\u0131l\u0131p imzalanmal\u0131d\u0131r.<\/span><\/li>\r\n<li><span style=\"font-family: Roboto; font-size: 14px;\"><strong>M\u0131s\u0131r Vize Talep Dilek\u00e7esi:<\/strong>\u00a0Bu dilek\u00e7e talep edece\u011finiz M\u0131s\u0131r vize t\u00fcr\u00fcne g\u00f6re yaz\u0131lmal\u0131d\u0131r. Dilek\u00e7ede kendinizi tan\u0131tmal\u0131, M\u0131s\u0131r seyahat amac\u0131n\u0131z\u0131 ve seyahat plan\u0131n\u0131z\u0131 a\u00e7\u0131klamal\u0131s\u0131n\u0131z. Ayr\u0131ca vize s\u00fcresi bitimi \u00f6ncesinde M\u0131s\u0131r\u2019dan \u00e7\u0131kaca\u011f\u0131n\u0131z\u0131 belirtmelisiniz. <strong>M\u0131s\u0131r vize talep dilek\u00e7esi<\/strong> ba\u015fvuru sahibi taraf\u0131ndan \u015fahsen imzalanmal\u0131d\u0131r.<\/span><\/li>\r\n<\/ul>\r\n<h3><span style=\"font-family: Roboto; font-size: 24px;\"><b>M\u0131s\u0131r konsoloslu\u011fu form ve dilek\u00e7e<\/b><\/span><\/h3>\r\n<p><span style=\"font-family: Roboto; font-size: 14px;\"><strong>M\u0131s\u0131r Konsolosluk<\/strong>, M\u0131s\u0131r vize ba\u015fvurusu s\u0131ras\u0131nda baz\u0131 form ve dilek\u00e7e istemektedir. \u0130stenen form ve dilek\u00e7enin olmad\u0131\u011f\u0131 <strong>M\u0131s\u0131r vizesi ba\u015fvurusu<\/strong> reddedilmekte. M\u0131s\u0131r vizesi ba\u015fvurusu baz\u0131 durumda kabul edilmemekte.<strong> M\u0131s\u0131r vize ba\u015fvurusu<\/strong> s\u0131ras\u0131nda istenilen Form ve dilek\u00e7e \u015fu \u015fekildedir.<\/span><br \/><span style=\"font-family: Roboto; font-size: 14px;\">M\u0131s\u0131r Vize Ba\u015fvuru Form: Bu formda ki\u015fisel ilginiz ve <strong>M\u0131s\u0131r seyahati<\/strong> ile ilgili her t\u00fcrl\u00fc bilgi detay\u0131 bir \u015fekilde istenmektedir. M\u0131s\u0131r vizesi ba\u015fvuru form, M\u0131s\u0131r Konsoloslu\u011fu ba\u015fvuru sahiplerini daha yak\u0131ndan tan\u0131ma sa\u011flamakta. <strong>M\u0131s\u0131r vize ba\u015fvurusu<\/strong> bu form olmadan kabul edilmemekte. Her <strong>M\u0131s\u0131r vize ba\u015fvurusu<\/strong> teslim edilmesi gereklidir. M\u0131s\u0131r vize ba\u015fvurusu formuna M\u0131s\u0131r Konsoloslu\u011fun resmi internet site \u00fczerinden ula\u015fabilirsiniz. M\u0131s\u0131r vize ba\u015fvurusu formu \u0130ngilizce veya T\u00fcrk\u00e7e doldurulmal\u0131. <strong>M\u0131s\u0131r vize ba\u015fvurusu formu<\/strong> doldurulduktan sonra ba\u015fvuru sahipleri taraf\u0131ndan tarih at\u0131l\u0131p imzalanmal\u0131.<\/span><br \/><span style=\"font-family: Roboto; font-size: 14px;\">M\u0131s\u0131r Vize Talep Dilek\u00e7esi: Dilek\u00e7e talebi edece\u011finiz M\u0131s\u0131r vizesi t\u00fcr\u00fcne g\u00f6re yaz\u0131lmal\u0131. Dilek\u00e7ede kendinizi tan\u0131tmak, M\u0131s\u0131r seyahat amac\u0131 ve seyahat plan\u0131n\u0131 a\u00e7\u0131klamal\u0131s\u0131n\u0131z. Ayr\u0131ca vize s\u00fcre bitimi \u00f6ncesi M\u0131s\u0131r\u2019dan \u00e7\u0131kaca\u011f\u0131n\u0131z\u0131 belirtmeniz gerekmektedir. <strong>M\u0131s\u0131r vizesi talep dilek\u00e7esi<\/strong> ba\u015fvuru sahipleri taraf\u0131ndan \u015fahsen imzalanmal\u0131.<\/span><\/p>\r\n<p><span style=\"font-family: Roboto;\"><\/span><\/p>","protected":false},"excerpt":{"rendered":"<p>\u00a0M\u0131s\u0131r vize ba\u015fvurusunda\u00a0 bulunurken, hangi vizeye\u00a0 ba\u015fvuru yap\u0131lacak ise gerekli evraklar\u0131 tamamlay\u0131p ba\u015fvuru \u00fccretini bankaya \u00f6demi\u015f olmal\u0131s\u0131n\u0131z. Konsolosluk gerekli g\u00f6rd\u00fc\u011f\u00fc takdirde ba\u015fvuru s\u0131ras\u0131nda ya da sonras\u0131nda ek evrak istemekte veya m\u00fclakata tabi tutmaktad\u0131r. Ya\u015fanan bu durumlar ba\u015fvurunun onaylanmas\u0131n da\u00a0 gecikmeler\u00a0 ya\u015fatabilmektedir. \u00a0M\u0131s\u0131r vize ba\u015fvurusu i\u00e7in gerekli evraklar Ba\u015fvuruda bulunulacak herhangi bir vize t\u00fcr\u00fc i\u00e7in gereken<\/p>\n","protected":false},"author":1,"featured_media":0,"parent":0,"menu_order":0,"comment_status":"closed","ping_status":"closed","template":"","meta":{"footnotes":""},"class_list":["post-169","page","type-page","status-publish","hentry"],"yoast_head":"<!-- This site is optimized with the Yoast SEO plugin v24.0 - https:\/\/yoast.com\/wordpress\/plugins\/seo\/ -->\n<title>M\u0131s\u0131r Form Ve Dilek\u00e7esi - M\u0131s\u0131r Vize Evraklar\u0131 - MyVize<\/title>\n<meta name=\"description\" content=\"M\u0131s\u0131r form ve dilek\u00e7e 2022 g\u00fcncel payla\u015f\u0131mlar. M\u0131s\u0131r form doldurma ve dilek\u00e7e yaz\u0131m\u0131na dair do\u011fru bilgiler. M\u0131s\u0131r form ve dilek\u00e7e \u00f6rne\u011fi.\" \/>\n<meta name=\"robots\" content=\"index, follow, max-snippet:-1, max-image-preview:large, max-video-preview:-1\" \/>\n<link rel=\"canonical\" href=\"https:\/\/www.myvize.com.tr\/misir\/form-dilekce\/\" \/>\n<meta property=\"og:locale\" content=\"tr_TR\" \/>\n<meta property=\"og:type\" content=\"article\" \/>\n<meta property=\"og:title\" content=\"M\u0131s\u0131r Form Ve Dilek\u00e7esi - M\u0131s\u0131r Vize Evraklar\u0131 - MyVize\" \/>\n<meta property=\"og:description\" content=\"M\u0131s\u0131r form ve dilek\u00e7e 2022 g\u00fcncel payla\u015f\u0131mlar. M\u0131s\u0131r form doldurma ve dilek\u00e7e yaz\u0131m\u0131na dair do\u011fru bilgiler. M\u0131s\u0131r form ve dilek\u00e7e \u00f6rne\u011fi.\" \/>\n<meta property=\"og:url\" content=\"https:\/\/www.myvize.com.tr\/misir\/form-dilekce\/\" \/>\n<meta property=\"og:site_name\" content=\"M\u0131s\u0131r Vizesi\" \/>\n<meta property=\"article:modified_time\" content=\"2022-08-18T10:39:30+00:00\" \/>\n<meta name=\"twitter:card\" content=\"summary_large_image\" \/>\n<meta name=\"twitter:label1\" content=\"Tahmini okuma s\u00fcresi\" \/>\n\t<meta name=\"twitter:data1\" content=\"3 dakika\" \/>\n<script type=\"application\/ld+json\" class=\"yoast-schema-graph\">{\"@context\":\"https:\/\/schema.org\",\"@graph\":[{\"@type\":\"WebPage\",\"@id\":\"https:\/\/www.myvize.com.tr\/misir\/form-dilekce\/\",\"url\":\"https:\/\/www.myvize.com.tr\/misir\/form-dilekce\/\",\"name\":\"M\u0131s\u0131r Form Ve Dilek\u00e7esi - M\u0131s\u0131r Vize Evraklar\u0131 - MyVize\",\"isPartOf\":{\"@id\":\"https:\/\/www.myvize.com.tr\/misir\/#website\"},\"datePublished\":\"2020-12-28T12:08:33+00:00\",\"dateModified\":\"2022-08-18T10:39:30+00:00\",\"description\":\"M\u0131s\u0131r form ve dilek\u00e7e 2022 g\u00fcncel payla\u015f\u0131mlar. M\u0131s\u0131r form doldurma ve dilek\u00e7e yaz\u0131m\u0131na dair do\u011fru bilgiler. M\u0131s\u0131r form ve dilek\u00e7e \u00f6rne\u011fi.\",\"breadcrumb\":{\"@id\":\"https:\/\/www.myvize.com.tr\/misir\/form-dilekce\/#breadcrumb\"},\"inLanguage\":\"tr\",\"potentialAction\":[{\"@type\":\"ReadAction\",\"target\":[\"https:\/\/www.myvize.com.tr\/misir\/form-dilekce\/\"]}]},{\"@type\":\"BreadcrumbList\",\"@id\":\"https:\/\/www.myvize.com.tr\/misir\/form-dilekce\/#breadcrumb\",\"itemListElement\":[{\"@type\":\"ListItem\",\"position\":1,\"name\":\"Anasayfa\",\"item\":\"https:\/\/www.myvize.com.tr\/misir\/\"},{\"@type\":\"ListItem\",\"position\":2,\"name\":\"FORM &#038; D\u0130LEK\u00c7E\"}]},{\"@type\":\"WebSite\",\"@id\":\"https:\/\/www.myvize.com.tr\/misir\/#website\",\"url\":\"https:\/\/www.myvize.com.tr\/misir\/\",\"name\":\"M\u0131s\u0131r Vizesi\",\"description\":\"\",\"potentialAction\":[{\"@type\":\"SearchAction\",\"target\":{\"@type\":\"EntryPoint\",\"urlTemplate\":\"https:\/\/www.myvize.com.tr\/misir\/?s={search_term_string}\"},\"query-input\":{\"@type\":\"PropertyValueSpecification\",\"valueRequired\":true,\"valueName\":\"search_term_string\"}}],\"inLanguage\":\"tr\"}]}<\/script>\n<!-- \/ Yoast SEO plugin. -->","yoast_head_json":{"title":"M\u0131s\u0131r Form Ve Dilek\u00e7esi - M\u0131s\u0131r Vize Evraklar\u0131 - MyVize","description":"M\u0131s\u0131r form ve dilek\u00e7e 2022 g\u00fcncel payla\u015f\u0131mlar. M\u0131s\u0131r form doldurma ve dilek\u00e7e yaz\u0131m\u0131na dair do\u011fru bilgiler. M\u0131s\u0131r form ve dilek\u00e7e \u00f6rne\u011fi.","robots":{"index":"index","follow":"follow","max-snippet":"max-snippet:-1","max-image-preview":"max-image-preview:large","max-video-preview":"max-video-preview:-1"},"canonical":"https:\/\/www.myvize.com.tr\/misir\/form-dilekce\/","og_locale":"tr_TR","og_type":"article","og_title":"M\u0131s\u0131r Form Ve Dilek\u00e7esi - M\u0131s\u0131r Vize Evraklar\u0131 - MyVize","og_description":"M\u0131s\u0131r form ve dilek\u00e7e 2022 g\u00fcncel payla\u015f\u0131mlar. M\u0131s\u0131r form doldurma ve dilek\u00e7e yaz\u0131m\u0131na dair do\u011fru bilgiler. M\u0131s\u0131r form ve dilek\u00e7e \u00f6rne\u011fi.","og_url":"https:\/\/www.myvize.com.tr\/misir\/form-dilekce\/","og_site_name":"M\u0131s\u0131r Vizesi","article_modified_time":"2022-08-18T10:39:30+00:00","twitter_card":"summary_large_image","twitter_misc":{"Tahmini okuma s\u00fcresi":"3 dakika"},"schema":{"@context":"https:\/\/schema.org","@graph":[{"@type":"WebPage","@id":"https:\/\/www.myvize.com.tr\/misir\/form-dilekce\/","url":"https:\/\/www.myvize.com.tr\/misir\/form-dilekce\/","name":"M\u0131s\u0131r Form Ve Dilek\u00e7esi - M\u0131s\u0131r Vize Evraklar\u0131 - MyVize","isPartOf":{"@id":"https:\/\/www.myvize.com.tr\/misir\/#website"},"datePublished":"2020-12-28T12:08:33+00:00","dateModified":"2022-08-18T10:39:30+00:00","description":"M\u0131s\u0131r form ve dilek\u00e7e 2022 g\u00fcncel payla\u015f\u0131mlar. M\u0131s\u0131r form doldurma ve dilek\u00e7e yaz\u0131m\u0131na dair do\u011fru bilgiler. M\u0131s\u0131r form ve dilek\u00e7e \u00f6rne\u011fi.","breadcrumb":{"@id":"https:\/\/www.myvize.com.tr\/misir\/form-dilekce\/#breadcrumb"},"inLanguage":"tr","potentialAction":[{"@type":"ReadAction","target":["https:\/\/www.myvize.com.tr\/misir\/form-dilekce\/"]}]},{"@type":"BreadcrumbList","@id":"https:\/\/www.myvize.com.tr\/misir\/form-dilekce\/#breadcrumb","itemListElement":[{"@type":"ListItem","position":1,"name":"Anasayfa","item":"https:\/\/www.myvize.com.tr\/misir\/"},{"@type":"ListItem","position":2,"name":"FORM &#038; D\u0130LEK\u00c7E"}]},{"@type":"WebSite","@id":"https:\/\/www.myvize.com.tr\/misir\/#website","url":"https:\/\/www.myvize.com.tr\/misir\/","name":"M\u0131s\u0131r Vizesi","description":"","potentialAction":[{"@type":"SearchAction","target":{"@type":"EntryPoint","urlTemplate":"https:\/\/www.myvize.com.tr\/misir\/?s={search_term_string}"},"query-input":{"@type":"PropertyValueSpecification","valueRequired":true,"valueName":"search_term_string"}}],"inLanguage":"tr"}]}},"_links":{"self":[{"href":"https:\/\/www.myvize.com.tr\/misir\/wp-json\/wp\/v2\/pages\/169","targetHints":{"allow":["GET"]}}],"collection":[{"href":"https:\/\/www.myvize.com.tr\/misir\/wp-json\/wp\/v2\/pages"}],"about":[{"href":"https:\/\/www.myvize.com.tr\/misir\/wp-json\/wp\/v2\/types\/page"}],"author":[{"embeddable":true,"href":"https:\/\/www.myvize.com.tr\/misir\/wp-json\/wp\/v2\/users\/1"}],"replies":[{"embeddable":true,"href":"https:\/\/www.myvize.com.tr\/misir\/wp-json\/wp\/v2\/comments?post=169"}],"version-history":[{"count":5,"href":"https:\/\/www.myvize.com.tr\/misir\/wp-json\/wp\/v2\/pages\/169\/revisions"}],"predecessor-version":[{"id":779,"href":"https:\/\/www.myvize.com.tr\/misir\/wp-json\/wp\/v2\/pages\/169\/revisions\/779"}],"wp:attachment":[{"href":"https:\/\/www.myvize.com.tr\/misir\/wp-json\/wp\/v2\/media?parent=169"}],"curies":[{"name":"wp","href":"https:\/\/api.w.org\/{rel}","templated":true}]}}