{"id":18,"date":"2020-11-30T08:50:13","date_gmt":"2020-11-30T05:50:13","guid":{"rendered":"https:\/\/www.myvize.com.tr\/misir\/?page_id=18"},"modified":"2022-04-22T15:03:17","modified_gmt":"2022-04-22T12:03:17","slug":"vize-islemleri","status":"publish","type":"page","link":"https:\/\/www.myvize.com.tr\/misir\/vize-islemleri\/","title":{"rendered":"V\u0130ZE \u0130\u015eLEMLER\u0130"},"content":{"rendered":"<p><span style=\"font-family: Roboto;\"><\/span><\/p>\r\n<p><span style=\"font-family: Roboto; font-size: 14px;\">Kuzey Afrika\u2019da yer alan Arap \u00fclkelerinden birisi olan M\u0131s\u0131r sahip oldu\u011fu turistik de\u011ferler sayesinde binlerce turisti kap\u0131lar\u0131n\u0131 aral\u0131yor. M\u0131s\u0131r\u2019a gitmek isteyen T\u00fcrk vatanda\u015flar\u0131 da vizelerini alarak farkl\u0131 ama\u00e7larla \u00fclkeye seyahat edebiliyor. Umuma Mahsus pasaport sahipleri vizeye tabi tutulurken Hizmet, Diplomatik, Hususi pasaport sahipleri vizeden muaf tutulurlar. Ki\u015filer turistik, ticari, \u00f6\u011frenci, aile ve arkada\u015f ziyareti gibi konularda vize alabilirler.<\/span><\/p>\r\n<p><span style=\"font-family: Roboto; font-size: 14px;\">\r\n\r\n<\/span><\/p>\r\n<h2><span style=\"font-family: Roboto; font-size: 27px;\"><strong>M\u0131s\u0131r Vize Ba\u015fvurusu Nas\u0131l Yap\u0131lmal\u0131d\u0131r?<\/strong><\/span><\/h2>\r\n<p><span style=\"font-family: Roboto; font-size: 14px;\">\r\n\r\n<\/span><\/p>\r\n<p><span style=\"font-family: Roboto; font-size: 14px;\">M\u0131s\u0131r vize ba\u015fvurusu <span style=\"color: #2acec2;\"><strong><a style=\"color: #2acec2;\" href=\"https:\/\/www.myvize.com.tr\/misir\/konsolosluklar\/misir-istanbul-fahri-konsoloslugu\/\" target=\"_blank\" rel=\"noopener\">\u0130stanbul M\u0131s\u0131r Ba\u015fkonsoloslu\u011fu<\/a><\/strong><\/span>, Ankara M\u0131s\u0131r B\u00fcy\u00fckel\u00e7ili\u011fi ile bu kurumlar taraf\u0131ndan yetkilendirilmi\u015f olan yetkili vize merkezleri ne yap\u0131labilir. Ki\u015filer kendi ba\u015fvuracaklar\u0131 vize t\u00fcr\u00fcne uygun olarak evrak haz\u0131rlamak durumundad\u0131r. Standart olarak belirtilen vize evraklar\u0131n\u0131n tamam\u0131 hem g\u00fcncel hem de do\u011fru bir \u015fekilde haz\u0131rlanarak lise dosyas\u0131 i\u00e7erisinde kurumlara sunulmal\u0131d\u0131r. Eksik evrak verilmesi durumunda ki\u015filer vizelerini daha ge\u00e7 bir tarihte alabilirler. Bu nedenle evrak haz\u0131rlama s\u00fcrecinde gerekirse ki\u015filer profesyonel bir hizmet alabilirler.<\/span><\/p>\r\n<p><span style=\"font-family: Roboto; font-size: 14px;\">\r\n\r\n<\/span><\/p>\r\n<h2><span style=\"font-family: Roboto; font-size: 27px;\">M\u0131s\u0131r Vizesinde \u0130stenilen Evraklar<\/span><\/h2>\r\n<p><span style=\"font-family: Roboto; font-size: 14px;\">\r\n\r\n<\/span><\/p>\r\n<p><span style=\"font-family: Roboto; font-size: 14px;\"><span style=\"color: #2acec2;\"><strong><a style=\"color: #2acec2;\" href=\"https:\/\/www.myvize.com.tr\/misir\/vize-islemleri\/misir-vizesi\/\" target=\"_blank\" rel=\"noopener\">M\u0131s\u0131r vizesi <\/a><\/strong><\/span>alacak olan ki\u015filerin mutlaka evrak listesinde belirli kriterlere dikkat etmesi gerekir. Bir\u00e7ok vize t\u00fcr\u00fcnde oldu\u011fu gibi M\u0131s\u0131r vizesinde de pasaportun i\u00e7erisinde i\u015flenmemi\u015f 2 tane bo\u015f sayfan\u0131n bulunmas\u0131 seyahat bittikten sonra hala g\u00fcncelli\u011fini 6 ay daha korumas\u0131 son derece \u00f6nemlidir. <span style=\"color: #2acec2;\"><strong><a style=\"color: #2acec2;\" href=\"https:\/\/www.myvize.com.tr\/misir\/form-dilekce\/misir-vize-basvuru-formu\/\" target=\"_blank\" rel=\"noopener\">M\u0131s\u0131r vize ba\u015fvuru formu<\/a><\/strong><\/span> doldurulmas\u0131, biyometrik 2 tane foto\u011fraf bulundurulmas\u0131 \u00f6nemli kriterlerdendir. Bu gibi standart i\u015flemlerin yan\u0131nda Ki\u015filer kendi meslek durumlar\u0131na \u00f6zel olarak evraklar haz\u0131rlamal\u0131 ve bu evraklar\u0131n mutlaka g\u00fcncel olmas\u0131na \u00f6zen g\u00f6sterilmelidir. Seyahat belgelerinin \u00f6zellikle de gidi\u015f d\u00f6n\u00fc\u015f u\u00e7ak bileti rezervasyonu vize dosyas\u0131nda olmas\u0131 vizenin kabul\u00fc a\u00e7\u0131s\u0131ndan son derece \u00f6nemlidir.<\/span><\/p>\r\n<p><span style=\"font-family: Roboto; font-size: 14px;\"> <img decoding=\"async\" src=\"https:\/\/www.myvize.com.tr\/misir\/wp-content\/uploads\/2021\/10\/1.jpg\" \/> <\/span><\/p>\r\n<h2><span style=\"font-family: Roboto; font-size: 27px;\"><strong>M\u0131s\u0131r Vizesi Ka\u00e7 G\u00fcnde \u00c7\u0131kar?<\/strong><\/span><\/h2>\r\n<p><span style=\"font-family: Roboto; font-size: 14px;\">\r\n\r\n<\/span><\/p>\r\n<p><span style=\"font-family: Roboto; font-size: 14px;\">Vize evraklar\u0131 sorunsuz bir \u015fekilde teslim edildi\u011finde ve herhangi bir ek evrak talebinde bulunulmadan en ge\u00e7 10 i\u015f g\u00fcn\u00fc i\u00e7erisinde vizeniz teslim edilir. Bununla birlikte ki\u015filerin bu s\u00fcre\u00e7te \u00f6deyecekleri vize \u00fccretleri ki\u015filerin alacaklar\u0131 vizenin t\u00fcr\u00fcne g\u00f6re de farkl\u0131l\u0131k g\u00f6steriyor.<\/span><\/p>\r\n<h2><strong><span style=\"font-family: Roboto; font-size: 27px;\">M\u0131s\u0131r Vize \u0130\u015flemleri Nas\u0131l Yap\u0131l\u0131r?<\/span><\/strong><\/h2>\r\n<p><span style=\"font-family: Roboto; font-size: 14px;\">M\u0131s\u0131r\u2019a yasal olarak giri\u015f yapmak ve serbest\u00e7e dola\u015fabilmek i\u00e7in <strong>M\u0131s\u0131r vizesi<\/strong> alman\u0131z gerekmektedir. Diplomatik, Hizmet ve Hususi Pasaport sahipleri k\u0131sa s\u00fcreli M\u0131s\u0131r vizesinden muaft\u0131r. M\u0131s\u0131r vize ba\u015fvurular\u0131n\u0131 kabul etme, inceleme,\u00a0de\u011ferlendirme yetkisi M\u0131s\u0131r&#8217;\u0131n Ankara B\u00fcy\u00fckel\u00e7ili\u011fi ve M\u0131s\u0131r \u0130stanbul Ba\u015fkonsoloslu\u011fu\u2019na aittir.<\/span><\/p>\r\n<p><span style=\"font-family: Roboto; font-size: 14px;\">\u0130stanbul\u2019da bulunan M\u0131s\u0131r Ba\u015fkonsoloslu\u011fu, T\u00fcrkiye\u2019nin her ilinden ba\u015fvuru kabul etmektedir. Ancak Ankara B\u00fcy\u00fckel\u00e7ili\u011fi, g\u00f6rev b\u00f6lgesi d\u0131\u015f\u0131ndan M\u0131s\u0131r vize ba\u015fvurusu almamaktad\u0131r. Ba\u015fvurular \u015fahsen yap\u0131labilir. Bunun yan\u0131nda yetkilendirilmi\u015f vize ba\u015fvuru merkezleri, seyahat acenteleri ya da yerinize atad\u0131\u011f\u0131n\u0131z vekil taraf\u0131ndan <strong>M\u0131s\u0131r vize<\/strong> ba\u015fvurusunda bulunulabilir.<\/span><\/p>\r\n<p><span style=\"font-family: Roboto; font-size: 14px;\"><strong>M\u0131s\u0131r vize ba\u015fvurusu<\/strong> i\u00e7in \u00f6ncelikle, seyahat amac\u0131n\u0131za uygun<strong> M\u0131s\u0131r vize ba\u015fvuru formu<\/strong> doldurmal\u0131s\u0131n\u0131z. Daha sonra ise<strong> M\u0131s\u0131r vizesi<\/strong> i\u00e7in gerekli olan belgeler haz\u0131rlanmal\u0131d\u0131r. <strong>M\u0131s\u0131r vize ba\u015fvurusu<\/strong> i\u00e7in gerekli olan belgeler ba\u015fvuru yapaca\u011f\u0131n\u0131z yere teslim edilmeli ve vize ba\u015fvuru har\u00e7 \u00fccreti yat\u0131r\u0131lmal\u0131d\u0131r. Belgelerin eksiksiz ve g\u00fcncel olmas\u0131 gerekmektedir. <strong>M\u0131s\u0131r vize<\/strong> ba\u015fvurunuzu inceleyen M\u0131s\u0131r temsilcili\u011fi ba\u015fvuru sahibini m\u00fclakata \u00e7a\u011f\u0131rabilir ya da ek belge talep edebilir. M\u0131s\u0131r vize ba\u015fvurular\u0131n ortalama 7 g\u00fcn \u00e7erisinde sonu\u00e7lan\u0131r.<\/span><\/p>\r\n<p><img decoding=\"async\" src=\"https:\/\/www.myvize.com.tr\/misir\/wp-content\/uploads\/2021\/10\/2.jpg\" \/><\/p>\r\n<h3><strong><span style=\"font-family: Roboto; font-size: 24px;\">M\u0131s\u0131r Vize \u0130\u015flemleri<\/span><\/strong><\/h3>\r\n<p><span style=\"font-family: Roboto; font-size: 14px;\">M\u0131s\u0131r\u2019a seyahat edecek olan T\u00fcrk vatanda\u015flar\u0131n\u0131n M\u0131s\u0131r vizesi almas\u0131 gerekmektedir. Diplomatik, Hususi ve Hizmet Pasaportu sahipleri 90 g\u00fcne kadar M\u0131s\u0131r vizesinden muaft\u0131r. Umuma Mahsus Pasaport sahipleri ise M\u0131s\u0131r vizesi almal\u0131d\u0131r.<\/span><\/p>\r\n<p><span style=\"font-family: Roboto; font-size: 14px;\">M\u0131s\u0131r vize ba\u015fvurusu yapacak olan ki\u015filer \u00f6ncelikle hangi vize kategorisinden vize ba\u015fvurusu yapaca\u011f\u0131n\u0131 belirtmelidir. Ard\u0131ndan ise vize ba\u015fvuru formu doldurulmal\u0131d\u0131r. Bunun ard\u0131ndan M\u0131s\u0131r vizesi i\u00e7in gerekli olan belgeler haz\u0131rlanmal\u0131d\u0131r. <strong>M\u0131s\u0131r vize ba\u015fvurular\u0131<\/strong>, T\u00fcrkiye\u2019de bulunan M\u0131s\u0131r Konsolosluklar\u0131na, <strong>M\u0131s\u0131r vize ba\u015fvuru<\/strong> merkezlerine ve yetkilendirilmi\u015f acentelere yap\u0131labilmektedir. <strong>M\u0131s\u0131r vize<\/strong> ba\u015fvurular\u0131, <strong>M\u0131s\u0131r Konsoloslu\u011fu<\/strong> mesai saatleri i\u00e7erisinde yap\u0131lmal\u0131d\u0131r.<\/span><\/p>\r\n<p><span style=\"font-family: Roboto; font-size: 14px;\">M\u0131s\u0131r vizesi k\u0131sa s\u00fcreli ve uzun s\u00fcreli olarak al\u0131nabilmektedir. K\u0131sa s\u00fcreli M\u0131s\u0131r vizesi 90 g\u00fcnden fazla olmayan seyahatler i\u00e7in al\u0131nabilir. Uzun s\u00fcreli <strong>M\u0131s\u0131r vizesi<\/strong> ise 90 g\u00fcn\u00fc ge\u00e7en seyahatler i\u00e7in al\u0131nabilir.<\/span><\/p>\r\n<p><span style=\"font-family: Roboto; font-size: 14px;\"><strong>M\u0131s\u0131r vize ba\u015fvurusu<\/strong> i\u00e7in istenen belgeler eksiksiz ve g\u00fcncel olarak haz\u0131rlanmal\u0131d\u0131r. Belgelerin y\u0131pranmam\u0131\u015f ve g\u00fcncel olmas\u0131na dikkat etmelisiniz. M\u0131s\u0131r vizesi almak isteyen ki\u015filer seyahat ama\u00e7lar\u0131na g\u00f6re davetiye sunmas\u0131 gerekmektedir. Ayr\u0131ca M\u0131s\u0131r\u2019a seyahat edecek olan ki\u015filerin M\u0131s\u0131r seyahatleri boyunca masraflar\u0131n\u0131 kar\u015f\u0131lamal\u0131d\u0131r. Bununla birlikte M\u0131s\u0131r\u2019a seyahat edecek ki\u015filer Seyahat Sa\u011fl\u0131k Sigortas\u0131 yapt\u0131rmal\u0131d\u0131r.<\/span><\/p>\r\n<p><span style=\"font-family: Roboto;\"><\/span><\/p>","protected":false},"excerpt":{"rendered":"<p>Kuzey Afrika\u2019da yer alan Arap \u00fclkelerinden birisi olan M\u0131s\u0131r sahip oldu\u011fu turistik de\u011ferler sayesinde binlerce turisti kap\u0131lar\u0131n\u0131 aral\u0131yor. M\u0131s\u0131r\u2019a gitmek isteyen T\u00fcrk vatanda\u015flar\u0131 da vizelerini alarak farkl\u0131 ama\u00e7larla \u00fclkeye seyahat edebiliyor. Umuma Mahsus pasaport sahipleri vizeye tabi tutulurken Hizmet, Diplomatik, Hususi pasaport sahipleri vizeden muaf tutulurlar. Ki\u015filer turistik, ticari, \u00f6\u011frenci, aile ve arkada\u015f ziyareti gibi<\/p>\n","protected":false},"author":1,"featured_media":0,"parent":0,"menu_order":0,"comment_status":"open","ping_status":"closed","template":"","meta":{"footnotes":""},"class_list":["post-18","page","type-page","status-publish","hentry"],"yoast_head":"<!-- This site is optimized with the Yoast SEO plugin v24.0 - https:\/\/yoast.com\/wordpress\/plugins\/seo\/ -->\n<title>M\u0131s\u0131r Vize \u0130\u015flemleri - M\u0131s\u0131r Vize Randevusu - MyVize<\/title>\n<meta name=\"description\" content=\"M\u0131s\u0131r vize i\u015flemleri gerekli evraklar g\u00fcncel. M\u0131s\u0131r vize i\u015flemleri randevu al\u0131m\u0131 ve i\u015flem s\u00fcreci g\u00f6rsel anlat\u0131m.\" \/>\n<meta name=\"robots\" content=\"index, follow, max-snippet:-1, max-image-preview:large, max-video-preview:-1\" \/>\n<link rel=\"canonical\" href=\"https:\/\/www.myvize.com.tr\/misir\/vize-islemleri\/\" \/>\n<meta property=\"og:locale\" content=\"tr_TR\" \/>\n<meta property=\"og:type\" content=\"article\" \/>\n<meta property=\"og:title\" content=\"M\u0131s\u0131r Vize \u0130\u015flemleri - M\u0131s\u0131r Vize Randevusu - MyVize\" \/>\n<meta property=\"og:description\" content=\"M\u0131s\u0131r vize i\u015flemleri gerekli evraklar g\u00fcncel. M\u0131s\u0131r vize i\u015flemleri randevu al\u0131m\u0131 ve i\u015flem s\u00fcreci g\u00f6rsel anlat\u0131m.\" \/>\n<meta property=\"og:url\" content=\"https:\/\/www.myvize.com.tr\/misir\/vize-islemleri\/\" \/>\n<meta property=\"og:site_name\" content=\"M\u0131s\u0131r Vizesi\" \/>\n<meta property=\"article:modified_time\" content=\"2022-04-22T12:03:17+00:00\" \/>\n<meta property=\"og:image\" content=\"https:\/\/www.myvize.com.tr\/misir\/wp-content\/uploads\/2021\/10\/1.jpg\" \/>\n<meta name=\"twitter:card\" content=\"summary_large_image\" \/>\n<meta name=\"twitter:label1\" content=\"Tahmini okuma s\u00fcresi\" \/>\n\t<meta name=\"twitter:data1\" content=\"4 dakika\" \/>\n<script type=\"application\/ld+json\" class=\"yoast-schema-graph\">{\"@context\":\"https:\/\/schema.org\",\"@graph\":[{\"@type\":\"WebPage\",\"@id\":\"https:\/\/www.myvize.com.tr\/misir\/vize-islemleri\/\",\"url\":\"https:\/\/www.myvize.com.tr\/misir\/vize-islemleri\/\",\"name\":\"M\u0131s\u0131r Vize \u0130\u015flemleri - M\u0131s\u0131r Vize Randevusu - MyVize\",\"isPartOf\":{\"@id\":\"https:\/\/www.myvize.com.tr\/misir\/#website\"},\"primaryImageOfPage\":{\"@id\":\"https:\/\/www.myvize.com.tr\/misir\/vize-islemleri\/#primaryimage\"},\"image\":{\"@id\":\"https:\/\/www.myvize.com.tr\/misir\/vize-islemleri\/#primaryimage\"},\"thumbnailUrl\":\"https:\/\/www.myvize.com.tr\/misir\/wp-content\/uploads\/2021\/10\/1.jpg\",\"datePublished\":\"2020-11-30T05:50:13+00:00\",\"dateModified\":\"2022-04-22T12:03:17+00:00\",\"description\":\"M\u0131s\u0131r vize i\u015flemleri gerekli evraklar g\u00fcncel. M\u0131s\u0131r vize i\u015flemleri randevu al\u0131m\u0131 ve i\u015flem s\u00fcreci g\u00f6rsel anlat\u0131m.\",\"breadcrumb\":{\"@id\":\"https:\/\/www.myvize.com.tr\/misir\/vize-islemleri\/#breadcrumb\"},\"inLanguage\":\"tr\",\"potentialAction\":[{\"@type\":\"ReadAction\",\"target\":[\"https:\/\/www.myvize.com.tr\/misir\/vize-islemleri\/\"]}]},{\"@type\":\"ImageObject\",\"inLanguage\":\"tr\",\"@id\":\"https:\/\/www.myvize.com.tr\/misir\/vize-islemleri\/#primaryimage\",\"url\":\"https:\/\/www.myvize.com.tr\/misir\/wp-content\/uploads\/2021\/10\/1.jpg\",\"contentUrl\":\"https:\/\/www.myvize.com.tr\/misir\/wp-content\/uploads\/2021\/10\/1.jpg\",\"width\":800,\"height\":500,\"caption\":\"M\u0131s\u0131r Vize \u0130\u015flemleri\"},{\"@type\":\"BreadcrumbList\",\"@id\":\"https:\/\/www.myvize.com.tr\/misir\/vize-islemleri\/#breadcrumb\",\"itemListElement\":[{\"@type\":\"ListItem\",\"position\":1,\"name\":\"Anasayfa\",\"item\":\"https:\/\/www.myvize.com.tr\/misir\/\"},{\"@type\":\"ListItem\",\"position\":2,\"name\":\"V\u0130ZE \u0130\u015eLEMLER\u0130\"}]},{\"@type\":\"WebSite\",\"@id\":\"https:\/\/www.myvize.com.tr\/misir\/#website\",\"url\":\"https:\/\/www.myvize.com.tr\/misir\/\",\"name\":\"M\u0131s\u0131r Vizesi\",\"description\":\"\",\"potentialAction\":[{\"@type\":\"SearchAction\",\"target\":{\"@type\":\"EntryPoint\",\"urlTemplate\":\"https:\/\/www.myvize.com.tr\/misir\/?s={search_term_string}\"},\"query-input\":{\"@type\":\"PropertyValueSpecification\",\"valueRequired\":true,\"valueName\":\"search_term_string\"}}],\"inLanguage\":\"tr\"}]}<\/script>\n<!-- \/ Yoast SEO plugin. -->","yoast_head_json":{"title":"M\u0131s\u0131r Vize \u0130\u015flemleri - M\u0131s\u0131r Vize Randevusu - MyVize","description":"M\u0131s\u0131r vize i\u015flemleri gerekli evraklar g\u00fcncel. M\u0131s\u0131r vize i\u015flemleri randevu al\u0131m\u0131 ve i\u015flem s\u00fcreci g\u00f6rsel anlat\u0131m.","robots":{"index":"index","follow":"follow","max-snippet":"max-snippet:-1","max-image-preview":"max-image-preview:large","max-video-preview":"max-video-preview:-1"},"canonical":"https:\/\/www.myvize.com.tr\/misir\/vize-islemleri\/","og_locale":"tr_TR","og_type":"article","og_title":"M\u0131s\u0131r Vize \u0130\u015flemleri - M\u0131s\u0131r Vize Randevusu - MyVize","og_description":"M\u0131s\u0131r vize i\u015flemleri gerekli evraklar g\u00fcncel. M\u0131s\u0131r vize i\u015flemleri randevu al\u0131m\u0131 ve i\u015flem s\u00fcreci g\u00f6rsel anlat\u0131m.","og_url":"https:\/\/www.myvize.com.tr\/misir\/vize-islemleri\/","og_site_name":"M\u0131s\u0131r Vizesi","article_modified_time":"2022-04-22T12:03:17+00:00","og_image":[{"url":"https:\/\/www.myvize.com.tr\/misir\/wp-content\/uploads\/2021\/10\/1.jpg","type":"","width":"","height":""}],"twitter_card":"summary_large_image","twitter_misc":{"Tahmini okuma s\u00fcresi":"4 dakika"},"schema":{"@context":"https:\/\/schema.org","@graph":[{"@type":"WebPage","@id":"https:\/\/www.myvize.com.tr\/misir\/vize-islemleri\/","url":"https:\/\/www.myvize.com.tr\/misir\/vize-islemleri\/","name":"M\u0131s\u0131r Vize \u0130\u015flemleri - M\u0131s\u0131r Vize Randevusu - MyVize","isPartOf":{"@id":"https:\/\/www.myvize.com.tr\/misir\/#website"},"primaryImageOfPage":{"@id":"https:\/\/www.myvize.com.tr\/misir\/vize-islemleri\/#primaryimage"},"image":{"@id":"https:\/\/www.myvize.com.tr\/misir\/vize-islemleri\/#primaryimage"},"thumbnailUrl":"https:\/\/www.myvize.com.tr\/misir\/wp-content\/uploads\/2021\/10\/1.jpg","datePublished":"2020-11-30T05:50:13+00:00","dateModified":"2022-04-22T12:03:17+00:00","description":"M\u0131s\u0131r vize i\u015flemleri gerekli evraklar g\u00fcncel. M\u0131s\u0131r vize i\u015flemleri randevu al\u0131m\u0131 ve i\u015flem s\u00fcreci g\u00f6rsel anlat\u0131m.","breadcrumb":{"@id":"https:\/\/www.myvize.com.tr\/misir\/vize-islemleri\/#breadcrumb"},"inLanguage":"tr","potentialAction":[{"@type":"ReadAction","target":["https:\/\/www.myvize.com.tr\/misir\/vize-islemleri\/"]}]},{"@type":"ImageObject","inLanguage":"tr","@id":"https:\/\/www.myvize.com.tr\/misir\/vize-islemleri\/#primaryimage","url":"https:\/\/www.myvize.com.tr\/misir\/wp-content\/uploads\/2021\/10\/1.jpg","contentUrl":"https:\/\/www.myvize.com.tr\/misir\/wp-content\/uploads\/2021\/10\/1.jpg","width":800,"height":500,"caption":"M\u0131s\u0131r Vize \u0130\u015flemleri"},{"@type":"BreadcrumbList","@id":"https:\/\/www.myvize.com.tr\/misir\/vize-islemleri\/#breadcrumb","itemListElement":[{"@type":"ListItem","position":1,"name":"Anasayfa","item":"https:\/\/www.myvize.com.tr\/misir\/"},{"@type":"ListItem","position":2,"name":"V\u0130ZE \u0130\u015eLEMLER\u0130"}]},{"@type":"WebSite","@id":"https:\/\/www.myvize.com.tr\/misir\/#website","url":"https:\/\/www.myvize.com.tr\/misir\/","name":"M\u0131s\u0131r Vizesi","description":"","potentialAction":[{"@type":"SearchAction","target":{"@type":"EntryPoint","urlTemplate":"https:\/\/www.myvize.com.tr\/misir\/?s={search_term_string}"},"query-input":{"@type":"PropertyValueSpecification","valueRequired":true,"valueName":"search_term_string"}}],"inLanguage":"tr"}]}},"_links":{"self":[{"href":"https:\/\/www.myvize.com.tr\/misir\/wp-json\/wp\/v2\/pages\/18","targetHints":{"allow":["GET"]}}],"collection":[{"href":"https:\/\/www.myvize.com.tr\/misir\/wp-json\/wp\/v2\/pages"}],"about":[{"href":"https:\/\/www.myvize.com.tr\/misir\/wp-json\/wp\/v2\/types\/page"}],"author":[{"embeddable":true,"href":"https:\/\/www.myvize.com.tr\/misir\/wp-json\/wp\/v2\/users\/1"}],"replies":[{"embeddable":true,"href":"https:\/\/www.myvize.com.tr\/misir\/wp-json\/wp\/v2\/comments?post=18"}],"version-history":[{"count":6,"href":"https:\/\/www.myvize.com.tr\/misir\/wp-json\/wp\/v2\/pages\/18\/revisions"}],"predecessor-version":[{"id":716,"href":"https:\/\/www.myvize.com.tr\/misir\/wp-json\/wp\/v2\/pages\/18\/revisions\/716"}],"wp:attachment":[{"href":"https:\/\/www.myvize.com.tr\/misir\/wp-json\/wp\/v2\/media?parent=18"}],"curies":[{"name":"wp","href":"https:\/\/api.w.org\/{rel}","templated":true}]}}