{"id":180,"date":"2020-12-28T15:18:42","date_gmt":"2020-12-28T12:18:42","guid":{"rendered":"https:\/\/www.myvize.com.tr\/misir\/?page_id=180"},"modified":"2022-04-22T16:45:41","modified_gmt":"2022-04-22T13:45:41","slug":"evlilikten-dolayi-vatandaslik","status":"publish","type":"page","link":"https:\/\/www.myvize.com.tr\/misir\/vatandaslik\/evlilikten-dolayi-vatandaslik\/","title":{"rendered":"M\u0131s\u0131r Evlilikten Dolay\u0131 Vatanda\u015fl\u0131k"},"content":{"rendered":"<h2><span style=\"font-family: Roboto; font-size: 27px;\"><strong>Evlilikten Dolay\u0131 Vatanda\u015fl\u0131k Hakk\u0131nda<\/strong><\/span><\/h2>\n<p><span style=\"font-family: Roboto; font-size: 14px;\"><strong>Evlilikten dolay\u0131 vatanda\u015fl\u0131k <\/strong>i\u015flemi i\u00e7in ki\u015finin \u00f6ncelikle<strong> aile birle\u015fim vizesi<\/strong> ve<strong> uzun s\u00fcreli vize<\/strong> almas\u0131 gerekir. M\u0131s\u0131r vatanda\u015fl\u0131\u011f\u0131 ba\u015fvuru i\u015flemleri T\u00fcrkiye Cumhuriyetinde yap\u0131lmamaktad\u0131r. Ki\u015finin uzun s\u00fcreli vizeye sahip olabilmesi i\u00e7in \u00f6ncelikle k\u0131sa s\u00fcreli vize ile \u00fclke s\u0131n\u0131rlar\u0131na giri\u015f yapm\u0131\u015f olmas\u0131 gerekir. Uzun s\u00fcreli <strong>aile birle\u015fim vizesi<\/strong> ile vatanda\u015fl\u0131k i\u00e7in gerekli olan ba\u015fvurular\u0131 M\u0131s\u0131r\u2019da yap\u0131labilir. <strong>K\u0131sa s\u00fcreli vize<\/strong> ile \u00fclke s\u0131n\u0131rlar\u0131na giri\u015f yapm\u0131\u015f olan ki\u015finin M\u0131s\u0131r Yabanc\u0131lar \u015eubesine giderek aile birle\u015fim vizesi ba\u015fvurusunu yerine getirmesi gerekir. Bu sayede vatanda\u015fl\u0131k almak i\u00e7in gerekli olan ilk ad\u0131m da at\u0131lm\u0131\u015f olur. \u00dclkenin \u00e7ift vatanda\u015fl\u0131\u011f\u0131 kabul ediyor olmas\u0131ndan dolay\u0131 kendi \u00fclke vatanda\u015fl\u0131\u011f\u0131n\u0131z\u0131 da kaybetmeden <strong>M\u0131s\u0131r vatanda\u015fl\u0131\u011f\u0131<\/strong> alabilirsiniz. Ki\u015filerin aile birle\u015fimi i\u00e7in e\u015f ve varsa \u00e7ocuklar\u0131na ait terc\u00fcme edilmi\u015f ve ayn\u0131 zaman da onaylanm\u0131\u015f olan do\u011fum belgesini almalar\u0131 gerekir. Evlilik kay\u0131t belgesi ve bunun yan\u0131 s\u0131ra sab\u0131ka kayd\u0131 da verilmesi gereken \u00f6ncelikli evraklar aras\u0131nda yer al\u0131r. Ki\u015filerin ba\u015fvuru niteli\u011fine g\u00f6re ve sahip olduklar\u0131 uyru\u011fa g\u00f6re de talep edilen baz\u0131 evraklarda de\u011fi\u015fiklik meydana gelebilir.\u00a0<\/span><\/p>\n<p><span style=\"font-family: Roboto; font-size: 14px;\"><span style=\"color: #2acec2;\"><strong><a style=\"color: #2acec2;\" href=\"https:\/\/www.myvize.com.tr\/misir\/vize-islemleri\/misir-vize-reddi\/\" target=\"_blank\" rel=\"noopener\">M\u0131s\u0131r Vize Reddi<\/a><\/strong><\/span> ile ilgili bilgi almak i\u00e7in bizi aray\u0131n.<\/span><\/p>\n<p><span style=\"font-family: Roboto; font-size: 14px;\"><img decoding=\"async\" src=\"https:\/\/www.myvize.com.tr\/misir\/wp-content\/uploads\/2021\/10\/22.jpg\" \/><\/span><\/p>\n<h2><span style=\"font-family: Roboto; font-size: 27px;\"><b>Evlilik Yoluyla M\u0131s\u0131r Vatanda\u015fl\u0131\u011f\u0131<\/b><\/span><\/h2>\n<p><span style=\"font-family: Roboto; font-size: 14px;\"><strong>M\u0131s\u0131r vatanda\u015f\u0131yla<\/strong> evli olan bayan M\u0131s\u0131r vatanda\u015fl\u0131\u011f\u0131 alabilmekte, ancak bayanlar\u0131n <strong>M\u0131s\u0131r vatanda\u015flar\u0131<\/strong> ile resmi olarak en az 2 y\u0131l evli olmalar\u0131 \u015fart\u0131 bulunmaktad\u0131r. Yabanc\u0131 uyruklu \u00a0\u015fahs vatanda\u015fl\u0131\u011f\u0131n\u0131 de\u011ferlendirilerek sonu\u00e7land\u0131rma uzun ve karma\u015f\u0131k bir s\u00fcre\u00e7dir. <strong>M\u0131s\u0131r vatanda\u015fl\u0131\u011f\u0131<\/strong> i\u00e7in ilk olarak ba\u015fvuru sahiblerinin uzun s\u00fcre ikamet iznine sahip olmas\u0131 gerekli. <strong>M\u0131s\u0131r ikamet izini<\/strong> talebi i\u00e7in ilgili diplomat temsilcili\u011fe ibraz edilmesi gerekli asgari evrak aras\u0131nda uzun s\u00fcre vize talep dilek\u00e7e, n\u00fcfus c\u00fczdan fotokopisi, biyometrik foto\u011fraf\u0131, 10 y\u0131ldan eski olmayan pasaporta, ba\u015fvuru sahibleri evli ise evlilik tescil belgeleri, ba\u015fvuru sahiblerinin ebeveynin do\u011fum belgesi ve evlilik c\u00fczdan\u0131 n\u00fcshas\u0131 da bulunmaktad\u0131r.<\/span><br \/>\n<span style=\"font-family: Roboto; font-size: 14px;\">Bu yasan\u0131n eklenmesiyle<strong> M\u0131s\u0131r uyru\u011fu<\/strong> sahip olmayan ki\u015fi M\u0131s\u0131r vatanda\u015fl\u0131\u011fa; aile birle\u015fim yasas\u0131 kapsam\u0131nda ger\u00e7ekle\u015ftirilen evlilik, baban\u0131n k\u00f6keni, be\u015f y\u0131ldan fazla M\u0131s\u0131r\u2019da yasal \u015fekildeikamet ederek ya da \u00e7al\u0131\u015farak, M\u0131s\u0131r Devlet\u2019i asgari ve ekonomi olarak kalk\u0131nmas\u0131na hizmet edilecek \u00e7e\u015fitli g\u00f6revde bulunarak ge\u00e7ebilmekte. M\u0131s\u0131r uzun s\u00fcre ikamet izni ba\u015fvurusunda bu evrak\u0131n d\u0131\u015f\u0131nda bireysel durum g\u00f6re <strong>M\u0131s\u0131r Konsoloslu\u011fu<\/strong> ek evrak talebi yapabilece\u011fi g\u00f6z \u00f6n\u00fcnde bulundurulmal\u0131.\u00a0<\/span><\/p>\n<p><span style=\"font-family: Roboto; font-size: 14px;\"><span style=\"color: #2acec2;\"><strong><a style=\"color: #2acec2;\" href=\"https:\/\/www.myvize.com.tr\/misir\/vize-islemleri\/misir-vize-randevusu\/\" target=\"_blank\" rel=\"noopener\">M\u0131s\u0131r Vize Randevusu<\/a><\/strong><\/span> ile ilgili bilgi almak i\u00e7in bizi aray\u0131n.<\/span><\/p>\n","protected":false},"excerpt":{"rendered":"<p>Evlilikten Dolay\u0131 Vatanda\u015fl\u0131k Hakk\u0131nda Evlilikten dolay\u0131 vatanda\u015fl\u0131k i\u015flemi i\u00e7in ki\u015finin \u00f6ncelikle aile birle\u015fim vizesi ve uzun s\u00fcreli vize almas\u0131 gerekir. M\u0131s\u0131r vatanda\u015fl\u0131\u011f\u0131 ba\u015fvuru i\u015flemleri T\u00fcrkiye Cumhuriyetinde yap\u0131lmamaktad\u0131r. Ki\u015finin uzun s\u00fcreli vizeye sahip olabilmesi i\u00e7in \u00f6ncelikle k\u0131sa s\u00fcreli vize ile \u00fclke s\u0131n\u0131rlar\u0131na giri\u015f yapm\u0131\u015f olmas\u0131 gerekir. Uzun s\u00fcreli aile birle\u015fim vizesi ile vatanda\u015fl\u0131k i\u00e7in gerekli olan<\/p>\n","protected":false},"author":1,"featured_media":0,"parent":166,"menu_order":0,"comment_status":"open","ping_status":"closed","template":"","meta":{"footnotes":""},"class_list":["post-180","page","type-page","status-publish","hentry"],"yoast_head":"<!-- This site is optimized with the Yoast SEO plugin v24.0 - https:\/\/yoast.com\/wordpress\/plugins\/seo\/ -->\n<title>M\u0131s\u0131r Evlilikten Dolay\u0131 Vatanda\u015fl\u0131k - MyVize<\/title>\n<meta name=\"description\" content=\"M\u0131s\u0131r evlilikten dolay\u0131 vatanda\u015fl\u0131k i\u015flemleri i\u00e7in gerekli \u015fartlar ve evrak listesi g\u00fcncel. Ad\u0131m ad\u0131m vatanda\u015fl\u0131k i\u015flemleri.\" \/>\n<meta name=\"robots\" content=\"index, follow, max-snippet:-1, max-image-preview:large, max-video-preview:-1\" \/>\n<link rel=\"canonical\" href=\"https:\/\/www.myvize.com.tr\/misir\/vatandaslik\/evlilikten-dolayi-vatandaslik\/\" \/>\n<meta property=\"og:locale\" content=\"tr_TR\" \/>\n<meta property=\"og:type\" content=\"article\" \/>\n<meta property=\"og:title\" content=\"M\u0131s\u0131r Evlilikten Dolay\u0131 Vatanda\u015fl\u0131k - MyVize\" \/>\n<meta property=\"og:description\" content=\"M\u0131s\u0131r evlilikten dolay\u0131 vatanda\u015fl\u0131k i\u015flemleri i\u00e7in gerekli \u015fartlar ve evrak listesi g\u00fcncel. Ad\u0131m ad\u0131m vatanda\u015fl\u0131k i\u015flemleri.\" \/>\n<meta property=\"og:url\" content=\"https:\/\/www.myvize.com.tr\/misir\/vatandaslik\/evlilikten-dolayi-vatandaslik\/\" \/>\n<meta property=\"og:site_name\" content=\"M\u0131s\u0131r Vizesi\" \/>\n<meta property=\"article:modified_time\" content=\"2022-04-22T13:45:41+00:00\" \/>\n<meta property=\"og:image\" content=\"https:\/\/www.myvize.com.tr\/misir\/wp-content\/uploads\/2021\/10\/22.jpg\" \/>\n<meta name=\"twitter:card\" content=\"summary_large_image\" \/>\n<meta name=\"twitter:label1\" content=\"Tahmini okuma s\u00fcresi\" \/>\n\t<meta name=\"twitter:data1\" content=\"2 dakika\" \/>\n<script type=\"application\/ld+json\" class=\"yoast-schema-graph\">{\"@context\":\"https:\/\/schema.org\",\"@graph\":[{\"@type\":\"WebPage\",\"@id\":\"https:\/\/www.myvize.com.tr\/misir\/vatandaslik\/evlilikten-dolayi-vatandaslik\/\",\"url\":\"https:\/\/www.myvize.com.tr\/misir\/vatandaslik\/evlilikten-dolayi-vatandaslik\/\",\"name\":\"M\u0131s\u0131r Evlilikten Dolay\u0131 Vatanda\u015fl\u0131k - MyVize\",\"isPartOf\":{\"@id\":\"https:\/\/www.myvize.com.tr\/misir\/#website\"},\"primaryImageOfPage\":{\"@id\":\"https:\/\/www.myvize.com.tr\/misir\/vatandaslik\/evlilikten-dolayi-vatandaslik\/#primaryimage\"},\"image\":{\"@id\":\"https:\/\/www.myvize.com.tr\/misir\/vatandaslik\/evlilikten-dolayi-vatandaslik\/#primaryimage\"},\"thumbnailUrl\":\"https:\/\/www.myvize.com.tr\/misir\/wp-content\/uploads\/2021\/10\/22.jpg\",\"datePublished\":\"2020-12-28T12:18:42+00:00\",\"dateModified\":\"2022-04-22T13:45:41+00:00\",\"description\":\"M\u0131s\u0131r evlilikten dolay\u0131 vatanda\u015fl\u0131k i\u015flemleri i\u00e7in gerekli \u015fartlar ve evrak listesi g\u00fcncel. Ad\u0131m ad\u0131m vatanda\u015fl\u0131k i\u015flemleri.\",\"breadcrumb\":{\"@id\":\"https:\/\/www.myvize.com.tr\/misir\/vatandaslik\/evlilikten-dolayi-vatandaslik\/#breadcrumb\"},\"inLanguage\":\"tr\",\"potentialAction\":[{\"@type\":\"ReadAction\",\"target\":[\"https:\/\/www.myvize.com.tr\/misir\/vatandaslik\/evlilikten-dolayi-vatandaslik\/\"]}]},{\"@type\":\"ImageObject\",\"inLanguage\":\"tr\",\"@id\":\"https:\/\/www.myvize.com.tr\/misir\/vatandaslik\/evlilikten-dolayi-vatandaslik\/#primaryimage\",\"url\":\"https:\/\/www.myvize.com.tr\/misir\/wp-content\/uploads\/2021\/10\/22.jpg\",\"contentUrl\":\"https:\/\/www.myvize.com.tr\/misir\/wp-content\/uploads\/2021\/10\/22.jpg\",\"width\":800,\"height\":500,\"caption\":\"M\u0131s\u0131r Evlilikten Dolay\u0131 Vatanda\u015fl\u0131k\"},{\"@type\":\"BreadcrumbList\",\"@id\":\"https:\/\/www.myvize.com.tr\/misir\/vatandaslik\/evlilikten-dolayi-vatandaslik\/#breadcrumb\",\"itemListElement\":[{\"@type\":\"ListItem\",\"position\":1,\"name\":\"Anasayfa\",\"item\":\"https:\/\/www.myvize.com.tr\/misir\/\"},{\"@type\":\"ListItem\",\"position\":2,\"name\":\"VATANDA\u015eLIK\",\"item\":\"https:\/\/www.myvize.com.tr\/misir\/vatandaslik\/\"},{\"@type\":\"ListItem\",\"position\":3,\"name\":\"M\u0131s\u0131r Evlilikten Dolay\u0131 Vatanda\u015fl\u0131k\"}]},{\"@type\":\"WebSite\",\"@id\":\"https:\/\/www.myvize.com.tr\/misir\/#website\",\"url\":\"https:\/\/www.myvize.com.tr\/misir\/\",\"name\":\"M\u0131s\u0131r Vizesi\",\"description\":\"\",\"potentialAction\":[{\"@type\":\"SearchAction\",\"target\":{\"@type\":\"EntryPoint\",\"urlTemplate\":\"https:\/\/www.myvize.com.tr\/misir\/?s={search_term_string}\"},\"query-input\":{\"@type\":\"PropertyValueSpecification\",\"valueRequired\":true,\"valueName\":\"search_term_string\"}}],\"inLanguage\":\"tr\"}]}<\/script>\n<!-- \/ Yoast SEO plugin. -->","yoast_head_json":{"title":"M\u0131s\u0131r Evlilikten Dolay\u0131 Vatanda\u015fl\u0131k - MyVize","description":"M\u0131s\u0131r evlilikten dolay\u0131 vatanda\u015fl\u0131k i\u015flemleri i\u00e7in gerekli \u015fartlar ve evrak listesi g\u00fcncel. Ad\u0131m ad\u0131m vatanda\u015fl\u0131k i\u015flemleri.","robots":{"index":"index","follow":"follow","max-snippet":"max-snippet:-1","max-image-preview":"max-image-preview:large","max-video-preview":"max-video-preview:-1"},"canonical":"https:\/\/www.myvize.com.tr\/misir\/vatandaslik\/evlilikten-dolayi-vatandaslik\/","og_locale":"tr_TR","og_type":"article","og_title":"M\u0131s\u0131r Evlilikten Dolay\u0131 Vatanda\u015fl\u0131k - MyVize","og_description":"M\u0131s\u0131r evlilikten dolay\u0131 vatanda\u015fl\u0131k i\u015flemleri i\u00e7in gerekli \u015fartlar ve evrak listesi g\u00fcncel. Ad\u0131m ad\u0131m vatanda\u015fl\u0131k i\u015flemleri.","og_url":"https:\/\/www.myvize.com.tr\/misir\/vatandaslik\/evlilikten-dolayi-vatandaslik\/","og_site_name":"M\u0131s\u0131r Vizesi","article_modified_time":"2022-04-22T13:45:41+00:00","og_image":[{"url":"https:\/\/www.myvize.com.tr\/misir\/wp-content\/uploads\/2021\/10\/22.jpg","type":"","width":"","height":""}],"twitter_card":"summary_large_image","twitter_misc":{"Tahmini okuma s\u00fcresi":"2 dakika"},"schema":{"@context":"https:\/\/schema.org","@graph":[{"@type":"WebPage","@id":"https:\/\/www.myvize.com.tr\/misir\/vatandaslik\/evlilikten-dolayi-vatandaslik\/","url":"https:\/\/www.myvize.com.tr\/misir\/vatandaslik\/evlilikten-dolayi-vatandaslik\/","name":"M\u0131s\u0131r Evlilikten Dolay\u0131 Vatanda\u015fl\u0131k - MyVize","isPartOf":{"@id":"https:\/\/www.myvize.com.tr\/misir\/#website"},"primaryImageOfPage":{"@id":"https:\/\/www.myvize.com.tr\/misir\/vatandaslik\/evlilikten-dolayi-vatandaslik\/#primaryimage"},"image":{"@id":"https:\/\/www.myvize.com.tr\/misir\/vatandaslik\/evlilikten-dolayi-vatandaslik\/#primaryimage"},"thumbnailUrl":"https:\/\/www.myvize.com.tr\/misir\/wp-content\/uploads\/2021\/10\/22.jpg","datePublished":"2020-12-28T12:18:42+00:00","dateModified":"2022-04-22T13:45:41+00:00","description":"M\u0131s\u0131r evlilikten dolay\u0131 vatanda\u015fl\u0131k i\u015flemleri i\u00e7in gerekli \u015fartlar ve evrak listesi g\u00fcncel. Ad\u0131m ad\u0131m vatanda\u015fl\u0131k i\u015flemleri.","breadcrumb":{"@id":"https:\/\/www.myvize.com.tr\/misir\/vatandaslik\/evlilikten-dolayi-vatandaslik\/#breadcrumb"},"inLanguage":"tr","potentialAction":[{"@type":"ReadAction","target":["https:\/\/www.myvize.com.tr\/misir\/vatandaslik\/evlilikten-dolayi-vatandaslik\/"]}]},{"@type":"ImageObject","inLanguage":"tr","@id":"https:\/\/www.myvize.com.tr\/misir\/vatandaslik\/evlilikten-dolayi-vatandaslik\/#primaryimage","url":"https:\/\/www.myvize.com.tr\/misir\/wp-content\/uploads\/2021\/10\/22.jpg","contentUrl":"https:\/\/www.myvize.com.tr\/misir\/wp-content\/uploads\/2021\/10\/22.jpg","width":800,"height":500,"caption":"M\u0131s\u0131r Evlilikten Dolay\u0131 Vatanda\u015fl\u0131k"},{"@type":"BreadcrumbList","@id":"https:\/\/www.myvize.com.tr\/misir\/vatandaslik\/evlilikten-dolayi-vatandaslik\/#breadcrumb","itemListElement":[{"@type":"ListItem","position":1,"name":"Anasayfa","item":"https:\/\/www.myvize.com.tr\/misir\/"},{"@type":"ListItem","position":2,"name":"VATANDA\u015eLIK","item":"https:\/\/www.myvize.com.tr\/misir\/vatandaslik\/"},{"@type":"ListItem","position":3,"name":"M\u0131s\u0131r Evlilikten Dolay\u0131 Vatanda\u015fl\u0131k"}]},{"@type":"WebSite","@id":"https:\/\/www.myvize.com.tr\/misir\/#website","url":"https:\/\/www.myvize.com.tr\/misir\/","name":"M\u0131s\u0131r Vizesi","description":"","potentialAction":[{"@type":"SearchAction","target":{"@type":"EntryPoint","urlTemplate":"https:\/\/www.myvize.com.tr\/misir\/?s={search_term_string}"},"query-input":{"@type":"PropertyValueSpecification","valueRequired":true,"valueName":"search_term_string"}}],"inLanguage":"tr"}]}},"_links":{"self":[{"href":"https:\/\/www.myvize.com.tr\/misir\/wp-json\/wp\/v2\/pages\/180","targetHints":{"allow":["GET"]}}],"collection":[{"href":"https:\/\/www.myvize.com.tr\/misir\/wp-json\/wp\/v2\/pages"}],"about":[{"href":"https:\/\/www.myvize.com.tr\/misir\/wp-json\/wp\/v2\/types\/page"}],"author":[{"embeddable":true,"href":"https:\/\/www.myvize.com.tr\/misir\/wp-json\/wp\/v2\/users\/1"}],"replies":[{"embeddable":true,"href":"https:\/\/www.myvize.com.tr\/misir\/wp-json\/wp\/v2\/comments?post=180"}],"version-history":[{"count":7,"href":"https:\/\/www.myvize.com.tr\/misir\/wp-json\/wp\/v2\/pages\/180\/revisions"}],"predecessor-version":[{"id":726,"href":"https:\/\/www.myvize.com.tr\/misir\/wp-json\/wp\/v2\/pages\/180\/revisions\/726"}],"up":[{"embeddable":true,"href":"https:\/\/www.myvize.com.tr\/misir\/wp-json\/wp\/v2\/pages\/166"}],"wp:attachment":[{"href":"https:\/\/www.myvize.com.tr\/misir\/wp-json\/wp\/v2\/media?parent=180"}],"curies":[{"name":"wp","href":"https:\/\/api.w.org\/{rel}","templated":true}]}}