{"id":182,"date":"2020-12-28T15:19:08","date_gmt":"2020-12-28T12:19:08","guid":{"rendered":"https:\/\/www.myvize.com.tr\/misir\/?page_id=182"},"modified":"2022-01-14T12:40:52","modified_gmt":"2022-01-14T09:40:52","slug":"ticari-vize-dilekce-ornegi","status":"publish","type":"page","link":"https:\/\/www.myvize.com.tr\/misir\/form-dilekce\/ticari-vize-dilekce-ornegi\/","title":{"rendered":"M\u0131s\u0131r Ticari Vize Dilek\u00e7e \u00d6rne\u011fi"},"content":{"rendered":"<h2><span style=\"font-family: Roboto; font-size: 27px;\"><strong>M\u0131s\u0131r Ticari Vize Dilek\u00e7e \u00d6rne\u011fi 2022<\/strong><\/span><\/h2>\n<p><span style=\"font-family: Roboto; font-size: 14px;\"><strong>Ticari Vize dilek\u00e7e \u00f6rne\u011fi\u00a0<\/strong>i\u015f seyahatine gidecek olan ki\u015filerin ba\u011fl\u0131 olduklar\u0131 \u015firket yetkilisinin kendileri ad\u0131na <strong>vize talep dilek\u00e7esi<\/strong> yazmalar\u0131 gerekir. Dilek\u00e7enin <strong>M\u0131s\u0131r konsoloslu\u011funa<\/strong> hitaben ve antetli ka\u011f\u0131da yaz\u0131lmas\u0131 gerekir. Ayn\u0131 zaman da yetkili olan ki\u015finin ka\u015fesinin ve imzas\u0131n\u0131n da yer almas\u0131 gerekir. Ticari ama\u00e7la M\u0131s\u0131r\u2019a gidecek olan ki\u015finin seyahat tarihlerini bildirmesi gerekir. Bunun yan\u0131 s\u0131ra seyahat s\u0131ras\u0131nda izinli oldu\u011funu ve seyahat sonras\u0131nda da \u015firkette bulunan g\u00f6revine geri d\u00f6nece\u011fini de taahh\u00fct etmesi gerekir. Dilek\u00e7enin i\u00e7erisinde seyahat nedeni a\u00e7\u0131k bir \u015fekilde belirtilmelidir. <strong>M\u0131s\u0131r s\u0131n\u0131rlar\u0131<\/strong> i\u00e7erisinde ileti\u015fim kurulacak olan \u015firketin verdi\u011fi belgelerin seyahat plan\u0131n\u0131 destekleyen bir niteli\u011fe sahip olmas\u0131 olduk\u00e7a \u00f6nemli olan bir durumdur. <strong>Vize talep dilek\u00e7esinde<\/strong> ba\u015fvuruyu yapan ki\u015finin \u015firketteki g\u00f6revini a\u00e7\u0131k bir \u015fekilde belirtmesi gerekir. Ki\u015finin <strong>M\u0131s\u0131r seyahatinde<\/strong> gerekli olan masraflar\u0131n\u0131 nas\u0131l kar\u015f\u0131layaca\u011f\u0131na dair belgelerinde durumu destekler nitelikte olmas\u0131 zorunludur. Dilek\u00e7e i\u00e7erisinde yer alan bilgilerin ba\u015fvuru dosyas\u0131ndaki evraklar ile birebir ayn\u0131 olmas\u0131 gerekir. Herhangi bir tutars\u0131zl\u0131\u011f\u0131n olmas\u0131 halinde ret karar\u0131 al\u0131nabilir.\u00a0<\/span><\/p>\n<p><span style=\"font-family: Roboto; font-size: 14px;\"><span style=\"color: #2acec2;\"><strong><a style=\"color: #2acec2;\" href=\"https:\/\/www.myvize.com.tr\/misir\/vize-islemleri\/misir-calisma-izni\/\" target=\"_blank\" rel=\"noopener\">M\u0131s\u0131r \u00c7al\u0131\u015fma \u0130zni<\/a><\/strong><\/span> ile ilgili bilgi almak i\u00e7in bizi aray\u0131n.<\/span><\/p>\n<h2><span style=\"font-family: Roboto; font-size: 27px;\"><strong>M\u0131s\u0131r Ticari Vize Dilek\u00e7e \u00d6rne\u011fi Hakk\u0131nda<\/strong><\/span><\/h2>\n<p><span style=\"font-family: Roboto; font-size: 14px;\"><strong>M\u0131s\u0131r s\u0131n\u0131rlar\u0131<\/strong> i\u00e7ine yap\u0131lacak olan ticaret seyahatin (i\u015f toplant\u0131, alan ara\u015ft\u0131rma, konferans, fuar vb.) vize ba\u015fvurusu i\u015flemi s\u0131ras\u0131nda vize talep dilek\u00e7esi ibraz edilmeleri gerekmektedir. Dilek\u00e7e <strong>M\u0131s\u0131r Konsoloslu\u011funa<\/strong> hitaben konsolosluk taraf\u0131nda talep edilen kritere uygunluk g\u00f6sterecek \u015fekilde haz\u0131rlanmalar\u0131 \u015fart\u0131 aranmaktad\u0131r.<span style=\"color: #2acec2;\"><strong><a style=\"color: #2acec2;\" href=\"https:\/\/www.myvize.com.tr\/misir\/vize-islemleri\/misir-ticari-vize\/\" target=\"_blank\" rel=\"noopener\"> M\u0131s\u0131r Ticari vizesi<\/a><\/strong><\/span> ba\u015fvuru i\u015flemini kurumumuz dan\u0131\u015fmanl\u0131\u011f\u0131na ger\u00e7ekle\u015ftirebilir. Vize temsilcimiz form ve dilek\u00e7e belgesinin talep edildi\u011fi \u015fekilde haz\u0131rlanma konusunda gerekli yard\u0131m\u0131 sa\u011flamaktad\u0131r.<\/span><\/p>\n<p><span style=\"font-family: Roboto; font-size: 14px;\"><strong>M\u0131s\u0131r ticari vizesi<\/strong> talep dilek\u00e7esinin i\u015f seyahati gidecek olan ba\u015fvuru sahiblerinin ba\u011fl\u0131 oldu\u011fu \u015firketin yetkili taraf\u0131ndan yaz\u0131lmas\u0131 gerekmekte. \u0130lgili dilek\u00e7enin <strong>M\u0131s\u0131r Konsoloslu\u011funa<\/strong> hitaben \u015firket antetli ka\u011f\u0131da yaz\u0131lmas\u0131 ve yine yetkili taraf\u0131nda ka\u015feli ve imzal\u0131 olarak ibraz edilmeleri \u015fart\u0131 aranmakta. Dilek\u00e7e i\u00e7inde M\u0131s\u0131r\u2019a ticari nedenle seyahat edecek ba\u015fvuru sahiblerinin s\u00f6z konusu seyahat tarihinin belirtilmesi gerekmekte. Ayr\u0131ca bu tarih dahilinde izinli oldu\u011fu ve seyahat sona erdi\u011finde \u015firketdeki g\u00f6revine geri d\u00f6necek oldu\u011fu taahh\u00fct edilmesi gerekmekte.<\/span><\/p>\n<p><span style=\"font-family: Roboto; font-size: 14px;\">Dilek\u00e7e i\u00e7inde seyahat nedenini a\u00e7\u0131k\u00e7a belirtilmesi gerekmekte. M\u0131s\u0131r s\u0131n\u0131r\u0131 i\u00e7erisinde temas kurulacak \u015firketlere ait belgele ilgili s\u00f6z konusun seyahat plan\u0131n\u0131 desteklenmesi olduk\u00e7a \u00f6nem arz etmekte.<\/span><\/p>\n","protected":false},"excerpt":{"rendered":"<p>M\u0131s\u0131r Ticari Vize Dilek\u00e7e \u00d6rne\u011fi 2022 Ticari Vize dilek\u00e7e \u00f6rne\u011fi\u00a0i\u015f seyahatine gidecek olan ki\u015filerin ba\u011fl\u0131 olduklar\u0131 \u015firket yetkilisinin kendileri ad\u0131na vize talep dilek\u00e7esi yazmalar\u0131 gerekir. Dilek\u00e7enin M\u0131s\u0131r konsoloslu\u011funa hitaben ve antetli ka\u011f\u0131da yaz\u0131lmas\u0131 gerekir. Ayn\u0131 zaman da yetkili olan ki\u015finin ka\u015fesinin ve imzas\u0131n\u0131n da yer almas\u0131 gerekir. Ticari ama\u00e7la M\u0131s\u0131r\u2019a gidecek olan ki\u015finin seyahat tarihlerini<\/p>\n","protected":false},"author":1,"featured_media":0,"parent":169,"menu_order":0,"comment_status":"open","ping_status":"closed","template":"","meta":{"footnotes":""},"class_list":["post-182","page","type-page","status-publish","hentry"],"yoast_head":"<!-- This site is optimized with the Yoast SEO plugin v24.0 - https:\/\/yoast.com\/wordpress\/plugins\/seo\/ -->\n<title>M\u0131s\u0131r Ticari Vize Dilek\u00e7e \u00d6rnekleri - MyVize<\/title>\n<meta name=\"description\" content=\"M\u0131s\u0131r ticari vize dilek\u00e7e \u00f6rneklerini g\u00fcncel g\u00f6rselleri. M\u0131s\u0131r Ticari Vize Dilek\u00e7e \u00d6rnekleri Nas\u0131l Yaz\u0131l\u0131r? Bilgi \u0130\u00e7in Ara: 0850 346 84 93\" \/>\n<meta name=\"robots\" content=\"index, follow, max-snippet:-1, max-image-preview:large, max-video-preview:-1\" \/>\n<link rel=\"canonical\" href=\"https:\/\/www.myvize.com.tr\/misir\/form-dilekce\/ticari-vize-dilekce-ornegi\/\" \/>\n<meta property=\"og:locale\" content=\"tr_TR\" \/>\n<meta property=\"og:type\" content=\"article\" \/>\n<meta property=\"og:title\" content=\"M\u0131s\u0131r Ticari Vize Dilek\u00e7e \u00d6rnekleri - MyVize\" \/>\n<meta property=\"og:description\" content=\"M\u0131s\u0131r ticari vize dilek\u00e7e \u00f6rneklerini g\u00fcncel g\u00f6rselleri. M\u0131s\u0131r Ticari Vize Dilek\u00e7e \u00d6rnekleri Nas\u0131l Yaz\u0131l\u0131r? Bilgi \u0130\u00e7in Ara: 0850 346 84 93\" \/>\n<meta property=\"og:url\" content=\"https:\/\/www.myvize.com.tr\/misir\/form-dilekce\/ticari-vize-dilekce-ornegi\/\" \/>\n<meta property=\"og:site_name\" content=\"M\u0131s\u0131r Vizesi\" \/>\n<meta property=\"article:modified_time\" content=\"2022-01-14T09:40:52+00:00\" \/>\n<meta name=\"twitter:card\" content=\"summary_large_image\" \/>\n<meta name=\"twitter:label1\" content=\"Tahmini okuma s\u00fcresi\" \/>\n\t<meta name=\"twitter:data1\" content=\"2 dakika\" \/>\n<script type=\"application\/ld+json\" class=\"yoast-schema-graph\">{\"@context\":\"https:\/\/schema.org\",\"@graph\":[{\"@type\":\"WebPage\",\"@id\":\"https:\/\/www.myvize.com.tr\/misir\/form-dilekce\/ticari-vize-dilekce-ornegi\/\",\"url\":\"https:\/\/www.myvize.com.tr\/misir\/form-dilekce\/ticari-vize-dilekce-ornegi\/\",\"name\":\"M\u0131s\u0131r Ticari Vize Dilek\u00e7e \u00d6rnekleri - MyVize\",\"isPartOf\":{\"@id\":\"https:\/\/www.myvize.com.tr\/misir\/#website\"},\"datePublished\":\"2020-12-28T12:19:08+00:00\",\"dateModified\":\"2022-01-14T09:40:52+00:00\",\"description\":\"M\u0131s\u0131r ticari vize dilek\u00e7e \u00f6rneklerini g\u00fcncel g\u00f6rselleri. M\u0131s\u0131r Ticari Vize Dilek\u00e7e \u00d6rnekleri Nas\u0131l Yaz\u0131l\u0131r? Bilgi \u0130\u00e7in Ara: 0850 346 84 93\",\"breadcrumb\":{\"@id\":\"https:\/\/www.myvize.com.tr\/misir\/form-dilekce\/ticari-vize-dilekce-ornegi\/#breadcrumb\"},\"inLanguage\":\"tr\",\"potentialAction\":[{\"@type\":\"ReadAction\",\"target\":[\"https:\/\/www.myvize.com.tr\/misir\/form-dilekce\/ticari-vize-dilekce-ornegi\/\"]}]},{\"@type\":\"BreadcrumbList\",\"@id\":\"https:\/\/www.myvize.com.tr\/misir\/form-dilekce\/ticari-vize-dilekce-ornegi\/#breadcrumb\",\"itemListElement\":[{\"@type\":\"ListItem\",\"position\":1,\"name\":\"Anasayfa\",\"item\":\"https:\/\/www.myvize.com.tr\/misir\/\"},{\"@type\":\"ListItem\",\"position\":2,\"name\":\"FORM &#038; D\u0130LEK\u00c7E\",\"item\":\"https:\/\/www.myvize.com.tr\/misir\/form-dilekce\/\"},{\"@type\":\"ListItem\",\"position\":3,\"name\":\"M\u0131s\u0131r Ticari Vize Dilek\u00e7e \u00d6rne\u011fi\"}]},{\"@type\":\"WebSite\",\"@id\":\"https:\/\/www.myvize.com.tr\/misir\/#website\",\"url\":\"https:\/\/www.myvize.com.tr\/misir\/\",\"name\":\"M\u0131s\u0131r Vizesi\",\"description\":\"\",\"potentialAction\":[{\"@type\":\"SearchAction\",\"target\":{\"@type\":\"EntryPoint\",\"urlTemplate\":\"https:\/\/www.myvize.com.tr\/misir\/?s={search_term_string}\"},\"query-input\":{\"@type\":\"PropertyValueSpecification\",\"valueRequired\":true,\"valueName\":\"search_term_string\"}}],\"inLanguage\":\"tr\"}]}<\/script>\n<!-- \/ Yoast SEO plugin. -->","yoast_head_json":{"title":"M\u0131s\u0131r Ticari Vize Dilek\u00e7e \u00d6rnekleri - MyVize","description":"M\u0131s\u0131r ticari vize dilek\u00e7e \u00f6rneklerini g\u00fcncel g\u00f6rselleri. M\u0131s\u0131r Ticari Vize Dilek\u00e7e \u00d6rnekleri Nas\u0131l Yaz\u0131l\u0131r? Bilgi \u0130\u00e7in Ara: 0850 346 84 93","robots":{"index":"index","follow":"follow","max-snippet":"max-snippet:-1","max-image-preview":"max-image-preview:large","max-video-preview":"max-video-preview:-1"},"canonical":"https:\/\/www.myvize.com.tr\/misir\/form-dilekce\/ticari-vize-dilekce-ornegi\/","og_locale":"tr_TR","og_type":"article","og_title":"M\u0131s\u0131r Ticari Vize Dilek\u00e7e \u00d6rnekleri - MyVize","og_description":"M\u0131s\u0131r ticari vize dilek\u00e7e \u00f6rneklerini g\u00fcncel g\u00f6rselleri. M\u0131s\u0131r Ticari Vize Dilek\u00e7e \u00d6rnekleri Nas\u0131l Yaz\u0131l\u0131r? Bilgi \u0130\u00e7in Ara: 0850 346 84 93","og_url":"https:\/\/www.myvize.com.tr\/misir\/form-dilekce\/ticari-vize-dilekce-ornegi\/","og_site_name":"M\u0131s\u0131r Vizesi","article_modified_time":"2022-01-14T09:40:52+00:00","twitter_card":"summary_large_image","twitter_misc":{"Tahmini okuma s\u00fcresi":"2 dakika"},"schema":{"@context":"https:\/\/schema.org","@graph":[{"@type":"WebPage","@id":"https:\/\/www.myvize.com.tr\/misir\/form-dilekce\/ticari-vize-dilekce-ornegi\/","url":"https:\/\/www.myvize.com.tr\/misir\/form-dilekce\/ticari-vize-dilekce-ornegi\/","name":"M\u0131s\u0131r Ticari Vize Dilek\u00e7e \u00d6rnekleri - MyVize","isPartOf":{"@id":"https:\/\/www.myvize.com.tr\/misir\/#website"},"datePublished":"2020-12-28T12:19:08+00:00","dateModified":"2022-01-14T09:40:52+00:00","description":"M\u0131s\u0131r ticari vize dilek\u00e7e \u00f6rneklerini g\u00fcncel g\u00f6rselleri. M\u0131s\u0131r Ticari Vize Dilek\u00e7e \u00d6rnekleri Nas\u0131l Yaz\u0131l\u0131r? Bilgi \u0130\u00e7in Ara: 0850 346 84 93","breadcrumb":{"@id":"https:\/\/www.myvize.com.tr\/misir\/form-dilekce\/ticari-vize-dilekce-ornegi\/#breadcrumb"},"inLanguage":"tr","potentialAction":[{"@type":"ReadAction","target":["https:\/\/www.myvize.com.tr\/misir\/form-dilekce\/ticari-vize-dilekce-ornegi\/"]}]},{"@type":"BreadcrumbList","@id":"https:\/\/www.myvize.com.tr\/misir\/form-dilekce\/ticari-vize-dilekce-ornegi\/#breadcrumb","itemListElement":[{"@type":"ListItem","position":1,"name":"Anasayfa","item":"https:\/\/www.myvize.com.tr\/misir\/"},{"@type":"ListItem","position":2,"name":"FORM &#038; D\u0130LEK\u00c7E","item":"https:\/\/www.myvize.com.tr\/misir\/form-dilekce\/"},{"@type":"ListItem","position":3,"name":"M\u0131s\u0131r Ticari Vize Dilek\u00e7e \u00d6rne\u011fi"}]},{"@type":"WebSite","@id":"https:\/\/www.myvize.com.tr\/misir\/#website","url":"https:\/\/www.myvize.com.tr\/misir\/","name":"M\u0131s\u0131r Vizesi","description":"","potentialAction":[{"@type":"SearchAction","target":{"@type":"EntryPoint","urlTemplate":"https:\/\/www.myvize.com.tr\/misir\/?s={search_term_string}"},"query-input":{"@type":"PropertyValueSpecification","valueRequired":true,"valueName":"search_term_string"}}],"inLanguage":"tr"}]}},"_links":{"self":[{"href":"https:\/\/www.myvize.com.tr\/misir\/wp-json\/wp\/v2\/pages\/182","targetHints":{"allow":["GET"]}}],"collection":[{"href":"https:\/\/www.myvize.com.tr\/misir\/wp-json\/wp\/v2\/pages"}],"about":[{"href":"https:\/\/www.myvize.com.tr\/misir\/wp-json\/wp\/v2\/types\/page"}],"author":[{"embeddable":true,"href":"https:\/\/www.myvize.com.tr\/misir\/wp-json\/wp\/v2\/users\/1"}],"replies":[{"embeddable":true,"href":"https:\/\/www.myvize.com.tr\/misir\/wp-json\/wp\/v2\/comments?post=182"}],"version-history":[{"count":5,"href":"https:\/\/www.myvize.com.tr\/misir\/wp-json\/wp\/v2\/pages\/182\/revisions"}],"predecessor-version":[{"id":546,"href":"https:\/\/www.myvize.com.tr\/misir\/wp-json\/wp\/v2\/pages\/182\/revisions\/546"}],"up":[{"embeddable":true,"href":"https:\/\/www.myvize.com.tr\/misir\/wp-json\/wp\/v2\/pages\/169"}],"wp:attachment":[{"href":"https:\/\/www.myvize.com.tr\/misir\/wp-json\/wp\/v2\/media?parent=182"}],"curies":[{"name":"wp","href":"https:\/\/api.w.org\/{rel}","templated":true}]}}