{"id":184,"date":"2020-12-28T15:19:30","date_gmt":"2020-12-28T12:19:30","guid":{"rendered":"https:\/\/www.myvize.com.tr\/misir\/?page_id=184"},"modified":"2022-04-22T16:48:36","modified_gmt":"2022-04-22T13:48:36","slug":"turistik-vize-dilekce-ornegi","status":"publish","type":"page","link":"https:\/\/www.myvize.com.tr\/misir\/form-dilekce\/turistik-vize-dilekce-ornegi\/","title":{"rendered":"M\u0131s\u0131r Turistik Vize Dilek\u00e7e \u00d6rne\u011fi"},"content":{"rendered":"<h2><span style=\"font-family: Roboto; font-size: 27px;\"><strong>M\u0131s\u0131r Turistik Vize Dilek\u00e7e \u00d6rne\u011fi Hakk\u0131nda<\/strong><\/span><\/h2>\n<p><span style=\"font-family: Roboto; font-size: 14px;\"><strong>Turistik Vize dilek\u00e7e \u00f6rne\u011fi\u00a0<\/strong>yaz\u0131l\u0131rken ki\u015filerin dikkatli olmas\u0131 gereken baz\u0131 durumlar vard\u0131r. \u00d6ncelikle dilek\u00e7enin tarihi yaz\u0131lmal\u0131d\u0131r. Dilek\u00e7e i\u00e7erisinde M\u0131s\u0131r da hangi temsilcili\u011fe ya da hangi departmana hitap edildi\u011fi de belirtilmelidir. Ki\u015finin isim, soy isim ve pasaport numaralar\u0131 yer almal\u0131d\u0131r. Dilek\u00e7e i\u00e7erisinde seyahat tarihi net bir \u015fekilde belirtilmelidir. Dilek\u00e7ede yer alan seyahat tarihleri ile <strong>M\u0131s\u0131r vize<\/strong> <strong>ba\u015fvuru<\/strong> formundaki otel rezervasyonu, u\u00e7ak bileti ve seyahat sa\u011fl\u0131k sigortas\u0131 k\u0131s\u0131mlar\u0131 ile uyumlu olmal\u0131d\u0131r. Yap\u0131lm\u0131\u015f olan seyahat planlar\u0131 ile ilgili ayr\u0131nt\u0131l\u0131 bir bilgi verilmelidir. Bu ayr\u0131nt\u0131lar ula\u015f\u0131m\u0131n nas\u0131l sa\u011flanaca\u011f\u0131, nerede ve ka\u00e7 g\u00fcn konaklanaca\u011f\u0131, ziyaretin amac\u0131n\u0131n ne oldu\u011fu \u015feklindeki durumlard\u0131r. Seyahat s\u0131ras\u0131nda yapacak olduklar\u0131n\u0131zdan genel anlamda bahsetmenizde sizin i\u00e7in olduk\u00e7a olumlu olur. Ayn\u0131 zaman da daha \u00f6nce yap\u0131lan seyahatlerden ve <span style=\"color: #2acec2;\"><strong><a style=\"color: #2acec2;\" href=\"https:\/\/www.myvize.com.tr\/misir\/vize-islemleri\/misir-vize-reddi\/\" target=\"_blank\" rel=\"noopener\">M\u0131s\u0131r vize reddi<\/a><\/strong><\/span> var ise ondan bahsedilmesi de olumlu bir durum olur. Vize talebi ile ilgili s\u00fcre ve giri\u015f \u00e7\u0131k\u0131\u015f tarihleri de belirtilmelidir. Ayn\u0131 zaman da vize dilek\u00e7esi i\u00e7erisinde meslek bilgileriniz de yer almal\u0131d\u0131r.\u00a0<\/span><\/p>\n<h2><span style=\"font-family: Roboto; font-size: 27px;\"><strong>M\u0131s\u0131r Turistik Vize Dilek\u00e7e \u00d6rne\u011fi Hakk\u0131nda<\/strong><\/span><\/h2>\n<p><span style=\"font-family: Roboto; font-size: 14px;\"><strong>M\u0131s\u0131r s\u0131n\u0131rlar\u0131<\/strong> i\u00e7ine turistik gezi sebebiyle seyahat edecek ki\u015finin ba\u015fvuru a\u015famas\u0131<strong> M\u0131s\u0131r Konsoloslu\u011fa<\/strong> hitaben vize dilek\u00e7esi haz\u0131rlamas\u0131 gerekmekte. Dilek\u00e7enin konsolosluk taraf\u0131nda talep edilen kritere uygunluk g\u00f6sterecek bi\u00e7imde haz\u0131rlanmas\u0131 \u015fart\u0131 bulunmakta. Ba\u015fvuru i\u015flemini ilgili vize dan\u0131\u015fmanl\u0131klar\u0131 ile tamamlaman\u0131z durumunda vize temsilcileri <strong>form ve dilek\u00e7e<\/strong> belgesinin haz\u0131rlanmas\u0131 a\u015famas\u0131nda gerekli destekleri sa\u011flamaktad\u0131r.<\/span><br \/>\n<span style=\"font-family: Roboto; font-size: 14px;\"><strong>M\u0131s\u0131r s\u0131n\u0131rlar\u0131<\/strong> i\u00e7ine yap\u0131lacak olan seyahat nedeni dilek\u00e7e i\u00e7inde a\u00e7\u0131k ve net olarak ifade edilmesi gereklidir. \u00d6rne\u011fin yap\u0131lacak olan seyahat turistik gezi amac\u0131 ile planlanma durumunda M\u0131s\u0131r\u2019da kat\u0131l\u0131nacak turun belirtilmesi ve ilgili evrakla desteklenmesi gereklidir.<\/span><br \/>\n<span style=\"font-family: Roboto; font-size: 14px;\">Dilek\u00e7e i\u00e7inde seyahat tarihinin net olarak belirtmesi gerekmekte.<\/span><br \/>\n<span style=\"font-family: Roboto; font-size: 14px;\">Dilek\u00e7e de <strong>M\u0131s\u0131r s\u0131n\u0131r\u0131<\/strong> i\u00e7ine giri\u015f ve \u00e7\u0131k\u0131\u015f yapacak tarihin, \u00fclkede bulunacak s\u00fcrenin yaz\u0131lmas\u0131 gereklilikleri bulunmakta. M\u0131s\u0131r\u2019dan ba\u015fka \u00fclkeye seyahat yapacak olmas\u0131 durumunda ilgili seyahat dair tarihin de dilek\u00e7ede bulunmas\u0131 \u015fart\u0131 aranmakta.<\/span><br \/>\n<span style=\"font-family: Roboto; font-size: 14px;\">M\u0131s\u0131r\u2019a yap\u0131lacak olan seyahatlerin masraflar\u0131n\u0131n nas\u0131l kar\u015f\u0131land\u0131\u011f\u0131 dilek\u00e7e i\u00e7inde bulunmas\u0131 gerekmekte. Seyahat boyunca gerekli olan konaklama, transfer, sa\u011fl\u0131k gibi masraf\u0131n nas\u0131l kar\u015f\u0131lanaca\u011f\u0131 ilgili evrakla desteklenerek a\u00e7\u0131klanmas\u0131 gerekmekte.<\/span><\/p>\n<p><span style=\"font-family: Roboto; font-size: 14px;\"><span style=\"color: #2acec2;\"><strong><a style=\"color: #2acec2;\" href=\"https:\/\/www.myvize.com.tr\/misir\/form-dilekce\/misir-vize-basvuru-formu\/\" target=\"_blank\" rel=\"noopener\">M\u0131s\u0131r Vize Ba\u015fvuru Formu<\/a><\/strong><\/span> ile ilgili bilgi almak i\u00e7in bizi aray\u0131n.<\/span><\/p>\n","protected":false},"excerpt":{"rendered":"<p>M\u0131s\u0131r Turistik Vize Dilek\u00e7e \u00d6rne\u011fi Hakk\u0131nda Turistik Vize dilek\u00e7e \u00f6rne\u011fi\u00a0yaz\u0131l\u0131rken ki\u015filerin dikkatli olmas\u0131 gereken baz\u0131 durumlar vard\u0131r. \u00d6ncelikle dilek\u00e7enin tarihi yaz\u0131lmal\u0131d\u0131r. Dilek\u00e7e i\u00e7erisinde M\u0131s\u0131r da hangi temsilcili\u011fe ya da hangi departmana hitap edildi\u011fi de belirtilmelidir. Ki\u015finin isim, soy isim ve pasaport numaralar\u0131 yer almal\u0131d\u0131r. Dilek\u00e7e i\u00e7erisinde seyahat tarihi net bir \u015fekilde belirtilmelidir. Dilek\u00e7ede yer alan<\/p>\n","protected":false},"author":1,"featured_media":0,"parent":169,"menu_order":0,"comment_status":"open","ping_status":"closed","template":"","meta":{"footnotes":""},"class_list":["post-184","page","type-page","status-publish","hentry"],"yoast_head":"<!-- This site is optimized with the Yoast SEO plugin v24.0 - https:\/\/yoast.com\/wordpress\/plugins\/seo\/ -->\n<title>M\u0131s\u0131r Turistik Vize Dilek\u00e7e \u00d6rne\u011fi - Turistik Vize - MyVize<\/title>\n<meta name=\"description\" content=\"M\u0131s\u0131r turistik vize dilek\u00e7e \u00f6rne\u011fi g\u00fcncel g\u00f6rselleri. \u00d6rneklerini ofislerimizden isteyin. M\u0131s\u0131r turistik vize dilek\u00e7e \u00f6rne\u011fi nas\u0131l yaz\u0131l\u0131r?\" \/>\n<meta name=\"robots\" content=\"index, follow, max-snippet:-1, max-image-preview:large, max-video-preview:-1\" \/>\n<link rel=\"canonical\" href=\"https:\/\/www.myvize.com.tr\/misir\/form-dilekce\/turistik-vize-dilekce-ornegi\/\" \/>\n<meta property=\"og:locale\" content=\"tr_TR\" \/>\n<meta property=\"og:type\" content=\"article\" \/>\n<meta property=\"og:title\" content=\"M\u0131s\u0131r Turistik Vize Dilek\u00e7e \u00d6rne\u011fi - Turistik Vize - MyVize\" \/>\n<meta property=\"og:description\" content=\"M\u0131s\u0131r turistik vize dilek\u00e7e \u00f6rne\u011fi g\u00fcncel g\u00f6rselleri. \u00d6rneklerini ofislerimizden isteyin. M\u0131s\u0131r turistik vize dilek\u00e7e \u00f6rne\u011fi nas\u0131l yaz\u0131l\u0131r?\" \/>\n<meta property=\"og:url\" content=\"https:\/\/www.myvize.com.tr\/misir\/form-dilekce\/turistik-vize-dilekce-ornegi\/\" \/>\n<meta property=\"og:site_name\" content=\"M\u0131s\u0131r Vizesi\" \/>\n<meta property=\"article:modified_time\" content=\"2022-04-22T13:48:36+00:00\" \/>\n<meta name=\"twitter:card\" content=\"summary_large_image\" \/>\n<meta name=\"twitter:label1\" content=\"Tahmini okuma s\u00fcresi\" \/>\n\t<meta name=\"twitter:data1\" content=\"2 dakika\" \/>\n<script type=\"application\/ld+json\" class=\"yoast-schema-graph\">{\"@context\":\"https:\/\/schema.org\",\"@graph\":[{\"@type\":\"WebPage\",\"@id\":\"https:\/\/www.myvize.com.tr\/misir\/form-dilekce\/turistik-vize-dilekce-ornegi\/\",\"url\":\"https:\/\/www.myvize.com.tr\/misir\/form-dilekce\/turistik-vize-dilekce-ornegi\/\",\"name\":\"M\u0131s\u0131r Turistik Vize Dilek\u00e7e \u00d6rne\u011fi - Turistik Vize - MyVize\",\"isPartOf\":{\"@id\":\"https:\/\/www.myvize.com.tr\/misir\/#website\"},\"datePublished\":\"2020-12-28T12:19:30+00:00\",\"dateModified\":\"2022-04-22T13:48:36+00:00\",\"description\":\"M\u0131s\u0131r turistik vize dilek\u00e7e \u00f6rne\u011fi g\u00fcncel g\u00f6rselleri. \u00d6rneklerini ofislerimizden isteyin. M\u0131s\u0131r turistik vize dilek\u00e7e \u00f6rne\u011fi nas\u0131l yaz\u0131l\u0131r?\",\"breadcrumb\":{\"@id\":\"https:\/\/www.myvize.com.tr\/misir\/form-dilekce\/turistik-vize-dilekce-ornegi\/#breadcrumb\"},\"inLanguage\":\"tr\",\"potentialAction\":[{\"@type\":\"ReadAction\",\"target\":[\"https:\/\/www.myvize.com.tr\/misir\/form-dilekce\/turistik-vize-dilekce-ornegi\/\"]}]},{\"@type\":\"BreadcrumbList\",\"@id\":\"https:\/\/www.myvize.com.tr\/misir\/form-dilekce\/turistik-vize-dilekce-ornegi\/#breadcrumb\",\"itemListElement\":[{\"@type\":\"ListItem\",\"position\":1,\"name\":\"Anasayfa\",\"item\":\"https:\/\/www.myvize.com.tr\/misir\/\"},{\"@type\":\"ListItem\",\"position\":2,\"name\":\"FORM &#038; D\u0130LEK\u00c7E\",\"item\":\"https:\/\/www.myvize.com.tr\/misir\/form-dilekce\/\"},{\"@type\":\"ListItem\",\"position\":3,\"name\":\"M\u0131s\u0131r Turistik Vize Dilek\u00e7e \u00d6rne\u011fi\"}]},{\"@type\":\"WebSite\",\"@id\":\"https:\/\/www.myvize.com.tr\/misir\/#website\",\"url\":\"https:\/\/www.myvize.com.tr\/misir\/\",\"name\":\"M\u0131s\u0131r Vizesi\",\"description\":\"\",\"potentialAction\":[{\"@type\":\"SearchAction\",\"target\":{\"@type\":\"EntryPoint\",\"urlTemplate\":\"https:\/\/www.myvize.com.tr\/misir\/?s={search_term_string}\"},\"query-input\":{\"@type\":\"PropertyValueSpecification\",\"valueRequired\":true,\"valueName\":\"search_term_string\"}}],\"inLanguage\":\"tr\"}]}<\/script>\n<!-- \/ Yoast SEO plugin. -->","yoast_head_json":{"title":"M\u0131s\u0131r Turistik Vize Dilek\u00e7e \u00d6rne\u011fi - Turistik Vize - MyVize","description":"M\u0131s\u0131r turistik vize dilek\u00e7e \u00f6rne\u011fi g\u00fcncel g\u00f6rselleri. \u00d6rneklerini ofislerimizden isteyin. M\u0131s\u0131r turistik vize dilek\u00e7e \u00f6rne\u011fi nas\u0131l yaz\u0131l\u0131r?","robots":{"index":"index","follow":"follow","max-snippet":"max-snippet:-1","max-image-preview":"max-image-preview:large","max-video-preview":"max-video-preview:-1"},"canonical":"https:\/\/www.myvize.com.tr\/misir\/form-dilekce\/turistik-vize-dilekce-ornegi\/","og_locale":"tr_TR","og_type":"article","og_title":"M\u0131s\u0131r Turistik Vize Dilek\u00e7e \u00d6rne\u011fi - Turistik Vize - MyVize","og_description":"M\u0131s\u0131r turistik vize dilek\u00e7e \u00f6rne\u011fi g\u00fcncel g\u00f6rselleri. \u00d6rneklerini ofislerimizden isteyin. M\u0131s\u0131r turistik vize dilek\u00e7e \u00f6rne\u011fi nas\u0131l yaz\u0131l\u0131r?","og_url":"https:\/\/www.myvize.com.tr\/misir\/form-dilekce\/turistik-vize-dilekce-ornegi\/","og_site_name":"M\u0131s\u0131r Vizesi","article_modified_time":"2022-04-22T13:48:36+00:00","twitter_card":"summary_large_image","twitter_misc":{"Tahmini okuma s\u00fcresi":"2 dakika"},"schema":{"@context":"https:\/\/schema.org","@graph":[{"@type":"WebPage","@id":"https:\/\/www.myvize.com.tr\/misir\/form-dilekce\/turistik-vize-dilekce-ornegi\/","url":"https:\/\/www.myvize.com.tr\/misir\/form-dilekce\/turistik-vize-dilekce-ornegi\/","name":"M\u0131s\u0131r Turistik Vize Dilek\u00e7e \u00d6rne\u011fi - Turistik Vize - MyVize","isPartOf":{"@id":"https:\/\/www.myvize.com.tr\/misir\/#website"},"datePublished":"2020-12-28T12:19:30+00:00","dateModified":"2022-04-22T13:48:36+00:00","description":"M\u0131s\u0131r turistik vize dilek\u00e7e \u00f6rne\u011fi g\u00fcncel g\u00f6rselleri. \u00d6rneklerini ofislerimizden isteyin. M\u0131s\u0131r turistik vize dilek\u00e7e \u00f6rne\u011fi nas\u0131l yaz\u0131l\u0131r?","breadcrumb":{"@id":"https:\/\/www.myvize.com.tr\/misir\/form-dilekce\/turistik-vize-dilekce-ornegi\/#breadcrumb"},"inLanguage":"tr","potentialAction":[{"@type":"ReadAction","target":["https:\/\/www.myvize.com.tr\/misir\/form-dilekce\/turistik-vize-dilekce-ornegi\/"]}]},{"@type":"BreadcrumbList","@id":"https:\/\/www.myvize.com.tr\/misir\/form-dilekce\/turistik-vize-dilekce-ornegi\/#breadcrumb","itemListElement":[{"@type":"ListItem","position":1,"name":"Anasayfa","item":"https:\/\/www.myvize.com.tr\/misir\/"},{"@type":"ListItem","position":2,"name":"FORM &#038; D\u0130LEK\u00c7E","item":"https:\/\/www.myvize.com.tr\/misir\/form-dilekce\/"},{"@type":"ListItem","position":3,"name":"M\u0131s\u0131r Turistik Vize Dilek\u00e7e \u00d6rne\u011fi"}]},{"@type":"WebSite","@id":"https:\/\/www.myvize.com.tr\/misir\/#website","url":"https:\/\/www.myvize.com.tr\/misir\/","name":"M\u0131s\u0131r Vizesi","description":"","potentialAction":[{"@type":"SearchAction","target":{"@type":"EntryPoint","urlTemplate":"https:\/\/www.myvize.com.tr\/misir\/?s={search_term_string}"},"query-input":{"@type":"PropertyValueSpecification","valueRequired":true,"valueName":"search_term_string"}}],"inLanguage":"tr"}]}},"_links":{"self":[{"href":"https:\/\/www.myvize.com.tr\/misir\/wp-json\/wp\/v2\/pages\/184","targetHints":{"allow":["GET"]}}],"collection":[{"href":"https:\/\/www.myvize.com.tr\/misir\/wp-json\/wp\/v2\/pages"}],"about":[{"href":"https:\/\/www.myvize.com.tr\/misir\/wp-json\/wp\/v2\/types\/page"}],"author":[{"embeddable":true,"href":"https:\/\/www.myvize.com.tr\/misir\/wp-json\/wp\/v2\/users\/1"}],"replies":[{"embeddable":true,"href":"https:\/\/www.myvize.com.tr\/misir\/wp-json\/wp\/v2\/comments?post=184"}],"version-history":[{"count":5,"href":"https:\/\/www.myvize.com.tr\/misir\/wp-json\/wp\/v2\/pages\/184\/revisions"}],"predecessor-version":[{"id":728,"href":"https:\/\/www.myvize.com.tr\/misir\/wp-json\/wp\/v2\/pages\/184\/revisions\/728"}],"up":[{"embeddable":true,"href":"https:\/\/www.myvize.com.tr\/misir\/wp-json\/wp\/v2\/pages\/169"}],"wp:attachment":[{"href":"https:\/\/www.myvize.com.tr\/misir\/wp-json\/wp\/v2\/media?parent=184"}],"curies":[{"name":"wp","href":"https:\/\/api.w.org\/{rel}","templated":true}]}}