{"id":188,"date":"2020-12-28T15:21:29","date_gmt":"2020-12-28T12:21:29","guid":{"rendered":"https:\/\/www.myvize.com.tr\/misir\/?page_id=188"},"modified":"2022-04-25T17:56:19","modified_gmt":"2022-04-25T14:56:19","slug":"trabzon","status":"publish","type":"page","link":"https:\/\/www.myvize.com.tr\/misir\/subelerimiz\/trabzon\/","title":{"rendered":"M\u0131s\u0131r Vizesi , Trabzon"},"content":{"rendered":"<h2><span style=\"font-family: Roboto; font-size: 27px;\"><strong>M\u0131s\u0131r Vize Ba\u015fvuru Merkezi , Trabzon<\/strong><\/span><\/h2>\n<p><span style=\"font-family: Roboto; font-size: 14px;\"><strong>Trabzon vize ba\u015fvuru\u00a0<\/strong>i\u015flemleri i\u00e7in gerekli olan belgeler vard\u0131r. \u00d6ncelikle ki\u015filerin seyahat sonunda daha 6 ayl\u0131k ge\u00e7erlili\u011fi olan ve en az 2 sayfas\u0131 bo\u015f olan bir pasaportunun bulunmas\u0131 gerekir. Do\u011fru ve eksiksiz olarak doldurulmu\u015f olan<span style=\"color: #2acec2;\"><strong><a style=\"color: #2acec2;\" href=\"https:\/\/www.myvize.com.tr\/misir\/form-dilekce\/misir-vize-basvuru-formu\/\" target=\"_blank\" rel=\"noopener\"> M\u0131s\u0131r vize ba\u015fvuru formu<\/a><\/strong><\/span> gerekir. Yeni \u00e7ekilmi\u015f 2 adet biyometrik foto\u011fraf, <strong>vize talep dilek\u00e7esi<\/strong>, n\u00fcfus c\u00fczdan\u0131n\u0131n fotokopisi, pasaportta kimlik belgelerinin yer ald\u0131\u011f\u0131 k\u0131sm\u0131n fotokopisi, otel rezervasyonu ve u\u00e7ak bileti, seyahat ile ilgili bilgiler, ki\u015finin gelir belgeleri, banka hesaplar\u0131n\u0131n d\u00f6k\u00fcmleri ve seyahat i\u00e7in yeterli bakiyeye sahip oldu\u011funu g\u00f6steren belgeler gerekir. E\u011fer \u00f6\u011frenci vizesi al\u0131nacak ise o zaman mezuniyet belgesi, referans mektubu ve e\u011fitim al\u0131nacak olan kurumdan davetiye gerekir. <span style=\"color: #2acec2;\"><strong><a style=\"color: #2acec2;\" href=\"https:\/\/www.myvize.com.tr\/misir\/vize-islemleri\/misir-ticari-vize\/\" target=\"_blank\" rel=\"noopener\">M\u0131s\u0131r Ticari vize<\/a><\/strong><\/span> almak isteyenlerin ise ticari davetiye almalar\u0131 gerekir. <strong>Aile ve arkada\u015f ziyareti<\/strong> ger\u00e7ekle\u015ftirecek olanlar\u0131n ise davetiye, davetiye g\u00f6nderen ki\u015finin oturum kart\u0131, n\u00fcfus c\u00fczdan\u0131n\u0131n fotokopisi gibi evraklar\u0131 teslim etmesi gerekir. Konsoloslu\u011fun gerekli g\u00f6rmesi durumunda ek belge isteme hakk\u0131 da vard\u0131r. Bu belgelerin hepsinin tam olarak teslim edilmesine dikkat edilmelidir.\u00a0<\/span><\/p>\n<p>&nbsp;<\/p>\n","protected":false},"excerpt":{"rendered":"<p>M\u0131s\u0131r Vize Ba\u015fvuru Merkezi , Trabzon Trabzon vize ba\u015fvuru\u00a0i\u015flemleri i\u00e7in gerekli olan belgeler vard\u0131r. \u00d6ncelikle ki\u015filerin seyahat sonunda daha 6 ayl\u0131k ge\u00e7erlili\u011fi olan ve en az 2 sayfas\u0131 bo\u015f olan bir pasaportunun bulunmas\u0131 gerekir. Do\u011fru ve eksiksiz olarak doldurulmu\u015f olan M\u0131s\u0131r vize ba\u015fvuru formu gerekir. Yeni \u00e7ekilmi\u015f 2 adet biyometrik foto\u011fraf, vize talep dilek\u00e7esi, n\u00fcfus<\/p>\n","protected":false},"author":1,"featured_media":0,"parent":173,"menu_order":0,"comment_status":"open","ping_status":"closed","template":"","meta":{"footnotes":""},"class_list":["post-188","page","type-page","status-publish","hentry"],"yoast_head":"<!-- This site is optimized with the Yoast SEO plugin v24.0 - https:\/\/yoast.com\/wordpress\/plugins\/seo\/ -->\n<title>M\u0131s\u0131r Vize Ba\u015fvuru \u015eubesi Trabzon - MyVize<\/title>\n<meta name=\"description\" content=\"M\u0131s\u0131r vizesi Trabzon ofisimiz, hangi \u00fclkeye seyahat etmek isterseniz gerekli b\u00fct\u00fcn bilgilere ula\u015fabilirsiniz: 0850 346 84 93\" \/>\n<meta name=\"robots\" content=\"index, follow, max-snippet:-1, max-image-preview:large, max-video-preview:-1\" \/>\n<link rel=\"canonical\" href=\"https:\/\/www.myvize.com.tr\/misir\/subelerimiz\/trabzon\/\" \/>\n<meta property=\"og:locale\" content=\"tr_TR\" \/>\n<meta property=\"og:type\" content=\"article\" \/>\n<meta property=\"og:title\" content=\"M\u0131s\u0131r Vize Ba\u015fvuru \u015eubesi Trabzon - MyVize\" \/>\n<meta property=\"og:description\" content=\"M\u0131s\u0131r vizesi Trabzon ofisimiz, hangi \u00fclkeye seyahat etmek isterseniz gerekli b\u00fct\u00fcn bilgilere ula\u015fabilirsiniz: 0850 346 84 93\" \/>\n<meta property=\"og:url\" content=\"https:\/\/www.myvize.com.tr\/misir\/subelerimiz\/trabzon\/\" \/>\n<meta property=\"og:site_name\" content=\"M\u0131s\u0131r Vizesi\" \/>\n<meta property=\"article:modified_time\" content=\"2022-04-25T14:56:19+00:00\" \/>\n<meta name=\"twitter:card\" content=\"summary_large_image\" \/>\n<meta name=\"twitter:label1\" content=\"Tahmini okuma s\u00fcresi\" \/>\n\t<meta name=\"twitter:data1\" content=\"1 dakika\" \/>\n<script type=\"application\/ld+json\" class=\"yoast-schema-graph\">{\"@context\":\"https:\/\/schema.org\",\"@graph\":[{\"@type\":\"WebPage\",\"@id\":\"https:\/\/www.myvize.com.tr\/misir\/subelerimiz\/trabzon\/\",\"url\":\"https:\/\/www.myvize.com.tr\/misir\/subelerimiz\/trabzon\/\",\"name\":\"M\u0131s\u0131r Vize Ba\u015fvuru \u015eubesi Trabzon - MyVize\",\"isPartOf\":{\"@id\":\"https:\/\/www.myvize.com.tr\/misir\/#website\"},\"datePublished\":\"2020-12-28T12:21:29+00:00\",\"dateModified\":\"2022-04-25T14:56:19+00:00\",\"description\":\"M\u0131s\u0131r vizesi Trabzon ofisimiz, hangi \u00fclkeye seyahat etmek isterseniz gerekli b\u00fct\u00fcn bilgilere ula\u015fabilirsiniz: 0850 346 84 93\",\"breadcrumb\":{\"@id\":\"https:\/\/www.myvize.com.tr\/misir\/subelerimiz\/trabzon\/#breadcrumb\"},\"inLanguage\":\"tr\",\"potentialAction\":[{\"@type\":\"ReadAction\",\"target\":[\"https:\/\/www.myvize.com.tr\/misir\/subelerimiz\/trabzon\/\"]}]},{\"@type\":\"BreadcrumbList\",\"@id\":\"https:\/\/www.myvize.com.tr\/misir\/subelerimiz\/trabzon\/#breadcrumb\",\"itemListElement\":[{\"@type\":\"ListItem\",\"position\":1,\"name\":\"Anasayfa\",\"item\":\"https:\/\/www.myvize.com.tr\/misir\/\"},{\"@type\":\"ListItem\",\"position\":2,\"name\":\"\u015eUBELER\u0130M\u0130Z\",\"item\":\"https:\/\/www.myvize.com.tr\/misir\/subelerimiz\/\"},{\"@type\":\"ListItem\",\"position\":3,\"name\":\"M\u0131s\u0131r Vizesi , Trabzon\"}]},{\"@type\":\"WebSite\",\"@id\":\"https:\/\/www.myvize.com.tr\/misir\/#website\",\"url\":\"https:\/\/www.myvize.com.tr\/misir\/\",\"name\":\"M\u0131s\u0131r Vizesi\",\"description\":\"\",\"potentialAction\":[{\"@type\":\"SearchAction\",\"target\":{\"@type\":\"EntryPoint\",\"urlTemplate\":\"https:\/\/www.myvize.com.tr\/misir\/?s={search_term_string}\"},\"query-input\":{\"@type\":\"PropertyValueSpecification\",\"valueRequired\":true,\"valueName\":\"search_term_string\"}}],\"inLanguage\":\"tr\"}]}<\/script>\n<!-- \/ Yoast SEO plugin. -->","yoast_head_json":{"title":"M\u0131s\u0131r Vize Ba\u015fvuru \u015eubesi Trabzon - MyVize","description":"M\u0131s\u0131r vizesi Trabzon ofisimiz, hangi \u00fclkeye seyahat etmek isterseniz gerekli b\u00fct\u00fcn bilgilere ula\u015fabilirsiniz: 0850 346 84 93","robots":{"index":"index","follow":"follow","max-snippet":"max-snippet:-1","max-image-preview":"max-image-preview:large","max-video-preview":"max-video-preview:-1"},"canonical":"https:\/\/www.myvize.com.tr\/misir\/subelerimiz\/trabzon\/","og_locale":"tr_TR","og_type":"article","og_title":"M\u0131s\u0131r Vize Ba\u015fvuru \u015eubesi Trabzon - MyVize","og_description":"M\u0131s\u0131r vizesi Trabzon ofisimiz, hangi \u00fclkeye seyahat etmek isterseniz gerekli b\u00fct\u00fcn bilgilere ula\u015fabilirsiniz: 0850 346 84 93","og_url":"https:\/\/www.myvize.com.tr\/misir\/subelerimiz\/trabzon\/","og_site_name":"M\u0131s\u0131r Vizesi","article_modified_time":"2022-04-25T14:56:19+00:00","twitter_card":"summary_large_image","twitter_misc":{"Tahmini okuma s\u00fcresi":"1 dakika"},"schema":{"@context":"https:\/\/schema.org","@graph":[{"@type":"WebPage","@id":"https:\/\/www.myvize.com.tr\/misir\/subelerimiz\/trabzon\/","url":"https:\/\/www.myvize.com.tr\/misir\/subelerimiz\/trabzon\/","name":"M\u0131s\u0131r Vize Ba\u015fvuru \u015eubesi Trabzon - MyVize","isPartOf":{"@id":"https:\/\/www.myvize.com.tr\/misir\/#website"},"datePublished":"2020-12-28T12:21:29+00:00","dateModified":"2022-04-25T14:56:19+00:00","description":"M\u0131s\u0131r vizesi Trabzon ofisimiz, hangi \u00fclkeye seyahat etmek isterseniz gerekli b\u00fct\u00fcn bilgilere ula\u015fabilirsiniz: 0850 346 84 93","breadcrumb":{"@id":"https:\/\/www.myvize.com.tr\/misir\/subelerimiz\/trabzon\/#breadcrumb"},"inLanguage":"tr","potentialAction":[{"@type":"ReadAction","target":["https:\/\/www.myvize.com.tr\/misir\/subelerimiz\/trabzon\/"]}]},{"@type":"BreadcrumbList","@id":"https:\/\/www.myvize.com.tr\/misir\/subelerimiz\/trabzon\/#breadcrumb","itemListElement":[{"@type":"ListItem","position":1,"name":"Anasayfa","item":"https:\/\/www.myvize.com.tr\/misir\/"},{"@type":"ListItem","position":2,"name":"\u015eUBELER\u0130M\u0130Z","item":"https:\/\/www.myvize.com.tr\/misir\/subelerimiz\/"},{"@type":"ListItem","position":3,"name":"M\u0131s\u0131r Vizesi , Trabzon"}]},{"@type":"WebSite","@id":"https:\/\/www.myvize.com.tr\/misir\/#website","url":"https:\/\/www.myvize.com.tr\/misir\/","name":"M\u0131s\u0131r Vizesi","description":"","potentialAction":[{"@type":"SearchAction","target":{"@type":"EntryPoint","urlTemplate":"https:\/\/www.myvize.com.tr\/misir\/?s={search_term_string}"},"query-input":{"@type":"PropertyValueSpecification","valueRequired":true,"valueName":"search_term_string"}}],"inLanguage":"tr"}]}},"_links":{"self":[{"href":"https:\/\/www.myvize.com.tr\/misir\/wp-json\/wp\/v2\/pages\/188","targetHints":{"allow":["GET"]}}],"collection":[{"href":"https:\/\/www.myvize.com.tr\/misir\/wp-json\/wp\/v2\/pages"}],"about":[{"href":"https:\/\/www.myvize.com.tr\/misir\/wp-json\/wp\/v2\/types\/page"}],"author":[{"embeddable":true,"href":"https:\/\/www.myvize.com.tr\/misir\/wp-json\/wp\/v2\/users\/1"}],"replies":[{"embeddable":true,"href":"https:\/\/www.myvize.com.tr\/misir\/wp-json\/wp\/v2\/comments?post=188"}],"version-history":[{"count":5,"href":"https:\/\/www.myvize.com.tr\/misir\/wp-json\/wp\/v2\/pages\/188\/revisions"}],"predecessor-version":[{"id":761,"href":"https:\/\/www.myvize.com.tr\/misir\/wp-json\/wp\/v2\/pages\/188\/revisions\/761"}],"up":[{"embeddable":true,"href":"https:\/\/www.myvize.com.tr\/misir\/wp-json\/wp\/v2\/pages\/173"}],"wp:attachment":[{"href":"https:\/\/www.myvize.com.tr\/misir\/wp-json\/wp\/v2\/media?parent=188"}],"curies":[{"name":"wp","href":"https:\/\/api.w.org\/{rel}","templated":true}]}}