{"id":204,"date":"2020-12-28T15:22:25","date_gmt":"2020-12-28T12:22:25","guid":{"rendered":"https:\/\/www.myvize.com.tr\/misir\/?page_id=204"},"modified":"2022-04-25T17:55:06","modified_gmt":"2022-04-25T14:55:06","slug":"izmir","status":"publish","type":"page","link":"https:\/\/www.myvize.com.tr\/misir\/subelerimiz\/izmir\/","title":{"rendered":"M\u0131s\u0131r Vizesi , \u0130zmir"},"content":{"rendered":"<h2><span style=\"font-family: Roboto; font-size: 27px;\"><strong>M\u0131s\u0131r Vize Ba\u015fvuru Merkezi , \u0130zmir<\/strong><\/span><\/h2>\n<p><span style=\"font-family: Roboto; font-size: 14px;\"><strong>\u0130zmir vize ba\u015fvuru\u00a0<\/strong>i\u015flemlerinde turistik geziler i\u00e7in \u00f6ncelikle vize bitiminden itibaren pasaportunuzun 6 ay daha ge\u00e7erlili\u011finin bulunmas\u0131 gerekir. Konsolosluk taraf\u0131ndan belirtilmi\u015f olan \u015fartlara uygun olacak \u015fekilde 2 adet yeni \u00e7ekilmi\u015f biyometrik foto\u011fraf gerekir. Biyometrik foto\u011fraf \u00e7ekerken arka fonun beyaz ve herhangi bir deseninin olmamas\u0131na da dikkat edilmelidir. Bunun yan\u0131 s\u0131ra herhangi bir eksik ya da yanl\u0131\u015f bilgi olmayan<span style=\"color: #2acec2;\"><strong><a style=\"color: #2acec2;\" href=\"https:\/\/www.myvize.com.tr\/misir\/vize-islemleri\/misir-vize-basvuru-formu\/\" target=\"_blank\" rel=\"noopener\"> M\u0131s\u0131r vize ba\u015fvuru formu<\/a><\/strong><\/span> gerekir. <strong>Vize ba\u015fvuru formu<\/strong> vize ba\u015fvurular\u0131nda olduk\u00e7a \u00f6nemli bir yere sahiptir. Resmi bir evrakt\u0131r. Bu nedenle de dikkatli bir \u015fekilde doldurulmal\u0131d\u0131r. T\u00fckenmez kalem ile ve okunabilir harfler ile doldurulmas\u0131 gerekir. Doldurulmas\u0131 zorunlu olan evraklar\u0131n ba\u015f\u0131nda gelir. Bunun yan\u0131 s\u0131ra <strong>vize ba\u015fvuru<\/strong> i\u015flemlerinde ki\u015filerin u\u00e7ak biletini ve otel rezervasyonunu da ayarlam\u0131\u015f olmalar\u0131 gerekir. Ki\u015filerin seyahat ile ilgili masraflar\u0131n\u0131 kar\u015f\u0131layabilecek maddi g\u00fcce sahip oldu\u011funu da kan\u0131tlamas\u0131 gerekir. Aksi halde vize alma durumu s\u00f6z konusu olmaz. Bunun yan\u0131 s\u0131ra verilmi\u015f olan form ile verilen evraklar\u0131n birbirlerini destekler niteliklere sahip olmas\u0131 gerekir.\u00a0<\/span><\/p>\n","protected":false},"excerpt":{"rendered":"<p>M\u0131s\u0131r Vize Ba\u015fvuru Merkezi , \u0130zmir \u0130zmir vize ba\u015fvuru\u00a0i\u015flemlerinde turistik geziler i\u00e7in \u00f6ncelikle vize bitiminden itibaren pasaportunuzun 6 ay daha ge\u00e7erlili\u011finin bulunmas\u0131 gerekir. Konsolosluk taraf\u0131ndan belirtilmi\u015f olan \u015fartlara uygun olacak \u015fekilde 2 adet yeni \u00e7ekilmi\u015f biyometrik foto\u011fraf gerekir. Biyometrik foto\u011fraf \u00e7ekerken arka fonun beyaz ve herhangi bir deseninin olmamas\u0131na da dikkat edilmelidir. Bunun yan\u0131 s\u0131ra<\/p>\n","protected":false},"author":1,"featured_media":0,"parent":173,"menu_order":0,"comment_status":"open","ping_status":"closed","template":"","meta":{"footnotes":""},"class_list":["post-204","page","type-page","status-publish","hentry"],"yoast_head":"<!-- This site is optimized with the Yoast SEO plugin v24.0 - https:\/\/yoast.com\/wordpress\/plugins\/seo\/ -->\n<title>M\u0131s\u0131r Vize Ba\u015fvuru \u015eubesi \u0130zmir - MyVize<\/title>\n<meta name=\"description\" content=\"M\u0131s\u0131r vizesi \u0130zmir ofisimiz, hangi \u00fclkeye seyahat etmek isterseniz gerekli b\u00fct\u00fcn bilgilere ula\u015fabilirsiniz: 0850 346 84 93\" \/>\n<meta name=\"robots\" content=\"index, follow, max-snippet:-1, max-image-preview:large, max-video-preview:-1\" \/>\n<link rel=\"canonical\" href=\"https:\/\/www.myvize.com.tr\/misir\/subelerimiz\/izmir\/\" \/>\n<meta property=\"og:locale\" content=\"tr_TR\" \/>\n<meta property=\"og:type\" content=\"article\" \/>\n<meta property=\"og:title\" content=\"M\u0131s\u0131r Vize Ba\u015fvuru \u015eubesi \u0130zmir - MyVize\" \/>\n<meta property=\"og:description\" content=\"M\u0131s\u0131r vizesi \u0130zmir ofisimiz, hangi \u00fclkeye seyahat etmek isterseniz gerekli b\u00fct\u00fcn bilgilere ula\u015fabilirsiniz: 0850 346 84 93\" \/>\n<meta property=\"og:url\" content=\"https:\/\/www.myvize.com.tr\/misir\/subelerimiz\/izmir\/\" \/>\n<meta property=\"og:site_name\" content=\"M\u0131s\u0131r Vizesi\" \/>\n<meta property=\"article:modified_time\" content=\"2022-04-25T14:55:06+00:00\" \/>\n<meta name=\"twitter:card\" content=\"summary_large_image\" \/>\n<meta name=\"twitter:label1\" content=\"Tahmini okuma s\u00fcresi\" \/>\n\t<meta name=\"twitter:data1\" content=\"1 dakika\" \/>\n<script type=\"application\/ld+json\" class=\"yoast-schema-graph\">{\"@context\":\"https:\/\/schema.org\",\"@graph\":[{\"@type\":\"WebPage\",\"@id\":\"https:\/\/www.myvize.com.tr\/misir\/subelerimiz\/izmir\/\",\"url\":\"https:\/\/www.myvize.com.tr\/misir\/subelerimiz\/izmir\/\",\"name\":\"M\u0131s\u0131r Vize Ba\u015fvuru \u015eubesi \u0130zmir - MyVize\",\"isPartOf\":{\"@id\":\"https:\/\/www.myvize.com.tr\/misir\/#website\"},\"datePublished\":\"2020-12-28T12:22:25+00:00\",\"dateModified\":\"2022-04-25T14:55:06+00:00\",\"description\":\"M\u0131s\u0131r vizesi \u0130zmir ofisimiz, hangi \u00fclkeye seyahat etmek isterseniz gerekli b\u00fct\u00fcn bilgilere ula\u015fabilirsiniz: 0850 346 84 93\",\"breadcrumb\":{\"@id\":\"https:\/\/www.myvize.com.tr\/misir\/subelerimiz\/izmir\/#breadcrumb\"},\"inLanguage\":\"tr\",\"potentialAction\":[{\"@type\":\"ReadAction\",\"target\":[\"https:\/\/www.myvize.com.tr\/misir\/subelerimiz\/izmir\/\"]}]},{\"@type\":\"BreadcrumbList\",\"@id\":\"https:\/\/www.myvize.com.tr\/misir\/subelerimiz\/izmir\/#breadcrumb\",\"itemListElement\":[{\"@type\":\"ListItem\",\"position\":1,\"name\":\"Anasayfa\",\"item\":\"https:\/\/www.myvize.com.tr\/misir\/\"},{\"@type\":\"ListItem\",\"position\":2,\"name\":\"\u015eUBELER\u0130M\u0130Z\",\"item\":\"https:\/\/www.myvize.com.tr\/misir\/subelerimiz\/\"},{\"@type\":\"ListItem\",\"position\":3,\"name\":\"M\u0131s\u0131r Vizesi , \u0130zmir\"}]},{\"@type\":\"WebSite\",\"@id\":\"https:\/\/www.myvize.com.tr\/misir\/#website\",\"url\":\"https:\/\/www.myvize.com.tr\/misir\/\",\"name\":\"M\u0131s\u0131r Vizesi\",\"description\":\"\",\"potentialAction\":[{\"@type\":\"SearchAction\",\"target\":{\"@type\":\"EntryPoint\",\"urlTemplate\":\"https:\/\/www.myvize.com.tr\/misir\/?s={search_term_string}\"},\"query-input\":{\"@type\":\"PropertyValueSpecification\",\"valueRequired\":true,\"valueName\":\"search_term_string\"}}],\"inLanguage\":\"tr\"}]}<\/script>\n<!-- \/ Yoast SEO plugin. -->","yoast_head_json":{"title":"M\u0131s\u0131r Vize Ba\u015fvuru \u015eubesi \u0130zmir - MyVize","description":"M\u0131s\u0131r vizesi \u0130zmir ofisimiz, hangi \u00fclkeye seyahat etmek isterseniz gerekli b\u00fct\u00fcn bilgilere ula\u015fabilirsiniz: 0850 346 84 93","robots":{"index":"index","follow":"follow","max-snippet":"max-snippet:-1","max-image-preview":"max-image-preview:large","max-video-preview":"max-video-preview:-1"},"canonical":"https:\/\/www.myvize.com.tr\/misir\/subelerimiz\/izmir\/","og_locale":"tr_TR","og_type":"article","og_title":"M\u0131s\u0131r Vize Ba\u015fvuru \u015eubesi \u0130zmir - MyVize","og_description":"M\u0131s\u0131r vizesi \u0130zmir ofisimiz, hangi \u00fclkeye seyahat etmek isterseniz gerekli b\u00fct\u00fcn bilgilere ula\u015fabilirsiniz: 0850 346 84 93","og_url":"https:\/\/www.myvize.com.tr\/misir\/subelerimiz\/izmir\/","og_site_name":"M\u0131s\u0131r Vizesi","article_modified_time":"2022-04-25T14:55:06+00:00","twitter_card":"summary_large_image","twitter_misc":{"Tahmini okuma s\u00fcresi":"1 dakika"},"schema":{"@context":"https:\/\/schema.org","@graph":[{"@type":"WebPage","@id":"https:\/\/www.myvize.com.tr\/misir\/subelerimiz\/izmir\/","url":"https:\/\/www.myvize.com.tr\/misir\/subelerimiz\/izmir\/","name":"M\u0131s\u0131r Vize Ba\u015fvuru \u015eubesi \u0130zmir - MyVize","isPartOf":{"@id":"https:\/\/www.myvize.com.tr\/misir\/#website"},"datePublished":"2020-12-28T12:22:25+00:00","dateModified":"2022-04-25T14:55:06+00:00","description":"M\u0131s\u0131r vizesi \u0130zmir ofisimiz, hangi \u00fclkeye seyahat etmek isterseniz gerekli b\u00fct\u00fcn bilgilere ula\u015fabilirsiniz: 0850 346 84 93","breadcrumb":{"@id":"https:\/\/www.myvize.com.tr\/misir\/subelerimiz\/izmir\/#breadcrumb"},"inLanguage":"tr","potentialAction":[{"@type":"ReadAction","target":["https:\/\/www.myvize.com.tr\/misir\/subelerimiz\/izmir\/"]}]},{"@type":"BreadcrumbList","@id":"https:\/\/www.myvize.com.tr\/misir\/subelerimiz\/izmir\/#breadcrumb","itemListElement":[{"@type":"ListItem","position":1,"name":"Anasayfa","item":"https:\/\/www.myvize.com.tr\/misir\/"},{"@type":"ListItem","position":2,"name":"\u015eUBELER\u0130M\u0130Z","item":"https:\/\/www.myvize.com.tr\/misir\/subelerimiz\/"},{"@type":"ListItem","position":3,"name":"M\u0131s\u0131r Vizesi , \u0130zmir"}]},{"@type":"WebSite","@id":"https:\/\/www.myvize.com.tr\/misir\/#website","url":"https:\/\/www.myvize.com.tr\/misir\/","name":"M\u0131s\u0131r Vizesi","description":"","potentialAction":[{"@type":"SearchAction","target":{"@type":"EntryPoint","urlTemplate":"https:\/\/www.myvize.com.tr\/misir\/?s={search_term_string}"},"query-input":{"@type":"PropertyValueSpecification","valueRequired":true,"valueName":"search_term_string"}}],"inLanguage":"tr"}]}},"_links":{"self":[{"href":"https:\/\/www.myvize.com.tr\/misir\/wp-json\/wp\/v2\/pages\/204","targetHints":{"allow":["GET"]}}],"collection":[{"href":"https:\/\/www.myvize.com.tr\/misir\/wp-json\/wp\/v2\/pages"}],"about":[{"href":"https:\/\/www.myvize.com.tr\/misir\/wp-json\/wp\/v2\/types\/page"}],"author":[{"embeddable":true,"href":"https:\/\/www.myvize.com.tr\/misir\/wp-json\/wp\/v2\/users\/1"}],"replies":[{"embeddable":true,"href":"https:\/\/www.myvize.com.tr\/misir\/wp-json\/wp\/v2\/comments?post=204"}],"version-history":[{"count":5,"href":"https:\/\/www.myvize.com.tr\/misir\/wp-json\/wp\/v2\/pages\/204\/revisions"}],"predecessor-version":[{"id":759,"href":"https:\/\/www.myvize.com.tr\/misir\/wp-json\/wp\/v2\/pages\/204\/revisions\/759"}],"up":[{"embeddable":true,"href":"https:\/\/www.myvize.com.tr\/misir\/wp-json\/wp\/v2\/pages\/173"}],"wp:attachment":[{"href":"https:\/\/www.myvize.com.tr\/misir\/wp-json\/wp\/v2\/media?parent=204"}],"curies":[{"name":"wp","href":"https:\/\/api.w.org\/{rel}","templated":true}]}}