{"id":208,"date":"2020-12-28T15:22:59","date_gmt":"2020-12-28T12:22:59","guid":{"rendered":"https:\/\/www.myvize.com.tr\/misir\/?page_id=208"},"modified":"2022-04-25T17:53:30","modified_gmt":"2022-04-25T14:53:30","slug":"kayseri","status":"publish","type":"page","link":"https:\/\/www.myvize.com.tr\/misir\/subelerimiz\/kayseri\/","title":{"rendered":"M\u0131s\u0131r Vizesi , Kayseri"},"content":{"rendered":"<h2><span style=\"font-family: Roboto; font-size: 27px;\"><strong>M\u0131s\u0131r Vize Ba\u015fvuru Merkezi , Kayseri<\/strong><\/span><\/h2>\n<p><span style=\"font-family: Roboto; font-size: 14px;\"><strong>Kayseri vize ba\u015fvuru\u00a0<\/strong>i\u015flemleri i\u00e7in \u015fubeye giderek hem gerekli deste\u011fi alabilir hem de gerekli olan belgeler hakk\u0131nda bilgi sahibi olabilirsiniz. Bu sayede herhangi bir sorun ya da s\u0131k\u0131nt\u0131 ya\u015fama olas\u0131l\u0131\u011f\u0131n\u0131z da kalmadan i\u015fleminizi rahatl\u0131kla yerine getirme imkan\u0131n\u0131z olur. Yap\u0131lan ba\u015fvuru i\u015flemlerinin sonu\u00e7lanmas\u0131 birka\u00e7 ay\u0131 bulabilmektedir. Bu nedenle de i\u015flemlerinizi seyahatinizi planlad\u0131\u011f\u0131n\u0131z zamandan en az 2 ay \u00f6nce yapman\u0131z \u00e7ok daha do\u011fru olur. Ayn\u0131 zaman da ald\u0131\u011f\u0131n\u0131z u\u00e7ak biletinize ve otel i\u00e7in yapt\u0131rd\u0131\u011f\u0131n\u0131z rezervasyonlara da herhangi bir para \u00f6dememeniz \u00e7ok daha do\u011fru olur. Aksi halde bo\u015f yere paran\u0131z\u0131n yanma durumu da meydana gelmi\u015f olur. Vizenizin ret ile sonu\u00e7lanmas\u0131 durumunda konsoloslu\u011fun ya da B\u00fcy\u00fckel\u00e7ili\u011fin konu ile ilgili olarak herhangi bir a\u00e7\u0131klama yapma zorunlulu\u011fu yoktur. Ayn\u0131 zaman da <strong>ba\u015fvuru i\u015flemleri<\/strong> s\u0131ras\u0131nda verdi\u011finiz evraklara ek olarak ba\u015fka evraklar\u0131n da istenme durumu vard\u0131r. Vizenizin erken sonu\u00e7lanmas\u0131 ve ayn\u0131 zaman da ba\u015fvurunun reddedilmesi i\u00e7in evraklar\u0131n eksiksiz ve do\u011fru olarak teslim edilmesi gerekir. Yoksa <strong>vize sonu\u00e7lanmas\u0131<\/strong> daha da fazla zaman alabilir.\u00a0<\/span><\/p>\n<p><span style=\"font-family: Roboto; font-size: 14px;\"><span style=\"color: #2acec2;\"><strong><a style=\"color: #2acec2;\" href=\"https:\/\/www.myvize.com.tr\/misir\/vize-islemleri\/misir-vize-randevusu\/\" target=\"_blank\" rel=\"noopener\">M\u0131s\u0131r Vize Randevusu<\/a><\/strong><\/span> ile ilgili bilgi almak i\u00e7in bizi aray\u0131n.<\/span><\/p>\n","protected":false},"excerpt":{"rendered":"<p>M\u0131s\u0131r Vize Ba\u015fvuru Merkezi , Kayseri Kayseri vize ba\u015fvuru\u00a0i\u015flemleri i\u00e7in \u015fubeye giderek hem gerekli deste\u011fi alabilir hem de gerekli olan belgeler hakk\u0131nda bilgi sahibi olabilirsiniz. Bu sayede herhangi bir sorun ya da s\u0131k\u0131nt\u0131 ya\u015fama olas\u0131l\u0131\u011f\u0131n\u0131z da kalmadan i\u015fleminizi rahatl\u0131kla yerine getirme imkan\u0131n\u0131z olur. Yap\u0131lan ba\u015fvuru i\u015flemlerinin sonu\u00e7lanmas\u0131 birka\u00e7 ay\u0131 bulabilmektedir. Bu nedenle de i\u015flemlerinizi seyahatinizi<\/p>\n","protected":false},"author":1,"featured_media":0,"parent":173,"menu_order":0,"comment_status":"open","ping_status":"closed","template":"","meta":{"footnotes":""},"class_list":["post-208","page","type-page","status-publish","hentry"],"yoast_head":"<!-- This site is optimized with the Yoast SEO plugin v24.0 - https:\/\/yoast.com\/wordpress\/plugins\/seo\/ -->\n<title>M\u0131s\u0131r Vizesi Kayseri Vize Ba\u015fvuru \u015eubesi - MyVize<\/title>\n<meta name=\"description\" content=\"M\u0131s\u0131r vizesi Kayseri ofisimiz, hangi \u00fclkeye seyahat etmek isterseniz gerekli b\u00fct\u00fcn bilgilere ula\u015fabilirsiniz: 0850 346 84 93\" \/>\n<meta name=\"robots\" content=\"index, follow, max-snippet:-1, max-image-preview:large, max-video-preview:-1\" \/>\n<link rel=\"canonical\" href=\"https:\/\/www.myvize.com.tr\/misir\/subelerimiz\/kayseri\/\" \/>\n<meta property=\"og:locale\" content=\"tr_TR\" \/>\n<meta property=\"og:type\" content=\"article\" \/>\n<meta property=\"og:title\" content=\"M\u0131s\u0131r Vizesi Kayseri Vize Ba\u015fvuru \u015eubesi - MyVize\" \/>\n<meta property=\"og:description\" content=\"M\u0131s\u0131r vizesi Kayseri ofisimiz, hangi \u00fclkeye seyahat etmek isterseniz gerekli b\u00fct\u00fcn bilgilere ula\u015fabilirsiniz: 0850 346 84 93\" \/>\n<meta property=\"og:url\" content=\"https:\/\/www.myvize.com.tr\/misir\/subelerimiz\/kayseri\/\" \/>\n<meta property=\"og:site_name\" content=\"M\u0131s\u0131r Vizesi\" \/>\n<meta property=\"article:modified_time\" content=\"2022-04-25T14:53:30+00:00\" \/>\n<meta name=\"twitter:card\" content=\"summary_large_image\" \/>\n<meta name=\"twitter:label1\" content=\"Tahmini okuma s\u00fcresi\" \/>\n\t<meta name=\"twitter:data1\" content=\"1 dakika\" \/>\n<script type=\"application\/ld+json\" class=\"yoast-schema-graph\">{\"@context\":\"https:\/\/schema.org\",\"@graph\":[{\"@type\":\"WebPage\",\"@id\":\"https:\/\/www.myvize.com.tr\/misir\/subelerimiz\/kayseri\/\",\"url\":\"https:\/\/www.myvize.com.tr\/misir\/subelerimiz\/kayseri\/\",\"name\":\"M\u0131s\u0131r Vizesi Kayseri Vize Ba\u015fvuru \u015eubesi - MyVize\",\"isPartOf\":{\"@id\":\"https:\/\/www.myvize.com.tr\/misir\/#website\"},\"datePublished\":\"2020-12-28T12:22:59+00:00\",\"dateModified\":\"2022-04-25T14:53:30+00:00\",\"description\":\"M\u0131s\u0131r vizesi Kayseri ofisimiz, hangi \u00fclkeye seyahat etmek isterseniz gerekli b\u00fct\u00fcn bilgilere ula\u015fabilirsiniz: 0850 346 84 93\",\"breadcrumb\":{\"@id\":\"https:\/\/www.myvize.com.tr\/misir\/subelerimiz\/kayseri\/#breadcrumb\"},\"inLanguage\":\"tr\",\"potentialAction\":[{\"@type\":\"ReadAction\",\"target\":[\"https:\/\/www.myvize.com.tr\/misir\/subelerimiz\/kayseri\/\"]}]},{\"@type\":\"BreadcrumbList\",\"@id\":\"https:\/\/www.myvize.com.tr\/misir\/subelerimiz\/kayseri\/#breadcrumb\",\"itemListElement\":[{\"@type\":\"ListItem\",\"position\":1,\"name\":\"Anasayfa\",\"item\":\"https:\/\/www.myvize.com.tr\/misir\/\"},{\"@type\":\"ListItem\",\"position\":2,\"name\":\"\u015eUBELER\u0130M\u0130Z\",\"item\":\"https:\/\/www.myvize.com.tr\/misir\/subelerimiz\/\"},{\"@type\":\"ListItem\",\"position\":3,\"name\":\"M\u0131s\u0131r Vizesi , Kayseri\"}]},{\"@type\":\"WebSite\",\"@id\":\"https:\/\/www.myvize.com.tr\/misir\/#website\",\"url\":\"https:\/\/www.myvize.com.tr\/misir\/\",\"name\":\"M\u0131s\u0131r Vizesi\",\"description\":\"\",\"potentialAction\":[{\"@type\":\"SearchAction\",\"target\":{\"@type\":\"EntryPoint\",\"urlTemplate\":\"https:\/\/www.myvize.com.tr\/misir\/?s={search_term_string}\"},\"query-input\":{\"@type\":\"PropertyValueSpecification\",\"valueRequired\":true,\"valueName\":\"search_term_string\"}}],\"inLanguage\":\"tr\"}]}<\/script>\n<!-- \/ Yoast SEO plugin. -->","yoast_head_json":{"title":"M\u0131s\u0131r Vizesi Kayseri Vize Ba\u015fvuru \u015eubesi - MyVize","description":"M\u0131s\u0131r vizesi Kayseri ofisimiz, hangi \u00fclkeye seyahat etmek isterseniz gerekli b\u00fct\u00fcn bilgilere ula\u015fabilirsiniz: 0850 346 84 93","robots":{"index":"index","follow":"follow","max-snippet":"max-snippet:-1","max-image-preview":"max-image-preview:large","max-video-preview":"max-video-preview:-1"},"canonical":"https:\/\/www.myvize.com.tr\/misir\/subelerimiz\/kayseri\/","og_locale":"tr_TR","og_type":"article","og_title":"M\u0131s\u0131r Vizesi Kayseri Vize Ba\u015fvuru \u015eubesi - MyVize","og_description":"M\u0131s\u0131r vizesi Kayseri ofisimiz, hangi \u00fclkeye seyahat etmek isterseniz gerekli b\u00fct\u00fcn bilgilere ula\u015fabilirsiniz: 0850 346 84 93","og_url":"https:\/\/www.myvize.com.tr\/misir\/subelerimiz\/kayseri\/","og_site_name":"M\u0131s\u0131r Vizesi","article_modified_time":"2022-04-25T14:53:30+00:00","twitter_card":"summary_large_image","twitter_misc":{"Tahmini okuma s\u00fcresi":"1 dakika"},"schema":{"@context":"https:\/\/schema.org","@graph":[{"@type":"WebPage","@id":"https:\/\/www.myvize.com.tr\/misir\/subelerimiz\/kayseri\/","url":"https:\/\/www.myvize.com.tr\/misir\/subelerimiz\/kayseri\/","name":"M\u0131s\u0131r Vizesi Kayseri Vize Ba\u015fvuru \u015eubesi - MyVize","isPartOf":{"@id":"https:\/\/www.myvize.com.tr\/misir\/#website"},"datePublished":"2020-12-28T12:22:59+00:00","dateModified":"2022-04-25T14:53:30+00:00","description":"M\u0131s\u0131r vizesi Kayseri ofisimiz, hangi \u00fclkeye seyahat etmek isterseniz gerekli b\u00fct\u00fcn bilgilere ula\u015fabilirsiniz: 0850 346 84 93","breadcrumb":{"@id":"https:\/\/www.myvize.com.tr\/misir\/subelerimiz\/kayseri\/#breadcrumb"},"inLanguage":"tr","potentialAction":[{"@type":"ReadAction","target":["https:\/\/www.myvize.com.tr\/misir\/subelerimiz\/kayseri\/"]}]},{"@type":"BreadcrumbList","@id":"https:\/\/www.myvize.com.tr\/misir\/subelerimiz\/kayseri\/#breadcrumb","itemListElement":[{"@type":"ListItem","position":1,"name":"Anasayfa","item":"https:\/\/www.myvize.com.tr\/misir\/"},{"@type":"ListItem","position":2,"name":"\u015eUBELER\u0130M\u0130Z","item":"https:\/\/www.myvize.com.tr\/misir\/subelerimiz\/"},{"@type":"ListItem","position":3,"name":"M\u0131s\u0131r Vizesi , Kayseri"}]},{"@type":"WebSite","@id":"https:\/\/www.myvize.com.tr\/misir\/#website","url":"https:\/\/www.myvize.com.tr\/misir\/","name":"M\u0131s\u0131r Vizesi","description":"","potentialAction":[{"@type":"SearchAction","target":{"@type":"EntryPoint","urlTemplate":"https:\/\/www.myvize.com.tr\/misir\/?s={search_term_string}"},"query-input":{"@type":"PropertyValueSpecification","valueRequired":true,"valueName":"search_term_string"}}],"inLanguage":"tr"}]}},"_links":{"self":[{"href":"https:\/\/www.myvize.com.tr\/misir\/wp-json\/wp\/v2\/pages\/208","targetHints":{"allow":["GET"]}}],"collection":[{"href":"https:\/\/www.myvize.com.tr\/misir\/wp-json\/wp\/v2\/pages"}],"about":[{"href":"https:\/\/www.myvize.com.tr\/misir\/wp-json\/wp\/v2\/types\/page"}],"author":[{"embeddable":true,"href":"https:\/\/www.myvize.com.tr\/misir\/wp-json\/wp\/v2\/users\/1"}],"replies":[{"embeddable":true,"href":"https:\/\/www.myvize.com.tr\/misir\/wp-json\/wp\/v2\/comments?post=208"}],"version-history":[{"count":5,"href":"https:\/\/www.myvize.com.tr\/misir\/wp-json\/wp\/v2\/pages\/208\/revisions"}],"predecessor-version":[{"id":757,"href":"https:\/\/www.myvize.com.tr\/misir\/wp-json\/wp\/v2\/pages\/208\/revisions\/757"}],"up":[{"embeddable":true,"href":"https:\/\/www.myvize.com.tr\/misir\/wp-json\/wp\/v2\/pages\/173"}],"wp:attachment":[{"href":"https:\/\/www.myvize.com.tr\/misir\/wp-json\/wp\/v2\/media?parent=208"}],"curies":[{"name":"wp","href":"https:\/\/api.w.org\/{rel}","templated":true}]}}