{"id":216,"date":"2020-12-28T15:24:05","date_gmt":"2020-12-28T12:24:05","guid":{"rendered":"https:\/\/www.myvize.com.tr\/misir\/?page_id=216"},"modified":"2022-04-25T17:51:16","modified_gmt":"2022-04-25T14:51:16","slug":"bursa","status":"publish","type":"page","link":"https:\/\/www.myvize.com.tr\/misir\/subelerimiz\/bursa\/","title":{"rendered":"M\u0131s\u0131r Vizesi , Bursa"},"content":{"rendered":"<h2><span style=\"font-family: Roboto; font-size: 27px;\"><strong>M\u0131s\u0131r Vize Ba\u015fvuru Merkezi , Bursa<\/strong><\/span><\/h2>\n<p><span style=\"font-family: Roboto; font-size: 14px;\"><strong>Bursa vize ba\u015fvuru<\/strong> i\u015flemleri i\u00e7in yard\u0131m alabilece\u011finiz bir alan olur. Bu sayede herhangi bir sorun ya\u015famadan gerekli olan evraklar\u0131n her birini kolay bir \u015fekilde yapm\u0131\u015f olursunuz. \u00c7\u00fcnk\u00fc <strong>vize ba\u015fvurusu<\/strong> i\u00e7in\u00a0 <span style=\"color: #2acec2;\"><strong><a style=\"color: #2acec2;\" href=\"https:\/\/www.myvize.com.tr\/misir\/form-dilekce\/misir-vize-basvuru-formu\/\" target=\"_blank\" rel=\"noopener\">M\u0131s\u0131r vize ba\u015fvuru formu<\/a><\/strong><\/span> ve ayn\u0131 zaman da buna ek baz\u0131 belgeler de istenir. Ki\u015filerin formu \u0130ngilizce ya da T\u00fcrk\u00e7e olarak yani istedikleri iki dilden biri ile doldurma olas\u0131l\u0131klar\u0131 vard\u0131r. \u00d6nemli olan en \u00f6nemli k\u0131s\u0131m form i\u00e7erisinde yaz\u0131l\u0131 olan bilgilerin eksiksiz ve ayn\u0131 zaman da do\u011fru olmas\u0131d\u0131r. Vize t\u00fcrlerine g\u00f6re istenen baz\u0131 durumlar vard\u0131r. Bu durumlar\u0131n her birisine uyulmas\u0131 gerekir. Pasaportun seyahat sonunda daha 6 ayl\u0131k ge\u00e7erlili\u011finin olmas\u0131 gerekir. Ayn\u0131 zaman da pasaport 10 seneden daha eski olmamal\u0131d\u0131r. Pasaportun i\u00e7erisinde en az 2 bo\u015f sayfa yer almal\u0131d\u0131r. Pasaportta herhangi bir y\u0131rt\u0131k ya da y\u0131pranm\u0131\u015fl\u0131k olmamal\u0131d\u0131r. Gerekli olan kriterlere sahip olmayan pasaportlar <strong>M\u0131s\u0131r konsoloslu\u011fu<\/strong> taraf\u0131ndan kabul edilmez. Bu nedenle ba\u015fvuru i\u015fleminden \u00f6nce pasaportunuzu g\u00f6zden ge\u00e7irmeniz sizin i\u00e7in \u00e7ok daha iyi olur.\u00a0<\/span><\/p>\n<p><span style=\"font-family: Roboto; font-size: 14px;\"><span style=\"color: #2acec2;\"><strong><a style=\"color: #2acec2;\" href=\"https:\/\/www.myvize.com.tr\/misir\/vize-islemleri\/misir-vize-randevusu\/\" target=\"_blank\" rel=\"noopener\">M\u0131s\u0131r Vize Randevusu <\/a><\/strong><\/span>ile ilgili bilgi almak i\u00e7in bizi aray\u0131n.<\/span><\/p>\n","protected":false},"excerpt":{"rendered":"<p>M\u0131s\u0131r Vize Ba\u015fvuru Merkezi , Bursa Bursa vize ba\u015fvuru i\u015flemleri i\u00e7in yard\u0131m alabilece\u011finiz bir alan olur. Bu sayede herhangi bir sorun ya\u015famadan gerekli olan evraklar\u0131n her birini kolay bir \u015fekilde yapm\u0131\u015f olursunuz. \u00c7\u00fcnk\u00fc vize ba\u015fvurusu i\u00e7in\u00a0 M\u0131s\u0131r vize ba\u015fvuru formu ve ayn\u0131 zaman da buna ek baz\u0131 belgeler de istenir. Ki\u015filerin formu \u0130ngilizce ya da<\/p>\n","protected":false},"author":1,"featured_media":0,"parent":173,"menu_order":0,"comment_status":"open","ping_status":"closed","template":"","meta":{"footnotes":""},"class_list":["post-216","page","type-page","status-publish","hentry"],"yoast_head":"<!-- This site is optimized with the Yoast SEO plugin v24.0 - https:\/\/yoast.com\/wordpress\/plugins\/seo\/ -->\n<title>M\u0131s\u0131r Vize Ba\u015fvuru \u015eubesi Bursa - MyVize<\/title>\n<meta name=\"description\" content=\"M\u0131s\u0131r vizesi Bursa ofisimiz, hangi \u00fclkeye seyahat etmek isterseniz gerekli b\u00fct\u00fcn bilgilere ula\u015fabilirsiniz: 0850 346 84 93\" \/>\n<meta name=\"robots\" content=\"index, follow, max-snippet:-1, max-image-preview:large, max-video-preview:-1\" \/>\n<link rel=\"canonical\" href=\"https:\/\/www.myvize.com.tr\/misir\/subelerimiz\/bursa\/\" \/>\n<meta property=\"og:locale\" content=\"tr_TR\" \/>\n<meta property=\"og:type\" content=\"article\" \/>\n<meta property=\"og:title\" content=\"M\u0131s\u0131r Vize Ba\u015fvuru \u015eubesi Bursa - MyVize\" \/>\n<meta property=\"og:description\" content=\"M\u0131s\u0131r vizesi Bursa ofisimiz, hangi \u00fclkeye seyahat etmek isterseniz gerekli b\u00fct\u00fcn bilgilere ula\u015fabilirsiniz: 0850 346 84 93\" \/>\n<meta property=\"og:url\" content=\"https:\/\/www.myvize.com.tr\/misir\/subelerimiz\/bursa\/\" \/>\n<meta property=\"og:site_name\" content=\"M\u0131s\u0131r Vizesi\" \/>\n<meta property=\"article:modified_time\" content=\"2022-04-25T14:51:16+00:00\" \/>\n<meta name=\"twitter:card\" content=\"summary_large_image\" \/>\n<meta name=\"twitter:label1\" content=\"Tahmini okuma s\u00fcresi\" \/>\n\t<meta name=\"twitter:data1\" content=\"1 dakika\" \/>\n<script type=\"application\/ld+json\" class=\"yoast-schema-graph\">{\"@context\":\"https:\/\/schema.org\",\"@graph\":[{\"@type\":\"WebPage\",\"@id\":\"https:\/\/www.myvize.com.tr\/misir\/subelerimiz\/bursa\/\",\"url\":\"https:\/\/www.myvize.com.tr\/misir\/subelerimiz\/bursa\/\",\"name\":\"M\u0131s\u0131r Vize Ba\u015fvuru \u015eubesi Bursa - MyVize\",\"isPartOf\":{\"@id\":\"https:\/\/www.myvize.com.tr\/misir\/#website\"},\"datePublished\":\"2020-12-28T12:24:05+00:00\",\"dateModified\":\"2022-04-25T14:51:16+00:00\",\"description\":\"M\u0131s\u0131r vizesi Bursa ofisimiz, hangi \u00fclkeye seyahat etmek isterseniz gerekli b\u00fct\u00fcn bilgilere ula\u015fabilirsiniz: 0850 346 84 93\",\"breadcrumb\":{\"@id\":\"https:\/\/www.myvize.com.tr\/misir\/subelerimiz\/bursa\/#breadcrumb\"},\"inLanguage\":\"tr\",\"potentialAction\":[{\"@type\":\"ReadAction\",\"target\":[\"https:\/\/www.myvize.com.tr\/misir\/subelerimiz\/bursa\/\"]}]},{\"@type\":\"BreadcrumbList\",\"@id\":\"https:\/\/www.myvize.com.tr\/misir\/subelerimiz\/bursa\/#breadcrumb\",\"itemListElement\":[{\"@type\":\"ListItem\",\"position\":1,\"name\":\"Anasayfa\",\"item\":\"https:\/\/www.myvize.com.tr\/misir\/\"},{\"@type\":\"ListItem\",\"position\":2,\"name\":\"\u015eUBELER\u0130M\u0130Z\",\"item\":\"https:\/\/www.myvize.com.tr\/misir\/subelerimiz\/\"},{\"@type\":\"ListItem\",\"position\":3,\"name\":\"M\u0131s\u0131r Vizesi , Bursa\"}]},{\"@type\":\"WebSite\",\"@id\":\"https:\/\/www.myvize.com.tr\/misir\/#website\",\"url\":\"https:\/\/www.myvize.com.tr\/misir\/\",\"name\":\"M\u0131s\u0131r Vizesi\",\"description\":\"\",\"potentialAction\":[{\"@type\":\"SearchAction\",\"target\":{\"@type\":\"EntryPoint\",\"urlTemplate\":\"https:\/\/www.myvize.com.tr\/misir\/?s={search_term_string}\"},\"query-input\":{\"@type\":\"PropertyValueSpecification\",\"valueRequired\":true,\"valueName\":\"search_term_string\"}}],\"inLanguage\":\"tr\"}]}<\/script>\n<!-- \/ Yoast SEO plugin. -->","yoast_head_json":{"title":"M\u0131s\u0131r Vize Ba\u015fvuru \u015eubesi Bursa - MyVize","description":"M\u0131s\u0131r vizesi Bursa ofisimiz, hangi \u00fclkeye seyahat etmek isterseniz gerekli b\u00fct\u00fcn bilgilere ula\u015fabilirsiniz: 0850 346 84 93","robots":{"index":"index","follow":"follow","max-snippet":"max-snippet:-1","max-image-preview":"max-image-preview:large","max-video-preview":"max-video-preview:-1"},"canonical":"https:\/\/www.myvize.com.tr\/misir\/subelerimiz\/bursa\/","og_locale":"tr_TR","og_type":"article","og_title":"M\u0131s\u0131r Vize Ba\u015fvuru \u015eubesi Bursa - MyVize","og_description":"M\u0131s\u0131r vizesi Bursa ofisimiz, hangi \u00fclkeye seyahat etmek isterseniz gerekli b\u00fct\u00fcn bilgilere ula\u015fabilirsiniz: 0850 346 84 93","og_url":"https:\/\/www.myvize.com.tr\/misir\/subelerimiz\/bursa\/","og_site_name":"M\u0131s\u0131r Vizesi","article_modified_time":"2022-04-25T14:51:16+00:00","twitter_card":"summary_large_image","twitter_misc":{"Tahmini okuma s\u00fcresi":"1 dakika"},"schema":{"@context":"https:\/\/schema.org","@graph":[{"@type":"WebPage","@id":"https:\/\/www.myvize.com.tr\/misir\/subelerimiz\/bursa\/","url":"https:\/\/www.myvize.com.tr\/misir\/subelerimiz\/bursa\/","name":"M\u0131s\u0131r Vize Ba\u015fvuru \u015eubesi Bursa - MyVize","isPartOf":{"@id":"https:\/\/www.myvize.com.tr\/misir\/#website"},"datePublished":"2020-12-28T12:24:05+00:00","dateModified":"2022-04-25T14:51:16+00:00","description":"M\u0131s\u0131r vizesi Bursa ofisimiz, hangi \u00fclkeye seyahat etmek isterseniz gerekli b\u00fct\u00fcn bilgilere ula\u015fabilirsiniz: 0850 346 84 93","breadcrumb":{"@id":"https:\/\/www.myvize.com.tr\/misir\/subelerimiz\/bursa\/#breadcrumb"},"inLanguage":"tr","potentialAction":[{"@type":"ReadAction","target":["https:\/\/www.myvize.com.tr\/misir\/subelerimiz\/bursa\/"]}]},{"@type":"BreadcrumbList","@id":"https:\/\/www.myvize.com.tr\/misir\/subelerimiz\/bursa\/#breadcrumb","itemListElement":[{"@type":"ListItem","position":1,"name":"Anasayfa","item":"https:\/\/www.myvize.com.tr\/misir\/"},{"@type":"ListItem","position":2,"name":"\u015eUBELER\u0130M\u0130Z","item":"https:\/\/www.myvize.com.tr\/misir\/subelerimiz\/"},{"@type":"ListItem","position":3,"name":"M\u0131s\u0131r Vizesi , Bursa"}]},{"@type":"WebSite","@id":"https:\/\/www.myvize.com.tr\/misir\/#website","url":"https:\/\/www.myvize.com.tr\/misir\/","name":"M\u0131s\u0131r Vizesi","description":"","potentialAction":[{"@type":"SearchAction","target":{"@type":"EntryPoint","urlTemplate":"https:\/\/www.myvize.com.tr\/misir\/?s={search_term_string}"},"query-input":{"@type":"PropertyValueSpecification","valueRequired":true,"valueName":"search_term_string"}}],"inLanguage":"tr"}]}},"_links":{"self":[{"href":"https:\/\/www.myvize.com.tr\/misir\/wp-json\/wp\/v2\/pages\/216","targetHints":{"allow":["GET"]}}],"collection":[{"href":"https:\/\/www.myvize.com.tr\/misir\/wp-json\/wp\/v2\/pages"}],"about":[{"href":"https:\/\/www.myvize.com.tr\/misir\/wp-json\/wp\/v2\/types\/page"}],"author":[{"embeddable":true,"href":"https:\/\/www.myvize.com.tr\/misir\/wp-json\/wp\/v2\/users\/1"}],"replies":[{"embeddable":true,"href":"https:\/\/www.myvize.com.tr\/misir\/wp-json\/wp\/v2\/comments?post=216"}],"version-history":[{"count":5,"href":"https:\/\/www.myvize.com.tr\/misir\/wp-json\/wp\/v2\/pages\/216\/revisions"}],"predecessor-version":[{"id":752,"href":"https:\/\/www.myvize.com.tr\/misir\/wp-json\/wp\/v2\/pages\/216\/revisions\/752"}],"up":[{"embeddable":true,"href":"https:\/\/www.myvize.com.tr\/misir\/wp-json\/wp\/v2\/pages\/173"}],"wp:attachment":[{"href":"https:\/\/www.myvize.com.tr\/misir\/wp-json\/wp\/v2\/media?parent=216"}],"curies":[{"name":"wp","href":"https:\/\/api.w.org\/{rel}","templated":true}]}}