{"id":220,"date":"2020-12-28T15:24:41","date_gmt":"2020-12-28T12:24:41","guid":{"rendered":"https:\/\/www.myvize.com.tr\/misir\/?page_id=220"},"modified":"2022-04-25T17:48:26","modified_gmt":"2022-04-25T14:48:26","slug":"corlu","status":"publish","type":"page","link":"https:\/\/www.myvize.com.tr\/misir\/subelerimiz\/corlu\/","title":{"rendered":"M\u0131s\u0131r Vizesi , \u00c7orlu"},"content":{"rendered":"<h2><span style=\"font-family: Roboto; font-size: 27px;\"><strong>M\u0131s\u0131r Vize Ba\u015fvuru Merkezi , \u00c7orlu<\/strong><\/span><\/h2>\n<p><span style=\"font-family: Roboto; font-size: 14px;\"><strong>\u00c7orlu vize ba\u015fvuru\u00a0<\/strong>i\u015flemleri i\u00e7in gerekli olan baz\u0131 evraklar bulunur. \u00d6ncelikle yap\u0131lmas\u0131 gereken i\u015flem <strong>vize ba\u015fvuru<\/strong> formunun doldurulmas\u0131d\u0131r. Evraklar konsolosluk taraf\u0131ndan belirlenen belgelerdir. Belgelerin eksiksiz ve ayn\u0131 zaman da hatas\u0131z olarak da teslim edilmesi gerekir. Evraklar\u0131n do\u011fru bir \u015fekilde haz\u0131rlanmamas\u0131 ya da vize ba\u015fvuru formunun do\u011fru doldurulmamas\u0131 durumu vize reddine neden olur. Bu nedenle bu i\u015flemler yerine getirilirken dikkatli olunmas\u0131 gerekir. Hem <strong>vize ba\u015fvuru formunu<\/strong> doldururken hem de belgeleri haz\u0131rlarken olduk\u00e7a dikkatli davran\u0131lmal\u0131d\u0131r. Ba\u015fvuru i\u015fleminin yap\u0131labilmesi i\u00e7in \u00f6ncelikle belgelerin teslim edilmesi gerekir. Haz\u0131rlanan form ve belgelerin merkeze bizzat getirilme olas\u0131l\u0131\u011f\u0131n\u0131n oldu\u011fu gibi ayn\u0131 zaman da kargo ile de ula\u015ft\u0131rabilme durumu vard\u0131r. <strong>Vize ba\u015fvuru<\/strong> i\u00e7in gerekli belgeler; do\u011fru ve eksiksiz olarak doldurulmu\u015f olan<span style=\"color: #2acec2;\"><strong><a style=\"color: #2acec2;\" href=\"https:\/\/www.myvize.com.tr\/misir\/vize-islemleri\/misir-vize-basvuru-formu\/\" target=\"_blank\" rel=\"noopener\"> M\u0131s\u0131r vize ba\u015fvuru formu<\/a><\/strong><\/span>, pasaport, yeni \u00e7ekilmi\u015f olan 2 adet biyometrik foto\u011fraf, \u00f6nl\u00fc arkal\u0131 olarak \u00e7ekilmi\u015f olan kimlik fotokopisi, vize i\u00e7in talep dilek\u00e7esi, u\u00e7ak biletleri ve ayn\u0131 zaman da otel rezervasyonlar\u0131n\u0131n olmas\u0131 gerekir. Bu belgelerinde tam ve eksiksiz olarak sunulmas\u0131 gerekir.\u00a0<\/span><\/p>\n","protected":false},"excerpt":{"rendered":"<p>M\u0131s\u0131r Vize Ba\u015fvuru Merkezi , \u00c7orlu \u00c7orlu vize ba\u015fvuru\u00a0i\u015flemleri i\u00e7in gerekli olan baz\u0131 evraklar bulunur. \u00d6ncelikle yap\u0131lmas\u0131 gereken i\u015flem vize ba\u015fvuru formunun doldurulmas\u0131d\u0131r. Evraklar konsolosluk taraf\u0131ndan belirlenen belgelerdir. Belgelerin eksiksiz ve ayn\u0131 zaman da hatas\u0131z olarak da teslim edilmesi gerekir. Evraklar\u0131n do\u011fru bir \u015fekilde haz\u0131rlanmamas\u0131 ya da vize ba\u015fvuru formunun do\u011fru doldurulmamas\u0131 durumu vize reddine<\/p>\n","protected":false},"author":1,"featured_media":0,"parent":173,"menu_order":0,"comment_status":"open","ping_status":"closed","template":"","meta":{"footnotes":""},"class_list":["post-220","page","type-page","status-publish","hentry"],"yoast_head":"<!-- This site is optimized with the Yoast SEO plugin v24.0 - https:\/\/yoast.com\/wordpress\/plugins\/seo\/ -->\n<title>M\u0131s\u0131r Vizesi \u00c7orlu Vize Ba\u015fvuru Merkezimiz - MyVize<\/title>\n<meta name=\"description\" content=\"M\u0131s\u0131r vizesi \u00c7orlu ofisimiz, hangi \u00fclkeye seyahat etmek isterseniz gerekli b\u00fct\u00fcn bilgilere ula\u015fabilirsiniz: 0850 346 84 93\" \/>\n<meta name=\"robots\" content=\"index, follow, max-snippet:-1, max-image-preview:large, max-video-preview:-1\" \/>\n<link rel=\"canonical\" href=\"https:\/\/www.myvize.com.tr\/misir\/subelerimiz\/corlu\/\" \/>\n<meta property=\"og:locale\" content=\"tr_TR\" \/>\n<meta property=\"og:type\" content=\"article\" \/>\n<meta property=\"og:title\" content=\"M\u0131s\u0131r Vizesi \u00c7orlu Vize Ba\u015fvuru Merkezimiz - MyVize\" \/>\n<meta property=\"og:description\" content=\"M\u0131s\u0131r vizesi \u00c7orlu ofisimiz, hangi \u00fclkeye seyahat etmek isterseniz gerekli b\u00fct\u00fcn bilgilere ula\u015fabilirsiniz: 0850 346 84 93\" \/>\n<meta property=\"og:url\" content=\"https:\/\/www.myvize.com.tr\/misir\/subelerimiz\/corlu\/\" \/>\n<meta property=\"og:site_name\" content=\"M\u0131s\u0131r Vizesi\" \/>\n<meta property=\"article:modified_time\" content=\"2022-04-25T14:48:26+00:00\" \/>\n<meta name=\"twitter:card\" content=\"summary_large_image\" \/>\n<meta name=\"twitter:label1\" content=\"Tahmini okuma s\u00fcresi\" \/>\n\t<meta name=\"twitter:data1\" content=\"1 dakika\" \/>\n<script type=\"application\/ld+json\" class=\"yoast-schema-graph\">{\"@context\":\"https:\/\/schema.org\",\"@graph\":[{\"@type\":\"WebPage\",\"@id\":\"https:\/\/www.myvize.com.tr\/misir\/subelerimiz\/corlu\/\",\"url\":\"https:\/\/www.myvize.com.tr\/misir\/subelerimiz\/corlu\/\",\"name\":\"M\u0131s\u0131r Vizesi \u00c7orlu Vize Ba\u015fvuru Merkezimiz - MyVize\",\"isPartOf\":{\"@id\":\"https:\/\/www.myvize.com.tr\/misir\/#website\"},\"datePublished\":\"2020-12-28T12:24:41+00:00\",\"dateModified\":\"2022-04-25T14:48:26+00:00\",\"description\":\"M\u0131s\u0131r vizesi \u00c7orlu ofisimiz, hangi \u00fclkeye seyahat etmek isterseniz gerekli b\u00fct\u00fcn bilgilere ula\u015fabilirsiniz: 0850 346 84 93\",\"breadcrumb\":{\"@id\":\"https:\/\/www.myvize.com.tr\/misir\/subelerimiz\/corlu\/#breadcrumb\"},\"inLanguage\":\"tr\",\"potentialAction\":[{\"@type\":\"ReadAction\",\"target\":[\"https:\/\/www.myvize.com.tr\/misir\/subelerimiz\/corlu\/\"]}]},{\"@type\":\"BreadcrumbList\",\"@id\":\"https:\/\/www.myvize.com.tr\/misir\/subelerimiz\/corlu\/#breadcrumb\",\"itemListElement\":[{\"@type\":\"ListItem\",\"position\":1,\"name\":\"Anasayfa\",\"item\":\"https:\/\/www.myvize.com.tr\/misir\/\"},{\"@type\":\"ListItem\",\"position\":2,\"name\":\"\u015eUBELER\u0130M\u0130Z\",\"item\":\"https:\/\/www.myvize.com.tr\/misir\/subelerimiz\/\"},{\"@type\":\"ListItem\",\"position\":3,\"name\":\"M\u0131s\u0131r Vizesi , \u00c7orlu\"}]},{\"@type\":\"WebSite\",\"@id\":\"https:\/\/www.myvize.com.tr\/misir\/#website\",\"url\":\"https:\/\/www.myvize.com.tr\/misir\/\",\"name\":\"M\u0131s\u0131r Vizesi\",\"description\":\"\",\"potentialAction\":[{\"@type\":\"SearchAction\",\"target\":{\"@type\":\"EntryPoint\",\"urlTemplate\":\"https:\/\/www.myvize.com.tr\/misir\/?s={search_term_string}\"},\"query-input\":{\"@type\":\"PropertyValueSpecification\",\"valueRequired\":true,\"valueName\":\"search_term_string\"}}],\"inLanguage\":\"tr\"}]}<\/script>\n<!-- \/ Yoast SEO plugin. -->","yoast_head_json":{"title":"M\u0131s\u0131r Vizesi \u00c7orlu Vize Ba\u015fvuru Merkezimiz - MyVize","description":"M\u0131s\u0131r vizesi \u00c7orlu ofisimiz, hangi \u00fclkeye seyahat etmek isterseniz gerekli b\u00fct\u00fcn bilgilere ula\u015fabilirsiniz: 0850 346 84 93","robots":{"index":"index","follow":"follow","max-snippet":"max-snippet:-1","max-image-preview":"max-image-preview:large","max-video-preview":"max-video-preview:-1"},"canonical":"https:\/\/www.myvize.com.tr\/misir\/subelerimiz\/corlu\/","og_locale":"tr_TR","og_type":"article","og_title":"M\u0131s\u0131r Vizesi \u00c7orlu Vize Ba\u015fvuru Merkezimiz - MyVize","og_description":"M\u0131s\u0131r vizesi \u00c7orlu ofisimiz, hangi \u00fclkeye seyahat etmek isterseniz gerekli b\u00fct\u00fcn bilgilere ula\u015fabilirsiniz: 0850 346 84 93","og_url":"https:\/\/www.myvize.com.tr\/misir\/subelerimiz\/corlu\/","og_site_name":"M\u0131s\u0131r Vizesi","article_modified_time":"2022-04-25T14:48:26+00:00","twitter_card":"summary_large_image","twitter_misc":{"Tahmini okuma s\u00fcresi":"1 dakika"},"schema":{"@context":"https:\/\/schema.org","@graph":[{"@type":"WebPage","@id":"https:\/\/www.myvize.com.tr\/misir\/subelerimiz\/corlu\/","url":"https:\/\/www.myvize.com.tr\/misir\/subelerimiz\/corlu\/","name":"M\u0131s\u0131r Vizesi \u00c7orlu Vize Ba\u015fvuru Merkezimiz - MyVize","isPartOf":{"@id":"https:\/\/www.myvize.com.tr\/misir\/#website"},"datePublished":"2020-12-28T12:24:41+00:00","dateModified":"2022-04-25T14:48:26+00:00","description":"M\u0131s\u0131r vizesi \u00c7orlu ofisimiz, hangi \u00fclkeye seyahat etmek isterseniz gerekli b\u00fct\u00fcn bilgilere ula\u015fabilirsiniz: 0850 346 84 93","breadcrumb":{"@id":"https:\/\/www.myvize.com.tr\/misir\/subelerimiz\/corlu\/#breadcrumb"},"inLanguage":"tr","potentialAction":[{"@type":"ReadAction","target":["https:\/\/www.myvize.com.tr\/misir\/subelerimiz\/corlu\/"]}]},{"@type":"BreadcrumbList","@id":"https:\/\/www.myvize.com.tr\/misir\/subelerimiz\/corlu\/#breadcrumb","itemListElement":[{"@type":"ListItem","position":1,"name":"Anasayfa","item":"https:\/\/www.myvize.com.tr\/misir\/"},{"@type":"ListItem","position":2,"name":"\u015eUBELER\u0130M\u0130Z","item":"https:\/\/www.myvize.com.tr\/misir\/subelerimiz\/"},{"@type":"ListItem","position":3,"name":"M\u0131s\u0131r Vizesi , \u00c7orlu"}]},{"@type":"WebSite","@id":"https:\/\/www.myvize.com.tr\/misir\/#website","url":"https:\/\/www.myvize.com.tr\/misir\/","name":"M\u0131s\u0131r Vizesi","description":"","potentialAction":[{"@type":"SearchAction","target":{"@type":"EntryPoint","urlTemplate":"https:\/\/www.myvize.com.tr\/misir\/?s={search_term_string}"},"query-input":{"@type":"PropertyValueSpecification","valueRequired":true,"valueName":"search_term_string"}}],"inLanguage":"tr"}]}},"_links":{"self":[{"href":"https:\/\/www.myvize.com.tr\/misir\/wp-json\/wp\/v2\/pages\/220","targetHints":{"allow":["GET"]}}],"collection":[{"href":"https:\/\/www.myvize.com.tr\/misir\/wp-json\/wp\/v2\/pages"}],"about":[{"href":"https:\/\/www.myvize.com.tr\/misir\/wp-json\/wp\/v2\/types\/page"}],"author":[{"embeddable":true,"href":"https:\/\/www.myvize.com.tr\/misir\/wp-json\/wp\/v2\/users\/1"}],"replies":[{"embeddable":true,"href":"https:\/\/www.myvize.com.tr\/misir\/wp-json\/wp\/v2\/comments?post=220"}],"version-history":[{"count":5,"href":"https:\/\/www.myvize.com.tr\/misir\/wp-json\/wp\/v2\/pages\/220\/revisions"}],"predecessor-version":[{"id":750,"href":"https:\/\/www.myvize.com.tr\/misir\/wp-json\/wp\/v2\/pages\/220\/revisions\/750"}],"up":[{"embeddable":true,"href":"https:\/\/www.myvize.com.tr\/misir\/wp-json\/wp\/v2\/pages\/173"}],"wp:attachment":[{"href":"https:\/\/www.myvize.com.tr\/misir\/wp-json\/wp\/v2\/media?parent=220"}],"curies":[{"name":"wp","href":"https:\/\/api.w.org\/{rel}","templated":true}]}}