{"id":222,"date":"2020-12-28T15:24:56","date_gmt":"2020-12-28T12:24:56","guid":{"rendered":"https:\/\/www.myvize.com.tr\/misir\/?page_id=222"},"modified":"2022-04-25T17:47:56","modified_gmt":"2022-04-25T14:47:56","slug":"canakkale","status":"publish","type":"page","link":"https:\/\/www.myvize.com.tr\/misir\/subelerimiz\/canakkale\/","title":{"rendered":"M\u0131s\u0131r Vizesi , \u00c7anakkale"},"content":{"rendered":"<h2><span style=\"font-family: Roboto; font-size: 27px;\"><strong>M\u0131s\u0131r Vize Ba\u015fvuru Merkezi , \u00c7anakkale<\/strong><\/span><\/h2>\n<p><span style=\"font-family: Roboto; font-size: 14px;\"><strong>\u00c7anakkale vize ba\u015fvuru<\/strong>\u00a0i\u00e7in merkezde bulunan uzmanlar ile g\u00f6r\u00fc\u015fme yapman\u0131z durumunda <span style=\"color: #2acec2;\"><strong><a style=\"color: #2acec2;\" href=\"https:\/\/www.myvize.com.tr\/misir\/vize-islemleri\/\" target=\"_blank\" rel=\"noopener\">vize i\u015flemleri <\/a><\/strong><\/span>ile ilgili gerekli olan her t\u00fcrl\u00fc bilgiye sahip olabilirsiniz. <strong>Vize ba\u015fvurusunun<\/strong> yap\u0131labilmesi i\u00e7in \u00f6ncelikle evraklar\u0131n teslim edilmesi gerekir. Evraklar\u0131n teslim edilmesinden sonra geride kalan her t\u00fcrl\u00fc i\u015flem \u015fube \u00e7al\u0131\u015fanlar\u0131 taraf\u0131ndan yerine getirilir. Bu sayede i\u015flemler en do\u011fru \u015fekli ile birlikte konsoloslu\u011fa sunulmu\u015f olur. Evraklar\u0131 \u015fahsen getirme imkan\u0131n\u0131n oldu\u011fu gibi ayn\u0131 zaman da kurye ile de g\u00f6nderme imkan\u0131n\u0131z vard\u0131r. Ki\u015filerin ihtiya\u00e7 duyduklar\u0131 her zaman da e posta yolu ile ya da arayarak istedikleri soruyu sorabilme imkanlar\u0131 vard\u0131r. Yap\u0131lan ba\u015fvurular\u0131n hepsi konsoloslu\u011fa sunulur. <strong>Vizenin onaylanarak \u00e7\u0131kmas\u0131<\/strong> halinde temsilciler ba\u015fvuru sahibine ula\u015f\u0131rlar. Pasaportun istenirse bizzat giderek al\u0131nabilece\u011fi gibi kargo taraf\u0131ndan iletilmesi de istenebilir. Bu durum tamamen ki\u015finin kendisine kalm\u0131\u015f bir durumdur. <strong>Vize ile ilgili sonuca<\/strong> 7 i\u015f g\u00fcn\u00fc i\u00e7erisinde ula\u015f\u0131labilir. Ancak yine de ba\u015fvurunun seyahatten en az 15 g\u00fcn \u00f6nce yap\u0131lmas\u0131 \u00e7ok daha do\u011fru olur. \u00c7\u00fcnk\u00fc herhangi bir aksakl\u0131k seyahatin de mahvolmas\u0131na neden olabilir.\u00a0<\/span><\/p>\n","protected":false},"excerpt":{"rendered":"<p>M\u0131s\u0131r Vize Ba\u015fvuru Merkezi , \u00c7anakkale \u00c7anakkale vize ba\u015fvuru\u00a0i\u00e7in merkezde bulunan uzmanlar ile g\u00f6r\u00fc\u015fme yapman\u0131z durumunda vize i\u015flemleri ile ilgili gerekli olan her t\u00fcrl\u00fc bilgiye sahip olabilirsiniz. Vize ba\u015fvurusunun yap\u0131labilmesi i\u00e7in \u00f6ncelikle evraklar\u0131n teslim edilmesi gerekir. Evraklar\u0131n teslim edilmesinden sonra geride kalan her t\u00fcrl\u00fc i\u015flem \u015fube \u00e7al\u0131\u015fanlar\u0131 taraf\u0131ndan yerine getirilir. Bu sayede i\u015flemler en do\u011fru<\/p>\n","protected":false},"author":1,"featured_media":0,"parent":173,"menu_order":0,"comment_status":"open","ping_status":"closed","template":"","meta":{"footnotes":""},"class_list":["post-222","page","type-page","status-publish","hentry"],"yoast_head":"<!-- This site is optimized with the Yoast SEO plugin v24.0 - https:\/\/yoast.com\/wordpress\/plugins\/seo\/ -->\n<title>M\u0131s\u0131r Vizesi \u00c7anakkale Vize Ba\u015fvuru \u015eubesi - MyVize<\/title>\n<meta name=\"description\" content=\"M\u0131s\u0131r vizesi \u00c7anakkale ofisimiz, hangi \u00fclkeye seyahat etmek isterseniz gerekli b\u00fct\u00fcn bilgilere ula\u015fabilirsiniz: 0850 346 84 93\" \/>\n<meta name=\"robots\" content=\"index, follow, max-snippet:-1, max-image-preview:large, max-video-preview:-1\" \/>\n<link rel=\"canonical\" href=\"https:\/\/www.myvize.com.tr\/misir\/subelerimiz\/canakkale\/\" \/>\n<meta property=\"og:locale\" content=\"tr_TR\" \/>\n<meta property=\"og:type\" content=\"article\" \/>\n<meta property=\"og:title\" content=\"M\u0131s\u0131r Vizesi \u00c7anakkale Vize Ba\u015fvuru \u015eubesi - MyVize\" \/>\n<meta property=\"og:description\" content=\"M\u0131s\u0131r vizesi \u00c7anakkale ofisimiz, hangi \u00fclkeye seyahat etmek isterseniz gerekli b\u00fct\u00fcn bilgilere ula\u015fabilirsiniz: 0850 346 84 93\" \/>\n<meta property=\"og:url\" content=\"https:\/\/www.myvize.com.tr\/misir\/subelerimiz\/canakkale\/\" \/>\n<meta property=\"og:site_name\" content=\"M\u0131s\u0131r Vizesi\" \/>\n<meta property=\"article:modified_time\" content=\"2022-04-25T14:47:56+00:00\" \/>\n<meta name=\"twitter:card\" content=\"summary_large_image\" \/>\n<meta name=\"twitter:label1\" content=\"Tahmini okuma s\u00fcresi\" \/>\n\t<meta name=\"twitter:data1\" content=\"1 dakika\" \/>\n<script type=\"application\/ld+json\" class=\"yoast-schema-graph\">{\"@context\":\"https:\/\/schema.org\",\"@graph\":[{\"@type\":\"WebPage\",\"@id\":\"https:\/\/www.myvize.com.tr\/misir\/subelerimiz\/canakkale\/\",\"url\":\"https:\/\/www.myvize.com.tr\/misir\/subelerimiz\/canakkale\/\",\"name\":\"M\u0131s\u0131r Vizesi \u00c7anakkale Vize Ba\u015fvuru \u015eubesi - MyVize\",\"isPartOf\":{\"@id\":\"https:\/\/www.myvize.com.tr\/misir\/#website\"},\"datePublished\":\"2020-12-28T12:24:56+00:00\",\"dateModified\":\"2022-04-25T14:47:56+00:00\",\"description\":\"M\u0131s\u0131r vizesi \u00c7anakkale ofisimiz, hangi \u00fclkeye seyahat etmek isterseniz gerekli b\u00fct\u00fcn bilgilere ula\u015fabilirsiniz: 0850 346 84 93\",\"breadcrumb\":{\"@id\":\"https:\/\/www.myvize.com.tr\/misir\/subelerimiz\/canakkale\/#breadcrumb\"},\"inLanguage\":\"tr\",\"potentialAction\":[{\"@type\":\"ReadAction\",\"target\":[\"https:\/\/www.myvize.com.tr\/misir\/subelerimiz\/canakkale\/\"]}]},{\"@type\":\"BreadcrumbList\",\"@id\":\"https:\/\/www.myvize.com.tr\/misir\/subelerimiz\/canakkale\/#breadcrumb\",\"itemListElement\":[{\"@type\":\"ListItem\",\"position\":1,\"name\":\"Anasayfa\",\"item\":\"https:\/\/www.myvize.com.tr\/misir\/\"},{\"@type\":\"ListItem\",\"position\":2,\"name\":\"\u015eUBELER\u0130M\u0130Z\",\"item\":\"https:\/\/www.myvize.com.tr\/misir\/subelerimiz\/\"},{\"@type\":\"ListItem\",\"position\":3,\"name\":\"M\u0131s\u0131r Vizesi , \u00c7anakkale\"}]},{\"@type\":\"WebSite\",\"@id\":\"https:\/\/www.myvize.com.tr\/misir\/#website\",\"url\":\"https:\/\/www.myvize.com.tr\/misir\/\",\"name\":\"M\u0131s\u0131r Vizesi\",\"description\":\"\",\"potentialAction\":[{\"@type\":\"SearchAction\",\"target\":{\"@type\":\"EntryPoint\",\"urlTemplate\":\"https:\/\/www.myvize.com.tr\/misir\/?s={search_term_string}\"},\"query-input\":{\"@type\":\"PropertyValueSpecification\",\"valueRequired\":true,\"valueName\":\"search_term_string\"}}],\"inLanguage\":\"tr\"}]}<\/script>\n<!-- \/ Yoast SEO plugin. -->","yoast_head_json":{"title":"M\u0131s\u0131r Vizesi \u00c7anakkale Vize Ba\u015fvuru \u015eubesi - MyVize","description":"M\u0131s\u0131r vizesi \u00c7anakkale ofisimiz, hangi \u00fclkeye seyahat etmek isterseniz gerekli b\u00fct\u00fcn bilgilere ula\u015fabilirsiniz: 0850 346 84 93","robots":{"index":"index","follow":"follow","max-snippet":"max-snippet:-1","max-image-preview":"max-image-preview:large","max-video-preview":"max-video-preview:-1"},"canonical":"https:\/\/www.myvize.com.tr\/misir\/subelerimiz\/canakkale\/","og_locale":"tr_TR","og_type":"article","og_title":"M\u0131s\u0131r Vizesi \u00c7anakkale Vize Ba\u015fvuru \u015eubesi - MyVize","og_description":"M\u0131s\u0131r vizesi \u00c7anakkale ofisimiz, hangi \u00fclkeye seyahat etmek isterseniz gerekli b\u00fct\u00fcn bilgilere ula\u015fabilirsiniz: 0850 346 84 93","og_url":"https:\/\/www.myvize.com.tr\/misir\/subelerimiz\/canakkale\/","og_site_name":"M\u0131s\u0131r Vizesi","article_modified_time":"2022-04-25T14:47:56+00:00","twitter_card":"summary_large_image","twitter_misc":{"Tahmini okuma s\u00fcresi":"1 dakika"},"schema":{"@context":"https:\/\/schema.org","@graph":[{"@type":"WebPage","@id":"https:\/\/www.myvize.com.tr\/misir\/subelerimiz\/canakkale\/","url":"https:\/\/www.myvize.com.tr\/misir\/subelerimiz\/canakkale\/","name":"M\u0131s\u0131r Vizesi \u00c7anakkale Vize Ba\u015fvuru \u015eubesi - MyVize","isPartOf":{"@id":"https:\/\/www.myvize.com.tr\/misir\/#website"},"datePublished":"2020-12-28T12:24:56+00:00","dateModified":"2022-04-25T14:47:56+00:00","description":"M\u0131s\u0131r vizesi \u00c7anakkale ofisimiz, hangi \u00fclkeye seyahat etmek isterseniz gerekli b\u00fct\u00fcn bilgilere ula\u015fabilirsiniz: 0850 346 84 93","breadcrumb":{"@id":"https:\/\/www.myvize.com.tr\/misir\/subelerimiz\/canakkale\/#breadcrumb"},"inLanguage":"tr","potentialAction":[{"@type":"ReadAction","target":["https:\/\/www.myvize.com.tr\/misir\/subelerimiz\/canakkale\/"]}]},{"@type":"BreadcrumbList","@id":"https:\/\/www.myvize.com.tr\/misir\/subelerimiz\/canakkale\/#breadcrumb","itemListElement":[{"@type":"ListItem","position":1,"name":"Anasayfa","item":"https:\/\/www.myvize.com.tr\/misir\/"},{"@type":"ListItem","position":2,"name":"\u015eUBELER\u0130M\u0130Z","item":"https:\/\/www.myvize.com.tr\/misir\/subelerimiz\/"},{"@type":"ListItem","position":3,"name":"M\u0131s\u0131r Vizesi , \u00c7anakkale"}]},{"@type":"WebSite","@id":"https:\/\/www.myvize.com.tr\/misir\/#website","url":"https:\/\/www.myvize.com.tr\/misir\/","name":"M\u0131s\u0131r Vizesi","description":"","potentialAction":[{"@type":"SearchAction","target":{"@type":"EntryPoint","urlTemplate":"https:\/\/www.myvize.com.tr\/misir\/?s={search_term_string}"},"query-input":{"@type":"PropertyValueSpecification","valueRequired":true,"valueName":"search_term_string"}}],"inLanguage":"tr"}]}},"_links":{"self":[{"href":"https:\/\/www.myvize.com.tr\/misir\/wp-json\/wp\/v2\/pages\/222","targetHints":{"allow":["GET"]}}],"collection":[{"href":"https:\/\/www.myvize.com.tr\/misir\/wp-json\/wp\/v2\/pages"}],"about":[{"href":"https:\/\/www.myvize.com.tr\/misir\/wp-json\/wp\/v2\/types\/page"}],"author":[{"embeddable":true,"href":"https:\/\/www.myvize.com.tr\/misir\/wp-json\/wp\/v2\/users\/1"}],"replies":[{"embeddable":true,"href":"https:\/\/www.myvize.com.tr\/misir\/wp-json\/wp\/v2\/comments?post=222"}],"version-history":[{"count":5,"href":"https:\/\/www.myvize.com.tr\/misir\/wp-json\/wp\/v2\/pages\/222\/revisions"}],"predecessor-version":[{"id":749,"href":"https:\/\/www.myvize.com.tr\/misir\/wp-json\/wp\/v2\/pages\/222\/revisions\/749"}],"up":[{"embeddable":true,"href":"https:\/\/www.myvize.com.tr\/misir\/wp-json\/wp\/v2\/pages\/173"}],"wp:attachment":[{"href":"https:\/\/www.myvize.com.tr\/misir\/wp-json\/wp\/v2\/media?parent=222"}],"curies":[{"name":"wp","href":"https:\/\/api.w.org\/{rel}","templated":true}]}}