{"id":224,"date":"2020-12-28T15:25:12","date_gmt":"2020-12-28T12:25:12","guid":{"rendered":"https:\/\/www.myvize.com.tr\/misir\/?page_id=224"},"modified":"2022-05-09T12:29:02","modified_gmt":"2022-05-09T09:29:02","slug":"altunizade","status":"publish","type":"page","link":"https:\/\/www.myvize.com.tr\/misir\/subelerimiz\/altunizade\/","title":{"rendered":"M\u0131s\u0131r Vizesi , Altunizade"},"content":{"rendered":"<h2><span style=\"font-family: Roboto; font-size: 27px;\"><strong>M\u0131s\u0131r Vize Ba\u015fvuru Merkezi , Altunizade<\/strong><\/span><\/h2>\n<p><span style=\"font-family: Roboto; font-size: 14px;\"><strong>Altunizade vize ba\u015fvuru\u00a0<\/strong>i\u015flemi ki\u015filerin belli bir s\u00fcreli\u011fine M\u0131s\u0131r\u2019a giri\u015f yapmalar\u0131na ve belli bir s\u00fcrede \u00fclkede ikamet etmelerine yard\u0131mc\u0131 olan bir izin belgesi olur. T\u00fcrk vatanda\u015flar\u0131n\u0131n ye\u015fil pasaport, siyah pasaport, gri pasaporta sahip olmalar\u0131 durumunda 90 g\u00fcne kadar vizesiz seyahat etme imkanlar\u0131 vard\u0131r. Ancak bordo pasaporta sahip olan ki\u015filerin \u00fclkeye giri\u015f yapabilmeleri i\u00e7in ge\u00e7erli olan bir vizeye ihtiya\u00e7lar\u0131 olur. Altunizade \u015fubesinden yapacak oldu\u011funuz ba\u015fvuru ile ilgili gerekli olan belgeleri tamamlayarak teslim etmeniz durumunda gerekli olan b\u00fct\u00fcn<span style=\"color: #2acec2;\"><strong><a style=\"color: #2acec2;\" href=\"https:\/\/www.myvize.com.tr\/misir\/vize-islemleri\/\" target=\"_blank\" rel=\"noopener\"> vize i\u015flemleri<\/a><\/strong><\/span> merkez uzmanlar\u0131 taraf\u0131ndan yerine getirilir. Vize ba\u015fvurular\u0131 <strong>M\u0131s\u0131r temsilcili\u011fi<\/strong> taraf\u0131ndan de\u011ferlendirilir. Bu nedenle de yap\u0131lan ba\u015fvurunun konsolosluk ile ilgili olan b\u00fct\u00fcn prosed\u00fcrlere uymas\u0131 gerekir. Bavurunun do\u011fru bir \u015fekilde yap\u0131labilmesi i\u00e7in \u00f6ncelikle vize t\u00fcr\u00fcn\u00fcn do\u011fru bir \u015fekilde tercih edilmesi gerekir. Vize t\u00fcr\u00fcn\u00fc belirlemek i\u00e7inde yard\u0131m almak istemeniz halinde ofis \u00e7al\u0131\u015fanlar\u0131 yard\u0131mc\u0131 olurlar. Ayn\u0131 zamanda <strong>ba\u015fvuru formu<\/strong> do\u011fru bir \u015fekilde doldurulmal\u0131d\u0131r. Form da yer alan bilgilerin her birinin verilen belgeler ile birbirini destekleyen bir niteli\u011fe sahip olmas\u0131 gerekir.\u00a0<\/span><\/p>\n","protected":false},"excerpt":{"rendered":"<p>M\u0131s\u0131r Vize Ba\u015fvuru Merkezi , Altunizade Altunizade vize ba\u015fvuru\u00a0i\u015flemi ki\u015filerin belli bir s\u00fcreli\u011fine M\u0131s\u0131r\u2019a giri\u015f yapmalar\u0131na ve belli bir s\u00fcrede \u00fclkede ikamet etmelerine yard\u0131mc\u0131 olan bir izin belgesi olur. T\u00fcrk vatanda\u015flar\u0131n\u0131n ye\u015fil pasaport, siyah pasaport, gri pasaporta sahip olmalar\u0131 durumunda 90 g\u00fcne kadar vizesiz seyahat etme imkanlar\u0131 vard\u0131r. Ancak bordo pasaporta sahip olan ki\u015filerin \u00fclkeye<\/p>\n","protected":false},"author":1,"featured_media":0,"parent":173,"menu_order":0,"comment_status":"open","ping_status":"closed","template":"","meta":{"footnotes":""},"class_list":["post-224","page","type-page","status-publish","hentry"],"yoast_head":"<!-- This site is optimized with the Yoast SEO plugin v24.0 - https:\/\/yoast.com\/wordpress\/plugins\/seo\/ -->\n<title>M\u0131s\u0131r Vize Ba\u015fvuru Merkezimiz Altunizade - MyVize<\/title>\n<meta name=\"description\" content=\"M\u0131s\u0131r vizesi Altunizade ofisimiz, hangi \u00fclkeye seyahat etmek isterseniz gerekli b\u00fct\u00fcn bilgilere ula\u015fabilirsiniz: 0850 346 84 93\" \/>\n<meta name=\"robots\" content=\"index, follow, max-snippet:-1, max-image-preview:large, max-video-preview:-1\" \/>\n<link rel=\"canonical\" href=\"https:\/\/www.myvize.com.tr\/misir\/subelerimiz\/altunizade\/\" \/>\n<meta property=\"og:locale\" content=\"tr_TR\" \/>\n<meta property=\"og:type\" content=\"article\" \/>\n<meta property=\"og:title\" content=\"M\u0131s\u0131r Vize Ba\u015fvuru Merkezimiz Altunizade - MyVize\" \/>\n<meta property=\"og:description\" content=\"M\u0131s\u0131r vizesi Altunizade ofisimiz, hangi \u00fclkeye seyahat etmek isterseniz gerekli b\u00fct\u00fcn bilgilere ula\u015fabilirsiniz: 0850 346 84 93\" \/>\n<meta property=\"og:url\" content=\"https:\/\/www.myvize.com.tr\/misir\/subelerimiz\/altunizade\/\" \/>\n<meta property=\"og:site_name\" content=\"M\u0131s\u0131r Vizesi\" \/>\n<meta property=\"article:modified_time\" content=\"2022-05-09T09:29:02+00:00\" \/>\n<meta name=\"twitter:card\" content=\"summary_large_image\" \/>\n<meta name=\"twitter:label1\" content=\"Tahmini okuma s\u00fcresi\" \/>\n\t<meta name=\"twitter:data1\" content=\"1 dakika\" \/>\n<script type=\"application\/ld+json\" class=\"yoast-schema-graph\">{\"@context\":\"https:\/\/schema.org\",\"@graph\":[{\"@type\":\"WebPage\",\"@id\":\"https:\/\/www.myvize.com.tr\/misir\/subelerimiz\/altunizade\/\",\"url\":\"https:\/\/www.myvize.com.tr\/misir\/subelerimiz\/altunizade\/\",\"name\":\"M\u0131s\u0131r Vize Ba\u015fvuru Merkezimiz Altunizade - MyVize\",\"isPartOf\":{\"@id\":\"https:\/\/www.myvize.com.tr\/misir\/#website\"},\"datePublished\":\"2020-12-28T12:25:12+00:00\",\"dateModified\":\"2022-05-09T09:29:02+00:00\",\"description\":\"M\u0131s\u0131r vizesi Altunizade ofisimiz, hangi \u00fclkeye seyahat etmek isterseniz gerekli b\u00fct\u00fcn bilgilere ula\u015fabilirsiniz: 0850 346 84 93\",\"breadcrumb\":{\"@id\":\"https:\/\/www.myvize.com.tr\/misir\/subelerimiz\/altunizade\/#breadcrumb\"},\"inLanguage\":\"tr\",\"potentialAction\":[{\"@type\":\"ReadAction\",\"target\":[\"https:\/\/www.myvize.com.tr\/misir\/subelerimiz\/altunizade\/\"]}]},{\"@type\":\"BreadcrumbList\",\"@id\":\"https:\/\/www.myvize.com.tr\/misir\/subelerimiz\/altunizade\/#breadcrumb\",\"itemListElement\":[{\"@type\":\"ListItem\",\"position\":1,\"name\":\"Anasayfa\",\"item\":\"https:\/\/www.myvize.com.tr\/misir\/\"},{\"@type\":\"ListItem\",\"position\":2,\"name\":\"\u015eUBELER\u0130M\u0130Z\",\"item\":\"https:\/\/www.myvize.com.tr\/misir\/subelerimiz\/\"},{\"@type\":\"ListItem\",\"position\":3,\"name\":\"M\u0131s\u0131r Vizesi , Altunizade\"}]},{\"@type\":\"WebSite\",\"@id\":\"https:\/\/www.myvize.com.tr\/misir\/#website\",\"url\":\"https:\/\/www.myvize.com.tr\/misir\/\",\"name\":\"M\u0131s\u0131r Vizesi\",\"description\":\"\",\"potentialAction\":[{\"@type\":\"SearchAction\",\"target\":{\"@type\":\"EntryPoint\",\"urlTemplate\":\"https:\/\/www.myvize.com.tr\/misir\/?s={search_term_string}\"},\"query-input\":{\"@type\":\"PropertyValueSpecification\",\"valueRequired\":true,\"valueName\":\"search_term_string\"}}],\"inLanguage\":\"tr\"}]}<\/script>\n<!-- \/ Yoast SEO plugin. -->","yoast_head_json":{"title":"M\u0131s\u0131r Vize Ba\u015fvuru Merkezimiz Altunizade - MyVize","description":"M\u0131s\u0131r vizesi Altunizade ofisimiz, hangi \u00fclkeye seyahat etmek isterseniz gerekli b\u00fct\u00fcn bilgilere ula\u015fabilirsiniz: 0850 346 84 93","robots":{"index":"index","follow":"follow","max-snippet":"max-snippet:-1","max-image-preview":"max-image-preview:large","max-video-preview":"max-video-preview:-1"},"canonical":"https:\/\/www.myvize.com.tr\/misir\/subelerimiz\/altunizade\/","og_locale":"tr_TR","og_type":"article","og_title":"M\u0131s\u0131r Vize Ba\u015fvuru Merkezimiz Altunizade - MyVize","og_description":"M\u0131s\u0131r vizesi Altunizade ofisimiz, hangi \u00fclkeye seyahat etmek isterseniz gerekli b\u00fct\u00fcn bilgilere ula\u015fabilirsiniz: 0850 346 84 93","og_url":"https:\/\/www.myvize.com.tr\/misir\/subelerimiz\/altunizade\/","og_site_name":"M\u0131s\u0131r Vizesi","article_modified_time":"2022-05-09T09:29:02+00:00","twitter_card":"summary_large_image","twitter_misc":{"Tahmini okuma s\u00fcresi":"1 dakika"},"schema":{"@context":"https:\/\/schema.org","@graph":[{"@type":"WebPage","@id":"https:\/\/www.myvize.com.tr\/misir\/subelerimiz\/altunizade\/","url":"https:\/\/www.myvize.com.tr\/misir\/subelerimiz\/altunizade\/","name":"M\u0131s\u0131r Vize Ba\u015fvuru Merkezimiz Altunizade - MyVize","isPartOf":{"@id":"https:\/\/www.myvize.com.tr\/misir\/#website"},"datePublished":"2020-12-28T12:25:12+00:00","dateModified":"2022-05-09T09:29:02+00:00","description":"M\u0131s\u0131r vizesi Altunizade ofisimiz, hangi \u00fclkeye seyahat etmek isterseniz gerekli b\u00fct\u00fcn bilgilere ula\u015fabilirsiniz: 0850 346 84 93","breadcrumb":{"@id":"https:\/\/www.myvize.com.tr\/misir\/subelerimiz\/altunizade\/#breadcrumb"},"inLanguage":"tr","potentialAction":[{"@type":"ReadAction","target":["https:\/\/www.myvize.com.tr\/misir\/subelerimiz\/altunizade\/"]}]},{"@type":"BreadcrumbList","@id":"https:\/\/www.myvize.com.tr\/misir\/subelerimiz\/altunizade\/#breadcrumb","itemListElement":[{"@type":"ListItem","position":1,"name":"Anasayfa","item":"https:\/\/www.myvize.com.tr\/misir\/"},{"@type":"ListItem","position":2,"name":"\u015eUBELER\u0130M\u0130Z","item":"https:\/\/www.myvize.com.tr\/misir\/subelerimiz\/"},{"@type":"ListItem","position":3,"name":"M\u0131s\u0131r Vizesi , Altunizade"}]},{"@type":"WebSite","@id":"https:\/\/www.myvize.com.tr\/misir\/#website","url":"https:\/\/www.myvize.com.tr\/misir\/","name":"M\u0131s\u0131r Vizesi","description":"","potentialAction":[{"@type":"SearchAction","target":{"@type":"EntryPoint","urlTemplate":"https:\/\/www.myvize.com.tr\/misir\/?s={search_term_string}"},"query-input":{"@type":"PropertyValueSpecification","valueRequired":true,"valueName":"search_term_string"}}],"inLanguage":"tr"}]}},"_links":{"self":[{"href":"https:\/\/www.myvize.com.tr\/misir\/wp-json\/wp\/v2\/pages\/224","targetHints":{"allow":["GET"]}}],"collection":[{"href":"https:\/\/www.myvize.com.tr\/misir\/wp-json\/wp\/v2\/pages"}],"about":[{"href":"https:\/\/www.myvize.com.tr\/misir\/wp-json\/wp\/v2\/types\/page"}],"author":[{"embeddable":true,"href":"https:\/\/www.myvize.com.tr\/misir\/wp-json\/wp\/v2\/users\/1"}],"replies":[{"embeddable":true,"href":"https:\/\/www.myvize.com.tr\/misir\/wp-json\/wp\/v2\/comments?post=224"}],"version-history":[{"count":5,"href":"https:\/\/www.myvize.com.tr\/misir\/wp-json\/wp\/v2\/pages\/224\/revisions"}],"predecessor-version":[{"id":766,"href":"https:\/\/www.myvize.com.tr\/misir\/wp-json\/wp\/v2\/pages\/224\/revisions\/766"}],"up":[{"embeddable":true,"href":"https:\/\/www.myvize.com.tr\/misir\/wp-json\/wp\/v2\/pages\/173"}],"wp:attachment":[{"href":"https:\/\/www.myvize.com.tr\/misir\/wp-json\/wp\/v2\/media?parent=224"}],"curies":[{"name":"wp","href":"https:\/\/api.w.org\/{rel}","templated":true}]}}