{"id":283,"date":"2021-07-01T12:00:00","date_gmt":"2021-07-01T09:00:00","guid":{"rendered":"https:\/\/www.myvize.com.tr\/misir\/?page_id=283"},"modified":"2022-04-22T15:43:28","modified_gmt":"2022-04-22T12:43:28","slug":"misir-transit-vize","status":"publish","type":"page","link":"https:\/\/www.myvize.com.tr\/misir\/misir-transit-vize\/","title":{"rendered":"M\u0131s\u0131r Transit Vize"},"content":{"rendered":"<p><span style=\"font-family: Roboto;\"><\/span><\/p>\r\n<p><span style=\"font-family: Roboto; font-size: 14px;\">Seyahat etmeyi sevenlerin en s\u0131k kar\u015f\u0131la\u015ft\u0131\u011f\u0131 durumlar aras\u0131nda vizeler vard\u0131r. Vize \u00fclkeler aras\u0131nda yap\u0131lan seyahatlerde gereklidir. \u00d6zellikle \u00fc\u00e7 \u00fclke kullanacak olanlar transit vizeye ihtiya\u00e7 duyarlar. Bunun nedeni ise aktarma yap\u0131lmas\u0131d\u0131r.<\/span><\/p>\r\n<p><span style=\"font-family: Roboto; font-size: 14px;\">\r\n\r\n<\/span><\/p>\r\n<p><span style=\"font-family: Roboto; font-size: 14px;\">M\u0131s\u0131r \u00fczerinden yap\u0131lacak olan aktarmalar i\u00e7in transit vize al\u0131nmas\u0131 gerekir.\u00a0<strong>M\u0131s\u0131r transit vize\u00a0<\/strong>kullanarak di\u011fer \u00fclkelere kolayca aktarma yap\u0131labilir. Transit vizenin amac\u0131, di\u011fer vize t\u00fcrlerinden farkl\u0131d\u0131r. Ge\u00e7ici bir vize se\u00e7ene\u011fidir. Fakat \u00e7ok fazla ihtiya\u00e7 duyulabilir. Ye\u015fil, gri ya da siyah pasaportu olanlar, transit vize almaktan muaft\u0131rlar.<\/span><\/p>\r\n<p><span style=\"font-family: Roboto; font-size: 14px;\">\r\n\r\n<\/span><\/p>\r\n<p><span style=\"font-family: Roboto; font-size: 14px;\">Bu nedenle yapacaklar\u0131 seyahat i\u00e7in, transit vize almalar\u0131na gerek yoktur. Vize ba\u015fvurular\u0131, <strong>M\u0131s\u0131r B\u00fcy\u00fckel\u00e7ili\u011fi<\/strong> ve Ba\u015fkonsolosluk taraf\u0131ndan ger\u00e7ekle\u015ftirilir. Ayr\u0131ca acentelerden de bu konuda yard\u0131mlar al\u0131nabilir. Bu sayede yolcular, transit vize ya da di\u011fer vizelerini almak i\u00e7in \u00e7ok fazla \u00e7aba sarf etmek zorunda kalmazlar.<\/span><\/p>\r\n<p><span style=\"font-family: Roboto; font-size: 14px;\"><span style=\"color: #2acec2;\"><strong><a style=\"color: #2acec2;\" href=\"https:\/\/www.myvize.com.tr\/misir\/vize-islemleri\/misir-vize-randevusu\/\" target=\"_blank\" rel=\"noopener\">M\u0131s\u0131r Vize Randevusu <\/a><\/strong><\/span>ile ilgili bilgi almak i\u00e7in bizi aray\u0131n.<\/span><\/p>\r\n<h2><span style=\"font-family: Roboto; font-size: 27px;\">M\u0131s\u0131r Transit Vize Hakk\u0131nda<\/span><\/h2>\r\n<p><span style=\"font-family: Roboto; font-size: 14px;\"><strong>M\u0131s\u0131r transit vizesi<\/strong> seyahatin durumuna g\u00f6re farkl\u0131l\u0131k g\u00f6stermektedir. M\u0131s\u0131r aktarmal\u0131 olarak u\u00e7acak olan ki\u015filer M\u0131s\u0131r havaalan\u0131nda 24 saatten az kalma ve havaalan\u0131ndan \u00e7\u0131kmama \u015fart\u0131 ile <strong>M\u0131s\u0131r transit vizesi<\/strong> al\u0131nmas\u0131na gerek yoktur. Havaalan\u0131nda 24 saatten fazla kal\u0131nacak ise veya havaalan\u0131n\u0131n d\u0131\u015f\u0131na \u00e7\u0131k\u0131lacak ise M\u0131s\u0131r transit vizesi al\u0131nmal\u0131d\u0131r. Kendi arac\u0131 ile M\u0131s\u0131r \u00fczerinden ge\u00e7ecek olan ki\u015filer ise <strong>M\u0131s\u0131r transit vizesi<\/strong> almal\u0131d\u0131r.<\/span><\/p>\r\n<p><span style=\"font-family: Roboto; font-size: 14px;\">Diplomatik, Hususi ve Hizmet Pasaportu sahibi olan ki\u015filer M\u0131s\u0131r\u2019da 90 g\u00fcne kadar vizesiz olarak kalabildi\u011finden dolay\u0131, M\u0131s\u0131r Transit vizesi almas\u0131na gerek yoktur. Ayr\u0131ca M\u0131s\u0131r ile vize muafiyeti olan \u00fclke vatanda\u015flar\u0131n\u0131n da M\u0131s\u0131r transit vizesi almas\u0131na gerek yoktur.<\/span><\/p>\r\n<p><span style=\"font-family: Roboto; font-size: 14px;\"><strong>M\u0131s\u0131r transit vizesi<\/strong> alacak olan ki\u015filer, \u00f6ncelikle as\u0131l olarak seyahat edece\u011fi \u00fclkeden vize almal\u0131d\u0131r. Bu vize fotokopisinin, <strong>M\u0131s\u0131r transit vize ba\u015fvurusu<\/strong> s\u0131ras\u0131nda gerekli olan belgeler aras\u0131nda bulunmas\u0131 gerekmektedir. Ayr\u0131ca as\u0131l olarak gidilecek \u00fclkeye ait u\u00e7u\u015f bilgileri de gerekli belgeler aras\u0131na eklenmelidir.<\/span><\/p>\r\n<p><span style=\"font-family: Roboto; font-size: 14px;\"><strong>M\u0131s\u0131r transit vize ba\u015fvurusu<\/strong>, M\u0131s\u0131r\u2019\u0131n T\u00fcrkiye\u2019deki temsilciliklerine ve M\u0131s\u0131r vize ba\u015fvuru merkezlerine yap\u0131lmal\u0131d\u0131r. Ba\u015fvurular\u0131 de\u011ferlendirme yetkisi <span style=\"color: #2acec2;\"><strong><a style=\"color: #2acec2;\" href=\"https:\/\/www.myvize.com.tr\/misir\/konsolosluklar\/misir-istanbul-fahri-konsoloslugu\/\" target=\"_blank\" rel=\"noopener\">M\u0131s\u0131r \u0130stanbul Ba\u015fkonsoloslu\u011fu<\/a><\/strong><\/span> ve M\u0131s\u0131r Ankara B\u00fcy\u00fckel\u00e7ili\u011fi\u2019ne aittir.<\/span><\/p>\r\n<h2><strong><span style=\"font-family: Roboto; font-size: 27px;\">M\u0131s\u0131r Transit Vize \u0130le \u0130lgili<\/span><\/strong><\/h2>\r\n<p><span style=\"font-family: Roboto; font-size: 14px;\">Bir\u00e7ok ki\u015fi<strong> M\u0131s\u0131r \u00fclkesine seyahat etmek<\/strong> istiyor. Bunun i\u00e7in ba\u015fvurulabilecek birden fazla vize t\u00fcr\u00fc bulunuyor. <strong>M\u0131s\u0131r transit vize<\/strong> de bunlardan biridir. Bu vize t\u00fcr\u00fc seyahatin durumu dahilinde bir\u00e7ok de\u011fi\u015fiklik g\u00f6sterecektir. M\u0131s\u0131r aktarmal\u0131 bir bi\u00e7imde u\u00e7u\u015f yapacak olan vatanda\u015flar M\u0131s\u0131r Havaalan\u0131\u2019nda 24 saatten daha uzun s\u00fcre kalmak ve havaalan\u0131ndan ayr\u0131lmamak \u015fart\u0131yla bu vizeyi almak zorunda de\u011fildir. Havaalan\u0131nda 24 saatten uzun kalamayacak ya da havaalan\u0131n\u0131n d\u0131\u015f\u0131na \u00e7\u0131kacaksan\u0131z da <strong>M\u0131s\u0131r transit vizesini<\/strong> alman\u0131z gerekir. Kendi araban\u0131zla M\u0131s\u0131r\u2019dan ge\u00e7ecekseniz yine vize alman\u0131z gerekiyor. Hususi, Hizmet ve Diplomatik Pasaportu olan bireyler M\u0131s\u0131r \u00fclkesinde doksan g\u00fcne dek tamamen vizesiz bir bi\u00e7imde konaklayabilir. Bu nedenle de transit vize almalar\u0131 zorunlu de\u011fildir. Ek olarak M\u0131s\u0131r konusunda vize muafiyeti olan \u00fclkelerden ki\u015filerin de bu vizeyi almas\u0131 gerekmez. Bu vizeden alacak olan bireyler, ilk olarak seyahat edecekleri yerden vize almak zorundad\u0131r. Al\u0131nan vize fotokopisinin<strong> transit vize ba\u015fvurusu<\/strong> esnas\u0131nda laz\u0131m olan evraklar aras\u0131nda yer almas\u0131 laz\u0131md\u0131r. U\u00e7u\u015f bilgilerini i\u00e7eren evraklar da asla unutulmamal\u0131d\u0131r.<\/span><\/p>\r\n<p><span style=\"font-family: Roboto; font-size: 14px;\">\r\n\r\n<\/span><\/p>\r\n<h2><span style=\"font-family: Roboto; font-size: 27px;\"><strong>M\u0131s\u0131r Transit Vizesini T\u00fcrk Vatanda\u015flar\u0131 Al\u0131r M\u0131?<\/strong><\/span><\/h2>\r\n<p><span style=\"font-family: Roboto; font-size: 14px;\">\r\n\r\n<\/span><\/p>\r\n<p><span style=\"font-family: Roboto; font-size: 14px;\">\u00dclkeler aras\u0131 seyahat ederken M\u0131s\u0131rdan aktarma yapacak olan T\u00fcrk vatanda\u015flar\u0131n, transit vize almas\u0131na gerek yoktur. Dolay\u0131s\u0131yla M\u0131s\u0131r\u2019daki havaalan\u0131 \u00fczerinde kolayl\u0131kla transit aktarma u\u00e7u\u015f yap\u0131labilir. M\u0131s\u0131r\u2019da yap\u0131lacak olan aktarmalar i\u00e7in bekleme s\u00fcresi 8 saat olarak belirlenmi\u015ftir. Bu s\u00fcre a\u015f\u0131ld\u0131ktan sonra yolcunun transit vizesinin olmas\u0131 gerekir.<\/span><\/p>\r\n<p><span style=\"font-family: Roboto; font-size: 14px;\">\r\n\r\n<\/span><\/p>\r\n<p><span style=\"font-family: Roboto; font-size: 14px;\">E\u011fer ki transit vize uygulamas\u0131na tabi tutulmak istenmiyorsa, tercih edilen u\u00e7u\u015flara buna g\u00f6re karar verilmelidir. Seyahat amac\u0131 belli olanlar vize alma konusunda daha h\u0131zl\u0131 karar verebilirler. Bu ama\u00e7lar do\u011frultusunda, ticari, turistik, \u00f6\u011frenci vizesi gibi vizeler al\u0131nabilir.<\/span><\/p>\r\n<p><img decoding=\"async\" src=\"https:\/\/www.myvize.com.tr\/misir\/wp-content\/uploads\/2021\/10\/5.jpg\" \/><\/p>\r\n<p><span style=\"font-family: Roboto;\"><\/span><\/p>","protected":false},"excerpt":{"rendered":"<p>Seyahat etmeyi sevenlerin en s\u0131k kar\u015f\u0131la\u015ft\u0131\u011f\u0131 durumlar aras\u0131nda vizeler vard\u0131r. Vize \u00fclkeler aras\u0131nda yap\u0131lan seyahatlerde gereklidir. \u00d6zellikle \u00fc\u00e7 \u00fclke kullanacak olanlar transit vizeye ihtiya\u00e7 duyarlar. Bunun nedeni ise aktarma yap\u0131lmas\u0131d\u0131r. M\u0131s\u0131r \u00fczerinden yap\u0131lacak olan aktarmalar i\u00e7in transit vize al\u0131nmas\u0131 gerekir.\u00a0M\u0131s\u0131r transit vize\u00a0kullanarak di\u011fer \u00fclkelere kolayca aktarma yap\u0131labilir. Transit vizenin amac\u0131, di\u011fer vize t\u00fcrlerinden farkl\u0131d\u0131r. Ge\u00e7ici<\/p>\n","protected":false},"author":1,"featured_media":0,"parent":0,"menu_order":0,"comment_status":"closed","ping_status":"closed","template":"","meta":{"footnotes":""},"class_list":["post-283","page","type-page","status-publish","hentry"],"yoast_head":"<!-- This site is optimized with the Yoast SEO plugin v24.0 - https:\/\/yoast.com\/wordpress\/plugins\/seo\/ -->\n<title>M\u0131s\u0131r Transit Vizesi - M\u0131s\u0131r Vize Ba\u015fvurusu - MyVize<\/title>\n<meta name=\"description\" content=\"M\u0131s\u0131r transit vizesi i\u00e7in gerekli evraklar. M\u0131s\u0131r transit vize ba\u015fvuru i\u015flemleri. M\u0131s\u0131r transit vize s\u00fcresi ka\u00e7 g\u00fcnde \u00e7\u0131kar?\" \/>\n<meta name=\"robots\" content=\"index, follow, max-snippet:-1, max-image-preview:large, max-video-preview:-1\" \/>\n<link rel=\"canonical\" href=\"https:\/\/www.myvize.com.tr\/misir\/misir-transit-vize\/\" \/>\n<meta property=\"og:locale\" content=\"tr_TR\" \/>\n<meta property=\"og:type\" content=\"article\" \/>\n<meta property=\"og:title\" content=\"M\u0131s\u0131r Transit Vizesi - M\u0131s\u0131r Vize Ba\u015fvurusu - MyVize\" \/>\n<meta property=\"og:description\" content=\"M\u0131s\u0131r transit vizesi i\u00e7in gerekli evraklar. M\u0131s\u0131r transit vize ba\u015fvuru i\u015flemleri. M\u0131s\u0131r transit vize s\u00fcresi ka\u00e7 g\u00fcnde \u00e7\u0131kar?\" \/>\n<meta property=\"og:url\" content=\"https:\/\/www.myvize.com.tr\/misir\/misir-transit-vize\/\" \/>\n<meta property=\"og:site_name\" content=\"M\u0131s\u0131r Vizesi\" \/>\n<meta property=\"article:modified_time\" content=\"2022-04-22T12:43:28+00:00\" \/>\n<meta property=\"og:image\" content=\"https:\/\/www.myvize.com.tr\/misir\/wp-content\/uploads\/2021\/10\/5.jpg\" \/>\n<meta name=\"twitter:card\" content=\"summary_large_image\" \/>\n<meta name=\"twitter:label1\" content=\"Tahmini okuma s\u00fcresi\" \/>\n\t<meta name=\"twitter:data1\" content=\"3 dakika\" \/>\n<script type=\"application\/ld+json\" class=\"yoast-schema-graph\">{\"@context\":\"https:\/\/schema.org\",\"@graph\":[{\"@type\":\"WebPage\",\"@id\":\"https:\/\/www.myvize.com.tr\/misir\/misir-transit-vize\/\",\"url\":\"https:\/\/www.myvize.com.tr\/misir\/misir-transit-vize\/\",\"name\":\"M\u0131s\u0131r Transit Vizesi - M\u0131s\u0131r Vize Ba\u015fvurusu - MyVize\",\"isPartOf\":{\"@id\":\"https:\/\/www.myvize.com.tr\/misir\/#website\"},\"primaryImageOfPage\":{\"@id\":\"https:\/\/www.myvize.com.tr\/misir\/misir-transit-vize\/#primaryimage\"},\"image\":{\"@id\":\"https:\/\/www.myvize.com.tr\/misir\/misir-transit-vize\/#primaryimage\"},\"thumbnailUrl\":\"https:\/\/www.myvize.com.tr\/misir\/wp-content\/uploads\/2021\/10\/5.jpg\",\"datePublished\":\"2021-07-01T09:00:00+00:00\",\"dateModified\":\"2022-04-22T12:43:28+00:00\",\"description\":\"M\u0131s\u0131r transit vizesi i\u00e7in gerekli evraklar. M\u0131s\u0131r transit vize ba\u015fvuru i\u015flemleri. M\u0131s\u0131r transit vize s\u00fcresi ka\u00e7 g\u00fcnde \u00e7\u0131kar?\",\"breadcrumb\":{\"@id\":\"https:\/\/www.myvize.com.tr\/misir\/misir-transit-vize\/#breadcrumb\"},\"inLanguage\":\"tr\",\"potentialAction\":[{\"@type\":\"ReadAction\",\"target\":[\"https:\/\/www.myvize.com.tr\/misir\/misir-transit-vize\/\"]}]},{\"@type\":\"ImageObject\",\"inLanguage\":\"tr\",\"@id\":\"https:\/\/www.myvize.com.tr\/misir\/misir-transit-vize\/#primaryimage\",\"url\":\"https:\/\/www.myvize.com.tr\/misir\/wp-content\/uploads\/2021\/10\/5.jpg\",\"contentUrl\":\"https:\/\/www.myvize.com.tr\/misir\/wp-content\/uploads\/2021\/10\/5.jpg\",\"width\":800,\"height\":500,\"caption\":\"M\u0131s\u0131r Transit Vize\"},{\"@type\":\"BreadcrumbList\",\"@id\":\"https:\/\/www.myvize.com.tr\/misir\/misir-transit-vize\/#breadcrumb\",\"itemListElement\":[{\"@type\":\"ListItem\",\"position\":1,\"name\":\"Anasayfa\",\"item\":\"https:\/\/www.myvize.com.tr\/misir\/\"},{\"@type\":\"ListItem\",\"position\":2,\"name\":\"M\u0131s\u0131r Transit Vize\"}]},{\"@type\":\"WebSite\",\"@id\":\"https:\/\/www.myvize.com.tr\/misir\/#website\",\"url\":\"https:\/\/www.myvize.com.tr\/misir\/\",\"name\":\"M\u0131s\u0131r Vizesi\",\"description\":\"\",\"potentialAction\":[{\"@type\":\"SearchAction\",\"target\":{\"@type\":\"EntryPoint\",\"urlTemplate\":\"https:\/\/www.myvize.com.tr\/misir\/?s={search_term_string}\"},\"query-input\":{\"@type\":\"PropertyValueSpecification\",\"valueRequired\":true,\"valueName\":\"search_term_string\"}}],\"inLanguage\":\"tr\"}]}<\/script>\n<!-- \/ Yoast SEO plugin. -->","yoast_head_json":{"title":"M\u0131s\u0131r Transit Vizesi - M\u0131s\u0131r Vize Ba\u015fvurusu - MyVize","description":"M\u0131s\u0131r transit vizesi i\u00e7in gerekli evraklar. M\u0131s\u0131r transit vize ba\u015fvuru i\u015flemleri. M\u0131s\u0131r transit vize s\u00fcresi ka\u00e7 g\u00fcnde \u00e7\u0131kar?","robots":{"index":"index","follow":"follow","max-snippet":"max-snippet:-1","max-image-preview":"max-image-preview:large","max-video-preview":"max-video-preview:-1"},"canonical":"https:\/\/www.myvize.com.tr\/misir\/misir-transit-vize\/","og_locale":"tr_TR","og_type":"article","og_title":"M\u0131s\u0131r Transit Vizesi - M\u0131s\u0131r Vize Ba\u015fvurusu - MyVize","og_description":"M\u0131s\u0131r transit vizesi i\u00e7in gerekli evraklar. M\u0131s\u0131r transit vize ba\u015fvuru i\u015flemleri. M\u0131s\u0131r transit vize s\u00fcresi ka\u00e7 g\u00fcnde \u00e7\u0131kar?","og_url":"https:\/\/www.myvize.com.tr\/misir\/misir-transit-vize\/","og_site_name":"M\u0131s\u0131r Vizesi","article_modified_time":"2022-04-22T12:43:28+00:00","og_image":[{"url":"https:\/\/www.myvize.com.tr\/misir\/wp-content\/uploads\/2021\/10\/5.jpg","type":"","width":"","height":""}],"twitter_card":"summary_large_image","twitter_misc":{"Tahmini okuma s\u00fcresi":"3 dakika"},"schema":{"@context":"https:\/\/schema.org","@graph":[{"@type":"WebPage","@id":"https:\/\/www.myvize.com.tr\/misir\/misir-transit-vize\/","url":"https:\/\/www.myvize.com.tr\/misir\/misir-transit-vize\/","name":"M\u0131s\u0131r Transit Vizesi - M\u0131s\u0131r Vize Ba\u015fvurusu - MyVize","isPartOf":{"@id":"https:\/\/www.myvize.com.tr\/misir\/#website"},"primaryImageOfPage":{"@id":"https:\/\/www.myvize.com.tr\/misir\/misir-transit-vize\/#primaryimage"},"image":{"@id":"https:\/\/www.myvize.com.tr\/misir\/misir-transit-vize\/#primaryimage"},"thumbnailUrl":"https:\/\/www.myvize.com.tr\/misir\/wp-content\/uploads\/2021\/10\/5.jpg","datePublished":"2021-07-01T09:00:00+00:00","dateModified":"2022-04-22T12:43:28+00:00","description":"M\u0131s\u0131r transit vizesi i\u00e7in gerekli evraklar. M\u0131s\u0131r transit vize ba\u015fvuru i\u015flemleri. M\u0131s\u0131r transit vize s\u00fcresi ka\u00e7 g\u00fcnde \u00e7\u0131kar?","breadcrumb":{"@id":"https:\/\/www.myvize.com.tr\/misir\/misir-transit-vize\/#breadcrumb"},"inLanguage":"tr","potentialAction":[{"@type":"ReadAction","target":["https:\/\/www.myvize.com.tr\/misir\/misir-transit-vize\/"]}]},{"@type":"ImageObject","inLanguage":"tr","@id":"https:\/\/www.myvize.com.tr\/misir\/misir-transit-vize\/#primaryimage","url":"https:\/\/www.myvize.com.tr\/misir\/wp-content\/uploads\/2021\/10\/5.jpg","contentUrl":"https:\/\/www.myvize.com.tr\/misir\/wp-content\/uploads\/2021\/10\/5.jpg","width":800,"height":500,"caption":"M\u0131s\u0131r Transit Vize"},{"@type":"BreadcrumbList","@id":"https:\/\/www.myvize.com.tr\/misir\/misir-transit-vize\/#breadcrumb","itemListElement":[{"@type":"ListItem","position":1,"name":"Anasayfa","item":"https:\/\/www.myvize.com.tr\/misir\/"},{"@type":"ListItem","position":2,"name":"M\u0131s\u0131r Transit Vize"}]},{"@type":"WebSite","@id":"https:\/\/www.myvize.com.tr\/misir\/#website","url":"https:\/\/www.myvize.com.tr\/misir\/","name":"M\u0131s\u0131r Vizesi","description":"","potentialAction":[{"@type":"SearchAction","target":{"@type":"EntryPoint","urlTemplate":"https:\/\/www.myvize.com.tr\/misir\/?s={search_term_string}"},"query-input":{"@type":"PropertyValueSpecification","valueRequired":true,"valueName":"search_term_string"}}],"inLanguage":"tr"}]}},"_links":{"self":[{"href":"https:\/\/www.myvize.com.tr\/misir\/wp-json\/wp\/v2\/pages\/283","targetHints":{"allow":["GET"]}}],"collection":[{"href":"https:\/\/www.myvize.com.tr\/misir\/wp-json\/wp\/v2\/pages"}],"about":[{"href":"https:\/\/www.myvize.com.tr\/misir\/wp-json\/wp\/v2\/types\/page"}],"author":[{"embeddable":true,"href":"https:\/\/www.myvize.com.tr\/misir\/wp-json\/wp\/v2\/users\/1"}],"replies":[{"embeddable":true,"href":"https:\/\/www.myvize.com.tr\/misir\/wp-json\/wp\/v2\/comments?post=283"}],"version-history":[{"count":5,"href":"https:\/\/www.myvize.com.tr\/misir\/wp-json\/wp\/v2\/pages\/283\/revisions"}],"predecessor-version":[{"id":685,"href":"https:\/\/www.myvize.com.tr\/misir\/wp-json\/wp\/v2\/pages\/283\/revisions\/685"}],"wp:attachment":[{"href":"https:\/\/www.myvize.com.tr\/misir\/wp-json\/wp\/v2\/media?parent=283"}],"curies":[{"name":"wp","href":"https:\/\/api.w.org\/{rel}","templated":true}]}}