{"id":33,"date":"2020-11-30T12:42:19","date_gmt":"2020-11-30T09:42:19","guid":{"rendered":"https:\/\/www.myvize.com.tr\/misir\/?page_id=33"},"modified":"2022-04-22T15:45:23","modified_gmt":"2022-04-22T12:45:23","slug":"misir-aile-ziyareti-vizesi","status":"publish","type":"page","link":"https:\/\/www.myvize.com.tr\/misir\/vize-islemleri\/misir-aile-ziyareti-vizesi\/","title":{"rendered":"M\u0131s\u0131r Aile Ziyareti Vizesi"},"content":{"rendered":"<h2><strong><span style=\"font-family: Roboto; font-size: 27px;\">M\u0131s\u0131r Aile Ziyareti Vizesi 2022<\/span><\/strong><\/h2>\n<p><span style=\"font-family: Roboto; font-size: 14px;\">M\u0131s\u0131r\u2019da bulunan aile \u00fcyelerini ya da arkada\u015f\u0131n\u0131 ziyaret etmek isteyen T\u00fcrk vatanda\u015flar\u0131 <strong>M\u0131s\u0131r aile ziyareti vizesi<\/strong> almal\u0131d\u0131r. M\u0131s\u0131r\u2019da bulunan aile \u00fcyesini ya da arkada\u015f\u0131n\u0131 ziyaret etmek isteyen Hususi, Hizmet ve Diplomatik Pasaport sahibi olan T\u00fcrk vatanda\u015flar\u0131 90 g\u00fcne kadar M\u0131s\u0131r aile ziyareti vizesinden muaft\u0131r.<\/span><\/p>\n<p><span style=\"font-family: Roboto; font-size: 14px;\"><strong>M\u0131s\u0131r aile ziyareti vizesi<\/strong> ba\u015fvurular\u0131, M\u0131s\u0131r\u2019\u0131n Ankara B\u00fcy\u00fckel\u00e7ili\u011fi, <span style=\"color: #2acec2;\"><strong><a style=\"color: #2acec2;\" href=\"https:\/\/www.myvize.com.tr\/misir\/konsolosluklar\/misir-istanbul-fahri-konsoloslugu\/\" target=\"_blank\" rel=\"noopener\">M\u0131s\u0131r \u0130stanbul Ba\u015fkonsoloslu\u011fu<\/a><\/strong><\/span>, M\u0131s\u0131r vize ba\u015fvuru merkezi ve yetkilendirilmi\u015f acentelere yap\u0131lmaktad\u0131r. <strong>M\u0131s\u0131r aile ziyareti vizesi<\/strong> ba\u015fvurusunda bulunacak olan ki\u015filerin, M\u0131s\u0131r\u2019da bulunan yak\u0131n\u0131n M\u0131s\u0131r vatanda\u015f\u0131 ya da <span style=\"color: #2acec2;\"><strong><a style=\"color: #2acec2;\" href=\"https:\/\/www.myvize.com.tr\/misir\/vize-islemleri\/misir-oturum-izni\/\" target=\"_blank\" rel=\"noopener\">M\u0131s\u0131r oturum izni<\/a><\/strong><\/span> olmas\u0131 gerekmektedir. Ayr\u0131ca M\u0131s\u0131r\u2019da bulunan yak\u0131n\u0131n\u0131z\u0131n davetiye g\u00f6ndermesi, sizi kabul etti\u011fini bildirmesi gerekmektedir. Ayr\u0131ca M\u0131s\u0131r\u2019da bulunan yak\u0131n\u0131n\u0131z\u0131n ileti\u015fim, kimlik ve adres bilgilerinin evrak dosyas\u0131na eklenmesi gerekmektedir.<\/span><\/p>\n<p><span style=\"font-family: Roboto; font-size: 14px;\"><strong>M\u0131s\u0131r aile ziyareti vizesi<\/strong> ba\u015fvurusu i\u00e7in \u00f6ncelikle <strong>M\u0131s\u0131r aile ziyareti vizesi ba\u015fvuru formu<\/strong> doldurulmal\u0131d\u0131r. Ard\u0131ndan ise gerekli belgeler haz\u0131rlanmal\u0131d\u0131r. Bu belgeler vize ba\u015fvurusu yap\u0131lacak olan yere teslim edilmelidir. Ba\u015fvurular ortalama olarak 7-10 g\u00fcn i\u00e7erisinde sonu\u00e7lanmaktad\u0131r. <strong>M\u0131s\u0131r aile ziyareti vizesi<\/strong> ba\u015fvurusu i\u00e7in istenen evraklar y\u0131pranmam\u0131\u015f ve g\u00fcncel olmal\u0131d\u0131r.<\/span><\/p>\n<p><img decoding=\"async\" src=\"https:\/\/www.myvize.com.tr\/misir\/wp-content\/uploads\/2021\/10\/7.jpg\" \/><\/p>\n<h2><strong><span style=\"font-family: Roboto; font-size: 27px;\">M\u0131s\u0131r Aile Ziyareti Vizesi Hakk\u0131nda<\/span><\/strong><\/h2>\n<p><span style=\"font-family: Roboto; font-size: 14px;\"><strong>M\u0131s\u0131r aile ziyareti vizesi,<\/strong> yabanc\u0131 vatanda\u015flar\u0131n M\u0131s\u0131r\u2019da konaklayan aile \u00fcyesini ya da tan\u0131d\u0131\u011f\u0131 birini ziyaret edebilmesi hususunda verilen bir vize \u00e7e\u015fidi olmaktad\u0131r. Bu vize tamamen k\u0131sa s\u00fcrelidir. Maksimum ge\u00e7erlilik s\u00fcresi ise doksan g\u00fcnden daha fazla olamaz. Olmas\u0131 halinde kanunen su\u00e7 i\u015flemi\u015f say\u0131l\u0131rs\u0131n\u0131z. Bu vize arac\u0131l\u0131\u011f\u0131 ile M\u0131s\u0131r\u2019da oturan aileniz ya da arkada\u015flar\u0131n\u0131zla beraber konaklayabilirsiniz. Bunun yan\u0131 s\u0131ra M\u0131s\u0131r s\u0131n\u0131rlar\u0131nda turistik bir gezi de ger\u00e7ekle\u015ftirmeniz olas\u0131d\u0131r. Fakat M\u0131s\u0131r s\u0131n\u0131rlar\u0131nda seyahat etmeniz halinde pasaportunuz her hal\u00fckarda yan\u0131n\u0131zda olmal\u0131d\u0131r hatta beraber gezdi\u011finiz ki\u015fi de pasaportunu ta\u015f\u0131makla y\u00fck\u00fcmlendirilmi\u015f olmaktad\u0131r. Seyahat s\u00fcresince M\u0131s\u0131r\u2019daki polisler \u00fclkede yer alan yabanc\u0131lar\u0131n kimliklerini kontrol etme hakk\u0131na sahiptir. En \u00e7ok da <strong>Sina Yar\u0131madas\u0131<\/strong> i\u00e7erisinde bu uygulama yap\u0131l\u0131r. Bununla beraber yabanc\u0131 vatanda\u015flar\u0131n M\u0131s\u0131r\u2019da kald\u0131\u011f\u0131 s\u00fcre\u00e7 dahilinde pasaportlar\u0131n\u0131n fotokopisini de yanlar\u0131nda ta\u015f\u0131malar\u0131 gerekir. <strong>M\u0131s\u0131r aile ziyareti vizesi almak<\/strong> i\u00e7in pasaportunuzun seyahatinizden sonra en az alt\u0131 ay s\u00fcresince ge\u00e7erli olmas\u0131 esas\u0131 vard\u0131r. Pasaportunuz 10 seneden daha eski olmamal\u0131d\u0131r. Bu gibi durumlara her zaman dikkat etmelisiniz.<\/span><\/p>\n","protected":false},"excerpt":{"rendered":"<p>M\u0131s\u0131r Aile Ziyareti Vizesi 2022 M\u0131s\u0131r\u2019da bulunan aile \u00fcyelerini ya da arkada\u015f\u0131n\u0131 ziyaret etmek isteyen T\u00fcrk vatanda\u015flar\u0131 M\u0131s\u0131r aile ziyareti vizesi almal\u0131d\u0131r. M\u0131s\u0131r\u2019da bulunan aile \u00fcyesini ya da arkada\u015f\u0131n\u0131 ziyaret etmek isteyen Hususi, Hizmet ve Diplomatik Pasaport sahibi olan T\u00fcrk vatanda\u015flar\u0131 90 g\u00fcne kadar M\u0131s\u0131r aile ziyareti vizesinden muaft\u0131r. M\u0131s\u0131r aile ziyareti vizesi ba\u015fvurular\u0131, M\u0131s\u0131r\u2019\u0131n<\/p>\n","protected":false},"author":1,"featured_media":0,"parent":18,"menu_order":0,"comment_status":"open","ping_status":"closed","template":"","meta":{"footnotes":""},"class_list":["post-33","page","type-page","status-publish","hentry"],"yoast_head":"<!-- This site is optimized with the Yoast SEO plugin v24.0 - https:\/\/yoast.com\/wordpress\/plugins\/seo\/ -->\n<title>M\u0131s\u0131r Aile Ziyareti Vizesi - M\u0131s\u0131r Vize \u0130\u015flemi - MyVize<\/title>\n<meta name=\"description\" content=\"M\u0131s\u0131r aile ziyareti vizesi i\u00e7in gerekli evraklar. M\u0131s\u0131r aile ziyaret vizesi i\u015flem s\u00fcrecinde dikkat edilmesi gerekenler.\" \/>\n<meta name=\"robots\" content=\"index, follow, max-snippet:-1, max-image-preview:large, max-video-preview:-1\" \/>\n<link rel=\"canonical\" href=\"https:\/\/www.myvize.com.tr\/misir\/vize-islemleri\/misir-aile-ziyareti-vizesi\/\" \/>\n<meta property=\"og:locale\" content=\"tr_TR\" \/>\n<meta property=\"og:type\" content=\"article\" \/>\n<meta property=\"og:title\" content=\"M\u0131s\u0131r Aile Ziyareti Vizesi - M\u0131s\u0131r Vize \u0130\u015flemi - MyVize\" \/>\n<meta property=\"og:description\" content=\"M\u0131s\u0131r aile ziyareti vizesi i\u00e7in gerekli evraklar. M\u0131s\u0131r aile ziyaret vizesi i\u015flem s\u00fcrecinde dikkat edilmesi gerekenler.\" \/>\n<meta property=\"og:url\" content=\"https:\/\/www.myvize.com.tr\/misir\/vize-islemleri\/misir-aile-ziyareti-vizesi\/\" \/>\n<meta property=\"og:site_name\" content=\"M\u0131s\u0131r Vizesi\" \/>\n<meta property=\"article:modified_time\" content=\"2022-04-22T12:45:23+00:00\" \/>\n<meta property=\"og:image\" content=\"https:\/\/www.myvize.com.tr\/misir\/wp-content\/uploads\/2021\/10\/7.jpg\" \/>\n<meta name=\"twitter:card\" content=\"summary_large_image\" \/>\n<meta name=\"twitter:label1\" content=\"Tahmini okuma s\u00fcresi\" \/>\n\t<meta name=\"twitter:data1\" content=\"2 dakika\" \/>\n<script type=\"application\/ld+json\" class=\"yoast-schema-graph\">{\"@context\":\"https:\/\/schema.org\",\"@graph\":[{\"@type\":\"WebPage\",\"@id\":\"https:\/\/www.myvize.com.tr\/misir\/vize-islemleri\/misir-aile-ziyareti-vizesi\/\",\"url\":\"https:\/\/www.myvize.com.tr\/misir\/vize-islemleri\/misir-aile-ziyareti-vizesi\/\",\"name\":\"M\u0131s\u0131r Aile Ziyareti Vizesi - M\u0131s\u0131r Vize \u0130\u015flemi - MyVize\",\"isPartOf\":{\"@id\":\"https:\/\/www.myvize.com.tr\/misir\/#website\"},\"primaryImageOfPage\":{\"@id\":\"https:\/\/www.myvize.com.tr\/misir\/vize-islemleri\/misir-aile-ziyareti-vizesi\/#primaryimage\"},\"image\":{\"@id\":\"https:\/\/www.myvize.com.tr\/misir\/vize-islemleri\/misir-aile-ziyareti-vizesi\/#primaryimage\"},\"thumbnailUrl\":\"https:\/\/www.myvize.com.tr\/misir\/wp-content\/uploads\/2021\/10\/7.jpg\",\"datePublished\":\"2020-11-30T09:42:19+00:00\",\"dateModified\":\"2022-04-22T12:45:23+00:00\",\"description\":\"M\u0131s\u0131r aile ziyareti vizesi i\u00e7in gerekli evraklar. M\u0131s\u0131r aile ziyaret vizesi i\u015flem s\u00fcrecinde dikkat edilmesi gerekenler.\",\"breadcrumb\":{\"@id\":\"https:\/\/www.myvize.com.tr\/misir\/vize-islemleri\/misir-aile-ziyareti-vizesi\/#breadcrumb\"},\"inLanguage\":\"tr\",\"potentialAction\":[{\"@type\":\"ReadAction\",\"target\":[\"https:\/\/www.myvize.com.tr\/misir\/vize-islemleri\/misir-aile-ziyareti-vizesi\/\"]}]},{\"@type\":\"ImageObject\",\"inLanguage\":\"tr\",\"@id\":\"https:\/\/www.myvize.com.tr\/misir\/vize-islemleri\/misir-aile-ziyareti-vizesi\/#primaryimage\",\"url\":\"https:\/\/www.myvize.com.tr\/misir\/wp-content\/uploads\/2021\/10\/7.jpg\",\"contentUrl\":\"https:\/\/www.myvize.com.tr\/misir\/wp-content\/uploads\/2021\/10\/7.jpg\",\"width\":800,\"height\":500,\"caption\":\"M\u0131s\u0131r Aile Ziyareti Vizesi\"},{\"@type\":\"BreadcrumbList\",\"@id\":\"https:\/\/www.myvize.com.tr\/misir\/vize-islemleri\/misir-aile-ziyareti-vizesi\/#breadcrumb\",\"itemListElement\":[{\"@type\":\"ListItem\",\"position\":1,\"name\":\"Anasayfa\",\"item\":\"https:\/\/www.myvize.com.tr\/misir\/\"},{\"@type\":\"ListItem\",\"position\":2,\"name\":\"V\u0130ZE \u0130\u015eLEMLER\u0130\",\"item\":\"https:\/\/www.myvize.com.tr\/misir\/vize-islemleri\/\"},{\"@type\":\"ListItem\",\"position\":3,\"name\":\"M\u0131s\u0131r Aile Ziyareti Vizesi\"}]},{\"@type\":\"WebSite\",\"@id\":\"https:\/\/www.myvize.com.tr\/misir\/#website\",\"url\":\"https:\/\/www.myvize.com.tr\/misir\/\",\"name\":\"M\u0131s\u0131r Vizesi\",\"description\":\"\",\"potentialAction\":[{\"@type\":\"SearchAction\",\"target\":{\"@type\":\"EntryPoint\",\"urlTemplate\":\"https:\/\/www.myvize.com.tr\/misir\/?s={search_term_string}\"},\"query-input\":{\"@type\":\"PropertyValueSpecification\",\"valueRequired\":true,\"valueName\":\"search_term_string\"}}],\"inLanguage\":\"tr\"}]}<\/script>\n<!-- \/ Yoast SEO plugin. -->","yoast_head_json":{"title":"M\u0131s\u0131r Aile Ziyareti Vizesi - M\u0131s\u0131r Vize \u0130\u015flemi - MyVize","description":"M\u0131s\u0131r aile ziyareti vizesi i\u00e7in gerekli evraklar. M\u0131s\u0131r aile ziyaret vizesi i\u015flem s\u00fcrecinde dikkat edilmesi gerekenler.","robots":{"index":"index","follow":"follow","max-snippet":"max-snippet:-1","max-image-preview":"max-image-preview:large","max-video-preview":"max-video-preview:-1"},"canonical":"https:\/\/www.myvize.com.tr\/misir\/vize-islemleri\/misir-aile-ziyareti-vizesi\/","og_locale":"tr_TR","og_type":"article","og_title":"M\u0131s\u0131r Aile Ziyareti Vizesi - M\u0131s\u0131r Vize \u0130\u015flemi - MyVize","og_description":"M\u0131s\u0131r aile ziyareti vizesi i\u00e7in gerekli evraklar. M\u0131s\u0131r aile ziyaret vizesi i\u015flem s\u00fcrecinde dikkat edilmesi gerekenler.","og_url":"https:\/\/www.myvize.com.tr\/misir\/vize-islemleri\/misir-aile-ziyareti-vizesi\/","og_site_name":"M\u0131s\u0131r Vizesi","article_modified_time":"2022-04-22T12:45:23+00:00","og_image":[{"url":"https:\/\/www.myvize.com.tr\/misir\/wp-content\/uploads\/2021\/10\/7.jpg","type":"","width":"","height":""}],"twitter_card":"summary_large_image","twitter_misc":{"Tahmini okuma s\u00fcresi":"2 dakika"},"schema":{"@context":"https:\/\/schema.org","@graph":[{"@type":"WebPage","@id":"https:\/\/www.myvize.com.tr\/misir\/vize-islemleri\/misir-aile-ziyareti-vizesi\/","url":"https:\/\/www.myvize.com.tr\/misir\/vize-islemleri\/misir-aile-ziyareti-vizesi\/","name":"M\u0131s\u0131r Aile Ziyareti Vizesi - M\u0131s\u0131r Vize \u0130\u015flemi - MyVize","isPartOf":{"@id":"https:\/\/www.myvize.com.tr\/misir\/#website"},"primaryImageOfPage":{"@id":"https:\/\/www.myvize.com.tr\/misir\/vize-islemleri\/misir-aile-ziyareti-vizesi\/#primaryimage"},"image":{"@id":"https:\/\/www.myvize.com.tr\/misir\/vize-islemleri\/misir-aile-ziyareti-vizesi\/#primaryimage"},"thumbnailUrl":"https:\/\/www.myvize.com.tr\/misir\/wp-content\/uploads\/2021\/10\/7.jpg","datePublished":"2020-11-30T09:42:19+00:00","dateModified":"2022-04-22T12:45:23+00:00","description":"M\u0131s\u0131r aile ziyareti vizesi i\u00e7in gerekli evraklar. M\u0131s\u0131r aile ziyaret vizesi i\u015flem s\u00fcrecinde dikkat edilmesi gerekenler.","breadcrumb":{"@id":"https:\/\/www.myvize.com.tr\/misir\/vize-islemleri\/misir-aile-ziyareti-vizesi\/#breadcrumb"},"inLanguage":"tr","potentialAction":[{"@type":"ReadAction","target":["https:\/\/www.myvize.com.tr\/misir\/vize-islemleri\/misir-aile-ziyareti-vizesi\/"]}]},{"@type":"ImageObject","inLanguage":"tr","@id":"https:\/\/www.myvize.com.tr\/misir\/vize-islemleri\/misir-aile-ziyareti-vizesi\/#primaryimage","url":"https:\/\/www.myvize.com.tr\/misir\/wp-content\/uploads\/2021\/10\/7.jpg","contentUrl":"https:\/\/www.myvize.com.tr\/misir\/wp-content\/uploads\/2021\/10\/7.jpg","width":800,"height":500,"caption":"M\u0131s\u0131r Aile Ziyareti Vizesi"},{"@type":"BreadcrumbList","@id":"https:\/\/www.myvize.com.tr\/misir\/vize-islemleri\/misir-aile-ziyareti-vizesi\/#breadcrumb","itemListElement":[{"@type":"ListItem","position":1,"name":"Anasayfa","item":"https:\/\/www.myvize.com.tr\/misir\/"},{"@type":"ListItem","position":2,"name":"V\u0130ZE \u0130\u015eLEMLER\u0130","item":"https:\/\/www.myvize.com.tr\/misir\/vize-islemleri\/"},{"@type":"ListItem","position":3,"name":"M\u0131s\u0131r Aile Ziyareti Vizesi"}]},{"@type":"WebSite","@id":"https:\/\/www.myvize.com.tr\/misir\/#website","url":"https:\/\/www.myvize.com.tr\/misir\/","name":"M\u0131s\u0131r Vizesi","description":"","potentialAction":[{"@type":"SearchAction","target":{"@type":"EntryPoint","urlTemplate":"https:\/\/www.myvize.com.tr\/misir\/?s={search_term_string}"},"query-input":{"@type":"PropertyValueSpecification","valueRequired":true,"valueName":"search_term_string"}}],"inLanguage":"tr"}]}},"_links":{"self":[{"href":"https:\/\/www.myvize.com.tr\/misir\/wp-json\/wp\/v2\/pages\/33","targetHints":{"allow":["GET"]}}],"collection":[{"href":"https:\/\/www.myvize.com.tr\/misir\/wp-json\/wp\/v2\/pages"}],"about":[{"href":"https:\/\/www.myvize.com.tr\/misir\/wp-json\/wp\/v2\/types\/page"}],"author":[{"embeddable":true,"href":"https:\/\/www.myvize.com.tr\/misir\/wp-json\/wp\/v2\/users\/1"}],"replies":[{"embeddable":true,"href":"https:\/\/www.myvize.com.tr\/misir\/wp-json\/wp\/v2\/comments?post=33"}],"version-history":[{"count":8,"href":"https:\/\/www.myvize.com.tr\/misir\/wp-json\/wp\/v2\/pages\/33\/revisions"}],"predecessor-version":[{"id":604,"href":"https:\/\/www.myvize.com.tr\/misir\/wp-json\/wp\/v2\/pages\/33\/revisions\/604"}],"up":[{"embeddable":true,"href":"https:\/\/www.myvize.com.tr\/misir\/wp-json\/wp\/v2\/pages\/18"}],"wp:attachment":[{"href":"https:\/\/www.myvize.com.tr\/misir\/wp-json\/wp\/v2\/media?parent=33"}],"curies":[{"name":"wp","href":"https:\/\/api.w.org\/{rel}","templated":true}]}}