{"id":35,"date":"2020-11-30T12:44:42","date_gmt":"2020-11-30T09:44:42","guid":{"rendered":"https:\/\/www.myvize.com.tr\/misir\/?page_id=35"},"modified":"2022-04-22T15:41:27","modified_gmt":"2022-04-22T12:41:27","slug":"misir-ticari-vize","status":"publish","type":"page","link":"https:\/\/www.myvize.com.tr\/misir\/vize-islemleri\/misir-ticari-vize\/","title":{"rendered":"M\u0131s\u0131r Ticari Vize"},"content":{"rendered":"<h2><strong><span style=\"font-family: Roboto; font-size: 27px;\">M\u0131s\u0131r Ticari Vizesi Hakk\u0131nda<\/span><\/strong><\/h2>\n<p><span style=\"font-family: Roboto; font-size: 14px;\">Bazen i\u015f gezisine \u00e7\u0131kmak gerekebiliyor \u00f6yle de\u011fil mi? M\u0131s\u0131r da i\u015f i\u00e7in en s\u0131k ziyaret edilen yerlerden biri olmay\u0131 ba\u015far\u0131yor. M\u0131s\u0131r s\u0131n\u0131rlar\u0131 i\u00e7erisinde ger\u00e7ekle\u015ftirilecek olan toplant\u0131lara dahil olmak, \u00e7e\u015fitli i\u015f g\u00f6r\u00fc\u015fmeleri ger\u00e7ekle\u015ftirmek ya da i\u015f fuarlar\u0131n\u0131 ziyaret etmek i\u00e7in olu\u015fturaca\u011f\u0131n\u0131z yolculuklarda <strong>M\u0131s\u0131r ticari vize ba\u015fvurusu<\/strong> yapman\u0131z laz\u0131md\u0131r. Her sene binlerce i\u015f insan\u0131 <strong>M\u0131s\u0131r ticari vizesi<\/strong> ile toplant\u0131lar\u0131n\u0131 yapmak i\u00e7in yola \u00e7\u0131kmaktad\u0131r. Sizin de M\u0131s\u0131r\u2019da i\u015finiz varsa alman\u0131z gereken vize t\u00fcr\u00fc bu olacakt\u0131r. Vize ba\u015fvurusu i\u00e7in kesinlikle ba\u015fvuru formunu do\u011fru bilgilerle eksiksiz olarak doldurman\u0131z isteniyor. Yanl\u0131\u015f bir bilgi vermeniz dahilinde <strong>vize reddi<\/strong> al\u0131rs\u0131n\u0131z ve i\u015flemleriniz uzar. Bu da ticari vize alma s\u00fcrecinizi do\u011frudan etkileyecek olan \u00f6nemli bir durumdur diyebiliriz. Kimlik fotokopisi, n\u00fcfus kay\u0131t \u00f6rne\u011fi, adli sicil kayd\u0131, son alt\u0131 ayda \u00e7ekilmi\u015f olan beyaz fon \u00fczerine biyometrik foto\u011fraf gibi bir\u00e7ok evrak\u0131 tek dosyada bir araya getirip konsoloslu\u011fa teslim etmeniz laz\u0131md\u0131r. E\u011fer \u015fahsen ba\u015fvuracak durumda de\u011filseniz vize acentelerinden yard\u0131m alabilirsiniz. B\u00f6ylece yetkili bir firma sizin yerinize t\u00fcm i\u015flemlerinizi sonuca ula\u015ft\u0131r\u0131r.<\/span><\/p>\n<h2><strong><span style=\"font-family: Roboto; font-size: 27px;\">M\u0131s\u0131r Ticari Vize \u0130stiyor Mu?<\/span><\/strong><\/h2>\n<p><span style=\"font-family: Roboto; font-size: 14px;\">M\u0131s\u0131r\u2019a seminer, i\u015f g\u00f6r\u00fc\u015fmesi, kongre, konferans gibi yerlere kat\u0131lmak isteyen ki\u015filerin <strong>M\u0131s\u0131r ticari vizesi<\/strong> almas\u0131 gerekmektedir. Ayr\u0131ca sat\u0131lan \u00fcr\u00fcn deste\u011fi vermek i\u00e7in ya da al\u0131nan \u00fcr\u00fcn deste\u011fi almak i\u00e7in M\u0131s\u0131r\u2019a seyahat edecek olan ki\u015filer M\u0131s\u0131r Ticari almal\u0131d\u0131r. Diplomatik, Hizmet, Hususi Pasaport sahibi olan ki\u015filerin <strong>M\u0131s\u0131r ticari vizesi<\/strong> almas\u0131na gerek yoktur.<\/span><\/p>\n<p><span style=\"font-family: Roboto; font-size: 14px;\"><strong>M\u0131s\u0131r ticari vizesi<\/strong> alacak olan ki\u015filerin, M\u0131s\u0131r\u2019da bulunan \u015firketten davetiye almas\u0131 gerekmektedir. Bu davetiyede M\u0131s\u0131r\u2019da bulunan \u015firketin sicil numaras\u0131 ve istenen di\u011fer \u015firket belgelerinin fotokopileri de al\u0131nmal\u0131d\u0131r.<\/span><\/p>\n<p><span style=\"font-family: Roboto; font-size: 14px;\"><strong>M\u0131s\u0131r ticari vize<\/strong> ba\u015fvurular\u0131n\u0131 \u015fahsen M\u0131s\u0131r Ankara B\u00fcy\u00fckel\u00e7ili\u011fi\u2019ne ya da M\u0131s\u0131r \u0130stanbul Ba\u015fkonsoloslu\u011fu\u2019na yapabilir. Ba\u015fvurular ayr\u0131ca <span style=\"color: #2acec2;\"><strong><a style=\"color: #2acec2;\" href=\"https:\/\/www.myvize.com.tr\/misir\/vize-islemleri\/misir-vizesi\/\" target=\"_blank\" rel=\"noopener\">M\u0131s\u0131r vizesi<\/a><\/strong><\/span> ba\u015fvuru merkezleri ve yetkilendirilmi\u015f acenteler ile yap\u0131labilir.<\/span><\/p>\n<p><span style=\"font-family: Roboto; font-size: 14px;\">\u015eahsen yap\u0131lacak<strong> M\u0131s\u0131r ticari vizesi<\/strong> i\u00e7in istenen belgeler M\u0131s\u0131r temsilciliklerine \u015fahsen verilmelidir. Vize ba\u015fvuru merkezleri ya da acenteler arac\u0131l\u0131\u011f\u0131 ile yap\u0131lacak olan M\u0131s\u0131r ticari vize ba\u015fvurular\u0131 i\u00e7in belgelerin bu arac\u0131 kurumlara teslim edilmesi gerekmektedir. Ba\u015fvuru i\u00e7in belgelerin eksiksiz ve tam olarak haz\u0131rlanmas\u0131 gerekmektedir.<\/span><\/p>\n<p><span style=\"font-family: Roboto; font-size: 14px;\">Vize ba\u015fvurular\u0131n\u0131 inceleme ve de\u011ferlendirme yetkisi <span style=\"color: #2acec2;\"><strong><a style=\"color: #2acec2;\" href=\"https:\/\/www.myvize.com.tr\/misir\/konsolosluklar\/ankara-buyukelciligi\/\" target=\"_blank\" rel=\"noopener\">M\u0131s\u0131r Ankara B\u00fcy\u00fckel\u00e7ili\u011fi<\/a><\/strong><\/span> ve M\u0131s\u0131r \u0130stanbul Ba\u015fkonsoloslu\u011fu\u2019na aittir.<\/span><\/p>\n<p><img decoding=\"async\" src=\"https:\/\/www.myvize.com.tr\/misir\/wp-content\/uploads\/2021\/10\/8.jpg\" \/><\/p>\n","protected":false},"excerpt":{"rendered":"<p>M\u0131s\u0131r Ticari Vizesi Hakk\u0131nda Bazen i\u015f gezisine \u00e7\u0131kmak gerekebiliyor \u00f6yle de\u011fil mi? M\u0131s\u0131r da i\u015f i\u00e7in en s\u0131k ziyaret edilen yerlerden biri olmay\u0131 ba\u015far\u0131yor. M\u0131s\u0131r s\u0131n\u0131rlar\u0131 i\u00e7erisinde ger\u00e7ekle\u015ftirilecek olan toplant\u0131lara dahil olmak, \u00e7e\u015fitli i\u015f g\u00f6r\u00fc\u015fmeleri ger\u00e7ekle\u015ftirmek ya da i\u015f fuarlar\u0131n\u0131 ziyaret etmek i\u00e7in olu\u015fturaca\u011f\u0131n\u0131z yolculuklarda M\u0131s\u0131r ticari vize ba\u015fvurusu yapman\u0131z laz\u0131md\u0131r. Her sene binlerce i\u015f<\/p>\n","protected":false},"author":1,"featured_media":0,"parent":18,"menu_order":0,"comment_status":"open","ping_status":"closed","template":"","meta":{"footnotes":""},"class_list":["post-35","page","type-page","status-publish","hentry"],"yoast_head":"<!-- This site is optimized with the Yoast SEO plugin v24.0 - https:\/\/yoast.com\/wordpress\/plugins\/seo\/ -->\n<title>M\u0131s\u0131r Ticari Vize - M\u0131s\u0131r Vizesi Ba\u015fvuru \u0130\u015flemi - MyVize<\/title>\n<meta name=\"description\" content=\"M\u0131s\u0131r ticari vizesi evrak listesi. M\u0131s\u0131r ticari vize randevusu nas\u0131l al\u0131n\u0131r? Vize ile ihtiyac\u0131n\u0131z olan t\u00fcm bilgi bu sayfada.\" \/>\n<meta name=\"robots\" content=\"index, follow, max-snippet:-1, max-image-preview:large, max-video-preview:-1\" \/>\n<link rel=\"canonical\" href=\"https:\/\/www.myvize.com.tr\/misir\/vize-islemleri\/misir-ticari-vize\/\" \/>\n<meta property=\"og:locale\" content=\"tr_TR\" \/>\n<meta property=\"og:type\" content=\"article\" \/>\n<meta property=\"og:title\" content=\"M\u0131s\u0131r Ticari Vize - M\u0131s\u0131r Vizesi Ba\u015fvuru \u0130\u015flemi - MyVize\" \/>\n<meta property=\"og:description\" content=\"M\u0131s\u0131r ticari vizesi evrak listesi. M\u0131s\u0131r ticari vize randevusu nas\u0131l al\u0131n\u0131r? Vize ile ihtiyac\u0131n\u0131z olan t\u00fcm bilgi bu sayfada.\" \/>\n<meta property=\"og:url\" content=\"https:\/\/www.myvize.com.tr\/misir\/vize-islemleri\/misir-ticari-vize\/\" \/>\n<meta property=\"og:site_name\" content=\"M\u0131s\u0131r Vizesi\" \/>\n<meta property=\"article:modified_time\" content=\"2022-04-22T12:41:27+00:00\" \/>\n<meta property=\"og:image\" content=\"https:\/\/www.myvize.com.tr\/misir\/wp-content\/uploads\/2021\/10\/8.jpg\" \/>\n<meta name=\"twitter:card\" content=\"summary_large_image\" \/>\n<meta name=\"twitter:label1\" content=\"Tahmini okuma s\u00fcresi\" \/>\n\t<meta name=\"twitter:data1\" content=\"2 dakika\" \/>\n<script type=\"application\/ld+json\" class=\"yoast-schema-graph\">{\"@context\":\"https:\/\/schema.org\",\"@graph\":[{\"@type\":\"WebPage\",\"@id\":\"https:\/\/www.myvize.com.tr\/misir\/vize-islemleri\/misir-ticari-vize\/\",\"url\":\"https:\/\/www.myvize.com.tr\/misir\/vize-islemleri\/misir-ticari-vize\/\",\"name\":\"M\u0131s\u0131r Ticari Vize - M\u0131s\u0131r Vizesi Ba\u015fvuru \u0130\u015flemi - MyVize\",\"isPartOf\":{\"@id\":\"https:\/\/www.myvize.com.tr\/misir\/#website\"},\"primaryImageOfPage\":{\"@id\":\"https:\/\/www.myvize.com.tr\/misir\/vize-islemleri\/misir-ticari-vize\/#primaryimage\"},\"image\":{\"@id\":\"https:\/\/www.myvize.com.tr\/misir\/vize-islemleri\/misir-ticari-vize\/#primaryimage\"},\"thumbnailUrl\":\"https:\/\/www.myvize.com.tr\/misir\/wp-content\/uploads\/2021\/10\/8.jpg\",\"datePublished\":\"2020-11-30T09:44:42+00:00\",\"dateModified\":\"2022-04-22T12:41:27+00:00\",\"description\":\"M\u0131s\u0131r ticari vizesi evrak listesi. M\u0131s\u0131r ticari vize randevusu nas\u0131l al\u0131n\u0131r? Vize ile ihtiyac\u0131n\u0131z olan t\u00fcm bilgi bu sayfada.\",\"breadcrumb\":{\"@id\":\"https:\/\/www.myvize.com.tr\/misir\/vize-islemleri\/misir-ticari-vize\/#breadcrumb\"},\"inLanguage\":\"tr\",\"potentialAction\":[{\"@type\":\"ReadAction\",\"target\":[\"https:\/\/www.myvize.com.tr\/misir\/vize-islemleri\/misir-ticari-vize\/\"]}]},{\"@type\":\"ImageObject\",\"inLanguage\":\"tr\",\"@id\":\"https:\/\/www.myvize.com.tr\/misir\/vize-islemleri\/misir-ticari-vize\/#primaryimage\",\"url\":\"https:\/\/www.myvize.com.tr\/misir\/wp-content\/uploads\/2021\/10\/8.jpg\",\"contentUrl\":\"https:\/\/www.myvize.com.tr\/misir\/wp-content\/uploads\/2021\/10\/8.jpg\",\"width\":800,\"height\":500,\"caption\":\"M\u0131s\u0131r Ticari Vize\"},{\"@type\":\"BreadcrumbList\",\"@id\":\"https:\/\/www.myvize.com.tr\/misir\/vize-islemleri\/misir-ticari-vize\/#breadcrumb\",\"itemListElement\":[{\"@type\":\"ListItem\",\"position\":1,\"name\":\"Anasayfa\",\"item\":\"https:\/\/www.myvize.com.tr\/misir\/\"},{\"@type\":\"ListItem\",\"position\":2,\"name\":\"V\u0130ZE \u0130\u015eLEMLER\u0130\",\"item\":\"https:\/\/www.myvize.com.tr\/misir\/vize-islemleri\/\"},{\"@type\":\"ListItem\",\"position\":3,\"name\":\"M\u0131s\u0131r Ticari Vize\"}]},{\"@type\":\"WebSite\",\"@id\":\"https:\/\/www.myvize.com.tr\/misir\/#website\",\"url\":\"https:\/\/www.myvize.com.tr\/misir\/\",\"name\":\"M\u0131s\u0131r Vizesi\",\"description\":\"\",\"potentialAction\":[{\"@type\":\"SearchAction\",\"target\":{\"@type\":\"EntryPoint\",\"urlTemplate\":\"https:\/\/www.myvize.com.tr\/misir\/?s={search_term_string}\"},\"query-input\":{\"@type\":\"PropertyValueSpecification\",\"valueRequired\":true,\"valueName\":\"search_term_string\"}}],\"inLanguage\":\"tr\"}]}<\/script>\n<!-- \/ Yoast SEO plugin. -->","yoast_head_json":{"title":"M\u0131s\u0131r Ticari Vize - M\u0131s\u0131r Vizesi Ba\u015fvuru \u0130\u015flemi - MyVize","description":"M\u0131s\u0131r ticari vizesi evrak listesi. M\u0131s\u0131r ticari vize randevusu nas\u0131l al\u0131n\u0131r? Vize ile ihtiyac\u0131n\u0131z olan t\u00fcm bilgi bu sayfada.","robots":{"index":"index","follow":"follow","max-snippet":"max-snippet:-1","max-image-preview":"max-image-preview:large","max-video-preview":"max-video-preview:-1"},"canonical":"https:\/\/www.myvize.com.tr\/misir\/vize-islemleri\/misir-ticari-vize\/","og_locale":"tr_TR","og_type":"article","og_title":"M\u0131s\u0131r Ticari Vize - M\u0131s\u0131r Vizesi Ba\u015fvuru \u0130\u015flemi - MyVize","og_description":"M\u0131s\u0131r ticari vizesi evrak listesi. M\u0131s\u0131r ticari vize randevusu nas\u0131l al\u0131n\u0131r? Vize ile ihtiyac\u0131n\u0131z olan t\u00fcm bilgi bu sayfada.","og_url":"https:\/\/www.myvize.com.tr\/misir\/vize-islemleri\/misir-ticari-vize\/","og_site_name":"M\u0131s\u0131r Vizesi","article_modified_time":"2022-04-22T12:41:27+00:00","og_image":[{"url":"https:\/\/www.myvize.com.tr\/misir\/wp-content\/uploads\/2021\/10\/8.jpg","type":"","width":"","height":""}],"twitter_card":"summary_large_image","twitter_misc":{"Tahmini okuma s\u00fcresi":"2 dakika"},"schema":{"@context":"https:\/\/schema.org","@graph":[{"@type":"WebPage","@id":"https:\/\/www.myvize.com.tr\/misir\/vize-islemleri\/misir-ticari-vize\/","url":"https:\/\/www.myvize.com.tr\/misir\/vize-islemleri\/misir-ticari-vize\/","name":"M\u0131s\u0131r Ticari Vize - M\u0131s\u0131r Vizesi Ba\u015fvuru \u0130\u015flemi - MyVize","isPartOf":{"@id":"https:\/\/www.myvize.com.tr\/misir\/#website"},"primaryImageOfPage":{"@id":"https:\/\/www.myvize.com.tr\/misir\/vize-islemleri\/misir-ticari-vize\/#primaryimage"},"image":{"@id":"https:\/\/www.myvize.com.tr\/misir\/vize-islemleri\/misir-ticari-vize\/#primaryimage"},"thumbnailUrl":"https:\/\/www.myvize.com.tr\/misir\/wp-content\/uploads\/2021\/10\/8.jpg","datePublished":"2020-11-30T09:44:42+00:00","dateModified":"2022-04-22T12:41:27+00:00","description":"M\u0131s\u0131r ticari vizesi evrak listesi. M\u0131s\u0131r ticari vize randevusu nas\u0131l al\u0131n\u0131r? Vize ile ihtiyac\u0131n\u0131z olan t\u00fcm bilgi bu sayfada.","breadcrumb":{"@id":"https:\/\/www.myvize.com.tr\/misir\/vize-islemleri\/misir-ticari-vize\/#breadcrumb"},"inLanguage":"tr","potentialAction":[{"@type":"ReadAction","target":["https:\/\/www.myvize.com.tr\/misir\/vize-islemleri\/misir-ticari-vize\/"]}]},{"@type":"ImageObject","inLanguage":"tr","@id":"https:\/\/www.myvize.com.tr\/misir\/vize-islemleri\/misir-ticari-vize\/#primaryimage","url":"https:\/\/www.myvize.com.tr\/misir\/wp-content\/uploads\/2021\/10\/8.jpg","contentUrl":"https:\/\/www.myvize.com.tr\/misir\/wp-content\/uploads\/2021\/10\/8.jpg","width":800,"height":500,"caption":"M\u0131s\u0131r Ticari Vize"},{"@type":"BreadcrumbList","@id":"https:\/\/www.myvize.com.tr\/misir\/vize-islemleri\/misir-ticari-vize\/#breadcrumb","itemListElement":[{"@type":"ListItem","position":1,"name":"Anasayfa","item":"https:\/\/www.myvize.com.tr\/misir\/"},{"@type":"ListItem","position":2,"name":"V\u0130ZE \u0130\u015eLEMLER\u0130","item":"https:\/\/www.myvize.com.tr\/misir\/vize-islemleri\/"},{"@type":"ListItem","position":3,"name":"M\u0131s\u0131r Ticari Vize"}]},{"@type":"WebSite","@id":"https:\/\/www.myvize.com.tr\/misir\/#website","url":"https:\/\/www.myvize.com.tr\/misir\/","name":"M\u0131s\u0131r Vizesi","description":"","potentialAction":[{"@type":"SearchAction","target":{"@type":"EntryPoint","urlTemplate":"https:\/\/www.myvize.com.tr\/misir\/?s={search_term_string}"},"query-input":{"@type":"PropertyValueSpecification","valueRequired":true,"valueName":"search_term_string"}}],"inLanguage":"tr"}]}},"_links":{"self":[{"href":"https:\/\/www.myvize.com.tr\/misir\/wp-json\/wp\/v2\/pages\/35","targetHints":{"allow":["GET"]}}],"collection":[{"href":"https:\/\/www.myvize.com.tr\/misir\/wp-json\/wp\/v2\/pages"}],"about":[{"href":"https:\/\/www.myvize.com.tr\/misir\/wp-json\/wp\/v2\/types\/page"}],"author":[{"embeddable":true,"href":"https:\/\/www.myvize.com.tr\/misir\/wp-json\/wp\/v2\/users\/1"}],"replies":[{"embeddable":true,"href":"https:\/\/www.myvize.com.tr\/misir\/wp-json\/wp\/v2\/comments?post=35"}],"version-history":[{"count":6,"href":"https:\/\/www.myvize.com.tr\/misir\/wp-json\/wp\/v2\/pages\/35\/revisions"}],"predecessor-version":[{"id":607,"href":"https:\/\/www.myvize.com.tr\/misir\/wp-json\/wp\/v2\/pages\/35\/revisions\/607"}],"up":[{"embeddable":true,"href":"https:\/\/www.myvize.com.tr\/misir\/wp-json\/wp\/v2\/pages\/18"}],"wp:attachment":[{"href":"https:\/\/www.myvize.com.tr\/misir\/wp-json\/wp\/v2\/media?parent=35"}],"curies":[{"name":"wp","href":"https:\/\/api.w.org\/{rel}","templated":true}]}}