{"id":37,"date":"2020-11-30T12:45:46","date_gmt":"2020-11-30T09:45:46","guid":{"rendered":"https:\/\/www.myvize.com.tr\/misir\/?page_id=37"},"modified":"2022-01-10T16:45:44","modified_gmt":"2022-01-10T13:45:44","slug":"misir-aile-birlesimi-vizesi","status":"publish","type":"page","link":"https:\/\/www.myvize.com.tr\/misir\/vize-islemleri\/misir-aile-birlesimi-vizesi\/","title":{"rendered":"M\u0131s\u0131r Aile Birle\u015fimi Vizesi"},"content":{"rendered":"<h2><strong><span style=\"font-family: Roboto; font-size: 27px;\">M\u0131s\u0131r Aile Birle\u015fimi Vizesi 2022<\/span><\/strong><\/h2>\n<p><span style=\"font-family: Roboto; font-size: 14px;\">M\u0131s\u0131r\u2019da bulunan aile \u00fcyesi ile beraber ya\u015famak isteyen T\u00fcrk vatanda\u015flar\u0131 pasaport t\u00fcr\u00fc fark etmeksizin, <strong>M\u0131s\u0131r aile birle\u015fim vizesi<\/strong> almal\u0131d\u0131r. <strong>M\u0131s\u0131r aile birle\u015fimi<\/strong> yap\u0131lacak olan ki\u015finin birinci dereceden akraba ya da e\u015f olmas\u0131 gerekmektedir.<\/span><\/p>\n<p><span style=\"font-family: Roboto; font-size: 14px;\">M\u0131s\u0131r\u2019da beraber ya\u015fanacak olan ki\u015finin M\u0131s\u0131r vatanda\u015f\u0131 ya da <span style=\"color: #2acec2;\"><strong><a style=\"color: #2acec2;\" href=\"https:\/\/www.myvize.com.tr\/misir\/vize-islemleri\/misir-oturum-izni\/\" target=\"_blank\" rel=\"noopener\">M\u0131s\u0131r oturum izni <\/a><\/strong><\/span>olmal\u0131d\u0131r. M\u0131s\u0131r\u2019da bulunan yak\u0131n\u0131n\u0131z\u0131n sizinle beraber ya\u015famak istedi\u011fini g\u00f6steren davetiye sunman\u0131z gerekmektedir. Bunun yan\u0131nda yak\u0131n\u0131n\u0131z\u0131n oturum bilgileri, ileti\u015fim bilgileri ve istenen di\u011fer belgeler istenmektedir. Ayr\u0131ca vize ba\u015fvurusu yapacak olan ki\u015finin M\u0131s\u0131r resmi dili olan Arap\u00e7ay\u0131 iyi derecede bilmesi gerekmektedir.<\/span><\/p>\n<p><span style=\"font-family: Roboto; font-size: 14px;\"><strong>M\u0131s\u0131r aile birle\u015fimi vizesi<\/strong> alacak olan ki\u015filerin ba\u015fvurular\u0131n\u0131 <span style=\"color: #2acec2;\"><strong><a style=\"color: #2acec2;\" href=\"https:\/\/www.myvize.com.tr\/misir\/konsolosluklar\/ankara-buyukelciligi\/\" target=\"_blank\" rel=\"noopener\">M\u0131s\u0131r Ankara B\u00fcy\u00fckel\u00e7ili\u011fi<\/a><\/strong><\/span> ya da M\u0131s\u0131r \u0130stanbul Ba\u015fkonsoloslu\u011fu\u2019na yapmal\u0131d\u0131r. Ba\u015fvuru i\u00e7in \u00f6ncelikle <span style=\"color: #2acec2;\"><strong><a style=\"color: #2acec2;\" href=\"https:\/\/www.myvize.com.tr\/misir\/form-dilekce\/misir-vize-basvuru-formu\/\" target=\"_blank\" rel=\"noopener\">M\u0131s\u0131r vize ba\u015fvuru formu<\/a><\/strong><\/span> doldurulmal\u0131d\u0131r. Ard\u0131ndan ise gerekli olan belgeleri eksiksiz olarak haz\u0131rlamal\u0131 ve vize ba\u015fvurusu yap\u0131lacak olan yere teslim edilmelidir.<\/span><\/p>\n<p><span style=\"font-family: Roboto; font-size: 14px;\">Ba\u015fvuru s\u0131ras\u0131nda teslim edilen belgelerin eksiksiz ve y\u0131pranmam\u0131\u015f olmas\u0131 gerekmektedir. Belgelerin eksik ya da y\u0131pranm\u0131\u015f olmas\u0131 durumda <strong>M\u0131s\u0131r aile birle\u015fimi vizesi<\/strong> ba\u015fvurunuz reddedilir. Ba\u015fvurular ortalama 15 g\u00fcn i\u00e7erisinde sonu\u00e7lanmaktad\u0131r.<\/span><\/p>\n<p><img decoding=\"async\" src=\"https:\/\/www.myvize.com.tr\/misir\/wp-content\/uploads\/2021\/10\/9.jpg\" \/><\/p>\n<h2><span style=\"font-family: Roboto; font-size: 27px;\"><b>M\u0131s\u0131r Aile Birle\u015fimi Vizesi Hakk\u0131nda<\/b><\/span><\/h2>\n<p><span style=\"font-family: Roboto; font-size: 14px;\"><strong>M\u0131s\u0131r aile birle\u015fimi vizesi<\/strong> i\u00e7in ilk \u00f6nce ba\u015fvuru yapacak olan vatanda\u015f, T\u00fcrkiye\u2019den M\u0131s\u0131r \u00fclkesine k\u0131sa zamanl\u0131 bir vize ba\u015fvurusunda bulunmal\u0131d\u0131r. K\u0131sa zamanl\u0131 M\u0131s\u0131r vizesiyle beraber <strong>M\u0131s\u0131r s\u0131n\u0131rlar\u0131 i\u00e7erisine<\/strong> giren ki\u015fi, gerekli evraklar\u0131 de teslim ederek bu vizeye ba\u015fvurabilir. <strong>M\u0131s\u0131r aile birle\u015fimi<\/strong> ba\u015fvurusunda bulunmak i\u00e7in gereken belgeler evlilik kay\u0131t belgesi, sab\u0131ka kayd\u0131 ve \u00e7ocuk ya da e\u015fe ait olan terc\u00fcmesi mevcut do\u011fum kay\u0131t belgesidir. Bahsi ge\u00e7en bu belgelerin haricinde ise <strong>M\u0131s\u0131r yabanc\u0131lar \u015fubesi<\/strong> bireyin durumuna g\u00f6re ek evrak rica edebilir. G\u00fcncel evraklar i\u00e7in ba\u015fvuru \u00f6ncesinde alakal\u0131 birimlerle ileti\u015fime ge\u00e7menizi tavsiye ederiz. Aile birle\u015fimi sebebi ile oturum izni yapacak T.C vatanda\u015flar\u0131 ilk \u00f6nce <strong>M\u0131s\u0131r Konsoloslu\u011fu\u2019na giderek<\/strong> vize ba\u015fvurusu yapmal\u0131d\u0131r. \u00dclkemizden yap\u0131lacak vize ba\u015fvurusunda dosya i\u00e7erisine beyaz fonda son alt\u0131 ayda \u00e7ekilmi\u015f biyometrik foto\u011fraf eklenmelidir. Ayn\u0131 zamanda ge\u00e7erlilik zaman\u0131 en d\u00fc\u015f\u00fck alt\u0131 ay olan ve iki tane bo\u015f sayfas\u0131 olan pasaport da eklenmelidir. Bunun yan\u0131 s\u0131ra kimlik fotokopisi gibi bir\u00e7ok belgenin de dahil edilmesi laz\u0131md\u0131r.<\/span><\/p>\n","protected":false},"excerpt":{"rendered":"<p>M\u0131s\u0131r Aile Birle\u015fimi Vizesi 2022 M\u0131s\u0131r\u2019da bulunan aile \u00fcyesi ile beraber ya\u015famak isteyen T\u00fcrk vatanda\u015flar\u0131 pasaport t\u00fcr\u00fc fark etmeksizin, M\u0131s\u0131r aile birle\u015fim vizesi almal\u0131d\u0131r. M\u0131s\u0131r aile birle\u015fimi yap\u0131lacak olan ki\u015finin birinci dereceden akraba ya da e\u015f olmas\u0131 gerekmektedir. M\u0131s\u0131r\u2019da beraber ya\u015fanacak olan ki\u015finin M\u0131s\u0131r vatanda\u015f\u0131 ya da M\u0131s\u0131r oturum izni olmal\u0131d\u0131r. M\u0131s\u0131r\u2019da bulunan yak\u0131n\u0131n\u0131z\u0131n sizinle<\/p>\n","protected":false},"author":1,"featured_media":0,"parent":18,"menu_order":0,"comment_status":"open","ping_status":"closed","template":"","meta":{"footnotes":""},"class_list":["post-37","page","type-page","status-publish","hentry"],"yoast_head":"<!-- This site is optimized with the Yoast SEO plugin v24.0 - https:\/\/yoast.com\/wordpress\/plugins\/seo\/ -->\n<title>M\u0131s\u0131r Aile Birle\u015fimi Vizesi - M\u0131s\u0131r Vize \u00dccreti - MyVize<\/title>\n<meta name=\"description\" content=\"M\u0131s\u0131r aile birle\u015fimi vizesi gerekli evraklar listesi. M\u0131s\u0131r aile birle\u015fimi vizesi gerekli \u015fartlar\u0131. M\u0131s\u0131r aile birle\u015fimi vizesi nas\u0131l al\u0131n\u0131r?\" \/>\n<meta name=\"robots\" content=\"index, follow, max-snippet:-1, max-image-preview:large, max-video-preview:-1\" \/>\n<link rel=\"canonical\" href=\"https:\/\/www.myvize.com.tr\/misir\/vize-islemleri\/misir-aile-birlesimi-vizesi\/\" \/>\n<meta property=\"og:locale\" content=\"tr_TR\" \/>\n<meta property=\"og:type\" content=\"article\" \/>\n<meta property=\"og:title\" content=\"M\u0131s\u0131r Aile Birle\u015fimi Vizesi - M\u0131s\u0131r Vize \u00dccreti - MyVize\" \/>\n<meta property=\"og:description\" content=\"M\u0131s\u0131r aile birle\u015fimi vizesi gerekli evraklar listesi. M\u0131s\u0131r aile birle\u015fimi vizesi gerekli \u015fartlar\u0131. M\u0131s\u0131r aile birle\u015fimi vizesi nas\u0131l al\u0131n\u0131r?\" \/>\n<meta property=\"og:url\" content=\"https:\/\/www.myvize.com.tr\/misir\/vize-islemleri\/misir-aile-birlesimi-vizesi\/\" \/>\n<meta property=\"og:site_name\" content=\"M\u0131s\u0131r Vizesi\" \/>\n<meta property=\"article:modified_time\" content=\"2022-01-10T13:45:44+00:00\" \/>\n<meta property=\"og:image\" content=\"https:\/\/www.myvize.com.tr\/misir\/wp-content\/uploads\/2021\/10\/9.jpg\" \/>\n<meta name=\"twitter:card\" content=\"summary_large_image\" \/>\n<meta name=\"twitter:label1\" content=\"Tahmini okuma s\u00fcresi\" \/>\n\t<meta name=\"twitter:data1\" content=\"2 dakika\" \/>\n<script type=\"application\/ld+json\" class=\"yoast-schema-graph\">{\"@context\":\"https:\/\/schema.org\",\"@graph\":[{\"@type\":\"WebPage\",\"@id\":\"https:\/\/www.myvize.com.tr\/misir\/vize-islemleri\/misir-aile-birlesimi-vizesi\/\",\"url\":\"https:\/\/www.myvize.com.tr\/misir\/vize-islemleri\/misir-aile-birlesimi-vizesi\/\",\"name\":\"M\u0131s\u0131r Aile Birle\u015fimi Vizesi - M\u0131s\u0131r Vize \u00dccreti - MyVize\",\"isPartOf\":{\"@id\":\"https:\/\/www.myvize.com.tr\/misir\/#website\"},\"primaryImageOfPage\":{\"@id\":\"https:\/\/www.myvize.com.tr\/misir\/vize-islemleri\/misir-aile-birlesimi-vizesi\/#primaryimage\"},\"image\":{\"@id\":\"https:\/\/www.myvize.com.tr\/misir\/vize-islemleri\/misir-aile-birlesimi-vizesi\/#primaryimage\"},\"thumbnailUrl\":\"https:\/\/www.myvize.com.tr\/misir\/wp-content\/uploads\/2021\/10\/9.jpg\",\"datePublished\":\"2020-11-30T09:45:46+00:00\",\"dateModified\":\"2022-01-10T13:45:44+00:00\",\"description\":\"M\u0131s\u0131r aile birle\u015fimi vizesi gerekli evraklar listesi. M\u0131s\u0131r aile birle\u015fimi vizesi gerekli \u015fartlar\u0131. M\u0131s\u0131r aile birle\u015fimi vizesi nas\u0131l al\u0131n\u0131r?\",\"breadcrumb\":{\"@id\":\"https:\/\/www.myvize.com.tr\/misir\/vize-islemleri\/misir-aile-birlesimi-vizesi\/#breadcrumb\"},\"inLanguage\":\"tr\",\"potentialAction\":[{\"@type\":\"ReadAction\",\"target\":[\"https:\/\/www.myvize.com.tr\/misir\/vize-islemleri\/misir-aile-birlesimi-vizesi\/\"]}]},{\"@type\":\"ImageObject\",\"inLanguage\":\"tr\",\"@id\":\"https:\/\/www.myvize.com.tr\/misir\/vize-islemleri\/misir-aile-birlesimi-vizesi\/#primaryimage\",\"url\":\"https:\/\/www.myvize.com.tr\/misir\/wp-content\/uploads\/2021\/10\/9.jpg\",\"contentUrl\":\"https:\/\/www.myvize.com.tr\/misir\/wp-content\/uploads\/2021\/10\/9.jpg\",\"width\":800,\"height\":500,\"caption\":\"M\u0131s\u0131r Aile Birle\u015fimi Vizesi\"},{\"@type\":\"BreadcrumbList\",\"@id\":\"https:\/\/www.myvize.com.tr\/misir\/vize-islemleri\/misir-aile-birlesimi-vizesi\/#breadcrumb\",\"itemListElement\":[{\"@type\":\"ListItem\",\"position\":1,\"name\":\"Anasayfa\",\"item\":\"https:\/\/www.myvize.com.tr\/misir\/\"},{\"@type\":\"ListItem\",\"position\":2,\"name\":\"V\u0130ZE \u0130\u015eLEMLER\u0130\",\"item\":\"https:\/\/www.myvize.com.tr\/misir\/vize-islemleri\/\"},{\"@type\":\"ListItem\",\"position\":3,\"name\":\"M\u0131s\u0131r Aile Birle\u015fimi Vizesi\"}]},{\"@type\":\"WebSite\",\"@id\":\"https:\/\/www.myvize.com.tr\/misir\/#website\",\"url\":\"https:\/\/www.myvize.com.tr\/misir\/\",\"name\":\"M\u0131s\u0131r Vizesi\",\"description\":\"\",\"potentialAction\":[{\"@type\":\"SearchAction\",\"target\":{\"@type\":\"EntryPoint\",\"urlTemplate\":\"https:\/\/www.myvize.com.tr\/misir\/?s={search_term_string}\"},\"query-input\":{\"@type\":\"PropertyValueSpecification\",\"valueRequired\":true,\"valueName\":\"search_term_string\"}}],\"inLanguage\":\"tr\"}]}<\/script>\n<!-- \/ Yoast SEO plugin. -->","yoast_head_json":{"title":"M\u0131s\u0131r Aile Birle\u015fimi Vizesi - M\u0131s\u0131r Vize \u00dccreti - MyVize","description":"M\u0131s\u0131r aile birle\u015fimi vizesi gerekli evraklar listesi. M\u0131s\u0131r aile birle\u015fimi vizesi gerekli \u015fartlar\u0131. M\u0131s\u0131r aile birle\u015fimi vizesi nas\u0131l al\u0131n\u0131r?","robots":{"index":"index","follow":"follow","max-snippet":"max-snippet:-1","max-image-preview":"max-image-preview:large","max-video-preview":"max-video-preview:-1"},"canonical":"https:\/\/www.myvize.com.tr\/misir\/vize-islemleri\/misir-aile-birlesimi-vizesi\/","og_locale":"tr_TR","og_type":"article","og_title":"M\u0131s\u0131r Aile Birle\u015fimi Vizesi - M\u0131s\u0131r Vize \u00dccreti - MyVize","og_description":"M\u0131s\u0131r aile birle\u015fimi vizesi gerekli evraklar listesi. M\u0131s\u0131r aile birle\u015fimi vizesi gerekli \u015fartlar\u0131. M\u0131s\u0131r aile birle\u015fimi vizesi nas\u0131l al\u0131n\u0131r?","og_url":"https:\/\/www.myvize.com.tr\/misir\/vize-islemleri\/misir-aile-birlesimi-vizesi\/","og_site_name":"M\u0131s\u0131r Vizesi","article_modified_time":"2022-01-10T13:45:44+00:00","og_image":[{"url":"https:\/\/www.myvize.com.tr\/misir\/wp-content\/uploads\/2021\/10\/9.jpg","type":"","width":"","height":""}],"twitter_card":"summary_large_image","twitter_misc":{"Tahmini okuma s\u00fcresi":"2 dakika"},"schema":{"@context":"https:\/\/schema.org","@graph":[{"@type":"WebPage","@id":"https:\/\/www.myvize.com.tr\/misir\/vize-islemleri\/misir-aile-birlesimi-vizesi\/","url":"https:\/\/www.myvize.com.tr\/misir\/vize-islemleri\/misir-aile-birlesimi-vizesi\/","name":"M\u0131s\u0131r Aile Birle\u015fimi Vizesi - M\u0131s\u0131r Vize \u00dccreti - MyVize","isPartOf":{"@id":"https:\/\/www.myvize.com.tr\/misir\/#website"},"primaryImageOfPage":{"@id":"https:\/\/www.myvize.com.tr\/misir\/vize-islemleri\/misir-aile-birlesimi-vizesi\/#primaryimage"},"image":{"@id":"https:\/\/www.myvize.com.tr\/misir\/vize-islemleri\/misir-aile-birlesimi-vizesi\/#primaryimage"},"thumbnailUrl":"https:\/\/www.myvize.com.tr\/misir\/wp-content\/uploads\/2021\/10\/9.jpg","datePublished":"2020-11-30T09:45:46+00:00","dateModified":"2022-01-10T13:45:44+00:00","description":"M\u0131s\u0131r aile birle\u015fimi vizesi gerekli evraklar listesi. M\u0131s\u0131r aile birle\u015fimi vizesi gerekli \u015fartlar\u0131. M\u0131s\u0131r aile birle\u015fimi vizesi nas\u0131l al\u0131n\u0131r?","breadcrumb":{"@id":"https:\/\/www.myvize.com.tr\/misir\/vize-islemleri\/misir-aile-birlesimi-vizesi\/#breadcrumb"},"inLanguage":"tr","potentialAction":[{"@type":"ReadAction","target":["https:\/\/www.myvize.com.tr\/misir\/vize-islemleri\/misir-aile-birlesimi-vizesi\/"]}]},{"@type":"ImageObject","inLanguage":"tr","@id":"https:\/\/www.myvize.com.tr\/misir\/vize-islemleri\/misir-aile-birlesimi-vizesi\/#primaryimage","url":"https:\/\/www.myvize.com.tr\/misir\/wp-content\/uploads\/2021\/10\/9.jpg","contentUrl":"https:\/\/www.myvize.com.tr\/misir\/wp-content\/uploads\/2021\/10\/9.jpg","width":800,"height":500,"caption":"M\u0131s\u0131r Aile Birle\u015fimi Vizesi"},{"@type":"BreadcrumbList","@id":"https:\/\/www.myvize.com.tr\/misir\/vize-islemleri\/misir-aile-birlesimi-vizesi\/#breadcrumb","itemListElement":[{"@type":"ListItem","position":1,"name":"Anasayfa","item":"https:\/\/www.myvize.com.tr\/misir\/"},{"@type":"ListItem","position":2,"name":"V\u0130ZE \u0130\u015eLEMLER\u0130","item":"https:\/\/www.myvize.com.tr\/misir\/vize-islemleri\/"},{"@type":"ListItem","position":3,"name":"M\u0131s\u0131r Aile Birle\u015fimi Vizesi"}]},{"@type":"WebSite","@id":"https:\/\/www.myvize.com.tr\/misir\/#website","url":"https:\/\/www.myvize.com.tr\/misir\/","name":"M\u0131s\u0131r Vizesi","description":"","potentialAction":[{"@type":"SearchAction","target":{"@type":"EntryPoint","urlTemplate":"https:\/\/www.myvize.com.tr\/misir\/?s={search_term_string}"},"query-input":{"@type":"PropertyValueSpecification","valueRequired":true,"valueName":"search_term_string"}}],"inLanguage":"tr"}]}},"_links":{"self":[{"href":"https:\/\/www.myvize.com.tr\/misir\/wp-json\/wp\/v2\/pages\/37","targetHints":{"allow":["GET"]}}],"collection":[{"href":"https:\/\/www.myvize.com.tr\/misir\/wp-json\/wp\/v2\/pages"}],"about":[{"href":"https:\/\/www.myvize.com.tr\/misir\/wp-json\/wp\/v2\/types\/page"}],"author":[{"embeddable":true,"href":"https:\/\/www.myvize.com.tr\/misir\/wp-json\/wp\/v2\/users\/1"}],"replies":[{"embeddable":true,"href":"https:\/\/www.myvize.com.tr\/misir\/wp-json\/wp\/v2\/comments?post=37"}],"version-history":[{"count":6,"href":"https:\/\/www.myvize.com.tr\/misir\/wp-json\/wp\/v2\/pages\/37\/revisions"}],"predecessor-version":[{"id":605,"href":"https:\/\/www.myvize.com.tr\/misir\/wp-json\/wp\/v2\/pages\/37\/revisions\/605"}],"up":[{"embeddable":true,"href":"https:\/\/www.myvize.com.tr\/misir\/wp-json\/wp\/v2\/pages\/18"}],"wp:attachment":[{"href":"https:\/\/www.myvize.com.tr\/misir\/wp-json\/wp\/v2\/media?parent=37"}],"curies":[{"name":"wp","href":"https:\/\/api.w.org\/{rel}","templated":true}]}}