{"id":39,"date":"2020-11-30T12:46:14","date_gmt":"2020-11-30T09:46:14","guid":{"rendered":"https:\/\/www.myvize.com.tr\/misir\/?page_id=39"},"modified":"2022-04-22T15:46:46","modified_gmt":"2022-04-22T12:46:46","slug":"misir-vize-randevusu","status":"publish","type":"page","link":"https:\/\/www.myvize.com.tr\/misir\/vize-islemleri\/misir-vize-randevusu\/","title":{"rendered":"M\u0131s\u0131r Vize Randevusu"},"content":{"rendered":"<h2><span style=\"font-size: 27px; font-family: Roboto;\"><b>M\u0131s\u0131r Vize Randevusu Hakk\u0131nda<\/b><\/span><\/h2>\n<p><span style=\"font-size: 14px; font-family: Roboto;\">M\u0131s\u0131r \u00fclkesini ziyaret etmek isteyen herkesin vize almas\u0131 gerekti\u011fi bir ger\u00e7ektir. <strong>M\u0131s\u0131r vize randevusu<\/strong> almak, bu konuda at\u0131lacak ilk ad\u0131md\u0131r diyebiliriz. Vize almak i\u00e7in bir\u00e7ok ad\u0131m\u0131 tamamlaman\u0131z gerekiyor. \u0130lk olarak arayarak ya da internet \u00fczerinden <strong>M\u0131s\u0131r vize randevusu<\/strong> almal\u0131s\u0131n\u0131z. Randevunuzu ald\u0131ktan sonra evraklar\u0131n\u0131z\u0131 haz\u0131rlamaya ba\u015flayabilirsiniz. Evraklar\u0131n\u0131z haz\u0131r hale geldi\u011finde g\u00fcn\u00fcn\u00fcz de gelince dilerseniz t\u00fcm belgeleri kendiniz g\u00f6t\u00fcrerek ba\u015fvuru i\u015flemlerinizi birer birer tamamlayabilirsiniz. Herhangi bir nedenden \u00f6t\u00fcr\u00fc \u015fahsen ba\u015fvuru yapamayacaksan\u0131z da sizin yerinize vekil g\u00f6sterdi\u011finiz bir vize ba\u015fvuru acentesi i\u015flemlerinizin hepsini halledebilir. Se\u00e7im bu nokta itibar\u0131 ile tamamen size kal\u0131yor. Kimlik fotokopisi, seyahatten sonra en az alt\u0131 ay boyunca ge\u00e7erlili\u011fi devam eden bir pasaport (en az 2 sayfas\u0131 bo\u015f olmal\u0131), son alt\u0131 ayda \u00e7ekilmi\u015f bir biyometrik foto\u011fraf ve daha bir\u00e7ok belgeyi eksiksiz bir bi\u00e7imde haz\u0131r etmeniz laz\u0131md\u0131r. Ancak bu \u015fekilde ba\u015fvurunuzu yapabilirsiniz. Vize ba\u015fvuru formunu da do\u011fru bilgilerle doldurdu\u011funuzdan emin olmal\u0131s\u0131n\u0131z. 1 tane bile yanl\u0131\u015f olan bilgi sizin <span style=\"color: #2acec2;\"><strong><a style=\"color: #2acec2;\" href=\"https:\/\/www.myvize.com.tr\/misir\/vize-islemleri\/misir-vize-reddi\/\" target=\"_blank\" rel=\"noopener\">M\u0131s\u0131r vize reddi<\/a><\/strong><\/span> alman\u0131za neden olur.<\/span><\/p>\n<h2><strong><span style=\"font-family: Roboto; font-size: 27px;\">M\u0131s\u0131r Vize Randevusu 2022<\/span><\/strong><\/h2>\n<p><span style=\"font-family: Roboto; font-size: 14px;\">M\u0131s\u0131r\u2019a seyahat edecek olan T\u00fcrk vatanda\u015flar\u0131, seyahat amac\u0131na en uygun olan M\u0131s\u0131r vizesi i\u00e7in ba\u015fvuruda bulunmal\u0131d\u0131r. Ba\u015fvuruda bulunacak olan ki\u015filerin <strong>M\u0131s\u0131r vize ba\u015fvurusu<\/strong> i\u00e7in,<span style=\"color: #000000;\"><strong> M\u0131s\u0131r vize ba\u015fvuru formu<\/strong> <\/span>doldurmas\u0131 gerekmektedir.<\/span><\/p>\n<p><span style=\"font-family: Roboto; font-size: 14px;\"><strong>M\u0131s\u0131r vize ba\u015fvurular\u0131<\/strong>, M\u0131s\u0131r Ankara B\u00fcy\u00fckel\u00e7ili\u011fi\u2019ne, <span style=\"color: #2acec2;\"><strong><a style=\"color: #2acec2;\" href=\"https:\/\/www.myvize.com.tr\/misir\/konsolosluklar\/misir-istanbul-fahri-konsoloslugu\/\" target=\"_blank\" rel=\"noopener\">M\u0131s\u0131r \u0130stanbul Ba\u015fkonsoloslu\u011fu<\/a><\/strong><\/span>\u2019na, yetkilendirilmi\u015f vize ba\u015fvuru merkezlerine ve yetkilendirilmi\u015f acentelerine yap\u0131labilmektedir. M\u0131s\u0131r vize ba\u015fvurular\u0131 i\u00e7in ba\u015fvuru sahibinin randevu almas\u0131na gerek bulunmamaktad\u0131r. Ba\u015fvuru s\u0131ras\u0131nda gerekli olan belgelerin yan\u0131n\u0131zda olmas\u0131 yeterlidir.<\/span><\/p>\n<p><span style=\"font-family: Roboto; font-size: 14px;\">\u015eahsen yap\u0131lacak <strong>M\u0131s\u0131r vize ba\u015fvurular\u0131<\/strong> i\u00e7in gerekli olan belgelerin haz\u0131rlanmas\u0131 ve M\u0131s\u0131r Ankara B\u00fcy\u00fckel\u00e7ili\u011fi\u2019ne ya da M\u0131s\u0131r \u0130stanbul Ba\u015fkonsoloslu\u011fu\u2019na teslim edilmelidir. Acente ile ya da vize ba\u015fvuru merkezleri ile<strong> M\u0131s\u0131r vize ba\u015fvurusu<\/strong> yapacak olan ki\u015filer ise ba\u015fvuru i\u00e7in gerekli olan belgeleri bu kurumlara teslim etmesi gerekmektedir. Ayr\u0131ca vekil olarak atad\u0131\u011f\u0131n\u0131z \u00fc\u00e7\u00fcnc\u00fc \u015fah\u0131slar sizin yerinize <strong>M\u0131s\u0131r vize ba\u015fvurusu<\/strong> yapabilir.<\/span><\/p>\n<p><span style=\"font-family: Roboto; font-size: 14px;\"><strong>M\u0131s\u0131r vize ba\u015fvurusu<\/strong> s\u0131ras\u0131nda biyometrik veri al\u0131nmad\u0131\u011f\u0131ndan ve \u015fahsen M\u0131s\u0131r\u2019da bulunman\u0131za gerek bulunmad\u0131\u011f\u0131ndan dolay\u0131 M\u0131s\u0131r vize ba\u015fvurusu i\u00e7in randevu alman\u0131za gerek yoktur.<strong> M\u0131s\u0131r vize ba\u015fvurusu<\/strong> i\u00e7in \u00f6nemli olan gerekli olan belgelerin yetkililere ula\u015ft\u0131r\u0131lmas\u0131d\u0131r.<\/span><\/p>\n<h2><span style=\"font-family: Roboto; font-size: 27px;\"><strong>M\u0131s\u0131r Vizesi \u0130\u00e7in Online Randevu<\/strong><\/span><\/h2>\n<p><span style=\"font-family: Roboto; font-size: 14px;\">Seyahat etmeye karar verilen tarihten en az 7 g\u00fcn \u00f6ncesi <strong>M\u0131s\u0131r e-vize ba\u015fvurusu<\/strong> yapman\u0131z gerekmektedir. Bu resm\u00ee web sitesinde M\u0131s\u0131r \u0130\u00e7 \u0130\u015flerine ba\u011f\u0131l bir \u015fekilde size hizmet vermektedir. Bunun i\u00e7in ba\u015fvuru a\u015famas\u0131 dikkat ederek i\u015flemlerinizi ger\u00e7ekle\u015ftirebilirsiniz.<\/span><br \/>\n<span style=\"font-family: Roboto; font-size: 14px;\">\u00d6ncelikle <strong>M\u0131s\u0131r e-vize<\/strong> i\u00e7in hesap olu\u015fturmak gerekmektedir.<\/span><br \/>\n<span style=\"font-family: Roboto; font-size: 14px;\">E-postaya gelen onay kodu gelecektir. Ard\u0131ndan seyahat bilginizin girilmesi istenecektir. Vize t\u00fcrleri, var\u0131\u015f ve \u00fclkeden ayr\u0131lma tarihi belirtmeniz gerekmekte.<\/span><br \/>\n<span style=\"font-family: Roboto; font-size: 14px;\">Bunlar\u0131n yan\u0131 s\u0131ra pasaportun taranm\u0131\u015f kopyalar\u0131 istenmektedir.<\/span><br \/>\n<span style=\"font-family: Roboto; font-size: 14px;\">Son olarak ise vize i\u00e7in kredi kartlar\u0131 veya banka kart\u0131 \u00f6demenizi yaparak ba\u015fvurunuzu onaylamas\u0131n\u0131 beklemelisiniz.<\/span><\/p>\n<h2><strong><span style=\"font-family: Roboto; font-size: 27px;\">Konsolosluk ya da B\u00fcy\u00fckel\u00e7ilik M\u0131s\u0131r Vize Randevu<\/span><\/strong><\/h2>\n<p><span style=\"font-family: Roboto; font-size: 14px;\"><strong>M\u0131s\u0131r vizesi<\/strong> muaf olmayan, var\u0131\u015fta veya \u00e7evrim i\u00e7i <a href=\"https:\/\/www.myvize.com.tr\/misir\/vize-islemleri\/misir-vizesi\/\" target=\"_blank\" rel=\"noopener\"><span style=\"color: #2acec2;\"><strong>M\u0131s\u0131r vizesi<\/strong> <\/span><\/a>almaya uygun olmayan ki\u015fi b\u00fcy\u00fckel\u00e7i veya konsolosluk arac\u0131l\u0131\u011f\u0131yla <strong>M\u0131s\u0131r vizesi<\/strong> ba\u015fvuruda bulunmal\u0131d\u0131r.<\/span><br \/>\n<span style=\"font-family: Roboto; font-size: 14px;\">M\u0131s\u0131r vizesi ba\u015fvurusu \u00fclkenin kendi belirledi\u011fi ba\u015fvuru ko\u015fulu vard\u0131r. Bu do\u011frultuda M\u0131s\u0131r vizesi ba\u015fvurusunda;<\/span><\/p>\n<p><span style=\"font-family: Roboto; font-size: 14px;\"><strong>M\u0131s\u0131r B\u00fcy\u00fckel\u00e7ilikleri<\/strong> ya da Konsolosluklardan randevu almak,<\/span><br \/>\n<span style=\"font-family: Roboto; font-size: 14px;\"><span style=\"color: #2acec2;\"><strong><a style=\"color: #2acec2;\" href=\"https:\/\/www.myvize.com.tr\/misir\/form-dilekce\/misir-vize-basvuru-formu\/\" target=\"_blank\" rel=\"noopener\">M\u0131s\u0131r Vize ba\u015fvuru formu<\/a><\/strong><\/span> doldurmak.<\/span><br \/>\n<span style=\"font-family: Roboto; font-size: 14px;\">B\u00fcy\u00fckel\u00e7ilik ve konsolosluk belirtti\u011fi belgelerin haz\u0131rlanmas\u0131,<\/span><br \/>\n<span style=\"font-family: Roboto; font-size: 14px;\">Vize \u00fccreti \u00f6demesi,<\/span><br \/>\n<span style=\"font-family: Roboto; font-size: 14px;\"><strong>Vize ba\u015fvuru form<\/strong> ve gerekli di\u011fer evraklar\u0131n b\u00fcy\u00fckel\u00e7ilik veya konsolosluklara g\u00f6nderilmesi,<\/span><br \/>\n<span style=\"font-family: Roboto; font-size: 14px;\">Vize i\u015fleme al\u0131nma s\u00fcreci beklenmesi,<\/span><br \/>\n<span style=\"font-family: Roboto; font-size: 14px;\">Konsolosluklar ya da b\u00fcy\u00fckel\u00e7ilik vize onaylarsa gidip alabilirsiniz ya da posta yoluyla iletilme talebinde bulunmak gereklidir.<\/span><\/p>\n<p><img decoding=\"async\" src=\"https:\/\/www.myvize.com.tr\/misir\/wp-content\/uploads\/2021\/10\/10.jpg\" \/><\/p>\n","protected":false},"excerpt":{"rendered":"<p>M\u0131s\u0131r Vize Randevusu Hakk\u0131nda M\u0131s\u0131r \u00fclkesini ziyaret etmek isteyen herkesin vize almas\u0131 gerekti\u011fi bir ger\u00e7ektir. M\u0131s\u0131r vize randevusu almak, bu konuda at\u0131lacak ilk ad\u0131md\u0131r diyebiliriz. Vize almak i\u00e7in bir\u00e7ok ad\u0131m\u0131 tamamlaman\u0131z gerekiyor. \u0130lk olarak arayarak ya da internet \u00fczerinden M\u0131s\u0131r vize randevusu almal\u0131s\u0131n\u0131z. Randevunuzu ald\u0131ktan sonra evraklar\u0131n\u0131z\u0131 haz\u0131rlamaya ba\u015flayabilirsiniz. Evraklar\u0131n\u0131z haz\u0131r hale geldi\u011finde g\u00fcn\u00fcn\u00fcz de<\/p>\n","protected":false},"author":1,"featured_media":0,"parent":18,"menu_order":0,"comment_status":"open","ping_status":"closed","template":"","meta":{"footnotes":""},"class_list":["post-39","page","type-page","status-publish","hentry"],"yoast_head":"<!-- This site is optimized with the Yoast SEO plugin v24.0 - https:\/\/yoast.com\/wordpress\/plugins\/seo\/ -->\n<title>M\u0131s\u0131r Vize Randevusu - M\u0131s\u0131r Vize \u0130\u015flemleri - MyVize<\/title>\n<meta name=\"description\" content=\"M\u0131s\u0131r vize randevusu i\u00e7in ileti\u015fim. M\u0131s\u0131r vize randevusu i\u00e7in g\u00f6rsel anlat\u0131m ve detayl\u0131 bilgiler i\u00e7in sayfam\u0131z\u0131 ziyaret edebilirsiniz.\" \/>\n<meta name=\"robots\" content=\"index, follow, max-snippet:-1, max-image-preview:large, max-video-preview:-1\" \/>\n<link rel=\"canonical\" href=\"https:\/\/www.myvize.com.tr\/misir\/vize-islemleri\/misir-vize-randevusu\/\" \/>\n<meta property=\"og:locale\" content=\"tr_TR\" \/>\n<meta property=\"og:type\" content=\"article\" \/>\n<meta property=\"og:title\" content=\"M\u0131s\u0131r Vize Randevusu - M\u0131s\u0131r Vize \u0130\u015flemleri - MyVize\" \/>\n<meta property=\"og:description\" content=\"M\u0131s\u0131r vize randevusu i\u00e7in ileti\u015fim. M\u0131s\u0131r vize randevusu i\u00e7in g\u00f6rsel anlat\u0131m ve detayl\u0131 bilgiler i\u00e7in sayfam\u0131z\u0131 ziyaret edebilirsiniz.\" \/>\n<meta property=\"og:url\" content=\"https:\/\/www.myvize.com.tr\/misir\/vize-islemleri\/misir-vize-randevusu\/\" \/>\n<meta property=\"og:site_name\" content=\"M\u0131s\u0131r Vizesi\" \/>\n<meta property=\"article:modified_time\" content=\"2022-04-22T12:46:46+00:00\" \/>\n<meta property=\"og:image\" content=\"https:\/\/www.myvize.com.tr\/misir\/wp-content\/uploads\/2021\/10\/10.jpg\" \/>\n<meta name=\"twitter:card\" content=\"summary_large_image\" \/>\n<meta name=\"twitter:label1\" content=\"Tahmini okuma s\u00fcresi\" \/>\n\t<meta name=\"twitter:data1\" content=\"3 dakika\" \/>\n<script type=\"application\/ld+json\" class=\"yoast-schema-graph\">{\"@context\":\"https:\/\/schema.org\",\"@graph\":[{\"@type\":\"WebPage\",\"@id\":\"https:\/\/www.myvize.com.tr\/misir\/vize-islemleri\/misir-vize-randevusu\/\",\"url\":\"https:\/\/www.myvize.com.tr\/misir\/vize-islemleri\/misir-vize-randevusu\/\",\"name\":\"M\u0131s\u0131r Vize Randevusu - M\u0131s\u0131r Vize \u0130\u015flemleri - MyVize\",\"isPartOf\":{\"@id\":\"https:\/\/www.myvize.com.tr\/misir\/#website\"},\"primaryImageOfPage\":{\"@id\":\"https:\/\/www.myvize.com.tr\/misir\/vize-islemleri\/misir-vize-randevusu\/#primaryimage\"},\"image\":{\"@id\":\"https:\/\/www.myvize.com.tr\/misir\/vize-islemleri\/misir-vize-randevusu\/#primaryimage\"},\"thumbnailUrl\":\"https:\/\/www.myvize.com.tr\/misir\/wp-content\/uploads\/2021\/10\/10.jpg\",\"datePublished\":\"2020-11-30T09:46:14+00:00\",\"dateModified\":\"2022-04-22T12:46:46+00:00\",\"description\":\"M\u0131s\u0131r vize randevusu i\u00e7in ileti\u015fim. M\u0131s\u0131r vize randevusu i\u00e7in g\u00f6rsel anlat\u0131m ve detayl\u0131 bilgiler i\u00e7in sayfam\u0131z\u0131 ziyaret edebilirsiniz.\",\"breadcrumb\":{\"@id\":\"https:\/\/www.myvize.com.tr\/misir\/vize-islemleri\/misir-vize-randevusu\/#breadcrumb\"},\"inLanguage\":\"tr\",\"potentialAction\":[{\"@type\":\"ReadAction\",\"target\":[\"https:\/\/www.myvize.com.tr\/misir\/vize-islemleri\/misir-vize-randevusu\/\"]}]},{\"@type\":\"ImageObject\",\"inLanguage\":\"tr\",\"@id\":\"https:\/\/www.myvize.com.tr\/misir\/vize-islemleri\/misir-vize-randevusu\/#primaryimage\",\"url\":\"https:\/\/www.myvize.com.tr\/misir\/wp-content\/uploads\/2021\/10\/10.jpg\",\"contentUrl\":\"https:\/\/www.myvize.com.tr\/misir\/wp-content\/uploads\/2021\/10\/10.jpg\",\"width\":800,\"height\":500,\"caption\":\"M\u0131s\u0131r Vize Randevusu\"},{\"@type\":\"BreadcrumbList\",\"@id\":\"https:\/\/www.myvize.com.tr\/misir\/vize-islemleri\/misir-vize-randevusu\/#breadcrumb\",\"itemListElement\":[{\"@type\":\"ListItem\",\"position\":1,\"name\":\"Anasayfa\",\"item\":\"https:\/\/www.myvize.com.tr\/misir\/\"},{\"@type\":\"ListItem\",\"position\":2,\"name\":\"V\u0130ZE \u0130\u015eLEMLER\u0130\",\"item\":\"https:\/\/www.myvize.com.tr\/misir\/vize-islemleri\/\"},{\"@type\":\"ListItem\",\"position\":3,\"name\":\"M\u0131s\u0131r Vize Randevusu\"}]},{\"@type\":\"WebSite\",\"@id\":\"https:\/\/www.myvize.com.tr\/misir\/#website\",\"url\":\"https:\/\/www.myvize.com.tr\/misir\/\",\"name\":\"M\u0131s\u0131r Vizesi\",\"description\":\"\",\"potentialAction\":[{\"@type\":\"SearchAction\",\"target\":{\"@type\":\"EntryPoint\",\"urlTemplate\":\"https:\/\/www.myvize.com.tr\/misir\/?s={search_term_string}\"},\"query-input\":{\"@type\":\"PropertyValueSpecification\",\"valueRequired\":true,\"valueName\":\"search_term_string\"}}],\"inLanguage\":\"tr\"}]}<\/script>\n<!-- \/ Yoast SEO plugin. -->","yoast_head_json":{"title":"M\u0131s\u0131r Vize Randevusu - M\u0131s\u0131r Vize \u0130\u015flemleri - MyVize","description":"M\u0131s\u0131r vize randevusu i\u00e7in ileti\u015fim. M\u0131s\u0131r vize randevusu i\u00e7in g\u00f6rsel anlat\u0131m ve detayl\u0131 bilgiler i\u00e7in sayfam\u0131z\u0131 ziyaret edebilirsiniz.","robots":{"index":"index","follow":"follow","max-snippet":"max-snippet:-1","max-image-preview":"max-image-preview:large","max-video-preview":"max-video-preview:-1"},"canonical":"https:\/\/www.myvize.com.tr\/misir\/vize-islemleri\/misir-vize-randevusu\/","og_locale":"tr_TR","og_type":"article","og_title":"M\u0131s\u0131r Vize Randevusu - M\u0131s\u0131r Vize \u0130\u015flemleri - MyVize","og_description":"M\u0131s\u0131r vize randevusu i\u00e7in ileti\u015fim. M\u0131s\u0131r vize randevusu i\u00e7in g\u00f6rsel anlat\u0131m ve detayl\u0131 bilgiler i\u00e7in sayfam\u0131z\u0131 ziyaret edebilirsiniz.","og_url":"https:\/\/www.myvize.com.tr\/misir\/vize-islemleri\/misir-vize-randevusu\/","og_site_name":"M\u0131s\u0131r Vizesi","article_modified_time":"2022-04-22T12:46:46+00:00","og_image":[{"url":"https:\/\/www.myvize.com.tr\/misir\/wp-content\/uploads\/2021\/10\/10.jpg","type":"","width":"","height":""}],"twitter_card":"summary_large_image","twitter_misc":{"Tahmini okuma s\u00fcresi":"3 dakika"},"schema":{"@context":"https:\/\/schema.org","@graph":[{"@type":"WebPage","@id":"https:\/\/www.myvize.com.tr\/misir\/vize-islemleri\/misir-vize-randevusu\/","url":"https:\/\/www.myvize.com.tr\/misir\/vize-islemleri\/misir-vize-randevusu\/","name":"M\u0131s\u0131r Vize Randevusu - M\u0131s\u0131r Vize \u0130\u015flemleri - MyVize","isPartOf":{"@id":"https:\/\/www.myvize.com.tr\/misir\/#website"},"primaryImageOfPage":{"@id":"https:\/\/www.myvize.com.tr\/misir\/vize-islemleri\/misir-vize-randevusu\/#primaryimage"},"image":{"@id":"https:\/\/www.myvize.com.tr\/misir\/vize-islemleri\/misir-vize-randevusu\/#primaryimage"},"thumbnailUrl":"https:\/\/www.myvize.com.tr\/misir\/wp-content\/uploads\/2021\/10\/10.jpg","datePublished":"2020-11-30T09:46:14+00:00","dateModified":"2022-04-22T12:46:46+00:00","description":"M\u0131s\u0131r vize randevusu i\u00e7in ileti\u015fim. M\u0131s\u0131r vize randevusu i\u00e7in g\u00f6rsel anlat\u0131m ve detayl\u0131 bilgiler i\u00e7in sayfam\u0131z\u0131 ziyaret edebilirsiniz.","breadcrumb":{"@id":"https:\/\/www.myvize.com.tr\/misir\/vize-islemleri\/misir-vize-randevusu\/#breadcrumb"},"inLanguage":"tr","potentialAction":[{"@type":"ReadAction","target":["https:\/\/www.myvize.com.tr\/misir\/vize-islemleri\/misir-vize-randevusu\/"]}]},{"@type":"ImageObject","inLanguage":"tr","@id":"https:\/\/www.myvize.com.tr\/misir\/vize-islemleri\/misir-vize-randevusu\/#primaryimage","url":"https:\/\/www.myvize.com.tr\/misir\/wp-content\/uploads\/2021\/10\/10.jpg","contentUrl":"https:\/\/www.myvize.com.tr\/misir\/wp-content\/uploads\/2021\/10\/10.jpg","width":800,"height":500,"caption":"M\u0131s\u0131r Vize Randevusu"},{"@type":"BreadcrumbList","@id":"https:\/\/www.myvize.com.tr\/misir\/vize-islemleri\/misir-vize-randevusu\/#breadcrumb","itemListElement":[{"@type":"ListItem","position":1,"name":"Anasayfa","item":"https:\/\/www.myvize.com.tr\/misir\/"},{"@type":"ListItem","position":2,"name":"V\u0130ZE \u0130\u015eLEMLER\u0130","item":"https:\/\/www.myvize.com.tr\/misir\/vize-islemleri\/"},{"@type":"ListItem","position":3,"name":"M\u0131s\u0131r Vize Randevusu"}]},{"@type":"WebSite","@id":"https:\/\/www.myvize.com.tr\/misir\/#website","url":"https:\/\/www.myvize.com.tr\/misir\/","name":"M\u0131s\u0131r Vizesi","description":"","potentialAction":[{"@type":"SearchAction","target":{"@type":"EntryPoint","urlTemplate":"https:\/\/www.myvize.com.tr\/misir\/?s={search_term_string}"},"query-input":{"@type":"PropertyValueSpecification","valueRequired":true,"valueName":"search_term_string"}}],"inLanguage":"tr"}]}},"_links":{"self":[{"href":"https:\/\/www.myvize.com.tr\/misir\/wp-json\/wp\/v2\/pages\/39","targetHints":{"allow":["GET"]}}],"collection":[{"href":"https:\/\/www.myvize.com.tr\/misir\/wp-json\/wp\/v2\/pages"}],"about":[{"href":"https:\/\/www.myvize.com.tr\/misir\/wp-json\/wp\/v2\/types\/page"}],"author":[{"embeddable":true,"href":"https:\/\/www.myvize.com.tr\/misir\/wp-json\/wp\/v2\/users\/1"}],"replies":[{"embeddable":true,"href":"https:\/\/www.myvize.com.tr\/misir\/wp-json\/wp\/v2\/comments?post=39"}],"version-history":[{"count":9,"href":"https:\/\/www.myvize.com.tr\/misir\/wp-json\/wp\/v2\/pages\/39\/revisions"}],"predecessor-version":[{"id":609,"href":"https:\/\/www.myvize.com.tr\/misir\/wp-json\/wp\/v2\/pages\/39\/revisions\/609"}],"up":[{"embeddable":true,"href":"https:\/\/www.myvize.com.tr\/misir\/wp-json\/wp\/v2\/pages\/18"}],"wp:attachment":[{"href":"https:\/\/www.myvize.com.tr\/misir\/wp-json\/wp\/v2\/media?parent=39"}],"curies":[{"name":"wp","href":"https:\/\/api.w.org\/{rel}","templated":true}]}}