{"id":41,"date":"2020-11-30T12:46:51","date_gmt":"2020-11-30T09:46:51","guid":{"rendered":"https:\/\/www.myvize.com.tr\/misir\/?page_id=41"},"modified":"2022-08-15T15:04:41","modified_gmt":"2022-08-15T12:04:41","slug":"misir-dil-okulu-vizesi","status":"publish","type":"page","link":"https:\/\/www.myvize.com.tr\/misir\/vize-islemleri\/misir-dil-okulu-vizesi\/","title":{"rendered":"M\u0131s\u0131r Dil Okulu Vizesi"},"content":{"rendered":"<h2><strong><span style=\"font-family: Roboto; font-size: 27px;\">M\u0131s\u0131r Dil Okulu Vizesi 2022<\/span><\/strong><\/h2>\n<p><span style=\"font-family: Roboto; font-size: 14px;\">M\u0131s\u0131r\u2019da resmi dil M\u0131s\u0131rca ve Arap\u00e7ad\u0131r. Arap\u00e7a ve M\u0131s\u0131rca \u00f6\u011frenmek isteyen ki\u015filer M\u0131s\u0131r\u2019da bir\u00e7ok yabanc\u0131 dil i\u00e7in kursu bulabilir. Ancak M\u0131s\u0131r\u2019a dil e\u011fitimi i\u00e7in giden ki\u015filerin b\u00fcy\u00fck \u00e7o\u011funlu\u011fu Arap\u00e7a ve M\u0131s\u0131rca \u00f6\u011frenmek i\u00e7in gitmektedir.<\/span><\/p>\n<p><span style=\"font-family: Roboto; font-size: 14px;\">M\u0131s\u0131r\u2019da dil e\u011fitimi alabilmek i\u00e7in <strong>M\u0131s\u0131r dil okullar\u0131 vizesi<\/strong> al\u0131nmal\u0131d\u0131r. M\u0131s\u0131r dil okullar\u0131 vizesi, <span style=\"color: #2acec2;\"><strong><a style=\"color: #2acec2;\" href=\"https:\/\/www.myvize.com.tr\/misir\/konsolosluklar\/ankara-buyukelciligi\/\" target=\"_blank\" rel=\"noopener\">M\u0131s\u0131r Ankara B\u00fcy\u00fckel\u00e7ili\u011fi<\/a><\/strong><\/span>,<span style=\"color: #2acec2;\"><strong><a style=\"color: #2acec2;\" href=\"https:\/\/www.myvize.com.tr\/misir\/konsolosluklar\/misir-istanbul-fahri-konsoloslugu\/\" target=\"_blank\" rel=\"noopener\"> M\u0131s\u0131r \u0130stanbul Ba\u015fkonsoloslu\u011fu<\/a><\/strong><\/span>, yetkilendirilmi\u015f vize ba\u015fvuru merkezine ya da acentelere yap\u0131lmaktad\u0131r. Ba\u015fvuruda bulunmak i\u00e7in s\u0131ras\u0131 ile <span style=\"color: #2acec2;\"><strong><a style=\"color: #2acec2;\" href=\"https:\/\/www.myvize.com.tr\/misir\/form-dilekce\/misir-vize-basvuru-formu\/\" target=\"_blank\" rel=\"noopener\">M\u0131s\u0131r vize ba\u015fvuru formu<\/a><\/strong><\/span> doldurulmal\u0131, gerekli belgeler haz\u0131rlanmal\u0131 ve M\u0131s\u0131r vize ba\u015fvurusu yap\u0131lacak olan yere teslim edilmelidir.<\/span><\/p>\n<p><span style=\"font-family: Roboto; font-size: 14px;\"><strong>M\u0131s\u0131r dil okullar\u0131 vizesi<\/strong> ba\u015fvurusu i\u00e7in M\u0131s\u0131r\u2019da bulunan dil okulu taraf\u0131ndan kabul g\u00f6rm\u00fc\u015f olman\u0131z gerekmektedir. Kabul edildi\u011finiz dil okulundan noter onayl\u0131 daveti alman\u0131z gerekmektedir. Ayr\u0131ca <strong>M\u0131s\u0131r dil e\u011fitimi<\/strong> plan\u0131n\u0131 ve dil e\u011fitim \u00fccretlerini g\u00f6steren belgeleri konsoloslu\u011fa sunman\u0131z gerekmektedir.<\/span><\/p>\n<p><span style=\"font-family: Roboto; font-size: 14px;\"><strong>M\u0131s\u0131r dil okullar\u0131 e\u011fitim<\/strong> s\u00fcreleri 4 haftadan 1 y\u0131la kadar de\u011fi\u015fmektedir. Haftal\u0131k olarak 20 ile 40 saat aras\u0131nda Arap\u00e7a ya da Hint\u00e7e dil e\u011fitimi dersi verilmektedir. <strong>M\u0131s\u0131r dil okullar\u0131<\/strong> \u00fccretleri ise e\u011fitim plan\u0131na ve s\u00fcresine g\u00f6re de\u011fi\u015fmektedir. Ancak haftal\u0131k ortalama olarak 100 ile 500 Dolar aras\u0131nda de\u011fi\u015fmektedir.<\/span><\/p>\n<p><img decoding=\"async\" src=\"https:\/\/www.myvize.com.tr\/misir\/wp-content\/uploads\/2021\/10\/11.jpg\" \/><\/p>\n<h2><span style=\"font-family: Roboto; font-size: 27px;\"><b>M\u0131s\u0131r Dil Okulu Vizesi Hakk\u0131nda<\/b><\/span><\/h2>\n<p><span style=\"font-family: Roboto; font-size: 14px;\">M\u0131s\u0131r\u2019a e\u011fitim g\u00f6rmek amac\u0131yla giden bir\u00e7ok ki\u015fi vard\u0131r. Bu ki\u015filer <strong>M\u0131s\u0131r dil okulu vizesi<\/strong> almal\u0131d\u0131r. \u00dclkede resmi dil <strong>Arap\u00e7a<\/strong> ve<strong> M\u0131s\u0131rca<\/strong> olmaktad\u0131r. Bu iki dili de \u00f6\u011frenmek isteyen bireyler M\u0131s\u0131r\u2019da bir\u00e7ok yabanc\u0131 dil kursundan bir tanesine kaydolabilir. Fakat bu \u00fclkeye dil e\u011fitimi almak i\u00e7in gidenlerin b\u00fcy\u00fck bir k\u0131sm\u0131 iki dili de ayn\u0131 anda \u00f6\u011frenmek ister. M\u0131s\u0131r\u2019da dil e\u011fitimi g\u00f6rebilmek ad\u0131na bu vizenin al\u0131nmas\u0131 \u015fart olmaktad\u0131r. Dil okulu vizesi; <span style=\"color: #000000;\"><strong>M\u0131s\u0131r \u0130stanbul Ba\u015fkonsoloslu\u011fu<\/strong><\/span>, Ankara B\u00fcy\u00fckel\u00e7ili\u011fi, acenteler veyahut yetki verilen vize ba\u015fvuru merkezlerinden yap\u0131l\u0131r. Ba\u015fvuru yapmak i\u00e7in vize ba\u015fvuru formunu doldurup gerekli evraklar\u0131 haz\u0131rlamal\u0131s\u0131n\u0131z. T\u00fcm evraklar\u0131n\u0131z\u0131 <strong>M\u0131s\u0131r vize ba\u015fvurusu<\/strong> yapacak oldu\u011funuz kuruma teslim etmelisiniz. Bu vizeye ba\u015fvuruda bulunabilmek ad\u0131na M\u0131s\u0131r s\u0131n\u0131rlar\u0131 i\u00e7erisinde yer alan dil okulu b\u00fcnyesinde kabul g\u00f6rm\u00fc\u015f olman\u0131z esas al\u0131n\u0131r. Kabul edilmi\u015f oldu\u011funuz dil okulundan da noter onay\u0131 bulunan bir davet alman\u0131z \u015fart\u0131 aran\u0131r. Ek olarak <strong>M\u0131s\u0131r dil e\u011fitim \u00fccretlerini<\/strong> ve plan\u0131n\u0131 belgeleyen evraklar\u0131n her birini de konsoloslu\u011fa teslim etmeniz laz\u0131m olur.<\/span><\/p>\n<h2><strong><span style=\"font-family: Roboto; font-size: 27px;\">M\u0131s\u0131r Dil Okulu Vizesi Nedir?<\/span><\/strong><\/h2>\n<p><span style=\"font-family: Roboto; font-size: 14px;\"><strong>M\u0131s\u0131r\u2019da dil e\u011fitimi<\/strong> alacak olan ki\u015finin almas\u0131 gereken vize, M\u0131s\u0131r dil okulu vizesidir.\u00a0 M\u0131s\u0131r\u00a0 dil okulu vizesi olmadan\u00a0 M\u0131s\u0131r\u2019da dil e\u011fitimi al\u0131nmamaktad\u0131r. Bu nedenle dil e\u011fitimi alacak olan ki\u015finin\u00a0 M\u0131s\u0131r dil okulu vizesi almas\u0131 gerekmektedir.\u00a0 M\u0131s\u0131r dil okulu vizesi veriyor mu? sorusuna\u00a0 \u201cevet\u201d cevab\u0131 verilebilir.\u00a0 M\u0131s\u0131r dil okulu vizesi alacak olan ki\u015finin M\u0131s\u0131r\u2019da bulunan bir dil okul taraf\u0131ndan kabul edilmi\u015f olmal\u0131d\u0131r.\u00a0 M\u0131s\u0131r dil okulu vizesi ba\u015fvurular\u0131 M\u0131s\u0131r&#8217;\u0131n T\u00fcrkiye\u2019de bulunan temsilcili\u011fine yap\u0131lmal\u0131d\u0131r.\u00a0 M\u0131s\u0131r dil okulu vizesi alacak olan ki\u015fi gerekli olan evraklar eksiksiz olarak haz\u0131rlanmal\u0131d\u0131r,\u00a0 M\u0131s\u0131r\u00a0 temsilcili\u011finden randevu al\u0131narak randevu tarihlerine teslim edilmelidir.\u00a0<strong> M\u0131s\u0131r\u2019da dil e\u011fitimi<\/strong> alacak olan ki\u015finin M\u0131s\u0131r dil okulu vizesi almas\u0131 gerekmektedir.\u00a0 M\u0131s\u0131r dil okulu vizesi e\u011fitim s\u00fcreleri boyunca verilmektedir. Dil okulu vizesi bir ulusal vize t\u00fcr\u00fc olarak, vize sonu\u00e7lamas\u0131 s\u00fcresi\u00a0 M\u0131s\u0131r vize sonu\u00e7lanma s\u00fcresinden uzundur.\u00a0<\/span><\/p>\n<h2><strong><span style=\"font-family: Roboto; font-size: 27px;\">M\u0131s\u0131r Dil Okulu Vizesi Nas\u0131l Al\u0131n\u0131r?<\/span><\/strong><\/h2>\n<p><span style=\"font-family: Roboto; font-size: 14px;\">M\u0131s\u0131r\u2019da bir dil okuluna dil e\u011fitimi alacak olan ki\u015fi,\u00a0 M\u0131s\u0131r\u2019da bulunan bir dil okul taraf\u0131ndan kabul edilmelidir ve anla\u015fma sa\u011flamal\u0131d\u0131r. Bu yaz\u0131 da\u00a0 M\u0131s\u0131r dil okuluna dil e\u011fitimini alacak olan ki\u015fi i\u00e7in \u201c M\u0131s\u0131r dil okulu nas\u0131l ba\u015fvurulur?\u201d sorusu cevab\u0131 verilmi\u015ftir.\u00a0 M\u0131s\u0131r\u2019da bulunan bir dil okuluyla anla\u015farak\u00a0 M\u0131s\u0131r da dil e\u011fitimi almak isteyen ki\u015fi \u00f6ncelikle\u00a0 M\u0131s\u0131r\u2019da bulunan dil okullar\u0131na ba\u015fvurmal\u0131d\u0131r ve dil okulu taraf\u0131nda kabul edilmelidir.\u00a0 M\u0131s\u0131r dil okulu ba\u015fvurusuna bulunacak olan ki\u015fi,\u00a0 M\u0131s\u0131r\u00a0 dil okulu ile ileti\u015fimlere ge\u00e7erek ba\u015fvurusunu yapabilir.\u00a0 M\u0131s\u0131r\u2019da bulunan dil okulu taraf\u0131nda kabul edilen ki\u015fi,\u00a0 M\u0131s\u0131r dil okulu ba\u015fvurusu i\u00e7in vizesini almal\u0131d\u0131r.\u00a0 M\u0131s\u0131r dil okulu vizesine ba\u015fvuruda bulunacak olan ki\u015fi,\u00a0 M\u0131s\u0131r temsilcili\u011fine dil okulu vize ba\u015fvurusu bulunmal\u0131d\u0131r. Ba\u015fvuru i\u00e7in davetiye al\u0131nmas\u0131 gerekmektedir.<\/span><\/p>\n<h3><strong><span style=\"font-family: Roboto; font-size: 24px;\">M\u0131s\u0131r Dil Okulu Vizesi Nereden Al\u0131n\u0131r?<\/span><\/strong><\/h3>\n<p><span style=\"font-family: Roboto; font-size: 14px;\"><strong>M\u0131s\u0131r\u2019da dil e\u011fitimi<\/strong> alacak olan ki\u015finin\u00a0 M\u0131s\u0131r dil okulu vizesini almas\u0131 gerekmektedir. M\u0131s\u0131r\u2019da dil e\u011fitimini alacak olan ki\u015finin\u00a0 M\u0131s\u0131r dil okulu vizesi almas\u0131n\u0131 gerekmektedir.\u00a0 M\u0131s\u0131r dil okulu vizesi e\u011fitimi s\u00fcresi boyunca verilmektedir. Dil\u00a0 M\u0131s\u0131r okulu vizesi alacak olan ki\u015finin baz\u0131 \u015fartlar\u0131 yerine getirmesi gerekmektedir. M\u0131s\u0131r dil okulu vizesini alacak olan ki\u015filerin yerine getirmesi gereken \u015fartlardan birisi de randevusunu almas\u0131d\u0131r. Dil okulu vizesi i\u00e7in randevu alacak olan ki\u015filer randevu i\u015flemi hakk\u0131nda ara\u015ft\u0131rmalar yapmaktad\u0131r. <strong>M\u0131s\u0131r dil okulu vize ba\u015fvuru i\u015flemi<\/strong>\u00a0 M\u0131s\u0131r Ankara B\u00fcy\u00fckel\u00e7ili\u011fi,\u00a0 M\u0131s\u0131r \u0130stanbul Ba\u015fkonsoloslu\u011fu ve\u00a0 M\u0131s\u0131r Konsolosluklar\u0131na yap\u0131lmal\u0131d\u0131r. M\u0131s\u0131r dil okulu vizesini\u00a0 alacak olan ki\u015fi\u00a0 M\u0131s\u0131r da bulunan dil okulundan davetiye al\u0131nmas\u0131 gerekmektedir. M\u0131s\u0131r dil okulu vize ba\u015fvurusu i\u00e7in gerekli olan evraklar eksiksiz olarak haz\u0131rlanmal\u0131d\u0131r. Dil kursu vizesinin\u00a0 M\u0131s\u0131r Konsoloslu\u011fu\u2019nun yo\u011funlu\u011funa g\u00f6re de\u011fi\u015fiklik g\u00f6sterebilmektedir. Ulusal vize kategorisine yap\u0131lan bir vize ba\u015fvurusuna de\u011ferlendirme s\u00fcre\u00e7lerine\u00a0 M\u0131s\u0131r\u2019da ki yerel makam da dahil oldu\u011fundan s\u00fcre\u00e7 uzayabilir.<\/span><\/p>\n","protected":false},"excerpt":{"rendered":"<p>M\u0131s\u0131r Dil Okulu Vizesi 2022 M\u0131s\u0131r\u2019da resmi dil M\u0131s\u0131rca ve Arap\u00e7ad\u0131r. Arap\u00e7a ve M\u0131s\u0131rca \u00f6\u011frenmek isteyen ki\u015filer M\u0131s\u0131r\u2019da bir\u00e7ok yabanc\u0131 dil i\u00e7in kursu bulabilir. Ancak M\u0131s\u0131r\u2019a dil e\u011fitimi i\u00e7in giden ki\u015filerin b\u00fcy\u00fck \u00e7o\u011funlu\u011fu Arap\u00e7a ve M\u0131s\u0131rca \u00f6\u011frenmek i\u00e7in gitmektedir. M\u0131s\u0131r\u2019da dil e\u011fitimi alabilmek i\u00e7in M\u0131s\u0131r dil okullar\u0131 vizesi al\u0131nmal\u0131d\u0131r. M\u0131s\u0131r dil okullar\u0131 vizesi, M\u0131s\u0131r Ankara<\/p>\n","protected":false},"author":1,"featured_media":0,"parent":18,"menu_order":0,"comment_status":"open","ping_status":"closed","template":"","meta":{"footnotes":""},"class_list":["post-41","page","type-page","status-publish","hentry"],"yoast_head":"<!-- This site is optimized with the Yoast SEO plugin v24.0 - https:\/\/yoast.com\/wordpress\/plugins\/seo\/ -->\n<title>M\u0131s\u0131r Dil Okulu Vizesi - M\u0131s\u0131r Vize Ba\u015fvurusu - MyVize<\/title>\n<meta name=\"description\" content=\"M\u0131s\u0131r dil okulu vizesi gerekli olan evraklar\u0131 ve \u015fartlar\u0131 neler? M\u0131s\u0131r dil okulu vizesi i\u015flem s\u00fcreci ve ba\u015fvuruda dikkat edilmesi gerekenler.\" \/>\n<meta name=\"robots\" content=\"index, follow, max-snippet:-1, max-image-preview:large, max-video-preview:-1\" \/>\n<link rel=\"canonical\" href=\"https:\/\/www.myvize.com.tr\/misir\/vize-islemleri\/misir-dil-okulu-vizesi\/\" \/>\n<meta property=\"og:locale\" content=\"tr_TR\" \/>\n<meta property=\"og:type\" content=\"article\" \/>\n<meta property=\"og:title\" content=\"M\u0131s\u0131r Dil Okulu Vizesi - M\u0131s\u0131r Vize Ba\u015fvurusu - MyVize\" \/>\n<meta property=\"og:description\" content=\"M\u0131s\u0131r dil okulu vizesi gerekli olan evraklar\u0131 ve \u015fartlar\u0131 neler? M\u0131s\u0131r dil okulu vizesi i\u015flem s\u00fcreci ve ba\u015fvuruda dikkat edilmesi gerekenler.\" \/>\n<meta property=\"og:url\" content=\"https:\/\/www.myvize.com.tr\/misir\/vize-islemleri\/misir-dil-okulu-vizesi\/\" \/>\n<meta property=\"og:site_name\" content=\"M\u0131s\u0131r Vizesi\" \/>\n<meta property=\"article:modified_time\" content=\"2022-08-15T12:04:41+00:00\" \/>\n<meta property=\"og:image\" content=\"https:\/\/www.myvize.com.tr\/misir\/wp-content\/uploads\/2021\/10\/11.jpg\" \/>\n<meta name=\"twitter:card\" content=\"summary_large_image\" \/>\n<meta name=\"twitter:label1\" content=\"Tahmini okuma s\u00fcresi\" \/>\n\t<meta name=\"twitter:data1\" content=\"4 dakika\" \/>\n<script type=\"application\/ld+json\" class=\"yoast-schema-graph\">{\"@context\":\"https:\/\/schema.org\",\"@graph\":[{\"@type\":\"WebPage\",\"@id\":\"https:\/\/www.myvize.com.tr\/misir\/vize-islemleri\/misir-dil-okulu-vizesi\/\",\"url\":\"https:\/\/www.myvize.com.tr\/misir\/vize-islemleri\/misir-dil-okulu-vizesi\/\",\"name\":\"M\u0131s\u0131r Dil Okulu Vizesi - M\u0131s\u0131r Vize Ba\u015fvurusu - MyVize\",\"isPartOf\":{\"@id\":\"https:\/\/www.myvize.com.tr\/misir\/#website\"},\"primaryImageOfPage\":{\"@id\":\"https:\/\/www.myvize.com.tr\/misir\/vize-islemleri\/misir-dil-okulu-vizesi\/#primaryimage\"},\"image\":{\"@id\":\"https:\/\/www.myvize.com.tr\/misir\/vize-islemleri\/misir-dil-okulu-vizesi\/#primaryimage\"},\"thumbnailUrl\":\"https:\/\/www.myvize.com.tr\/misir\/wp-content\/uploads\/2021\/10\/11.jpg\",\"datePublished\":\"2020-11-30T09:46:51+00:00\",\"dateModified\":\"2022-08-15T12:04:41+00:00\",\"description\":\"M\u0131s\u0131r dil okulu vizesi gerekli olan evraklar\u0131 ve \u015fartlar\u0131 neler? M\u0131s\u0131r dil okulu vizesi i\u015flem s\u00fcreci ve ba\u015fvuruda dikkat edilmesi gerekenler.\",\"breadcrumb\":{\"@id\":\"https:\/\/www.myvize.com.tr\/misir\/vize-islemleri\/misir-dil-okulu-vizesi\/#breadcrumb\"},\"inLanguage\":\"tr\",\"potentialAction\":[{\"@type\":\"ReadAction\",\"target\":[\"https:\/\/www.myvize.com.tr\/misir\/vize-islemleri\/misir-dil-okulu-vizesi\/\"]}]},{\"@type\":\"ImageObject\",\"inLanguage\":\"tr\",\"@id\":\"https:\/\/www.myvize.com.tr\/misir\/vize-islemleri\/misir-dil-okulu-vizesi\/#primaryimage\",\"url\":\"https:\/\/www.myvize.com.tr\/misir\/wp-content\/uploads\/2021\/10\/11.jpg\",\"contentUrl\":\"https:\/\/www.myvize.com.tr\/misir\/wp-content\/uploads\/2021\/10\/11.jpg\",\"width\":800,\"height\":500,\"caption\":\"M\u0131s\u0131r Dil Okulu Vizesi\"},{\"@type\":\"BreadcrumbList\",\"@id\":\"https:\/\/www.myvize.com.tr\/misir\/vize-islemleri\/misir-dil-okulu-vizesi\/#breadcrumb\",\"itemListElement\":[{\"@type\":\"ListItem\",\"position\":1,\"name\":\"Anasayfa\",\"item\":\"https:\/\/www.myvize.com.tr\/misir\/\"},{\"@type\":\"ListItem\",\"position\":2,\"name\":\"V\u0130ZE \u0130\u015eLEMLER\u0130\",\"item\":\"https:\/\/www.myvize.com.tr\/misir\/vize-islemleri\/\"},{\"@type\":\"ListItem\",\"position\":3,\"name\":\"M\u0131s\u0131r Dil Okulu Vizesi\"}]},{\"@type\":\"WebSite\",\"@id\":\"https:\/\/www.myvize.com.tr\/misir\/#website\",\"url\":\"https:\/\/www.myvize.com.tr\/misir\/\",\"name\":\"M\u0131s\u0131r Vizesi\",\"description\":\"\",\"potentialAction\":[{\"@type\":\"SearchAction\",\"target\":{\"@type\":\"EntryPoint\",\"urlTemplate\":\"https:\/\/www.myvize.com.tr\/misir\/?s={search_term_string}\"},\"query-input\":{\"@type\":\"PropertyValueSpecification\",\"valueRequired\":true,\"valueName\":\"search_term_string\"}}],\"inLanguage\":\"tr\"}]}<\/script>\n<!-- \/ Yoast SEO plugin. -->","yoast_head_json":{"title":"M\u0131s\u0131r Dil Okulu Vizesi - M\u0131s\u0131r Vize Ba\u015fvurusu - MyVize","description":"M\u0131s\u0131r dil okulu vizesi gerekli olan evraklar\u0131 ve \u015fartlar\u0131 neler? M\u0131s\u0131r dil okulu vizesi i\u015flem s\u00fcreci ve ba\u015fvuruda dikkat edilmesi gerekenler.","robots":{"index":"index","follow":"follow","max-snippet":"max-snippet:-1","max-image-preview":"max-image-preview:large","max-video-preview":"max-video-preview:-1"},"canonical":"https:\/\/www.myvize.com.tr\/misir\/vize-islemleri\/misir-dil-okulu-vizesi\/","og_locale":"tr_TR","og_type":"article","og_title":"M\u0131s\u0131r Dil Okulu Vizesi - M\u0131s\u0131r Vize Ba\u015fvurusu - MyVize","og_description":"M\u0131s\u0131r dil okulu vizesi gerekli olan evraklar\u0131 ve \u015fartlar\u0131 neler? M\u0131s\u0131r dil okulu vizesi i\u015flem s\u00fcreci ve ba\u015fvuruda dikkat edilmesi gerekenler.","og_url":"https:\/\/www.myvize.com.tr\/misir\/vize-islemleri\/misir-dil-okulu-vizesi\/","og_site_name":"M\u0131s\u0131r Vizesi","article_modified_time":"2022-08-15T12:04:41+00:00","og_image":[{"url":"https:\/\/www.myvize.com.tr\/misir\/wp-content\/uploads\/2021\/10\/11.jpg","type":"","width":"","height":""}],"twitter_card":"summary_large_image","twitter_misc":{"Tahmini okuma s\u00fcresi":"4 dakika"},"schema":{"@context":"https:\/\/schema.org","@graph":[{"@type":"WebPage","@id":"https:\/\/www.myvize.com.tr\/misir\/vize-islemleri\/misir-dil-okulu-vizesi\/","url":"https:\/\/www.myvize.com.tr\/misir\/vize-islemleri\/misir-dil-okulu-vizesi\/","name":"M\u0131s\u0131r Dil Okulu Vizesi - M\u0131s\u0131r Vize Ba\u015fvurusu - MyVize","isPartOf":{"@id":"https:\/\/www.myvize.com.tr\/misir\/#website"},"primaryImageOfPage":{"@id":"https:\/\/www.myvize.com.tr\/misir\/vize-islemleri\/misir-dil-okulu-vizesi\/#primaryimage"},"image":{"@id":"https:\/\/www.myvize.com.tr\/misir\/vize-islemleri\/misir-dil-okulu-vizesi\/#primaryimage"},"thumbnailUrl":"https:\/\/www.myvize.com.tr\/misir\/wp-content\/uploads\/2021\/10\/11.jpg","datePublished":"2020-11-30T09:46:51+00:00","dateModified":"2022-08-15T12:04:41+00:00","description":"M\u0131s\u0131r dil okulu vizesi gerekli olan evraklar\u0131 ve \u015fartlar\u0131 neler? M\u0131s\u0131r dil okulu vizesi i\u015flem s\u00fcreci ve ba\u015fvuruda dikkat edilmesi gerekenler.","breadcrumb":{"@id":"https:\/\/www.myvize.com.tr\/misir\/vize-islemleri\/misir-dil-okulu-vizesi\/#breadcrumb"},"inLanguage":"tr","potentialAction":[{"@type":"ReadAction","target":["https:\/\/www.myvize.com.tr\/misir\/vize-islemleri\/misir-dil-okulu-vizesi\/"]}]},{"@type":"ImageObject","inLanguage":"tr","@id":"https:\/\/www.myvize.com.tr\/misir\/vize-islemleri\/misir-dil-okulu-vizesi\/#primaryimage","url":"https:\/\/www.myvize.com.tr\/misir\/wp-content\/uploads\/2021\/10\/11.jpg","contentUrl":"https:\/\/www.myvize.com.tr\/misir\/wp-content\/uploads\/2021\/10\/11.jpg","width":800,"height":500,"caption":"M\u0131s\u0131r Dil Okulu Vizesi"},{"@type":"BreadcrumbList","@id":"https:\/\/www.myvize.com.tr\/misir\/vize-islemleri\/misir-dil-okulu-vizesi\/#breadcrumb","itemListElement":[{"@type":"ListItem","position":1,"name":"Anasayfa","item":"https:\/\/www.myvize.com.tr\/misir\/"},{"@type":"ListItem","position":2,"name":"V\u0130ZE \u0130\u015eLEMLER\u0130","item":"https:\/\/www.myvize.com.tr\/misir\/vize-islemleri\/"},{"@type":"ListItem","position":3,"name":"M\u0131s\u0131r Dil Okulu Vizesi"}]},{"@type":"WebSite","@id":"https:\/\/www.myvize.com.tr\/misir\/#website","url":"https:\/\/www.myvize.com.tr\/misir\/","name":"M\u0131s\u0131r Vizesi","description":"","potentialAction":[{"@type":"SearchAction","target":{"@type":"EntryPoint","urlTemplate":"https:\/\/www.myvize.com.tr\/misir\/?s={search_term_string}"},"query-input":{"@type":"PropertyValueSpecification","valueRequired":true,"valueName":"search_term_string"}}],"inLanguage":"tr"}]}},"_links":{"self":[{"href":"https:\/\/www.myvize.com.tr\/misir\/wp-json\/wp\/v2\/pages\/41","targetHints":{"allow":["GET"]}}],"collection":[{"href":"https:\/\/www.myvize.com.tr\/misir\/wp-json\/wp\/v2\/pages"}],"about":[{"href":"https:\/\/www.myvize.com.tr\/misir\/wp-json\/wp\/v2\/types\/page"}],"author":[{"embeddable":true,"href":"https:\/\/www.myvize.com.tr\/misir\/wp-json\/wp\/v2\/users\/1"}],"replies":[{"embeddable":true,"href":"https:\/\/www.myvize.com.tr\/misir\/wp-json\/wp\/v2\/comments?post=41"}],"version-history":[{"count":8,"href":"https:\/\/www.myvize.com.tr\/misir\/wp-json\/wp\/v2\/pages\/41\/revisions"}],"predecessor-version":[{"id":778,"href":"https:\/\/www.myvize.com.tr\/misir\/wp-json\/wp\/v2\/pages\/41\/revisions\/778"}],"up":[{"embeddable":true,"href":"https:\/\/www.myvize.com.tr\/misir\/wp-json\/wp\/v2\/pages\/18"}],"wp:attachment":[{"href":"https:\/\/www.myvize.com.tr\/misir\/wp-json\/wp\/v2\/media?parent=41"}],"curies":[{"name":"wp","href":"https:\/\/api.w.org\/{rel}","templated":true}]}}