{"id":43,"date":"2020-11-30T12:47:27","date_gmt":"2020-11-30T09:47:27","guid":{"rendered":"https:\/\/www.myvize.com.tr\/misir\/?page_id=43"},"modified":"2022-04-22T15:49:36","modified_gmt":"2022-04-22T12:49:36","slug":"misir-calisma-izni","status":"publish","type":"page","link":"https:\/\/www.myvize.com.tr\/misir\/vize-islemleri\/misir-calisma-izni\/","title":{"rendered":"M\u0131s\u0131r \u00c7al\u0131\u015fma \u0130zni"},"content":{"rendered":"<p><span style=\"font-family: Roboto;\"><\/span><\/p>\r\n<p><span style=\"font-family: Roboto; font-size: 14px;\"><strong>M\u0131s\u0131r \u00e7al\u0131\u015fma vizesi<\/strong> i\u00e7in M\u0131s\u0131r d\u0131\u015f temsilciliklerine ba\u015fvuruda bulunulmas\u0131 gerekmektedir. Gerekli evraklar\u0131n haz\u0131rlanabilmesi i\u00e7in ki\u015filer M\u0131s\u0131r d\u0131\u015f temsilcilikleri\u00a0taraf\u0131ndan yetki verilmi\u015f ba\u015fvuru merkezleri arac\u0131l\u0131\u011f\u0131yla veya yetkili seyahat acenteleri ile g\u00f6r\u00fc\u015febilirler.\u00a0<\/span><\/p>\r\n<h2><span style=\"font-family: Roboto; font-size: 27px;\"><b>M\u0131s\u0131r \u00c7al\u0131\u015fma \u0130zni Hakk\u0131nda<\/b><\/span><\/h2>\r\n<p><span style=\"font-family: Roboto; font-size: 14px;\">T\u00fcrkiye\u2019den M\u0131s\u0131r \u00fclkesine \u00e7al\u0131\u015fma amac\u0131 ile gidecek olan vatanda\u015flar\u0131n her birinin <strong>M\u0131s\u0131r \u00e7al\u0131\u015fma izni<\/strong> almas\u0131 zorunlu bir kural haline getirilmi\u015ftir. Bu kurala uymayan ki\u015filer M\u0131s\u0131r s\u0131n\u0131r\u0131ndan i\u00e7eriye giremez. M\u0131s\u0131r her zaman T\u00fcrkiye Cumhuriyeti bireylerini vize prosed\u00fcr\u00fcne tabii tutar. <span style=\"color: #2acec2;\"><strong><a style=\"color: #2acec2;\" href=\"https:\/\/www.myvize.com.tr\/misir\/vize-islemleri\/misir-vizesi\/\" target=\"_blank\" rel=\"noopener\">M\u0131s\u0131r vizesi<\/a><\/strong><\/span> bireye s\u0131n\u0131rl\u0131 bir zaman i\u00e7in M\u0131s\u0131r\u2019da konaklama imkan\u0131 tan\u0131r. E\u011fer \u00e7al\u0131\u015fma izni almak istiyorsan\u0131z bir, \u00fc\u00e7 ya da be\u015f senelik ikamet vizesine ba\u015fvuruda bulunabilirsiniz. <strong>M\u0131s\u0131r\u2019a \u00e7al\u0131\u015fma izinleri<\/strong> \u00e7o\u011funlukla 1 sene formunda verilmektedir. Bir senenin sonunda ise izniniz M\u0131s\u0131r\u2019da kalabilmeniz gerektiren durumlar\u0131 destekliyorsa izninizi uzatabilirsiniz. M\u0131s\u0131r \u00fclkesine giri\u015f yap\u0131nca bir sene ge\u00e7erlili\u011fi bulunmakta olan bir pasaport ile yabanc\u0131lar i\u00e7in i\u015fleri y\u00fcr\u00fcten bir acente ofisinde ger\u00e7ekle\u015ftirilecek bir senelik ikamet vizesi ba\u015fvurusu yapman\u0131z da gerekmektedir. <strong>Yabanc\u0131lar ofisi ba\u015fvuru<\/strong> yapacak olan ki\u015fiye gerekli evraklar\u0131 bildirecektir. Bir\u00e7ok \u00fclkede \u00e7al\u0131\u015fma vizesi ile alakal\u0131 \u00e7e\u015fitli kategoriler yer almaktad\u0131r. Ama M\u0131s\u0131r \u00fclkesinde \u00e7al\u0131\u015fmak isteyenler i\u00e7in 1 tane vize kategorisi vard\u0131r diyebiliriz. Seminer, konferans ve i\u015f toplant\u0131lar\u0131 gibi k\u0131sa zamanl\u0131 i\u015fler i\u00e7in doksan g\u00fcn\u00fc ge\u00e7meyen vizeler yeterli olacakt\u0131r.<\/span><\/p>\r\n<h2><span style=\"font-family: Roboto; font-size: 27px;\">M\u0131s\u0131r \u00c7al\u0131\u015fma \u0130zni Alma<\/span><\/h2>\r\n<p><span style=\"font-family: Roboto; font-size: 14px;\">M\u0131s\u0131r\u2019da i\u015f bulmu\u015f ve M\u0131s\u0131r\u2019da \u00e7al\u0131\u015fmak isteyen T\u00fcrk vatanda\u015flar\u0131 <strong>M\u0131s\u0131r \u00e7al\u0131\u015fma izni<\/strong> almal\u0131d\u0131r. <strong>M\u0131s\u0131r \u00e7al\u0131\u015fma izni<\/strong> i\u00e7in ilk \u015fart M\u0131s\u0131r\u2019da bir i\u015f bulmu\u015f olman\u0131zd\u0131r. Ard\u0131ndan ise M\u0131s\u0131r\u2019da bulunan \u015firket taraf\u0131ndan verilmi\u015f bir davetiye mektubunuz olmal\u0131d\u0131r. Bu mektup<strong> M\u0131s\u0131r valilikleri<\/strong> taraf\u0131ndan onaylanm\u0131\u015f olmal\u0131d\u0131r. Ba\u015fvuruda bulunacak olan ki\u015filer ayr\u0131ca i\u015fveren ile yap\u0131lm\u0131\u015f olan i\u015f s\u00f6zle\u015fmesini gerekli olan belgeler aras\u0131na eklenmelidir.<\/span><\/p>\r\n<p><span style=\"font-family: Roboto; font-size: 14px;\"><strong>M\u0131s\u0131r \u00e7al\u0131\u015fma izni<\/strong> ba\u015fvurular\u0131n\u0131 inceleme ve de\u011ferlendirme yetkisi,<span style=\"color: #2acec2;\"><strong><a style=\"color: #2acec2;\" href=\"https:\/\/www.myvize.com.tr\/misir\/konsolosluklar\/ankara-buyukelciligi\/\" target=\"_blank\" rel=\"noopener\"> M\u0131s\u0131r Ankara B\u00fcy\u00fckel\u00e7ili\u011fi <\/a><\/strong><\/span>ve M\u0131s\u0131r \u0130stanbul Ba\u015fkonsoloslu\u011fu\u2019na aittir. Ba\u015fvurular ise yine bu temsilciliklere yap\u0131lmal\u0131d\u0131r. M\u0131s\u0131r\u2019da bulunan T\u00fcrk vatanda\u015flar\u0131 ba\u015fvurular\u0131n\u0131 M\u0131s\u0131r valiliklerine yapabilirler.<\/span><\/p>\r\n<p><span style=\"font-family: Roboto; font-size: 14px;\"><strong>M\u0131s\u0131r \u00e7al\u0131\u015fma izni<\/strong> ilk ba\u015fta k\u0131sa s\u00fcreli olarak verilmektedir. M\u0131s\u0131r\u2019a giri\u015f yap\u0131ld\u0131ktan sonra ba\u015fvuru sahibi, M\u0131s\u0131r Yabanc\u0131lar Ofisi\u2019ne giderek uzun s\u00fcreli \u00e7al\u0131\u015fma izni ba\u015fvurusunda bulunmal\u0131d\u0131r. Bunun i\u00e7in M\u0131s\u0131r Yabanc\u0131lar Ofisi ile ileti\u015fime ge\u00e7ilip gerekli olan belgeler ve prosed\u00fcrler \u00f6\u011frenilmelidir. Ard\u0131ndan gerekli belgeler ile M\u0131s\u0131r Yabanc\u0131lar Ofisi\u2019ne \u015fahsen ba\u015fvuruda bulunulur. Ba\u015fvurular ortalama 10 ile 20 i\u015f g\u00fcn\u00fc i\u00e7erisinde sonu\u00e7lanmaktad\u0131r. Ba\u015fvurular i\u00e7in istenen belgeler eksiksiz ve g\u00fcncel olmal\u0131d\u0131r.<\/span><\/p>\r\n<p><span style=\"font-family: Roboto; font-size: 14px;\">\r\n\r\n<\/span><\/p>\r\n<h2 class=\"wp-block-heading\"><span style=\"font-family: Roboto; font-size: 27px;\"><strong>M\u0131s\u0131r \u00c7al\u0131\u015fma \u0130zni Alma \u015eartlar\u0131 Nedir?\u00a0<\/strong><\/span><\/h2>\r\n<p><span style=\"font-family: Roboto; font-size: 14px;\">\r\n\r\n<\/span><\/p>\r\n<ul class=\"wp-block-list\">\r\n<li><span style=\"font-family: Roboto; font-size: 14px;\"><span style=\"color: #2acec2;\"><strong><a style=\"color: #2acec2;\" href=\"https:\/\/www.myvize.com.tr\/misir\/form-dilekce\/misir-vize-basvuru-formu\/\" target=\"_blank\" rel=\"noopener\">M\u0131s\u0131r Vize Ba\u015fvuru Formu<\/a><\/strong><\/span>: <strong>M\u0131s\u0131r vizesi<\/strong> i\u00e7in gereken ba\u015fvuru formunun do\u011fru \u015fekilde doldurulmamas\u0131 ve \u0131slak imzal\u0131 olarak teslim edilmesi gerekir.\u00a0<\/span><\/li>\r\n<li><span style=\"font-family: Roboto; font-size: 14px;\">Pasaport: Ba\u015fvuru sahibinin minimum 10 y\u0131l ge\u00e7erlili\u011fe sahip, d\u00f6n\u00fc\u015f tarihinden itibaren 6 ay ge\u00e7erlili\u011fe sahip ve kar\u015f\u0131l\u0131kl\u0131 2 sayfas\u0131 bo\u015f pasaporta sahip olmas\u0131 gerekir.\u00a0<\/span><\/li>\r\n<li><span style=\"font-family: Roboto; font-size: 14px;\">Pasaport Fotokopisi: Ki\u015fisel bilgilerin oldu\u011fu sayfalar\u0131n A4 boyutunda kopyas\u0131 ve var ise ba\u015fvuru sahibinin son 3 y\u0131lda yap\u0131lm\u0131\u015f vize i\u015flemlerinin fotokopileri ibraz edilmelidir.\u00a0<\/span><\/li>\r\n<li><span style=\"font-family: Roboto; font-size: 14px;\">Kimlik Fotokopisi\u00a0\u00a0<\/span><\/li>\r\n<li><span style=\"font-family: Roboto; font-size: 14px;\">Foto\u011fraf: Son 6 ay i\u00e7erisinde beyaz fonda \u00e7ekilmi\u015f 2 adet foto\u011fraf ibraz edilmelidir.\u00a0<\/span><\/li>\r\n<li><span style=\"font-family: Roboto; font-size: 14px;\">Seyahat Bilgileri: Ba\u015fvuru sahibinin u\u00e7ak bileti rezervasyonlar\u0131n\u0131 ve konaklama bilgilerini g\u00f6steren belgeler ibraz edilmesi gerekir.\u00a0<\/span><\/li>\r\n<li><span style=\"font-family: Roboto; font-size: 14px;\">Seyahat Sa\u011fl\u0131k Sigortas\u0131: En az 1 y\u0131l ge\u00e7erlili\u011fe sahip uluslararas\u0131 ge\u00e7erlili\u011fe sahip seyahat sa\u011fl\u0131k sigortas\u0131 teslim edilmelidir.\u00a0<\/span><\/li>\r\n<li><span style=\"font-family: Roboto; font-size: 14px;\">AIDS \/ HIV Testi\u00a0<\/span><\/li>\r\n<li><span style=\"font-family: Roboto; font-size: 14px;\">Vukuatl\u0131 N\u00fcfus Kay\u0131t \u00d6rne\u011fi\u00a0<\/span><\/li>\r\n<li><span style=\"font-family: Roboto; font-size: 14px;\">Ba\u015fvuru sahibinin <strong>M\u0131s\u0131r devletine<\/strong> tehdit olu\u015fturmad\u0131\u011f\u0131na dair\u00a0resm\u00ee\u00a0belge.\u00a0<\/span><\/li>\r\n<li><span style=\"font-family: Roboto; font-size: 14px;\">\u015eirket Evraklar\u0131: G\u00fcncel tarihli a\u015fa\u011f\u0131daki evraklar ibraz edilmelidir.\u00a0<\/span><\/li>\r\n<\/ul>\r\n<p><span style=\"font-family: Roboto; font-size: 14px;\">\r\n\r\n<\/span><\/p>\r\n<p><span style=\"font-family: Roboto; font-size: 14px;\">\u00a0 \u00a0 \u00a0 \u00a0 \u00a0 \u00a0 \u00a0 \u00a0 \u00a0\u0130\u015f S\u00f6zle\u015fmesinin Orijinali\u00a0<\/span><\/p>\r\n<p><span style=\"font-family: Roboto; font-size: 14px;\">\r\n\r\n<\/span><\/p>\r\n<p><span style=\"font-family: Roboto; font-size: 14px;\">\u00a0 \u00a0 \u00a0 \u00a0 \u00a0 \u00a0 \u00a0 \u00a0 \u00a0Ticaret Sicil Kayd\u0131\u00a0<\/span><\/p>\r\n<p><span style=\"font-family: Roboto; font-size: 14px;\">\r\n\r\n<\/span><\/p>\r\n<p><span style=\"font-family: Roboto; font-size: 14px;\">\u00a0 \u00a0 \u00a0 \u00a0 \u00a0 \u00a0 \u00a0 \u00a0 \u00a0Vergi Levhas\u0131\u00a0<\/span><\/p>\r\n<p><span style=\"font-family: Roboto; font-size: 14px;\">\r\n\r\n<\/span><\/p>\r\n<p><span style=\"font-family: Roboto; font-size: 14px;\">\u00a0 \u00a0 \u00a0 \u00a0 \u00a0 \u00a0 \u00a0 \u00a0 \u00a0Ticaret Sicil Gazetesi\u00a0<\/span><\/p>\r\n<p><span style=\"font-family: Roboto; font-size: 14px;\">\r\n\r\n<\/span><\/p>\r\n<ul class=\"wp-block-list\">\r\n<li><span style=\"font-family: Roboto; font-size: 14px;\">\u00a0\u00c7al\u0131\u015fan\u0131n \u0130\u015f Yerinden Temin\u00a0Etmesi Gereken\u00a0Evraklar:\u00a0Ba\u015fvuru sahibinin a\u015fa\u011f\u0131daki \u015fekilde haz\u0131rlamas\u0131 gerekmektedir.\u00a0<\/span><\/li>\r\n<\/ul>\r\n<p><span style=\"font-family: Roboto; font-size: 14px;\">\r\n\r\n<\/span><\/p>\r\n<p><span style=\"font-family: Roboto; font-size: 14px;\">\u00a0 \u00a0 \u00a0 \u00a0 \u00a0 \u00a0 \u00a0 \u00a0 \u00a0 Ba\u015fvuru sahibinin pozisyonu\u00a0<\/span><\/p>\r\n<p><span style=\"font-family: Roboto; font-size: 14px;\">\r\n\r\n<\/span><\/p>\r\n<p><span style=\"font-family: Roboto; font-size: 14px;\">\u00a0 \u00a0 \u00a0 \u00a0 \u00a0 \u00a0 \u00a0 \u00a0 \u00a0 Ba\u015fvuru sahibinin i\u015fe ba\u015flang\u0131\u00e7 tarihini\u00a0<\/span><\/p>\r\n<p><span style=\"font-family: Roboto; font-size: 14px;\">\r\n\r\n<\/span><\/p>\r\n<p><span style=\"font-family: Roboto; font-size: 14px;\">\u00a0 \u00a0 \u00a0 \u00a0 \u00a0 \u00a0 \u00a0 \u00a0 \u00a0 Ba\u015fvuru sahibinin ileti\u015fim bilgileri\u00a0<\/span><\/p>\r\n<p><span style=\"font-family: Roboto; font-size: 14px;\">\r\n\r\n<\/span><\/p>\r\n<p><span style=\"font-family: Roboto; font-size: 14px;\">\u00a0 \u00a0 \u00a0 \u00a0 \u00a0 \u00a0 \u00a0 \u00a0 \u00a0 Son 6 ayl\u0131k maa\u015f bordrolar\u0131\u00a0<\/span><\/p>\r\n<p><span style=\"font-family: Roboto; font-size: 14px;\">\r\n\r\n<\/span><\/p>\r\n<ul class=\"wp-block-list\">\r\n<li style=\"list-style-type: none;\">\r\n<ul>\r\n<li><span style=\"font-family: Roboto; font-size: 14px;\">\u00a0Mutakabat\u00a0Mektubu: Firma <strong>M\u0131s\u0131r vatanda\u015f\u0131<\/strong> yerine neden ba\u015fvuru sahibini tercih etti\u011fini a\u00e7\u0131klamal\u0131d\u0131r.\u00a0<\/span><\/li>\r\n<li><span style=\"font-family: Roboto; font-size: 14px;\">M\u0131s\u0131r Firmas\u0131yla Yap\u0131lan \u0130\u015f S\u00f6zle\u015fmesi: Firma taraf\u0131ndan ka\u015feli ve imzal\u0131 olarak 2 n\u00fcsha \u015feklinde ibraz edilmelidir.\u00a0<\/span><\/li>\r\n<li><span style=\"font-family: Roboto; font-size: 14px;\">Cv\u00a0ve \u00dcniversite Diplomas\u0131:\u00a0Ba\u015fvuru\u00a0sahibinin diplomas\u0131n\u0131n\u00a0\u0130ngilizce\u00a0\u00e7evirisini notere onaylatmas\u0131 ve \u0130ngilizce haz\u0131rlanm\u0131\u015f\u00a0CV\u2019lerini\u00a0ibraz etmeleri gerekmektedir.\u00a0\u00a0<\/span><\/li>\r\n<\/ul>\r\n<\/li>\r\n<\/ul>\r\n<p><img decoding=\"async\" src=\"https:\/\/www.myvize.com.tr\/misir\/wp-content\/uploads\/2021\/10\/12.jpg\" \/><\/p>\r\n<p><span style=\"font-family: Roboto;\"><\/span><\/p>","protected":false},"excerpt":{"rendered":"<p>M\u0131s\u0131r \u00e7al\u0131\u015fma vizesi i\u00e7in M\u0131s\u0131r d\u0131\u015f temsilciliklerine ba\u015fvuruda bulunulmas\u0131 gerekmektedir. Gerekli evraklar\u0131n haz\u0131rlanabilmesi i\u00e7in ki\u015filer M\u0131s\u0131r d\u0131\u015f temsilcilikleri\u00a0taraf\u0131ndan yetki verilmi\u015f ba\u015fvuru merkezleri arac\u0131l\u0131\u011f\u0131yla veya yetkili seyahat acenteleri ile g\u00f6r\u00fc\u015febilirler.\u00a0 M\u0131s\u0131r \u00c7al\u0131\u015fma \u0130zni Hakk\u0131nda T\u00fcrkiye\u2019den M\u0131s\u0131r \u00fclkesine \u00e7al\u0131\u015fma amac\u0131 ile gidecek olan vatanda\u015flar\u0131n her birinin M\u0131s\u0131r \u00e7al\u0131\u015fma izni almas\u0131 zorunlu bir kural haline getirilmi\u015ftir. Bu kurala<\/p>\n","protected":false},"author":1,"featured_media":0,"parent":18,"menu_order":0,"comment_status":"open","ping_status":"closed","template":"","meta":{"footnotes":""},"class_list":["post-43","page","type-page","status-publish","hentry"],"yoast_head":"<!-- This site is optimized with the Yoast SEO plugin v24.0 - https:\/\/yoast.com\/wordpress\/plugins\/seo\/ -->\n<title>M\u0131s\u0131r \u00c7al\u0131\u015fma \u0130zni - M\u0131s\u0131r \u00c7al\u0131\u015fma Vizesi \u0130\u015flemi - MyVize<\/title>\n<meta name=\"description\" content=\"M\u0131s\u0131r \u00e7al\u0131\u015fma izni vizesi i\u00e7in gerekli g\u00fcncel evrak listesi. M\u0131s\u0131r \u00e7al\u0131\u015fma izni vizesi ba\u015fvurusunda dikkat edilmesi gereken \u015fartlar.\" \/>\n<meta name=\"robots\" content=\"index, follow, max-snippet:-1, max-image-preview:large, max-video-preview:-1\" \/>\n<link rel=\"canonical\" href=\"https:\/\/www.myvize.com.tr\/misir\/vize-islemleri\/misir-calisma-izni\/\" \/>\n<meta property=\"og:locale\" content=\"tr_TR\" \/>\n<meta property=\"og:type\" content=\"article\" \/>\n<meta property=\"og:title\" content=\"M\u0131s\u0131r \u00c7al\u0131\u015fma \u0130zni - M\u0131s\u0131r \u00c7al\u0131\u015fma Vizesi \u0130\u015flemi - MyVize\" \/>\n<meta property=\"og:description\" content=\"M\u0131s\u0131r \u00e7al\u0131\u015fma izni vizesi i\u00e7in gerekli g\u00fcncel evrak listesi. M\u0131s\u0131r \u00e7al\u0131\u015fma izni vizesi ba\u015fvurusunda dikkat edilmesi gereken \u015fartlar.\" \/>\n<meta property=\"og:url\" content=\"https:\/\/www.myvize.com.tr\/misir\/vize-islemleri\/misir-calisma-izni\/\" \/>\n<meta property=\"og:site_name\" content=\"M\u0131s\u0131r Vizesi\" \/>\n<meta property=\"article:modified_time\" content=\"2022-04-22T12:49:36+00:00\" \/>\n<meta property=\"og:image\" content=\"https:\/\/www.myvize.com.tr\/misir\/wp-content\/uploads\/2021\/10\/12.jpg\" \/>\n<meta name=\"twitter:card\" content=\"summary_large_image\" \/>\n<meta name=\"twitter:label1\" content=\"Tahmini okuma s\u00fcresi\" \/>\n\t<meta name=\"twitter:data1\" content=\"3 dakika\" \/>\n<script type=\"application\/ld+json\" class=\"yoast-schema-graph\">{\"@context\":\"https:\/\/schema.org\",\"@graph\":[{\"@type\":\"WebPage\",\"@id\":\"https:\/\/www.myvize.com.tr\/misir\/vize-islemleri\/misir-calisma-izni\/\",\"url\":\"https:\/\/www.myvize.com.tr\/misir\/vize-islemleri\/misir-calisma-izni\/\",\"name\":\"M\u0131s\u0131r \u00c7al\u0131\u015fma \u0130zni - M\u0131s\u0131r \u00c7al\u0131\u015fma Vizesi \u0130\u015flemi - MyVize\",\"isPartOf\":{\"@id\":\"https:\/\/www.myvize.com.tr\/misir\/#website\"},\"primaryImageOfPage\":{\"@id\":\"https:\/\/www.myvize.com.tr\/misir\/vize-islemleri\/misir-calisma-izni\/#primaryimage\"},\"image\":{\"@id\":\"https:\/\/www.myvize.com.tr\/misir\/vize-islemleri\/misir-calisma-izni\/#primaryimage\"},\"thumbnailUrl\":\"https:\/\/www.myvize.com.tr\/misir\/wp-content\/uploads\/2021\/10\/12.jpg\",\"datePublished\":\"2020-11-30T09:47:27+00:00\",\"dateModified\":\"2022-04-22T12:49:36+00:00\",\"description\":\"M\u0131s\u0131r \u00e7al\u0131\u015fma izni vizesi i\u00e7in gerekli g\u00fcncel evrak listesi. M\u0131s\u0131r \u00e7al\u0131\u015fma izni vizesi ba\u015fvurusunda dikkat edilmesi gereken \u015fartlar.\",\"breadcrumb\":{\"@id\":\"https:\/\/www.myvize.com.tr\/misir\/vize-islemleri\/misir-calisma-izni\/#breadcrumb\"},\"inLanguage\":\"tr\",\"potentialAction\":[{\"@type\":\"ReadAction\",\"target\":[\"https:\/\/www.myvize.com.tr\/misir\/vize-islemleri\/misir-calisma-izni\/\"]}]},{\"@type\":\"ImageObject\",\"inLanguage\":\"tr\",\"@id\":\"https:\/\/www.myvize.com.tr\/misir\/vize-islemleri\/misir-calisma-izni\/#primaryimage\",\"url\":\"https:\/\/www.myvize.com.tr\/misir\/wp-content\/uploads\/2021\/10\/12.jpg\",\"contentUrl\":\"https:\/\/www.myvize.com.tr\/misir\/wp-content\/uploads\/2021\/10\/12.jpg\",\"width\":800,\"height\":500,\"caption\":\"M\u0131s\u0131r \u00c7al\u0131\u015fma \u0130zni\"},{\"@type\":\"BreadcrumbList\",\"@id\":\"https:\/\/www.myvize.com.tr\/misir\/vize-islemleri\/misir-calisma-izni\/#breadcrumb\",\"itemListElement\":[{\"@type\":\"ListItem\",\"position\":1,\"name\":\"Anasayfa\",\"item\":\"https:\/\/www.myvize.com.tr\/misir\/\"},{\"@type\":\"ListItem\",\"position\":2,\"name\":\"V\u0130ZE \u0130\u015eLEMLER\u0130\",\"item\":\"https:\/\/www.myvize.com.tr\/misir\/vize-islemleri\/\"},{\"@type\":\"ListItem\",\"position\":3,\"name\":\"M\u0131s\u0131r \u00c7al\u0131\u015fma \u0130zni\"}]},{\"@type\":\"WebSite\",\"@id\":\"https:\/\/www.myvize.com.tr\/misir\/#website\",\"url\":\"https:\/\/www.myvize.com.tr\/misir\/\",\"name\":\"M\u0131s\u0131r Vizesi\",\"description\":\"\",\"potentialAction\":[{\"@type\":\"SearchAction\",\"target\":{\"@type\":\"EntryPoint\",\"urlTemplate\":\"https:\/\/www.myvize.com.tr\/misir\/?s={search_term_string}\"},\"query-input\":{\"@type\":\"PropertyValueSpecification\",\"valueRequired\":true,\"valueName\":\"search_term_string\"}}],\"inLanguage\":\"tr\"}]}<\/script>\n<!-- \/ Yoast SEO plugin. -->","yoast_head_json":{"title":"M\u0131s\u0131r \u00c7al\u0131\u015fma \u0130zni - M\u0131s\u0131r \u00c7al\u0131\u015fma Vizesi \u0130\u015flemi - MyVize","description":"M\u0131s\u0131r \u00e7al\u0131\u015fma izni vizesi i\u00e7in gerekli g\u00fcncel evrak listesi. M\u0131s\u0131r \u00e7al\u0131\u015fma izni vizesi ba\u015fvurusunda dikkat edilmesi gereken \u015fartlar.","robots":{"index":"index","follow":"follow","max-snippet":"max-snippet:-1","max-image-preview":"max-image-preview:large","max-video-preview":"max-video-preview:-1"},"canonical":"https:\/\/www.myvize.com.tr\/misir\/vize-islemleri\/misir-calisma-izni\/","og_locale":"tr_TR","og_type":"article","og_title":"M\u0131s\u0131r \u00c7al\u0131\u015fma \u0130zni - M\u0131s\u0131r \u00c7al\u0131\u015fma Vizesi \u0130\u015flemi - MyVize","og_description":"M\u0131s\u0131r \u00e7al\u0131\u015fma izni vizesi i\u00e7in gerekli g\u00fcncel evrak listesi. M\u0131s\u0131r \u00e7al\u0131\u015fma izni vizesi ba\u015fvurusunda dikkat edilmesi gereken \u015fartlar.","og_url":"https:\/\/www.myvize.com.tr\/misir\/vize-islemleri\/misir-calisma-izni\/","og_site_name":"M\u0131s\u0131r Vizesi","article_modified_time":"2022-04-22T12:49:36+00:00","og_image":[{"url":"https:\/\/www.myvize.com.tr\/misir\/wp-content\/uploads\/2021\/10\/12.jpg","type":"","width":"","height":""}],"twitter_card":"summary_large_image","twitter_misc":{"Tahmini okuma s\u00fcresi":"3 dakika"},"schema":{"@context":"https:\/\/schema.org","@graph":[{"@type":"WebPage","@id":"https:\/\/www.myvize.com.tr\/misir\/vize-islemleri\/misir-calisma-izni\/","url":"https:\/\/www.myvize.com.tr\/misir\/vize-islemleri\/misir-calisma-izni\/","name":"M\u0131s\u0131r \u00c7al\u0131\u015fma \u0130zni - M\u0131s\u0131r \u00c7al\u0131\u015fma Vizesi \u0130\u015flemi - MyVize","isPartOf":{"@id":"https:\/\/www.myvize.com.tr\/misir\/#website"},"primaryImageOfPage":{"@id":"https:\/\/www.myvize.com.tr\/misir\/vize-islemleri\/misir-calisma-izni\/#primaryimage"},"image":{"@id":"https:\/\/www.myvize.com.tr\/misir\/vize-islemleri\/misir-calisma-izni\/#primaryimage"},"thumbnailUrl":"https:\/\/www.myvize.com.tr\/misir\/wp-content\/uploads\/2021\/10\/12.jpg","datePublished":"2020-11-30T09:47:27+00:00","dateModified":"2022-04-22T12:49:36+00:00","description":"M\u0131s\u0131r \u00e7al\u0131\u015fma izni vizesi i\u00e7in gerekli g\u00fcncel evrak listesi. M\u0131s\u0131r \u00e7al\u0131\u015fma izni vizesi ba\u015fvurusunda dikkat edilmesi gereken \u015fartlar.","breadcrumb":{"@id":"https:\/\/www.myvize.com.tr\/misir\/vize-islemleri\/misir-calisma-izni\/#breadcrumb"},"inLanguage":"tr","potentialAction":[{"@type":"ReadAction","target":["https:\/\/www.myvize.com.tr\/misir\/vize-islemleri\/misir-calisma-izni\/"]}]},{"@type":"ImageObject","inLanguage":"tr","@id":"https:\/\/www.myvize.com.tr\/misir\/vize-islemleri\/misir-calisma-izni\/#primaryimage","url":"https:\/\/www.myvize.com.tr\/misir\/wp-content\/uploads\/2021\/10\/12.jpg","contentUrl":"https:\/\/www.myvize.com.tr\/misir\/wp-content\/uploads\/2021\/10\/12.jpg","width":800,"height":500,"caption":"M\u0131s\u0131r \u00c7al\u0131\u015fma \u0130zni"},{"@type":"BreadcrumbList","@id":"https:\/\/www.myvize.com.tr\/misir\/vize-islemleri\/misir-calisma-izni\/#breadcrumb","itemListElement":[{"@type":"ListItem","position":1,"name":"Anasayfa","item":"https:\/\/www.myvize.com.tr\/misir\/"},{"@type":"ListItem","position":2,"name":"V\u0130ZE \u0130\u015eLEMLER\u0130","item":"https:\/\/www.myvize.com.tr\/misir\/vize-islemleri\/"},{"@type":"ListItem","position":3,"name":"M\u0131s\u0131r \u00c7al\u0131\u015fma \u0130zni"}]},{"@type":"WebSite","@id":"https:\/\/www.myvize.com.tr\/misir\/#website","url":"https:\/\/www.myvize.com.tr\/misir\/","name":"M\u0131s\u0131r Vizesi","description":"","potentialAction":[{"@type":"SearchAction","target":{"@type":"EntryPoint","urlTemplate":"https:\/\/www.myvize.com.tr\/misir\/?s={search_term_string}"},"query-input":{"@type":"PropertyValueSpecification","valueRequired":true,"valueName":"search_term_string"}}],"inLanguage":"tr"}]}},"_links":{"self":[{"href":"https:\/\/www.myvize.com.tr\/misir\/wp-json\/wp\/v2\/pages\/43","targetHints":{"allow":["GET"]}}],"collection":[{"href":"https:\/\/www.myvize.com.tr\/misir\/wp-json\/wp\/v2\/pages"}],"about":[{"href":"https:\/\/www.myvize.com.tr\/misir\/wp-json\/wp\/v2\/types\/page"}],"author":[{"embeddable":true,"href":"https:\/\/www.myvize.com.tr\/misir\/wp-json\/wp\/v2\/users\/1"}],"replies":[{"embeddable":true,"href":"https:\/\/www.myvize.com.tr\/misir\/wp-json\/wp\/v2\/comments?post=43"}],"version-history":[{"count":10,"href":"https:\/\/www.myvize.com.tr\/misir\/wp-json\/wp\/v2\/pages\/43\/revisions"}],"predecessor-version":[{"id":722,"href":"https:\/\/www.myvize.com.tr\/misir\/wp-json\/wp\/v2\/pages\/43\/revisions\/722"}],"up":[{"embeddable":true,"href":"https:\/\/www.myvize.com.tr\/misir\/wp-json\/wp\/v2\/pages\/18"}],"wp:attachment":[{"href":"https:\/\/www.myvize.com.tr\/misir\/wp-json\/wp\/v2\/media?parent=43"}],"curies":[{"name":"wp","href":"https:\/\/api.w.org\/{rel}","templated":true}]}}